{"id":12650,"date":"2025-12-05T15:20:17","date_gmt":"2025-12-05T15:20:17","guid":{"rendered":"https:\/\/mekulo.com\/no\/?page_id=12650"},"modified":"2026-04-01T10:17:46","modified_gmt":"2026-04-01T07:17:46","slug":"vilkar-og-betingelser","status":"publish","type":"page","link":"https:\/\/mekulo.com\/no\/vilkar-og-betingelser\/","title":{"rendered":"Vilk\u00e5r og betingelser"},"content":{"rendered":"\n<h2 class=\"wp-block-heading\"><\/h2>\n\n\n\n<p><strong>AVSNITT 1 \u2013 VILK\u00c5R OG BETINGELSER FOR NETTBUTIKKEN<\/strong><\/p>\n\n\n\n<p>Ved \u00e5 godta disse VILK\u00c5RENE OG BETINGELSENE forplikter du deg til ikke \u00e5 bruke v\u00e5re produkter til ulovlige eller uautoriserte form\u00e5l, og du m\u00e5 heller ikke, ved bruk av tjenesten, bryte noen lover i din jurisdiksjon (inkludert, men ikke begrenset til, lover om opphavsrett).<\/p>\n\n\n\n<p>Du m\u00e5 ikke overf\u00f8re ormer, virus eller annen skadelig kode.<\/p>\n\n\n\n<p>Et brudd p\u00e5 noen av vilk\u00e5rene vil f\u00f8re til umiddelbar oppsigelse av tjenestene dine.<\/p>\n\n\n\n<p><strong>AVSNITT 2 \u2013 GENERELLE VILK\u00c5R<\/strong><\/p>\n\n\n\n<p>Vi forbeholder oss retten til \u00e5 nekte tjenester til hvem som helst, av hvilken som helst grunn, n\u00e5r som helst.<\/p>\n\n\n\n<p>Du forst\u00e5r at innholdet ditt (unntatt kredittkortinformasjon) kan overf\u00f8res ukryptert, og at dette inneb\u00e6rer (a) overf\u00f8ring over ulike nettverk; og (b) endringer for \u00e5 tilpasse seg de tekniske kravene til tilkoblede nettverk eller enheter. Kredittkortinformasjon krypteres alltid under overf\u00f8ring over nettverk.<\/p>\n\n\n\n<p>Du samtykker i \u00e5 ikke reprodusere, duplisere, kopiere, selge, videreselge eller utnytte noen del av tjenesten, bruken av tjenesten eller tilgangen til tjenesten, eller noe innhold p\u00e5 nettstedet\/applikasjonen gjennom hvilket tjenesten leveres, uten v\u00e5r uttrykkelige skriftlige tillatelse.<\/p>\n\n\n\n<p>Overskriftene i denne avtalen er kun ment for oversiktlighetens skyld og begrenser eller p\u00e5virker ikke disse vilk\u00e5rene.<\/p>\n\n\n\n<p><strong>AVSNITT 3 \u2013 INFORMASJONENS N\u00d8YAKTIGHET, FULLSTENDIGHET OG AKTUALITET<\/strong><\/p>\n\n\n\n<p>Innholdet p\u00e5 dette nettstedet er utelukkende ment som generell informasjon og b\u00f8r ikke brukes som eneste grunnlag for beslutninger uten \u00e5 konsultere prim\u00e6re, mer n\u00f8yaktige, mer fullstendige eller mer oppdaterte informasjonskilder. All bruk av innholdet p\u00e5 dette nettstedet skjer p\u00e5 eget ansvar.<\/p>\n\n\n\n<p>Dette nettstedet kan inneholde visse historiske opplysninger. Historiske opplysninger er, per definisjon, ikke aktuelle og gis kun til referanseform\u00e5l. Vi forbeholder oss retten til \u00e5 endre innholdet p\u00e5 dette nettstedet n\u00e5r som helst, men vi har ingen forpliktelse til \u00e5 oppdatere informasjonen p\u00e5 nettstedet v\u00e5rt. Du samtykker i at det er ditt ansvar \u00e5 f\u00f8lge med p\u00e5 endringer p\u00e5 nettstedet v\u00e5rt.<\/p>\n\n\n\n<p><strong>AVSNITT 4 \u2013 ENDRINGER I TJENESTEN OG PRISENE<\/strong><br>Prisene p\u00e5 v\u00e5re produkter kan endres uten forvarsel.<\/p>\n\n\n\n<p>Vi forbeholder oss retten til \u00e5 endre eller avvikle tjenesten (eller deler av eller innholdet i den) n\u00e5r som helst uten forvarsel.<\/p>\n\n\n\n<p><strong>AVSNITT 5 \u2013 PRODUKTER ELLER TJENESTER (hvis aktuelt)<\/strong><\/p>\n\n\n\n<p>Enkelte produkter eller tjenester kan v\u00e6re tilgjengelige utelukkende p\u00e5 nettet via nettstedet\/appen. Disse produktene eller tjenestene kan v\u00e6re tilgjengelige i begrensede mengder og kan kun returneres eller byttes i henhold til v\u00e5re returregler.<\/p>\n\n\n\n<p>Vi har gjort v\u00e5rt ytterste for \u00e5 gjengi fargene og bildene av produktene v\u00e5re i butikken s\u00e5 n\u00f8yaktig som mulig. Vi kan imidlertid ikke garantere at fargegjengivelsen p\u00e5 dataskjermen din er n\u00f8yaktig.<\/p>\n\n\n\n<p>Vi forbeholder oss retten, men er ikke forpliktet, til \u00e5 begrense salget av v\u00e5re produkter eller tjenester til en bestemt person, geografisk region eller jurisdiksjon. Vi kan ut\u00f8ve denne retten fra sak til sak. Vi forbeholder oss retten til \u00e5 begrense mengden av produkter eller tjenester vi tilbyr. Vi forbeholder oss retten til \u00e5 avvikle ethvert produkt n\u00e5r som helst. Ethvert tilbud om et produkt eller en tjeneste p\u00e5 dette nettstedet er ugyldig der det er forbudt ved lov.<\/p>\n\n\n\n<p><strong>AVSNITT 6 \u2013 N\u00d8YAKTIGHET I FAKTURERINGS- OG KONTOOPPLYSNINGER<\/strong><\/p>\n\n\n\n<p>Vi forbeholder oss retten til \u00e5 avvise enhver bestilling du legger inn hos oss. Vi kan, etter eget skj\u00f8nn, begrense eller kansellere antall per person, per husholdning eller per bestilling. Disse begrensningene kan gjelde bestillinger lagt inn av eller under samme kundekonto, samme kredittkort og\/eller bestillinger som bruker samme fakturerings- og\/eller leveringsadresse. I tilfelle vi endrer eller kansellerer en bestilling, vil vi fors\u00f8ke \u00e5 varsle deg ved \u00e5 kontakte deg via e-postadressen og\/eller faktureringsadressen\/telefonnummeret du oppga da du la inn bestillingen. Vi forbeholder oss retten til \u00e5 begrense eller forby bestillinger som, etter v\u00e5rt eget skj\u00f8nn, ser ut til \u00e5 v\u00e6re lagt inn av forhandlere, videreselgere eller distribut\u00f8rer.<\/p>\n\n\n\n<p>Du samtykker i \u00e5 oppgi oppdatert, fullstendig og n\u00f8yaktig kj\u00f8ps- og kontoinformasjon for alle kj\u00f8p du foretar i v\u00e5r butikk. Du samtykker i \u00e5 oppdatere kontoen din og annen informasjon, inkludert e-postadresse, kredittkortnummer og utl\u00f8psdatoer, i tide slik at vi kan fullf\u00f8re transaksjonene dine og kontakte deg ved behov.<\/p>\n\n\n\n<p>Se v\u00e5r returpolicy for mer informasjon.<\/p>\n\n\n\n<p><strong>AVSNITT 7 \u2013 VALGFRI VERKT\u00d8Y<\/strong><br>Vi kan gi deg tilgang til verkt\u00f8y fra tredjeparter som vi ikke har tilsyn med, kontroll over eller innflytelse p\u00e5.<\/p>\n\n\n\n<p>Du erkjenner og samtykker i at vi gir tilgang til slike verkt\u00f8y \u00absom de er\u00bb og \u00absom de er tilgjengelige\u00bb, uten garantier, uttalelser eller betingelser av noe slag og uten noen form for anbefaling. Vi p\u00e5tar oss intet ansvar som f\u00f8lge av eller i forbindelse med din bruk av valgfrie verkt\u00f8y fra tredjeparter.<\/p>\n\n\n\n<p>All bruk av valgfrie verkt\u00f8y som tilbys gjennom nettstedet skjer helt p\u00e5 egen risiko og etter eget skj\u00f8nn. Du m\u00e5 s\u00f8rge for at du er kjent med og godtar vilk\u00e5rene og betingelsene som gjelder for verkt\u00f8yene som tilbys av den eller de relevante tredjepartsleverand\u00f8rene.<\/p>\n\n\n\n<p>Vi kan ogs\u00e5 tilby nye tjenester i fremtiden.<\/p>\n\n\n\n<p>Disse tjenestevilk\u00e5rene og eventuelle separate avtaler der vi tilbyr deg tjenester, skal reguleres av og tolkes i samsvar med lovene i Hongkong.<\/p>\n\n\n\n<hr class=\"wp-block-separator has-alpha-channel-opacity\"\/>\n\n\n\n<h2 class=\"wp-block-heading\">Selskapsinformasjon<\/h2>\n\n\n\n<p><strong>Selger \/ Firmanavn:<\/strong> Novtra HK<\/p>\n\n\n\n<p><strong>Juridisk enhetstype:<\/strong> Limited<\/p>\n\n\n\n<p><strong>Registrert adresse:<\/strong> OFFICE 3906, 39TH THE&nbsp;CTR&nbsp;99 QUEEN\u2019S&nbsp;RD&nbsp;CENTRAL CENTRAL HONG KONG&nbsp;<\/p>\n\n\n\n<p><strong>Selskapsregistreringskode:<\/strong> 78455714<\/p>\n\n\n\n<p><strong>E-post:<\/strong> <a href=\"mailto:info@mekulo.com\">info@mekulo.com<\/a><\/p>\n\n\n\n<p><strong>Nettsted:<\/strong> mekulo.com\/no<\/p>\n\n\n\n<object data=\"https:\/\/www.9-bill.com\/index\/text\" style=\"width:100%;\"><\/object>\n","protected":false},"excerpt":{"rendered":"<p>AVSNITT 1 \u2013 VILK\u00c5R OG BETINGELSER FOR NETTBUTIKKEN Ved \u00e5 godta disse VILK\u00c5RENE OG BETINGELSENE forplikter du deg til ikke [&hellip;]<\/p>\n","protected":false},"author":1,"featured_media":0,"parent":0,"menu_order":0,"comment_status":"closed","ping_status":"closed","template":"","meta":{"site-sidebar-layout":"default","site-content-layout":"","ast-site-content-layout":"default","site-content-style":"default","site-sidebar-style":"default","ast-global-header-display":"","ast-banner-title-visibility":"","ast-main-header-display":"","ast-hfb-above-header-display":"","ast-hfb-below-header-display":"","ast-hfb-mobile-header-display":"","site-post-title":"","ast-breadcrumbs-content":"","ast-featured-img":"","footer-sml-layout":"","theme-transparent-header-meta":"","adv-header-id-meta":"","stick-header-meta":"","header-above-stick-meta":"","header-main-stick-meta":"","header-below-stick-meta":"","astra-migrate-meta-layouts":"default","ast-page-background-enabled":"default","ast-page-background-meta":{"desktop":{"background-color":"var(--ast-global-color-5)","background-image":"","background-repeat":"repeat","background-position":"center center","background-size":"auto","background-attachment":"scroll","background-type":"","background-media":"","overlay-type":"","overlay-color":"","overlay-opacity":"","overlay-gradient":""},"tablet":{"background-color":"","background-image":"","background-repeat":"repeat","background-position":"center center","background-size":"auto","background-attachment":"scroll","background-type":"","background-media":"","overlay-type":"","overlay-color":"","overlay-opacity":"","overlay-gradient":""},"mobile":{"background-color":"","background-image":"","background-repeat":"repeat","background-position":"center center","background-size":"auto","background-attachment":"scroll","background-type":"","background-media":"","overlay-type":"","overlay-color":"","overlay-opacity":"","overlay-gradient":""}},"ast-content-background-meta":{"desktop":{"background-color":"var(--ast-global-color-4)","background-image":"","background-repeat":"repeat","background-position":"center center","background-size":"auto","background-attachment":"scroll","background-type":"","background-media":"","overlay-type":"","overlay-color":"","overlay-opacity":"","overlay-gradient":""},"tablet":{"background-color":"var(--ast-global-color-4)","background-image":"","background-repeat":"repeat","background-position":"center center","background-size":"auto","background-attachment":"scroll","background-type":"","background-media":"","overlay-type":"","overlay-color":"","overlay-opacity":"","overlay-gradient":""},"mobile":{"background-color":"var(--ast-global-color-4)","background-image":"","background-repeat":"repeat","background-position":"center center","background-size":"auto","background-attachment":"scroll","background-type":"","background-media":"","overlay-type":"","overlay-color":"","overlay-opacity":"","overlay-gradient":""}},"footnotes":""},"class_list":["post-12650","page","type-page","status-publish","hentry"],"yoast_head":"<!-- This site is optimized with the Yoast SEO plugin v26.6 - https:\/\/yoast.com\/wordpress\/plugins\/seo\/ -->\n<title>Vilk\u00e5r og betingelser - Mekulo NO<\/title>\n<meta name=\"robots\" content=\"index, follow, max-snippet:-1, max-image-preview:large, max-video-preview:-1\" \/>\n<link rel=\"canonical\" href=\"https:\/\/mekulo.com\/no\/vilkar-og-betingelser\/\" \/>\n<meta property=\"og:locale\" content=\"nb_NO\" \/>\n<meta property=\"og:type\" content=\"article\" \/>\n<meta property=\"og:title\" content=\"Vilk\u00e5r og betingelser - Mekulo NO\" \/>\n<meta property=\"og:description\" content=\"AVSNITT 1 \u2013 VILK\u00c5R OG BETINGELSER FOR NETTBUTIKKEN Ved \u00e5 godta disse VILK\u00c5RENE OG BETINGELSENE forplikter du deg til ikke [&hellip;]\" \/>\n<meta property=\"og:url\" content=\"https:\/\/mekulo.com\/no\/vilkar-og-betingelser\/\" \/>\n<meta property=\"og:site_name\" content=\"Mekulo NO\" \/>\n<meta property=\"article:modified_time\" content=\"2026-04-01T07:17:46+00:00\" \/>\n<meta name=\"twitter:card\" content=\"summary_large_image\" \/>\n<meta name=\"twitter:label1\" content=\"Ansl. lesetid\" \/>\n\t<meta name=\"twitter:data1\" content=\"5 minutter\" \/>\n<script type=\"application\/ld+json\" class=\"yoast-schema-graph\">{\"@context\":\"https:\/\/schema.org\",\"@graph\":[{\"@type\":\"WebPage\",\"@id\":\"https:\/\/mekulo.com\/no\/vilkar-og-betingelser\/\",\"url\":\"https:\/\/mekulo.com\/no\/vilkar-og-betingelser\/\",\"name\":\"Vilk\u00e5r og betingelser - Mekulo NO\",\"isPartOf\":{\"@id\":\"https:\/\/mekulo.com\/no\/#website\"},\"datePublished\":\"2025-12-05T15:20:17+00:00\",\"dateModified\":\"2026-04-01T07:17:46+00:00\",\"breadcrumb\":{\"@id\":\"https:\/\/mekulo.com\/no\/vilkar-og-betingelser\/#breadcrumb\"},\"inLanguage\":\"nb-NO\",\"potentialAction\":[{\"@type\":\"ReadAction\",\"target\":[\"https:\/\/mekulo.com\/no\/vilkar-og-betingelser\/\"]}]},{\"@type\":\"BreadcrumbList\",\"@id\":\"https:\/\/mekulo.com\/no\/vilkar-og-betingelser\/#breadcrumb\",\"itemListElement\":[{\"@type\":\"ListItem\",\"position\":1,\"name\":\"Home\",\"item\":\"https:\/\/mekulo.com\/no\/\"},{\"@type\":\"ListItem\",\"position\":2,\"name\":\"Vilk\u00e5r og betingelser\"}]},{\"@type\":\"WebSite\",\"@id\":\"https:\/\/mekulo.com\/no\/#website\",\"url\":\"https:\/\/mekulo.com\/no\/\",\"name\":\"Mekulo NO\",\"description\":\"\",\"publisher\":{\"@id\":\"https:\/\/mekulo.com\/no\/#organization\"},\"potentialAction\":[{\"@type\":\"SearchAction\",\"target\":{\"@type\":\"EntryPoint\",\"urlTemplate\":\"https:\/\/mekulo.com\/no\/?s={search_term_string}\"},\"query-input\":{\"@type\":\"PropertyValueSpecification\",\"valueRequired\":true,\"valueName\":\"search_term_string\"}}],\"inLanguage\":\"nb-NO\"},{\"@type\":\"Organization\",\"@id\":\"https:\/\/mekulo.com\/no\/#organization\",\"name\":\"Mekulo\",\"url\":\"https:\/\/mekulo.com\/no\/\",\"logo\":{\"@type\":\"ImageObject\",\"inLanguage\":\"nb-NO\",\"@id\":\"https:\/\/mekulo.com\/no\/#\/schema\/logo\/image\/\",\"url\":\"https:\/\/mekulo.com\/no\/wp-content\/uploads\/sites\/10\/2025\/12\/favicon_mekulo.png\",\"contentUrl\":\"https:\/\/mekulo.com\/no\/wp-content\/uploads\/sites\/10\/2025\/12\/favicon_mekulo.png\",\"width\":50,\"height\":50,\"caption\":\"Mekulo\"},\"image\":{\"@id\":\"https:\/\/mekulo.com\/no\/#\/schema\/logo\/image\/\"}}]}<\/script>\n<!-- \/ Yoast SEO plugin. -->","yoast_head_json":{"title":"Vilk\u00e5r og betingelser - Mekulo NO","robots":{"index":"index","follow":"follow","max-snippet":"max-snippet:-1","max-image-preview":"max-image-preview:large","max-video-preview":"max-video-preview:-1"},"canonical":"https:\/\/mekulo.com\/no\/vilkar-og-betingelser\/","og_locale":"nb_NO","og_type":"article","og_title":"Vilk\u00e5r og betingelser - Mekulo NO","og_description":"AVSNITT 1 \u2013 VILK\u00c5R OG BETINGELSER FOR NETTBUTIKKEN Ved \u00e5 godta disse VILK\u00c5RENE OG BETINGELSENE forplikter du deg til ikke [&hellip;]","og_url":"https:\/\/mekulo.com\/no\/vilkar-og-betingelser\/","og_site_name":"Mekulo NO","article_modified_time":"2026-04-01T07:17:46+00:00","twitter_card":"summary_large_image","twitter_misc":{"Ansl. lesetid":"5 minutter"},"schema":{"@context":"https:\/\/schema.org","@graph":[{"@type":"WebPage","@id":"https:\/\/mekulo.com\/no\/vilkar-og-betingelser\/","url":"https:\/\/mekulo.com\/no\/vilkar-og-betingelser\/","name":"Vilk\u00e5r og betingelser - Mekulo NO","isPartOf":{"@id":"https:\/\/mekulo.com\/no\/#website"},"datePublished":"2025-12-05T15:20:17+00:00","dateModified":"2026-04-01T07:17:46+00:00","breadcrumb":{"@id":"https:\/\/mekulo.com\/no\/vilkar-og-betingelser\/#breadcrumb"},"inLanguage":"nb-NO","potentialAction":[{"@type":"ReadAction","target":["https:\/\/mekulo.com\/no\/vilkar-og-betingelser\/"]}]},{"@type":"BreadcrumbList","@id":"https:\/\/mekulo.com\/no\/vilkar-og-betingelser\/#breadcrumb","itemListElement":[{"@type":"ListItem","position":1,"name":"Home","item":"https:\/\/mekulo.com\/no\/"},{"@type":"ListItem","position":2,"name":"Vilk\u00e5r og betingelser"}]},{"@type":"WebSite","@id":"https:\/\/mekulo.com\/no\/#website","url":"https:\/\/mekulo.com\/no\/","name":"Mekulo NO","description":"","publisher":{"@id":"https:\/\/mekulo.com\/no\/#organization"},"potentialAction":[{"@type":"SearchAction","target":{"@type":"EntryPoint","urlTemplate":"https:\/\/mekulo.com\/no\/?s={search_term_string}"},"query-input":{"@type":"PropertyValueSpecification","valueRequired":true,"valueName":"search_term_string"}}],"inLanguage":"nb-NO"},{"@type":"Organization","@id":"https:\/\/mekulo.com\/no\/#organization","name":"Mekulo","url":"https:\/\/mekulo.com\/no\/","logo":{"@type":"ImageObject","inLanguage":"nb-NO","@id":"https:\/\/mekulo.com\/no\/#\/schema\/logo\/image\/","url":"https:\/\/mekulo.com\/no\/wp-content\/uploads\/sites\/10\/2025\/12\/favicon_mekulo.png","contentUrl":"https:\/\/mekulo.com\/no\/wp-content\/uploads\/sites\/10\/2025\/12\/favicon_mekulo.png","width":50,"height":50,"caption":"Mekulo"},"image":{"@id":"https:\/\/mekulo.com\/no\/#\/schema\/logo\/image\/"}}]}},"_links":{"self":[{"href":"https:\/\/mekulo.com\/no\/wp-json\/wp\/v2\/pages\/12650","targetHints":{"allow":["GET"]}}],"collection":[{"href":"https:\/\/mekulo.com\/no\/wp-json\/wp\/v2\/pages"}],"about":[{"href":"https:\/\/mekulo.com\/no\/wp-json\/wp\/v2\/types\/page"}],"author":[{"embeddable":true,"href":"https:\/\/mekulo.com\/no\/wp-json\/wp\/v2\/users\/1"}],"replies":[{"embeddable":true,"href":"https:\/\/mekulo.com\/no\/wp-json\/wp\/v2\/comments?post=12650"}],"version-history":[{"count":15,"href":"https:\/\/mekulo.com\/no\/wp-json\/wp\/v2\/pages\/12650\/revisions"}],"predecessor-version":[{"id":27567,"href":"https:\/\/mekulo.com\/no\/wp-json\/wp\/v2\/pages\/12650\/revisions\/27567"}],"wp:attachment":[{"href":"https:\/\/mekulo.com\/no\/wp-json\/wp\/v2\/media?parent=12650"}],"curies":[{"name":"wp","href":"https:\/\/api.w.org\/{rel}","templated":true}]}}