{"id":584,"date":"2020-10-13T06:47:01","date_gmt":"2020-10-13T06:47:01","guid":{"rendered":"http:\/\/localhost\/razzi\/?page_id=584"},"modified":"2026-01-06T18:46:27","modified_gmt":"2026-01-06T16:46:27","slug":"contactpagina","status":"publish","type":"page","link":"https:\/\/mekulo.com\/nl\/contactpagina\/","title":{"rendered":"Contactpagina"},"content":{"rendered":"\t\t<div data-elementor-type=\"wp-page\" data-elementor-id=\"584\" class=\"elementor elementor-584\" data-elementor-post-type=\"page\">\n\t\t\t\t<div class=\"elementor-element elementor-element-400e5cc e-flex e-con-boxed e-con e-parent\" data-id=\"400e5cc\" data-element_type=\"container\">\n\t\t\t\t\t<div class=\"e-con-inner\">\n\t\t\t\t<div class=\"elementor-element elementor-element-9f2b69c elementor-widget elementor-widget-heading\" data-id=\"9f2b69c\" data-element_type=\"widget\" data-widget_type=\"heading.default\">\n\t\t\t\t\t<h2 class=\"elementor-heading-title elementor-size-default\">Neem contact op<\/h2>\t\t\t\t<\/div>\n\t\t\t\t<div class=\"elementor-element elementor-element-4d79b7d elementor-widget elementor-widget-text-editor\" data-id=\"4d79b7d\" data-element_type=\"widget\" data-widget_type=\"text-editor.default\">\n\t\t\t\t\t\t\t\t\t<p>We nemen binnen 24 uur contact met u op.<\/p>\t\t\t\t\t\t\t\t<\/div>\n\t\t\t\t\t<\/div>\n\t\t\t\t<\/div>\n\t\t<div class=\"elementor-element elementor-element-c42eaeb e-flex e-con-boxed e-con e-parent\" data-id=\"c42eaeb\" data-element_type=\"container\">\n\t\t\t\t\t<div class=\"e-con-inner\">\n\t\t\t\t<div class=\"elementor-element elementor-element-6b81d78 eael-wpforms-form-button-custom elementor-widget elementor-widget-eael-wpforms\" data-id=\"6b81d78\" data-element_type=\"widget\" data-widget_type=\"eael-wpforms.default\">\n\t\t\t\t\t            <div class=\"eael-contact-form eael-wpforms eael-wpforms-align-default\">\n                                <div class=\"wpforms-container wpforms-container-full wpforms-render-modern\" id=\"wpforms-12152\"><form id=\"wpforms-form-12152\" class=\"wpforms-validate wpforms-form wpforms-ajax-form\" data-formid=\"12152\" method=\"post\" enctype=\"multipart\/form-data\" action=\"\/nl\/wp-json\/wp\/v2\/pages\/584\" data-token=\"e68662f8ff6a0d62a3c5acbb600f7c60\" data-token-time=\"1776788151\"><noscript class=\"wpforms-error-noscript\">Schakel JavaScript in je browser in om dit formulier in te vullen.<\/noscript><div id=\"wpforms-error-noscript\" style=\"display: none;\">Schakel JavaScript in je browser in om dit formulier in te vullen.<\/div><div class=\"wpforms-field-container\"><div id=\"wpforms-12152-field_1-container\" class=\"wpforms-field wpforms-field-name wpforms-first wpforms-one-half\" data-field-id=\"1\"><label class=\"wpforms-field-label wpforms-label-hide\" for=\"wpforms-12152-field_1\" aria-hidden=\"false\">Naam <span class=\"wpforms-required-label\" aria-hidden=\"true\">*<\/span><\/label><input type=\"text\" id=\"wpforms-12152-field_1\" class=\"wpforms-field-large wpforms-field-required\" name=\"wpforms[fields][1]\" placeholder=\"Naam\" aria-errormessage=\"wpforms-12152-field_1-error\" required><\/div><div id=\"wpforms-12152-field_2-container\" class=\"wpforms-field wpforms-field-email\" data-field-id=\"2\"><label class=\"wpforms-field-label\" for=\"wpforms-12152-field_2\">Email <span class=\"wpforms-required-label\" aria-hidden=\"true\">*<\/span><\/label><input type=\"email\" id=\"wpforms-12152-field_2\" class=\"wpforms-field-large wpforms-field-required\" name=\"wpforms[fields][2]\" placeholder=\"Email\" spellcheck=\"false\" aria-errormessage=\"wpforms-12152-field_2-error\" required><\/div>\t\t<div id=\"wpforms-12152-field_4-container\"\n\t\t\tclass=\"wpforms-field wpforms-field-text\"\n\t\t\tdata-field-type=\"text\"\n\t\t\tdata-field-id=\"4\"\n\t\t\t>\n\t\t\t<label class=\"wpforms-field-label\" for=\"wpforms-12152-field_4\" >bericht Naam Email<\/label>\n\t\t\t<input type=\"text\" id=\"wpforms-12152-field_4\" class=\"wpforms-field-medium\" name=\"wpforms[fields][4]\" >\n\t\t<\/div>\n\t\t<div id=\"wpforms-12152-field_3-container\" class=\"wpforms-field wpforms-field-textarea\" data-field-id=\"3\"><label class=\"wpforms-field-label\" for=\"wpforms-12152-field_3\">Opmerking of bericht<\/label><textarea id=\"wpforms-12152-field_3\" class=\"wpforms-field-medium\" name=\"wpforms[fields][3]\" placeholder=\"Commentaar\" aria-errormessage=\"wpforms-12152-field_3-error\" ><\/textarea><\/div><script>\n\t\t\t\t( function() {\n\t\t\t\t\tconst style = document.createElement( 'style' );\n\t\t\t\t\tstyle.appendChild( document.createTextNode( '#wpforms-12152-field_4-container { position: absolute !important; overflow: hidden !important; display: inline !important; height: 1px !important; width: 1px !important; z-index: -1000 !important; padding: 0 !important; } #wpforms-12152-field_4-container input { visibility: hidden; } #wpforms-conversational-form-page #wpforms-12152-field_4-container label { counter-increment: none; }' ) );\n\t\t\t\t\tdocument.head.appendChild( style );\n\t\t\t\t\tdocument.currentScript?.remove();\n\t\t\t\t} )();\n\t\t\t<\/script><\/div><!-- .wpforms-field-container --><div class=\"wpforms-submit-container\" ><input type=\"hidden\" name=\"wpforms[id]\" value=\"12152\"><input type=\"hidden\" name=\"page_title\" value=\"\"><input type=\"hidden\" name=\"page_url\" value=\"https:\/\/mekulo.com\/nl\/wp-json\/wp\/v2\/pages\/584\"><input type=\"hidden\" name=\"url_referer\" value=\"\"><button type=\"submit\" name=\"wpforms[submit]\" id=\"wpforms-submit-12152\" class=\"wpforms-submit\" data-alt-text=\"Sending...\" data-submit-text=\"Verzenden\" aria-live=\"assertive\" value=\"wpforms-submit\">Verzenden<\/button><img decoding=\"async\" src=\"https:\/\/mekulo.com\/nl\/wp-content\/plugins\/wpforms-lite\/assets\/images\/submit-spin.svg\" class=\"wpforms-submit-spinner\" style=\"display: none;\" width=\"26\" height=\"26\" alt=\"Aan het laden\"><\/div><\/form><\/div>  <!-- .wpforms-container -->            <\/div>\n\t\t\t\t<\/div>\n\t\t\t\t\t<\/div>\n\t\t\t\t<\/div>\n\t\t<div class=\"elementor-element elementor-element-f2e264c animated-slow e-flex e-con-boxed elementor-invisible e-con e-parent\" data-id=\"f2e264c\" data-element_type=\"container\" data-settings=\"{&quot;animation&quot;:&quot;fadeIn&quot;}\">\n\t\t\t\t\t<div class=\"e-con-inner\">\n\t\t\t\t<div class=\"elementor-element elementor-element-18b8f79 elementor-widget elementor-widget-heading\" data-id=\"18b8f79\" data-element_type=\"widget\" data-widget_type=\"heading.default\">\n\t\t\t\t\t<h2 class=\"elementor-heading-title elementor-size-default\">Veelgestelde \nvragen<\/h2>\t\t\t\t<\/div>\n\t\t\t\t\t<\/div>\n\t\t\t\t<\/div>\n\t\t<div class=\"elementor-element elementor-element-6168492 e-flex e-con-boxed elementor-invisible e-con e-parent\" data-id=\"6168492\" data-element_type=\"container\" data-settings=\"{&quot;animation&quot;:&quot;fadeIn&quot;}\">\n\t\t\t\t\t<div class=\"e-con-inner\">\n\t\t\t\t<div class=\"elementor-element elementor-element-c247bb8 elementor-widget__width-initial elementor-widget elementor-widget-shortcode\" data-id=\"c247bb8\" data-element_type=\"widget\" data-widget_type=\"shortcode.default\">\n\t\t\t\t\t\t\t<div class=\"elementor-shortcode\"><style>#sp-ea-13416 .spcollapsing { height: 0; overflow: hidden; transition-property: height;transition-duration: 300ms;}#sp-ea-13416.sp-easy-accordion>.sp-ea-single {margin-bottom: 10px; border: 1px solid #f6f3f0; }#sp-ea-13416.sp-easy-accordion>.sp-ea-single>.ea-header a {color: #444;}#sp-ea-13416.sp-easy-accordion>.sp-ea-single>.sp-collapse>.ea-body {background: #fff; color: #444;}#sp-ea-13416.sp-easy-accordion>.sp-ea-single {background: #f6f3f0;}#sp-ea-13416.sp-easy-accordion>.sp-ea-single>.ea-header a .ea-expand-icon { float: right; color: #444;font-size: 16px;}#sp-ea-13416.sp-easy-accordion>.sp-ea-single>.ea-header a .ea-expand-icon {margin-right: 0;}<\/style><div id=\"sp_easy_accordion-1767006546\"><div id=\"sp-ea-13416\" class=\"sp-ea-one sp-easy-accordion\" data-ea-active=\"ea-click\" data-ea-mode=\"vertical\" data-preloader=\"\" data-scroll-active-item=\"\" data-offset-to-scroll=\"0\"><div class=\"ea-card ea-expand sp-ea-single\"><h3 class=\"ea-header\"><a class=\"collapsed\" id=\"ea-header-134160\" role=\"button\" data-sptoggle=\"spcollapse\" data-sptarget=\"#collapse134160\" aria-controls=\"collapse134160\" href=\"#\" aria-expanded=\"true\" tabindex=\"0\"><i aria-hidden=\"true\" role=\"presentation\" class=\"ea-expand-icon eap-icon-ea-expand-minus\"><\/i> Waar vind ik mijn verzendcode?<\/a><\/h3><div class=\"sp-collapse spcollapse collapsed show\" id=\"collapse134160\" data-parent=\"#sp-ea-13416\" role=\"region\" aria-labelledby=\"ea-header-134160\"> <div class=\"ea-body\"><p>Zodra uw bestelling is verzonden, ontvangt u een trackingnummer per e-mail. De trackingcode wordt doorgaans binnen 1-3 werkdagen verzonden. Houd er rekening mee dat het enkele werkdagen kan duren voordat de trackingcode actief wordt.<\/p><\/div><\/div><\/div><div class=\"ea-card sp-ea-single\"><h3 class=\"ea-header\"><a class=\"collapsed\" id=\"ea-header-134161\" role=\"button\" data-sptoggle=\"spcollapse\" data-sptarget=\"#collapse134161\" aria-controls=\"collapse134161\" href=\"#\" aria-expanded=\"false\" tabindex=\"0\"><i aria-hidden=\"true\" role=\"presentation\" class=\"ea-expand-icon eap-icon-ea-expand-plus\"><\/i> Hoe kan ik controleren waar mijn bestelling zich bevindt?<\/a><\/h3><div class=\"sp-collapse spcollapse \" id=\"collapse134161\" data-parent=\"#sp-ea-13416\" role=\"region\" aria-labelledby=\"ea-header-134161\"> <div class=\"ea-body\"><p>Gebruik de trackingcode die u per e-mail ontvangt om de status van uw bestelling te volgen. Voer het trackingnummer in op de trackingwebsite <a href=\"https:\/\/www.17track.net\/en\">17track<\/a> om de status van de verzending te controleren. Als er geen informatie over de verzending wordt weergegeven, selecteer dan YunExpress als vervoerder van de verzending.<\/p><p>De trackingcode wordt meegestuurd met de e-mail ter bevestiging van de bestelling, die u binnen 1-3 werkdagen na het plaatsen van de eerste bestelling zou moeten ontvangen. Als u na 1-3 dagen nog steeds geen trackingnummer hebt ontvangen, neem dan contact met ons op.<\/p><\/div><\/div><\/div><div class=\"ea-card sp-ea-single\"><h3 class=\"ea-header\"><a class=\"collapsed\" id=\"ea-header-134162\" role=\"button\" data-sptoggle=\"spcollapse\" data-sptarget=\"#collapse134162\" aria-controls=\"collapse134162\" href=\"#\" aria-expanded=\"false\" tabindex=\"0\"><i aria-hidden=\"true\" role=\"presentation\" class=\"ea-expand-icon eap-icon-ea-expand-plus\"><\/i> Wat als ik niet tevreden ben met mijn bestelling?<\/a><\/h3><div class=\"sp-collapse spcollapse \" id=\"collapse134162\" data-parent=\"#sp-ea-13416\" role=\"region\" aria-labelledby=\"ea-header-134162\"> <div class=\"ea-body\"><p>Als u niet tevreden bent met uw bestelling, neem dan contact met ons op via info@mekulo.com. Beschrijf uw probleem zo gedetailleerd mogelijk en voeg een foto of video toe. Nadat we het probleem met het bestelde product hebben beoordeeld, zullen we zo snel mogelijk reageren en een wederzijds compromis zoeken om het probleem op te lossen.<\/p><p>Bovendien kan elke bestelling binnen 14 werkdagen worden terugbetaald. Lees meer onder Verzending en retourneren <a style=\"font-size: 16px;background-color: #ffffff\" href=\"https:\/\/mekulo.com\/nl\/verzending-en-retourneren\/\">Verzending en retourneren<\/a><\/p><\/div><\/div><\/div><div class=\"ea-card sp-ea-single\"><h3 class=\"ea-header\"><a class=\"collapsed\" id=\"ea-header-134163\" role=\"button\" data-sptoggle=\"spcollapse\" data-sptarget=\"#collapse134163\" aria-controls=\"collapse134163\" href=\"#\" aria-expanded=\"false\" tabindex=\"0\"><i aria-hidden=\"true\" role=\"presentation\" class=\"ea-expand-icon eap-icon-ea-expand-plus\"><\/i> Zijn mijn betalingsgegevens veilig?<\/a><\/h3><div class=\"sp-collapse spcollapse \" id=\"collapse134163\" data-parent=\"#sp-ea-13416\" role=\"region\" aria-labelledby=\"ea-header-134163\"> <div class=\"ea-body\"><p>We maken gebruik van SSL-encryptie (Secure Socket Layer), waardoor uw gegevens veilig worden verzonden tussen uw browser en onze servers. Dit biedt extra bescherming tegen gegevensdiefstal en zorgt ervoor dat uw persoonlijke betalingsgegevens veilig zijn.<\/p><\/div><\/div><\/div><div class=\"ea-card sp-ea-single\"><h3 class=\"ea-header\"><a class=\"collapsed\" id=\"ea-header-134164\" role=\"button\" data-sptoggle=\"spcollapse\" data-sptarget=\"#collapse134164\" aria-controls=\"collapse134164\" href=\"#\" aria-expanded=\"false\" tabindex=\"0\"><i aria-hidden=\"true\" role=\"presentation\" class=\"ea-expand-icon eap-icon-ea-expand-plus\"><\/i> Hoe kan ik een product retourneren?<\/a><\/h3><div class=\"sp-collapse spcollapse \" id=\"collapse134164\" data-parent=\"#sp-ea-13416\" role=\"region\" aria-labelledby=\"ea-header-134164\"> <div class=\"ea-body\"><p>Neem contact met ons op via info@mekulo.com voor meer informatie over het retourneren van producten. Alle aankopen kunnen binnen 14 werkdagen zonder opgave van reden worden geretourneerd. Neem gewoon contact met ons op en wij zullen u alle nodige informatie verstrekken om het pakket te retourneren.<\/p><p>Ons retouradres is:<br \/>Vienyb\u0117s g. 5, \u0160ilal\u0117, LT-75129, Litouwen.<\/p><p>Lees meer onder<\/p><p><a style=\"font-size: 16px;background-color: #ffffff\" href=\"https:\/\/mekulo.com\/nl\/verzending-en-retourneren\/\">Verzending en retourneren.<\/a><\/p><\/div><\/div><\/div><div class=\"ea-card sp-ea-single\"><h3 class=\"ea-header\"><a class=\"collapsed\" id=\"ea-header-134165\" role=\"button\" data-sptoggle=\"spcollapse\" data-sptarget=\"#collapse134165\" aria-controls=\"collapse134165\" href=\"#\" aria-expanded=\"false\" tabindex=\"0\"><i aria-hidden=\"true\" role=\"presentation\" class=\"ea-expand-icon eap-icon-ea-expand-plus\"><\/i> Geen antwoord op uw vraag gevonden?<\/a><\/h3><div class=\"sp-collapse spcollapse \" id=\"collapse134165\" data-parent=\"#sp-ea-13416\" role=\"region\" aria-labelledby=\"ea-header-134165\"> <div class=\"ea-body\"><p>Als u nog vragen heeft of meer informatie wenst, neem dan contact met ons op via info@mekulo.com.<\/p><p>Onze klantenservice staat altijd klaar om u te helpen en uw vragen te beantwoorden. Wij beantwoorden vragen binnen 24 uur.<\/p><\/div><\/div><\/div><\/div><\/div><\/div>\n\t\t\t\t\t\t<\/div>\n\t\t\t\t\t<\/div>\n\t\t\t\t<\/div>\n\t\t\t\t<\/div>\n\t\t","protected":false},"excerpt":{"rendered":"<p>Neem contact op We nemen binnen 24 uur contact met u op. Please enable JavaScript in your browser to complete [&hellip;]<\/p>\n","protected":false},"author":1,"featured_media":0,"parent":0,"menu_order":0,"comment_status":"closed","ping_status":"closed","template":"","meta":{"site-sidebar-layout":"default","site-content-layout":"","ast-site-content-layout":"default","site-content-style":"default","site-sidebar-style":"default","ast-global-header-display":"","ast-banner-title-visibility":"","ast-main-header-display":"","ast-hfb-above-header-display":"","ast-hfb-below-header-display":"","ast-hfb-mobile-header-display":"","site-post-title":"disabled","ast-breadcrumbs-content":"","ast-featured-img":"","footer-sml-layout":"","theme-transparent-header-meta":"","adv-header-id-meta":"","stick-header-meta":"","header-above-stick-meta":"","header-main-stick-meta":"","header-below-stick-meta":"","astra-migrate-meta-layouts":"default","ast-page-background-enabled":"default","ast-page-background-meta":{"desktop":{"background-color":"var(--ast-global-color-5)","background-image":"","background-repeat":"repeat","background-position":"center center","background-size":"auto","background-attachment":"scroll","background-type":"","background-media":"","overlay-type":"","overlay-color":"","overlay-opacity":"","overlay-gradient":""},"tablet":{"background-color":"","background-image":"","background-repeat":"repeat","background-position":"center center","background-size":"auto","background-attachment":"scroll","background-type":"","background-media":"","overlay-type":"","overlay-color":"","overlay-opacity":"","overlay-gradient":""},"mobile":{"background-color":"","background-image":"","background-repeat":"repeat","background-position":"center center","background-size":"auto","background-attachment":"scroll","background-type":"","background-media":"","overlay-type":"","overlay-color":"","overlay-opacity":"","overlay-gradient":""}},"ast-content-background-meta":{"desktop":{"background-color":"var(--ast-global-color-4)","background-image":"","background-repeat":"repeat","background-position":"center center","background-size":"auto","background-attachment":"scroll","background-type":"","background-media":"","overlay-type":"","overlay-color":"","overlay-opacity":"","overlay-gradient":""},"tablet":{"background-color":"var(--ast-global-color-4)","background-image":"","background-repeat":"repeat","background-position":"center center","background-size":"auto","background-attachment":"scroll","background-type":"","background-media":"","overlay-type":"","overlay-color":"","overlay-opacity":"","overlay-gradient":""},"mobile":{"background-color":"var(--ast-global-color-4)","background-image":"","background-repeat":"repeat","background-position":"center center","background-size":"auto","background-attachment":"scroll","background-type":"","background-media":"","overlay-type":"","overlay-color":"","overlay-opacity":"","overlay-gradient":""}},"footnotes":""},"class_list":["post-584","page","type-page","status-publish","hentry"],"yoast_head":"<!-- This site is optimized with the Yoast SEO plugin v26.6 - https:\/\/yoast.com\/wordpress\/plugins\/seo\/ -->\n<title>Contactpagina - Mekulo NL<\/title>\n<meta name=\"robots\" content=\"index, follow, max-snippet:-1, max-image-preview:large, max-video-preview:-1\" \/>\n<link rel=\"canonical\" href=\"https:\/\/mekulo.com\/nl\/contactpagina\/\" \/>\n<meta property=\"og:locale\" content=\"nl_NL\" \/>\n<meta property=\"og:type\" content=\"article\" \/>\n<meta property=\"og:title\" content=\"Contactpagina - Mekulo NL\" \/>\n<meta property=\"og:description\" content=\"Neem contact op We nemen binnen 24 uur contact met u op. Please enable JavaScript in your browser to complete [&hellip;]\" \/>\n<meta property=\"og:url\" content=\"https:\/\/mekulo.com\/nl\/contactpagina\/\" \/>\n<meta property=\"og:site_name\" content=\"Mekulo NL\" \/>\n<meta property=\"article:modified_time\" content=\"2026-01-06T16:46:27+00:00\" \/>\n<meta property=\"og:image\" content=\"https:\/\/mekulo.com\/nl\/wp-content\/plugins\/wpforms-lite\/assets\/images\/submit-spin.svg\" \/>\n<meta name=\"twitter:card\" content=\"summary_large_image\" \/>\n<meta name=\"twitter:label1\" content=\"Geschatte leestijd\" \/>\n\t<meta name=\"twitter:data1\" content=\"3 minuten\" \/>\n<script type=\"application\/ld+json\" class=\"yoast-schema-graph\">{\"@context\":\"https:\/\/schema.org\",\"@graph\":[{\"@type\":\"WebPage\",\"@id\":\"https:\/\/mekulo.com\/nl\/contactpagina\/\",\"url\":\"https:\/\/mekulo.com\/nl\/contactpagina\/\",\"name\":\"Contactpagina - Mekulo NL\",\"isPartOf\":{\"@id\":\"https:\/\/mekulo.com\/nl\/#website\"},\"primaryImageOfPage\":{\"@id\":\"https:\/\/mekulo.com\/nl\/contactpagina\/#primaryimage\"},\"image\":{\"@id\":\"https:\/\/mekulo.com\/nl\/contactpagina\/#primaryimage\"},\"thumbnailUrl\":\"https:\/\/mekulo.com\/nl\/wp-content\/plugins\/wpforms-lite\/assets\/images\/submit-spin.svg\",\"datePublished\":\"2020-10-13T06:47:01+00:00\",\"dateModified\":\"2026-01-06T16:46:27+00:00\",\"breadcrumb\":{\"@id\":\"https:\/\/mekulo.com\/nl\/contactpagina\/#breadcrumb\"},\"inLanguage\":\"nl-NL\",\"potentialAction\":[{\"@type\":\"ReadAction\",\"target\":[\"https:\/\/mekulo.com\/nl\/contactpagina\/\"]}]},{\"@type\":\"ImageObject\",\"inLanguage\":\"nl-NL\",\"@id\":\"https:\/\/mekulo.com\/nl\/contactpagina\/#primaryimage\",\"url\":\"https:\/\/mekulo.com\/nl\/wp-content\/plugins\/wpforms-lite\/assets\/images\/submit-spin.svg\",\"contentUrl\":\"https:\/\/mekulo.com\/nl\/wp-content\/plugins\/wpforms-lite\/assets\/images\/submit-spin.svg\"},{\"@type\":\"BreadcrumbList\",\"@id\":\"https:\/\/mekulo.com\/nl\/contactpagina\/#breadcrumb\",\"itemListElement\":[{\"@type\":\"ListItem\",\"position\":1,\"name\":\"Home\",\"item\":\"https:\/\/mekulo.com\/nl\/\"},{\"@type\":\"ListItem\",\"position\":2,\"name\":\"Contactpagina\"}]},{\"@type\":\"WebSite\",\"@id\":\"https:\/\/mekulo.com\/nl\/#website\",\"url\":\"https:\/\/mekulo.com\/nl\/\",\"name\":\"Mekulo NL\",\"description\":\"\",\"publisher\":{\"@id\":\"https:\/\/mekulo.com\/nl\/#organization\"},\"potentialAction\":[{\"@type\":\"SearchAction\",\"target\":{\"@type\":\"EntryPoint\",\"urlTemplate\":\"https:\/\/mekulo.com\/nl\/?s={search_term_string}\"},\"query-input\":{\"@type\":\"PropertyValueSpecification\",\"valueRequired\":true,\"valueName\":\"search_term_string\"}}],\"inLanguage\":\"nl-NL\"},{\"@type\":\"Organization\",\"@id\":\"https:\/\/mekulo.com\/nl\/#organization\",\"name\":\"Mekulo\",\"url\":\"https:\/\/mekulo.com\/nl\/\",\"logo\":{\"@type\":\"ImageObject\",\"inLanguage\":\"nl-NL\",\"@id\":\"https:\/\/mekulo.com\/nl\/#\/schema\/logo\/image\/\",\"url\":\"https:\/\/mekulo.com\/nl\/wp-content\/uploads\/sites\/14\/2025\/12\/favicon_mekulo.png\",\"contentUrl\":\"https:\/\/mekulo.com\/nl\/wp-content\/uploads\/sites\/14\/2025\/12\/favicon_mekulo.png\",\"width\":50,\"height\":50,\"caption\":\"Mekulo\"},\"image\":{\"@id\":\"https:\/\/mekulo.com\/nl\/#\/schema\/logo\/image\/\"}}]}<\/script>\n<!-- \/ Yoast SEO plugin. -->","yoast_head_json":{"title":"Contactpagina - Mekulo NL","robots":{"index":"index","follow":"follow","max-snippet":"max-snippet:-1","max-image-preview":"max-image-preview:large","max-video-preview":"max-video-preview:-1"},"canonical":"https:\/\/mekulo.com\/nl\/contactpagina\/","og_locale":"nl_NL","og_type":"article","og_title":"Contactpagina - Mekulo NL","og_description":"Neem contact op We nemen binnen 24 uur contact met u op. Please enable JavaScript in your browser to complete [&hellip;]","og_url":"https:\/\/mekulo.com\/nl\/contactpagina\/","og_site_name":"Mekulo NL","article_modified_time":"2026-01-06T16:46:27+00:00","og_image":[{"url":"https:\/\/mekulo.com\/nl\/wp-content\/plugins\/wpforms-lite\/assets\/images\/submit-spin.svg","type":"","width":"","height":""}],"twitter_card":"summary_large_image","twitter_misc":{"Geschatte leestijd":"3 minuten"},"schema":{"@context":"https:\/\/schema.org","@graph":[{"@type":"WebPage","@id":"https:\/\/mekulo.com\/nl\/contactpagina\/","url":"https:\/\/mekulo.com\/nl\/contactpagina\/","name":"Contactpagina - Mekulo NL","isPartOf":{"@id":"https:\/\/mekulo.com\/nl\/#website"},"primaryImageOfPage":{"@id":"https:\/\/mekulo.com\/nl\/contactpagina\/#primaryimage"},"image":{"@id":"https:\/\/mekulo.com\/nl\/contactpagina\/#primaryimage"},"thumbnailUrl":"https:\/\/mekulo.com\/nl\/wp-content\/plugins\/wpforms-lite\/assets\/images\/submit-spin.svg","datePublished":"2020-10-13T06:47:01+00:00","dateModified":"2026-01-06T16:46:27+00:00","breadcrumb":{"@id":"https:\/\/mekulo.com\/nl\/contactpagina\/#breadcrumb"},"inLanguage":"nl-NL","potentialAction":[{"@type":"ReadAction","target":["https:\/\/mekulo.com\/nl\/contactpagina\/"]}]},{"@type":"ImageObject","inLanguage":"nl-NL","@id":"https:\/\/mekulo.com\/nl\/contactpagina\/#primaryimage","url":"https:\/\/mekulo.com\/nl\/wp-content\/plugins\/wpforms-lite\/assets\/images\/submit-spin.svg","contentUrl":"https:\/\/mekulo.com\/nl\/wp-content\/plugins\/wpforms-lite\/assets\/images\/submit-spin.svg"},{"@type":"BreadcrumbList","@id":"https:\/\/mekulo.com\/nl\/contactpagina\/#breadcrumb","itemListElement":[{"@type":"ListItem","position":1,"name":"Home","item":"https:\/\/mekulo.com\/nl\/"},{"@type":"ListItem","position":2,"name":"Contactpagina"}]},{"@type":"WebSite","@id":"https:\/\/mekulo.com\/nl\/#website","url":"https:\/\/mekulo.com\/nl\/","name":"Mekulo NL","description":"","publisher":{"@id":"https:\/\/mekulo.com\/nl\/#organization"},"potentialAction":[{"@type":"SearchAction","target":{"@type":"EntryPoint","urlTemplate":"https:\/\/mekulo.com\/nl\/?s={search_term_string}"},"query-input":{"@type":"PropertyValueSpecification","valueRequired":true,"valueName":"search_term_string"}}],"inLanguage":"nl-NL"},{"@type":"Organization","@id":"https:\/\/mekulo.com\/nl\/#organization","name":"Mekulo","url":"https:\/\/mekulo.com\/nl\/","logo":{"@type":"ImageObject","inLanguage":"nl-NL","@id":"https:\/\/mekulo.com\/nl\/#\/schema\/logo\/image\/","url":"https:\/\/mekulo.com\/nl\/wp-content\/uploads\/sites\/14\/2025\/12\/favicon_mekulo.png","contentUrl":"https:\/\/mekulo.com\/nl\/wp-content\/uploads\/sites\/14\/2025\/12\/favicon_mekulo.png","width":50,"height":50,"caption":"Mekulo"},"image":{"@id":"https:\/\/mekulo.com\/nl\/#\/schema\/logo\/image\/"}}]}},"_links":{"self":[{"href":"https:\/\/mekulo.com\/nl\/wp-json\/wp\/v2\/pages\/584","targetHints":{"allow":["GET"]}}],"collection":[{"href":"https:\/\/mekulo.com\/nl\/wp-json\/wp\/v2\/pages"}],"about":[{"href":"https:\/\/mekulo.com\/nl\/wp-json\/wp\/v2\/types\/page"}],"author":[{"embeddable":true,"href":"https:\/\/mekulo.com\/nl\/wp-json\/wp\/v2\/users\/1"}],"replies":[{"embeddable":true,"href":"https:\/\/mekulo.com\/nl\/wp-json\/wp\/v2\/comments?post=584"}],"version-history":[{"count":85,"href":"https:\/\/mekulo.com\/nl\/wp-json\/wp\/v2\/pages\/584\/revisions"}],"predecessor-version":[{"id":18689,"href":"https:\/\/mekulo.com\/nl\/wp-json\/wp\/v2\/pages\/584\/revisions\/18689"}],"wp:attachment":[{"href":"https:\/\/mekulo.com\/nl\/wp-json\/wp\/v2\/media?parent=584"}],"curies":[{"name":"wp","href":"https:\/\/api.w.org\/{rel}","templated":true}]}}