{"id":633,"date":"2020-10-13T09:00:26","date_gmt":"2020-10-13T09:00:26","guid":{"rendered":"http:\/\/localhost\/razzi\/?page_id=633"},"modified":"2026-01-07T15:33:21","modified_gmt":"2026-01-07T13:33:21","slug":"apie-mus","status":"publish","type":"page","link":"https:\/\/mekulo.com\/lt\/apie-mus\/","title":{"rendered":"Apie mus"},"content":{"rendered":"\t\t<div data-elementor-type=\"wp-page\" data-elementor-id=\"633\" class=\"elementor elementor-633\" data-elementor-post-type=\"page\">\n\t\t\t\t<div class=\"elementor-element elementor-element-c107ec7 e-flex e-con-boxed e-con e-parent\" data-id=\"c107ec7\" data-element_type=\"container\">\n\t\t\t\t\t<div class=\"e-con-inner\">\n\t\t\t\t<div class=\"elementor-element elementor-element-3b1412d elementor-widget elementor-widget-heading\" data-id=\"3b1412d\" data-element_type=\"widget\" data-widget_type=\"heading.default\">\n\t\t\t\t\t<h1 class=\"elementor-heading-title elementor-size-default\">Apie Mus<\/h1>\t\t\t\t<\/div>\n\t\t\t\t<div class=\"elementor-element elementor-element-b7aed60 elementor-widget elementor-widget-text-editor\" data-id=\"b7aed60\" data-element_type=\"widget\" data-widget_type=\"text-editor.default\">\n\t\t\t\t\t\t\t\t\t<p class=\"p1\" style=\"text-align: center;\">Sveiki atvyk\u0119 \u012f \u201eMekulo\u201c! Esame entuziastingi ekspertai, kurie pad\u0117s jums paversti j\u016bs\u0173 namus ir sod\u0105 tikra gerov\u0117s oaze. M\u016bs\u0173 misija \u2013 pasi\u016blyti jums auk\u0161tos kokyb\u0117s ir stilingus produktus, kurie pagerins bet koki\u0105 erdv\u0119.<\/p>\t\t\t\t\t\t\t\t<\/div>\n\t\t\t\t\t<\/div>\n\t\t\t\t<\/div>\n\t\t<div class=\"elementor-element elementor-element-6a62fcd e-flex e-con-boxed elementor-invisible e-con e-parent\" data-id=\"6a62fcd\" data-element_type=\"container\" data-settings=\"{&quot;background_background&quot;:&quot;classic&quot;,&quot;animation&quot;:&quot;fadeIn&quot;,&quot;animation_delay&quot;:100}\">\n\t\t\t\t\t<div class=\"e-con-inner\">\n\t\t\t\t<div class=\"elementor-element elementor-element-d4414d2 elementor-widget elementor-widget-text-editor\" data-id=\"d4414d2\" data-element_type=\"widget\" data-widget_type=\"text-editor.default\">\n\t\t\t\t\t\t\t\t\t<div class=\"banner__box banner--transparent-white content-container content-container--full-width-mobile color-background-1 gradient\"><h3 class=\"banner__heading h1 title-with-highlight\" style=\"--hightlight-color: #6d388b;\"><span style=\"font-style: inherit;\"><span style=\"color: #000000;\">\u012edom\u0117s rekvizitai:<\/span><\/span><\/h3><h3 class=\"banner__heading h1 title-with-highlight\" style=\"--hightlight-color: #6d388b;\"><span style=\"color: rgba(18, 18, 18, 0.9); font-family: Roboto, sans-serif; font-size: 1rem; font-weight: 400; font-style: inherit;\">\u012emon\u0117s pavadinimas: Xoltra O\u00dc<\/span><\/h3><div class=\"banner__text body\">\u012emon\u0117s kodas: 17392056<br \/>Adresas: Harju maakond, Tallinn, Kesklinna linnaosa, Tornim\u00e4e tn 5, 10145, Estonia<br \/>El. pa\u0161tas: info@mekulo.com<\/div><\/div>\t\t\t\t\t\t\t\t<\/div>\n\t\t\t\t\t<\/div>\n\t\t\t\t<\/div>\n\t\t<div class=\"elementor-element elementor-element-f884877 e-flex e-con-boxed elementor-invisible e-con e-parent\" data-id=\"f884877\" data-element_type=\"container\" data-settings=\"{&quot;animation&quot;:&quot;fadeIn&quot;}\">\n\t\t\t\t\t<div class=\"e-con-inner\">\n\t\t\t\t<div class=\"elementor-element elementor-element-2c45832 elementor-widget elementor-widget-heading\" data-id=\"2c45832\" data-element_type=\"widget\" data-widget_type=\"heading.default\">\n\t\t\t\t\t<h2 class=\"elementor-heading-title elementor-size-default\"><p style=\"margin: 0px;line-height: normal\"><span style=\"font-style: inherit;font-size: 12px;font-weight: 400\"><font color=\"#000000\" face=\"Helvetica\">KLAUSIMAI | ATSAKYMAI<\/font><\/span><span style=\"font-family: Roboto, sans-serif;font-size: 1.875rem;font-weight: 600;font-style: inherit\"><\/span><\/p><\/h2>\t\t\t\t<\/div>\n\t\t\t\t\t<\/div>\n\t\t\t\t<\/div>\n\t\t<div class=\"elementor-element elementor-element-02e682a animated-slow e-flex e-con-boxed elementor-invisible e-con e-parent\" data-id=\"02e682a\" data-element_type=\"container\" data-settings=\"{&quot;animation&quot;:&quot;fadeIn&quot;}\">\n\t\t\t\t\t<div class=\"e-con-inner\">\n\t\t\t\t<div class=\"elementor-element elementor-element-9837441 elementor-widget elementor-widget-heading\" data-id=\"9837441\" data-element_type=\"widget\" data-widget_type=\"heading.default\">\n\t\t\t\t\t<h2 class=\"elementor-heading-title elementor-size-default\">Da\u017eniausiai u\u017eduodami klausimai<\/h2>\t\t\t\t<\/div>\n\t\t\t\t\t<\/div>\n\t\t\t\t<\/div>\n\t\t<div class=\"elementor-element elementor-element-f178ebf e-flex e-con-boxed elementor-invisible e-con e-parent\" data-id=\"f178ebf\" data-element_type=\"container\" data-settings=\"{&quot;animation&quot;:&quot;fadeIn&quot;}\">\n\t\t\t\t\t<div class=\"e-con-inner\">\n\t\t\t\t<div class=\"elementor-element elementor-element-45f5029 elementor-widget__width-initial elementor-widget elementor-widget-shortcode\" data-id=\"45f5029\" data-element_type=\"widget\" data-widget_type=\"shortcode.default\">\n\t\t\t\t\t\t\t<div class=\"elementor-shortcode\"><style>#sp-ea-13416 .spcollapsing { height: 0; overflow: hidden; transition-property: height;transition-duration: 300ms;}#sp-ea-13416.sp-easy-accordion>.sp-ea-single {margin-bottom: 10px; border: 1px solid #f6f3f0; }#sp-ea-13416.sp-easy-accordion>.sp-ea-single>.ea-header a {color: #444;}#sp-ea-13416.sp-easy-accordion>.sp-ea-single>.sp-collapse>.ea-body {background: #fff; color: #444;}#sp-ea-13416.sp-easy-accordion>.sp-ea-single {background: #f6f3f0;}#sp-ea-13416.sp-easy-accordion>.sp-ea-single>.ea-header a .ea-expand-icon { float: right; color: #444;font-size: 16px;}#sp-ea-13416.sp-easy-accordion>.sp-ea-single>.ea-header a .ea-expand-icon {margin-right: 0;}<\/style><div id=\"sp_easy_accordion-1767006546\"><div id=\"sp-ea-13416\" class=\"sp-ea-one sp-easy-accordion\" data-ea-active=\"ea-click\" data-ea-mode=\"vertical\" data-preloader=\"\" data-scroll-active-item=\"\" data-offset-to-scroll=\"0\"><div class=\"ea-card ea-expand sp-ea-single\"><h3 class=\"ea-header\"><a class=\"collapsed\" id=\"ea-header-134160\" role=\"button\" data-sptoggle=\"spcollapse\" data-sptarget=\"#collapse134160\" aria-controls=\"collapse134160\" href=\"#\" aria-expanded=\"true\" tabindex=\"0\"><i aria-hidden=\"true\" role=\"presentation\" class=\"ea-expand-icon eap-icon-ea-expand-minus\"><\/i> Kur galiu rasti savo siuntimo kod\u0105?<\/a><\/h3><div class=\"sp-collapse spcollapse collapsed show\" id=\"collapse134160\" data-parent=\"#sp-ea-13416\" role=\"region\" aria-labelledby=\"ea-header-134160\"> <div class=\"ea-body\"><p>Kai j\u016bs\u0173 u\u017esakymas bus i\u0161si\u0173stas, el. pa\u0161tu gausite sekimo numer\u012f. Sekimo kodas paprastai i\u0161siun\u010diamas per 1\u20133 darbo dienas. Atkreipkite d\u0117mes\u012f, kad sekimo kodas gali tapti aktyvus tik po keli\u0173 darbo dien\u0173.<\/p><\/div><\/div><\/div><div class=\"ea-card sp-ea-single\"><h3 class=\"ea-header\"><a class=\"collapsed\" id=\"ea-header-134161\" role=\"button\" data-sptoggle=\"spcollapse\" data-sptarget=\"#collapse134161\" aria-controls=\"collapse134161\" href=\"#\" aria-expanded=\"false\" tabindex=\"0\"><i aria-hidden=\"true\" role=\"presentation\" class=\"ea-expand-icon eap-icon-ea-expand-plus\"><\/i> Kaip galiu patikrinti, kur yra mano u\u017esakymas?<\/a><\/h3><div class=\"sp-collapse spcollapse \" id=\"collapse134161\" data-parent=\"#sp-ea-13416\" role=\"region\" aria-labelledby=\"ea-header-134161\"> <div class=\"ea-body\"><p>Naudokite el. pa\u0161tu gaut\u0105 sekimo kod\u0105, kad gal\u0117tum\u0117te steb\u0117ti savo u\u017esakymo b\u016bsen\u0105. \u012eveskite sekimo numer\u012f sekimo svetain\u0117je <a href=\"https:\/\/www.17track.net\/lt\">17track<\/a>, kad patikrintum\u0117te siuntos b\u016bsen\u0105. Jei rodomas prane\u0161imas, kad apie siunt\u0105 n\u0117ra informacijos, pasirinkite \u201eYunExpress\u201c kaip siuntos ve\u017e\u0117j\u0105.<\/p><p>Sekimo kodas siun\u010diamas kartu su u\u017esakymo patvirtinimo el. lai\u0161ku, kur\u012f tur\u0117tum\u0117te gauti per 1\u20133 darbo dienas po pirminio u\u017esakymo pateikimo. Jei po 1\u20133 dien\u0173 vis dar neturite sekimo numerio, susisiekite su mumis.<\/p><\/div><\/div><\/div><div class=\"ea-card sp-ea-single\"><h3 class=\"ea-header\"><a class=\"collapsed\" id=\"ea-header-134162\" role=\"button\" data-sptoggle=\"spcollapse\" data-sptarget=\"#collapse134162\" aria-controls=\"collapse134162\" href=\"#\" aria-expanded=\"false\" tabindex=\"0\"><i aria-hidden=\"true\" role=\"presentation\" class=\"ea-expand-icon eap-icon-ea-expand-plus\"><\/i> K\u0105 daryti, jei nesu patenkintas savo u\u017esakymu?<\/a><\/h3><div class=\"sp-collapse spcollapse \" id=\"collapse134162\" data-parent=\"#sp-ea-13416\" role=\"region\" aria-labelledby=\"ea-header-134162\"> <div class=\"ea-body\"><p>Jei nesate patenkinti savo u\u017esakymu, susisiekite su mumis adresu info@mekulo.com. Apra\u0161ykite savo problem\u0105 kuo i\u0161samiau, prid\u0117dami nuotrauk\u0105 ar vaizdo \u012fra\u0161\u0105. \u012evertin\u0119 u\u017esakyto produkto problem\u0105, stengsim\u0117s kuo grei\u010diau atsakyti ir rasti abipusiai priimtin\u0105 kompromis\u0105 problemai i\u0161spr\u0119sti.<\/p><p>Be to, bet kuris u\u017esakymas gali b\u016bti gr\u0105\u017eintas per 14 darbo dien\u0173. Daugiau informacijos rasite skyriuje \u201e<a href=\"https:\/\/mekulo.com\/lt\/siuntimas-ir-grazinimai\/\">Pristatymas ir gr\u0105\u017einimas<\/a>\u201c.<\/p><\/div><\/div><\/div><div class=\"ea-card sp-ea-single\"><h3 class=\"ea-header\"><a class=\"collapsed\" id=\"ea-header-134163\" role=\"button\" data-sptoggle=\"spcollapse\" data-sptarget=\"#collapse134163\" aria-controls=\"collapse134163\" href=\"#\" aria-expanded=\"false\" tabindex=\"0\"><i aria-hidden=\"true\" role=\"presentation\" class=\"ea-expand-icon eap-icon-ea-expand-plus\"><\/i> Ar mano mok\u0117jimo duomenys yra saug\u016bs?<\/a><\/h3><div class=\"sp-collapse spcollapse \" id=\"collapse134163\" data-parent=\"#sp-ea-13416\" role=\"region\" aria-labelledby=\"ea-header-134163\"> <div class=\"ea-body\"><p>Mes naudojame SSL (Secure Socket Layer) \u0161ifravim\u0105, kuris u\u017etikrina, kad j\u016bs\u0173 duomenys b\u016bt\u0173 saugiai perduodami tarp j\u016bs\u0173 nar\u0161ykl\u0117s ir m\u016bs\u0173 serveri\u0173. Tai suteikia papildom\u0105 apsaug\u0105 nuo duomen\u0173 vagyst\u0117s ir u\u017etikrina, kad j\u016bs\u0173 asmeniniai mok\u0117jimo duomenys b\u016bt\u0173 saug\u016bs.<\/p><\/div><\/div><\/div><div class=\"ea-card sp-ea-single\"><h3 class=\"ea-header\"><a class=\"collapsed\" id=\"ea-header-134164\" role=\"button\" data-sptoggle=\"spcollapse\" data-sptarget=\"#collapse134164\" aria-controls=\"collapse134164\" href=\"#\" aria-expanded=\"false\" tabindex=\"0\"><i aria-hidden=\"true\" role=\"presentation\" class=\"ea-expand-icon eap-icon-ea-expand-plus\"><\/i> Kaip galiu gr\u0105\u017einti prek\u0119?<\/a><\/h3><div class=\"sp-collapse spcollapse \" id=\"collapse134164\" data-parent=\"#sp-ea-13416\" role=\"region\" aria-labelledby=\"ea-header-134164\"> <div class=\"ea-body\"><p>D\u0117l i\u0161samesn\u0117s informacijos apie preki\u0173 gr\u0105\u017einim\u0105 ra\u0161ykite mums adresu info@mekulo.com. Visas prekes galima gr\u0105\u017einti per 14 darbo dien\u0173 be jokios prie\u017easties. Tiesiog susisiekite su mumis ir mes pateiksime vis\u0105 reikiam\u0105 informacij\u0105, kaip gr\u0105\u017einti siunt\u0105.<\/p><p>M\u016bs\u0173 gr\u0105\u017einimo adresas:<br \/>Vienyb\u0117s g. 5, \u0160ilal\u0117, LT-75129, Lietuva.<\/p><p>Daugiau informacijos rasite skyriuje <a href=\"https:\/\/mekulo.com\/lt\/siuntimas-ir-grazinimai\/\">\u201ePristatymas ir gr\u0105\u017einimas\u201c<\/a>.<\/p><\/div><\/div><\/div><div class=\"ea-card sp-ea-single\"><h3 class=\"ea-header\"><a class=\"collapsed\" id=\"ea-header-134165\" role=\"button\" data-sptoggle=\"spcollapse\" data-sptarget=\"#collapse134165\" aria-controls=\"collapse134165\" href=\"#\" aria-expanded=\"false\" tabindex=\"0\"><i aria-hidden=\"true\" role=\"presentation\" class=\"ea-expand-icon eap-icon-ea-expand-plus\"><\/i> Neradote atsakymo \u012f savo klausim\u0105?<\/a><\/h3><div class=\"sp-collapse spcollapse \" id=\"collapse134165\" data-parent=\"#sp-ea-13416\" role=\"region\" aria-labelledby=\"ea-header-134165\"> <div class=\"ea-body\"><p>Jei turite neatsakyt\u0173 klausim\u0173 ar reikalinga papildoma informacija, susisiekite su mumis adresu info@mekulo.com.<\/p><p>M\u016bs\u0173 klient\u0173 aptarnavimo komanda visada pasirengusi pad\u0117ti ir atsakyti \u012f J\u016bs\u0173 klausimus. \u012e klausimus atsakome per 24 valandas. Neradote atsakymo \u012f savo klausim\u0105?<\/p><\/div><\/div><\/div><\/div><\/div><\/div>\n\t\t\t\t\t\t<\/div>\n\t\t\t\t\t<\/div>\n\t\t\t\t<\/div>\n\t\t<div class=\"elementor-element elementor-element-d32996f e-flex e-con-boxed e-con e-parent\" data-id=\"d32996f\" data-element_type=\"container\">\n\t\t\t\t\t<div class=\"e-con-inner\">\n\t\t\t\t<div class=\"elementor-element elementor-element-1a2a253 elementor-align-center elementor-widget elementor-widget-button\" data-id=\"1a2a253\" data-element_type=\"widget\" data-widget_type=\"button.default\">\n\t\t\t\t\t\t\t\t\t\t<a class=\"elementor-button elementor-button-link elementor-size-sm\" href=\"https:\/\/mekulo.com\/lt\/susisiekti-su-mumis\/\">\n\t\t\t\t\t\t<span class=\"elementor-button-content-wrapper\">\n\t\t\t\t\t\t<span class=\"elementor-button-icon\">\n\t\t\t\t<svg aria-hidden=\"true\" class=\"e-font-icon-svg e-fas-long-arrow-alt-right\" viewBox=\"0 0 448 512\" xmlns=\"http:\/\/www.w3.org\/2000\/svg\"><path d=\"M313.941 216H12c-6.627 0-12 5.373-12 12v56c0 6.627 5.373 12 12 12h301.941v46.059c0 21.382 25.851 32.09 40.971 16.971l86.059-86.059c9.373-9.373 9.373-24.569 0-33.941l-86.059-86.059c-15.119-15.119-40.971-4.411-40.971 16.971V216z\"><\/path><\/svg>\t\t\t<\/span>\n\t\t\t\t\t\t\t\t\t<span class=\"elementor-button-text\">Susisiekti su mumis<\/span>\n\t\t\t\t\t<\/span>\n\t\t\t\t\t<\/a>\n\t\t\t\t\t\t\t\t<\/div>\n\t\t\t\t\t<\/div>\n\t\t\t\t<\/div>\n\t\t\t\t<\/div>\n\t\t","protected":false},"excerpt":{"rendered":"<p>Apie Mus Sveiki atvyk\u0119 \u012f \u201eMekulo\u201c! Esame entuziastingi ekspertai, kurie pad\u0117s jums paversti j\u016bs\u0173 namus ir sod\u0105 tikra gerov\u0117s oaze. [&hellip;]<\/p>\n","protected":false},"author":1,"featured_media":0,"parent":0,"menu_order":0,"comment_status":"closed","ping_status":"closed","template":"","meta":{"site-sidebar-layout":"no-sidebar","site-content-layout":"","ast-site-content-layout":"full-width-container","site-content-style":"default","site-sidebar-style":"default","ast-global-header-display":"","ast-banner-title-visibility":"","ast-main-header-display":"","ast-hfb-above-header-display":"","ast-hfb-below-header-display":"","ast-hfb-mobile-header-display":"","site-post-title":"disabled","ast-breadcrumbs-content":"","ast-featured-img":"","footer-sml-layout":"","theme-transparent-header-meta":"","adv-header-id-meta":"","stick-header-meta":"","header-above-stick-meta":"","header-main-stick-meta":"","header-below-stick-meta":"","astra-migrate-meta-layouts":"default","ast-page-background-enabled":"default","ast-page-background-meta":{"desktop":{"background-color":"var(--ast-global-color-5)","background-image":"","background-repeat":"repeat","background-position":"center center","background-size":"auto","background-attachment":"scroll","background-type":"","background-media":"","overlay-type":"","overlay-color":"","overlay-opacity":"","overlay-gradient":""},"tablet":{"background-color":"","background-image":"","background-repeat":"repeat","background-position":"center center","background-size":"auto","background-attachment":"scroll","background-type":"","background-media":"","overlay-type":"","overlay-color":"","overlay-opacity":"","overlay-gradient":""},"mobile":{"background-color":"","background-image":"","background-repeat":"repeat","background-position":"center center","background-size":"auto","background-attachment":"scroll","background-type":"","background-media":"","overlay-type":"","overlay-color":"","overlay-opacity":"","overlay-gradient":""}},"ast-content-background-meta":{"desktop":{"background-color":"var(--ast-global-color-4)","background-image":"","background-repeat":"repeat","background-position":"center center","background-size":"auto","background-attachment":"scroll","background-type":"","background-media":"","overlay-type":"","overlay-color":"","overlay-opacity":"","overlay-gradient":""},"tablet":{"background-color":"var(--ast-global-color-4)","background-image":"","background-repeat":"repeat","background-position":"center center","background-size":"auto","background-attachment":"scroll","background-type":"","background-media":"","overlay-type":"","overlay-color":"","overlay-opacity":"","overlay-gradient":""},"mobile":{"background-color":"var(--ast-global-color-4)","background-image":"","background-repeat":"repeat","background-position":"center center","background-size":"auto","background-attachment":"scroll","background-type":"","background-media":"","overlay-type":"","overlay-color":"","overlay-opacity":"","overlay-gradient":""}},"footnotes":""},"class_list":["post-633","page","type-page","status-publish","hentry"],"yoast_head":"<!-- This site is optimized with the Yoast SEO plugin v26.6 - https:\/\/yoast.com\/wordpress\/plugins\/seo\/ -->\n<title>Apie mus - Mekulo LT<\/title>\n<meta name=\"robots\" content=\"index, follow, max-snippet:-1, max-image-preview:large, max-video-preview:-1\" \/>\n<link rel=\"canonical\" href=\"https:\/\/mekulo.com\/lt\/apie-mus\/\" \/>\n<meta property=\"og:locale\" content=\"lt_LT\" \/>\n<meta property=\"og:type\" content=\"article\" \/>\n<meta property=\"og:title\" content=\"Apie mus - Mekulo LT\" \/>\n<meta property=\"og:description\" content=\"Apie Mus Sveiki atvyk\u0119 \u012f \u201eMekulo\u201c! Esame entuziastingi ekspertai, kurie pad\u0117s jums paversti j\u016bs\u0173 namus ir sod\u0105 tikra gerov\u0117s oaze. [&hellip;]\" \/>\n<meta property=\"og:url\" content=\"https:\/\/mekulo.com\/lt\/apie-mus\/\" \/>\n<meta property=\"og:site_name\" content=\"Mekulo LT\" \/>\n<meta property=\"article:modified_time\" content=\"2026-01-07T13:33:21+00:00\" \/>\n<meta name=\"twitter:card\" content=\"summary_large_image\" \/>\n<meta name=\"twitter:label1\" content=\"Est. reading time\" \/>\n\t<meta name=\"twitter:data1\" content=\"3 minut\u0117s\" \/>\n<script type=\"application\/ld+json\" class=\"yoast-schema-graph\">{\"@context\":\"https:\/\/schema.org\",\"@graph\":[{\"@type\":\"WebPage\",\"@id\":\"https:\/\/mekulo.com\/lt\/apie-mus\/\",\"url\":\"https:\/\/mekulo.com\/lt\/apie-mus\/\",\"name\":\"Apie mus - Mekulo LT\",\"isPartOf\":{\"@id\":\"https:\/\/mekulo.com\/lt\/#website\"},\"datePublished\":\"2020-10-13T09:00:26+00:00\",\"dateModified\":\"2026-01-07T13:33:21+00:00\",\"breadcrumb\":{\"@id\":\"https:\/\/mekulo.com\/lt\/apie-mus\/#breadcrumb\"},\"inLanguage\":\"lt-LT\",\"potentialAction\":[{\"@type\":\"ReadAction\",\"target\":[\"https:\/\/mekulo.com\/lt\/apie-mus\/\"]}]},{\"@type\":\"BreadcrumbList\",\"@id\":\"https:\/\/mekulo.com\/lt\/apie-mus\/#breadcrumb\",\"itemListElement\":[{\"@type\":\"ListItem\",\"position\":1,\"name\":\"Home\",\"item\":\"https:\/\/mekulo.com\/lt\/\"},{\"@type\":\"ListItem\",\"position\":2,\"name\":\"Apie mus\"}]},{\"@type\":\"WebSite\",\"@id\":\"https:\/\/mekulo.com\/lt\/#website\",\"url\":\"https:\/\/mekulo.com\/lt\/\",\"name\":\"Mekulo LT\",\"description\":\"\",\"publisher\":{\"@id\":\"https:\/\/mekulo.com\/lt\/#organization\"},\"potentialAction\":[{\"@type\":\"SearchAction\",\"target\":{\"@type\":\"EntryPoint\",\"urlTemplate\":\"https:\/\/mekulo.com\/lt\/?s={search_term_string}\"},\"query-input\":{\"@type\":\"PropertyValueSpecification\",\"valueRequired\":true,\"valueName\":\"search_term_string\"}}],\"inLanguage\":\"lt-LT\"},{\"@type\":\"Organization\",\"@id\":\"https:\/\/mekulo.com\/lt\/#organization\",\"name\":\"Mekulo\",\"url\":\"https:\/\/mekulo.com\/lt\/\",\"logo\":{\"@type\":\"ImageObject\",\"inLanguage\":\"lt-LT\",\"@id\":\"https:\/\/mekulo.com\/lt\/#\/schema\/logo\/image\/\",\"url\":\"https:\/\/mekulo.com\/lt\/wp-content\/uploads\/sites\/15\/2025\/12\/favicon_mekulo.png\",\"contentUrl\":\"https:\/\/mekulo.com\/lt\/wp-content\/uploads\/sites\/15\/2025\/12\/favicon_mekulo.png\",\"width\":50,\"height\":50,\"caption\":\"Mekulo\"},\"image\":{\"@id\":\"https:\/\/mekulo.com\/lt\/#\/schema\/logo\/image\/\"}}]}<\/script>\n<!-- \/ Yoast SEO plugin. -->","yoast_head_json":{"title":"Apie mus - Mekulo LT","robots":{"index":"index","follow":"follow","max-snippet":"max-snippet:-1","max-image-preview":"max-image-preview:large","max-video-preview":"max-video-preview:-1"},"canonical":"https:\/\/mekulo.com\/lt\/apie-mus\/","og_locale":"lt_LT","og_type":"article","og_title":"Apie mus - Mekulo LT","og_description":"Apie Mus Sveiki atvyk\u0119 \u012f \u201eMekulo\u201c! Esame entuziastingi ekspertai, kurie pad\u0117s jums paversti j\u016bs\u0173 namus ir sod\u0105 tikra gerov\u0117s oaze. [&hellip;]","og_url":"https:\/\/mekulo.com\/lt\/apie-mus\/","og_site_name":"Mekulo LT","article_modified_time":"2026-01-07T13:33:21+00:00","twitter_card":"summary_large_image","twitter_misc":{"Est. reading time":"3 minut\u0117s"},"schema":{"@context":"https:\/\/schema.org","@graph":[{"@type":"WebPage","@id":"https:\/\/mekulo.com\/lt\/apie-mus\/","url":"https:\/\/mekulo.com\/lt\/apie-mus\/","name":"Apie mus - Mekulo LT","isPartOf":{"@id":"https:\/\/mekulo.com\/lt\/#website"},"datePublished":"2020-10-13T09:00:26+00:00","dateModified":"2026-01-07T13:33:21+00:00","breadcrumb":{"@id":"https:\/\/mekulo.com\/lt\/apie-mus\/#breadcrumb"},"inLanguage":"lt-LT","potentialAction":[{"@type":"ReadAction","target":["https:\/\/mekulo.com\/lt\/apie-mus\/"]}]},{"@type":"BreadcrumbList","@id":"https:\/\/mekulo.com\/lt\/apie-mus\/#breadcrumb","itemListElement":[{"@type":"ListItem","position":1,"name":"Home","item":"https:\/\/mekulo.com\/lt\/"},{"@type":"ListItem","position":2,"name":"Apie mus"}]},{"@type":"WebSite","@id":"https:\/\/mekulo.com\/lt\/#website","url":"https:\/\/mekulo.com\/lt\/","name":"Mekulo LT","description":"","publisher":{"@id":"https:\/\/mekulo.com\/lt\/#organization"},"potentialAction":[{"@type":"SearchAction","target":{"@type":"EntryPoint","urlTemplate":"https:\/\/mekulo.com\/lt\/?s={search_term_string}"},"query-input":{"@type":"PropertyValueSpecification","valueRequired":true,"valueName":"search_term_string"}}],"inLanguage":"lt-LT"},{"@type":"Organization","@id":"https:\/\/mekulo.com\/lt\/#organization","name":"Mekulo","url":"https:\/\/mekulo.com\/lt\/","logo":{"@type":"ImageObject","inLanguage":"lt-LT","@id":"https:\/\/mekulo.com\/lt\/#\/schema\/logo\/image\/","url":"https:\/\/mekulo.com\/lt\/wp-content\/uploads\/sites\/15\/2025\/12\/favicon_mekulo.png","contentUrl":"https:\/\/mekulo.com\/lt\/wp-content\/uploads\/sites\/15\/2025\/12\/favicon_mekulo.png","width":50,"height":50,"caption":"Mekulo"},"image":{"@id":"https:\/\/mekulo.com\/lt\/#\/schema\/logo\/image\/"}}]}},"_links":{"self":[{"href":"https:\/\/mekulo.com\/lt\/wp-json\/wp\/v2\/pages\/633","targetHints":{"allow":["GET"]}}],"collection":[{"href":"https:\/\/mekulo.com\/lt\/wp-json\/wp\/v2\/pages"}],"about":[{"href":"https:\/\/mekulo.com\/lt\/wp-json\/wp\/v2\/types\/page"}],"author":[{"embeddable":true,"href":"https:\/\/mekulo.com\/lt\/wp-json\/wp\/v2\/users\/1"}],"replies":[{"embeddable":true,"href":"https:\/\/mekulo.com\/lt\/wp-json\/wp\/v2\/comments?post=633"}],"version-history":[{"count":105,"href":"https:\/\/mekulo.com\/lt\/wp-json\/wp\/v2\/pages\/633\/revisions"}],"predecessor-version":[{"id":18903,"href":"https:\/\/mekulo.com\/lt\/wp-json\/wp\/v2\/pages\/633\/revisions\/18903"}],"wp:attachment":[{"href":"https:\/\/mekulo.com\/lt\/wp-json\/wp\/v2\/media?parent=633"}],"curies":[{"name":"wp","href":"https:\/\/api.w.org\/{rel}","templated":true}]}}