{"id":546,"date":"2020-10-13T02:48:45","date_gmt":"2020-10-13T02:48:45","guid":{"rendered":"http:\/\/localhost\/razzi\/?page_id=546"},"modified":"2026-01-08T11:04:11","modified_gmt":"2026-01-08T09:04:11","slug":"siuntimas-ir-grazinimai","status":"publish","type":"page","link":"https:\/\/mekulo.com\/lt\/siuntimas-ir-grazinimai\/","title":{"rendered":"Pristatymas ir gr\u0105\u017einimai"},"content":{"rendered":"\t\t<div data-elementor-type=\"wp-page\" data-elementor-id=\"546\" class=\"elementor elementor-546\" data-elementor-post-type=\"page\">\n\t\t\t\t<div class=\"elementor-element elementor-element-a937d85 e-flex e-con-boxed e-con e-parent\" data-id=\"a937d85\" data-element_type=\"container\">\n\t\t\t\t\t<div class=\"e-con-inner\">\n\t\t\t\t<div class=\"elementor-element elementor-element-3962e41 elementor-widget elementor-widget-heading\" data-id=\"3962e41\" data-element_type=\"widget\" data-widget_type=\"heading.default\">\n\t\t\t\t\t<h2 class=\"elementor-heading-title elementor-size-default\">Pristatymas ir gr\u0105\u017einimai<\/h2>\t\t\t\t<\/div>\n\t\t\t\t<div class=\"elementor-element elementor-element-62b522a elementor-widget elementor-widget-text-editor\" data-id=\"62b522a\" data-element_type=\"widget\" data-widget_type=\"text-editor.default\">\n\t\t\t\t\t\t\t\t\t<p style=\"color: #000000; font-size: medium; font-style: normal; font-weight: 400;\" data-start=\"142\" data-end=\"323\">Siekiame, kad J\u016bs\u0173 apsipirkimo patirtis b\u016bt\u0173 sklandi ir be r\u016bpes\u010di\u0173. \u010cia rasite vis\u0105 svarbi\u0105 informacij\u0105 apie pristatym\u0105, preki\u0173 gr\u0105\u017einim\u0105 ir pinig\u0173 gr\u0105\u017einim\u0105 mekulo.com svetain\u0117je.<\/p>\n<hr style=\"font-size: medium; font-style: normal; font-weight: 400;\" data-start=\"325\" data-end=\"328\">\n<h2 style=\"color: #000000; font-style: normal;\" data-start=\"330\" data-end=\"344\">Pristatymas<\/h2>\n<h3 style=\"color: #000000; font-style: normal;\" data-start=\"346\" data-end=\"373\">Pristatymo teritorija<\/h3>\n<p style=\"color: #000000; font-size: medium; font-style: normal; font-weight: 400;\" data-start=\"374\" data-end=\"553\">Pristatome \u012f visas Europos \u0161alis. Priklausomai nuo J\u016bs\u0173 buvimo vietos, u\u017esakymas bus pristatytas vietine pa\u0161to tarnyba arba, kai kuriais atvejais, \u012f pa\u0161tomat\u0105 ar atsi\u0117mimo punkt\u0105.<\/p>\n<h3 style=\"color: #000000; font-style: normal;\" data-start=\"555\" data-end=\"577\">Pristatymo kaina<\/h3>\n<ul style=\"color: rgb(0, 0, 0); font-size: medium; font-style: normal;\" data-start=\"578\" data-end=\"671\">\n<li data-start=\"578\" data-end=\"618\" style=\"\">\n<p data-start=\"580\" data-end=\"618\" style=\"\">Standartinis pristatymas: <b>2<span data-start=\"606\" data-end=\"616\" style=\"\">,99 \u20ac<\/span><\/b><\/p>\n<\/li>\n<li data-start=\"619\" data-end=\"671\" style=\"font-weight: 400;\">\n<p data-start=\"621\" data-end=\"671\"><strong data-start=\"621\" data-end=\"646\">Nemokamas pristatymas<\/strong> u\u017esakymams vir\u0161 <strong data-start=\"663\" data-end=\"671\">35 \u20ac<\/strong><\/p>\n<\/li>\n<\/ul>\n<h3 style=\"color: #000000; font-style: normal;\" data-start=\"673\" data-end=\"698\">Pristatymo terminai<\/h3>\n<ul style=\"color: #000000; font-size: medium; font-style: normal; font-weight: 400;\" data-start=\"699\" data-end=\"805\">\n<li data-start=\"699\" data-end=\"742\">\n<p data-start=\"701\" data-end=\"742\">U\u017esakymo paruo\u0161imas: <strong data-start=\"722\" data-end=\"740\">2 darbo dienos<\/strong><\/p>\n<\/li>\n<li data-start=\"743\" data-end=\"805\">\n<p data-start=\"745\" data-end=\"805\">Numatomos pristatymo trukm\u0117s Europoje: <strong data-start=\"784\" data-end=\"805\">iki 7 darbo dien\u0173<\/strong><\/p>\n<\/li>\n<\/ul>\n<p style=\"color: #000000; font-size: medium; font-style: normal; font-weight: 400;\" data-start=\"807\" data-end=\"912\">Atkreipkite d\u0117mes\u012f, kad nurodyti terminai yra preliminar\u016bs, o d\u0117l nenumatyt\u0173 aplinkybi\u0173 galimi v\u0117lavimai.<\/p>\n<h3 style=\"color: #000000; font-style: normal;\" data-start=\"914\" data-end=\"940\">Atsakomyb\u0117 ir rizika<\/h3>\n<ul style=\"color: #000000; font-size: medium; font-style: normal; font-weight: 400;\" data-start=\"941\" data-end=\"1318\">\n<li data-start=\"941\" data-end=\"1071\">\n<p data-start=\"943\" data-end=\"1071\">Jei J\u016bs\u0173 u\u017esakymas b\u016bt\u0173 prarastas, v\u0117luot\u0173 ar b\u016bt\u0173 pa\u017eeistas, mes i\u0161si\u0173sime prekes i\u0161 naujo arba gr\u0105\u017einsime sumok\u0117tus pinigus.<\/p>\n<\/li>\n<li data-start=\"1072\" data-end=\"1175\">\n<p data-start=\"1074\" data-end=\"1175\">Mes neatsakome u\u017e ve\u017e\u0117jo sukeltus v\u0117lavimus, ta\u010diau visada u\u017etikriname, kad u\u017esakymas Jus pasiekt\u0173.<\/p>\n<\/li>\n<li data-start=\"1176\" data-end=\"1254\">\n<p data-start=\"1178\" data-end=\"1254\">Preki\u0173 praradimo ar sugadinimo rizika pereina Jums preki\u0173 pristatymo metu.<\/p>\n<\/li>\n<li data-start=\"1255\" data-end=\"1318\">\n<p data-start=\"1257\" data-end=\"1318\">J\u016bs esate atsakingi u\u017e teising\u0173 pristatymo duomen\u0173 pateikim\u0105.<\/p>\n<\/li>\n<\/ul>\n<hr style=\"font-size: medium; font-style: normal; font-weight: 400;\" data-start=\"1320\" data-end=\"1323\">\n<h2 style=\"color: #000000; font-style: normal;\" data-start=\"1325\" data-end=\"1359\">Gr\u0105\u017einimai ir pinig\u0173 gr\u0105\u017einimas<\/h2>\n<h3 style=\"color: #000000; font-style: normal;\" data-start=\"1361\" data-end=\"1383\">Atsisakymo teis\u0117<\/h3>\n<p style=\"color: #000000; font-size: medium; font-style: normal; font-weight: 400;\" data-start=\"1384\" data-end=\"1457\">J\u016bs turite teis\u0119 gr\u0105\u017einti u\u017esakym\u0105 per <strong data-start=\"1423\" data-end=\"1456\">14 dien\u0173 nuo jo gavimo dienos<\/strong>.<\/p>\n<h3 style=\"color: #000000; font-style: normal;\" data-start=\"1459\" data-end=\"1482\">Gr\u0105\u017einimo s\u0105lygos<\/h3>\n<ul style=\"color: #000000; font-size: medium; font-style: normal; font-weight: 400;\" data-start=\"1483\" data-end=\"1654\">\n<li data-start=\"1483\" data-end=\"1565\">\n<p data-start=\"1485\" data-end=\"1565\">Prek\u0117s turi b\u016bti nenaudotos, nepa\u017eeistos ir gr\u0105\u017einamos originalioje pakuot\u0117je.<\/p>\n<\/li>\n<li data-start=\"1566\" data-end=\"1654\">\n<p data-start=\"1568\" data-end=\"1654\">Prek\u0119 galite i\u0161bandyti tik tiek, kiek b\u016btina jos savyb\u0117ms ir funkcionalumui \u012fvertinti.<\/p>\n<\/li>\n<\/ul>\n<h3 style=\"color: #000000; font-style: normal;\" data-start=\"1656\" data-end=\"1687\">Dalinis pinig\u0173 gr\u0105\u017einimas<\/h3>\n<ul style=\"color: #000000; font-size: medium; font-style: normal; font-weight: 400;\" data-start=\"1688\" data-end=\"1926\">\n<li data-start=\"1688\" data-end=\"1804\">\n<p data-start=\"1690\" data-end=\"1804\">Jei gr\u0105\u017einta prek\u0117 yra naudota, pa\u017eeista ar nepilnos komplektacijos, galime taikyti <strong data-start=\"1774\" data-end=\"1801\">dalin\u012f pinig\u0173 gr\u0105\u017einim\u0105<\/strong>.<\/p>\n<\/li>\n<li data-start=\"1805\" data-end=\"1926\">\n<p data-start=\"1807\" data-end=\"1926\">Dalinis pinig\u0173 gr\u0105\u017einimas taip pat gali b\u016bti pasi\u016blytas, jei nesate patenkinti preke, bet nusprend\u017eiate jos negr\u0105\u017einti.<\/p>\n<\/li>\n<\/ul>\n<h3 style=\"color: #000000; font-style: normal;\" data-start=\"1928\" data-end=\"1952\">Gr\u0105\u017einimo i\u0161laidos<\/h3>\n<ul style=\"color: #000000; font-size: medium; font-style: normal; font-weight: 400;\" data-start=\"1953\" data-end=\"2048\">\n<li data-start=\"1953\" data-end=\"1999\">\n<p data-start=\"1955\" data-end=\"1999\">Preki\u0173 gr\u0105\u017einimo i\u0161laidas apmoka pirk\u0117jas.<\/p>\n<\/li>\n<li data-start=\"2000\" data-end=\"2048\">\n<p data-start=\"2002\" data-end=\"2048\">I\u0161im\u010di\u0173 netaikome, net ir pasikeitus nuomonei.<\/p>\n<\/li>\n<\/ul>\n<h3 style=\"color: #000000; font-style: normal;\" data-start=\"2050\" data-end=\"2081\">Pinig\u0173 gr\u0105\u017einimo terminas<\/h3>\n<ul style=\"color: #000000; font-size: medium; font-style: normal; font-weight: 400;\" data-start=\"2082\" data-end=\"2289\">\n<li data-start=\"2082\" data-end=\"2223\">\n<p data-start=\"2084\" data-end=\"2223\">Pinigai gr\u0105\u017einami per <strong data-start=\"2106\" data-end=\"2118\">14 dien\u0173<\/strong> nuo gr\u0105\u017eint\u0173 preki\u0173 gavimo arba per 14 dien\u0173 nuo susitarimo d\u0117l dalinio pinig\u0173 gr\u0105\u017einimo be gr\u0105\u017einimo.<\/p>\n<\/li>\n<li data-start=\"2224\" data-end=\"2289\">\n<p data-start=\"2226\" data-end=\"2289\">Gr\u0105\u017einama suma apima ir pradinio standartinio pristatymo kain\u0105.<\/p>\n<\/li>\n<\/ul>\n<h3 style=\"color: #000000; font-style: normal;\" data-start=\"2291\" data-end=\"2314\">Gr\u0105\u017einimo adresas<\/h3>\n<p style=\"color: #000000; font-size: medium; font-style: normal; font-weight: 400;\" data-start=\"2315\" data-end=\"2342\">Gr\u0105\u017einimus si\u0173skite adresu:<\/p>\n<p style=\"color: #000000; font-size: medium; font-style: normal; font-weight: 400;\" data-start=\"2344\" data-end=\"2400\"><strong data-start=\"2344\" data-end=\"2357\">Xoltra O\u00dc<\/strong><br data-start=\"2357\" data-end=\"2360\">Vienyb\u0117s g. 5<br data-start=\"2373\" data-end=\"2376\">75129 \u0160ilal\u0117<br data-start=\"2388\" data-end=\"2391\">Lietuva<\/p>\n<p style=\"color: #000000; font-size: medium; font-style: normal; font-weight: 400;\" data-start=\"2402\" data-end=\"2488\">Jei turite klausim\u0173 d\u0117l gr\u0105\u017einimo, susisiekite su mumis el. pa\u0161tu: <strong data-start=\"2469\" data-end=\"2488\"><a rel=\"noopener\" data-start=\"2471\" data-end=\"2486\">info@mekulo.com<\/a><\/strong><\/p>\n<p style=\"color: #000000; font-size: medium; font-style: normal; font-weight: 400;\" data-start=\"2490\" data-end=\"2576\">Visos prek\u0117s, \u012fsigytos mekulo.com svetain\u0117je, gali b\u016bti gr\u0105\u017einamos pagal \u0161ias s\u0105lygas.<\/p>\n<hr style=\"font-size: medium; font-style: normal; font-weight: 400;\" data-start=\"2578\" data-end=\"2581\">\n<h2 style=\"color: #000000; font-style: normal;\" data-start=\"2583\" data-end=\"2602\">Trumpa santrauka<\/h2>\n<ul style=\"color: #000000; font-size: medium; font-style: normal; font-weight: 400;\" data-start=\"2604\" data-end=\"2919\">\n<li data-start=\"2604\" data-end=\"2655\">\n<p data-start=\"2606\" data-end=\"2655\">Pristatymas: 2<strong data-start=\"2619\" data-end=\"2629\">,99 \u20ac<\/strong>, nemokamas nuo <strong data-start=\"2645\" data-end=\"2653\">35 \u20ac<\/strong><\/p>\n<\/li>\n<li data-start=\"2656\" data-end=\"2734\">\n<p data-start=\"2658\" data-end=\"2734\">Pristatymas: <strong data-start=\"2671\" data-end=\"2732\">2 darbo dienos paruo\u0161imas + iki 7 darbo dien\u0173 pristatymas<\/strong><\/p>\n<\/li>\n<li data-start=\"2735\" data-end=\"2800\">\n<p data-start=\"2737\" data-end=\"2800\">Gr\u0105\u017einimas: <strong data-start=\"2749\" data-end=\"2761\">14 dien\u0173<\/strong>, prek\u0117s turi b\u016bti originalios b\u016bkl\u0117s<\/p>\n<\/li>\n<li data-start=\"2801\" data-end=\"2871\">\n<p data-start=\"2803\" data-end=\"2871\">Rizika pereina pristatymo metu, gr\u0105\u017einimo i\u0161laidas apmoka pirk\u0117jas<\/p>\n<\/li>\n<li data-start=\"2872\" data-end=\"2919\">\n<p data-start=\"2874\" data-end=\"2919\">Pinig\u0173 gr\u0105\u017einimas atliekamas per <strong data-start=\"2907\" data-end=\"2919\">14 dien\u0173<\/strong><\/p>\n<\/li>\n<\/ul>\n<p style=\"color: #000000; font-size: medium; font-style: normal; font-weight: 400;\" data-start=\"2921\" data-end=\"2997\" data-is-last-node=\"\" data-is-only-node=\"\">Tikim\u0117s, kad \u0161i informacija padarys J\u016bs\u0173 apsipirkim\u0105 ai\u0161k\u0173, saug\u0173 ir patog\u0173.<\/p>\t\t\t\t\t\t\t\t<\/div>\n\t\t\t\t\t<\/div>\n\t\t\t\t<\/div>\n\t\t\t\t<\/div>\n\t\t","protected":false},"excerpt":{"rendered":"<p>Pristatymas ir gr\u0105\u017einimai Siekiame, kad J\u016bs\u0173 apsipirkimo patirtis b\u016bt\u0173 sklandi ir be r\u016bpes\u010di\u0173. \u010cia rasite vis\u0105 svarbi\u0105 informacij\u0105 apie pristatym\u0105, [&hellip;]<\/p>\n","protected":false},"author":1,"featured_media":0,"parent":0,"menu_order":0,"comment_status":"closed","ping_status":"closed","template":"","meta":{"site-sidebar-layout":"default","site-content-layout":"","ast-site-content-layout":"default","site-content-style":"default","site-sidebar-style":"default","ast-global-header-display":"","ast-banner-title-visibility":"","ast-main-header-display":"","ast-hfb-above-header-display":"","ast-hfb-below-header-display":"","ast-hfb-mobile-header-display":"","site-post-title":"disabled","ast-breadcrumbs-content":"","ast-featured-img":"","footer-sml-layout":"","theme-transparent-header-meta":"","adv-header-id-meta":"","stick-header-meta":"","header-above-stick-meta":"","header-main-stick-meta":"","header-below-stick-meta":"","astra-migrate-meta-layouts":"default","ast-page-background-enabled":"default","ast-page-background-meta":{"desktop":{"background-color":"var(--ast-global-color-5)","background-image":"","background-repeat":"repeat","background-position":"center center","background-size":"auto","background-attachment":"scroll","background-type":"","background-media":"","overlay-type":"","overlay-color":"","overlay-opacity":"","overlay-gradient":""},"tablet":{"background-color":"","background-image":"","background-repeat":"repeat","background-position":"center center","background-size":"auto","background-attachment":"scroll","background-type":"","background-media":"","overlay-type":"","overlay-color":"","overlay-opacity":"","overlay-gradient":""},"mobile":{"background-color":"","background-image":"","background-repeat":"repeat","background-position":"center center","background-size":"auto","background-attachment":"scroll","background-type":"","background-media":"","overlay-type":"","overlay-color":"","overlay-opacity":"","overlay-gradient":""}},"ast-content-background-meta":{"desktop":{"background-color":"var(--ast-global-color-4)","background-image":"","background-repeat":"repeat","background-position":"center center","background-size":"auto","background-attachment":"scroll","background-type":"","background-media":"","overlay-type":"","overlay-color":"","overlay-opacity":"","overlay-gradient":""},"tablet":{"background-color":"var(--ast-global-color-4)","background-image":"","background-repeat":"repeat","background-position":"center center","background-size":"auto","background-attachment":"scroll","background-type":"","background-media":"","overlay-type":"","overlay-color":"","overlay-opacity":"","overlay-gradient":""},"mobile":{"background-color":"var(--ast-global-color-4)","background-image":"","background-repeat":"repeat","background-position":"center center","background-size":"auto","background-attachment":"scroll","background-type":"","background-media":"","overlay-type":"","overlay-color":"","overlay-opacity":"","overlay-gradient":""}},"footnotes":""},"class_list":["post-546","page","type-page","status-publish","hentry"],"yoast_head":"<!-- This site is optimized with the Yoast SEO plugin v26.6 - https:\/\/yoast.com\/wordpress\/plugins\/seo\/ -->\n<title>Pristatymas ir gr\u0105\u017einimai - Mekulo LT<\/title>\n<meta name=\"robots\" content=\"index, follow, max-snippet:-1, max-image-preview:large, max-video-preview:-1\" \/>\n<link rel=\"canonical\" href=\"https:\/\/mekulo.com\/lt\/siuntimas-ir-grazinimai\/\" \/>\n<meta property=\"og:locale\" content=\"lt_LT\" \/>\n<meta property=\"og:type\" content=\"article\" \/>\n<meta property=\"og:title\" content=\"Pristatymas ir gr\u0105\u017einimai - Mekulo LT\" \/>\n<meta property=\"og:description\" content=\"Pristatymas ir gr\u0105\u017einimai Siekiame, kad J\u016bs\u0173 apsipirkimo patirtis b\u016bt\u0173 sklandi ir be r\u016bpes\u010di\u0173. \u010cia rasite vis\u0105 svarbi\u0105 informacij\u0105 apie pristatym\u0105, [&hellip;]\" \/>\n<meta property=\"og:url\" content=\"https:\/\/mekulo.com\/lt\/siuntimas-ir-grazinimai\/\" \/>\n<meta property=\"og:site_name\" content=\"Mekulo LT\" \/>\n<meta property=\"article:modified_time\" content=\"2026-01-08T09:04:11+00:00\" \/>\n<meta name=\"twitter:card\" content=\"summary_large_image\" \/>\n<meta name=\"twitter:label1\" content=\"Est. reading time\" \/>\n\t<meta name=\"twitter:data1\" content=\"2 minut\u0117s\" \/>\n<script type=\"application\/ld+json\" class=\"yoast-schema-graph\">{\"@context\":\"https:\/\/schema.org\",\"@graph\":[{\"@type\":\"WebPage\",\"@id\":\"https:\/\/mekulo.com\/lt\/siuntimas-ir-grazinimai\/\",\"url\":\"https:\/\/mekulo.com\/lt\/siuntimas-ir-grazinimai\/\",\"name\":\"Pristatymas ir gr\u0105\u017einimai - Mekulo LT\",\"isPartOf\":{\"@id\":\"https:\/\/mekulo.com\/lt\/#website\"},\"datePublished\":\"2020-10-13T02:48:45+00:00\",\"dateModified\":\"2026-01-08T09:04:11+00:00\",\"breadcrumb\":{\"@id\":\"https:\/\/mekulo.com\/lt\/siuntimas-ir-grazinimai\/#breadcrumb\"},\"inLanguage\":\"lt-LT\",\"potentialAction\":[{\"@type\":\"ReadAction\",\"target\":[\"https:\/\/mekulo.com\/lt\/siuntimas-ir-grazinimai\/\"]}]},{\"@type\":\"BreadcrumbList\",\"@id\":\"https:\/\/mekulo.com\/lt\/siuntimas-ir-grazinimai\/#breadcrumb\",\"itemListElement\":[{\"@type\":\"ListItem\",\"position\":1,\"name\":\"Home\",\"item\":\"https:\/\/mekulo.com\/lt\/\"},{\"@type\":\"ListItem\",\"position\":2,\"name\":\"Pristatymas ir gr\u0105\u017einimai\"}]},{\"@type\":\"WebSite\",\"@id\":\"https:\/\/mekulo.com\/lt\/#website\",\"url\":\"https:\/\/mekulo.com\/lt\/\",\"name\":\"Mekulo LT\",\"description\":\"\",\"publisher\":{\"@id\":\"https:\/\/mekulo.com\/lt\/#organization\"},\"potentialAction\":[{\"@type\":\"SearchAction\",\"target\":{\"@type\":\"EntryPoint\",\"urlTemplate\":\"https:\/\/mekulo.com\/lt\/?s={search_term_string}\"},\"query-input\":{\"@type\":\"PropertyValueSpecification\",\"valueRequired\":true,\"valueName\":\"search_term_string\"}}],\"inLanguage\":\"lt-LT\"},{\"@type\":\"Organization\",\"@id\":\"https:\/\/mekulo.com\/lt\/#organization\",\"name\":\"Mekulo\",\"url\":\"https:\/\/mekulo.com\/lt\/\",\"logo\":{\"@type\":\"ImageObject\",\"inLanguage\":\"lt-LT\",\"@id\":\"https:\/\/mekulo.com\/lt\/#\/schema\/logo\/image\/\",\"url\":\"https:\/\/mekulo.com\/lt\/wp-content\/uploads\/sites\/15\/2025\/12\/favicon_mekulo.png\",\"contentUrl\":\"https:\/\/mekulo.com\/lt\/wp-content\/uploads\/sites\/15\/2025\/12\/favicon_mekulo.png\",\"width\":50,\"height\":50,\"caption\":\"Mekulo\"},\"image\":{\"@id\":\"https:\/\/mekulo.com\/lt\/#\/schema\/logo\/image\/\"}}]}<\/script>\n<!-- \/ Yoast SEO plugin. -->","yoast_head_json":{"title":"Pristatymas ir gr\u0105\u017einimai - Mekulo LT","robots":{"index":"index","follow":"follow","max-snippet":"max-snippet:-1","max-image-preview":"max-image-preview:large","max-video-preview":"max-video-preview:-1"},"canonical":"https:\/\/mekulo.com\/lt\/siuntimas-ir-grazinimai\/","og_locale":"lt_LT","og_type":"article","og_title":"Pristatymas ir gr\u0105\u017einimai - Mekulo LT","og_description":"Pristatymas ir gr\u0105\u017einimai Siekiame, kad J\u016bs\u0173 apsipirkimo patirtis b\u016bt\u0173 sklandi ir be r\u016bpes\u010di\u0173. \u010cia rasite vis\u0105 svarbi\u0105 informacij\u0105 apie pristatym\u0105, [&hellip;]","og_url":"https:\/\/mekulo.com\/lt\/siuntimas-ir-grazinimai\/","og_site_name":"Mekulo LT","article_modified_time":"2026-01-08T09:04:11+00:00","twitter_card":"summary_large_image","twitter_misc":{"Est. reading time":"2 minut\u0117s"},"schema":{"@context":"https:\/\/schema.org","@graph":[{"@type":"WebPage","@id":"https:\/\/mekulo.com\/lt\/siuntimas-ir-grazinimai\/","url":"https:\/\/mekulo.com\/lt\/siuntimas-ir-grazinimai\/","name":"Pristatymas ir gr\u0105\u017einimai - Mekulo LT","isPartOf":{"@id":"https:\/\/mekulo.com\/lt\/#website"},"datePublished":"2020-10-13T02:48:45+00:00","dateModified":"2026-01-08T09:04:11+00:00","breadcrumb":{"@id":"https:\/\/mekulo.com\/lt\/siuntimas-ir-grazinimai\/#breadcrumb"},"inLanguage":"lt-LT","potentialAction":[{"@type":"ReadAction","target":["https:\/\/mekulo.com\/lt\/siuntimas-ir-grazinimai\/"]}]},{"@type":"BreadcrumbList","@id":"https:\/\/mekulo.com\/lt\/siuntimas-ir-grazinimai\/#breadcrumb","itemListElement":[{"@type":"ListItem","position":1,"name":"Home","item":"https:\/\/mekulo.com\/lt\/"},{"@type":"ListItem","position":2,"name":"Pristatymas ir gr\u0105\u017einimai"}]},{"@type":"WebSite","@id":"https:\/\/mekulo.com\/lt\/#website","url":"https:\/\/mekulo.com\/lt\/","name":"Mekulo LT","description":"","publisher":{"@id":"https:\/\/mekulo.com\/lt\/#organization"},"potentialAction":[{"@type":"SearchAction","target":{"@type":"EntryPoint","urlTemplate":"https:\/\/mekulo.com\/lt\/?s={search_term_string}"},"query-input":{"@type":"PropertyValueSpecification","valueRequired":true,"valueName":"search_term_string"}}],"inLanguage":"lt-LT"},{"@type":"Organization","@id":"https:\/\/mekulo.com\/lt\/#organization","name":"Mekulo","url":"https:\/\/mekulo.com\/lt\/","logo":{"@type":"ImageObject","inLanguage":"lt-LT","@id":"https:\/\/mekulo.com\/lt\/#\/schema\/logo\/image\/","url":"https:\/\/mekulo.com\/lt\/wp-content\/uploads\/sites\/15\/2025\/12\/favicon_mekulo.png","contentUrl":"https:\/\/mekulo.com\/lt\/wp-content\/uploads\/sites\/15\/2025\/12\/favicon_mekulo.png","width":50,"height":50,"caption":"Mekulo"},"image":{"@id":"https:\/\/mekulo.com\/lt\/#\/schema\/logo\/image\/"}}]}},"_links":{"self":[{"href":"https:\/\/mekulo.com\/lt\/wp-json\/wp\/v2\/pages\/546","targetHints":{"allow":["GET"]}}],"collection":[{"href":"https:\/\/mekulo.com\/lt\/wp-json\/wp\/v2\/pages"}],"about":[{"href":"https:\/\/mekulo.com\/lt\/wp-json\/wp\/v2\/types\/page"}],"author":[{"embeddable":true,"href":"https:\/\/mekulo.com\/lt\/wp-json\/wp\/v2\/users\/1"}],"replies":[{"embeddable":true,"href":"https:\/\/mekulo.com\/lt\/wp-json\/wp\/v2\/comments?post=546"}],"version-history":[{"count":25,"href":"https:\/\/mekulo.com\/lt\/wp-json\/wp\/v2\/pages\/546\/revisions"}],"predecessor-version":[{"id":18943,"href":"https:\/\/mekulo.com\/lt\/wp-json\/wp\/v2\/pages\/546\/revisions\/18943"}],"wp:attachment":[{"href":"https:\/\/mekulo.com\/lt\/wp-json\/wp\/v2\/media?parent=546"}],"curies":[{"name":"wp","href":"https:\/\/api.w.org\/{rel}","templated":true}]}}