{"id":12648,"date":"2025-12-05T15:20:08","date_gmt":"2025-12-05T15:20:08","guid":{"rendered":"https:\/\/mekulo.com\/lt\/?page_id=12648"},"modified":"2026-01-07T16:04:35","modified_gmt":"2026-01-07T14:04:35","slug":"privatumo-politika","status":"publish","type":"page","link":"https:\/\/mekulo.com\/lt\/privatumo-politika\/","title":{"rendered":"Privatumo politika"},"content":{"rendered":"\t\t<div data-elementor-type=\"wp-page\" data-elementor-id=\"12648\" class=\"elementor elementor-12648\" data-elementor-post-type=\"page\">\n\t\t\t\t<div class=\"elementor-element elementor-element-2a5e8d8f e-flex e-con-boxed e-con e-parent\" data-id=\"2a5e8d8f\" data-element_type=\"container\">\n\t\t\t\t\t<div class=\"e-con-inner\">\n\t\t\t\t<div class=\"elementor-element elementor-element-74a74fd2 elementor-widget elementor-widget-text-editor\" data-id=\"74a74fd2\" data-element_type=\"widget\" data-widget_type=\"text-editor.default\">\n\t\t\t\t\t\t\t\t\t<p><\/p>\n<p data-start=\"0\" data-end=\"33\" style=\"color: rgb(0, 0, 0); font-size: medium; font-style: normal; font-weight: 400;\"><strong data-start=\"0\" data-end=\"33\">\u012esigaliojimo data: 2025-12-12<\/strong><\/p><p data-start=\"35\" data-end=\"310\" style=\"color: rgb(0, 0, 0); font-size: medium; font-style: normal; font-weight: 400;\"><strong data-start=\"35\" data-end=\"48\">Xoltra O\u00dc<\/strong> (\u201emes\u201c, \u201emums\u201c arba \u201em\u016bs\u0173\u201c) gerbia j\u016bs\u0173 privatum\u0105 ir \u012fsipareigoja saugoti j\u016bs\u0173 asmens duomenis. \u0160i Privatumo politika paai\u0161kina, kaip mes renkame, naudojame, dalijam\u0117s ir saugome j\u016bs\u0173 informacij\u0105, kai lankot\u0117s svetain\u0117je <strong data-start=\"270\" data-end=\"284\">mekulo.com<\/strong> arba perkate joje prekes.<\/p><p data-start=\"312\" data-end=\"424\" style=\"color: rgb(0, 0, 0); font-size: medium; font-style: normal; font-weight: 400;\">Naudodamiesi m\u016bs\u0173 svetaine arba pirkdami i\u0161 m\u016bs\u0173, j\u016bs sutinkate su \u0161ioje Privatumo politikoje apra\u0161yta praktika.<\/p><hr data-start=\"426\" data-end=\"429\" style=\"font-size: medium; font-style: normal; font-weight: 400;\"><h3 data-start=\"431\" data-end=\"461\" style=\"color: rgb(0, 0, 0); font-style: normal;\">1. Kokius duomenis renkame<\/h3><p data-start=\"463\" data-end=\"511\" style=\"color: rgb(0, 0, 0); font-size: medium; font-style: normal; font-weight: 400;\">I\u0161 savo naudotoj\u0173 renkame \u0161iuos asmens duomenis:<\/p><ul data-start=\"513\" data-end=\"972\" style=\"color: rgb(0, 0, 0); font-size: medium; font-style: normal; font-weight: 400;\"><li data-start=\"513\" data-end=\"621\"><p data-start=\"515\" data-end=\"621\"><strong data-start=\"515\" data-end=\"554\">Tapatyb\u0117s ir kontaktiniai duomenys:<\/strong> vardas, el. pa\u0161to adresas, telefono numeris, pristatymo adresas.<\/p><\/li><li data-start=\"622\" data-end=\"724\"><p data-start=\"624\" data-end=\"724\"><strong data-start=\"624\" data-end=\"646\">Mok\u0117jimo duomenys:<\/strong> mok\u0117jimo kortel\u0117s ar kita mok\u0117jimo informacija, b\u016btina u\u017esakymams apdoroti.<\/p><\/li><li data-start=\"725\" data-end=\"788\"><p data-start=\"727\" data-end=\"788\"><strong data-start=\"727\" data-end=\"751\">Techniniai duomenys:<\/strong> IP adresas, \u012frenginio informacija.<\/p><\/li><li data-start=\"789\" data-end=\"899\"><p data-start=\"791\" data-end=\"899\"><strong data-start=\"791\" data-end=\"828\">Analitikos ir steb\u0117jimo duomenys:<\/strong> duomenys, renkami naudojant analitikos \u012frankius ir \u201eFacebook Pixel\u201c.<\/p><\/li><li data-start=\"900\" data-end=\"972\"><p data-start=\"902\" data-end=\"972\"><strong data-start=\"902\" data-end=\"915\">Slapukai:<\/strong> slapukai, b\u016btini svetain\u0117s funkcionalumui ir analitikai.<\/p><\/li><\/ul><p data-start=\"974\" data-end=\"1043\" style=\"color: rgb(0, 0, 0); font-size: medium; font-style: normal; font-weight: 400;\">Mes nenaudojame slapuk\u0173 pakartotinei rinkodarai ar reklamos tikslais.<\/p><hr data-start=\"1045\" data-end=\"1048\" style=\"font-size: medium; font-style: normal; font-weight: 400;\"><h3 data-start=\"1050\" data-end=\"1081\" style=\"color: rgb(0, 0, 0); font-style: normal;\">2. Duomen\u0173 tvarkymo tikslai<\/h3><p data-start=\"1083\" data-end=\"1128\" style=\"color: rgb(0, 0, 0); font-size: medium; font-style: normal; font-weight: 400;\">J\u016bs\u0173 asmens duomenis tvarkome \u0161iais tikslais:<\/p><ul data-start=\"1130\" data-end=\"1592\" style=\"color: rgb(0, 0, 0); font-size: medium; font-style: normal; font-weight: 400;\"><li data-start=\"1130\" data-end=\"1233\"><p data-start=\"1132\" data-end=\"1233\"><strong data-start=\"1132\" data-end=\"1172\">U\u017esakym\u0173 apdorojimas ir pristatymas:<\/strong> apdoroti pirkimus, valdyti u\u017esakymus ir pristatyti prekes.<\/p><\/li><li data-start=\"1234\" data-end=\"1306\"><p data-start=\"1236\" data-end=\"1306\"><strong data-start=\"1236\" data-end=\"1261\">Klient\u0173 aptarnavimas:<\/strong> atsakyti \u012f u\u017eklausas ir spr\u0119sti problemas.<\/p><\/li><li data-start=\"1307\" data-end=\"1388\"><p data-start=\"1309\" data-end=\"1388\"><strong data-start=\"1309\" data-end=\"1347\">Suk\u010diavimo prevencija ir saugumas:<\/strong> aptikti ir u\u017ekirsti keli\u0105 suk\u010diavimui.<\/p><\/li><li data-start=\"1389\" data-end=\"1493\"><p data-start=\"1391\" data-end=\"1493\"><strong data-start=\"1391\" data-end=\"1416\">Rinkodara (neb\u016btina):<\/strong> si\u0173sti naujienlai\u0161kius ar reklaminius prane\u0161imus, jei dav\u0117te tam sutikim\u0105.<\/p><\/li><li data-start=\"1494\" data-end=\"1592\"><p data-start=\"1496\" data-end=\"1592\"><strong data-start=\"1496\" data-end=\"1535\">Analitika ir svetain\u0117s tobulinimas:<\/strong> analizuoti sraut\u0105, gerinti paslaugas ir steb\u0117ti veikim\u0105.<\/p><\/li><\/ul><hr data-start=\"1594\" data-end=\"1597\" style=\"font-size: medium; font-style: normal; font-weight: 400;\"><h3 data-start=\"1599\" data-end=\"1648\" style=\"color: rgb(0, 0, 0); font-style: normal;\">3. Duomen\u0173 tvarkymo teisinis pagrindas (BDAR)<\/h3><p data-start=\"1650\" data-end=\"1719\" style=\"color: rgb(0, 0, 0); font-size: medium; font-style: normal; font-weight: 400;\">J\u016bs\u0173 asmens duomenis tvarkome remdamiesi \u0161iais teisiniais pagrindais:<\/p><ul data-start=\"1721\" data-end=\"2079\" style=\"color: rgb(0, 0, 0); font-size: medium; font-style: normal; font-weight: 400;\"><li data-start=\"1721\" data-end=\"1807\"><p data-start=\"1723\" data-end=\"1807\"><strong data-start=\"1723\" data-end=\"1746\">Sutarties vykdymas:<\/strong> b\u016btina norint \u012fvykdyti j\u016bs\u0173 u\u017esakymus ir teikti paslaugas.<\/p><\/li><li data-start=\"1808\" data-end=\"1869\"><p data-start=\"1810\" data-end=\"1869\"><strong data-start=\"1810\" data-end=\"1824\">Sutikimas:<\/strong> kai sutinkate gauti rinkodaros prane\u0161imus.<\/p><\/li><li data-start=\"1870\" data-end=\"1965\"><p data-start=\"1872\" data-end=\"1965\"><strong data-start=\"1872\" data-end=\"1894\">Teis\u0117ti interesai:<\/strong> suk\u010diavimo prevencija, analitika, svetain\u0117s tobulinimas ir saugumas.<\/p><\/li><li data-start=\"1966\" data-end=\"2079\"><p data-start=\"1968\" data-end=\"2079\"><strong data-start=\"1968\" data-end=\"1989\">Teisin\u0117 prievol\u0117:<\/strong> duomen\u0173 saugojimas apskaitos ir mokes\u010di\u0173 tikslais, kaip reikalaujama pagal Estijos teis\u0119.<\/p><\/li><\/ul><hr data-start=\"2081\" data-end=\"2084\" style=\"font-size: medium; font-style: normal; font-weight: 400;\"><h3 data-start=\"2086\" data-end=\"2112\" style=\"color: rgb(0, 0, 0); font-style: normal;\">4. Duomen\u0173 dalijimasis<\/h3><p data-start=\"2114\" data-end=\"2218\" style=\"color: rgb(0, 0, 0); font-size: medium; font-style: normal; font-weight: 400;\">J\u016bs\u0173 asmens duomenimis dalijam\u0117s tik su tre\u010diosiomis \u0161alimis, kurios yra b\u016btinos m\u016bs\u0173 paslaugoms teikti:<\/p><ul data-start=\"2220\" data-end=\"2363\" style=\"color: rgb(0, 0, 0); font-size: medium; font-style: normal; font-weight: 400;\"><li data-start=\"2220\" data-end=\"2299\"><p data-start=\"2222\" data-end=\"2299\"><strong data-start=\"2222\" data-end=\"2256\">Pristatymo \u012fmon\u0117s ir tiek\u0117jai:<\/strong> u\u017esakym\u0173 vykdymui ir siunt\u0173 pristatymui.<\/p><\/li><li data-start=\"2300\" data-end=\"2363\"><p data-start=\"2302\" data-end=\"2363\"><strong data-start=\"2302\" data-end=\"2333\">Mok\u0117jim\u0173 paslaug\u0173 teik\u0117jai:<\/strong> saugiam mok\u0117jim\u0173 apdorojimui.<\/p><\/li><\/ul><p data-start=\"2365\" data-end=\"2457\" style=\"color: rgb(0, 0, 0); font-size: medium; font-style: normal; font-weight: 400;\">Mes nesidalijame j\u016bs\u0173 duomenimis su rinkodaros platformomis ar kitomis tre\u010diosiomis \u0161alimis.<\/p><hr data-start=\"2459\" data-end=\"2462\" style=\"font-size: medium; font-style: normal; font-weight: 400;\"><h3 data-start=\"2464\" data-end=\"2489\" style=\"color: rgb(0, 0, 0); font-style: normal;\">5. Duomen\u0173 saugojimas<\/h3><p data-start=\"2491\" data-end=\"2520\" style=\"color: rgb(0, 0, 0); font-size: medium; font-style: normal; font-weight: 400;\">J\u016bs\u0173 asmens duomenis saugome:<\/p><ul data-start=\"2522\" data-end=\"2705\" style=\"color: rgb(0, 0, 0); font-size: medium; font-style: normal; font-weight: 400;\"><li data-start=\"2522\" data-end=\"2607\"><p data-start=\"2524\" data-end=\"2607\">Iki u\u017esakymo \u012fvykdymo pabaigos, \u012fskaitant pristatym\u0105 ir galim\u0173 gin\u010d\u0173 i\u0161sprendim\u0105.<\/p><\/li><li data-start=\"2608\" data-end=\"2705\"><p data-start=\"2610\" data-end=\"2705\">Iki <strong data-start=\"2614\" data-end=\"2624\">7 met\u0173<\/strong> apskaitos ir mokes\u010di\u0173 laikymosi tikslais, kaip reikalaujama pagal Estijos teis\u0119.<\/p><\/li><\/ul><p data-start=\"2707\" data-end=\"2793\" style=\"color: rgb(0, 0, 0); font-size: medium; font-style: normal; font-weight: 400;\">Pasibaigus \u0161iam laikotarpiui, j\u016bs\u0173 duomenys bus saugiai i\u0161trinami arba anonimizuojami.<\/p><hr data-start=\"2795\" data-end=\"2798\" style=\"font-size: medium; font-style: normal; font-weight: 400;\"><h3 data-start=\"2800\" data-end=\"2829\" style=\"color: rgb(0, 0, 0); font-style: normal;\">6. Slapukai ir steb\u0117jimas<\/h3><p data-start=\"2831\" data-end=\"2877\" style=\"color: rgb(0, 0, 0); font-size: medium; font-style: normal; font-weight: 400;\">Slapukus ir steb\u0117jimo technologijas naudojame:<\/p><ul data-start=\"2879\" data-end=\"2963\" style=\"color: rgb(0, 0, 0); font-size: medium; font-style: normal; font-weight: 400;\"><li data-start=\"2879\" data-end=\"2919\"><p data-start=\"2881\" data-end=\"2919\">Svetain\u0117s funkcionalumui u\u017etikrinti.<\/p><\/li><li data-start=\"2920\" data-end=\"2963\"><p data-start=\"2922\" data-end=\"2963\">Analitikos tikslais per \u201eFacebook Pixel\u201c.<\/p><\/li><\/ul><p data-start=\"2965\" data-end=\"3043\" style=\"color: rgb(0, 0, 0); font-size: medium; font-style: normal; font-weight: 400;\">Jokie slapukai nenaudojami pakartotinei rinkodarai ar tre\u010di\u0173j\u0173 \u0161ali\u0173 reklamai.<\/p><hr data-start=\"3045\" data-end=\"3048\" style=\"font-size: medium; font-style: normal; font-weight: 400;\"><h3 data-start=\"3050\" data-end=\"3088\" style=\"color: rgb(0, 0, 0); font-style: normal;\">7. Tarptautinis duomen\u0173 perdavimas<\/h3><p data-start=\"3090\" data-end=\"3204\" style=\"color: rgb(0, 0, 0); font-size: medium; font-style: normal; font-weight: 400;\">Visi asmens duomenys yra saugomi ir tvarkomi <strong data-start=\"3135\" data-end=\"3161\">Europos S\u0105jungoje (ES)<\/strong>. Mes neperduodame j\u016bs\u0173 duomen\u0173 u\u017e ES rib\u0173.<\/p><hr data-start=\"3206\" data-end=\"3209\" style=\"font-size: medium; font-style: normal; font-weight: 400;\"><h3 data-start=\"3211\" data-end=\"3240\" style=\"color: rgb(0, 0, 0); font-style: normal;\">8. J\u016bs\u0173 teis\u0117s pagal BDAR<\/h3><p data-start=\"3242\" data-end=\"3303\" style=\"color: rgb(0, 0, 0); font-size: medium; font-style: normal; font-weight: 400;\">J\u016bs turite \u0161ias teises, susijusias su j\u016bs\u0173 asmens duomenimis:<\/p><ul data-start=\"3305\" data-end=\"4041\" style=\"color: rgb(0, 0, 0); font-size: medium; font-style: normal; font-weight: 400;\"><li data-start=\"3305\" data-end=\"3367\"><p data-start=\"3307\" data-end=\"3367\"><strong data-start=\"3307\" data-end=\"3319\">Prieiga:<\/strong> gauti m\u016bs\u0173 turim\u0173 j\u016bs\u0173 asmens duomen\u0173 kopij\u0105.<\/p><\/li><li data-start=\"3368\" data-end=\"3441\"><p data-start=\"3370\" data-end=\"3441\"><strong data-start=\"3370\" data-end=\"3383\">Taisymas:<\/strong> reikalauti i\u0161taisyti netikslius ar nei\u0161samius duomenis.<\/p><\/li><li data-start=\"3442\" data-end=\"3552\"><p data-start=\"3444\" data-end=\"3552\"><strong data-start=\"3444\" data-end=\"3459\">I\u0161trynimas:<\/strong> reikalauti i\u0161trinti j\u016bs\u0173 asmens duomenis (atsi\u017evelgiant \u012f teisines \/ apskaitos prievoles).<\/p><\/li><li data-start=\"3553\" data-end=\"3620\"><p data-start=\"3555\" data-end=\"3620\"><strong data-start=\"3555\" data-end=\"3580\">Tvarkymo apribojimas:<\/strong> reikalauti apriboti duomen\u0173 tvarkym\u0105.<\/p><\/li><li data-start=\"3621\" data-end=\"3732\"><p data-start=\"3623\" data-end=\"3732\"><strong data-start=\"3623\" data-end=\"3649\">Duomen\u0173 perkeliamumas:<\/strong> gauti duomenis strukt\u016bruotu, \u012fprastai naudojamu ir kompiuterio skaitomu formatu.<\/p><\/li><li data-start=\"3733\" data-end=\"3820\"><p data-start=\"3735\" data-end=\"3820\"><strong data-start=\"3735\" data-end=\"3754\">Prie\u0161taravimas:<\/strong> prie\u0161tarauti tam tikram duomen\u0173 tvarkymui, \u012fskaitant rinkodar\u0105.<\/p><\/li><li data-start=\"3821\" data-end=\"3927\"><p data-start=\"3823\" data-end=\"3927\"><strong data-start=\"3823\" data-end=\"3847\">Sutikimo at\u0161aukimas:<\/strong> bet kada at\u0161aukti sutikim\u0105 rinkodarai, nedarant \u012ftakos ankstesniam tvarkymui.<\/p><\/li><li data-start=\"3928\" data-end=\"4041\"><p data-start=\"3930\" data-end=\"4041\"><strong data-start=\"3930\" data-end=\"3952\">Skundo pateikimas:<\/strong> pateikti skund\u0105 prie\u017ei\u016bros institucijai (pvz., Estijos vartotoj\u0173 apsaugos institucijai).<\/p><\/li><\/ul><p data-start=\"4043\" data-end=\"4131\" style=\"color: rgb(0, 0, 0); font-size: medium; font-style: normal; font-weight: 400;\">Nor\u0117dami pasinaudoti savo teis\u0117mis, susisiekite su mumis el. pa\u0161tu: <strong data-start=\"4111\" data-end=\"4130\"><a data-start=\"4113\" data-end=\"4128\" class=\"decorated-link cursor-pointer\" rel=\"noopener\">info@mekulo.com<span aria-hidden=\"true\" class=\"ms-0.5 inline-block align-middle leading-none\"><svg xmlns=\"http:\/\/www.w3.org\/2000\/svg\" width=\"20\" height=\"20\" aria-hidden=\"true\" data-rtl-flip=\"\" class=\"block h-[0.75em] w-[0.75em] stroke-current stroke-[0.75]\"><use href=\"\/cdn\/assets\/sprites-core-d46pasyz.svg#304883\" fill=\"currentColor\"><\/use><\/svg><\/span><\/a><\/strong>.<\/p><hr data-start=\"4133\" data-end=\"4136\" style=\"font-size: medium; font-style: normal; font-weight: 400;\"><h3 data-start=\"4138\" data-end=\"4166\" style=\"color: rgb(0, 0, 0); font-style: normal;\">9. J\u016bs\u0173 duomen\u0173 saugumas<\/h3><p data-start=\"4168\" data-end=\"4326\" style=\"color: rgb(0, 0, 0); font-size: medium; font-style: normal; font-weight: 400;\">\u012egyvendiname tinkamas technines ir organizacines priemones, kad apsaugotume j\u016bs\u0173 asmens duomenis nuo neteis\u0117tos prieigos, praradimo, pakeitimo ar atskleidimo.<\/p><hr data-start=\"4328\" data-end=\"4331\" style=\"font-size: medium; font-style: normal; font-weight: 400;\"><h3 data-start=\"4333\" data-end=\"4371\" style=\"color: rgb(0, 0, 0); font-style: normal;\">10. Privatumo politikos pakeitimai<\/h3><p data-start=\"4373\" data-end=\"4572\" style=\"color: rgb(0, 0, 0); font-size: medium; font-style: normal; font-weight: 400;\">Mes galime periodi\u0161kai atnaujinti \u0161i\u0105 Privatumo politik\u0105. Atnaujintos versijos bus skelbiamos svetain\u0117je <strong data-start=\"4478\" data-end=\"4492\">mekulo.com<\/strong> su nauja \u012fsigaliojimo data. Rekomenduojame reguliariai per\u017ei\u016br\u0117ti \u0161i\u0105 politik\u0105.<\/p><hr data-start=\"4574\" data-end=\"4577\" style=\"font-size: medium; font-style: normal; font-weight: 400;\"><h3 data-start=\"4579\" data-end=\"4609\" style=\"color: rgb(0, 0, 0); font-style: normal;\">11. Kontaktin\u0117 informacija<\/h3><p data-start=\"4611\" data-end=\"4727\" style=\"color: rgb(0, 0, 0); font-size: medium; font-style: normal; font-weight: 400;\">Jei turite klausim\u0173, pastab\u0173 ar pra\u0161ym\u0173, susijusi\u0173 su \u0161ia Privatumo politika ar j\u016bs\u0173 asmens duomenimis, susisiekite:<\/p><p data-start=\"4729\" data-end=\"4851\" data-is-last-node=\"\" data-is-only-node=\"\" style=\"color: rgb(0, 0, 0); font-size: medium; font-style: normal; font-weight: 400;\"><strong data-start=\"4729\" data-end=\"4742\">Xoltra O\u00dc<\/strong><br data-start=\"4742\" data-end=\"4745\">Harju maakond, Tallinn, Kesklinna linnaosa, Tornim\u00e4e tn 5, 10145, Estija<br data-start=\"4817\" data-end=\"4820\">El. pa\u0161tas: <strong data-start=\"4832\" data-end=\"4851\" data-is-last-node=\"\"><a data-start=\"4834\" data-end=\"4849\" class=\"decorated-link cursor-pointer\" rel=\"noopener\">info@mekulo.com<\/a><\/strong><\/p>\n<p><\/p>\t\t\t\t\t\t\t\t<\/div>\n\t\t\t\t\t<\/div>\n\t\t\t\t<\/div>\n\t\t\t\t<\/div>\n\t\t","protected":false},"excerpt":{"rendered":"<p>\u012esigaliojimo data: 2025-12-12 Xoltra O\u00dc (\u201emes\u201c, \u201emums\u201c arba \u201em\u016bs\u0173\u201c) gerbia j\u016bs\u0173 privatum\u0105 ir \u012fsipareigoja saugoti j\u016bs\u0173 asmens duomenis. \u0160i Privatumo [&hellip;]<\/p>\n","protected":false},"author":1,"featured_media":0,"parent":0,"menu_order":0,"comment_status":"closed","ping_status":"closed","template":"","meta":{"site-sidebar-layout":"default","site-content-layout":"","ast-site-content-layout":"default","site-content-style":"default","site-sidebar-style":"default","ast-global-header-display":"","ast-banner-title-visibility":"","ast-main-header-display":"","ast-hfb-above-header-display":"","ast-hfb-below-header-display":"","ast-hfb-mobile-header-display":"","site-post-title":"","ast-breadcrumbs-content":"","ast-featured-img":"","footer-sml-layout":"","theme-transparent-header-meta":"","adv-header-id-meta":"","stick-header-meta":"","header-above-stick-meta":"","header-main-stick-meta":"","header-below-stick-meta":"","astra-migrate-meta-layouts":"default","ast-page-background-enabled":"default","ast-page-background-meta":{"desktop":{"background-color":"var(--ast-global-color-5)","background-image":"","background-repeat":"repeat","background-position":"center center","background-size":"auto","background-attachment":"scroll","background-type":"","background-media":"","overlay-type":"","overlay-color":"","overlay-opacity":"","overlay-gradient":""},"tablet":{"background-color":"","background-image":"","background-repeat":"repeat","background-position":"center center","background-size":"auto","background-attachment":"scroll","background-type":"","background-media":"","overlay-type":"","overlay-color":"","overlay-opacity":"","overlay-gradient":""},"mobile":{"background-color":"","background-image":"","background-repeat":"repeat","background-position":"center center","background-size":"auto","background-attachment":"scroll","background-type":"","background-media":"","overlay-type":"","overlay-color":"","overlay-opacity":"","overlay-gradient":""}},"ast-content-background-meta":{"desktop":{"background-color":"var(--ast-global-color-4)","background-image":"","background-repeat":"repeat","background-position":"center center","background-size":"auto","background-attachment":"scroll","background-type":"","background-media":"","overlay-type":"","overlay-color":"","overlay-opacity":"","overlay-gradient":""},"tablet":{"background-color":"var(--ast-global-color-4)","background-image":"","background-repeat":"repeat","background-position":"center center","background-size":"auto","background-attachment":"scroll","background-type":"","background-media":"","overlay-type":"","overlay-color":"","overlay-opacity":"","overlay-gradient":""},"mobile":{"background-color":"var(--ast-global-color-4)","background-image":"","background-repeat":"repeat","background-position":"center center","background-size":"auto","background-attachment":"scroll","background-type":"","background-media":"","overlay-type":"","overlay-color":"","overlay-opacity":"","overlay-gradient":""}},"footnotes":""},"class_list":["post-12648","page","type-page","status-publish","hentry"],"yoast_head":"<!-- This site is optimized with the Yoast SEO plugin v26.6 - https:\/\/yoast.com\/wordpress\/plugins\/seo\/ -->\n<title>Privatumo politika - Mekulo LT<\/title>\n<meta name=\"robots\" content=\"index, follow, max-snippet:-1, max-image-preview:large, max-video-preview:-1\" \/>\n<link rel=\"canonical\" href=\"https:\/\/mekulo.com\/lt\/privatumo-politika\/\" \/>\n<meta property=\"og:locale\" content=\"lt_LT\" \/>\n<meta property=\"og:type\" content=\"article\" \/>\n<meta property=\"og:title\" content=\"Privatumo politika - Mekulo LT\" \/>\n<meta property=\"og:description\" content=\"\u012esigaliojimo data: 2025-12-12 Xoltra O\u00dc (\u201emes\u201c, \u201emums\u201c arba \u201em\u016bs\u0173\u201c) gerbia j\u016bs\u0173 privatum\u0105 ir \u012fsipareigoja saugoti j\u016bs\u0173 asmens duomenis. \u0160i Privatumo [&hellip;]\" \/>\n<meta property=\"og:url\" content=\"https:\/\/mekulo.com\/lt\/privatumo-politika\/\" \/>\n<meta property=\"og:site_name\" content=\"Mekulo LT\" \/>\n<meta property=\"article:modified_time\" content=\"2026-01-07T14:04:35+00:00\" \/>\n<meta name=\"twitter:card\" content=\"summary_large_image\" \/>\n<meta name=\"twitter:label1\" content=\"Est. reading time\" \/>\n\t<meta name=\"twitter:data1\" content=\"3 minut\u0117s\" \/>\n<script type=\"application\/ld+json\" class=\"yoast-schema-graph\">{\"@context\":\"https:\/\/schema.org\",\"@graph\":[{\"@type\":\"WebPage\",\"@id\":\"https:\/\/mekulo.com\/lt\/privatumo-politika\/\",\"url\":\"https:\/\/mekulo.com\/lt\/privatumo-politika\/\",\"name\":\"Privatumo politika - Mekulo LT\",\"isPartOf\":{\"@id\":\"https:\/\/mekulo.com\/lt\/#website\"},\"datePublished\":\"2025-12-05T15:20:08+00:00\",\"dateModified\":\"2026-01-07T14:04:35+00:00\",\"breadcrumb\":{\"@id\":\"https:\/\/mekulo.com\/lt\/privatumo-politika\/#breadcrumb\"},\"inLanguage\":\"lt-LT\",\"potentialAction\":[{\"@type\":\"ReadAction\",\"target\":[\"https:\/\/mekulo.com\/lt\/privatumo-politika\/\"]}]},{\"@type\":\"BreadcrumbList\",\"@id\":\"https:\/\/mekulo.com\/lt\/privatumo-politika\/#breadcrumb\",\"itemListElement\":[{\"@type\":\"ListItem\",\"position\":1,\"name\":\"Home\",\"item\":\"https:\/\/mekulo.com\/lt\/\"},{\"@type\":\"ListItem\",\"position\":2,\"name\":\"Privatumo politika\"}]},{\"@type\":\"WebSite\",\"@id\":\"https:\/\/mekulo.com\/lt\/#website\",\"url\":\"https:\/\/mekulo.com\/lt\/\",\"name\":\"Mekulo LT\",\"description\":\"\",\"publisher\":{\"@id\":\"https:\/\/mekulo.com\/lt\/#organization\"},\"potentialAction\":[{\"@type\":\"SearchAction\",\"target\":{\"@type\":\"EntryPoint\",\"urlTemplate\":\"https:\/\/mekulo.com\/lt\/?s={search_term_string}\"},\"query-input\":{\"@type\":\"PropertyValueSpecification\",\"valueRequired\":true,\"valueName\":\"search_term_string\"}}],\"inLanguage\":\"lt-LT\"},{\"@type\":\"Organization\",\"@id\":\"https:\/\/mekulo.com\/lt\/#organization\",\"name\":\"Mekulo\",\"url\":\"https:\/\/mekulo.com\/lt\/\",\"logo\":{\"@type\":\"ImageObject\",\"inLanguage\":\"lt-LT\",\"@id\":\"https:\/\/mekulo.com\/lt\/#\/schema\/logo\/image\/\",\"url\":\"https:\/\/mekulo.com\/lt\/wp-content\/uploads\/sites\/15\/2025\/12\/favicon_mekulo.png\",\"contentUrl\":\"https:\/\/mekulo.com\/lt\/wp-content\/uploads\/sites\/15\/2025\/12\/favicon_mekulo.png\",\"width\":50,\"height\":50,\"caption\":\"Mekulo\"},\"image\":{\"@id\":\"https:\/\/mekulo.com\/lt\/#\/schema\/logo\/image\/\"}}]}<\/script>\n<!-- \/ Yoast SEO plugin. -->","yoast_head_json":{"title":"Privatumo politika - Mekulo LT","robots":{"index":"index","follow":"follow","max-snippet":"max-snippet:-1","max-image-preview":"max-image-preview:large","max-video-preview":"max-video-preview:-1"},"canonical":"https:\/\/mekulo.com\/lt\/privatumo-politika\/","og_locale":"lt_LT","og_type":"article","og_title":"Privatumo politika - Mekulo LT","og_description":"\u012esigaliojimo data: 2025-12-12 Xoltra O\u00dc (\u201emes\u201c, \u201emums\u201c arba \u201em\u016bs\u0173\u201c) gerbia j\u016bs\u0173 privatum\u0105 ir \u012fsipareigoja saugoti j\u016bs\u0173 asmens duomenis. \u0160i Privatumo [&hellip;]","og_url":"https:\/\/mekulo.com\/lt\/privatumo-politika\/","og_site_name":"Mekulo LT","article_modified_time":"2026-01-07T14:04:35+00:00","twitter_card":"summary_large_image","twitter_misc":{"Est. reading time":"3 minut\u0117s"},"schema":{"@context":"https:\/\/schema.org","@graph":[{"@type":"WebPage","@id":"https:\/\/mekulo.com\/lt\/privatumo-politika\/","url":"https:\/\/mekulo.com\/lt\/privatumo-politika\/","name":"Privatumo politika - Mekulo LT","isPartOf":{"@id":"https:\/\/mekulo.com\/lt\/#website"},"datePublished":"2025-12-05T15:20:08+00:00","dateModified":"2026-01-07T14:04:35+00:00","breadcrumb":{"@id":"https:\/\/mekulo.com\/lt\/privatumo-politika\/#breadcrumb"},"inLanguage":"lt-LT","potentialAction":[{"@type":"ReadAction","target":["https:\/\/mekulo.com\/lt\/privatumo-politika\/"]}]},{"@type":"BreadcrumbList","@id":"https:\/\/mekulo.com\/lt\/privatumo-politika\/#breadcrumb","itemListElement":[{"@type":"ListItem","position":1,"name":"Home","item":"https:\/\/mekulo.com\/lt\/"},{"@type":"ListItem","position":2,"name":"Privatumo politika"}]},{"@type":"WebSite","@id":"https:\/\/mekulo.com\/lt\/#website","url":"https:\/\/mekulo.com\/lt\/","name":"Mekulo LT","description":"","publisher":{"@id":"https:\/\/mekulo.com\/lt\/#organization"},"potentialAction":[{"@type":"SearchAction","target":{"@type":"EntryPoint","urlTemplate":"https:\/\/mekulo.com\/lt\/?s={search_term_string}"},"query-input":{"@type":"PropertyValueSpecification","valueRequired":true,"valueName":"search_term_string"}}],"inLanguage":"lt-LT"},{"@type":"Organization","@id":"https:\/\/mekulo.com\/lt\/#organization","name":"Mekulo","url":"https:\/\/mekulo.com\/lt\/","logo":{"@type":"ImageObject","inLanguage":"lt-LT","@id":"https:\/\/mekulo.com\/lt\/#\/schema\/logo\/image\/","url":"https:\/\/mekulo.com\/lt\/wp-content\/uploads\/sites\/15\/2025\/12\/favicon_mekulo.png","contentUrl":"https:\/\/mekulo.com\/lt\/wp-content\/uploads\/sites\/15\/2025\/12\/favicon_mekulo.png","width":50,"height":50,"caption":"Mekulo"},"image":{"@id":"https:\/\/mekulo.com\/lt\/#\/schema\/logo\/image\/"}}]}},"_links":{"self":[{"href":"https:\/\/mekulo.com\/lt\/wp-json\/wp\/v2\/pages\/12648","targetHints":{"allow":["GET"]}}],"collection":[{"href":"https:\/\/mekulo.com\/lt\/wp-json\/wp\/v2\/pages"}],"about":[{"href":"https:\/\/mekulo.com\/lt\/wp-json\/wp\/v2\/types\/page"}],"author":[{"embeddable":true,"href":"https:\/\/mekulo.com\/lt\/wp-json\/wp\/v2\/users\/1"}],"replies":[{"embeddable":true,"href":"https:\/\/mekulo.com\/lt\/wp-json\/wp\/v2\/comments?post=12648"}],"version-history":[{"count":7,"href":"https:\/\/mekulo.com\/lt\/wp-json\/wp\/v2\/pages\/12648\/revisions"}],"predecessor-version":[{"id":18921,"href":"https:\/\/mekulo.com\/lt\/wp-json\/wp\/v2\/pages\/12648\/revisions\/18921"}],"wp:attachment":[{"href":"https:\/\/mekulo.com\/lt\/wp-json\/wp\/v2\/media?parent=12648"}],"curies":[{"name":"wp","href":"https:\/\/api.w.org\/{rel}","templated":true}]}}