{"id":12790,"date":"2025-12-10T13:12:52","date_gmt":"2025-12-10T13:12:52","guid":{"rendered":"https:\/\/mekulo.com\/il\/?page_id=12790"},"modified":"2026-01-30T17:04:48","modified_gmt":"2026-01-30T15:04:48","slug":"%d7%a9%d7%90%d7%9c%d7%95%d7%aa-%d7%a0%d7%a4%d7%95%d7%a6%d7%95%d7%aa","status":"publish","type":"page","link":"https:\/\/mekulo.com\/il\/%d7%a9%d7%90%d7%9c%d7%95%d7%aa-%d7%a0%d7%a4%d7%95%d7%a6%d7%95%d7%aa\/","title":{"rendered":"\u05e9\u05d0\u05dc\u05d5\u05ea \u05e0\u05e4\u05d5\u05e6\u05d5\u05ea"},"content":{"rendered":"\t\t<div data-elementor-type=\"wp-page\" data-elementor-id=\"12790\" class=\"elementor elementor-12790\" data-elementor-post-type=\"page\">\n\t\t\t\t<div class=\"elementor-element elementor-element-21f9d5b animated-slow e-flex e-con-boxed elementor-invisible e-con e-parent\" data-id=\"21f9d5b\" data-element_type=\"container\" data-settings=\"{&quot;animation&quot;:&quot;fadeIn&quot;}\">\n\t\t\t\t\t<div class=\"e-con-inner\">\n\t\t\t\t<div class=\"elementor-element elementor-element-31cb809 elementor-widget elementor-widget-heading\" data-id=\"31cb809\" data-element_type=\"widget\" data-widget_type=\"heading.default\">\n\t\t\t\t\t<h2 class=\"elementor-heading-title elementor-size-default\">\u05e9\u05d0\u05dc\u05d5\u05ea \u05e0\u05e4\u05d5\u05e6\u05d5\u05ea<\/h2>\t\t\t\t<\/div>\n\t\t\t\t\t<\/div>\n\t\t\t\t<\/div>\n\t\t<div class=\"elementor-element elementor-element-9983b81 e-flex e-con-boxed elementor-invisible e-con e-parent\" data-id=\"9983b81\" data-element_type=\"container\" data-settings=\"{&quot;animation&quot;:&quot;fadeIn&quot;}\">\n\t\t\t\t\t<div class=\"e-con-inner\">\n\t\t\t\t<div class=\"elementor-element elementor-element-a55dbdd elementor-widget__width-initial elementor-widget elementor-widget-shortcode\" data-id=\"a55dbdd\" data-element_type=\"widget\" data-widget_type=\"shortcode.default\">\n\t\t\t\t\t\t\t<div class=\"elementor-shortcode\"><style>#sp-ea-13416 .spcollapsing { height: 0; overflow: hidden; transition-property: height;transition-duration: 300ms;}#sp-ea-13416.sp-easy-accordion>.sp-ea-single {margin-bottom: 10px; border: 1px solid #f6f3f0; }#sp-ea-13416.sp-easy-accordion>.sp-ea-single>.ea-header a {color: #444;}#sp-ea-13416.sp-easy-accordion>.sp-ea-single>.sp-collapse>.ea-body {background: #fff; color: #444;}#sp-ea-13416.sp-easy-accordion>.sp-ea-single {background: #f6f3f0;}#sp-ea-13416.sp-easy-accordion>.sp-ea-single>.ea-header a .ea-expand-icon { float: right; color: #444;font-size: 16px;}#sp-ea-13416.sp-easy-accordion>.sp-ea-single>.ea-header a .ea-expand-icon {margin-right: 0;}<\/style><div id=\"sp_easy_accordion-1767006546\"><div id=\"sp-ea-13416\" class=\"sp-ea-one sp-easy-accordion\" data-ea-active=\"ea-click\" data-ea-mode=\"vertical\" data-preloader=\"\" data-scroll-active-item=\"\" data-offset-to-scroll=\"0\"><div class=\"ea-card ea-expand sp-ea-single\"><h3 class=\"ea-header\"><a class=\"collapsed\" id=\"ea-header-134160\" role=\"button\" data-sptoggle=\"spcollapse\" data-sptarget=\"#collapse134160\" aria-controls=\"collapse134160\" href=\"#\" aria-expanded=\"true\" tabindex=\"0\"><i aria-hidden=\"true\" role=\"presentation\" class=\"ea-expand-icon eap-icon-ea-expand-minus\"><\/i> ?\u05d4\u05d9\u05db\u05df \u05d0\u05d5\u05db\u05dc \u05dc\u05de\u05e6\u05d5\u05d0 \u05d0\u05ea \u05e7\u05d5\u05d3 \u05d4\u05de\u05e9\u05dc\u05d5\u05d7 \u05e9\u05dc\u05d9<\/a><\/h3><div class=\"sp-collapse spcollapse collapsed show\" id=\"collapse134160\" data-parent=\"#sp-ea-13416\" role=\"region\" aria-labelledby=\"ea-header-134160\"> <div class=\"ea-body\"><p>\u05dc\u05d0\u05d7\u05e8 \u05e9\u05d4\u05d4\u05d6\u05de\u05e0\u05d4 \u05e9\u05dc\u05da \u05e0\u05e9\u05dc\u05d7\u05d4, \u05ea\u05e7\u05d1\u05dc \u05de\u05e1\u05e4\u05e8 \u05de\u05e2\u05e7\u05d1 \u05d1\u05d3\u05d5\u05d0\"\u05dc. \u05e7\u05d5\u05d3 \u05d4\u05de\u05e2\u05e7\u05d1 \u05e0\u05e9\u05dc\u05d7 \u05d1\u05d3\u05e8\u05da \u05db\u05dc\u05dc \u05ea\u05d5\u05da 1-3 \u05d9\u05de\u05d9 \u05e2\u05d1\u05d5\u05d3\u05d4. \u05dc\u05d9\u05d3\u05d9\u05e2\u05ea\u05da, \u05d9\u05d9\u05ea\u05db\u05df \u05e9\u05d9\u05d7\u05dc\u05d5\u05e3 \u05de\u05e1\u05e4\u05e8 \u05d9\u05de\u05d9 \u05e2\u05d1\u05d5\u05d3\u05d4 \u05e2\u05d3 \u05e9\u05e7\u05d5\u05d3 \u05d4\u05de\u05e2\u05e7\u05d1 \u05d9\u05d4\u05d9\u05d4 \u05e4\u05e2\u05d9\u05dc.<\/p><\/div><\/div><\/div><div class=\"ea-card sp-ea-single\"><h3 class=\"ea-header\"><a class=\"collapsed\" id=\"ea-header-134161\" role=\"button\" data-sptoggle=\"spcollapse\" data-sptarget=\"#collapse134161\" aria-controls=\"collapse134161\" href=\"#\" aria-expanded=\"false\" tabindex=\"0\"><i aria-hidden=\"true\" role=\"presentation\" class=\"ea-expand-icon eap-icon-ea-expand-plus\"><\/i> ?\u05d0\u05d9\u05da \u05d0\u05d5\u05db\u05dc \u05dc\u05d1\u05d3\u05d5\u05e7 \u05d4\u05d9\u05db\u05df \u05e0\u05de\u05e6\u05d0\u05ea \u05d4\u05d4\u05d6\u05de\u05e0\u05d4 \u05e9\u05dc\u05d9<\/a><\/h3><div class=\"sp-collapse spcollapse \" id=\"collapse134161\" data-parent=\"#sp-ea-13416\" role=\"region\" aria-labelledby=\"ea-header-134161\"> <div class=\"ea-body\"><p>\u05d4\u05e9\u05ea\u05de\u05e9 \u05d1\u05e7\u05d5\u05d3 \u05d4\u05de\u05e2\u05e7\u05d1 \u05e9\u05e7\u05d9\u05d1\u05dc\u05ea \u05d1\u05d3\u05d5\u05d0\"\u05dc \u05db\u05d3\u05d9 \u05dc\u05e2\u05e7\u05d5\u05d1 \u05d0\u05d7\u05e8 \u05e1\u05d8\u05d8\u05d5\u05e1 \u05d4\u05d4\u05d6\u05de\u05e0\u05d4 \u05e9\u05dc\u05da. \u05d4\u05d6\u05df \u05d0\u05ea \u05de\u05e1\u05e4\u05e8 \u05d4\u05de\u05e2\u05e7\u05d1 \u05d1\u05d0\u05ea\u05e8 <a href=\"https:\/\/www.17track.net\/en\">\u05d4\u05de\u05e2\u05e7\u05d1 17track<\/a> \u05db\u05d3\u05d9 \u05dc\u05d1\u05d3\u05d5\u05e7 \u05d0\u05ea \u05e1\u05d8\u05d8\u05d5\u05e1 \u05d4\u05de\u05e9\u05dc\u05d5\u05d7. \u05d0\u05dd \u05d4\u05de\u05e9\u05dc\u05d5\u05d7 \u05dc\u05d0 \u05de\u05d5\u05e4\u05d9\u05e2, \u05d1\u05d7\u05e8 \u05d1-YunExpress \u05db\u05de\u05e9\u05dc\u05d7 \u05d4\u05de\u05e9\u05dc\u05d5\u05d7.<\/p><p>\u05e7\u05d5\u05d3 \u05d4\u05de\u05e2\u05e7\u05d1 \u05e0\u05e9\u05dc\u05d7 \u05e2\u05dd \u05d3\u05d5\u05d0\"\u05dc \u05d4\u05e9\u05dc\u05de\u05ea \u05d4\u05d4\u05d6\u05de\u05e0\u05d4, \u05d0\u05d5\u05ea\u05d5 \u05d0\u05ea\u05d4 \u05d0\u05de\u05d5\u05e8 \u05dc\u05e7\u05d1\u05dc \u05ea\u05d5\u05da 1-3 \u05d9\u05de\u05d9 \u05e2\u05d1\u05d5\u05d3\u05d4 \u05dc\u05d0\u05d7\u05e8 \u05d1\u05d9\u05e6\u05d5\u05e2 \u05d4\u05d4\u05d6\u05de\u05e0\u05d4 \u05d4\u05e8\u05d0\u05e9\u05d5\u05e0\u05d9\u05ea. \u05d0\u05dd \u05dc\u05d0\u05d7\u05e8 1-3 \u05d9\u05de\u05d9\u05dd \u05e2\u05d3\u05d9\u05d9\u05df \u05d0\u05d9\u05df \u05dc\u05da \u05de\u05e1\u05e4\u05e8 \u05de\u05e2\u05e7\u05d1, \u05d0\u05e0\u05d0 \u05e6\u05d5\u05e8 \u05d0\u05d9\u05ea\u05e0\u05d5 \u05e7\u05e9\u05e8.<\/p><\/div><\/div><\/div><div class=\"ea-card sp-ea-single\"><h3 class=\"ea-header\"><a class=\"collapsed\" id=\"ea-header-134162\" role=\"button\" data-sptoggle=\"spcollapse\" data-sptarget=\"#collapse134162\" aria-controls=\"collapse134162\" href=\"#\" aria-expanded=\"false\" tabindex=\"0\"><i aria-hidden=\"true\" role=\"presentation\" class=\"ea-expand-icon eap-icon-ea-expand-plus\"><\/i> ?\u05de\u05d4 \u05d0\u05dd \u05d0\u05e0\u05d9 \u05dc\u05d0 \u05de\u05e8\u05d5\u05e6\u05d4 \u05de\u05d4\u05d4\u05d6\u05de\u05e0\u05d4 \u05e9\u05dc\u05d9<\/a><\/h3><div class=\"sp-collapse spcollapse \" id=\"collapse134162\" data-parent=\"#sp-ea-13416\" role=\"region\" aria-labelledby=\"ea-header-134162\"> <div class=\"ea-body\"><p>\u05d0\u05dd \u05d0\u05d9\u05e0\u05da \u05de\u05e8\u05d5\u05e6\u05d4 \u05de\u05d4\u05d4\u05d6\u05de\u05e0\u05d4 \u05e9\u05dc\u05da, \u05d0\u05e0\u05d0 \u05e4\u05e0\u05d4 \u05d0\u05dc\u05d9\u05e0\u05d5 \u05d1\u05db\u05ea\u05d5\u05d1\u05ea info@mekulo.com. \u05d0\u05e0\u05d0 \u05ea\u05d0\u05e8 \u05d0\u05ea \u05d4\u05d1\u05e2\u05d9\u05d4 \u05d1\u05e4\u05d9\u05e8\u05d5\u05d8 \u05e8\u05d1 \u05db\u05db\u05dc \u05d4\u05d0\u05e4\u05e9\u05e8, \u05d1\u05e6\u05d9\u05e8\u05d5\u05e3 \u05ea\u05de\u05d5\u05e0\u05d4 \u05d0\u05d5 \u05e1\u05e8\u05d8\u05d5\u05df. \u05dc\u05d0\u05d7\u05e8 \u05e9\u05e0\u05d1\u05d7\u05df \u05d0\u05ea \u05d4\u05d1\u05e2\u05d9\u05d4 \u05d1\u05de\u05d5\u05e6\u05e8 \u05e9\u05d4\u05d5\u05d6\u05de\u05df, \u05e0\u05e9\u05ea\u05d3\u05dc \u05dc\u05d4\u05e9\u05d9\u05d1 \u05d1\u05d4\u05e7\u05d3\u05dd \u05d4\u05d0\u05e4\u05e9\u05e8\u05d9 \u05d5\u05dc\u05de\u05e6\u05d5\u05d0 \u05e4\u05e9\u05e8\u05d4 \u05d4\u05d3\u05d3\u05d9\u05ea \u05dc\u05e4\u05ea\u05e8\u05d5\u05df \u05d4\u05d1\u05e2\u05d9\u05d4.<\/p><p>\u05d1\u05e0\u05d5\u05e1\u05e3, \u05db\u05dc \u05d4\u05d6\u05de\u05e0\u05d4 \u05e0\u05d9\u05ea\u05e0\u05ea \u05dc\u05d4\u05d7\u05d6\u05e8 \u05db\u05e1\u05e4\u05d9 \u05ea\u05d5\u05da 14 \u05d9\u05de\u05d9 \u05e2\u05d1\u05d5\u05d3\u05d4. \u05e7\u05e8\u05d0 \u05e2\u05d5\u05d3 <a href=\"https:\/\/mekulo.com\/il\/shipping-and-returns\/\">\u05d1\"\u05de\u05e9\u05dc\u05d5\u05d7\u05d9\u05dd \u05d5\u05d4\u05d7\u05d6\u05e8\u05d5\u05ea<\/a>\".<\/p><\/div><\/div><\/div><div class=\"ea-card sp-ea-single\"><h3 class=\"ea-header\"><a class=\"collapsed\" id=\"ea-header-134163\" role=\"button\" data-sptoggle=\"spcollapse\" data-sptarget=\"#collapse134163\" aria-controls=\"collapse134163\" href=\"#\" aria-expanded=\"false\" tabindex=\"0\"><i aria-hidden=\"true\" role=\"presentation\" class=\"ea-expand-icon eap-icon-ea-expand-plus\"><\/i> ?\u05d4\u05d0\u05dd \u05e4\u05e8\u05d8\u05d9 \u05d4\u05ea\u05e9\u05dc\u05d5\u05dd \u05e9\u05dc\u05d9 \u05d1\u05d8\u05d5\u05d7\u05d9\u05dd<\/a><\/h3><div class=\"sp-collapse spcollapse \" id=\"collapse134163\" data-parent=\"#sp-ea-13416\" role=\"region\" aria-labelledby=\"ea-header-134163\"> <div class=\"ea-body\"><p>\u05d0\u05e0\u05d5 \u05de\u05e9\u05ea\u05de\u05e9\u05d9\u05dd \u05d1\u05d4\u05e6\u05e4\u05e0\u05ea SSL (Secure Socket Layer), \u05d4\u05de\u05d1\u05d8\u05d9\u05d7\u05d4 \u05e9\u05d4\u05e0\u05ea\u05d5\u05e0\u05d9\u05dd \u05e9\u05dc\u05da \u05de\u05d5\u05e2\u05d1\u05e8\u05d9\u05dd \u05d1\u05e6\u05d5\u05e8\u05d4 \u05de\u05d0\u05d5\u05d1\u05d8\u05d7\u05ea \u05d1\u05d9\u05df \u05d4\u05d3\u05e4\u05d3\u05e4\u05df \u05e9\u05dc\u05da \u05dc\u05e9\u05e8\u05ea\u05d9\u05dd \u05e9\u05dc\u05e0\u05d5. \u05d4\u05d3\u05d1\u05e8 \u05de\u05e1\u05e4\u05e7 \u05d4\u05d2\u05e0\u05d4 \u05e0\u05d5\u05e1\u05e4\u05ea \u05de\u05e4\u05e0\u05d9 \u05d2\u05e0\u05d9\u05d1\u05ea \u05e0\u05ea\u05d5\u05e0\u05d9\u05dd \u05d5\u05de\u05d1\u05d8\u05d9\u05d7 \u05e9\u05e4\u05e8\u05d8\u05d9 \u05d4\u05ea\u05e9\u05dc\u05d5\u05dd \u05d4\u05d0\u05d9\u05e9\u05d9\u05d9\u05dd \u05e9\u05dc\u05da \u05d9\u05d4\u05d9\u05d5 \u05d1\u05d8\u05d5\u05d7\u05d9\u05dd.<\/p><\/div><\/div><\/div><div class=\"ea-card sp-ea-single\"><h3 class=\"ea-header\"><a class=\"collapsed\" id=\"ea-header-134164\" role=\"button\" data-sptoggle=\"spcollapse\" data-sptarget=\"#collapse134164\" aria-controls=\"collapse134164\" href=\"#\" aria-expanded=\"false\" tabindex=\"0\"><i aria-hidden=\"true\" role=\"presentation\" class=\"ea-expand-icon eap-icon-ea-expand-plus\"><\/i> ?\u05db\u05d9\u05e6\u05d3 \u05e0\u05d9\u05ea\u05df \u05dc\u05d4\u05d7\u05d6\u05d9\u05e8 \u05de\u05d5\u05e6\u05e8<\/a><\/h3><div class=\"sp-collapse spcollapse \" id=\"collapse134164\" data-parent=\"#sp-ea-13416\" role=\"region\" aria-labelledby=\"ea-header-134164\"> <div class=\"ea-body\"><p>\u05dc\u05de\u05d9\u05d3\u05e2 \u05e0\u05d5\u05e1\u05e3 \u05e2\u05dc \u05d4\u05d7\u05d6\u05e8\u05ea \u05de\u05d5\u05e6\u05e8\u05d9\u05dd, \u05d0\u05e0\u05d0 \u05e6\u05e8\u05d5 \u05d0\u05d9\u05ea\u05e0\u05d5 \u05e7\u05e9\u05e8 \u05d1\u05db\u05ea\u05d5\u05d1\u05ea info@mekulo.com. \u05e0\u05d9\u05ea\u05df \u05dc\u05d4\u05d7\u05d6\u05d9\u05e8 \u05d0\u05ea \u05db\u05dc \u05d4\u05e8\u05db\u05d9\u05e9\u05d5\u05ea \u05d1\u05ea\u05d5\u05da 14 \u05d9\u05de\u05d9 \u05e2\u05e1\u05e7\u05d9\u05dd \u05dc\u05dc\u05d0 \u05e6\u05d5\u05e8\u05da \u05d1\u05de\u05ea\u05df \u05e1\u05d9\u05d1\u05d4. \u05e6\u05e8\u05d5 \u05d0\u05d9\u05ea\u05e0\u05d5 \u05e7\u05e9\u05e8 \u05d5\u05d0\u05e0\u05d5 \u05e0\u05e1\u05e4\u05e7 \u05dc\u05db\u05dd \u05d0\u05ea \u05db\u05dc \u05d4\u05de\u05d9\u05d3\u05e2 \u05d4\u05d3\u05e8\u05d5\u05e9 \u05dc\u05d4\u05d7\u05d6\u05e8\u05ea \u05d4\u05d7\u05d1\u05d9\u05dc\u05d4.<\/p><p>\u05db\u05ea\u05d5\u05d1\u05ea\u05e0\u05d5 \u05dc\u05d4\u05d7\u05d6\u05e8\u05d5\u05ea \u05d4\u05d9\u05d0:<br \/>Vienyb\u0117s g. 5, \u0160ilal\u0117, LT-75129, \u05dc\u05d9\u05d8\u05d0<\/p><p><a href=\"https:\/\/mekulo.com\/il\/shipping-and-returns\/\">\u05dc\u05de\u05d9\u05d3\u05e2 \u05e0\u05d5\u05e1\u05e3, \u05e2\u05d9\u05d9\u05e0\u05d5 \u05d1\u05e1\u05e2\u05d9\u05e3 \u05de\u05e9\u05dc\u05d5\u05d7\u05d9\u05dd \u05d5\u05d4\u05d7\u05d6\u05e8\u05d5\u05ea.<\/a><\/p><\/div><\/div><\/div><div class=\"ea-card sp-ea-single\"><h3 class=\"ea-header\"><a class=\"collapsed\" id=\"ea-header-134165\" role=\"button\" data-sptoggle=\"spcollapse\" data-sptarget=\"#collapse134165\" aria-controls=\"collapse134165\" href=\"#\" aria-expanded=\"false\" tabindex=\"0\"><i aria-hidden=\"true\" role=\"presentation\" class=\"ea-expand-icon eap-icon-ea-expand-plus\"><\/i> ?\u05dc\u05d0 \u05de\u05e6\u05d0\u05ea \u05d0\u05ea \u05d4\u05ea\u05e9\u05d5\u05d1\u05d4 \u05dc\u05e9\u05d0\u05dc\u05ea\u05da<\/a><\/h3><div class=\"sp-collapse spcollapse \" id=\"collapse134165\" data-parent=\"#sp-ea-13416\" role=\"region\" aria-labelledby=\"ea-header-134165\"> <div class=\"ea-body\"><p style=\"text-align: left\">\u05d0\u05dd \u05d9\u05e9 \u05dc\u05da \u05e9\u05d0\u05dc\u05d5\u05ea \u05dc\u05dc\u05d0 \u05de\u05e2\u05e0\u05d4 \u05d0\u05d5 \u05e9\u05d0\u05ea\u05d4 \u05d6\u05e7\u05d5\u05e7 \u05dc\u05de\u05d9\u05d3\u05e2 \u05e0\u05d5\u05e1\u05e3, \u05d0\u05e0\u05d0 \u05e4\u05e0\u05d4 \u05d0\u05dc\u05d9\u05e0\u05d5 \u05d1\u05db\u05ea\u05d5\u05d1\u05ea info@mekulo.com.<\/p><p>\u05e6\u05d5\u05d5\u05ea \u05e9\u05d9\u05e8\u05d5\u05ea \u05d4\u05dc\u05e7\u05d5\u05d7\u05d5\u05ea \u05e9\u05dc\u05e0\u05d5 \u05ea\u05de\u05d9\u05d3 \u05de\u05d5\u05db\u05df \u05dc\u05e2\u05d6\u05d5\u05e8 \u05d5\u05dc\u05e2\u05e0\u05d5\u05ea \u05e2\u05dc \u05e9\u05d0\u05dc\u05d5\u05ea\u05d9\u05da. \u05d0\u05e0\u05d5 \u05e2\u05d5\u05e0\u05d9\u05dd \u05e2\u05dc \u05e9\u05d0\u05dc\u05d5\u05ea \u05ea\u05d5\u05da 24 \u05e9\u05e2\u05d5\u05ea.<\/p><\/div><\/div><\/div><\/div><\/div><\/div>\n\t\t\t\t\t\t<\/div>\n\t\t\t\t\t<\/div>\n\t\t\t\t<\/div>\n\t\t\t\t<\/div>\n\t\t","protected":false},"excerpt":{"rendered":"<p>\u05e9\u05d0\u05dc\u05d5\u05ea \u05e0\u05e4\u05d5\u05e6\u05d5\u05ea<\/p>\n","protected":false},"author":5,"featured_media":0,"parent":0,"menu_order":0,"comment_status":"closed","ping_status":"closed","template":"","meta":{"site-sidebar-layout":"no-sidebar","site-content-layout":"","ast-site-content-layout":"full-width-container","site-content-style":"default","site-sidebar-style":"default","ast-global-header-display":"","ast-banner-title-visibility":"","ast-main-header-display":"","ast-hfb-above-header-display":"","ast-hfb-below-header-display":"","ast-hfb-mobile-header-display":"","site-post-title":"disabled","ast-breadcrumbs-content":"","ast-featured-img":"disabled","footer-sml-layout":"","theme-transparent-header-meta":"","adv-header-id-meta":"","stick-header-meta":"","header-above-stick-meta":"","header-main-stick-meta":"","header-below-stick-meta":"","astra-migrate-meta-layouts":"default","ast-page-background-enabled":"default","ast-page-background-meta":{"desktop":{"background-color":"var(--ast-global-color-5)","background-image":"","background-repeat":"repeat","background-position":"center center","background-size":"auto","background-attachment":"scroll","background-type":"","background-media":"","overlay-type":"","overlay-color":"","overlay-opacity":"","overlay-gradient":""},"tablet":{"background-color":"","background-image":"","background-repeat":"repeat","background-position":"center center","background-size":"auto","background-attachment":"scroll","background-type":"","background-media":"","overlay-type":"","overlay-color":"","overlay-opacity":"","overlay-gradient":""},"mobile":{"background-color":"","background-image":"","background-repeat":"repeat","background-position":"center center","background-size":"auto","background-attachment":"scroll","background-type":"","background-media":"","overlay-type":"","overlay-color":"","overlay-opacity":"","overlay-gradient":""}},"ast-content-background-meta":{"desktop":{"background-color":"var(--ast-global-color-4)","background-image":"","background-repeat":"repeat","background-position":"center center","background-size":"auto","background-attachment":"scroll","background-type":"","background-media":"","overlay-type":"","overlay-color":"","overlay-opacity":"","overlay-gradient":""},"tablet":{"background-color":"var(--ast-global-color-4)","background-image":"","background-repeat":"repeat","background-position":"center center","background-size":"auto","background-attachment":"scroll","background-type":"","background-media":"","overlay-type":"","overlay-color":"","overlay-opacity":"","overlay-gradient":""},"mobile":{"background-color":"var(--ast-global-color-4)","background-image":"","background-repeat":"repeat","background-position":"center center","background-size":"auto","background-attachment":"scroll","background-type":"","background-media":"","overlay-type":"","overlay-color":"","overlay-opacity":"","overlay-gradient":""}},"footnotes":""},"class_list":["post-12790","page","type-page","status-publish","hentry"],"yoast_head":"<!-- This site is optimized with the Yoast SEO plugin v26.6 - https:\/\/yoast.com\/wordpress\/plugins\/seo\/ -->\n<title>\u05e9\u05d0\u05dc\u05d5\u05ea \u05e0\u05e4\u05d5\u05e6\u05d5\u05ea - Mekulo IL<\/title>\n<meta name=\"robots\" content=\"index, follow, max-snippet:-1, max-image-preview:large, max-video-preview:-1\" \/>\n<link rel=\"canonical\" href=\"https:\/\/mekulo.com\/il\/\u05e9\u05d0\u05dc\u05d5\u05ea-\u05e0\u05e4\u05d5\u05e6\u05d5\u05ea\/\" \/>\n<meta property=\"og:locale\" content=\"he_IL\" \/>\n<meta property=\"og:type\" content=\"article\" \/>\n<meta property=\"og:title\" content=\"\u05e9\u05d0\u05dc\u05d5\u05ea \u05e0\u05e4\u05d5\u05e6\u05d5\u05ea - Mekulo IL\" \/>\n<meta property=\"og:description\" content=\"\u05e9\u05d0\u05dc\u05d5\u05ea \u05e0\u05e4\u05d5\u05e6\u05d5\u05ea\" \/>\n<meta property=\"og:url\" content=\"https:\/\/mekulo.com\/il\/\u05e9\u05d0\u05dc\u05d5\u05ea-\u05e0\u05e4\u05d5\u05e6\u05d5\u05ea\/\" \/>\n<meta property=\"og:site_name\" content=\"Mekulo IL\" \/>\n<meta property=\"article:modified_time\" content=\"2026-01-30T15:04:48+00:00\" \/>\n<meta name=\"twitter:card\" content=\"summary_large_image\" \/>\n<meta name=\"twitter:label1\" content=\"\u05d6\u05de\u05df \u05e7\u05e8\u05d9\u05d0\u05d4 \u05de\u05d5\u05e2\u05e8\u05da\" \/>\n\t<meta name=\"twitter:data1\" content=\"2 \u05d3\u05e7\u05d5\u05ea\" \/>\n<script type=\"application\/ld+json\" class=\"yoast-schema-graph\">{\"@context\":\"https:\/\/schema.org\",\"@graph\":[{\"@type\":\"WebPage\",\"@id\":\"https:\/\/mekulo.com\/il\/%d7%a9%d7%90%d7%9c%d7%95%d7%aa-%d7%a0%d7%a4%d7%95%d7%a6%d7%95%d7%aa\/\",\"url\":\"https:\/\/mekulo.com\/il\/%d7%a9%d7%90%d7%9c%d7%95%d7%aa-%d7%a0%d7%a4%d7%95%d7%a6%d7%95%d7%aa\/\",\"name\":\"\u05e9\u05d0\u05dc\u05d5\u05ea \u05e0\u05e4\u05d5\u05e6\u05d5\u05ea - Mekulo IL\",\"isPartOf\":{\"@id\":\"https:\/\/mekulo.com\/il\/#website\"},\"datePublished\":\"2025-12-10T13:12:52+00:00\",\"dateModified\":\"2026-01-30T15:04:48+00:00\",\"breadcrumb\":{\"@id\":\"https:\/\/mekulo.com\/il\/%d7%a9%d7%90%d7%9c%d7%95%d7%aa-%d7%a0%d7%a4%d7%95%d7%a6%d7%95%d7%aa\/#breadcrumb\"},\"inLanguage\":\"he-IL\",\"potentialAction\":[{\"@type\":\"ReadAction\",\"target\":[\"https:\/\/mekulo.com\/il\/%d7%a9%d7%90%d7%9c%d7%95%d7%aa-%d7%a0%d7%a4%d7%95%d7%a6%d7%95%d7%aa\/\"]}]},{\"@type\":\"BreadcrumbList\",\"@id\":\"https:\/\/mekulo.com\/il\/%d7%a9%d7%90%d7%9c%d7%95%d7%aa-%d7%a0%d7%a4%d7%95%d7%a6%d7%95%d7%aa\/#breadcrumb\",\"itemListElement\":[{\"@type\":\"ListItem\",\"position\":1,\"name\":\"Home\",\"item\":\"https:\/\/mekulo.com\/il\/\"},{\"@type\":\"ListItem\",\"position\":2,\"name\":\"\u05e9\u05d0\u05dc\u05d5\u05ea \u05e0\u05e4\u05d5\u05e6\u05d5\u05ea\"}]},{\"@type\":\"WebSite\",\"@id\":\"https:\/\/mekulo.com\/il\/#website\",\"url\":\"https:\/\/mekulo.com\/il\/\",\"name\":\"Mekulo IL\",\"description\":\"\",\"publisher\":{\"@id\":\"https:\/\/mekulo.com\/il\/#organization\"},\"potentialAction\":[{\"@type\":\"SearchAction\",\"target\":{\"@type\":\"EntryPoint\",\"urlTemplate\":\"https:\/\/mekulo.com\/il\/?s={search_term_string}\"},\"query-input\":{\"@type\":\"PropertyValueSpecification\",\"valueRequired\":true,\"valueName\":\"search_term_string\"}}],\"inLanguage\":\"he-IL\"},{\"@type\":\"Organization\",\"@id\":\"https:\/\/mekulo.com\/il\/#organization\",\"name\":\"Mekulo\",\"url\":\"https:\/\/mekulo.com\/il\/\",\"logo\":{\"@type\":\"ImageObject\",\"inLanguage\":\"he-IL\",\"@id\":\"https:\/\/mekulo.com\/il\/#\/schema\/logo\/image\/\",\"url\":\"https:\/\/mekulo.com\/il\/wp-content\/uploads\/sites\/17\/2025\/12\/favicon_mekulo.png\",\"contentUrl\":\"https:\/\/mekulo.com\/il\/wp-content\/uploads\/sites\/17\/2025\/12\/favicon_mekulo.png\",\"width\":50,\"height\":50,\"caption\":\"Mekulo\"},\"image\":{\"@id\":\"https:\/\/mekulo.com\/il\/#\/schema\/logo\/image\/\"}}]}<\/script>\n<!-- \/ Yoast SEO plugin. -->","yoast_head_json":{"title":"\u05e9\u05d0\u05dc\u05d5\u05ea \u05e0\u05e4\u05d5\u05e6\u05d5\u05ea - Mekulo IL","robots":{"index":"index","follow":"follow","max-snippet":"max-snippet:-1","max-image-preview":"max-image-preview:large","max-video-preview":"max-video-preview:-1"},"canonical":"https:\/\/mekulo.com\/il\/\u05e9\u05d0\u05dc\u05d5\u05ea-\u05e0\u05e4\u05d5\u05e6\u05d5\u05ea\/","og_locale":"he_IL","og_type":"article","og_title":"\u05e9\u05d0\u05dc\u05d5\u05ea \u05e0\u05e4\u05d5\u05e6\u05d5\u05ea - Mekulo IL","og_description":"\u05e9\u05d0\u05dc\u05d5\u05ea \u05e0\u05e4\u05d5\u05e6\u05d5\u05ea","og_url":"https:\/\/mekulo.com\/il\/\u05e9\u05d0\u05dc\u05d5\u05ea-\u05e0\u05e4\u05d5\u05e6\u05d5\u05ea\/","og_site_name":"Mekulo IL","article_modified_time":"2026-01-30T15:04:48+00:00","twitter_card":"summary_large_image","twitter_misc":{"\u05d6\u05de\u05df \u05e7\u05e8\u05d9\u05d0\u05d4 \u05de\u05d5\u05e2\u05e8\u05da":"2 \u05d3\u05e7\u05d5\u05ea"},"schema":{"@context":"https:\/\/schema.org","@graph":[{"@type":"WebPage","@id":"https:\/\/mekulo.com\/il\/%d7%a9%d7%90%d7%9c%d7%95%d7%aa-%d7%a0%d7%a4%d7%95%d7%a6%d7%95%d7%aa\/","url":"https:\/\/mekulo.com\/il\/%d7%a9%d7%90%d7%9c%d7%95%d7%aa-%d7%a0%d7%a4%d7%95%d7%a6%d7%95%d7%aa\/","name":"\u05e9\u05d0\u05dc\u05d5\u05ea \u05e0\u05e4\u05d5\u05e6\u05d5\u05ea - Mekulo IL","isPartOf":{"@id":"https:\/\/mekulo.com\/il\/#website"},"datePublished":"2025-12-10T13:12:52+00:00","dateModified":"2026-01-30T15:04:48+00:00","breadcrumb":{"@id":"https:\/\/mekulo.com\/il\/%d7%a9%d7%90%d7%9c%d7%95%d7%aa-%d7%a0%d7%a4%d7%95%d7%a6%d7%95%d7%aa\/#breadcrumb"},"inLanguage":"he-IL","potentialAction":[{"@type":"ReadAction","target":["https:\/\/mekulo.com\/il\/%d7%a9%d7%90%d7%9c%d7%95%d7%aa-%d7%a0%d7%a4%d7%95%d7%a6%d7%95%d7%aa\/"]}]},{"@type":"BreadcrumbList","@id":"https:\/\/mekulo.com\/il\/%d7%a9%d7%90%d7%9c%d7%95%d7%aa-%d7%a0%d7%a4%d7%95%d7%a6%d7%95%d7%aa\/#breadcrumb","itemListElement":[{"@type":"ListItem","position":1,"name":"Home","item":"https:\/\/mekulo.com\/il\/"},{"@type":"ListItem","position":2,"name":"\u05e9\u05d0\u05dc\u05d5\u05ea \u05e0\u05e4\u05d5\u05e6\u05d5\u05ea"}]},{"@type":"WebSite","@id":"https:\/\/mekulo.com\/il\/#website","url":"https:\/\/mekulo.com\/il\/","name":"Mekulo IL","description":"","publisher":{"@id":"https:\/\/mekulo.com\/il\/#organization"},"potentialAction":[{"@type":"SearchAction","target":{"@type":"EntryPoint","urlTemplate":"https:\/\/mekulo.com\/il\/?s={search_term_string}"},"query-input":{"@type":"PropertyValueSpecification","valueRequired":true,"valueName":"search_term_string"}}],"inLanguage":"he-IL"},{"@type":"Organization","@id":"https:\/\/mekulo.com\/il\/#organization","name":"Mekulo","url":"https:\/\/mekulo.com\/il\/","logo":{"@type":"ImageObject","inLanguage":"he-IL","@id":"https:\/\/mekulo.com\/il\/#\/schema\/logo\/image\/","url":"https:\/\/mekulo.com\/il\/wp-content\/uploads\/sites\/17\/2025\/12\/favicon_mekulo.png","contentUrl":"https:\/\/mekulo.com\/il\/wp-content\/uploads\/sites\/17\/2025\/12\/favicon_mekulo.png","width":50,"height":50,"caption":"Mekulo"},"image":{"@id":"https:\/\/mekulo.com\/il\/#\/schema\/logo\/image\/"}}]}},"_links":{"self":[{"href":"https:\/\/mekulo.com\/il\/wp-json\/wp\/v2\/pages\/12790","targetHints":{"allow":["GET"]}}],"collection":[{"href":"https:\/\/mekulo.com\/il\/wp-json\/wp\/v2\/pages"}],"about":[{"href":"https:\/\/mekulo.com\/il\/wp-json\/wp\/v2\/types\/page"}],"author":[{"embeddable":true,"href":"https:\/\/mekulo.com\/il\/wp-json\/wp\/v2\/users\/5"}],"replies":[{"embeddable":true,"href":"https:\/\/mekulo.com\/il\/wp-json\/wp\/v2\/comments?post=12790"}],"version-history":[{"count":41,"href":"https:\/\/mekulo.com\/il\/wp-json\/wp\/v2\/pages\/12790\/revisions"}],"predecessor-version":[{"id":22647,"href":"https:\/\/mekulo.com\/il\/wp-json\/wp\/v2\/pages\/12790\/revisions\/22647"}],"wp:attachment":[{"href":"https:\/\/mekulo.com\/il\/wp-json\/wp\/v2\/media?parent=12790"}],"curies":[{"name":"wp","href":"https:\/\/api.w.org\/{rel}","templated":true}]}}