{"id":16542,"date":"2026-04-07T15:34:29","date_gmt":"2026-04-07T12:34:29","guid":{"rendered":"https:\/\/mekulo.com\/fi\/tuote\/aurinkoenorsun-valo\/"},"modified":"2026-04-07T15:34:29","modified_gmt":"2026-04-07T12:34:29","slug":"aurinkoenorsun-valo","status":"publish","type":"product","link":"https:\/\/mekulo.com\/fi\/tuote\/aurinkoenorsun-valo\/","title":{"rendered":"Aurinkoenorsun valo"},"content":{"rendered":"<h2 style=\"text-align: center\" data-start=\"0\" data-end=\"62\">\ud83d\udc18 Maaginen hehku!<\/h2>\n<p class=\"\" style=\"text-align: center\" data-start=\"64\" data-end=\"288\">Se on enemm\u00e4n kuin vain s\u00f6p\u00f6 koriste &#8211; se on rakkauden, voiman ja viisauden symboli, joka valaisee puutarhasi, pihasi tai terassisi joka ilta.<\/p>\n<p style=\"text-align: center\" data-start=\"64\" data-end=\"288\">\u2714 Ei kokoonpanoa &#8211; k\u00e4ytt\u00f6valmis!<\/p>\n<p data-start=\"64\" data-end=\"288\"><img decoding=\"async\" class=\"size-full wp-image-14630 aligncenter\" src=\"https:\/\/keluvo.com\/template\/wp-content\/uploads\/sites\/5\/2025\/04\/GxLwsrye1cJjy9e3maHh.jpeg\" alt=\"\" \/><\/p>\n<h2 style=\"text-align: center\" data-start=\"295\" data-end=\"320\">\u2705 Miksi rakastat sit\u00e4:<\/h2>\n<ul data-start=\"322\" data-end=\"1101\">\n<li class=\"\" data-start=\"322\" data-end=\"466\">\n<p class=\"\" data-start=\"324\" data-end=\"466\"><strong data-start=\"324\" data-end=\"350\">Kaunis Ja Merkityksellinen: <\/strong>Norsut ovat rakkauden, rauhan ja hyv\u00e4n onnen symboleja. T\u00e4m\u00e4 tekee siit\u00e4 t\u00e4ydellisen lahjan \u00e4ideille, perheelle tai yst\u00e4ville.<\/p>\n<\/li>\n<li class=\"\" data-start=\"468\" data-end=\"624\">\n<p class=\"\" data-start=\"470\" data-end=\"624\"><strong data-start=\"470\" data-end=\"498\">Hehkuu Kuin Virtaava Vesi: <\/strong>Aurinkoenergialla toimivat LED-valot loistavat y\u00f6ll\u00e4 ja luovat hehkuvan virtaustehosteen, joka n\u00e4ytt\u00e4\u00e4 silt\u00e4 kuin norsu ruiskuttaisi vett\u00e4.<\/p>\n<\/li>\n<li class=\"\" data-start=\"626\" data-end=\"754\">\n<p class=\"\" data-start=\"628\" data-end=\"754\"><strong data-start=\"628\" data-end=\"661\">T\u00e4ydellinen Mihin Tahansa Ulkotilaan: <\/strong>Sopii erinomaisesti puutarhoihin, terasseille, kulkuv\u00e4ylille tai kuisteille. Lis\u00e4\u00e4 l\u00e4mpim\u00e4n ja maagisen kosketuksen miss\u00e4 tahansa.<\/p>\n<\/li>\n<li class=\"\" data-start=\"756\" data-end=\"905\">\n<p class=\"\" data-start=\"758\" data-end=\"905\"><strong data-start=\"758\" data-end=\"790\">Ymp\u00e4rist\u00f6yst\u00e4v\u00e4llinen &amp; Energians\u00e4\u00e4st\u00f6: <\/strong>Toimii aurinkoenergialla. Aseta se vain paikkaan, jossa se saa auringonvaloa p\u00e4iv\u00e4ll\u00e4 &#8211; se syttyy automaattisesti y\u00f6ll\u00e4.<\/p>\n<\/li>\n<li class=\"\" data-start=\"907\" data-end=\"1019\">\n<p class=\"\" data-start=\"909\" data-end=\"1019\"><strong data-start=\"909\" data-end=\"925\">Valmistettu Kest\u00e4m\u00e4\u00e4n: <\/strong>Valmistettu korkealaatuisesta hartsista. Vedenpit\u00e4v\u00e4 ja rakennettu kest\u00e4m\u00e4\u00e4n sadetta ja ulkos\u00e4\u00e4t\u00e4.<\/p>\n<\/li>\n<li class=\"\" data-start=\"1021\" data-end=\"1101\">\n<p class=\"\" data-start=\"1023\" data-end=\"1101\"><strong data-start=\"1023\" data-end=\"1038\">Helppok\u00e4ytt\u00f6inen: <\/strong>Just press the switch to \u201cON\u201d and let the sun do the rest.<\/p>\n<\/li>\n<\/ul>\n<h2 style=\"text-align: center\">\ud83d\udce6 Pakkaus sis\u00e4lt\u00e4\u00e4:<\/h2>\n<ul data-start=\"1143\" data-end=\"1283\">\n<li class=\"\" data-start=\"1143\" data-end=\"1179\">\n<p class=\"\" data-start=\"1145\" data-end=\"1179\">1 x aurinkoenergialla toimiva norsuvalo<\/p>\n<\/li>\n<li class=\"\" data-start=\"1180\" data-end=\"1213\">\n<p class=\"\" data-start=\"1182\" data-end=\"1213\">Sis\u00e4\u00e4nrakennettu ladattava akku<\/p>\n<\/li>\n<li class=\"\" data-start=\"1214\" data-end=\"1249\">\n<p class=\"\" data-start=\"1216\" data-end=\"1249\">Esiasennettu LED-valonjohto<\/p>\n<\/li>\n<li class=\"\" data-start=\"1250\" data-end=\"1283\">\n<p class=\"\" data-start=\"1252\" data-end=\"1283\">Valmiina k\u00e4ytt\u00f6\u00f6n &#8211; ei asennusta<\/p>\n<\/li>\n<\/ul>\n","protected":false},"excerpt":{"rendered":"<p>Tuo iloa, vieh\u00e4tyst\u00e4 ja pehme\u00e4\u00e4 valoa tilaan suloisella <strong data-start=\"129\" data-end=\"147\">norsuvalaisimella<\/strong>.<\/p>\n","protected":false},"featured_media":16538,"comment_status":"open","ping_status":"closed","template":"","meta":{"site-sidebar-layout":"default","site-content-layout":"","ast-site-content-layout":"default","site-content-style":"default","site-sidebar-style":"default","ast-global-header-display":"","ast-banner-title-visibility":"","ast-main-header-display":"","ast-hfb-above-header-display":"","ast-hfb-below-header-display":"","ast-hfb-mobile-header-display":"","site-post-title":"","ast-breadcrumbs-content":"","ast-featured-img":"","footer-sml-layout":"","theme-transparent-header-meta":"default","adv-header-id-meta":"","stick-header-meta":"","header-above-stick-meta":"","header-main-stick-meta":"","header-below-stick-meta":"","astra-migrate-meta-layouts":"set","ast-page-background-enabled":"default","ast-page-background-meta":{"desktop":{"background-color":"var(--ast-global-color-5)","background-image":"","background-repeat":"repeat","background-position":"center center","background-size":"auto","background-attachment":"scroll","background-type":"","background-media":"","overlay-type":"","overlay-color":"","overlay-opacity":"","overlay-gradient":""},"tablet":{"background-color":"","background-image":"","background-repeat":"repeat","background-position":"center center","background-size":"auto","background-attachment":"scroll","background-type":"","background-media":"","overlay-type":"","overlay-color":"","overlay-opacity":"","overlay-gradient":""},"mobile":{"background-color":"","background-image":"","background-repeat":"repeat","background-position":"center center","background-size":"auto","background-attachment":"scroll","background-type":"","background-media":"","overlay-type":"","overlay-color":"","overlay-opacity":"","overlay-gradient":""}},"ast-content-background-meta":{"desktop":{"background-color":"var(--ast-global-color-4)","background-image":"","background-repeat":"repeat","background-position":"center center","background-size":"auto","background-attachment":"scroll","background-type":"","background-media":"","overlay-type":"","overlay-color":"","overlay-opacity":"","overlay-gradient":""},"tablet":{"background-color":"var(--ast-global-color-4)","background-image":"","background-repeat":"repeat","background-position":"center center","background-size":"auto","background-attachment":"scroll","background-type":"","background-media":"","overlay-type":"","overlay-color":"","overlay-opacity":"","overlay-gradient":""},"mobile":{"background-color":"var(--ast-global-color-4)","background-image":"","background-repeat":"repeat","background-position":"center center","background-size":"auto","background-attachment":"scroll","background-type":"","background-media":"","overlay-type":"","overlay-color":"","overlay-opacity":"","overlay-gradient":""}}},"product_brand":[],"product_cat":[168],"product_tag":[],"class_list":{"0":"post-16542","1":"product","2":"type-product","3":"status-publish","4":"has-post-thumbnail","6":"product_cat-taloustavarat","7":"desktop-align-left","8":"tablet-align-left","9":"mobile-align-left","11":"first","12":"instock","13":"shipping-taxable","14":"purchasable","15":"product-type-simple"},"yoast_head":"<!-- This site is optimized with the Yoast SEO plugin v26.6 - https:\/\/yoast.com\/wordpress\/plugins\/seo\/ -->\n<title>Aurinkoenorsun valo - Mekulo FI<\/title>\n<meta name=\"robots\" content=\"index, follow, max-snippet:-1, max-image-preview:large, max-video-preview:-1\" \/>\n<link rel=\"canonical\" href=\"https:\/\/mekulo.com\/fi\/tuote\/aurinkoenorsun-valo\/\" \/>\n<meta property=\"og:locale\" content=\"fi_FI\" \/>\n<meta property=\"og:type\" content=\"article\" \/>\n<meta property=\"og:title\" content=\"Aurinkoenorsun valo - Mekulo FI\" \/>\n<meta property=\"og:description\" content=\"Tuo iloa, vieh\u00e4tyst\u00e4 ja pehme\u00e4\u00e4 valoa tilaan suloisella norsuvalaisimella.\" \/>\n<meta property=\"og:url\" content=\"https:\/\/mekulo.com\/fi\/tuote\/aurinkoenorsun-valo\/\" \/>\n<meta property=\"og:site_name\" content=\"Mekulo FI\" \/>\n<meta property=\"og:image\" content=\"https:\/\/mekulo.com\/fi\/wp-content\/uploads\/sites\/13\/2026\/04\/tu2l9wi-1.jpeg\" \/>\n\t<meta property=\"og:image:width\" content=\"800\" \/>\n\t<meta property=\"og:image:height\" content=\"800\" \/>\n\t<meta property=\"og:image:type\" content=\"image\/jpeg\" \/>\n<meta name=\"twitter:card\" content=\"summary_large_image\" \/>\n<meta name=\"twitter:label1\" content=\"Arvioitu lukuaika\" \/>\n\t<meta name=\"twitter:data1\" content=\"2 minuuttia\" \/>\n<script type=\"application\/ld+json\" class=\"yoast-schema-graph\">{\"@context\":\"https:\/\/schema.org\",\"@graph\":[{\"@type\":\"WebPage\",\"@id\":\"https:\/\/mekulo.com\/fi\/tuote\/aurinkoenorsun-valo\/\",\"url\":\"https:\/\/mekulo.com\/fi\/tuote\/aurinkoenorsun-valo\/\",\"name\":\"Aurinkoenorsun valo - Mekulo FI\",\"isPartOf\":{\"@id\":\"https:\/\/mekulo.com\/fi\/#website\"},\"primaryImageOfPage\":{\"@id\":\"https:\/\/mekulo.com\/fi\/tuote\/aurinkoenorsun-valo\/#primaryimage\"},\"image\":{\"@id\":\"https:\/\/mekulo.com\/fi\/tuote\/aurinkoenorsun-valo\/#primaryimage\"},\"thumbnailUrl\":\"https:\/\/mekulo.com\/fi\/wp-content\/uploads\/sites\/13\/2026\/04\/tu2l9wi-1.jpeg\",\"datePublished\":\"2026-04-07T12:34:29+00:00\",\"breadcrumb\":{\"@id\":\"https:\/\/mekulo.com\/fi\/tuote\/aurinkoenorsun-valo\/#breadcrumb\"},\"inLanguage\":\"fi\",\"potentialAction\":[{\"@type\":\"ReadAction\",\"target\":[\"https:\/\/mekulo.com\/fi\/tuote\/aurinkoenorsun-valo\/\"]}]},{\"@type\":\"ImageObject\",\"inLanguage\":\"fi\",\"@id\":\"https:\/\/mekulo.com\/fi\/tuote\/aurinkoenorsun-valo\/#primaryimage\",\"url\":\"https:\/\/mekulo.com\/fi\/wp-content\/uploads\/sites\/13\/2026\/04\/tu2l9wi-1.jpeg\",\"contentUrl\":\"https:\/\/mekulo.com\/fi\/wp-content\/uploads\/sites\/13\/2026\/04\/tu2l9wi-1.jpeg\",\"width\":800,\"height\":800},{\"@type\":\"BreadcrumbList\",\"@id\":\"https:\/\/mekulo.com\/fi\/tuote\/aurinkoenorsun-valo\/#breadcrumb\",\"itemListElement\":[{\"@type\":\"ListItem\",\"position\":1,\"name\":\"Home\",\"item\":\"https:\/\/mekulo.com\/fi\/\"},{\"@type\":\"ListItem\",\"position\":2,\"name\":\"Kauppa\",\"item\":\"https:\/\/mekulo.com\/fi\/kauppa\/\"},{\"@type\":\"ListItem\",\"position\":3,\"name\":\"Aurinkoenorsun valo\"}]},{\"@type\":\"WebSite\",\"@id\":\"https:\/\/mekulo.com\/fi\/#website\",\"url\":\"https:\/\/mekulo.com\/fi\/\",\"name\":\"Mekulo FI\",\"description\":\"\",\"publisher\":{\"@id\":\"https:\/\/mekulo.com\/fi\/#organization\"},\"potentialAction\":[{\"@type\":\"SearchAction\",\"target\":{\"@type\":\"EntryPoint\",\"urlTemplate\":\"https:\/\/mekulo.com\/fi\/?s={search_term_string}\"},\"query-input\":{\"@type\":\"PropertyValueSpecification\",\"valueRequired\":true,\"valueName\":\"search_term_string\"}}],\"inLanguage\":\"fi\"},{\"@type\":\"Organization\",\"@id\":\"https:\/\/mekulo.com\/fi\/#organization\",\"name\":\"Mekulo\",\"url\":\"https:\/\/mekulo.com\/fi\/\",\"logo\":{\"@type\":\"ImageObject\",\"inLanguage\":\"fi\",\"@id\":\"https:\/\/mekulo.com\/fi\/#\/schema\/logo\/image\/\",\"url\":\"https:\/\/mekulo.com\/fi\/wp-content\/uploads\/sites\/13\/2025\/12\/favicon_mekulo.png\",\"contentUrl\":\"https:\/\/mekulo.com\/fi\/wp-content\/uploads\/sites\/13\/2025\/12\/favicon_mekulo.png\",\"width\":50,\"height\":50,\"caption\":\"Mekulo\"},\"image\":{\"@id\":\"https:\/\/mekulo.com\/fi\/#\/schema\/logo\/image\/\"}}]}<\/script>\n<!-- \/ Yoast SEO plugin. -->","yoast_head_json":{"title":"Aurinkoenorsun valo - Mekulo FI","robots":{"index":"index","follow":"follow","max-snippet":"max-snippet:-1","max-image-preview":"max-image-preview:large","max-video-preview":"max-video-preview:-1"},"canonical":"https:\/\/mekulo.com\/fi\/tuote\/aurinkoenorsun-valo\/","og_locale":"fi_FI","og_type":"article","og_title":"Aurinkoenorsun valo - Mekulo FI","og_description":"Tuo iloa, vieh\u00e4tyst\u00e4 ja pehme\u00e4\u00e4 valoa tilaan suloisella norsuvalaisimella.","og_url":"https:\/\/mekulo.com\/fi\/tuote\/aurinkoenorsun-valo\/","og_site_name":"Mekulo FI","og_image":[{"width":800,"height":800,"url":"https:\/\/mekulo.com\/fi\/wp-content\/uploads\/sites\/13\/2026\/04\/tu2l9wi-1.jpeg","type":"image\/jpeg"}],"twitter_card":"summary_large_image","twitter_misc":{"Arvioitu lukuaika":"2 minuuttia"},"schema":{"@context":"https:\/\/schema.org","@graph":[{"@type":"WebPage","@id":"https:\/\/mekulo.com\/fi\/tuote\/aurinkoenorsun-valo\/","url":"https:\/\/mekulo.com\/fi\/tuote\/aurinkoenorsun-valo\/","name":"Aurinkoenorsun valo - Mekulo FI","isPartOf":{"@id":"https:\/\/mekulo.com\/fi\/#website"},"primaryImageOfPage":{"@id":"https:\/\/mekulo.com\/fi\/tuote\/aurinkoenorsun-valo\/#primaryimage"},"image":{"@id":"https:\/\/mekulo.com\/fi\/tuote\/aurinkoenorsun-valo\/#primaryimage"},"thumbnailUrl":"https:\/\/mekulo.com\/fi\/wp-content\/uploads\/sites\/13\/2026\/04\/tu2l9wi-1.jpeg","datePublished":"2026-04-07T12:34:29+00:00","breadcrumb":{"@id":"https:\/\/mekulo.com\/fi\/tuote\/aurinkoenorsun-valo\/#breadcrumb"},"inLanguage":"fi","potentialAction":[{"@type":"ReadAction","target":["https:\/\/mekulo.com\/fi\/tuote\/aurinkoenorsun-valo\/"]}]},{"@type":"ImageObject","inLanguage":"fi","@id":"https:\/\/mekulo.com\/fi\/tuote\/aurinkoenorsun-valo\/#primaryimage","url":"https:\/\/mekulo.com\/fi\/wp-content\/uploads\/sites\/13\/2026\/04\/tu2l9wi-1.jpeg","contentUrl":"https:\/\/mekulo.com\/fi\/wp-content\/uploads\/sites\/13\/2026\/04\/tu2l9wi-1.jpeg","width":800,"height":800},{"@type":"BreadcrumbList","@id":"https:\/\/mekulo.com\/fi\/tuote\/aurinkoenorsun-valo\/#breadcrumb","itemListElement":[{"@type":"ListItem","position":1,"name":"Home","item":"https:\/\/mekulo.com\/fi\/"},{"@type":"ListItem","position":2,"name":"Kauppa","item":"https:\/\/mekulo.com\/fi\/kauppa\/"},{"@type":"ListItem","position":3,"name":"Aurinkoenorsun valo"}]},{"@type":"WebSite","@id":"https:\/\/mekulo.com\/fi\/#website","url":"https:\/\/mekulo.com\/fi\/","name":"Mekulo FI","description":"","publisher":{"@id":"https:\/\/mekulo.com\/fi\/#organization"},"potentialAction":[{"@type":"SearchAction","target":{"@type":"EntryPoint","urlTemplate":"https:\/\/mekulo.com\/fi\/?s={search_term_string}"},"query-input":{"@type":"PropertyValueSpecification","valueRequired":true,"valueName":"search_term_string"}}],"inLanguage":"fi"},{"@type":"Organization","@id":"https:\/\/mekulo.com\/fi\/#organization","name":"Mekulo","url":"https:\/\/mekulo.com\/fi\/","logo":{"@type":"ImageObject","inLanguage":"fi","@id":"https:\/\/mekulo.com\/fi\/#\/schema\/logo\/image\/","url":"https:\/\/mekulo.com\/fi\/wp-content\/uploads\/sites\/13\/2025\/12\/favicon_mekulo.png","contentUrl":"https:\/\/mekulo.com\/fi\/wp-content\/uploads\/sites\/13\/2025\/12\/favicon_mekulo.png","width":50,"height":50,"caption":"Mekulo"},"image":{"@id":"https:\/\/mekulo.com\/fi\/#\/schema\/logo\/image\/"}}]}},"_links":{"self":[{"href":"https:\/\/mekulo.com\/fi\/wp-json\/wp\/v2\/product\/16542","targetHints":{"allow":["GET"]}}],"collection":[{"href":"https:\/\/mekulo.com\/fi\/wp-json\/wp\/v2\/product"}],"about":[{"href":"https:\/\/mekulo.com\/fi\/wp-json\/wp\/v2\/types\/product"}],"replies":[{"embeddable":true,"href":"https:\/\/mekulo.com\/fi\/wp-json\/wp\/v2\/comments?post=16542"}],"wp:featuredmedia":[{"embeddable":true,"href":"https:\/\/mekulo.com\/fi\/wp-json\/wp\/v2\/media\/16538"}],"wp:attachment":[{"href":"https:\/\/mekulo.com\/fi\/wp-json\/wp\/v2\/media?parent=16542"}],"wp:term":[{"taxonomy":"product_brand","embeddable":true,"href":"https:\/\/mekulo.com\/fi\/wp-json\/wp\/v2\/product_brand?post=16542"},{"taxonomy":"product_cat","embeddable":true,"href":"https:\/\/mekulo.com\/fi\/wp-json\/wp\/v2\/product_cat?post=16542"},{"taxonomy":"product_tag","embeddable":true,"href":"https:\/\/mekulo.com\/fi\/wp-json\/wp\/v2\/product_tag?post=16542"}],"curies":[{"name":"wp","href":"https:\/\/api.w.org\/{rel}","templated":true}]}}