{"id":16503,"date":"2026-04-07T11:07:04","date_gmt":"2026-04-07T08:07:04","guid":{"rendered":"https:\/\/mekulo.com\/fi\/tuote\/monikayttoinen-vavanpidike-4-paria\/"},"modified":"2026-04-13T11:33:59","modified_gmt":"2026-04-13T08:33:59","slug":"monikayttoinen-vavanpidike-4-paria","status":"publish","type":"product","link":"https:\/\/mekulo.com\/fi\/tuote\/monikayttoinen-vavanpidike-4-paria\/","title":{"rendered":"Monik\u00e4ytt\u00f6inen vavanpidike (4 paria)"},"content":{"rendered":"<p style=\"text-align: center;\" data-start=\"34\" data-end=\"95\"><strong data-start=\"34\" data-end=\"95\">Pid\u00e4 onkivapasi suojassa ja t\u00e4ydellisesti j\u00e4rjestyksess\u00e4. \ud83d\udc1f<\/strong><\/p>\n<p data-start=\"34\" data-end=\"95\"><img fetchpriority=\"high\" decoding=\"async\" class=\"size-full wp-image-25009 aligncenter\" src=\"https:\/\/mekulo.com\/template\/wp-content\/uploads\/sites\/6\/2026\/02\/S5d318d3b4b3f408dba4fab9ceb6dcae71.jpg\" alt=\"\" width=\"1080\" height=\"1080\" \/><\/p>\n<h2 style=\"text-align: center;\" data-start=\"523\" data-end=\"542\"><strong>P\u00e4\u00e4hy\u00f6dyt \ud83c\udfa3<\/strong><\/h2>\n<p data-start=\"543\" data-end=\"855\">\ud83c\udfa3 Suojaa vavat &#8211; Ehk\u00e4isee naarmuja ja vaurioita.<\/p>\n<p data-start=\"543\" data-end=\"855\">\ud83d\udd12 Vahva ote &#8211; Vavat pysyv\u00e4t tukevasti paikoillaan.<\/p>\n<p data-start=\"543\" data-end=\"855\">\ud83e\uddf3 Helppo kuljetus &#8211; Sitoo useamman vavan yhteen.<\/p>\n<p data-start=\"543\" data-end=\"855\">\u26a1 Yhden k\u00e4den k\u00e4ytt\u00f6 &#8211; Nopea ja k\u00e4tev\u00e4.<\/p>\n<p data-start=\"543\" data-end=\"855\">\ud83e\uddf9 Est\u00e4\u00e4 sotkeutumisen &#8211; Ei en\u00e4\u00e4 sotkuisia varusteita.<\/p>\n<p data-start=\"543\" data-end=\"855\">\ud83c\udfe0 Tilaa s\u00e4\u00e4st\u00e4v\u00e4 \u2013 Pit\u00e4\u00e4 s\u00e4ilytystilat j\u00e4rjestyksess\u00e4.<\/p>\n<p data-start=\"543\" data-end=\"855\"><img decoding=\"async\" class=\"size-full wp-image-25010 aligncenter\" src=\"https:\/\/mekulo.com\/template\/wp-content\/uploads\/sites\/6\/2026\/02\/ecf2e09a-1952-4098-bd3f-b6f4326c6562.jpg\" alt=\"\" width=\"1000\" height=\"1000\" \/><\/p>\n<h2 style=\"text-align: center;\" data-start=\"862\" data-end=\"878\">K\u00e4ytt\u00f6ohjeet \ud83d\udccc<\/h2>\n<p>Kohdista vavat yhteen.<\/p>\n<p>Kiedo joustava pidike vavojen ymp\u00e4rille.<\/p>\n<p>Kiinnit\u00e4 se lukitusrakenteella.<\/p>\n<p>Poista se nopeasti, kun olet valmis kalastamaan.<\/p>\n<h2 style=\"text-align: center;\" data-start=\"1054\" data-end=\"1075\">Tuotetiedot \ud83d\udccf<\/h2>\n<ul data-start=\"1076\" data-end=\"1247\">\n<li data-start=\"1076\" data-end=\"1125\">\n<p data-start=\"1078\" data-end=\"1125\">Materiaali: Muovi, ABS, elastinen kumi (EPDM)<\/p>\n<\/li>\n<li data-start=\"1126\" data-end=\"1169\">\n<p data-start=\"1128\" data-end=\"1169\">Muotoilu: Korkea elastinen nauha + kaksinkertainen lukko<\/p>\n<\/li>\n<li data-start=\"1170\" data-end=\"1211\">\n<p data-start=\"1172\" data-end=\"1211\">Toiminto: K\u00e4ytt\u00f6kohteet: S\u00e4ilytys ja kuljetus<\/p>\n<\/li>\n<li data-start=\"1212\" data-end=\"1247\">\n<p data-start=\"1214\" data-end=\"1247\">Koko: 4,5 x 3 cm<\/p>\n<\/li>\n<\/ul>\n<h2 style=\"text-align: center;\" data-start=\"1314\" data-end=\"1336\">Paketti sis\u00e4lt\u00e4\u00e4 \ud83d\udce6<\/h2>\n<ul data-start=\"1337\" data-end=\"1371\">\n<li data-start=\"1337\" data-end=\"1371\">\n<p data-start=\"1339\" data-end=\"1371\">4x paria monik\u00e4ytt\u00f6isi\u00e4 vavanpidikkeit\u00e4 (8 kpl).<\/p>\n<\/li>\n<\/ul>\n","protected":false},"excerpt":{"rendered":"<p>\ud83c\udfa3T\u00e4m\u00e4 monik\u00e4ytt\u00f6inen vavanpidike sitoo ja suojaa vavat turvallisesti.<br \/>\n\ud83d\udea3Se est\u00e4\u00e4 naarmuja, iskuja ja p\u00f6ly\u00e4 s\u00e4ilytyksen tai kuljetuksen aikana. Yksinkertainen ratkaisu pit\u00e4\u00e4 varusteesi siistin\u00e4 ja valmiina. Korkean elastinen nauha pit\u00e4\u00e4 vavat tiukasti yhdess\u00e4.<br \/>\n\ud83d\udc1fVoit kiinnitt\u00e4\u00e4 tai irrottaa sen helposti yhdell\u00e4 k\u00e4dell\u00e4. V\u00e4ltt\u00e4m\u00e4t\u00f6n lis\u00e4varuste turvallisempiin, puhtaampiin ja helpompiin kalastusretkiin. \u2728<\/p>\n","protected":false},"featured_media":16499,"comment_status":"open","ping_status":"closed","template":"","meta":{"site-sidebar-layout":"default","site-content-layout":"","ast-site-content-layout":"default","site-content-style":"default","site-sidebar-style":"default","ast-global-header-display":"","ast-banner-title-visibility":"","ast-main-header-display":"","ast-hfb-above-header-display":"","ast-hfb-below-header-display":"","ast-hfb-mobile-header-display":"","site-post-title":"","ast-breadcrumbs-content":"","ast-featured-img":"","footer-sml-layout":"","theme-transparent-header-meta":"default","adv-header-id-meta":"","stick-header-meta":"","header-above-stick-meta":"","header-main-stick-meta":"","header-below-stick-meta":"","astra-migrate-meta-layouts":"set","ast-page-background-enabled":"default","ast-page-background-meta":{"desktop":{"background-color":"var(--ast-global-color-5)","background-image":"","background-repeat":"repeat","background-position":"center center","background-size":"auto","background-attachment":"scroll","background-type":"","background-media":"","overlay-type":"","overlay-color":"","overlay-opacity":"","overlay-gradient":""},"tablet":{"background-color":"","background-image":"","background-repeat":"repeat","background-position":"center center","background-size":"auto","background-attachment":"scroll","background-type":"","background-media":"","overlay-type":"","overlay-color":"","overlay-opacity":"","overlay-gradient":""},"mobile":{"background-color":"","background-image":"","background-repeat":"repeat","background-position":"center center","background-size":"auto","background-attachment":"scroll","background-type":"","background-media":"","overlay-type":"","overlay-color":"","overlay-opacity":"","overlay-gradient":""}},"ast-content-background-meta":{"desktop":{"background-color":"var(--ast-global-color-4)","background-image":"","background-repeat":"repeat","background-position":"center center","background-size":"auto","background-attachment":"scroll","background-type":"","background-media":"","overlay-type":"","overlay-color":"","overlay-opacity":"","overlay-gradient":""},"tablet":{"background-color":"var(--ast-global-color-4)","background-image":"","background-repeat":"repeat","background-position":"center center","background-size":"auto","background-attachment":"scroll","background-type":"","background-media":"","overlay-type":"","overlay-color":"","overlay-opacity":"","overlay-gradient":""},"mobile":{"background-color":"var(--ast-global-color-4)","background-image":"","background-repeat":"repeat","background-position":"center center","background-size":"auto","background-attachment":"scroll","background-type":"","background-media":"","overlay-type":"","overlay-color":"","overlay-opacity":"","overlay-gradient":""}}},"product_brand":[],"product_cat":[167],"product_tag":[],"class_list":{"0":"post-16503","1":"product","2":"type-product","3":"status-publish","4":"has-post-thumbnail","6":"product_cat-vaellus-retkeily-ja-vapaa-ajan-tuotteet","7":"pa_59229_omc3txgp-oranssi","8":"pa_59229_omc3txgp-sekoita","9":"pa_59229_omc3txgp-sininen","10":"pa_59229_omc3txgp-vaaleanpunainen","11":"pa_59229_omc3txgp-vihrea","12":"desktop-align-left","13":"tablet-align-left","14":"mobile-align-left","16":"first","17":"instock","18":"shipping-taxable","19":"purchasable","20":"product-type-variable"},"yoast_head":"<!-- This site is optimized with the Yoast SEO plugin v26.6 - https:\/\/yoast.com\/wordpress\/plugins\/seo\/ -->\n<title>Monik\u00e4ytt\u00f6inen vavanpidike (4 paria) - Mekulo FI<\/title>\n<meta name=\"robots\" content=\"index, follow, max-snippet:-1, max-image-preview:large, max-video-preview:-1\" \/>\n<link rel=\"canonical\" href=\"https:\/\/mekulo.com\/fi\/tuote\/monikayttoinen-vavanpidike-4-paria\/\" \/>\n<meta property=\"og:locale\" content=\"fi_FI\" \/>\n<meta property=\"og:type\" content=\"article\" \/>\n<meta property=\"og:title\" content=\"Monik\u00e4ytt\u00f6inen vavanpidike (4 paria) - Mekulo FI\" \/>\n<meta property=\"og:description\" content=\"\ud83c\udfa3T\u00e4m\u00e4 monik\u00e4ytt\u00f6inen vavanpidike sitoo ja suojaa vavat turvallisesti. \ud83d\udea3Se est\u00e4\u00e4 naarmuja, iskuja ja p\u00f6ly\u00e4 s\u00e4ilytyksen tai kuljetuksen aikana. Yksinkertainen ratkaisu pit\u00e4\u00e4 varusteesi siistin\u00e4 ja valmiina. Korkean elastinen nauha pit\u00e4\u00e4 vavat tiukasti yhdess\u00e4. \ud83d\udc1fVoit kiinnitt\u00e4\u00e4 tai irrottaa sen helposti yhdell\u00e4 k\u00e4dell\u00e4. V\u00e4ltt\u00e4m\u00e4t\u00f6n lis\u00e4varuste turvallisempiin, puhtaampiin ja helpompiin kalastusretkiin. \u2728\" \/>\n<meta property=\"og:url\" content=\"https:\/\/mekulo.com\/fi\/tuote\/monikayttoinen-vavanpidike-4-paria\/\" \/>\n<meta property=\"og:site_name\" content=\"Mekulo FI\" \/>\n<meta property=\"article:modified_time\" content=\"2026-04-13T08:33:59+00:00\" \/>\n<meta property=\"og:image\" content=\"https:\/\/mekulo.com\/fi\/wp-content\/uploads\/sites\/13\/2026\/04\/ejsdvsp-1.jpg\" \/>\n\t<meta property=\"og:image:width\" content=\"800\" \/>\n\t<meta property=\"og:image:height\" content=\"800\" \/>\n\t<meta property=\"og:image:type\" content=\"image\/jpeg\" \/>\n<meta name=\"twitter:card\" content=\"summary_large_image\" \/>\n<meta name=\"twitter:label1\" content=\"Arvioitu lukuaika\" \/>\n\t<meta name=\"twitter:data1\" content=\"2 minuuttia\" \/>\n<script type=\"application\/ld+json\" class=\"yoast-schema-graph\">{\"@context\":\"https:\/\/schema.org\",\"@graph\":[{\"@type\":\"WebPage\",\"@id\":\"https:\/\/mekulo.com\/fi\/tuote\/monikayttoinen-vavanpidike-4-paria\/\",\"url\":\"https:\/\/mekulo.com\/fi\/tuote\/monikayttoinen-vavanpidike-4-paria\/\",\"name\":\"Monik\u00e4ytt\u00f6inen vavanpidike (4 paria) - Mekulo FI\",\"isPartOf\":{\"@id\":\"https:\/\/mekulo.com\/fi\/#website\"},\"primaryImageOfPage\":{\"@id\":\"https:\/\/mekulo.com\/fi\/tuote\/monikayttoinen-vavanpidike-4-paria\/#primaryimage\"},\"image\":{\"@id\":\"https:\/\/mekulo.com\/fi\/tuote\/monikayttoinen-vavanpidike-4-paria\/#primaryimage\"},\"thumbnailUrl\":\"https:\/\/mekulo.com\/fi\/wp-content\/uploads\/sites\/13\/2026\/04\/ejsdvsp-1.jpg\",\"datePublished\":\"2026-04-07T08:07:04+00:00\",\"dateModified\":\"2026-04-13T08:33:59+00:00\",\"breadcrumb\":{\"@id\":\"https:\/\/mekulo.com\/fi\/tuote\/monikayttoinen-vavanpidike-4-paria\/#breadcrumb\"},\"inLanguage\":\"fi\",\"potentialAction\":[{\"@type\":\"ReadAction\",\"target\":[\"https:\/\/mekulo.com\/fi\/tuote\/monikayttoinen-vavanpidike-4-paria\/\"]}]},{\"@type\":\"ImageObject\",\"inLanguage\":\"fi\",\"@id\":\"https:\/\/mekulo.com\/fi\/tuote\/monikayttoinen-vavanpidike-4-paria\/#primaryimage\",\"url\":\"https:\/\/mekulo.com\/fi\/wp-content\/uploads\/sites\/13\/2026\/04\/ejsdvsp-1.jpg\",\"contentUrl\":\"https:\/\/mekulo.com\/fi\/wp-content\/uploads\/sites\/13\/2026\/04\/ejsdvsp-1.jpg\",\"width\":800,\"height\":800},{\"@type\":\"BreadcrumbList\",\"@id\":\"https:\/\/mekulo.com\/fi\/tuote\/monikayttoinen-vavanpidike-4-paria\/#breadcrumb\",\"itemListElement\":[{\"@type\":\"ListItem\",\"position\":1,\"name\":\"Home\",\"item\":\"https:\/\/mekulo.com\/fi\/\"},{\"@type\":\"ListItem\",\"position\":2,\"name\":\"Kauppa\",\"item\":\"https:\/\/mekulo.com\/fi\/kauppa\/\"},{\"@type\":\"ListItem\",\"position\":3,\"name\":\"Monik\u00e4ytt\u00f6inen vavanpidike (4 paria)\"}]},{\"@type\":\"WebSite\",\"@id\":\"https:\/\/mekulo.com\/fi\/#website\",\"url\":\"https:\/\/mekulo.com\/fi\/\",\"name\":\"Mekulo FI\",\"description\":\"\",\"publisher\":{\"@id\":\"https:\/\/mekulo.com\/fi\/#organization\"},\"potentialAction\":[{\"@type\":\"SearchAction\",\"target\":{\"@type\":\"EntryPoint\",\"urlTemplate\":\"https:\/\/mekulo.com\/fi\/?s={search_term_string}\"},\"query-input\":{\"@type\":\"PropertyValueSpecification\",\"valueRequired\":true,\"valueName\":\"search_term_string\"}}],\"inLanguage\":\"fi\"},{\"@type\":\"Organization\",\"@id\":\"https:\/\/mekulo.com\/fi\/#organization\",\"name\":\"Mekulo\",\"url\":\"https:\/\/mekulo.com\/fi\/\",\"logo\":{\"@type\":\"ImageObject\",\"inLanguage\":\"fi\",\"@id\":\"https:\/\/mekulo.com\/fi\/#\/schema\/logo\/image\/\",\"url\":\"https:\/\/mekulo.com\/fi\/wp-content\/uploads\/sites\/13\/2025\/12\/favicon_mekulo.png\",\"contentUrl\":\"https:\/\/mekulo.com\/fi\/wp-content\/uploads\/sites\/13\/2025\/12\/favicon_mekulo.png\",\"width\":50,\"height\":50,\"caption\":\"Mekulo\"},\"image\":{\"@id\":\"https:\/\/mekulo.com\/fi\/#\/schema\/logo\/image\/\"}}]}<\/script>\n<!-- \/ Yoast SEO plugin. -->","yoast_head_json":{"title":"Monik\u00e4ytt\u00f6inen vavanpidike (4 paria) - Mekulo FI","robots":{"index":"index","follow":"follow","max-snippet":"max-snippet:-1","max-image-preview":"max-image-preview:large","max-video-preview":"max-video-preview:-1"},"canonical":"https:\/\/mekulo.com\/fi\/tuote\/monikayttoinen-vavanpidike-4-paria\/","og_locale":"fi_FI","og_type":"article","og_title":"Monik\u00e4ytt\u00f6inen vavanpidike (4 paria) - Mekulo FI","og_description":"\ud83c\udfa3T\u00e4m\u00e4 monik\u00e4ytt\u00f6inen vavanpidike sitoo ja suojaa vavat turvallisesti. \ud83d\udea3Se est\u00e4\u00e4 naarmuja, iskuja ja p\u00f6ly\u00e4 s\u00e4ilytyksen tai kuljetuksen aikana. Yksinkertainen ratkaisu pit\u00e4\u00e4 varusteesi siistin\u00e4 ja valmiina. Korkean elastinen nauha pit\u00e4\u00e4 vavat tiukasti yhdess\u00e4. \ud83d\udc1fVoit kiinnitt\u00e4\u00e4 tai irrottaa sen helposti yhdell\u00e4 k\u00e4dell\u00e4. V\u00e4ltt\u00e4m\u00e4t\u00f6n lis\u00e4varuste turvallisempiin, puhtaampiin ja helpompiin kalastusretkiin. \u2728","og_url":"https:\/\/mekulo.com\/fi\/tuote\/monikayttoinen-vavanpidike-4-paria\/","og_site_name":"Mekulo FI","article_modified_time":"2026-04-13T08:33:59+00:00","og_image":[{"width":800,"height":800,"url":"https:\/\/mekulo.com\/fi\/wp-content\/uploads\/sites\/13\/2026\/04\/ejsdvsp-1.jpg","type":"image\/jpeg"}],"twitter_card":"summary_large_image","twitter_misc":{"Arvioitu lukuaika":"2 minuuttia"},"schema":{"@context":"https:\/\/schema.org","@graph":[{"@type":"WebPage","@id":"https:\/\/mekulo.com\/fi\/tuote\/monikayttoinen-vavanpidike-4-paria\/","url":"https:\/\/mekulo.com\/fi\/tuote\/monikayttoinen-vavanpidike-4-paria\/","name":"Monik\u00e4ytt\u00f6inen vavanpidike (4 paria) - Mekulo FI","isPartOf":{"@id":"https:\/\/mekulo.com\/fi\/#website"},"primaryImageOfPage":{"@id":"https:\/\/mekulo.com\/fi\/tuote\/monikayttoinen-vavanpidike-4-paria\/#primaryimage"},"image":{"@id":"https:\/\/mekulo.com\/fi\/tuote\/monikayttoinen-vavanpidike-4-paria\/#primaryimage"},"thumbnailUrl":"https:\/\/mekulo.com\/fi\/wp-content\/uploads\/sites\/13\/2026\/04\/ejsdvsp-1.jpg","datePublished":"2026-04-07T08:07:04+00:00","dateModified":"2026-04-13T08:33:59+00:00","breadcrumb":{"@id":"https:\/\/mekulo.com\/fi\/tuote\/monikayttoinen-vavanpidike-4-paria\/#breadcrumb"},"inLanguage":"fi","potentialAction":[{"@type":"ReadAction","target":["https:\/\/mekulo.com\/fi\/tuote\/monikayttoinen-vavanpidike-4-paria\/"]}]},{"@type":"ImageObject","inLanguage":"fi","@id":"https:\/\/mekulo.com\/fi\/tuote\/monikayttoinen-vavanpidike-4-paria\/#primaryimage","url":"https:\/\/mekulo.com\/fi\/wp-content\/uploads\/sites\/13\/2026\/04\/ejsdvsp-1.jpg","contentUrl":"https:\/\/mekulo.com\/fi\/wp-content\/uploads\/sites\/13\/2026\/04\/ejsdvsp-1.jpg","width":800,"height":800},{"@type":"BreadcrumbList","@id":"https:\/\/mekulo.com\/fi\/tuote\/monikayttoinen-vavanpidike-4-paria\/#breadcrumb","itemListElement":[{"@type":"ListItem","position":1,"name":"Home","item":"https:\/\/mekulo.com\/fi\/"},{"@type":"ListItem","position":2,"name":"Kauppa","item":"https:\/\/mekulo.com\/fi\/kauppa\/"},{"@type":"ListItem","position":3,"name":"Monik\u00e4ytt\u00f6inen vavanpidike (4 paria)"}]},{"@type":"WebSite","@id":"https:\/\/mekulo.com\/fi\/#website","url":"https:\/\/mekulo.com\/fi\/","name":"Mekulo FI","description":"","publisher":{"@id":"https:\/\/mekulo.com\/fi\/#organization"},"potentialAction":[{"@type":"SearchAction","target":{"@type":"EntryPoint","urlTemplate":"https:\/\/mekulo.com\/fi\/?s={search_term_string}"},"query-input":{"@type":"PropertyValueSpecification","valueRequired":true,"valueName":"search_term_string"}}],"inLanguage":"fi"},{"@type":"Organization","@id":"https:\/\/mekulo.com\/fi\/#organization","name":"Mekulo","url":"https:\/\/mekulo.com\/fi\/","logo":{"@type":"ImageObject","inLanguage":"fi","@id":"https:\/\/mekulo.com\/fi\/#\/schema\/logo\/image\/","url":"https:\/\/mekulo.com\/fi\/wp-content\/uploads\/sites\/13\/2025\/12\/favicon_mekulo.png","contentUrl":"https:\/\/mekulo.com\/fi\/wp-content\/uploads\/sites\/13\/2025\/12\/favicon_mekulo.png","width":50,"height":50,"caption":"Mekulo"},"image":{"@id":"https:\/\/mekulo.com\/fi\/#\/schema\/logo\/image\/"}}]}},"_links":{"self":[{"href":"https:\/\/mekulo.com\/fi\/wp-json\/wp\/v2\/product\/16503","targetHints":{"allow":["GET"]}}],"collection":[{"href":"https:\/\/mekulo.com\/fi\/wp-json\/wp\/v2\/product"}],"about":[{"href":"https:\/\/mekulo.com\/fi\/wp-json\/wp\/v2\/types\/product"}],"replies":[{"embeddable":true,"href":"https:\/\/mekulo.com\/fi\/wp-json\/wp\/v2\/comments?post=16503"}],"wp:featuredmedia":[{"embeddable":true,"href":"https:\/\/mekulo.com\/fi\/wp-json\/wp\/v2\/media\/16499"}],"wp:attachment":[{"href":"https:\/\/mekulo.com\/fi\/wp-json\/wp\/v2\/media?parent=16503"}],"wp:term":[{"taxonomy":"product_brand","embeddable":true,"href":"https:\/\/mekulo.com\/fi\/wp-json\/wp\/v2\/product_brand?post=16503"},{"taxonomy":"product_cat","embeddable":true,"href":"https:\/\/mekulo.com\/fi\/wp-json\/wp\/v2\/product_cat?post=16503"},{"taxonomy":"product_tag","embeddable":true,"href":"https:\/\/mekulo.com\/fi\/wp-json\/wp\/v2\/product_tag?post=16503"}],"curies":[{"name":"wp","href":"https:\/\/api.w.org\/{rel}","templated":true}]}}