{"id":16308,"date":"2026-04-03T14:54:15","date_gmt":"2026-04-03T11:54:15","guid":{"rendered":"https:\/\/mekulo.com\/fi\/tuote\/led-anturivalo\/"},"modified":"2026-04-03T14:54:37","modified_gmt":"2026-04-03T11:54:37","slug":"led-anturivalo","status":"publish","type":"product","link":"https:\/\/mekulo.com\/fi\/tuote\/led-anturivalo\/","title":{"rendered":"LED-anturivalo"},"content":{"rendered":"<h2 style=\"text-align: center\" data-start=\"179\" data-end=\"224\"><strong>Kirkasta Tilasi \u00c4lykk\u00e4\u00e4sti \ud83d\udca1\ud83d\udeb6<\/strong><\/h2>\n<p data-start=\"226\" data-end=\"440\"><img decoding=\"async\" class=\"size-full wp-image-32963 aligncenter\" src=\"https:\/\/keluvo.com\/template\/wp-content\/uploads\/sites\/5\/2025\/08\/07215-ezgif.com-video-to-webp-converter-3.webp\" alt=\"\" \/><\/p>\n<h2 style=\"text-align: center\" data-start=\"447\" data-end=\"466\">P\u00e4\u00e4edut \u2705<\/h2>\n<p data-start=\"470\" data-end=\"521\">\ud83d\udeb6 Syttyy automaattisesti, kun liikett\u00e4 havaitaan<\/p>\n<p data-start=\"524\" data-end=\"581\">\ud83c\udf19 Kolme valotilaa: \ud83d\udca1 Pehme\u00e4 ja v\u00e4lkkym\u00e4t\u00f6n LED-valo<\/p>\n<p data-start=\"584\" data-end=\"620\">\ud83d\udca1 Pehme\u00e4 ja v\u00e4lkkym\u00e4t\u00f6n LED-valo<\/p>\n<p data-start=\"623\" data-end=\"668\">\ud83d\udd0b Ladattavissa USB:n kautta &#8211; paristoja ei tarvita<\/p>\n<p data-start=\"671\" data-end=\"725\">\ud83e\uddf2 Magneettinen takaosa, jossa on vahva liima helppoon setup<\/p>\n<p data-start=\"728\" data-end=\"783\">\ud83d\udee0\ufe0f Sopii erinomaisesti keitti\u00f6\u00f6n, vaatekaappiin, eteiseen ja muualle<\/p>\n<p data-start=\"728\" data-end=\"783\"><img decoding=\"async\" class=\"size-full wp-image-32967 aligncenter\" src=\"https:\/\/keluvo.com\/template\/wp-content\/uploads\/sites\/5\/2025\/08\/SENZOR_7-600x600-1.webp\" alt=\"\" \/><\/p>\n<h2 style=\"text-align: center\" data-start=\"790\" data-end=\"810\">K\u00e4ytt\u00f6kohteet \ud83d\udc47<\/h2>\n<ol data-start=\"812\" data-end=\"1065\">\n<li data-start=\"812\" data-end=\"862\">\n<p data-start=\"815\" data-end=\"862\">Lataa valo mukana tulevan USB-kaapelin avulla.<\/p>\n<\/li>\n<li data-start=\"863\" data-end=\"923\">\n<p data-start=\"866\" data-end=\"923\">Kiinnit\u00e4 se mihin tahansa sis\u00e4\u00e4nrakennetun magneetin tai liiman avulla.<\/p>\n<\/li>\n<li data-start=\"924\" data-end=\"980\">\n<p data-start=\"927\" data-end=\"980\">Valitse haluamasi tila yksinkertaisella painikkeen napautuksella.<\/p>\n<\/li>\n<li data-start=\"981\" data-end=\"1028\">\n<p data-start=\"984\" data-end=\"1028\">K\u00e4vele ohi aktivoidaksesi liiketunnistintilan.<\/p>\n<\/li>\n<li data-start=\"1029\" data-end=\"1065\">\n<p data-start=\"1032\" data-end=\"1065\">Irrota ja lataa tarvittaessa.<\/p>\n<\/li>\n<\/ol>\n<h2 style=\"text-align: center\" data-start=\"1072\" data-end=\"1094\">Tuotetiedot \ud83d\udccc<\/h2>\n<ul data-start=\"1096\" data-end=\"1358\">\n<li data-start=\"1096\" data-end=\"1124\">\n<p data-start=\"1098\" data-end=\"1124\">Tunnistimen kantama: 3-5 metri\u00e4<\/p>\n<\/li>\n<li data-start=\"1125\" data-end=\"1183\">\n<p data-start=\"1127\" data-end=\"1183\">Valaistuksen viive: Automaattinen sammutus 20 sekunnin kuluttua, kun liikett\u00e4 ei ole tapahtunut<\/p>\n<\/li>\n<li data-start=\"1184\" data-end=\"1208\">\n<p data-start=\"1186\" data-end=\"1208\">Lataus: USB Type-C<\/p>\n<\/li>\n<li data-start=\"1209\" data-end=\"1244\">\n<p data-start=\"1211\" data-end=\"1244\">Moodit: ON \/ OFF \/ Liiketunnistin<\/p>\n<\/li>\n<li data-start=\"1245\" data-end=\"1287\">\n<p data-start=\"1247\" data-end=\"1287\">Asennus: Magneettinen + liima takaosa<\/p>\n<\/li>\n<li data-start=\"1288\" data-end=\"1330\">\n<p data-start=\"1290\" data-end=\"1330\">Koot saatavilla: 20 cm, 30 cm, 40 cm, 50 cm<\/p>\n<\/li>\n<li data-start=\"1331\" data-end=\"1358\">\n<p data-start=\"1333\" data-end=\"1358\">V\u00e4ril\u00e4mp\u00f6tila: l\u00e4mmin valkoinen 3000k, luonnollinen valkoinen 4500k, viile\u00e4 valkoinen 6500k<\/p>\n<\/li>\n<li data-start=\"1331\" data-end=\"1358\">\n<p class=\"col-12\"><span dir=\"auto\">V\u00e4ritasot: 10%, 30%, 50%, 80%, 100%<\/span><\/p>\n<\/li>\n<\/ul>\n<h2 style=\"text-align: center\" data-start=\"1365\" data-end=\"1388\">Pakkaus Sis\u00e4lt\u00e4\u00e4 \ud83d\udce6<\/h2>\n<ul data-start=\"1390\" data-end=\"1500\">\n<li data-start=\"1390\" data-end=\"1424\">\n<p data-start=\"1392\" data-end=\"1424\">1x liiketunnistimen LED-valo<\/p>\n<\/li>\n<li data-start=\"1425\" data-end=\"1450\">\n<p data-start=\"1427\" data-end=\"1450\">1x USB-latausjohto<\/p>\n<\/li>\n<li data-start=\"1451\" data-end=\"1469\">\n<p data-start=\"1453\" data-end=\"1469\">1x k\u00e4ytt\u00f6opas<\/p>\n<\/li>\n<li data-start=\"1470\" data-end=\"1500\">\n<p data-start=\"1472\" data-end=\"1500\">1x liimakiinnitysklipsi.<\/p>\n<\/li>\n<\/ul>\n","protected":false},"excerpt":{"rendered":"<p>T\u00e4m\u00e4 liikkeest\u00e4 aktivoituva LED-anturivalo syttyy heti, kun tarvitset sit\u00e4 &#8211; ei kytkimi\u00e4, ei vaivaa. Se sopii erinomaisesti kaappien, vaatekaappien, eteisten tai portaikkojen alle, ja se lis\u00e4\u00e4 tyylik\u00e4st\u00e4, langatonta valaistusta juuri sinne, minne haluat.<\/p>\n","protected":false},"featured_media":16304,"comment_status":"open","ping_status":"closed","template":"","meta":{"site-sidebar-layout":"default","site-content-layout":"","ast-site-content-layout":"default","site-content-style":"default","site-sidebar-style":"default","ast-global-header-display":"","ast-banner-title-visibility":"","ast-main-header-display":"","ast-hfb-above-header-display":"","ast-hfb-below-header-display":"","ast-hfb-mobile-header-display":"","site-post-title":"","ast-breadcrumbs-content":"","ast-featured-img":"","footer-sml-layout":"","theme-transparent-header-meta":"default","adv-header-id-meta":"","stick-header-meta":"","header-above-stick-meta":"","header-main-stick-meta":"","header-below-stick-meta":"","astra-migrate-meta-layouts":"set","ast-page-background-enabled":"default","ast-page-background-meta":{"desktop":{"background-color":"var(--ast-global-color-5)","background-image":"","background-repeat":"repeat","background-position":"center center","background-size":"auto","background-attachment":"scroll","background-type":"","background-media":"","overlay-type":"","overlay-color":"","overlay-opacity":"","overlay-gradient":""},"tablet":{"background-color":"","background-image":"","background-repeat":"repeat","background-position":"center center","background-size":"auto","background-attachment":"scroll","background-type":"","background-media":"","overlay-type":"","overlay-color":"","overlay-opacity":"","overlay-gradient":""},"mobile":{"background-color":"","background-image":"","background-repeat":"repeat","background-position":"center center","background-size":"auto","background-attachment":"scroll","background-type":"","background-media":"","overlay-type":"","overlay-color":"","overlay-opacity":"","overlay-gradient":""}},"ast-content-background-meta":{"desktop":{"background-color":"var(--ast-global-color-4)","background-image":"","background-repeat":"repeat","background-position":"center center","background-size":"auto","background-attachment":"scroll","background-type":"","background-media":"","overlay-type":"","overlay-color":"","overlay-opacity":"","overlay-gradient":""},"tablet":{"background-color":"var(--ast-global-color-4)","background-image":"","background-repeat":"repeat","background-position":"center center","background-size":"auto","background-attachment":"scroll","background-type":"","background-media":"","overlay-type":"","overlay-color":"","overlay-opacity":"","overlay-gradient":""},"mobile":{"background-color":"var(--ast-global-color-4)","background-image":"","background-repeat":"repeat","background-position":"center center","background-size":"auto","background-attachment":"scroll","background-type":"","background-media":"","overlay-type":"","overlay-color":"","overlay-opacity":"","overlay-gradient":""}}},"product_brand":[],"product_cat":[168],"product_tag":[],"class_list":{"0":"post-16308","1":"product","2":"type-product","3":"status-publish","4":"has-post-thumbnail","6":"product_cat-taloustavarat","7":"pa_44972_6fe9rmql-20-cm","8":"pa_44972_6fe9rmql-30-cm","9":"pa_44972_6fe9rmql-40-cm","10":"pa_44972_6fe9rmql-50-cm","11":"desktop-align-left","12":"tablet-align-left","13":"mobile-align-left","15":"first","16":"instock","17":"shipping-taxable","18":"purchasable","19":"product-type-variable"},"yoast_head":"<!-- This site is optimized with the Yoast SEO plugin v26.6 - https:\/\/yoast.com\/wordpress\/plugins\/seo\/ -->\n<title>LED-anturivalo - Mekulo FI<\/title>\n<meta name=\"robots\" content=\"index, follow, max-snippet:-1, max-image-preview:large, max-video-preview:-1\" \/>\n<link rel=\"canonical\" href=\"https:\/\/mekulo.com\/fi\/tuote\/led-anturivalo\/\" \/>\n<meta property=\"og:locale\" content=\"fi_FI\" \/>\n<meta property=\"og:type\" content=\"article\" \/>\n<meta property=\"og:title\" content=\"LED-anturivalo - Mekulo FI\" \/>\n<meta property=\"og:description\" content=\"T\u00e4m\u00e4 liikkeest\u00e4 aktivoituva LED-anturivalo syttyy heti, kun tarvitset sit\u00e4 - ei kytkimi\u00e4, ei vaivaa. Se sopii erinomaisesti kaappien, vaatekaappien, eteisten tai portaikkojen alle, ja se lis\u00e4\u00e4 tyylik\u00e4st\u00e4, langatonta valaistusta juuri sinne, minne haluat.\" \/>\n<meta property=\"og:url\" content=\"https:\/\/mekulo.com\/fi\/tuote\/led-anturivalo\/\" \/>\n<meta property=\"og:site_name\" content=\"Mekulo FI\" \/>\n<meta property=\"article:modified_time\" content=\"2026-04-03T11:54:37+00:00\" \/>\n<meta property=\"og:image\" content=\"https:\/\/mekulo.com\/fi\/wp-content\/uploads\/sites\/13\/2026\/04\/a3ectp9-1.jpg\" \/>\n\t<meta property=\"og:image:width\" content=\"900\" \/>\n\t<meta property=\"og:image:height\" content=\"900\" \/>\n\t<meta property=\"og:image:type\" content=\"image\/jpeg\" \/>\n<meta name=\"twitter:card\" content=\"summary_large_image\" \/>\n<meta name=\"twitter:label1\" content=\"Arvioitu lukuaika\" \/>\n\t<meta name=\"twitter:data1\" content=\"2 minuuttia\" \/>\n<script type=\"application\/ld+json\" class=\"yoast-schema-graph\">{\"@context\":\"https:\/\/schema.org\",\"@graph\":[{\"@type\":\"WebPage\",\"@id\":\"https:\/\/mekulo.com\/fi\/tuote\/led-anturivalo\/\",\"url\":\"https:\/\/mekulo.com\/fi\/tuote\/led-anturivalo\/\",\"name\":\"LED-anturivalo - Mekulo FI\",\"isPartOf\":{\"@id\":\"https:\/\/mekulo.com\/fi\/#website\"},\"primaryImageOfPage\":{\"@id\":\"https:\/\/mekulo.com\/fi\/tuote\/led-anturivalo\/#primaryimage\"},\"image\":{\"@id\":\"https:\/\/mekulo.com\/fi\/tuote\/led-anturivalo\/#primaryimage\"},\"thumbnailUrl\":\"https:\/\/mekulo.com\/fi\/wp-content\/uploads\/sites\/13\/2026\/04\/a3ectp9-1.jpg\",\"datePublished\":\"2026-04-03T11:54:15+00:00\",\"dateModified\":\"2026-04-03T11:54:37+00:00\",\"breadcrumb\":{\"@id\":\"https:\/\/mekulo.com\/fi\/tuote\/led-anturivalo\/#breadcrumb\"},\"inLanguage\":\"fi\",\"potentialAction\":[{\"@type\":\"ReadAction\",\"target\":[\"https:\/\/mekulo.com\/fi\/tuote\/led-anturivalo\/\"]}]},{\"@type\":\"ImageObject\",\"inLanguage\":\"fi\",\"@id\":\"https:\/\/mekulo.com\/fi\/tuote\/led-anturivalo\/#primaryimage\",\"url\":\"https:\/\/mekulo.com\/fi\/wp-content\/uploads\/sites\/13\/2026\/04\/a3ectp9-1.jpg\",\"contentUrl\":\"https:\/\/mekulo.com\/fi\/wp-content\/uploads\/sites\/13\/2026\/04\/a3ectp9-1.jpg\",\"width\":900,\"height\":900},{\"@type\":\"BreadcrumbList\",\"@id\":\"https:\/\/mekulo.com\/fi\/tuote\/led-anturivalo\/#breadcrumb\",\"itemListElement\":[{\"@type\":\"ListItem\",\"position\":1,\"name\":\"Home\",\"item\":\"https:\/\/mekulo.com\/fi\/\"},{\"@type\":\"ListItem\",\"position\":2,\"name\":\"Kauppa\",\"item\":\"https:\/\/mekulo.com\/fi\/kauppa\/\"},{\"@type\":\"ListItem\",\"position\":3,\"name\":\"LED-anturivalo\"}]},{\"@type\":\"WebSite\",\"@id\":\"https:\/\/mekulo.com\/fi\/#website\",\"url\":\"https:\/\/mekulo.com\/fi\/\",\"name\":\"Mekulo FI\",\"description\":\"\",\"publisher\":{\"@id\":\"https:\/\/mekulo.com\/fi\/#organization\"},\"potentialAction\":[{\"@type\":\"SearchAction\",\"target\":{\"@type\":\"EntryPoint\",\"urlTemplate\":\"https:\/\/mekulo.com\/fi\/?s={search_term_string}\"},\"query-input\":{\"@type\":\"PropertyValueSpecification\",\"valueRequired\":true,\"valueName\":\"search_term_string\"}}],\"inLanguage\":\"fi\"},{\"@type\":\"Organization\",\"@id\":\"https:\/\/mekulo.com\/fi\/#organization\",\"name\":\"Mekulo\",\"url\":\"https:\/\/mekulo.com\/fi\/\",\"logo\":{\"@type\":\"ImageObject\",\"inLanguage\":\"fi\",\"@id\":\"https:\/\/mekulo.com\/fi\/#\/schema\/logo\/image\/\",\"url\":\"https:\/\/mekulo.com\/fi\/wp-content\/uploads\/sites\/13\/2025\/12\/favicon_mekulo.png\",\"contentUrl\":\"https:\/\/mekulo.com\/fi\/wp-content\/uploads\/sites\/13\/2025\/12\/favicon_mekulo.png\",\"width\":50,\"height\":50,\"caption\":\"Mekulo\"},\"image\":{\"@id\":\"https:\/\/mekulo.com\/fi\/#\/schema\/logo\/image\/\"}}]}<\/script>\n<!-- \/ Yoast SEO plugin. -->","yoast_head_json":{"title":"LED-anturivalo - Mekulo FI","robots":{"index":"index","follow":"follow","max-snippet":"max-snippet:-1","max-image-preview":"max-image-preview:large","max-video-preview":"max-video-preview:-1"},"canonical":"https:\/\/mekulo.com\/fi\/tuote\/led-anturivalo\/","og_locale":"fi_FI","og_type":"article","og_title":"LED-anturivalo - Mekulo FI","og_description":"T\u00e4m\u00e4 liikkeest\u00e4 aktivoituva LED-anturivalo syttyy heti, kun tarvitset sit\u00e4 - ei kytkimi\u00e4, ei vaivaa. Se sopii erinomaisesti kaappien, vaatekaappien, eteisten tai portaikkojen alle, ja se lis\u00e4\u00e4 tyylik\u00e4st\u00e4, langatonta valaistusta juuri sinne, minne haluat.","og_url":"https:\/\/mekulo.com\/fi\/tuote\/led-anturivalo\/","og_site_name":"Mekulo FI","article_modified_time":"2026-04-03T11:54:37+00:00","og_image":[{"width":900,"height":900,"url":"https:\/\/mekulo.com\/fi\/wp-content\/uploads\/sites\/13\/2026\/04\/a3ectp9-1.jpg","type":"image\/jpeg"}],"twitter_card":"summary_large_image","twitter_misc":{"Arvioitu lukuaika":"2 minuuttia"},"schema":{"@context":"https:\/\/schema.org","@graph":[{"@type":"WebPage","@id":"https:\/\/mekulo.com\/fi\/tuote\/led-anturivalo\/","url":"https:\/\/mekulo.com\/fi\/tuote\/led-anturivalo\/","name":"LED-anturivalo - Mekulo FI","isPartOf":{"@id":"https:\/\/mekulo.com\/fi\/#website"},"primaryImageOfPage":{"@id":"https:\/\/mekulo.com\/fi\/tuote\/led-anturivalo\/#primaryimage"},"image":{"@id":"https:\/\/mekulo.com\/fi\/tuote\/led-anturivalo\/#primaryimage"},"thumbnailUrl":"https:\/\/mekulo.com\/fi\/wp-content\/uploads\/sites\/13\/2026\/04\/a3ectp9-1.jpg","datePublished":"2026-04-03T11:54:15+00:00","dateModified":"2026-04-03T11:54:37+00:00","breadcrumb":{"@id":"https:\/\/mekulo.com\/fi\/tuote\/led-anturivalo\/#breadcrumb"},"inLanguage":"fi","potentialAction":[{"@type":"ReadAction","target":["https:\/\/mekulo.com\/fi\/tuote\/led-anturivalo\/"]}]},{"@type":"ImageObject","inLanguage":"fi","@id":"https:\/\/mekulo.com\/fi\/tuote\/led-anturivalo\/#primaryimage","url":"https:\/\/mekulo.com\/fi\/wp-content\/uploads\/sites\/13\/2026\/04\/a3ectp9-1.jpg","contentUrl":"https:\/\/mekulo.com\/fi\/wp-content\/uploads\/sites\/13\/2026\/04\/a3ectp9-1.jpg","width":900,"height":900},{"@type":"BreadcrumbList","@id":"https:\/\/mekulo.com\/fi\/tuote\/led-anturivalo\/#breadcrumb","itemListElement":[{"@type":"ListItem","position":1,"name":"Home","item":"https:\/\/mekulo.com\/fi\/"},{"@type":"ListItem","position":2,"name":"Kauppa","item":"https:\/\/mekulo.com\/fi\/kauppa\/"},{"@type":"ListItem","position":3,"name":"LED-anturivalo"}]},{"@type":"WebSite","@id":"https:\/\/mekulo.com\/fi\/#website","url":"https:\/\/mekulo.com\/fi\/","name":"Mekulo FI","description":"","publisher":{"@id":"https:\/\/mekulo.com\/fi\/#organization"},"potentialAction":[{"@type":"SearchAction","target":{"@type":"EntryPoint","urlTemplate":"https:\/\/mekulo.com\/fi\/?s={search_term_string}"},"query-input":{"@type":"PropertyValueSpecification","valueRequired":true,"valueName":"search_term_string"}}],"inLanguage":"fi"},{"@type":"Organization","@id":"https:\/\/mekulo.com\/fi\/#organization","name":"Mekulo","url":"https:\/\/mekulo.com\/fi\/","logo":{"@type":"ImageObject","inLanguage":"fi","@id":"https:\/\/mekulo.com\/fi\/#\/schema\/logo\/image\/","url":"https:\/\/mekulo.com\/fi\/wp-content\/uploads\/sites\/13\/2025\/12\/favicon_mekulo.png","contentUrl":"https:\/\/mekulo.com\/fi\/wp-content\/uploads\/sites\/13\/2025\/12\/favicon_mekulo.png","width":50,"height":50,"caption":"Mekulo"},"image":{"@id":"https:\/\/mekulo.com\/fi\/#\/schema\/logo\/image\/"}}]}},"_links":{"self":[{"href":"https:\/\/mekulo.com\/fi\/wp-json\/wp\/v2\/product\/16308","targetHints":{"allow":["GET"]}}],"collection":[{"href":"https:\/\/mekulo.com\/fi\/wp-json\/wp\/v2\/product"}],"about":[{"href":"https:\/\/mekulo.com\/fi\/wp-json\/wp\/v2\/types\/product"}],"replies":[{"embeddable":true,"href":"https:\/\/mekulo.com\/fi\/wp-json\/wp\/v2\/comments?post=16308"}],"wp:featuredmedia":[{"embeddable":true,"href":"https:\/\/mekulo.com\/fi\/wp-json\/wp\/v2\/media\/16304"}],"wp:attachment":[{"href":"https:\/\/mekulo.com\/fi\/wp-json\/wp\/v2\/media?parent=16308"}],"wp:term":[{"taxonomy":"product_brand","embeddable":true,"href":"https:\/\/mekulo.com\/fi\/wp-json\/wp\/v2\/product_brand?post=16308"},{"taxonomy":"product_cat","embeddable":true,"href":"https:\/\/mekulo.com\/fi\/wp-json\/wp\/v2\/product_cat?post=16308"},{"taxonomy":"product_tag","embeddable":true,"href":"https:\/\/mekulo.com\/fi\/wp-json\/wp\/v2\/product_tag?post=16308"}],"curies":[{"name":"wp","href":"https:\/\/api.w.org\/{rel}","templated":true}]}}