{"id":16059,"date":"2026-03-20T14:53:14","date_gmt":"2026-03-20T12:53:14","guid":{"rendered":"https:\/\/mekulo.com\/fi\/tuote\/akvaarion-sifonipuhdistin\/"},"modified":"2026-03-26T11:45:59","modified_gmt":"2026-03-26T09:45:59","slug":"akvaarion-sifonipuhdistin","status":"publish","type":"product","link":"https:\/\/mekulo.com\/fi\/tuote\/akvaarion-sifonipuhdistin\/","title":{"rendered":"Akvaarion sifonipuhdistin"},"content":{"rendered":"<h2 style=\"text-align: center;\" data-start=\"280\" data-end=\"296\">\u2728 Lupaus<\/h2>\n<p style=\"text-align: center;\" data-start=\"298\" data-end=\"358\">Purista pumppu.<br data-start=\"315\" data-end=\"318\" \/>K\u00e4ynnist\u00e4 virtaus.<br data-start=\"333\" data-end=\"336\" \/>Puhdista luottavaisin mielin.<\/p>\n<p data-start=\"298\" data-end=\"358\"><img fetchpriority=\"high\" decoding=\"async\" class=\" wp-image-25969 aligncenter\" src=\"https:\/\/mekulo.com\/template\/wp-content\/uploads\/sites\/6\/2026\/02\/122111-ezgif.com-video-to-webp-converter-1.webp\" alt=\"\" width=\"546\" height=\"546\" \/><\/p>\n<h2 style=\"text-align: center;\" data-start=\"365\" data-end=\"383\">\u2705 T\u00e4rkeimm\u00e4t Edut<\/h2>\n<p data-start=\"387\" data-end=\"477\">\ud83d\udca7 Helppo, hallittu vedenvaihto &#8211; Virkist\u00e4 akvaariosi ilman raskasta nostelua tai sotkua.<\/p>\n<p data-start=\"481\" data-end=\"576\">\ud83e\uddf9 Tehokas soran &amp; roskien puhdistus &#8211; Poistaa lian, j\u00e4tteet ja ruoan j\u00e4\u00e4nteet vaivattomasti.<\/p>\n<p data-start=\"580\" data-end=\"670\">\ud83d\udd04 S\u00e4\u00e4dett\u00e4v\u00e4 veden virtaus &#8211; Hienos\u00e4\u00e4d\u00e4 imun voimakkuus hell\u00e4varaiseen tai syvemp\u00e4\u00e4n puhdistukseen.<\/p>\n<p data-start=\"674\" data-end=\"766\">\ud83d\udee1\ufe0f Kalaturvallinen suojatulppa &#8211; Auttaa est\u00e4m\u00e4\u00e4n kalojen tai kasvien vahingossa tapahtuvan imemisen.<\/p>\n<p data-start=\"770\" data-end=\"854\">\ud83e\uddf0 Kaksi puhdistusp\u00e4\u00e4vaihtoehtoa &#8211; Vaihda laajan alueen tai tarkkuuspuhdistuksen v\u00e4lill\u00e4.<\/p>\n<p data-start=\"858\" data-end=\"945\">\u270b Pitk\u00e4 kahva pit\u00e4\u00e4 k\u00e4det kuivina &#8211; Mukava k\u00e4sitell\u00e4 upottamatta k\u00e4tt\u00e4si.<\/p>\n<p data-start=\"949\" data-end=\"1051\">\ud83d\udccf Pidennetty letku joustavaan ulottuvuuteen &#8211; Ihanteellinen silloin, kun \u00e4mp\u00e4ri ei ole sijoitettu aivan akvaarion viereen.<\/p>\n<p data-start=\"949\" data-end=\"1051\"><img decoding=\"async\" class=\" wp-image-25970 aligncenter\" src=\"https:\/\/mekulo.com\/template\/wp-content\/uploads\/sites\/6\/2026\/02\/122110-ezgif.com-video-to-webp-converter-1.webp\" alt=\"\" width=\"550\" height=\"550\" \/><\/p>\n<h2 style=\"text-align: center;\" data-start=\"1058\" data-end=\"1081\">\u2757 Ongelma \u2192 Ratkaisu<\/h2>\n<p data-start=\"1083\" data-end=\"1203\"><strong data-start=\"1083\" data-end=\"1095\">Ongelma:<\/strong><br data-start=\"1095\" data-end=\"1098\" \/>Manuaalinen puhdistus ja vedenvaihdot voivat olla sotkuisia, aikaa vievi\u00e4 ja stressaavia sek\u00e4 sinulle ett\u00e4 kaloillesi.<\/p>\n<p data-start=\"1205\" data-end=\"1336\"><strong data-start=\"1205\" data-end=\"1218\">Ratkaisu:<\/strong><br data-start=\"1218\" data-end=\"1221\" \/>T\u00e4m\u00e4 sifonij\u00e4rjestelm\u00e4 yksinkertaistaa prosessia &#8211; tuottaa tasaisen veden virtauksen ja kohdennetun puhdistuksen minimaalisella vaivalla.<\/p>\n<h2 style=\"text-align: center;\" data-start=\"1343\" data-end=\"1360\">\ud83c\udf3f T\u00e4ydellinen<\/h2>\n<ul data-start=\"1362\" data-end=\"1508\">\n<li data-start=\"1362\" data-end=\"1394\">\n<p data-start=\"1364\" data-end=\"1394\">Akvaarion rutiinihuoltoon<\/p>\n<\/li>\n<li data-start=\"1395\" data-end=\"1415\">\n<p data-start=\"1397\" data-end=\"1415\">Soran imurointiin<\/p>\n<\/li>\n<li data-start=\"1416\" data-end=\"1444\">\n<p data-start=\"1418\" data-end=\"1444\">J\u00e4tteiden &amp; kertymien poistamiseen<\/p>\n<\/li>\n<li data-start=\"1445\" data-end=\"1483\">\n<p data-start=\"1447\" data-end=\"1483\">Hell\u00e4varaiseen puhdistukseen herkille akvaarioille<\/p>\n<\/li>\n<li data-start=\"1484\" data-end=\"1508\">\n<p data-start=\"1486\" data-end=\"1508\">Virkistysvesiakvaarioihin<\/p>\n<\/li>\n<\/ul>\n<p data-start=\"1510\" data-end=\"1565\">Sopii aloittelijoille ja kokeneille akvaarionomistajille.<\/p>\n<h2 style=\"text-align: center;\" data-start=\"1572\" data-end=\"1588\">\u2699\ufe0f K\u00e4ytt\u00f6ohje<\/h2>\n<ol data-start=\"1590\" data-end=\"1796\">\n<li data-start=\"1590\" data-end=\"1630\">\n<p data-start=\"1593\" data-end=\"1630\">Aseta ulostuloletku \u00e4mp\u00e4riin.<\/p>\n<\/li>\n<li data-start=\"1631\" data-end=\"1677\">\n<p data-start=\"1634\" data-end=\"1677\">Ty\u00f6nn\u00e4 imup\u00e4\u00e4 akvaarioon.<\/p>\n<\/li>\n<li data-start=\"1678\" data-end=\"1719\">\n<p data-start=\"1681\" data-end=\"1719\">K\u00e4ynnist\u00e4 veden virtaus puristamalla pumppua.<\/p>\n<\/li>\n<li data-start=\"1720\" data-end=\"1763\">\n<p data-start=\"1723\" data-end=\"1763\">Puhdista sora tai vaihda vesi tarvittaessa.<\/p>\n<\/li>\n<li data-start=\"1764\" data-end=\"1796\">\n<p data-start=\"1767\" data-end=\"1796\">S\u00e4\u00e4d\u00e4 virtausta venttiilill\u00e4.<\/p>\n<\/li>\n<\/ol>\n<h2 style=\"text-align: center;\" data-start=\"1829\" data-end=\"1850\">\ud83d\udcd0 Tuotetiedot<\/h2>\n<ul data-start=\"1852\" data-end=\"2139\">\n<li data-start=\"1895\" data-end=\"1945\">\n<p data-start=\"1897\" data-end=\"1945\">Toiminto: Vedenvaihto &amp; soran puhdistus<\/p>\n<\/li>\n<li data-start=\"1946\" data-end=\"1982\">\n<p data-start=\"1948\" data-end=\"1982\">Kahva: Pitk\u00e4 suora muotoilu<\/p>\n<\/li>\n<li data-start=\"1983\" data-end=\"2018\">\n<p data-start=\"1985\" data-end=\"2018\">Letku: Vahvistettu &amp; pidennetty<\/p>\n<\/li>\n<li data-start=\"2019\" data-end=\"2057\">\n<p data-start=\"2021\" data-end=\"2057\">Virtauksen s\u00e4\u00e4t\u00f6: S\u00e4\u00e4dett\u00e4v\u00e4 venttiili<\/p>\n<\/li>\n<li data-start=\"2058\" data-end=\"2100\">\n<p data-start=\"2060\" data-end=\"2100\">Turvaominaisuus: Pituus: 1,9 m<\/p>\n<\/li>\n<li data-start=\"2058\" data-end=\"2100\">Pituus: 1.9 m<\/li>\n<\/ul>\n<h2 style=\"text-align: center;\" data-start=\"2179\" data-end=\"2201\">\ud83d\udce6 Pakkaus Sis\u00e4lt\u00e4\u00e4<\/h2>\n<ul data-start=\"2203\" data-end=\"2268\">\n<li data-start=\"2203\" data-end=\"2234\">\n<p data-start=\"2205\" data-end=\"2234\">1, 2x akvaarion sifonipuhdistinta<\/p>\n<\/li>\n<li data-start=\"2235\" data-end=\"2268\">\n<p data-start=\"2237\" data-end=\"2268\">2, 4x imup\u00e4\u00e4t\u00e4 \/ lis\u00e4osia.<\/p>\n<\/li>\n<\/ul>\n","protected":false},"excerpt":{"rendered":"<p>\ud83d\udca6 Vaivaton puhdistus. Terveellisemp\u00e4\u00e4 vett\u00e4.<br \/>\n\ud83e\udebcA yksinkertainen tapa yll\u00e4pit\u00e4\u00e4 kristallinkirkasta akvaariota.<br \/>\n\ud83d\udc1fT\u00e4m\u00e4n akvaarion sifonipuhdistimen avulla voit poistaa roskat, virkist\u00e4\u00e4 vett\u00e4 ja suojella kalojasi &#8211; rutiinihuollosta tulee nopeampaa, puhtaampaa ja stressit\u00f6nt\u00e4.<\/p>\n","protected":false},"featured_media":16055,"comment_status":"open","ping_status":"closed","template":"","meta":{"site-sidebar-layout":"default","site-content-layout":"","ast-site-content-layout":"default","site-content-style":"default","site-sidebar-style":"default","ast-global-header-display":"","ast-banner-title-visibility":"","ast-main-header-display":"","ast-hfb-above-header-display":"","ast-hfb-below-header-display":"","ast-hfb-mobile-header-display":"","site-post-title":"","ast-breadcrumbs-content":"","ast-featured-img":"","footer-sml-layout":"","theme-transparent-header-meta":"default","adv-header-id-meta":"","stick-header-meta":"","header-above-stick-meta":"","header-main-stick-meta":"","header-below-stick-meta":"","astra-migrate-meta-layouts":"set","ast-page-background-enabled":"default","ast-page-background-meta":{"desktop":{"background-color":"var(--ast-global-color-5)","background-image":"","background-repeat":"repeat","background-position":"center center","background-size":"auto","background-attachment":"scroll","background-type":"","background-media":"","overlay-type":"","overlay-color":"","overlay-opacity":"","overlay-gradient":""},"tablet":{"background-color":"","background-image":"","background-repeat":"repeat","background-position":"center center","background-size":"auto","background-attachment":"scroll","background-type":"","background-media":"","overlay-type":"","overlay-color":"","overlay-opacity":"","overlay-gradient":""},"mobile":{"background-color":"","background-image":"","background-repeat":"repeat","background-position":"center center","background-size":"auto","background-attachment":"scroll","background-type":"","background-media":"","overlay-type":"","overlay-color":"","overlay-opacity":"","overlay-gradient":""}},"ast-content-background-meta":{"desktop":{"background-color":"var(--ast-global-color-4)","background-image":"","background-repeat":"repeat","background-position":"center center","background-size":"auto","background-attachment":"scroll","background-type":"","background-media":"","overlay-type":"","overlay-color":"","overlay-opacity":"","overlay-gradient":""},"tablet":{"background-color":"var(--ast-global-color-4)","background-image":"","background-repeat":"repeat","background-position":"center center","background-size":"auto","background-attachment":"scroll","background-type":"","background-media":"","overlay-type":"","overlay-color":"","overlay-opacity":"","overlay-gradient":""},"mobile":{"background-color":"var(--ast-global-color-4)","background-image":"","background-repeat":"repeat","background-position":"center center","background-size":"auto","background-attachment":"scroll","background-type":"","background-media":"","overlay-type":"","overlay-color":"","overlay-opacity":"","overlay-gradient":""}}},"product_brand":[],"product_cat":[169,168],"product_tag":[],"class_list":{"0":"post-16059","1":"product","2":"type-product","3":"status-publish","4":"has-post-thumbnail","6":"product_cat-lemmikkielaintuotteet","7":"product_cat-taloustavarat","8":"pa_62101_b84qvvew-1-sarja","9":"pa_62101_b84qvvew-2-sarjaa","10":"desktop-align-left","11":"tablet-align-left","12":"mobile-align-left","14":"first","15":"instock","16":"shipping-taxable","17":"purchasable","18":"product-type-variable"},"yoast_head":"<!-- This site is optimized with the Yoast SEO plugin v26.6 - https:\/\/yoast.com\/wordpress\/plugins\/seo\/ -->\n<title>Akvaarion sifonipuhdistin - Mekulo FI<\/title>\n<meta name=\"robots\" content=\"index, follow, max-snippet:-1, max-image-preview:large, max-video-preview:-1\" \/>\n<link rel=\"canonical\" href=\"https:\/\/mekulo.com\/fi\/tuote\/akvaarion-sifonipuhdistin\/\" \/>\n<meta property=\"og:locale\" content=\"fi_FI\" \/>\n<meta property=\"og:type\" content=\"article\" \/>\n<meta property=\"og:title\" content=\"Akvaarion sifonipuhdistin - Mekulo FI\" \/>\n<meta property=\"og:description\" content=\"\ud83d\udca6 Vaivaton puhdistus. Terveellisemp\u00e4\u00e4 vett\u00e4. \ud83e\udebcA yksinkertainen tapa yll\u00e4pit\u00e4\u00e4 kristallinkirkasta akvaariota. \ud83d\udc1fT\u00e4m\u00e4n akvaarion sifonipuhdistimen avulla voit poistaa roskat, virkist\u00e4\u00e4 vett\u00e4 ja suojella kalojasi - rutiinihuollosta tulee nopeampaa, puhtaampaa ja stressit\u00f6nt\u00e4.\" \/>\n<meta property=\"og:url\" content=\"https:\/\/mekulo.com\/fi\/tuote\/akvaarion-sifonipuhdistin\/\" \/>\n<meta property=\"og:site_name\" content=\"Mekulo FI\" \/>\n<meta property=\"article:modified_time\" content=\"2026-03-26T09:45:59+00:00\" \/>\n<meta property=\"og:image\" content=\"https:\/\/mekulo.com\/fi\/wp-content\/uploads\/sites\/13\/2026\/03\/znohor4-1.webp\" \/>\n\t<meta property=\"og:image:width\" content=\"800\" \/>\n\t<meta property=\"og:image:height\" content=\"800\" \/>\n\t<meta property=\"og:image:type\" content=\"image\/webp\" \/>\n<meta name=\"twitter:card\" content=\"summary_large_image\" \/>\n<meta name=\"twitter:label1\" content=\"Arvioitu lukuaika\" \/>\n\t<meta name=\"twitter:data1\" content=\"2 minuuttia\" \/>\n<script type=\"application\/ld+json\" class=\"yoast-schema-graph\">{\"@context\":\"https:\/\/schema.org\",\"@graph\":[{\"@type\":\"WebPage\",\"@id\":\"https:\/\/mekulo.com\/fi\/tuote\/akvaarion-sifonipuhdistin\/\",\"url\":\"https:\/\/mekulo.com\/fi\/tuote\/akvaarion-sifonipuhdistin\/\",\"name\":\"Akvaarion sifonipuhdistin - Mekulo FI\",\"isPartOf\":{\"@id\":\"https:\/\/mekulo.com\/fi\/#website\"},\"primaryImageOfPage\":{\"@id\":\"https:\/\/mekulo.com\/fi\/tuote\/akvaarion-sifonipuhdistin\/#primaryimage\"},\"image\":{\"@id\":\"https:\/\/mekulo.com\/fi\/tuote\/akvaarion-sifonipuhdistin\/#primaryimage\"},\"thumbnailUrl\":\"https:\/\/mekulo.com\/fi\/wp-content\/uploads\/sites\/13\/2026\/03\/znohor4-1.webp\",\"datePublished\":\"2026-03-20T12:53:14+00:00\",\"dateModified\":\"2026-03-26T09:45:59+00:00\",\"breadcrumb\":{\"@id\":\"https:\/\/mekulo.com\/fi\/tuote\/akvaarion-sifonipuhdistin\/#breadcrumb\"},\"inLanguage\":\"fi\",\"potentialAction\":[{\"@type\":\"ReadAction\",\"target\":[\"https:\/\/mekulo.com\/fi\/tuote\/akvaarion-sifonipuhdistin\/\"]}]},{\"@type\":\"ImageObject\",\"inLanguage\":\"fi\",\"@id\":\"https:\/\/mekulo.com\/fi\/tuote\/akvaarion-sifonipuhdistin\/#primaryimage\",\"url\":\"https:\/\/mekulo.com\/fi\/wp-content\/uploads\/sites\/13\/2026\/03\/znohor4-1.webp\",\"contentUrl\":\"https:\/\/mekulo.com\/fi\/wp-content\/uploads\/sites\/13\/2026\/03\/znohor4-1.webp\",\"width\":800,\"height\":800},{\"@type\":\"BreadcrumbList\",\"@id\":\"https:\/\/mekulo.com\/fi\/tuote\/akvaarion-sifonipuhdistin\/#breadcrumb\",\"itemListElement\":[{\"@type\":\"ListItem\",\"position\":1,\"name\":\"Home\",\"item\":\"https:\/\/mekulo.com\/fi\/\"},{\"@type\":\"ListItem\",\"position\":2,\"name\":\"Kauppa\",\"item\":\"https:\/\/mekulo.com\/fi\/kauppa\/\"},{\"@type\":\"ListItem\",\"position\":3,\"name\":\"Akvaarion sifonipuhdistin\"}]},{\"@type\":\"WebSite\",\"@id\":\"https:\/\/mekulo.com\/fi\/#website\",\"url\":\"https:\/\/mekulo.com\/fi\/\",\"name\":\"Mekulo FI\",\"description\":\"\",\"publisher\":{\"@id\":\"https:\/\/mekulo.com\/fi\/#organization\"},\"potentialAction\":[{\"@type\":\"SearchAction\",\"target\":{\"@type\":\"EntryPoint\",\"urlTemplate\":\"https:\/\/mekulo.com\/fi\/?s={search_term_string}\"},\"query-input\":{\"@type\":\"PropertyValueSpecification\",\"valueRequired\":true,\"valueName\":\"search_term_string\"}}],\"inLanguage\":\"fi\"},{\"@type\":\"Organization\",\"@id\":\"https:\/\/mekulo.com\/fi\/#organization\",\"name\":\"Mekulo\",\"url\":\"https:\/\/mekulo.com\/fi\/\",\"logo\":{\"@type\":\"ImageObject\",\"inLanguage\":\"fi\",\"@id\":\"https:\/\/mekulo.com\/fi\/#\/schema\/logo\/image\/\",\"url\":\"https:\/\/mekulo.com\/fi\/wp-content\/uploads\/sites\/13\/2025\/12\/favicon_mekulo.png\",\"contentUrl\":\"https:\/\/mekulo.com\/fi\/wp-content\/uploads\/sites\/13\/2025\/12\/favicon_mekulo.png\",\"width\":50,\"height\":50,\"caption\":\"Mekulo\"},\"image\":{\"@id\":\"https:\/\/mekulo.com\/fi\/#\/schema\/logo\/image\/\"}}]}<\/script>\n<!-- \/ Yoast SEO plugin. -->","yoast_head_json":{"title":"Akvaarion sifonipuhdistin - Mekulo FI","robots":{"index":"index","follow":"follow","max-snippet":"max-snippet:-1","max-image-preview":"max-image-preview:large","max-video-preview":"max-video-preview:-1"},"canonical":"https:\/\/mekulo.com\/fi\/tuote\/akvaarion-sifonipuhdistin\/","og_locale":"fi_FI","og_type":"article","og_title":"Akvaarion sifonipuhdistin - Mekulo FI","og_description":"\ud83d\udca6 Vaivaton puhdistus. Terveellisemp\u00e4\u00e4 vett\u00e4. \ud83e\udebcA yksinkertainen tapa yll\u00e4pit\u00e4\u00e4 kristallinkirkasta akvaariota. \ud83d\udc1fT\u00e4m\u00e4n akvaarion sifonipuhdistimen avulla voit poistaa roskat, virkist\u00e4\u00e4 vett\u00e4 ja suojella kalojasi - rutiinihuollosta tulee nopeampaa, puhtaampaa ja stressit\u00f6nt\u00e4.","og_url":"https:\/\/mekulo.com\/fi\/tuote\/akvaarion-sifonipuhdistin\/","og_site_name":"Mekulo FI","article_modified_time":"2026-03-26T09:45:59+00:00","og_image":[{"width":800,"height":800,"url":"https:\/\/mekulo.com\/fi\/wp-content\/uploads\/sites\/13\/2026\/03\/znohor4-1.webp","type":"image\/webp"}],"twitter_card":"summary_large_image","twitter_misc":{"Arvioitu lukuaika":"2 minuuttia"},"schema":{"@context":"https:\/\/schema.org","@graph":[{"@type":"WebPage","@id":"https:\/\/mekulo.com\/fi\/tuote\/akvaarion-sifonipuhdistin\/","url":"https:\/\/mekulo.com\/fi\/tuote\/akvaarion-sifonipuhdistin\/","name":"Akvaarion sifonipuhdistin - Mekulo FI","isPartOf":{"@id":"https:\/\/mekulo.com\/fi\/#website"},"primaryImageOfPage":{"@id":"https:\/\/mekulo.com\/fi\/tuote\/akvaarion-sifonipuhdistin\/#primaryimage"},"image":{"@id":"https:\/\/mekulo.com\/fi\/tuote\/akvaarion-sifonipuhdistin\/#primaryimage"},"thumbnailUrl":"https:\/\/mekulo.com\/fi\/wp-content\/uploads\/sites\/13\/2026\/03\/znohor4-1.webp","datePublished":"2026-03-20T12:53:14+00:00","dateModified":"2026-03-26T09:45:59+00:00","breadcrumb":{"@id":"https:\/\/mekulo.com\/fi\/tuote\/akvaarion-sifonipuhdistin\/#breadcrumb"},"inLanguage":"fi","potentialAction":[{"@type":"ReadAction","target":["https:\/\/mekulo.com\/fi\/tuote\/akvaarion-sifonipuhdistin\/"]}]},{"@type":"ImageObject","inLanguage":"fi","@id":"https:\/\/mekulo.com\/fi\/tuote\/akvaarion-sifonipuhdistin\/#primaryimage","url":"https:\/\/mekulo.com\/fi\/wp-content\/uploads\/sites\/13\/2026\/03\/znohor4-1.webp","contentUrl":"https:\/\/mekulo.com\/fi\/wp-content\/uploads\/sites\/13\/2026\/03\/znohor4-1.webp","width":800,"height":800},{"@type":"BreadcrumbList","@id":"https:\/\/mekulo.com\/fi\/tuote\/akvaarion-sifonipuhdistin\/#breadcrumb","itemListElement":[{"@type":"ListItem","position":1,"name":"Home","item":"https:\/\/mekulo.com\/fi\/"},{"@type":"ListItem","position":2,"name":"Kauppa","item":"https:\/\/mekulo.com\/fi\/kauppa\/"},{"@type":"ListItem","position":3,"name":"Akvaarion sifonipuhdistin"}]},{"@type":"WebSite","@id":"https:\/\/mekulo.com\/fi\/#website","url":"https:\/\/mekulo.com\/fi\/","name":"Mekulo FI","description":"","publisher":{"@id":"https:\/\/mekulo.com\/fi\/#organization"},"potentialAction":[{"@type":"SearchAction","target":{"@type":"EntryPoint","urlTemplate":"https:\/\/mekulo.com\/fi\/?s={search_term_string}"},"query-input":{"@type":"PropertyValueSpecification","valueRequired":true,"valueName":"search_term_string"}}],"inLanguage":"fi"},{"@type":"Organization","@id":"https:\/\/mekulo.com\/fi\/#organization","name":"Mekulo","url":"https:\/\/mekulo.com\/fi\/","logo":{"@type":"ImageObject","inLanguage":"fi","@id":"https:\/\/mekulo.com\/fi\/#\/schema\/logo\/image\/","url":"https:\/\/mekulo.com\/fi\/wp-content\/uploads\/sites\/13\/2025\/12\/favicon_mekulo.png","contentUrl":"https:\/\/mekulo.com\/fi\/wp-content\/uploads\/sites\/13\/2025\/12\/favicon_mekulo.png","width":50,"height":50,"caption":"Mekulo"},"image":{"@id":"https:\/\/mekulo.com\/fi\/#\/schema\/logo\/image\/"}}]}},"_links":{"self":[{"href":"https:\/\/mekulo.com\/fi\/wp-json\/wp\/v2\/product\/16059","targetHints":{"allow":["GET"]}}],"collection":[{"href":"https:\/\/mekulo.com\/fi\/wp-json\/wp\/v2\/product"}],"about":[{"href":"https:\/\/mekulo.com\/fi\/wp-json\/wp\/v2\/types\/product"}],"replies":[{"embeddable":true,"href":"https:\/\/mekulo.com\/fi\/wp-json\/wp\/v2\/comments?post=16059"}],"wp:featuredmedia":[{"embeddable":true,"href":"https:\/\/mekulo.com\/fi\/wp-json\/wp\/v2\/media\/16055"}],"wp:attachment":[{"href":"https:\/\/mekulo.com\/fi\/wp-json\/wp\/v2\/media?parent=16059"}],"wp:term":[{"taxonomy":"product_brand","embeddable":true,"href":"https:\/\/mekulo.com\/fi\/wp-json\/wp\/v2\/product_brand?post=16059"},{"taxonomy":"product_cat","embeddable":true,"href":"https:\/\/mekulo.com\/fi\/wp-json\/wp\/v2\/product_cat?post=16059"},{"taxonomy":"product_tag","embeddable":true,"href":"https:\/\/mekulo.com\/fi\/wp-json\/wp\/v2\/product_tag?post=16059"}],"curies":[{"name":"wp","href":"https:\/\/api.w.org\/{rel}","templated":true}]}}