{"id":15969,"date":"2026-03-17T18:11:33","date_gmt":"2026-03-17T16:11:33","guid":{"rendered":"https:\/\/mekulo.com\/fi\/tuote\/laakelaatikko\/"},"modified":"2026-03-17T18:11:56","modified_gmt":"2026-03-17T16:11:56","slug":"laakelaatikko","status":"publish","type":"product","link":"https:\/\/mekulo.com\/fi\/tuote\/laakelaatikko\/","title":{"rendered":"L\u00e4\u00e4kelaatikko"},"content":{"rendered":"<h2 style=\"text-align: center\">Helppo P\u00e4\u00e4sy L\u00e4\u00e4kkeisiisi Aina Kun Tarvitset Niit\u00e4<\/h2>\n<h2 style=\"text-align: center\"><img decoding=\"async\" class=\"size-medium wp-image-12296 aligncenter\" src=\"https:\/\/keluvo.com\/template\/wp-content\/uploads\/sites\/5\/2024\/11\/qY4lmFDyDouACKj8rMvB.jpg\" alt=\"\" \/><\/h2>\n<h2 style=\"text-align: center\">Vie Pillerisi Minne Tahansa Irrotettavalla Pilleritelineell\u00e4<\/h2>\n<p style=\"text-align: center\">Tarvitsetko nopean ja k\u00e4tev\u00e4n tavan kuljettaa p\u00e4ivitt\u00e4isi\u00e4 l\u00e4\u00e4kkeit\u00e4si? Sis\u00e4\u00e4nrakennettu kiertonuppi toimii irrotettavana pillerikotelona, joka on tarpeeksi pieni sujautettavaksi taskuun tai laukkuun. Olitpa sitten t\u00f6iss\u00e4, matkoilla tai liikkeell\u00e4, t\u00e4rke\u00e4t pillerisi ovat aina helposti ulottuvillasi.<\/p>\n<p style=\"text-align: center\"><img decoding=\"async\" class=\"alignnone size-medium wp-image-4111\" src=\"https:\/\/keluvo.com\/no\/wp-content\/uploads\/sites\/10\/2024\/10\/2-combined.webp\" alt=\"\" \/><\/p>\n<h2 style=\"text-align: center\">T\u00e4ydellinen Matkustamiseen &#8211; Kevyt Ja Tilaa S\u00e4\u00e4st\u00e4v\u00e4<\/h2>\n<p style=\"text-align: center\">Olitpa sitten l\u00e4hd\u00f6ss\u00e4 lyhyelle tai pitk\u00e4lle matkalle, t\u00e4m\u00e4 l\u00e4\u00e4kekotelo on suunniteltu matkustusmukavuutta varten. Sen kompaktin ja kevyen rakenteen ansiosta se mahtuu helposti matkalaukkuusi, ja kest\u00e4v\u00e4 kahva takaa, ett\u00e4 voit kantaa sit\u00e4 vaivattomasti. Pysy valmiina, minne ikin\u00e4 menetkin!<\/p>\n<p style=\"text-align: center\"><img decoding=\"async\" class=\"alignnone size-medium wp-image-4110\" src=\"https:\/\/keluvo.com\/no\/wp-content\/uploads\/sites\/10\/2024\/10\/0002.webp\" alt=\"\" \/><\/p>\n","protected":false},"excerpt":{"rendered":"<p>Sano hyv\u00e4stit sekaville l\u00e4\u00e4kekaapeille! T\u00e4m\u00e4 \u00e4lyk\u00e4s s\u00e4ilytyslaatikko pit\u00e4\u00e4 kaikki l\u00e4\u00e4kkeesi ja tarvikkeesi siististi j\u00e4rjestyksess\u00e4, jotta tied\u00e4t aina, mist\u00e4 ne l\u00f6ytyv\u00e4t. Se on suunniteltu porrastetulla, laajennettavalla asettelulla, ja se avautuu useisiin p\u00e4\u00e4llekk\u00e4isiin lokeroihin, joiden avulla voit s\u00e4ilytt\u00e4\u00e4 suuren m\u00e4\u00e4r\u00e4n l\u00e4\u00e4kkeit\u00e4 pit\u00e4en kaiken selv\u00e4sti n\u00e4kyvill\u00e4 ja helposti ulottuvillasi.<\/p>\n","protected":false},"featured_media":15965,"comment_status":"open","ping_status":"closed","template":"","meta":{"site-sidebar-layout":"default","site-content-layout":"","ast-site-content-layout":"default","site-content-style":"default","site-sidebar-style":"default","ast-global-header-display":"","ast-banner-title-visibility":"","ast-main-header-display":"","ast-hfb-above-header-display":"","ast-hfb-below-header-display":"","ast-hfb-mobile-header-display":"","site-post-title":"","ast-breadcrumbs-content":"","ast-featured-img":"","footer-sml-layout":"","ast-disable-related-posts":"","theme-transparent-header-meta":"default","adv-header-id-meta":"","stick-header-meta":"","header-above-stick-meta":"","header-main-stick-meta":"","header-below-stick-meta":"","astra-migrate-meta-layouts":"set","ast-page-background-enabled":"default","ast-page-background-meta":{"desktop":{"background-color":"var(--ast-global-color-5)","background-image":"","background-repeat":"repeat","background-position":"center center","background-size":"auto","background-attachment":"scroll","background-type":"","background-media":"","overlay-type":"","overlay-color":"","overlay-opacity":"","overlay-gradient":""},"tablet":{"background-color":"","background-image":"","background-repeat":"repeat","background-position":"center center","background-size":"auto","background-attachment":"scroll","background-type":"","background-media":"","overlay-type":"","overlay-color":"","overlay-opacity":"","overlay-gradient":""},"mobile":{"background-color":"","background-image":"","background-repeat":"repeat","background-position":"center center","background-size":"auto","background-attachment":"scroll","background-type":"","background-media":"","overlay-type":"","overlay-color":"","overlay-opacity":"","overlay-gradient":""}},"ast-content-background-meta":{"desktop":{"background-color":"var(--ast-global-color-4)","background-image":"","background-repeat":"repeat","background-position":"center center","background-size":"auto","background-attachment":"scroll","background-type":"","background-media":"","overlay-type":"","overlay-color":"","overlay-opacity":"","overlay-gradient":""},"tablet":{"background-color":"var(--ast-global-color-4)","background-image":"","background-repeat":"repeat","background-position":"center center","background-size":"auto","background-attachment":"scroll","background-type":"","background-media":"","overlay-type":"","overlay-color":"","overlay-opacity":"","overlay-gradient":""},"mobile":{"background-color":"var(--ast-global-color-4)","background-image":"","background-repeat":"repeat","background-position":"center center","background-size":"auto","background-attachment":"scroll","background-type":"","background-media":"","overlay-type":"","overlay-color":"","overlay-opacity":"","overlay-gradient":""}}},"product_brand":[],"product_cat":[166],"product_tag":[],"class_list":{"0":"post-15969","1":"product","2":"type-product","3":"status-publish","4":"has-post-thumbnail","6":"product_cat-terveydenhuollon-tarvikkeet","7":"pa_14612_faazm4ul-pieni","8":"pa_14612_faazm4ul-suuri","9":"pa_14612_mz6d80ox-punainen","10":"pa_14612_mz6d80ox-valkoinen","11":"pa_14612_mz6d80ox-vihrea","12":"desktop-align-left","13":"tablet-align-left","14":"mobile-align-left","16":"first","17":"instock","18":"shipping-taxable","19":"purchasable","20":"product-type-variable","21":"has-default-attributes"},"yoast_head":"<!-- This site is optimized with the Yoast SEO plugin v27.4 - https:\/\/yoast.com\/product\/yoast-seo-wordpress\/ -->\n<title>L\u00e4\u00e4kelaatikko - Mekulo FI<\/title>\n<meta name=\"robots\" content=\"index, follow, max-snippet:-1, max-image-preview:large, max-video-preview:-1\" \/>\n<link rel=\"canonical\" href=\"https:\/\/mekulo.com\/fi\/tuote\/laakelaatikko\/\" \/>\n<meta property=\"og:locale\" content=\"fi_FI\" \/>\n<meta property=\"og:type\" content=\"article\" \/>\n<meta property=\"og:title\" content=\"L\u00e4\u00e4kelaatikko - Mekulo FI\" \/>\n<meta property=\"og:description\" content=\"Sano hyv\u00e4stit sekaville l\u00e4\u00e4kekaapeille! T\u00e4m\u00e4 \u00e4lyk\u00e4s s\u00e4ilytyslaatikko pit\u00e4\u00e4 kaikki l\u00e4\u00e4kkeesi ja tarvikkeesi siististi j\u00e4rjestyksess\u00e4, jotta tied\u00e4t aina, mist\u00e4 ne l\u00f6ytyv\u00e4t. Se on suunniteltu porrastetulla, laajennettavalla asettelulla, ja se avautuu useisiin p\u00e4\u00e4llekk\u00e4isiin lokeroihin, joiden avulla voit s\u00e4ilytt\u00e4\u00e4 suuren m\u00e4\u00e4r\u00e4n l\u00e4\u00e4kkeit\u00e4 pit\u00e4en kaiken selv\u00e4sti n\u00e4kyvill\u00e4 ja helposti ulottuvillasi.\" \/>\n<meta property=\"og:url\" content=\"https:\/\/mekulo.com\/fi\/tuote\/laakelaatikko\/\" \/>\n<meta property=\"og:site_name\" content=\"Mekulo FI\" \/>\n<meta property=\"article:modified_time\" content=\"2026-03-17T16:11:56+00:00\" \/>\n<meta property=\"og:image\" content=\"https:\/\/mekulo.com\/fi\/wp-content\/uploads\/sites\/13\/2026\/03\/u8fmssl-1.webp\" \/>\n\t<meta property=\"og:image:width\" content=\"720\" \/>\n\t<meta property=\"og:image:height\" content=\"720\" \/>\n\t<meta property=\"og:image:type\" content=\"image\/webp\" \/>\n<meta name=\"twitter:card\" content=\"summary_large_image\" \/>\n<meta name=\"twitter:label1\" content=\"Arvioitu lukuaika\" \/>\n\t<meta name=\"twitter:data1\" content=\"2 minuuttia\" \/>\n<script type=\"application\/ld+json\" class=\"yoast-schema-graph\">{\"@context\":\"https:\\\/\\\/schema.org\",\"@graph\":[{\"@type\":\"WebPage\",\"@id\":\"https:\\\/\\\/mekulo.com\\\/fi\\\/tuote\\\/laakelaatikko\\\/\",\"url\":\"https:\\\/\\\/mekulo.com\\\/fi\\\/tuote\\\/laakelaatikko\\\/\",\"name\":\"L\u00e4\u00e4kelaatikko - Mekulo FI\",\"isPartOf\":{\"@id\":\"https:\\\/\\\/mekulo.com\\\/fi\\\/#website\"},\"primaryImageOfPage\":{\"@id\":\"https:\\\/\\\/mekulo.com\\\/fi\\\/tuote\\\/laakelaatikko\\\/#primaryimage\"},\"image\":{\"@id\":\"https:\\\/\\\/mekulo.com\\\/fi\\\/tuote\\\/laakelaatikko\\\/#primaryimage\"},\"thumbnailUrl\":\"https:\\\/\\\/mekulo.com\\\/fi\\\/wp-content\\\/uploads\\\/sites\\\/13\\\/2026\\\/03\\\/u8fmssl-1.webp\",\"datePublished\":\"2026-03-17T16:11:33+00:00\",\"dateModified\":\"2026-03-17T16:11:56+00:00\",\"breadcrumb\":{\"@id\":\"https:\\\/\\\/mekulo.com\\\/fi\\\/tuote\\\/laakelaatikko\\\/#breadcrumb\"},\"inLanguage\":\"fi\",\"potentialAction\":[{\"@type\":\"ReadAction\",\"target\":[\"https:\\\/\\\/mekulo.com\\\/fi\\\/tuote\\\/laakelaatikko\\\/\"]}]},{\"@type\":\"ImageObject\",\"inLanguage\":\"fi\",\"@id\":\"https:\\\/\\\/mekulo.com\\\/fi\\\/tuote\\\/laakelaatikko\\\/#primaryimage\",\"url\":\"https:\\\/\\\/mekulo.com\\\/fi\\\/wp-content\\\/uploads\\\/sites\\\/13\\\/2026\\\/03\\\/u8fmssl-1.webp\",\"contentUrl\":\"https:\\\/\\\/mekulo.com\\\/fi\\\/wp-content\\\/uploads\\\/sites\\\/13\\\/2026\\\/03\\\/u8fmssl-1.webp\",\"width\":720,\"height\":720},{\"@type\":\"BreadcrumbList\",\"@id\":\"https:\\\/\\\/mekulo.com\\\/fi\\\/tuote\\\/laakelaatikko\\\/#breadcrumb\",\"itemListElement\":[{\"@type\":\"ListItem\",\"position\":1,\"name\":\"Home\",\"item\":\"https:\\\/\\\/mekulo.com\\\/fi\\\/\"},{\"@type\":\"ListItem\",\"position\":2,\"name\":\"Kauppa\",\"item\":\"https:\\\/\\\/mekulo.com\\\/fi\\\/kauppa\\\/\"},{\"@type\":\"ListItem\",\"position\":3,\"name\":\"L\u00e4\u00e4kelaatikko\"}]},{\"@type\":\"WebSite\",\"@id\":\"https:\\\/\\\/mekulo.com\\\/fi\\\/#website\",\"url\":\"https:\\\/\\\/mekulo.com\\\/fi\\\/\",\"name\":\"Mekulo FI\",\"description\":\"\",\"publisher\":{\"@id\":\"https:\\\/\\\/mekulo.com\\\/fi\\\/#organization\"},\"potentialAction\":[{\"@type\":\"SearchAction\",\"target\":{\"@type\":\"EntryPoint\",\"urlTemplate\":\"https:\\\/\\\/mekulo.com\\\/fi\\\/?s={search_term_string}\"},\"query-input\":{\"@type\":\"PropertyValueSpecification\",\"valueRequired\":true,\"valueName\":\"search_term_string\"}}],\"inLanguage\":\"fi\"},{\"@type\":\"Organization\",\"@id\":\"https:\\\/\\\/mekulo.com\\\/fi\\\/#organization\",\"name\":\"Mekulo\",\"url\":\"https:\\\/\\\/mekulo.com\\\/fi\\\/\",\"logo\":{\"@type\":\"ImageObject\",\"inLanguage\":\"fi\",\"@id\":\"https:\\\/\\\/mekulo.com\\\/fi\\\/#\\\/schema\\\/logo\\\/image\\\/\",\"url\":\"https:\\\/\\\/mekulo.com\\\/fi\\\/wp-content\\\/uploads\\\/sites\\\/13\\\/2025\\\/12\\\/favicon_mekulo.png\",\"contentUrl\":\"https:\\\/\\\/mekulo.com\\\/fi\\\/wp-content\\\/uploads\\\/sites\\\/13\\\/2025\\\/12\\\/favicon_mekulo.png\",\"width\":50,\"height\":50,\"caption\":\"Mekulo\"},\"image\":{\"@id\":\"https:\\\/\\\/mekulo.com\\\/fi\\\/#\\\/schema\\\/logo\\\/image\\\/\"}}]}<\/script>\n<!-- \/ Yoast SEO plugin. -->","yoast_head_json":{"title":"L\u00e4\u00e4kelaatikko - Mekulo FI","robots":{"index":"index","follow":"follow","max-snippet":"max-snippet:-1","max-image-preview":"max-image-preview:large","max-video-preview":"max-video-preview:-1"},"canonical":"https:\/\/mekulo.com\/fi\/tuote\/laakelaatikko\/","og_locale":"fi_FI","og_type":"article","og_title":"L\u00e4\u00e4kelaatikko - Mekulo FI","og_description":"Sano hyv\u00e4stit sekaville l\u00e4\u00e4kekaapeille! T\u00e4m\u00e4 \u00e4lyk\u00e4s s\u00e4ilytyslaatikko pit\u00e4\u00e4 kaikki l\u00e4\u00e4kkeesi ja tarvikkeesi siististi j\u00e4rjestyksess\u00e4, jotta tied\u00e4t aina, mist\u00e4 ne l\u00f6ytyv\u00e4t. Se on suunniteltu porrastetulla, laajennettavalla asettelulla, ja se avautuu useisiin p\u00e4\u00e4llekk\u00e4isiin lokeroihin, joiden avulla voit s\u00e4ilytt\u00e4\u00e4 suuren m\u00e4\u00e4r\u00e4n l\u00e4\u00e4kkeit\u00e4 pit\u00e4en kaiken selv\u00e4sti n\u00e4kyvill\u00e4 ja helposti ulottuvillasi.","og_url":"https:\/\/mekulo.com\/fi\/tuote\/laakelaatikko\/","og_site_name":"Mekulo FI","article_modified_time":"2026-03-17T16:11:56+00:00","og_image":[{"width":720,"height":720,"url":"https:\/\/mekulo.com\/fi\/wp-content\/uploads\/sites\/13\/2026\/03\/u8fmssl-1.webp","type":"image\/webp"}],"twitter_card":"summary_large_image","twitter_misc":{"Arvioitu lukuaika":"2 minuuttia"},"schema":{"@context":"https:\/\/schema.org","@graph":[{"@type":"WebPage","@id":"https:\/\/mekulo.com\/fi\/tuote\/laakelaatikko\/","url":"https:\/\/mekulo.com\/fi\/tuote\/laakelaatikko\/","name":"L\u00e4\u00e4kelaatikko - Mekulo FI","isPartOf":{"@id":"https:\/\/mekulo.com\/fi\/#website"},"primaryImageOfPage":{"@id":"https:\/\/mekulo.com\/fi\/tuote\/laakelaatikko\/#primaryimage"},"image":{"@id":"https:\/\/mekulo.com\/fi\/tuote\/laakelaatikko\/#primaryimage"},"thumbnailUrl":"https:\/\/mekulo.com\/fi\/wp-content\/uploads\/sites\/13\/2026\/03\/u8fmssl-1.webp","datePublished":"2026-03-17T16:11:33+00:00","dateModified":"2026-03-17T16:11:56+00:00","breadcrumb":{"@id":"https:\/\/mekulo.com\/fi\/tuote\/laakelaatikko\/#breadcrumb"},"inLanguage":"fi","potentialAction":[{"@type":"ReadAction","target":["https:\/\/mekulo.com\/fi\/tuote\/laakelaatikko\/"]}]},{"@type":"ImageObject","inLanguage":"fi","@id":"https:\/\/mekulo.com\/fi\/tuote\/laakelaatikko\/#primaryimage","url":"https:\/\/mekulo.com\/fi\/wp-content\/uploads\/sites\/13\/2026\/03\/u8fmssl-1.webp","contentUrl":"https:\/\/mekulo.com\/fi\/wp-content\/uploads\/sites\/13\/2026\/03\/u8fmssl-1.webp","width":720,"height":720},{"@type":"BreadcrumbList","@id":"https:\/\/mekulo.com\/fi\/tuote\/laakelaatikko\/#breadcrumb","itemListElement":[{"@type":"ListItem","position":1,"name":"Home","item":"https:\/\/mekulo.com\/fi\/"},{"@type":"ListItem","position":2,"name":"Kauppa","item":"https:\/\/mekulo.com\/fi\/kauppa\/"},{"@type":"ListItem","position":3,"name":"L\u00e4\u00e4kelaatikko"}]},{"@type":"WebSite","@id":"https:\/\/mekulo.com\/fi\/#website","url":"https:\/\/mekulo.com\/fi\/","name":"Mekulo FI","description":"","publisher":{"@id":"https:\/\/mekulo.com\/fi\/#organization"},"potentialAction":[{"@type":"SearchAction","target":{"@type":"EntryPoint","urlTemplate":"https:\/\/mekulo.com\/fi\/?s={search_term_string}"},"query-input":{"@type":"PropertyValueSpecification","valueRequired":true,"valueName":"search_term_string"}}],"inLanguage":"fi"},{"@type":"Organization","@id":"https:\/\/mekulo.com\/fi\/#organization","name":"Mekulo","url":"https:\/\/mekulo.com\/fi\/","logo":{"@type":"ImageObject","inLanguage":"fi","@id":"https:\/\/mekulo.com\/fi\/#\/schema\/logo\/image\/","url":"https:\/\/mekulo.com\/fi\/wp-content\/uploads\/sites\/13\/2025\/12\/favicon_mekulo.png","contentUrl":"https:\/\/mekulo.com\/fi\/wp-content\/uploads\/sites\/13\/2025\/12\/favicon_mekulo.png","width":50,"height":50,"caption":"Mekulo"},"image":{"@id":"https:\/\/mekulo.com\/fi\/#\/schema\/logo\/image\/"}}]}},"_links":{"self":[{"href":"https:\/\/mekulo.com\/fi\/wp-json\/wp\/v2\/product\/15969","targetHints":{"allow":["GET"]}}],"collection":[{"href":"https:\/\/mekulo.com\/fi\/wp-json\/wp\/v2\/product"}],"about":[{"href":"https:\/\/mekulo.com\/fi\/wp-json\/wp\/v2\/types\/product"}],"replies":[{"embeddable":true,"href":"https:\/\/mekulo.com\/fi\/wp-json\/wp\/v2\/comments?post=15969"}],"wp:featuredmedia":[{"embeddable":true,"href":"https:\/\/mekulo.com\/fi\/wp-json\/wp\/v2\/media\/15965"}],"wp:attachment":[{"href":"https:\/\/mekulo.com\/fi\/wp-json\/wp\/v2\/media?parent=15969"}],"wp:term":[{"taxonomy":"product_brand","embeddable":true,"href":"https:\/\/mekulo.com\/fi\/wp-json\/wp\/v2\/product_brand?post=15969"},{"taxonomy":"product_cat","embeddable":true,"href":"https:\/\/mekulo.com\/fi\/wp-json\/wp\/v2\/product_cat?post=15969"},{"taxonomy":"product_tag","embeddable":true,"href":"https:\/\/mekulo.com\/fi\/wp-json\/wp\/v2\/product_tag?post=15969"}],"curies":[{"name":"wp","href":"https:\/\/api.w.org\/{rel}","templated":true}]}}