{"id":15693,"date":"2026-03-10T15:19:40","date_gmt":"2026-03-10T13:19:40","guid":{"rendered":"https:\/\/mekulo.com\/fi\/tuote\/saadettavat-poraamattomat-verhotangon-pidikkeet\/"},"modified":"2026-03-17T11:50:03","modified_gmt":"2026-03-17T09:50:03","slug":"saadettavat-poraamattomat-verhotangon-pidikkeet","status":"publish","type":"product","link":"https:\/\/mekulo.com\/fi\/tuote\/saadettavat-poraamattomat-verhotangon-pidikkeet\/","title":{"rendered":"S\u00e4\u00e4dett\u00e4v\u00e4t, poraamattomat verhotangon pidikkeet"},"content":{"rendered":"<p style=\"text-align: center;\" data-start=\"0\" data-end=\"71\"><strong data-start=\"0\" data-end=\"71\">Ripusta verhotangot turvallisesti poraamatta tai vahingoittamatta seini\u00e4. \ud83e\uddf1<\/strong><\/p>\n<p data-start=\"0\" data-end=\"71\"><img decoding=\"async\" class=\"size-full wp-image-23483 aligncenter\" src=\"https:\/\/mekulo.com\/template\/wp-content\/uploads\/sites\/6\/2026\/02\/18fe785688654e9755bfc9d98498c1211c6636b2bebe3048fbfa32548005bedf-800.avif\" alt=\"\" \/><\/p>\n<h2 style=\"text-align: center;\" data-start=\"391\" data-end=\"408\"><strong>P\u00e4\u00e4hy\u00f6dyt \ud83d\udee0\ufe0f<\/strong><\/h2>\n<p data-start=\"411\" data-end=\"469\">\ud83d\udee0\ufe0f Ei porausta &#8211; Kiinnit\u00e4 ja ripusta heti.<\/p>\n<p data-start=\"472\" data-end=\"543\">\ud83d\udd12 Vahva itseliimautuva tausta &#8211; Pit\u00e4\u00e4 tukevasti kiinni sileill\u00e4 pinnoilla.<\/p>\n<p data-start=\"472\" data-end=\"543\">\ud83d\udd27 S\u00e4\u00e4dett\u00e4v\u00e4 jousen kireys &#8211; Sopii eri kokoisille tangoille turvallisesti.<\/p>\n<p data-start=\"619\" data-end=\"673\">\ud83c\udfe0 Moderni, selke\u00e4 muotoilu &#8211; Sopii mihin tahansa sisustukseen.<\/p>\n<p data-start=\"676\" data-end=\"737\">\ud83d\udce6 Useita pakkausvaihtoehtoja &#8211; Valitse tarvitsemasi m\u00e4\u00e4r\u00e4.<\/p>\n<p data-start=\"740\" data-end=\"789\">\ud83e\uddf1 Sein\u00e4\u00e4n kiinnitett\u00e4v\u00e4 ratkaisu &#8211; Ei reiki\u00e4, ei vaurioita.<\/p>\n<p data-start=\"740\" data-end=\"789\"><img decoding=\"async\" class=\"size-full wp-image-23481 aligncenter\" src=\"https:\/\/mekulo.com\/template\/wp-content\/uploads\/sites\/6\/2026\/02\/c245b7f2673740e15cad2b69bd8812be65b465fb8fb52fe28071c967a8a59e8a-800.avif\" alt=\"\" \/><\/p>\n<h2 style=\"text-align: center;\" data-start=\"791\" data-end=\"805\"><strong>K\u00e4ytt\u00f6ohjeet \ud83d\udccc<\/strong><\/h2>\n<ol data-start=\"806\" data-end=\"1007\">\n<li data-start=\"806\" data-end=\"842\">\n<p data-start=\"809\" data-end=\"842\">Puhdista ja kuivaa sein\u00e4pinta.<\/p>\n<\/li>\n<li data-start=\"843\" data-end=\"878\">\n<p data-start=\"846\" data-end=\"878\">Kuori liimapohja pois.<\/p>\n<\/li>\n<li data-start=\"879\" data-end=\"922\">\n<p data-start=\"882\" data-end=\"922\">Paina pidike tukevasti sein\u00e4\u00e4n.<\/p>\n<\/li>\n<li data-start=\"923\" data-end=\"964\">\n<p data-start=\"926\" data-end=\"964\">S\u00e4\u00e4d\u00e4 jousen kireytt\u00e4 tarvittaessa.<\/p>\n<\/li>\n<li data-start=\"965\" data-end=\"1007\">\n<p data-start=\"968\" data-end=\"1007\">Aseta verhotanko pidikkeisiin.<\/p>\n<\/li>\n<\/ol>\n<h2 style=\"text-align: center;\" data-start=\"1009\" data-end=\"1028\"><strong>Tuotetiedot \ud83d\udccf<\/strong><\/h2>\n<ul data-start=\"1029\" data-end=\"1231\">\n<li data-start=\"1029\" data-end=\"1055\">\n<p data-start=\"1031\" data-end=\"1055\">Materiaali: ABS + jousi<\/p>\n<\/li>\n<li data-start=\"1056\" data-end=\"1098\">\n<p data-start=\"1058\" data-end=\"1098\">Liima: Vahva itseliimautuva tausta<\/p>\n<\/li>\n<li data-start=\"1099\" data-end=\"1126\">\n<p data-start=\"1101\" data-end=\"1126\">Koukun koko: 4,5 x 3,5 cm<\/p>\n<\/li>\n<li data-start=\"1127\" data-end=\"1153\">\n<p data-start=\"1129\" data-end=\"1153\">Tarran koko: 6 x 5 cm<\/p>\n<\/li>\n<li data-start=\"1154\" data-end=\"1182\">\n<p data-start=\"1156\" data-end=\"1182\">Muotoilu: Tyylik\u00e4s ja moderni<\/p>\n<\/li>\n<\/ul>\n<h2 style=\"text-align: center;\" data-start=\"1233\" data-end=\"1253\"><strong>Pakkaus sis\u00e4lt\u00e4\u00e4 \ud83d\udce6<\/strong><\/h2>\n<ul data-start=\"1254\" data-end=\"1315\" data-is-last-node=\"\" data-is-only-node=\"\">\n<li data-start=\"1254\" data-end=\"1315\" data-is-last-node=\"\">\n<p data-start=\"1256\" data-end=\"1315\" data-is-last-node=\"\">6, 12, 24x s\u00e4\u00e4dett\u00e4v\u00e4t porautumattomat verhotangon pidikkeet.<\/p>\n<\/li>\n<\/ul>\n","protected":false},"excerpt":{"rendered":"<p>\ud83e\uddf1 T\u00e4m\u00e4n s\u00e4\u00e4dett\u00e4v\u00e4n, poraamattoman verhotangon pidikkeen avulla voit asentaa verhotangot nopeasti vahvan itseliimautuvan taustalevyn ja jousij\u00e4nnityksen avulla.<br \/>\n\ud83c\udfe0 Ne sopivat t\u00e4ydellisesti vuokralaisille, nopeisiin huoneen p\u00e4ivityksiin tai kaikille, jotka haluavat siistin asennuksen ilman ty\u00f6kaluja.<br \/>\n\ud83d\udecb\ufe0f Ne sulautuvat helposti mihin tahansa tilaan modernin ja minimalistisen muotoilunsa ansiosta.<\/p>\n","protected":false},"featured_media":15689,"comment_status":"open","ping_status":"closed","template":"","meta":{"site-sidebar-layout":"default","site-content-layout":"","ast-site-content-layout":"default","site-content-style":"default","site-sidebar-style":"default","ast-global-header-display":"","ast-banner-title-visibility":"","ast-main-header-display":"","ast-hfb-above-header-display":"","ast-hfb-below-header-display":"","ast-hfb-mobile-header-display":"","site-post-title":"","ast-breadcrumbs-content":"","ast-featured-img":"","footer-sml-layout":"","theme-transparent-header-meta":"default","adv-header-id-meta":"","stick-header-meta":"","header-above-stick-meta":"","header-main-stick-meta":"","header-below-stick-meta":"","astra-migrate-meta-layouts":"set","ast-page-background-enabled":"default","ast-page-background-meta":{"desktop":{"background-color":"var(--ast-global-color-5)","background-image":"","background-repeat":"repeat","background-position":"center center","background-size":"auto","background-attachment":"scroll","background-type":"","background-media":"","overlay-type":"","overlay-color":"","overlay-opacity":"","overlay-gradient":""},"tablet":{"background-color":"","background-image":"","background-repeat":"repeat","background-position":"center center","background-size":"auto","background-attachment":"scroll","background-type":"","background-media":"","overlay-type":"","overlay-color":"","overlay-opacity":"","overlay-gradient":""},"mobile":{"background-color":"","background-image":"","background-repeat":"repeat","background-position":"center center","background-size":"auto","background-attachment":"scroll","background-type":"","background-media":"","overlay-type":"","overlay-color":"","overlay-opacity":"","overlay-gradient":""}},"ast-content-background-meta":{"desktop":{"background-color":"var(--ast-global-color-4)","background-image":"","background-repeat":"repeat","background-position":"center center","background-size":"auto","background-attachment":"scroll","background-type":"","background-media":"","overlay-type":"","overlay-color":"","overlay-opacity":"","overlay-gradient":""},"tablet":{"background-color":"var(--ast-global-color-4)","background-image":"","background-repeat":"repeat","background-position":"center center","background-size":"auto","background-attachment":"scroll","background-type":"","background-media":"","overlay-type":"","overlay-color":"","overlay-opacity":"","overlay-gradient":""},"mobile":{"background-color":"var(--ast-global-color-4)","background-image":"","background-repeat":"repeat","background-position":"center center","background-size":"auto","background-attachment":"scroll","background-type":"","background-media":"","overlay-type":"","overlay-color":"","overlay-opacity":"","overlay-gradient":""}}},"product_brand":[],"product_cat":[168],"product_tag":[],"class_list":{"0":"post-15693","1":"product","2":"type-product","3":"status-publish","4":"has-post-thumbnail","6":"product_cat-taloustavarat","7":"pa_54480_811vtl3x-12-kpl","8":"pa_54480_811vtl3x-24-kpl","9":"pa_54480_811vtl3x-6-kpl","10":"pa_54480_ne3iwf89-lapinakyva","11":"pa_54480_ne3iwf89-musta","12":"pa_54480_ne3iwf89-valkoinen","13":"desktop-align-left","14":"tablet-align-left","15":"mobile-align-left","17":"first","18":"instock","19":"shipping-taxable","20":"purchasable","21":"product-type-variable","22":"has-default-attributes"},"yoast_head":"<!-- This site is optimized with the Yoast SEO plugin v26.6 - https:\/\/yoast.com\/wordpress\/plugins\/seo\/ -->\n<title>S\u00e4\u00e4dett\u00e4v\u00e4t, poraamattomat verhotangon pidikkeet - Mekulo FI<\/title>\n<meta name=\"robots\" content=\"index, follow, max-snippet:-1, max-image-preview:large, max-video-preview:-1\" \/>\n<link rel=\"canonical\" href=\"https:\/\/mekulo.com\/fi\/tuote\/saadettavat-poraamattomat-verhotangon-pidikkeet\/\" \/>\n<meta property=\"og:locale\" content=\"fi_FI\" \/>\n<meta property=\"og:type\" content=\"article\" \/>\n<meta property=\"og:title\" content=\"S\u00e4\u00e4dett\u00e4v\u00e4t, poraamattomat verhotangon pidikkeet - Mekulo FI\" \/>\n<meta property=\"og:description\" content=\"\ud83e\uddf1 T\u00e4m\u00e4n s\u00e4\u00e4dett\u00e4v\u00e4n, poraamattoman verhotangon pidikkeen avulla voit asentaa verhotangot nopeasti vahvan itseliimautuvan taustalevyn ja jousij\u00e4nnityksen avulla. \ud83c\udfe0 Ne sopivat t\u00e4ydellisesti vuokralaisille, nopeisiin huoneen p\u00e4ivityksiin tai kaikille, jotka haluavat siistin asennuksen ilman ty\u00f6kaluja. \ud83d\udecb\ufe0f Ne sulautuvat helposti mihin tahansa tilaan modernin ja minimalistisen muotoilunsa ansiosta.\" \/>\n<meta property=\"og:url\" content=\"https:\/\/mekulo.com\/fi\/tuote\/saadettavat-poraamattomat-verhotangon-pidikkeet\/\" \/>\n<meta property=\"og:site_name\" content=\"Mekulo FI\" \/>\n<meta property=\"article:modified_time\" content=\"2026-03-17T09:50:03+00:00\" \/>\n<meta property=\"og:image\" content=\"https:\/\/mekulo.com\/fi\/wp-content\/uploads\/sites\/13\/2026\/03\/qbeetr6-1.jpg\" \/>\n\t<meta property=\"og:image:width\" content=\"800\" \/>\n\t<meta property=\"og:image:height\" content=\"800\" \/>\n\t<meta property=\"og:image:type\" content=\"image\/jpeg\" \/>\n<meta name=\"twitter:card\" content=\"summary_large_image\" \/>\n<meta name=\"twitter:label1\" content=\"Arvioitu lukuaika\" \/>\n\t<meta name=\"twitter:data1\" content=\"2 minuuttia\" \/>\n<script type=\"application\/ld+json\" class=\"yoast-schema-graph\">{\"@context\":\"https:\/\/schema.org\",\"@graph\":[{\"@type\":\"WebPage\",\"@id\":\"https:\/\/mekulo.com\/fi\/tuote\/saadettavat-poraamattomat-verhotangon-pidikkeet\/\",\"url\":\"https:\/\/mekulo.com\/fi\/tuote\/saadettavat-poraamattomat-verhotangon-pidikkeet\/\",\"name\":\"S\u00e4\u00e4dett\u00e4v\u00e4t, poraamattomat verhotangon pidikkeet - Mekulo FI\",\"isPartOf\":{\"@id\":\"https:\/\/mekulo.com\/fi\/#website\"},\"primaryImageOfPage\":{\"@id\":\"https:\/\/mekulo.com\/fi\/tuote\/saadettavat-poraamattomat-verhotangon-pidikkeet\/#primaryimage\"},\"image\":{\"@id\":\"https:\/\/mekulo.com\/fi\/tuote\/saadettavat-poraamattomat-verhotangon-pidikkeet\/#primaryimage\"},\"thumbnailUrl\":\"https:\/\/mekulo.com\/fi\/wp-content\/uploads\/sites\/13\/2026\/03\/qbeetr6-1.jpg\",\"datePublished\":\"2026-03-10T13:19:40+00:00\",\"dateModified\":\"2026-03-17T09:50:03+00:00\",\"breadcrumb\":{\"@id\":\"https:\/\/mekulo.com\/fi\/tuote\/saadettavat-poraamattomat-verhotangon-pidikkeet\/#breadcrumb\"},\"inLanguage\":\"fi\",\"potentialAction\":[{\"@type\":\"ReadAction\",\"target\":[\"https:\/\/mekulo.com\/fi\/tuote\/saadettavat-poraamattomat-verhotangon-pidikkeet\/\"]}]},{\"@type\":\"ImageObject\",\"inLanguage\":\"fi\",\"@id\":\"https:\/\/mekulo.com\/fi\/tuote\/saadettavat-poraamattomat-verhotangon-pidikkeet\/#primaryimage\",\"url\":\"https:\/\/mekulo.com\/fi\/wp-content\/uploads\/sites\/13\/2026\/03\/qbeetr6-1.jpg\",\"contentUrl\":\"https:\/\/mekulo.com\/fi\/wp-content\/uploads\/sites\/13\/2026\/03\/qbeetr6-1.jpg\",\"width\":800,\"height\":800},{\"@type\":\"BreadcrumbList\",\"@id\":\"https:\/\/mekulo.com\/fi\/tuote\/saadettavat-poraamattomat-verhotangon-pidikkeet\/#breadcrumb\",\"itemListElement\":[{\"@type\":\"ListItem\",\"position\":1,\"name\":\"Home\",\"item\":\"https:\/\/mekulo.com\/fi\/\"},{\"@type\":\"ListItem\",\"position\":2,\"name\":\"Kauppa\",\"item\":\"https:\/\/mekulo.com\/fi\/kauppa\/\"},{\"@type\":\"ListItem\",\"position\":3,\"name\":\"S\u00e4\u00e4dett\u00e4v\u00e4t, poraamattomat verhotangon pidikkeet\"}]},{\"@type\":\"WebSite\",\"@id\":\"https:\/\/mekulo.com\/fi\/#website\",\"url\":\"https:\/\/mekulo.com\/fi\/\",\"name\":\"Mekulo FI\",\"description\":\"\",\"publisher\":{\"@id\":\"https:\/\/mekulo.com\/fi\/#organization\"},\"potentialAction\":[{\"@type\":\"SearchAction\",\"target\":{\"@type\":\"EntryPoint\",\"urlTemplate\":\"https:\/\/mekulo.com\/fi\/?s={search_term_string}\"},\"query-input\":{\"@type\":\"PropertyValueSpecification\",\"valueRequired\":true,\"valueName\":\"search_term_string\"}}],\"inLanguage\":\"fi\"},{\"@type\":\"Organization\",\"@id\":\"https:\/\/mekulo.com\/fi\/#organization\",\"name\":\"Mekulo\",\"url\":\"https:\/\/mekulo.com\/fi\/\",\"logo\":{\"@type\":\"ImageObject\",\"inLanguage\":\"fi\",\"@id\":\"https:\/\/mekulo.com\/fi\/#\/schema\/logo\/image\/\",\"url\":\"https:\/\/mekulo.com\/fi\/wp-content\/uploads\/sites\/13\/2025\/12\/favicon_mekulo.png\",\"contentUrl\":\"https:\/\/mekulo.com\/fi\/wp-content\/uploads\/sites\/13\/2025\/12\/favicon_mekulo.png\",\"width\":50,\"height\":50,\"caption\":\"Mekulo\"},\"image\":{\"@id\":\"https:\/\/mekulo.com\/fi\/#\/schema\/logo\/image\/\"}}]}<\/script>\n<!-- \/ Yoast SEO plugin. -->","yoast_head_json":{"title":"S\u00e4\u00e4dett\u00e4v\u00e4t, poraamattomat verhotangon pidikkeet - Mekulo FI","robots":{"index":"index","follow":"follow","max-snippet":"max-snippet:-1","max-image-preview":"max-image-preview:large","max-video-preview":"max-video-preview:-1"},"canonical":"https:\/\/mekulo.com\/fi\/tuote\/saadettavat-poraamattomat-verhotangon-pidikkeet\/","og_locale":"fi_FI","og_type":"article","og_title":"S\u00e4\u00e4dett\u00e4v\u00e4t, poraamattomat verhotangon pidikkeet - Mekulo FI","og_description":"\ud83e\uddf1 T\u00e4m\u00e4n s\u00e4\u00e4dett\u00e4v\u00e4n, poraamattoman verhotangon pidikkeen avulla voit asentaa verhotangot nopeasti vahvan itseliimautuvan taustalevyn ja jousij\u00e4nnityksen avulla. \ud83c\udfe0 Ne sopivat t\u00e4ydellisesti vuokralaisille, nopeisiin huoneen p\u00e4ivityksiin tai kaikille, jotka haluavat siistin asennuksen ilman ty\u00f6kaluja. \ud83d\udecb\ufe0f Ne sulautuvat helposti mihin tahansa tilaan modernin ja minimalistisen muotoilunsa ansiosta.","og_url":"https:\/\/mekulo.com\/fi\/tuote\/saadettavat-poraamattomat-verhotangon-pidikkeet\/","og_site_name":"Mekulo FI","article_modified_time":"2026-03-17T09:50:03+00:00","og_image":[{"width":800,"height":800,"url":"https:\/\/mekulo.com\/fi\/wp-content\/uploads\/sites\/13\/2026\/03\/qbeetr6-1.jpg","type":"image\/jpeg"}],"twitter_card":"summary_large_image","twitter_misc":{"Arvioitu lukuaika":"2 minuuttia"},"schema":{"@context":"https:\/\/schema.org","@graph":[{"@type":"WebPage","@id":"https:\/\/mekulo.com\/fi\/tuote\/saadettavat-poraamattomat-verhotangon-pidikkeet\/","url":"https:\/\/mekulo.com\/fi\/tuote\/saadettavat-poraamattomat-verhotangon-pidikkeet\/","name":"S\u00e4\u00e4dett\u00e4v\u00e4t, poraamattomat verhotangon pidikkeet - Mekulo FI","isPartOf":{"@id":"https:\/\/mekulo.com\/fi\/#website"},"primaryImageOfPage":{"@id":"https:\/\/mekulo.com\/fi\/tuote\/saadettavat-poraamattomat-verhotangon-pidikkeet\/#primaryimage"},"image":{"@id":"https:\/\/mekulo.com\/fi\/tuote\/saadettavat-poraamattomat-verhotangon-pidikkeet\/#primaryimage"},"thumbnailUrl":"https:\/\/mekulo.com\/fi\/wp-content\/uploads\/sites\/13\/2026\/03\/qbeetr6-1.jpg","datePublished":"2026-03-10T13:19:40+00:00","dateModified":"2026-03-17T09:50:03+00:00","breadcrumb":{"@id":"https:\/\/mekulo.com\/fi\/tuote\/saadettavat-poraamattomat-verhotangon-pidikkeet\/#breadcrumb"},"inLanguage":"fi","potentialAction":[{"@type":"ReadAction","target":["https:\/\/mekulo.com\/fi\/tuote\/saadettavat-poraamattomat-verhotangon-pidikkeet\/"]}]},{"@type":"ImageObject","inLanguage":"fi","@id":"https:\/\/mekulo.com\/fi\/tuote\/saadettavat-poraamattomat-verhotangon-pidikkeet\/#primaryimage","url":"https:\/\/mekulo.com\/fi\/wp-content\/uploads\/sites\/13\/2026\/03\/qbeetr6-1.jpg","contentUrl":"https:\/\/mekulo.com\/fi\/wp-content\/uploads\/sites\/13\/2026\/03\/qbeetr6-1.jpg","width":800,"height":800},{"@type":"BreadcrumbList","@id":"https:\/\/mekulo.com\/fi\/tuote\/saadettavat-poraamattomat-verhotangon-pidikkeet\/#breadcrumb","itemListElement":[{"@type":"ListItem","position":1,"name":"Home","item":"https:\/\/mekulo.com\/fi\/"},{"@type":"ListItem","position":2,"name":"Kauppa","item":"https:\/\/mekulo.com\/fi\/kauppa\/"},{"@type":"ListItem","position":3,"name":"S\u00e4\u00e4dett\u00e4v\u00e4t, poraamattomat verhotangon pidikkeet"}]},{"@type":"WebSite","@id":"https:\/\/mekulo.com\/fi\/#website","url":"https:\/\/mekulo.com\/fi\/","name":"Mekulo FI","description":"","publisher":{"@id":"https:\/\/mekulo.com\/fi\/#organization"},"potentialAction":[{"@type":"SearchAction","target":{"@type":"EntryPoint","urlTemplate":"https:\/\/mekulo.com\/fi\/?s={search_term_string}"},"query-input":{"@type":"PropertyValueSpecification","valueRequired":true,"valueName":"search_term_string"}}],"inLanguage":"fi"},{"@type":"Organization","@id":"https:\/\/mekulo.com\/fi\/#organization","name":"Mekulo","url":"https:\/\/mekulo.com\/fi\/","logo":{"@type":"ImageObject","inLanguage":"fi","@id":"https:\/\/mekulo.com\/fi\/#\/schema\/logo\/image\/","url":"https:\/\/mekulo.com\/fi\/wp-content\/uploads\/sites\/13\/2025\/12\/favicon_mekulo.png","contentUrl":"https:\/\/mekulo.com\/fi\/wp-content\/uploads\/sites\/13\/2025\/12\/favicon_mekulo.png","width":50,"height":50,"caption":"Mekulo"},"image":{"@id":"https:\/\/mekulo.com\/fi\/#\/schema\/logo\/image\/"}}]}},"_links":{"self":[{"href":"https:\/\/mekulo.com\/fi\/wp-json\/wp\/v2\/product\/15693","targetHints":{"allow":["GET"]}}],"collection":[{"href":"https:\/\/mekulo.com\/fi\/wp-json\/wp\/v2\/product"}],"about":[{"href":"https:\/\/mekulo.com\/fi\/wp-json\/wp\/v2\/types\/product"}],"replies":[{"embeddable":true,"href":"https:\/\/mekulo.com\/fi\/wp-json\/wp\/v2\/comments?post=15693"}],"wp:featuredmedia":[{"embeddable":true,"href":"https:\/\/mekulo.com\/fi\/wp-json\/wp\/v2\/media\/15689"}],"wp:attachment":[{"href":"https:\/\/mekulo.com\/fi\/wp-json\/wp\/v2\/media?parent=15693"}],"wp:term":[{"taxonomy":"product_brand","embeddable":true,"href":"https:\/\/mekulo.com\/fi\/wp-json\/wp\/v2\/product_brand?post=15693"},{"taxonomy":"product_cat","embeddable":true,"href":"https:\/\/mekulo.com\/fi\/wp-json\/wp\/v2\/product_cat?post=15693"},{"taxonomy":"product_tag","embeddable":true,"href":"https:\/\/mekulo.com\/fi\/wp-json\/wp\/v2\/product_tag?post=15693"}],"curies":[{"name":"wp","href":"https:\/\/api.w.org\/{rel}","templated":true}]}}