{"id":15639,"date":"2026-03-10T15:14:26","date_gmt":"2026-03-10T13:14:26","guid":{"rendered":"https:\/\/mekulo.com\/fi\/tuote\/taitettava-saranapidike\/"},"modified":"2026-03-10T15:14:52","modified_gmt":"2026-03-10T13:14:52","slug":"taitettava-saranapidike","status":"publish","type":"product","link":"https:\/\/mekulo.com\/fi\/tuote\/taitettava-saranapidike\/","title":{"rendered":"Taitettava saranapidike"},"content":{"rendered":"<p style=\"text-align: center\" data-start=\"0\" data-end=\"68\"><strong data-start=\"0\" data-end=\"68\">Luo Vahvoja, Kokoontaitettavia Huonekaluja, Joissa On Turvallinen Lukitustuki. \ud83c\udfe1<\/strong><\/p>\n<p data-start=\"0\" data-end=\"68\"><img decoding=\"async\" class=\"size-full wp-image-22332 aligncenter\" src=\"https:\/\/mekulo.com\/template\/wp-content\/uploads\/sites\/6\/2026\/01\/505afc46b27ade85340fa3a4d786e6ab18d77a6b-900.avif\" alt=\"\" \/><\/p>\n<h2 style=\"text-align: center\" data-start=\"410\" data-end=\"427\"><strong>P\u00e4\u00e4hy\u00f6dyt \ud83c\udfe0<\/strong><\/h2>\n<p data-start=\"430\" data-end=\"489\">\ud83d\udcaa Raskas tuki &#8211; Kest\u00e4\u00e4 yli 226 kg per kiinnike.<\/p>\n<p data-start=\"492\" data-end=\"544\">\ud83d\udd10 Itselukittuva muotoilu &#8211; Lukittuu turvallisesti 90\u00b0:n kulmassa.<\/p>\n<p data-start=\"547\" data-end=\"602\">\ud83e\uddf2 Pikavapautus &#8211; Paina taittaaksesi, ei tarvita ty\u00f6kaluja.<\/p>\n<p data-start=\"605\" data-end=\"660\">\ud83d\udee1\ufe0f Vahva ter\u00e4srakenne &#8211; 2,5 mm:n kylm\u00e4valssattua ter\u00e4st\u00e4.<\/p>\n<p data-start=\"663\" data-end=\"727\">\ud83c\udf27\ufe0f Ruosteen kest\u00e4v\u00e4 &#8211; Sinkitty sis\u00e4- ja ulkok\u00e4ytt\u00f6\u00f6n.<\/p>\n<p data-start=\"730\" data-end=\"798\">\ud83c\udfaf Monipuolinen k\u00e4ytt\u00f6 &#8211; Ihanteellinen huonekaluihin ja tilaa s\u00e4\u00e4st\u00e4v\u00e4\u00e4n rakentamiseen.<\/p>\n<p data-start=\"730\" data-end=\"798\"><img decoding=\"async\" class=\"size-full wp-image-22333 aligncenter\" src=\"https:\/\/mekulo.com\/template\/wp-content\/uploads\/sites\/6\/2026\/01\/61aa03485daf78cf2c0c71b492dc1421739e79e7-900.avif\" alt=\"\" \/><\/p>\n<h2 style=\"text-align: center\" data-start=\"800\" data-end=\"814\"><strong>K\u00e4ytt\u00f6ohjeet \ud83d\udccc<\/strong><\/h2>\n<ol data-start=\"815\" data-end=\"1051\">\n<li data-start=\"815\" data-end=\"865\">\n<p data-start=\"818\" data-end=\"865\">Asenna kiinnike sinne, miss\u00e4 tukea tarvitaan.<\/p>\n<\/li>\n<li data-start=\"866\" data-end=\"917\">\n<p data-start=\"869\" data-end=\"917\">Kohdista esiporatut rei\u00e4t pinnan kanssa.<\/p>\n<\/li>\n<li data-start=\"918\" data-end=\"958\">\n<p data-start=\"921\" data-end=\"958\">Kiinnit\u00e4 ruuveilla (ei sis\u00e4lly).<\/p>\n<\/li>\n<li data-start=\"959\" data-end=\"1005\">\n<p data-start=\"962\" data-end=\"1005\">Pidenn\u00e4 kiinnikett\u00e4, kunnes se lukittuu 90\u00b0:n kulmaan.<\/p>\n<\/li>\n<li data-start=\"1006\" data-end=\"1051\">\n<p data-start=\"1009\" data-end=\"1051\">Paina vapautinta taittaaksesi sen kokoon, kun se ei ole k\u00e4yt\u00f6ss\u00e4.<\/p>\n<\/li>\n<\/ol>\n<h2 style=\"text-align: center\" data-start=\"1053\" data-end=\"1072\"><strong>Tuotetiedot \ud83d\udccf<\/strong><\/h2>\n<ul data-start=\"1073\" data-end=\"1299\">\n<li data-start=\"1073\" data-end=\"1131\">\n<p data-start=\"1075\" data-end=\"1131\">Materiaali: 2,5 mm kylm\u00e4valssattu ter\u00e4s, s\u00e4hk\u00f6sinkitty<\/p>\n<\/li>\n<li data-start=\"1132\" data-end=\"1174\">\n<p data-start=\"1134\" data-end=\"1174\">Kantavuus: Yli 226 kg per kiinnike<\/p>\n<\/li>\n<li data-start=\"1175\" data-end=\"1211\">\n<p data-start=\"1177\" data-end=\"1211\">Lukituskulma: 90\u00b0, itselukittuva<\/p>\n<\/li>\n<li data-start=\"1212\" data-end=\"1243\">\n<p data-start=\"1214\" data-end=\"1243\">Mitat: 63 x 68 x 54 mm<\/p>\n<\/li>\n<li data-start=\"1244\" data-end=\"1273\">\n<p data-start=\"1246\" data-end=\"1273\">Paino: 180 g per kiinnike<\/p>\n<\/li>\n<\/ul>\n<h2 style=\"text-align: center\" data-start=\"1301\" data-end=\"1321\"><strong>Pakkaus Sis\u00e4lt\u00e4\u00e4 \ud83d\udce6<\/strong><\/h2>\n<ul data-start=\"1322\" data-end=\"1349\" data-is-last-node=\"\" data-is-only-node=\"\">\n<li data-start=\"1322\" data-end=\"1349\" data-is-last-node=\"\">\n<p data-start=\"1324\" data-end=\"1349\" data-is-last-node=\"\">1, 2, 4x taittuva saranakannatin\/s<\/p>\n<\/li>\n<li data-start=\"1322\" data-end=\"1349\" data-is-last-node=\"\">\n<p data-start=\"1324\" data-end=\"1349\" data-is-last-node=\"\">9, 18, 36x ruuvit.<\/p>\n<\/li>\n<\/ul>\n","protected":false},"excerpt":{"rendered":"<p>\ud83e\udeb5T\u00e4m\u00e4 kokoontaitettava saranakannatin tarjoaa raskaan tuen ja mahdollistaa samalla p\u00f6ytien, penkkien ja huonekalujen osien taittamisen pois, kun niit\u00e4 ei k\u00e4ytet\u00e4.<br \/>\n\ud83e\uddf2Se lukittuu tukevasti 90 asteen kulmaan ja taittuu helposti alas, joten se sopii erinomaisesti tilan s\u00e4\u00e4st\u00e4miseen ja r\u00e4\u00e4t\u00e4l\u00f6ityjen projektien rakentamiseen.<br \/>\n\ud83d\udecb\ufe0fPerfect Tee-se-itse-rakentamiseen, jossa lujuus, turvallisuus ja joustavuus ovat kaikki t\u00e4rkeit\u00e4.<\/p>\n","protected":false},"featured_media":15635,"comment_status":"open","ping_status":"closed","template":"","meta":{"site-sidebar-layout":"default","site-content-layout":"","ast-site-content-layout":"default","site-content-style":"default","site-sidebar-style":"default","ast-global-header-display":"","ast-banner-title-visibility":"","ast-main-header-display":"","ast-hfb-above-header-display":"","ast-hfb-below-header-display":"","ast-hfb-mobile-header-display":"","site-post-title":"","ast-breadcrumbs-content":"","ast-featured-img":"","footer-sml-layout":"","theme-transparent-header-meta":"default","adv-header-id-meta":"","stick-header-meta":"","header-above-stick-meta":"","header-main-stick-meta":"","header-below-stick-meta":"","astra-migrate-meta-layouts":"set","ast-page-background-enabled":"default","ast-page-background-meta":{"desktop":{"background-color":"var(--ast-global-color-5)","background-image":"","background-repeat":"repeat","background-position":"center center","background-size":"auto","background-attachment":"scroll","background-type":"","background-media":"","overlay-type":"","overlay-color":"","overlay-opacity":"","overlay-gradient":""},"tablet":{"background-color":"","background-image":"","background-repeat":"repeat","background-position":"center center","background-size":"auto","background-attachment":"scroll","background-type":"","background-media":"","overlay-type":"","overlay-color":"","overlay-opacity":"","overlay-gradient":""},"mobile":{"background-color":"","background-image":"","background-repeat":"repeat","background-position":"center center","background-size":"auto","background-attachment":"scroll","background-type":"","background-media":"","overlay-type":"","overlay-color":"","overlay-opacity":"","overlay-gradient":""}},"ast-content-background-meta":{"desktop":{"background-color":"var(--ast-global-color-4)","background-image":"","background-repeat":"repeat","background-position":"center center","background-size":"auto","background-attachment":"scroll","background-type":"","background-media":"","overlay-type":"","overlay-color":"","overlay-opacity":"","overlay-gradient":""},"tablet":{"background-color":"var(--ast-global-color-4)","background-image":"","background-repeat":"repeat","background-position":"center center","background-size":"auto","background-attachment":"scroll","background-type":"","background-media":"","overlay-type":"","overlay-color":"","overlay-opacity":"","overlay-gradient":""},"mobile":{"background-color":"var(--ast-global-color-4)","background-image":"","background-repeat":"repeat","background-position":"center center","background-size":"auto","background-attachment":"scroll","background-type":"","background-media":"","overlay-type":"","overlay-color":"","overlay-opacity":"","overlay-gradient":""}}},"product_brand":[],"product_cat":[168],"product_tag":[],"class_list":{"0":"post-15639","1":"product","2":"type-product","3":"status-publish","4":"has-post-thumbnail","6":"product_cat-taloustavarat","7":"pa_52576_aq3qvwi1-1-kpl","8":"pa_52576_aq3qvwi1-2-kpl","9":"pa_52576_aq3qvwi1-4-kpl","10":"pa_52576_q70dy7tv-hopea","11":"pa_52576_q70dy7tv-musta","12":"desktop-align-left","13":"tablet-align-left","14":"mobile-align-left","16":"first","17":"instock","18":"shipping-taxable","19":"purchasable","20":"product-type-variable","21":"has-default-attributes"},"yoast_head":"<!-- This site is optimized with the Yoast SEO plugin v26.6 - https:\/\/yoast.com\/wordpress\/plugins\/seo\/ -->\n<title>Taitettava saranapidike - Mekulo FI<\/title>\n<meta name=\"robots\" content=\"index, follow, max-snippet:-1, max-image-preview:large, max-video-preview:-1\" \/>\n<link rel=\"canonical\" href=\"https:\/\/mekulo.com\/fi\/tuote\/taitettava-saranapidike\/\" \/>\n<meta property=\"og:locale\" content=\"fi_FI\" \/>\n<meta property=\"og:type\" content=\"article\" \/>\n<meta property=\"og:title\" content=\"Taitettava saranapidike - Mekulo FI\" \/>\n<meta property=\"og:description\" content=\"\ud83e\udeb5T\u00e4m\u00e4 kokoontaitettava saranakannatin tarjoaa raskaan tuen ja mahdollistaa samalla p\u00f6ytien, penkkien ja huonekalujen osien taittamisen pois, kun niit\u00e4 ei k\u00e4ytet\u00e4. \ud83e\uddf2Se lukittuu tukevasti 90 asteen kulmaan ja taittuu helposti alas, joten se sopii erinomaisesti tilan s\u00e4\u00e4st\u00e4miseen ja r\u00e4\u00e4t\u00e4l\u00f6ityjen projektien rakentamiseen. \ud83d\udecb\ufe0fPerfect Tee-se-itse-rakentamiseen, jossa lujuus, turvallisuus ja joustavuus ovat kaikki t\u00e4rkeit\u00e4.\" \/>\n<meta property=\"og:url\" content=\"https:\/\/mekulo.com\/fi\/tuote\/taitettava-saranapidike\/\" \/>\n<meta property=\"og:site_name\" content=\"Mekulo FI\" \/>\n<meta property=\"article:modified_time\" content=\"2026-03-10T13:14:52+00:00\" \/>\n<meta property=\"og:image\" content=\"https:\/\/mekulo.com\/fi\/wp-content\/uploads\/sites\/13\/2026\/03\/4psvk7p-1.jpg\" \/>\n\t<meta property=\"og:image:width\" content=\"800\" \/>\n\t<meta property=\"og:image:height\" content=\"800\" \/>\n\t<meta property=\"og:image:type\" content=\"image\/jpeg\" \/>\n<meta name=\"twitter:card\" content=\"summary_large_image\" \/>\n<meta name=\"twitter:label1\" content=\"Arvioitu lukuaika\" \/>\n\t<meta name=\"twitter:data1\" content=\"2 minuuttia\" \/>\n<script type=\"application\/ld+json\" class=\"yoast-schema-graph\">{\"@context\":\"https:\/\/schema.org\",\"@graph\":[{\"@type\":\"WebPage\",\"@id\":\"https:\/\/mekulo.com\/fi\/tuote\/taitettava-saranapidike\/\",\"url\":\"https:\/\/mekulo.com\/fi\/tuote\/taitettava-saranapidike\/\",\"name\":\"Taitettava saranapidike - Mekulo FI\",\"isPartOf\":{\"@id\":\"https:\/\/mekulo.com\/fi\/#website\"},\"primaryImageOfPage\":{\"@id\":\"https:\/\/mekulo.com\/fi\/tuote\/taitettava-saranapidike\/#primaryimage\"},\"image\":{\"@id\":\"https:\/\/mekulo.com\/fi\/tuote\/taitettava-saranapidike\/#primaryimage\"},\"thumbnailUrl\":\"https:\/\/mekulo.com\/fi\/wp-content\/uploads\/sites\/13\/2026\/03\/4psvk7p-1.jpg\",\"datePublished\":\"2026-03-10T13:14:26+00:00\",\"dateModified\":\"2026-03-10T13:14:52+00:00\",\"breadcrumb\":{\"@id\":\"https:\/\/mekulo.com\/fi\/tuote\/taitettava-saranapidike\/#breadcrumb\"},\"inLanguage\":\"fi\",\"potentialAction\":[{\"@type\":\"ReadAction\",\"target\":[\"https:\/\/mekulo.com\/fi\/tuote\/taitettava-saranapidike\/\"]}]},{\"@type\":\"ImageObject\",\"inLanguage\":\"fi\",\"@id\":\"https:\/\/mekulo.com\/fi\/tuote\/taitettava-saranapidike\/#primaryimage\",\"url\":\"https:\/\/mekulo.com\/fi\/wp-content\/uploads\/sites\/13\/2026\/03\/4psvk7p-1.jpg\",\"contentUrl\":\"https:\/\/mekulo.com\/fi\/wp-content\/uploads\/sites\/13\/2026\/03\/4psvk7p-1.jpg\",\"width\":800,\"height\":800},{\"@type\":\"BreadcrumbList\",\"@id\":\"https:\/\/mekulo.com\/fi\/tuote\/taitettava-saranapidike\/#breadcrumb\",\"itemListElement\":[{\"@type\":\"ListItem\",\"position\":1,\"name\":\"Home\",\"item\":\"https:\/\/mekulo.com\/fi\/\"},{\"@type\":\"ListItem\",\"position\":2,\"name\":\"Kauppa\",\"item\":\"https:\/\/mekulo.com\/fi\/kauppa\/\"},{\"@type\":\"ListItem\",\"position\":3,\"name\":\"Taitettava saranapidike\"}]},{\"@type\":\"WebSite\",\"@id\":\"https:\/\/mekulo.com\/fi\/#website\",\"url\":\"https:\/\/mekulo.com\/fi\/\",\"name\":\"Mekulo FI\",\"description\":\"\",\"publisher\":{\"@id\":\"https:\/\/mekulo.com\/fi\/#organization\"},\"potentialAction\":[{\"@type\":\"SearchAction\",\"target\":{\"@type\":\"EntryPoint\",\"urlTemplate\":\"https:\/\/mekulo.com\/fi\/?s={search_term_string}\"},\"query-input\":{\"@type\":\"PropertyValueSpecification\",\"valueRequired\":true,\"valueName\":\"search_term_string\"}}],\"inLanguage\":\"fi\"},{\"@type\":\"Organization\",\"@id\":\"https:\/\/mekulo.com\/fi\/#organization\",\"name\":\"Mekulo\",\"url\":\"https:\/\/mekulo.com\/fi\/\",\"logo\":{\"@type\":\"ImageObject\",\"inLanguage\":\"fi\",\"@id\":\"https:\/\/mekulo.com\/fi\/#\/schema\/logo\/image\/\",\"url\":\"https:\/\/mekulo.com\/fi\/wp-content\/uploads\/sites\/13\/2025\/12\/favicon_mekulo.png\",\"contentUrl\":\"https:\/\/mekulo.com\/fi\/wp-content\/uploads\/sites\/13\/2025\/12\/favicon_mekulo.png\",\"width\":50,\"height\":50,\"caption\":\"Mekulo\"},\"image\":{\"@id\":\"https:\/\/mekulo.com\/fi\/#\/schema\/logo\/image\/\"}}]}<\/script>\n<!-- \/ Yoast SEO plugin. -->","yoast_head_json":{"title":"Taitettava saranapidike - Mekulo FI","robots":{"index":"index","follow":"follow","max-snippet":"max-snippet:-1","max-image-preview":"max-image-preview:large","max-video-preview":"max-video-preview:-1"},"canonical":"https:\/\/mekulo.com\/fi\/tuote\/taitettava-saranapidike\/","og_locale":"fi_FI","og_type":"article","og_title":"Taitettava saranapidike - Mekulo FI","og_description":"\ud83e\udeb5T\u00e4m\u00e4 kokoontaitettava saranakannatin tarjoaa raskaan tuen ja mahdollistaa samalla p\u00f6ytien, penkkien ja huonekalujen osien taittamisen pois, kun niit\u00e4 ei k\u00e4ytet\u00e4. \ud83e\uddf2Se lukittuu tukevasti 90 asteen kulmaan ja taittuu helposti alas, joten se sopii erinomaisesti tilan s\u00e4\u00e4st\u00e4miseen ja r\u00e4\u00e4t\u00e4l\u00f6ityjen projektien rakentamiseen. \ud83d\udecb\ufe0fPerfect Tee-se-itse-rakentamiseen, jossa lujuus, turvallisuus ja joustavuus ovat kaikki t\u00e4rkeit\u00e4.","og_url":"https:\/\/mekulo.com\/fi\/tuote\/taitettava-saranapidike\/","og_site_name":"Mekulo FI","article_modified_time":"2026-03-10T13:14:52+00:00","og_image":[{"width":800,"height":800,"url":"https:\/\/mekulo.com\/fi\/wp-content\/uploads\/sites\/13\/2026\/03\/4psvk7p-1.jpg","type":"image\/jpeg"}],"twitter_card":"summary_large_image","twitter_misc":{"Arvioitu lukuaika":"2 minuuttia"},"schema":{"@context":"https:\/\/schema.org","@graph":[{"@type":"WebPage","@id":"https:\/\/mekulo.com\/fi\/tuote\/taitettava-saranapidike\/","url":"https:\/\/mekulo.com\/fi\/tuote\/taitettava-saranapidike\/","name":"Taitettava saranapidike - Mekulo FI","isPartOf":{"@id":"https:\/\/mekulo.com\/fi\/#website"},"primaryImageOfPage":{"@id":"https:\/\/mekulo.com\/fi\/tuote\/taitettava-saranapidike\/#primaryimage"},"image":{"@id":"https:\/\/mekulo.com\/fi\/tuote\/taitettava-saranapidike\/#primaryimage"},"thumbnailUrl":"https:\/\/mekulo.com\/fi\/wp-content\/uploads\/sites\/13\/2026\/03\/4psvk7p-1.jpg","datePublished":"2026-03-10T13:14:26+00:00","dateModified":"2026-03-10T13:14:52+00:00","breadcrumb":{"@id":"https:\/\/mekulo.com\/fi\/tuote\/taitettava-saranapidike\/#breadcrumb"},"inLanguage":"fi","potentialAction":[{"@type":"ReadAction","target":["https:\/\/mekulo.com\/fi\/tuote\/taitettava-saranapidike\/"]}]},{"@type":"ImageObject","inLanguage":"fi","@id":"https:\/\/mekulo.com\/fi\/tuote\/taitettava-saranapidike\/#primaryimage","url":"https:\/\/mekulo.com\/fi\/wp-content\/uploads\/sites\/13\/2026\/03\/4psvk7p-1.jpg","contentUrl":"https:\/\/mekulo.com\/fi\/wp-content\/uploads\/sites\/13\/2026\/03\/4psvk7p-1.jpg","width":800,"height":800},{"@type":"BreadcrumbList","@id":"https:\/\/mekulo.com\/fi\/tuote\/taitettava-saranapidike\/#breadcrumb","itemListElement":[{"@type":"ListItem","position":1,"name":"Home","item":"https:\/\/mekulo.com\/fi\/"},{"@type":"ListItem","position":2,"name":"Kauppa","item":"https:\/\/mekulo.com\/fi\/kauppa\/"},{"@type":"ListItem","position":3,"name":"Taitettava saranapidike"}]},{"@type":"WebSite","@id":"https:\/\/mekulo.com\/fi\/#website","url":"https:\/\/mekulo.com\/fi\/","name":"Mekulo FI","description":"","publisher":{"@id":"https:\/\/mekulo.com\/fi\/#organization"},"potentialAction":[{"@type":"SearchAction","target":{"@type":"EntryPoint","urlTemplate":"https:\/\/mekulo.com\/fi\/?s={search_term_string}"},"query-input":{"@type":"PropertyValueSpecification","valueRequired":true,"valueName":"search_term_string"}}],"inLanguage":"fi"},{"@type":"Organization","@id":"https:\/\/mekulo.com\/fi\/#organization","name":"Mekulo","url":"https:\/\/mekulo.com\/fi\/","logo":{"@type":"ImageObject","inLanguage":"fi","@id":"https:\/\/mekulo.com\/fi\/#\/schema\/logo\/image\/","url":"https:\/\/mekulo.com\/fi\/wp-content\/uploads\/sites\/13\/2025\/12\/favicon_mekulo.png","contentUrl":"https:\/\/mekulo.com\/fi\/wp-content\/uploads\/sites\/13\/2025\/12\/favicon_mekulo.png","width":50,"height":50,"caption":"Mekulo"},"image":{"@id":"https:\/\/mekulo.com\/fi\/#\/schema\/logo\/image\/"}}]}},"_links":{"self":[{"href":"https:\/\/mekulo.com\/fi\/wp-json\/wp\/v2\/product\/15639","targetHints":{"allow":["GET"]}}],"collection":[{"href":"https:\/\/mekulo.com\/fi\/wp-json\/wp\/v2\/product"}],"about":[{"href":"https:\/\/mekulo.com\/fi\/wp-json\/wp\/v2\/types\/product"}],"replies":[{"embeddable":true,"href":"https:\/\/mekulo.com\/fi\/wp-json\/wp\/v2\/comments?post=15639"}],"wp:featuredmedia":[{"embeddable":true,"href":"https:\/\/mekulo.com\/fi\/wp-json\/wp\/v2\/media\/15635"}],"wp:attachment":[{"href":"https:\/\/mekulo.com\/fi\/wp-json\/wp\/v2\/media?parent=15639"}],"wp:term":[{"taxonomy":"product_brand","embeddable":true,"href":"https:\/\/mekulo.com\/fi\/wp-json\/wp\/v2\/product_brand?post=15639"},{"taxonomy":"product_cat","embeddable":true,"href":"https:\/\/mekulo.com\/fi\/wp-json\/wp\/v2\/product_cat?post=15639"},{"taxonomy":"product_tag","embeddable":true,"href":"https:\/\/mekulo.com\/fi\/wp-json\/wp\/v2\/product_tag?post=15639"}],"curies":[{"name":"wp","href":"https:\/\/api.w.org\/{rel}","templated":true}]}}