{"id":15291,"date":"2026-02-16T11:23:44","date_gmt":"2026-02-16T09:23:44","guid":{"rendered":"https:\/\/mekulo.com\/fi\/tuote\/pehmea-kelluva-matoviehe\/"},"modified":"2026-03-02T12:33:57","modified_gmt":"2026-03-02T10:33:57","slug":"pehmea-kelluva-matoviehe","status":"publish","type":"product","link":"https:\/\/mekulo.com\/fi\/tuote\/pehmea-kelluva-matoviehe\/","title":{"rendered":"Pehme\u00e4 kelluva matoviehe"},"content":{"rendered":"<p style=\"text-align: center;\" data-start=\"0\" data-end=\"75\"><strong data-start=\"0\" data-end=\"75\">Houkuttele enemm\u00e4n kaloja pehme\u00e4ll\u00e4, kelluvalla vieheell\u00e4, joka liikkuu kuin oikea sy\u00f6tti. \ud83d\udc1f<\/strong><\/p>\n<p data-start=\"0\" data-end=\"75\"><img fetchpriority=\"high\" decoding=\"async\" class=\"size-full wp-image-18665 aligncenter\" src=\"https:\/\/mekulo.com\/template\/wp-content\/uploads\/sites\/6\/2026\/01\/spp_20250826183329_ab0cd61e65ea3b07a4eb93c881e4ebc5.webp\" alt=\"\" width=\"800\" height=\"800\" \/><\/p>\n<h2 style=\"text-align: center;\" data-start=\"300\" data-end=\"320\"><strong>T\u00e4rkeimm\u00e4t Edut<\/strong><\/h2>\n<p data-start=\"324\" data-end=\"384\">\ud83d\udc1f Realistinen tuntuma &#8211; Pehme\u00e4 rakenne tuntuu kaloille luonnolliselta.<\/p>\n<p data-start=\"387\" data-end=\"451\">\ud83c\udf0a Kelluva toiminta &#8211; Pysyy irti pohjasta ja on helppo havaita.<\/p>\n<p data-start=\"454\" data-end=\"512\">\ud83c\udf00 Dynaaminen liike &#8211; Houkuttelee kaloja ja laukaisee puremia.<\/p>\n<p data-start=\"515\" data-end=\"586\">\ud83c\udfa3 Saatavana useita kokoja &#8211; Sopii erilaisiin kaloihin ja olosuhteisiin.<\/p>\n<p data-start=\"589\" data-end=\"649\">\ud83d\udce6 Irtotavarat \u2013 Sopii niin satunnaisille kuin vakavillekin kalastajille.<\/p>\n<p data-start=\"589\" data-end=\"649\"><img decoding=\"async\" class=\"size-full wp-image-18662 aligncenter\" src=\"https:\/\/mekulo.com\/template\/wp-content\/uploads\/sites\/6\/2026\/01\/spp_20250826183341_44cb1217c1adbcf3a6a47d269bcea7e9.jpg\" alt=\"\" width=\"1080\" height=\"1080\" \/><\/p>\n<h2 style=\"text-align: center;\" data-start=\"656\" data-end=\"674\">\ud83d\udee0\ufe0fKuinka k\u00e4ytt\u00e4\u00e4<\/h2>\n<ol data-start=\"676\" data-end=\"897\">\n<li data-start=\"676\" data-end=\"723\">\n<p data-start=\"679\" data-end=\"723\">Valitse helmen koko kohdekalan mukaan.<\/p>\n<\/li>\n<li data-start=\"724\" data-end=\"775\">\n<p data-start=\"727\" data-end=\"775\">Kiinnit\u00e4 tai pujota viehe koukkuun tai siimaan.<\/p>\n<\/li>\n<li data-start=\"776\" data-end=\"808\">\n<p data-start=\"779\" data-end=\"808\">Heit\u00e4 kalastusalueelle.<\/p>\n<\/li>\n<li data-start=\"809\" data-end=\"852\">\n<p data-start=\"812\" data-end=\"852\">Anna vieheen kellua ja liikkua luonnollisesti.<\/p>\n<\/li>\n<li data-start=\"853\" data-end=\"897\">\n<p data-start=\"856\" data-end=\"897\">Nosta hitaasti takaisin luodaksesi kiusoitteluliikett\u00e4.<\/p>\n<\/li>\n<\/ol>\n<h2 style=\"text-align: center;\" data-start=\"904\" data-end=\"926\">Tuotetiedot<\/h2>\n<ul data-start=\"928\" data-end=\"1134\">\n<li data-start=\"928\" data-end=\"953\">\n<p data-start=\"930\" data-end=\"953\">Materiaali: Pehme\u00e4 kumi<\/p>\n<\/li>\n<li data-start=\"954\" data-end=\"1059\">\n<p data-start=\"956\" data-end=\"975\">Halkaisijavaihtoehdot:<\/p>\n<ul data-start=\"978\" data-end=\"1059\">\n<li data-start=\"978\" data-end=\"1003\">\n<p data-start=\"980\" data-end=\"1003\">4mm (500 kpl)<\/p>\n<\/li>\n<li data-start=\"1006\" data-end=\"1031\">\n<p data-start=\"1008\" data-end=\"1031\">6mm (200 kpl)<\/p>\n<\/li>\n<li data-start=\"1034\" data-end=\"1059\">\n<p data-start=\"1036\" data-end=\"1059\">10mm (50 kpl)<\/p>\n<\/li>\n<\/ul>\n<\/li>\n<li data-start=\"1093\" data-end=\"1134\">\n<p data-start=\"1095\" data-end=\"1134\">K\u00e4ytt\u00f6: Makean ja suolaisen veden kalastus<\/p>\n<\/li>\n<\/ul>\n<h2 style=\"text-align: center;\" data-start=\"1141\" data-end=\"1164\">Paketti sis\u00e4lt\u00e4\u00e4<\/h2>\n<ul data-start=\"1166\" data-end=\"1239\">\n<li data-start=\"1166\" data-end=\"1239\">\n<p data-start=\"1168\" data-end=\"1239\">50 (10 mm), 200 (6 mm), 500 (4 mm)x pehme\u00e4t kelluvat matovieheet.<\/p>\n<\/li>\n<\/ul>\n","protected":false},"excerpt":{"rendered":"<p>T\u00e4m\u00e4 pehme\u00e4, kelluva matoviehe on suunniteltu houkuttelemaan kaloja luonnollisella liikkeell\u00e4 ja realistisella tuntumalla. Pehme\u00e4st\u00e4 kumista valmistettu viehe pysyy n\u00e4kyv\u00e4sti vedess\u00e4 ja lis\u00e4\u00e4 puremismahdollisuuksia sek\u00e4 vapakalastuksessa ett\u00e4 viehekalastuksessa. Yksinkertainen mutta tehokas viehe, jonka avulla saat enemm\u00e4n kalaa v\u00e4hemm\u00e4ll\u00e4 vaivalla.<\/p>\n","protected":false},"featured_media":15287,"comment_status":"open","ping_status":"closed","template":"","meta":{"site-sidebar-layout":"default","site-content-layout":"","ast-site-content-layout":"default","site-content-style":"default","site-sidebar-style":"default","ast-global-header-display":"","ast-banner-title-visibility":"","ast-main-header-display":"","ast-hfb-above-header-display":"","ast-hfb-below-header-display":"","ast-hfb-mobile-header-display":"","site-post-title":"","ast-breadcrumbs-content":"","ast-featured-img":"","footer-sml-layout":"","theme-transparent-header-meta":"default","adv-header-id-meta":"","stick-header-meta":"","header-above-stick-meta":"","header-main-stick-meta":"","header-below-stick-meta":"","astra-migrate-meta-layouts":"set","ast-page-background-enabled":"default","ast-page-background-meta":{"desktop":{"background-color":"var(--ast-global-color-5)","background-image":"","background-repeat":"repeat","background-position":"center center","background-size":"auto","background-attachment":"scroll","background-type":"","background-media":"","overlay-type":"","overlay-color":"","overlay-opacity":"","overlay-gradient":""},"tablet":{"background-color":"","background-image":"","background-repeat":"repeat","background-position":"center center","background-size":"auto","background-attachment":"scroll","background-type":"","background-media":"","overlay-type":"","overlay-color":"","overlay-opacity":"","overlay-gradient":""},"mobile":{"background-color":"","background-image":"","background-repeat":"repeat","background-position":"center center","background-size":"auto","background-attachment":"scroll","background-type":"","background-media":"","overlay-type":"","overlay-color":"","overlay-opacity":"","overlay-gradient":""}},"ast-content-background-meta":{"desktop":{"background-color":"var(--ast-global-color-4)","background-image":"","background-repeat":"repeat","background-position":"center center","background-size":"auto","background-attachment":"scroll","background-type":"","background-media":"","overlay-type":"","overlay-color":"","overlay-opacity":"","overlay-gradient":""},"tablet":{"background-color":"var(--ast-global-color-4)","background-image":"","background-repeat":"repeat","background-position":"center center","background-size":"auto","background-attachment":"scroll","background-type":"","background-media":"","overlay-type":"","overlay-color":"","overlay-opacity":"","overlay-gradient":""},"mobile":{"background-color":"var(--ast-global-color-4)","background-image":"","background-repeat":"repeat","background-position":"center center","background-size":"auto","background-attachment":"scroll","background-type":"","background-media":"","overlay-type":"","overlay-color":"","overlay-opacity":"","overlay-gradient":""}}},"product_brand":[],"product_cat":[167],"product_tag":[],"class_list":{"0":"post-15291","1":"product","2":"type-product","3":"status-publish","4":"has-post-thumbnail","6":"product_cat-vaellus-retkeily-ja-vapaa-ajan-tuotteet","7":"pa_66698_ffnc7t8i-10-mm","8":"pa_66698_ffnc7t8i-4-mm","9":"pa_66698_ffnc7t8i-6-mm","10":"pa_66698_mtkbprok-keltainen","11":"pa_66698_mtkbprok-punainen","12":"desktop-align-left","13":"tablet-align-left","14":"mobile-align-left","16":"first","17":"instock","18":"shipping-taxable","19":"purchasable","20":"product-type-variable","21":"has-default-attributes"},"yoast_head":"<!-- This site is optimized with the Yoast SEO plugin v26.6 - https:\/\/yoast.com\/wordpress\/plugins\/seo\/ -->\n<title>Pehme\u00e4 kelluva matoviehe - Mekulo FI<\/title>\n<meta name=\"robots\" content=\"index, follow, max-snippet:-1, max-image-preview:large, max-video-preview:-1\" \/>\n<link rel=\"canonical\" href=\"https:\/\/mekulo.com\/fi\/tuote\/pehmea-kelluva-matoviehe\/\" \/>\n<meta property=\"og:locale\" content=\"fi_FI\" \/>\n<meta property=\"og:type\" content=\"article\" \/>\n<meta property=\"og:title\" content=\"Pehme\u00e4 kelluva matoviehe - Mekulo FI\" \/>\n<meta property=\"og:description\" content=\"T\u00e4m\u00e4 pehme\u00e4, kelluva matoviehe on suunniteltu houkuttelemaan kaloja luonnollisella liikkeell\u00e4 ja realistisella tuntumalla. Pehme\u00e4st\u00e4 kumista valmistettu viehe pysyy n\u00e4kyv\u00e4sti vedess\u00e4 ja lis\u00e4\u00e4 puremismahdollisuuksia sek\u00e4 vapakalastuksessa ett\u00e4 viehekalastuksessa. Yksinkertainen mutta tehokas viehe, jonka avulla saat enemm\u00e4n kalaa v\u00e4hemm\u00e4ll\u00e4 vaivalla.\" \/>\n<meta property=\"og:url\" content=\"https:\/\/mekulo.com\/fi\/tuote\/pehmea-kelluva-matoviehe\/\" \/>\n<meta property=\"og:site_name\" content=\"Mekulo FI\" \/>\n<meta property=\"article:modified_time\" content=\"2026-03-02T10:33:57+00:00\" \/>\n<meta property=\"og:image\" content=\"https:\/\/mekulo.com\/fi\/wp-content\/uploads\/sites\/13\/2026\/02\/6i4z3ft-1.jpg\" \/>\n\t<meta property=\"og:image:width\" content=\"960\" \/>\n\t<meta property=\"og:image:height\" content=\"960\" \/>\n\t<meta property=\"og:image:type\" content=\"image\/jpeg\" \/>\n<meta name=\"twitter:card\" content=\"summary_large_image\" \/>\n<meta name=\"twitter:label1\" content=\"Arvioitu lukuaika\" \/>\n\t<meta name=\"twitter:data1\" content=\"2 minuuttia\" \/>\n<script type=\"application\/ld+json\" class=\"yoast-schema-graph\">{\"@context\":\"https:\/\/schema.org\",\"@graph\":[{\"@type\":\"WebPage\",\"@id\":\"https:\/\/mekulo.com\/fi\/tuote\/pehmea-kelluva-matoviehe\/\",\"url\":\"https:\/\/mekulo.com\/fi\/tuote\/pehmea-kelluva-matoviehe\/\",\"name\":\"Pehme\u00e4 kelluva matoviehe - Mekulo FI\",\"isPartOf\":{\"@id\":\"https:\/\/mekulo.com\/fi\/#website\"},\"primaryImageOfPage\":{\"@id\":\"https:\/\/mekulo.com\/fi\/tuote\/pehmea-kelluva-matoviehe\/#primaryimage\"},\"image\":{\"@id\":\"https:\/\/mekulo.com\/fi\/tuote\/pehmea-kelluva-matoviehe\/#primaryimage\"},\"thumbnailUrl\":\"https:\/\/mekulo.com\/fi\/wp-content\/uploads\/sites\/13\/2026\/02\/6i4z3ft-1.jpg\",\"datePublished\":\"2026-02-16T09:23:44+00:00\",\"dateModified\":\"2026-03-02T10:33:57+00:00\",\"breadcrumb\":{\"@id\":\"https:\/\/mekulo.com\/fi\/tuote\/pehmea-kelluva-matoviehe\/#breadcrumb\"},\"inLanguage\":\"fi\",\"potentialAction\":[{\"@type\":\"ReadAction\",\"target\":[\"https:\/\/mekulo.com\/fi\/tuote\/pehmea-kelluva-matoviehe\/\"]}]},{\"@type\":\"ImageObject\",\"inLanguage\":\"fi\",\"@id\":\"https:\/\/mekulo.com\/fi\/tuote\/pehmea-kelluva-matoviehe\/#primaryimage\",\"url\":\"https:\/\/mekulo.com\/fi\/wp-content\/uploads\/sites\/13\/2026\/02\/6i4z3ft-1.jpg\",\"contentUrl\":\"https:\/\/mekulo.com\/fi\/wp-content\/uploads\/sites\/13\/2026\/02\/6i4z3ft-1.jpg\",\"width\":960,\"height\":960},{\"@type\":\"BreadcrumbList\",\"@id\":\"https:\/\/mekulo.com\/fi\/tuote\/pehmea-kelluva-matoviehe\/#breadcrumb\",\"itemListElement\":[{\"@type\":\"ListItem\",\"position\":1,\"name\":\"Home\",\"item\":\"https:\/\/mekulo.com\/fi\/\"},{\"@type\":\"ListItem\",\"position\":2,\"name\":\"Kauppa\",\"item\":\"https:\/\/mekulo.com\/fi\/kauppa\/\"},{\"@type\":\"ListItem\",\"position\":3,\"name\":\"Pehme\u00e4 kelluva matoviehe\"}]},{\"@type\":\"WebSite\",\"@id\":\"https:\/\/mekulo.com\/fi\/#website\",\"url\":\"https:\/\/mekulo.com\/fi\/\",\"name\":\"Mekulo FI\",\"description\":\"\",\"publisher\":{\"@id\":\"https:\/\/mekulo.com\/fi\/#organization\"},\"potentialAction\":[{\"@type\":\"SearchAction\",\"target\":{\"@type\":\"EntryPoint\",\"urlTemplate\":\"https:\/\/mekulo.com\/fi\/?s={search_term_string}\"},\"query-input\":{\"@type\":\"PropertyValueSpecification\",\"valueRequired\":true,\"valueName\":\"search_term_string\"}}],\"inLanguage\":\"fi\"},{\"@type\":\"Organization\",\"@id\":\"https:\/\/mekulo.com\/fi\/#organization\",\"name\":\"Mekulo\",\"url\":\"https:\/\/mekulo.com\/fi\/\",\"logo\":{\"@type\":\"ImageObject\",\"inLanguage\":\"fi\",\"@id\":\"https:\/\/mekulo.com\/fi\/#\/schema\/logo\/image\/\",\"url\":\"https:\/\/mekulo.com\/fi\/wp-content\/uploads\/sites\/13\/2025\/12\/favicon_mekulo.png\",\"contentUrl\":\"https:\/\/mekulo.com\/fi\/wp-content\/uploads\/sites\/13\/2025\/12\/favicon_mekulo.png\",\"width\":50,\"height\":50,\"caption\":\"Mekulo\"},\"image\":{\"@id\":\"https:\/\/mekulo.com\/fi\/#\/schema\/logo\/image\/\"}}]}<\/script>\n<!-- \/ Yoast SEO plugin. -->","yoast_head_json":{"title":"Pehme\u00e4 kelluva matoviehe - Mekulo FI","robots":{"index":"index","follow":"follow","max-snippet":"max-snippet:-1","max-image-preview":"max-image-preview:large","max-video-preview":"max-video-preview:-1"},"canonical":"https:\/\/mekulo.com\/fi\/tuote\/pehmea-kelluva-matoviehe\/","og_locale":"fi_FI","og_type":"article","og_title":"Pehme\u00e4 kelluva matoviehe - Mekulo FI","og_description":"T\u00e4m\u00e4 pehme\u00e4, kelluva matoviehe on suunniteltu houkuttelemaan kaloja luonnollisella liikkeell\u00e4 ja realistisella tuntumalla. Pehme\u00e4st\u00e4 kumista valmistettu viehe pysyy n\u00e4kyv\u00e4sti vedess\u00e4 ja lis\u00e4\u00e4 puremismahdollisuuksia sek\u00e4 vapakalastuksessa ett\u00e4 viehekalastuksessa. Yksinkertainen mutta tehokas viehe, jonka avulla saat enemm\u00e4n kalaa v\u00e4hemm\u00e4ll\u00e4 vaivalla.","og_url":"https:\/\/mekulo.com\/fi\/tuote\/pehmea-kelluva-matoviehe\/","og_site_name":"Mekulo FI","article_modified_time":"2026-03-02T10:33:57+00:00","og_image":[{"width":960,"height":960,"url":"https:\/\/mekulo.com\/fi\/wp-content\/uploads\/sites\/13\/2026\/02\/6i4z3ft-1.jpg","type":"image\/jpeg"}],"twitter_card":"summary_large_image","twitter_misc":{"Arvioitu lukuaika":"2 minuuttia"},"schema":{"@context":"https:\/\/schema.org","@graph":[{"@type":"WebPage","@id":"https:\/\/mekulo.com\/fi\/tuote\/pehmea-kelluva-matoviehe\/","url":"https:\/\/mekulo.com\/fi\/tuote\/pehmea-kelluva-matoviehe\/","name":"Pehme\u00e4 kelluva matoviehe - Mekulo FI","isPartOf":{"@id":"https:\/\/mekulo.com\/fi\/#website"},"primaryImageOfPage":{"@id":"https:\/\/mekulo.com\/fi\/tuote\/pehmea-kelluva-matoviehe\/#primaryimage"},"image":{"@id":"https:\/\/mekulo.com\/fi\/tuote\/pehmea-kelluva-matoviehe\/#primaryimage"},"thumbnailUrl":"https:\/\/mekulo.com\/fi\/wp-content\/uploads\/sites\/13\/2026\/02\/6i4z3ft-1.jpg","datePublished":"2026-02-16T09:23:44+00:00","dateModified":"2026-03-02T10:33:57+00:00","breadcrumb":{"@id":"https:\/\/mekulo.com\/fi\/tuote\/pehmea-kelluva-matoviehe\/#breadcrumb"},"inLanguage":"fi","potentialAction":[{"@type":"ReadAction","target":["https:\/\/mekulo.com\/fi\/tuote\/pehmea-kelluva-matoviehe\/"]}]},{"@type":"ImageObject","inLanguage":"fi","@id":"https:\/\/mekulo.com\/fi\/tuote\/pehmea-kelluva-matoviehe\/#primaryimage","url":"https:\/\/mekulo.com\/fi\/wp-content\/uploads\/sites\/13\/2026\/02\/6i4z3ft-1.jpg","contentUrl":"https:\/\/mekulo.com\/fi\/wp-content\/uploads\/sites\/13\/2026\/02\/6i4z3ft-1.jpg","width":960,"height":960},{"@type":"BreadcrumbList","@id":"https:\/\/mekulo.com\/fi\/tuote\/pehmea-kelluva-matoviehe\/#breadcrumb","itemListElement":[{"@type":"ListItem","position":1,"name":"Home","item":"https:\/\/mekulo.com\/fi\/"},{"@type":"ListItem","position":2,"name":"Kauppa","item":"https:\/\/mekulo.com\/fi\/kauppa\/"},{"@type":"ListItem","position":3,"name":"Pehme\u00e4 kelluva matoviehe"}]},{"@type":"WebSite","@id":"https:\/\/mekulo.com\/fi\/#website","url":"https:\/\/mekulo.com\/fi\/","name":"Mekulo FI","description":"","publisher":{"@id":"https:\/\/mekulo.com\/fi\/#organization"},"potentialAction":[{"@type":"SearchAction","target":{"@type":"EntryPoint","urlTemplate":"https:\/\/mekulo.com\/fi\/?s={search_term_string}"},"query-input":{"@type":"PropertyValueSpecification","valueRequired":true,"valueName":"search_term_string"}}],"inLanguage":"fi"},{"@type":"Organization","@id":"https:\/\/mekulo.com\/fi\/#organization","name":"Mekulo","url":"https:\/\/mekulo.com\/fi\/","logo":{"@type":"ImageObject","inLanguage":"fi","@id":"https:\/\/mekulo.com\/fi\/#\/schema\/logo\/image\/","url":"https:\/\/mekulo.com\/fi\/wp-content\/uploads\/sites\/13\/2025\/12\/favicon_mekulo.png","contentUrl":"https:\/\/mekulo.com\/fi\/wp-content\/uploads\/sites\/13\/2025\/12\/favicon_mekulo.png","width":50,"height":50,"caption":"Mekulo"},"image":{"@id":"https:\/\/mekulo.com\/fi\/#\/schema\/logo\/image\/"}}]}},"_links":{"self":[{"href":"https:\/\/mekulo.com\/fi\/wp-json\/wp\/v2\/product\/15291","targetHints":{"allow":["GET"]}}],"collection":[{"href":"https:\/\/mekulo.com\/fi\/wp-json\/wp\/v2\/product"}],"about":[{"href":"https:\/\/mekulo.com\/fi\/wp-json\/wp\/v2\/types\/product"}],"replies":[{"embeddable":true,"href":"https:\/\/mekulo.com\/fi\/wp-json\/wp\/v2\/comments?post=15291"}],"wp:featuredmedia":[{"embeddable":true,"href":"https:\/\/mekulo.com\/fi\/wp-json\/wp\/v2\/media\/15287"}],"wp:attachment":[{"href":"https:\/\/mekulo.com\/fi\/wp-json\/wp\/v2\/media?parent=15291"}],"wp:term":[{"taxonomy":"product_brand","embeddable":true,"href":"https:\/\/mekulo.com\/fi\/wp-json\/wp\/v2\/product_brand?post=15291"},{"taxonomy":"product_cat","embeddable":true,"href":"https:\/\/mekulo.com\/fi\/wp-json\/wp\/v2\/product_cat?post=15291"},{"taxonomy":"product_tag","embeddable":true,"href":"https:\/\/mekulo.com\/fi\/wp-json\/wp\/v2\/product_tag?post=15291"}],"curies":[{"name":"wp","href":"https:\/\/api.w.org\/{rel}","templated":true}]}}