{"id":14274,"date":"2026-01-05T15:58:08","date_gmt":"2026-01-05T13:58:08","guid":{"rendered":"https:\/\/mekulo.com\/fi\/tuote\/hearthwood-magneettinen-kenkasorkki\/"},"modified":"2026-01-05T16:34:37","modified_gmt":"2026-01-05T14:34:37","slug":"hearthwood-magneettinen-kenkasorkki","status":"publish","type":"product","link":"https:\/\/mekulo.com\/fi\/tuote\/hearthwood-magneettinen-kenkasorkki\/","title":{"rendered":"Hearthwood magneettinen kenk\u00e4sorkki"},"content":{"rendered":"<p style=\"text-align: center;\" data-start=\"0\" data-end=\"61\"><strong data-start=\"0\" data-end=\"61\">Sujahtaa kenkiin helposti ilman kumartumista tai ponnistelua. \ud83e\udeb5<\/strong><\/p>\n<p data-start=\"0\" data-end=\"61\"><img fetchpriority=\"high\" decoding=\"async\" class=\"size-full wp-image-17764 aligncenter\" src=\"https:\/\/mekulo.com\/template\/wp-content\/uploads\/sites\/6\/2026\/01\/kf4ym9q-1-1.webp\" alt=\"\" width=\"1000\" height=\"1000\" \/><\/p>\n<h2 style=\"text-align: center;\" data-start=\"324\" data-end=\"344\">\ud83d\udc5f T\u00e4rkeimm\u00e4t edut<\/h2>\n<p data-start=\"348\" data-end=\"419\">\ud83e\uddcd Keskipitk\u00e4n kahvan muotoilu &#8211; Helppo k\u00e4ytt\u00e4\u00e4 seisten tai istuen.<\/p>\n<p data-start=\"422\" data-end=\"493\">\u270b Ergonominen kaari &#8211; Sopii kantap\u00e4\u00e4h\u00e4n t\u00e4ydellisesti, jotta kenkien sis\u00e4\u00e4nmeno sujuu sujuvasti.<\/p>\n<p data-start=\"496\" data-end=\"561\">\ud83e\uddf2 Helppoja s\u00e4ilytysvaihtoehtoja &#8211; Magneettikiinnitys tai ripustettava lenkki.<\/p>\n<p data-start=\"564\" data-end=\"632\">\ud83c\udf33 Kest\u00e4v\u00e4\u00e4 py\u00f6kkipuuta &#8211; Vahvaa, ymp\u00e4rist\u00f6yst\u00e4v\u00e4llist\u00e4 ja pitk\u00e4ik\u00e4ist\u00e4.<\/p>\n<p data-start=\"635\" data-end=\"700\">\ud83c\udf81 Tyylik\u00e4s retro-look &#8211; Tyylik\u00e4s puunv\u00e4rinen, sopii erinomaisesti lahjaksi.<\/p>\n<p data-start=\"635\" data-end=\"700\"><img decoding=\"async\" class=\"size-full wp-image-17763 aligncenter\" src=\"https:\/\/mekulo.com\/template\/wp-content\/uploads\/sites\/6\/2026\/01\/379rhts-1-1.webp\" alt=\"\" width=\"750\" height=\"874\" \/><\/p>\n<h2 style=\"text-align: center;\" data-start=\"707\" data-end=\"725\">\ud83d\udee0\ufe0f K\u00e4ytt\u00f6ohjeet<\/h2>\n<ol data-start=\"727\" data-end=\"949\">\n<li data-start=\"727\" data-end=\"781\">\n<p data-start=\"730\" data-end=\"781\">Aseta kenk\u00e4torvi keng\u00e4n takaosan sis\u00e4\u00e4n.<\/p>\n<\/li>\n<li data-start=\"782\" data-end=\"828\">\n<p data-start=\"785\" data-end=\"828\">Liu&#8217;uta kantap\u00e4\u00e4si kaarevaa pintaa pitkin.<\/p>\n<\/li>\n<li data-start=\"829\" data-end=\"883\">\n<p data-start=\"832\" data-end=\"883\">Astu varovasti alasp\u00e4in, kunnes jalkasi on kokonaan sis\u00e4ll\u00e4.<\/p>\n<\/li>\n<li data-start=\"884\" data-end=\"949\">\n<p data-start=\"887\" data-end=\"949\">Poista kenk\u00e4torvi ja s\u00e4ilyt\u00e4 sit\u00e4 magneetin tai ripustuslenkin avulla.<\/p>\n<\/li>\n<\/ol>\n<h2 style=\"text-align: center;\" data-start=\"956\" data-end=\"978\">\ud83d\udccf Tuotetiedot<\/h2>\n<ul data-start=\"980\" data-end=\"1243\">\n<li data-start=\"1024\" data-end=\"1056\">\n<p data-start=\"1026\" data-end=\"1056\">Materiaali: Luonnollinen py\u00f6kkipuu<\/p>\n<\/li>\n<li data-start=\"1057\" data-end=\"1089\">\n<p data-start=\"1059\" data-end=\"1089\">Muotoilu: Ergonomisesti kaareva p\u00e4\u00e4<\/p>\n<\/li>\n<li data-start=\"1124\" data-end=\"1170\">\n<p data-start=\"1126\" data-end=\"1170\">S\u00e4ilytys: Magneettipidike + ripustuslenkki<\/p>\n<\/li>\n<li data-start=\"1171\" data-end=\"1243\">\n<p data-start=\"1173\" data-end=\"1243\">Soveltuu: Tennarit, nahkakeng\u00e4t, saappaat, korkokeng\u00e4t, lumikeng\u00e4t<\/p>\n<\/li>\n<\/ul>\n<h2 style=\"text-align: center;\" data-start=\"1250\" data-end=\"1273\">\ud83d\udce6 Pakkaus sis\u00e4lt\u00e4\u00e4<\/h2>\n<ul data-start=\"1275\" data-end=\"1355\">\n<li data-start=\"1275\" data-end=\"1299\">\n<p data-start=\"1277\" data-end=\"1299\">1x hearthwood magneettinen kenk\u00e4teline.<\/p>\n<\/li>\n<\/ul>\n","protected":false},"excerpt":{"rendered":"<p>T\u00e4m\u00e4 magneettinen keng\u00e4nnauha auttaa sinua pukemaan keng\u00e4t sujuvasti istuessasi tai seistess\u00e4si. Se v\u00e4hent\u00e4\u00e4 selk\u00e4\u00e4n ja polviin kohdistuvaa painetta, mik\u00e4 helpottaa p\u00e4ivitt\u00e4ist\u00e4 kenkien k\u00e4ytt\u00e4mist\u00e4 senioreille, raskaana oleville naisille, selk\u00e4kivuista k\u00e4rsiville ja kaikille, jotka haluavat lis\u00e4\u00e4 mukavuutta.<\/p>\n","protected":false},"featured_media":14270,"comment_status":"open","ping_status":"closed","template":"","meta":{"site-sidebar-layout":"default","site-content-layout":"","ast-site-content-layout":"default","site-content-style":"default","site-sidebar-style":"default","ast-global-header-display":"","ast-banner-title-visibility":"","ast-main-header-display":"","ast-hfb-above-header-display":"","ast-hfb-below-header-display":"","ast-hfb-mobile-header-display":"","site-post-title":"","ast-breadcrumbs-content":"","ast-featured-img":"","footer-sml-layout":"","theme-transparent-header-meta":"default","adv-header-id-meta":"","stick-header-meta":"","header-above-stick-meta":"","header-main-stick-meta":"","header-below-stick-meta":"","astra-migrate-meta-layouts":"set","ast-page-background-enabled":"default","ast-page-background-meta":{"desktop":{"background-color":"var(--ast-global-color-5)","background-image":"","background-repeat":"repeat","background-position":"center center","background-size":"auto","background-attachment":"scroll","background-type":"","background-media":"","overlay-type":"","overlay-color":"","overlay-opacity":"","overlay-gradient":""},"tablet":{"background-color":"","background-image":"","background-repeat":"repeat","background-position":"center center","background-size":"auto","background-attachment":"scroll","background-type":"","background-media":"","overlay-type":"","overlay-color":"","overlay-opacity":"","overlay-gradient":""},"mobile":{"background-color":"","background-image":"","background-repeat":"repeat","background-position":"center center","background-size":"auto","background-attachment":"scroll","background-type":"","background-media":"","overlay-type":"","overlay-color":"","overlay-opacity":"","overlay-gradient":""}},"ast-content-background-meta":{"desktop":{"background-color":"var(--ast-global-color-4)","background-image":"","background-repeat":"repeat","background-position":"center center","background-size":"auto","background-attachment":"scroll","background-type":"","background-media":"","overlay-type":"","overlay-color":"","overlay-opacity":"","overlay-gradient":""},"tablet":{"background-color":"var(--ast-global-color-4)","background-image":"","background-repeat":"repeat","background-position":"center center","background-size":"auto","background-attachment":"scroll","background-type":"","background-media":"","overlay-type":"","overlay-color":"","overlay-opacity":"","overlay-gradient":""},"mobile":{"background-color":"var(--ast-global-color-4)","background-image":"","background-repeat":"repeat","background-position":"center center","background-size":"auto","background-attachment":"scroll","background-type":"","background-media":"","overlay-type":"","overlay-color":"","overlay-opacity":"","overlay-gradient":""}}},"product_brand":[],"product_cat":[168],"product_tag":[],"class_list":{"0":"post-14274","1":"product","2":"type-product","3":"status-publish","4":"has-post-thumbnail","6":"product_cat-taloustavarat","7":"pa_57582_88w9c81c-ruskea","8":"pa_57582_88w9c81c-tan","9":"pa_57582_88w9c81c-tummanruskea","10":"desktop-align-left","11":"tablet-align-left","12":"mobile-align-left","14":"first","15":"instock","16":"shipping-taxable","17":"purchasable","18":"product-type-variable"},"yoast_head":"<!-- This site is optimized with the Yoast SEO plugin v26.6 - https:\/\/yoast.com\/wordpress\/plugins\/seo\/ -->\n<title>Hearthwood magneettinen kenk\u00e4sorkki - Mekulo FI<\/title>\n<meta name=\"robots\" content=\"index, follow, max-snippet:-1, max-image-preview:large, max-video-preview:-1\" \/>\n<link rel=\"canonical\" href=\"https:\/\/mekulo.com\/fi\/tuote\/hearthwood-magneettinen-kenkasorkki\/\" \/>\n<meta property=\"og:locale\" content=\"fi_FI\" \/>\n<meta property=\"og:type\" content=\"article\" \/>\n<meta property=\"og:title\" content=\"Hearthwood magneettinen kenk\u00e4sorkki - Mekulo FI\" \/>\n<meta property=\"og:description\" content=\"T\u00e4m\u00e4 magneettinen keng\u00e4nnauha auttaa sinua pukemaan keng\u00e4t sujuvasti istuessasi tai seistess\u00e4si. Se v\u00e4hent\u00e4\u00e4 selk\u00e4\u00e4n ja polviin kohdistuvaa painetta, mik\u00e4 helpottaa p\u00e4ivitt\u00e4ist\u00e4 kenkien k\u00e4ytt\u00e4mist\u00e4 senioreille, raskaana oleville naisille, selk\u00e4kivuista k\u00e4rsiville ja kaikille, jotka haluavat lis\u00e4\u00e4 mukavuutta.\" \/>\n<meta property=\"og:url\" content=\"https:\/\/mekulo.com\/fi\/tuote\/hearthwood-magneettinen-kenkasorkki\/\" \/>\n<meta property=\"og:site_name\" content=\"Mekulo FI\" \/>\n<meta property=\"article:modified_time\" content=\"2026-01-05T14:34:37+00:00\" \/>\n<meta property=\"og:image\" content=\"https:\/\/mekulo.com\/fi\/wp-content\/uploads\/sites\/13\/2026\/01\/4er9u0f-1.webp\" \/>\n\t<meta property=\"og:image:width\" content=\"800\" \/>\n\t<meta property=\"og:image:height\" content=\"800\" \/>\n\t<meta property=\"og:image:type\" content=\"image\/webp\" \/>\n<meta name=\"twitter:card\" content=\"summary_large_image\" \/>\n<meta name=\"twitter:label1\" content=\"Arvioitu lukuaika\" \/>\n\t<meta name=\"twitter:data1\" content=\"2 minuuttia\" \/>\n<script type=\"application\/ld+json\" class=\"yoast-schema-graph\">{\"@context\":\"https:\/\/schema.org\",\"@graph\":[{\"@type\":\"WebPage\",\"@id\":\"https:\/\/mekulo.com\/fi\/tuote\/hearthwood-magneettinen-kenkasorkki\/\",\"url\":\"https:\/\/mekulo.com\/fi\/tuote\/hearthwood-magneettinen-kenkasorkki\/\",\"name\":\"Hearthwood magneettinen kenk\u00e4sorkki - Mekulo FI\",\"isPartOf\":{\"@id\":\"https:\/\/mekulo.com\/fi\/#website\"},\"primaryImageOfPage\":{\"@id\":\"https:\/\/mekulo.com\/fi\/tuote\/hearthwood-magneettinen-kenkasorkki\/#primaryimage\"},\"image\":{\"@id\":\"https:\/\/mekulo.com\/fi\/tuote\/hearthwood-magneettinen-kenkasorkki\/#primaryimage\"},\"thumbnailUrl\":\"https:\/\/mekulo.com\/fi\/wp-content\/uploads\/sites\/13\/2026\/01\/4er9u0f-1.webp\",\"datePublished\":\"2026-01-05T13:58:08+00:00\",\"dateModified\":\"2026-01-05T14:34:37+00:00\",\"breadcrumb\":{\"@id\":\"https:\/\/mekulo.com\/fi\/tuote\/hearthwood-magneettinen-kenkasorkki\/#breadcrumb\"},\"inLanguage\":\"fi\",\"potentialAction\":[{\"@type\":\"ReadAction\",\"target\":[\"https:\/\/mekulo.com\/fi\/tuote\/hearthwood-magneettinen-kenkasorkki\/\"]}]},{\"@type\":\"ImageObject\",\"inLanguage\":\"fi\",\"@id\":\"https:\/\/mekulo.com\/fi\/tuote\/hearthwood-magneettinen-kenkasorkki\/#primaryimage\",\"url\":\"https:\/\/mekulo.com\/fi\/wp-content\/uploads\/sites\/13\/2026\/01\/4er9u0f-1.webp\",\"contentUrl\":\"https:\/\/mekulo.com\/fi\/wp-content\/uploads\/sites\/13\/2026\/01\/4er9u0f-1.webp\",\"width\":800,\"height\":800},{\"@type\":\"BreadcrumbList\",\"@id\":\"https:\/\/mekulo.com\/fi\/tuote\/hearthwood-magneettinen-kenkasorkki\/#breadcrumb\",\"itemListElement\":[{\"@type\":\"ListItem\",\"position\":1,\"name\":\"Home\",\"item\":\"https:\/\/mekulo.com\/fi\/\"},{\"@type\":\"ListItem\",\"position\":2,\"name\":\"Kauppa\",\"item\":\"https:\/\/mekulo.com\/fi\/kauppa\/\"},{\"@type\":\"ListItem\",\"position\":3,\"name\":\"Hearthwood magneettinen kenk\u00e4sorkki\"}]},{\"@type\":\"WebSite\",\"@id\":\"https:\/\/mekulo.com\/fi\/#website\",\"url\":\"https:\/\/mekulo.com\/fi\/\",\"name\":\"Mekulo FI\",\"description\":\"\",\"publisher\":{\"@id\":\"https:\/\/mekulo.com\/fi\/#organization\"},\"potentialAction\":[{\"@type\":\"SearchAction\",\"target\":{\"@type\":\"EntryPoint\",\"urlTemplate\":\"https:\/\/mekulo.com\/fi\/?s={search_term_string}\"},\"query-input\":{\"@type\":\"PropertyValueSpecification\",\"valueRequired\":true,\"valueName\":\"search_term_string\"}}],\"inLanguage\":\"fi\"},{\"@type\":\"Organization\",\"@id\":\"https:\/\/mekulo.com\/fi\/#organization\",\"name\":\"Mekulo\",\"url\":\"https:\/\/mekulo.com\/fi\/\",\"logo\":{\"@type\":\"ImageObject\",\"inLanguage\":\"fi\",\"@id\":\"https:\/\/mekulo.com\/fi\/#\/schema\/logo\/image\/\",\"url\":\"https:\/\/mekulo.com\/fi\/wp-content\/uploads\/sites\/13\/2025\/12\/favicon_mekulo.png\",\"contentUrl\":\"https:\/\/mekulo.com\/fi\/wp-content\/uploads\/sites\/13\/2025\/12\/favicon_mekulo.png\",\"width\":50,\"height\":50,\"caption\":\"Mekulo\"},\"image\":{\"@id\":\"https:\/\/mekulo.com\/fi\/#\/schema\/logo\/image\/\"}}]}<\/script>\n<!-- \/ Yoast SEO plugin. -->","yoast_head_json":{"title":"Hearthwood magneettinen kenk\u00e4sorkki - Mekulo FI","robots":{"index":"index","follow":"follow","max-snippet":"max-snippet:-1","max-image-preview":"max-image-preview:large","max-video-preview":"max-video-preview:-1"},"canonical":"https:\/\/mekulo.com\/fi\/tuote\/hearthwood-magneettinen-kenkasorkki\/","og_locale":"fi_FI","og_type":"article","og_title":"Hearthwood magneettinen kenk\u00e4sorkki - Mekulo FI","og_description":"T\u00e4m\u00e4 magneettinen keng\u00e4nnauha auttaa sinua pukemaan keng\u00e4t sujuvasti istuessasi tai seistess\u00e4si. Se v\u00e4hent\u00e4\u00e4 selk\u00e4\u00e4n ja polviin kohdistuvaa painetta, mik\u00e4 helpottaa p\u00e4ivitt\u00e4ist\u00e4 kenkien k\u00e4ytt\u00e4mist\u00e4 senioreille, raskaana oleville naisille, selk\u00e4kivuista k\u00e4rsiville ja kaikille, jotka haluavat lis\u00e4\u00e4 mukavuutta.","og_url":"https:\/\/mekulo.com\/fi\/tuote\/hearthwood-magneettinen-kenkasorkki\/","og_site_name":"Mekulo FI","article_modified_time":"2026-01-05T14:34:37+00:00","og_image":[{"width":800,"height":800,"url":"https:\/\/mekulo.com\/fi\/wp-content\/uploads\/sites\/13\/2026\/01\/4er9u0f-1.webp","type":"image\/webp"}],"twitter_card":"summary_large_image","twitter_misc":{"Arvioitu lukuaika":"2 minuuttia"},"schema":{"@context":"https:\/\/schema.org","@graph":[{"@type":"WebPage","@id":"https:\/\/mekulo.com\/fi\/tuote\/hearthwood-magneettinen-kenkasorkki\/","url":"https:\/\/mekulo.com\/fi\/tuote\/hearthwood-magneettinen-kenkasorkki\/","name":"Hearthwood magneettinen kenk\u00e4sorkki - Mekulo FI","isPartOf":{"@id":"https:\/\/mekulo.com\/fi\/#website"},"primaryImageOfPage":{"@id":"https:\/\/mekulo.com\/fi\/tuote\/hearthwood-magneettinen-kenkasorkki\/#primaryimage"},"image":{"@id":"https:\/\/mekulo.com\/fi\/tuote\/hearthwood-magneettinen-kenkasorkki\/#primaryimage"},"thumbnailUrl":"https:\/\/mekulo.com\/fi\/wp-content\/uploads\/sites\/13\/2026\/01\/4er9u0f-1.webp","datePublished":"2026-01-05T13:58:08+00:00","dateModified":"2026-01-05T14:34:37+00:00","breadcrumb":{"@id":"https:\/\/mekulo.com\/fi\/tuote\/hearthwood-magneettinen-kenkasorkki\/#breadcrumb"},"inLanguage":"fi","potentialAction":[{"@type":"ReadAction","target":["https:\/\/mekulo.com\/fi\/tuote\/hearthwood-magneettinen-kenkasorkki\/"]}]},{"@type":"ImageObject","inLanguage":"fi","@id":"https:\/\/mekulo.com\/fi\/tuote\/hearthwood-magneettinen-kenkasorkki\/#primaryimage","url":"https:\/\/mekulo.com\/fi\/wp-content\/uploads\/sites\/13\/2026\/01\/4er9u0f-1.webp","contentUrl":"https:\/\/mekulo.com\/fi\/wp-content\/uploads\/sites\/13\/2026\/01\/4er9u0f-1.webp","width":800,"height":800},{"@type":"BreadcrumbList","@id":"https:\/\/mekulo.com\/fi\/tuote\/hearthwood-magneettinen-kenkasorkki\/#breadcrumb","itemListElement":[{"@type":"ListItem","position":1,"name":"Home","item":"https:\/\/mekulo.com\/fi\/"},{"@type":"ListItem","position":2,"name":"Kauppa","item":"https:\/\/mekulo.com\/fi\/kauppa\/"},{"@type":"ListItem","position":3,"name":"Hearthwood magneettinen kenk\u00e4sorkki"}]},{"@type":"WebSite","@id":"https:\/\/mekulo.com\/fi\/#website","url":"https:\/\/mekulo.com\/fi\/","name":"Mekulo FI","description":"","publisher":{"@id":"https:\/\/mekulo.com\/fi\/#organization"},"potentialAction":[{"@type":"SearchAction","target":{"@type":"EntryPoint","urlTemplate":"https:\/\/mekulo.com\/fi\/?s={search_term_string}"},"query-input":{"@type":"PropertyValueSpecification","valueRequired":true,"valueName":"search_term_string"}}],"inLanguage":"fi"},{"@type":"Organization","@id":"https:\/\/mekulo.com\/fi\/#organization","name":"Mekulo","url":"https:\/\/mekulo.com\/fi\/","logo":{"@type":"ImageObject","inLanguage":"fi","@id":"https:\/\/mekulo.com\/fi\/#\/schema\/logo\/image\/","url":"https:\/\/mekulo.com\/fi\/wp-content\/uploads\/sites\/13\/2025\/12\/favicon_mekulo.png","contentUrl":"https:\/\/mekulo.com\/fi\/wp-content\/uploads\/sites\/13\/2025\/12\/favicon_mekulo.png","width":50,"height":50,"caption":"Mekulo"},"image":{"@id":"https:\/\/mekulo.com\/fi\/#\/schema\/logo\/image\/"}}]}},"_links":{"self":[{"href":"https:\/\/mekulo.com\/fi\/wp-json\/wp\/v2\/product\/14274","targetHints":{"allow":["GET"]}}],"collection":[{"href":"https:\/\/mekulo.com\/fi\/wp-json\/wp\/v2\/product"}],"about":[{"href":"https:\/\/mekulo.com\/fi\/wp-json\/wp\/v2\/types\/product"}],"replies":[{"embeddable":true,"href":"https:\/\/mekulo.com\/fi\/wp-json\/wp\/v2\/comments?post=14274"}],"wp:featuredmedia":[{"embeddable":true,"href":"https:\/\/mekulo.com\/fi\/wp-json\/wp\/v2\/media\/14270"}],"wp:attachment":[{"href":"https:\/\/mekulo.com\/fi\/wp-json\/wp\/v2\/media?parent=14274"}],"wp:term":[{"taxonomy":"product_brand","embeddable":true,"href":"https:\/\/mekulo.com\/fi\/wp-json\/wp\/v2\/product_brand?post=14274"},{"taxonomy":"product_cat","embeddable":true,"href":"https:\/\/mekulo.com\/fi\/wp-json\/wp\/v2\/product_cat?post=14274"},{"taxonomy":"product_tag","embeddable":true,"href":"https:\/\/mekulo.com\/fi\/wp-json\/wp\/v2\/product_tag?post=14274"}],"curies":[{"name":"wp","href":"https:\/\/api.w.org\/{rel}","templated":true}]}}