{"id":14256,"date":"2026-01-05T15:56:18","date_gmt":"2026-01-05T13:56:18","guid":{"rendered":"https:\/\/mekulo.com\/fi\/tuote\/hanan-jatke\/"},"modified":"2026-04-06T16:20:17","modified_gmt":"2026-04-06T13:20:17","slug":"hanan-jatke","status":"publish","type":"product","link":"https:\/\/mekulo.com\/fi\/tuote\/hanan-jatke\/","title":{"rendered":"Hanan jatke"},"content":{"rendered":"<p style=\"text-align: center;\"><strong>\ud83d\udebf T\u00e4ydellinen pesualtaan hallinta \u2013 joustava, tehokas ja t\u00e4ydellinen jokaiseen pesuun!<\/strong><\/p>\n<p style=\"text-align: center;\"><img decoding=\"async\" class=\"alignnone size-full wp-image-19038\" src=\"https:\/\/keluvo.com\/template\/wp-content\/uploads\/sites\/5\/2025\/05\/Faucetextender-ezgif.com-video-to-webp-converter.webp\" alt=\"\" \/><\/p>\n<h2 style=\"text-align: center;\">\ud83c\udf1f T\u00e4rkeimm\u00e4t edut<\/h2>\n<p>\ud83d\udd01 360\u00b0 k\u00e4\u00e4ntyv\u00e4 muotoilu \u2013 Tavoittaa pesualtaasi jokaisen nurkan vaivattomasti.<\/p>\n<p>\ud83c\udf27\ufe0f Sadesadetila \u2013 Hell\u00e4varainen vesivirtaus ihanteellinen hell\u00e4varaisiin pesuihin.<\/p>\n<p>\ud83d\udca6 Tehokas suihkutuslaite \u2013 Korkeapainesuihku vaativaan pesuun.<\/p>\n<p>\ud83e\uddfc Pidennetty ulottuvuus \u2013 Kattaa enemm\u00e4n pesualtaan tilaa lis\u00e4mukavuuden vuoksi.<\/p>\n<p>\ud83e\udeb6 Kevyt &amp; kest\u00e4v\u00e4 \u2013 Helppok\u00e4ytt\u00f6inen ja pitk\u00e4ik\u00e4inen.<\/p>\n<p>\ud83e\uddd1\u200d\ud83c\udf73 Moderni ulkon\u00e4k\u00f6 \u2013 Tyylik\u00e4s muotoilu, joka sopii mihin tahansa keitti\u00f6tyyliin.<\/p>\n<p style=\"text-align: center;\"><img decoding=\"async\" class=\"alignnone size-full wp-image-19030\" src=\"https:\/\/keluvo.com\/template\/wp-content\/uploads\/sites\/5\/2025\/05\/1da45c92-2cf3-4588-9543-ea789556ab91.webp.webp\" alt=\"\" \/><\/p>\n<h2 style=\"text-align: center;\">\ud83d\udee0\ufe0f K\u00e4ytt\u00f6ohjeet<\/h2>\n<ol>\n<li style=\"font-weight: 400;\"><span style=\"font-weight: 400;\">Aseta hanan jatke olemassa olevaan hanaasi (sopii useimpiin vakiohanoihin).<\/span><span style=\"font-weight: 400;\"><br \/>\n<\/span><\/li>\n<li style=\"font-weight: 400;\"><span style=\"font-weight: 400;\">K\u00e4\u00e4nn\u00e4 p\u00e4\u00e4t\u00e4 360\u00b0, jotta voit ohjata vett\u00e4 sinne, miss\u00e4 sit\u00e4 tarvitaan.<\/span><span style=\"font-weight: 400;\"><br \/>\n<\/span><\/li>\n<li style=\"font-weight: 400;\"><span style=\"font-weight: 400;\">Vaihda sade- ja suihkutilojen v\u00e4lill\u00e4 teht\u00e4v\u00e4n mukaan.<\/span><span style=\"font-weight: 400;\"><br \/>\n<\/span><\/li>\n<li style=\"font-weight: 400;\"><span style=\"font-weight: 400;\">Puhdista ja huuhtele tarpeen mukaan nauttien paremmasta hallinnasta ja tehokkuudesta.<\/span><\/li>\n<\/ol>\n<h2 style=\"text-align: center;\">\ud83d\udccf Tuotetiedot<\/h2>\n<ul>\n<li style=\"font-weight: 400;\"><span style=\"font-weight: 400;\">K\u00e4\u00e4ntyv\u00e4: 360 asteen t\u00e4yskierto<\/span><span style=\"font-weight: 400;\"><br \/>\n<\/span><\/li>\n<li style=\"font-weight: 400;\"><span style=\"font-weight: 400;\">Suihkutilat: Sade- ja korkeapaineruiskutus<\/span><span style=\"font-weight: 400;\"><br \/>\n<\/span><\/li>\n<li style=\"font-weight: 400;\"><span style=\"font-weight: 400;\">Materiaali: Kevyt, kest\u00e4v\u00e4 muotoilu<\/span><span style=\"font-weight: 400;\"><br \/>\n<\/span><\/li>\n<li style=\"font-weight: 400;\"><span style=\"font-weight: 400;\">K\u00e4ytt\u00f6: Ihanteellinen keitti\u00f6ihin &#8211; hedelm\u00e4t, vihannekset, astiat, tiskialtaan puhdistus<\/span><\/li>\n<\/ul>\n<h2 style=\"text-align: center;\">\ud83d\udce6 Pakkaus sis\u00e4lt\u00e4\u00e4<\/h2>\n<ul>\n<li><span style=\"font-weight: 400;\">1x 360\u00b0 hanan jatke.<\/span><\/li>\n<\/ul>\n","protected":false},"excerpt":{"rendered":"<p><span style=\"font-weight: 400;\">P\u00e4ivit\u00e4 keitti\u00f6rutiinejasi t\u00e4ll\u00e4 360\u00b0 hanan jatkeella, jossa on useita suihkutustiloja ja pidempi ulottuvuus nopeampaa, helpompaa ja tehokkaampaa puhdistusta varten. T\u00e4m\u00e4 jokap\u00e4iv\u00e4iseen k\u00e4ytt\u00f6\u00f6n suunniteltu hanan lis\u00e4laite tarjoaa sek\u00e4 lempe\u00e4n sadevirtauksen ett\u00e4 voimakkaan suihkun kaikkiin teht\u00e4viin. Olitpa sitten huuhtelemassa vihanneksia tai pesem\u00e4ss\u00e4 kattiloita, t\u00e4m\u00e4 jatke antaa sinulle t\u00e4yden hallinnan ja joustavuuden samalla kun pid\u00e4t pesualtaasi siistin\u00e4 ja roiskeettomana.<\/span><\/p>\n","protected":false},"featured_media":14252,"comment_status":"open","ping_status":"closed","template":"","meta":{"site-sidebar-layout":"default","site-content-layout":"","ast-site-content-layout":"default","site-content-style":"default","site-sidebar-style":"default","ast-global-header-display":"","ast-banner-title-visibility":"","ast-main-header-display":"","ast-hfb-above-header-display":"","ast-hfb-below-header-display":"","ast-hfb-mobile-header-display":"","site-post-title":"","ast-breadcrumbs-content":"","ast-featured-img":"","footer-sml-layout":"","theme-transparent-header-meta":"default","adv-header-id-meta":"","stick-header-meta":"","header-above-stick-meta":"","header-main-stick-meta":"","header-below-stick-meta":"","astra-migrate-meta-layouts":"set","ast-page-background-enabled":"default","ast-page-background-meta":{"desktop":{"background-color":"var(--ast-global-color-5)","background-image":"","background-repeat":"repeat","background-position":"center center","background-size":"auto","background-attachment":"scroll","background-type":"","background-media":"","overlay-type":"","overlay-color":"","overlay-opacity":"","overlay-gradient":""},"tablet":{"background-color":"","background-image":"","background-repeat":"repeat","background-position":"center center","background-size":"auto","background-attachment":"scroll","background-type":"","background-media":"","overlay-type":"","overlay-color":"","overlay-opacity":"","overlay-gradient":""},"mobile":{"background-color":"","background-image":"","background-repeat":"repeat","background-position":"center center","background-size":"auto","background-attachment":"scroll","background-type":"","background-media":"","overlay-type":"","overlay-color":"","overlay-opacity":"","overlay-gradient":""}},"ast-content-background-meta":{"desktop":{"background-color":"var(--ast-global-color-4)","background-image":"","background-repeat":"repeat","background-position":"center center","background-size":"auto","background-attachment":"scroll","background-type":"","background-media":"","overlay-type":"","overlay-color":"","overlay-opacity":"","overlay-gradient":""},"tablet":{"background-color":"var(--ast-global-color-4)","background-image":"","background-repeat":"repeat","background-position":"center center","background-size":"auto","background-attachment":"scroll","background-type":"","background-media":"","overlay-type":"","overlay-color":"","overlay-opacity":"","overlay-gradient":""},"mobile":{"background-color":"var(--ast-global-color-4)","background-image":"","background-repeat":"repeat","background-position":"center center","background-size":"auto","background-attachment":"scroll","background-type":"","background-media":"","overlay-type":"","overlay-color":"","overlay-opacity":"","overlay-gradient":""}}},"product_brand":[],"product_cat":[168],"product_tag":[],"class_list":{"0":"post-14256","1":"product","2":"type-product","3":"status-publish","4":"has-post-thumbnail","6":"product_cat-taloustavarat","7":"desktop-align-left","8":"tablet-align-left","9":"mobile-align-left","11":"first","12":"instock","13":"shipping-taxable","14":"purchasable","15":"product-type-simple"},"yoast_head":"<!-- This site is optimized with the Yoast SEO plugin v26.6 - https:\/\/yoast.com\/wordpress\/plugins\/seo\/ -->\n<title>Hanan jatke - Mekulo FI<\/title>\n<meta name=\"robots\" content=\"index, follow, max-snippet:-1, max-image-preview:large, max-video-preview:-1\" \/>\n<link rel=\"canonical\" href=\"https:\/\/mekulo.com\/fi\/tuote\/hanan-jatke\/\" \/>\n<meta property=\"og:locale\" content=\"fi_FI\" \/>\n<meta property=\"og:type\" content=\"article\" \/>\n<meta property=\"og:title\" content=\"Hanan jatke - Mekulo FI\" \/>\n<meta property=\"og:description\" content=\"P\u00e4ivit\u00e4 keitti\u00f6rutiinejasi t\u00e4ll\u00e4 360\u00b0 hanan jatkeella, jossa on useita suihkutustiloja ja pidempi ulottuvuus nopeampaa, helpompaa ja tehokkaampaa puhdistusta varten. T\u00e4m\u00e4 jokap\u00e4iv\u00e4iseen k\u00e4ytt\u00f6\u00f6n suunniteltu hanan lis\u00e4laite tarjoaa sek\u00e4 lempe\u00e4n sadevirtauksen ett\u00e4 voimakkaan suihkun kaikkiin teht\u00e4viin. Olitpa sitten huuhtelemassa vihanneksia tai pesem\u00e4ss\u00e4 kattiloita, t\u00e4m\u00e4 jatke antaa sinulle t\u00e4yden hallinnan ja joustavuuden samalla kun pid\u00e4t pesualtaasi siistin\u00e4 ja roiskeettomana.\" \/>\n<meta property=\"og:url\" content=\"https:\/\/mekulo.com\/fi\/tuote\/hanan-jatke\/\" \/>\n<meta property=\"og:site_name\" content=\"Mekulo FI\" \/>\n<meta property=\"article:modified_time\" content=\"2026-04-06T13:20:17+00:00\" \/>\n<meta property=\"og:image\" content=\"https:\/\/mekulo.com\/fi\/wp-content\/uploads\/sites\/13\/2026\/01\/jmn1shk-1.jpeg\" \/>\n\t<meta property=\"og:image:width\" content=\"800\" \/>\n\t<meta property=\"og:image:height\" content=\"800\" \/>\n\t<meta property=\"og:image:type\" content=\"image\/jpeg\" \/>\n<meta name=\"twitter:card\" content=\"summary_large_image\" \/>\n<meta name=\"twitter:label1\" content=\"Arvioitu lukuaika\" \/>\n\t<meta name=\"twitter:data1\" content=\"2 minuuttia\" \/>\n<script type=\"application\/ld+json\" class=\"yoast-schema-graph\">{\"@context\":\"https:\/\/schema.org\",\"@graph\":[{\"@type\":\"WebPage\",\"@id\":\"https:\/\/mekulo.com\/fi\/tuote\/hanan-jatke\/\",\"url\":\"https:\/\/mekulo.com\/fi\/tuote\/hanan-jatke\/\",\"name\":\"Hanan jatke - Mekulo FI\",\"isPartOf\":{\"@id\":\"https:\/\/mekulo.com\/fi\/#website\"},\"primaryImageOfPage\":{\"@id\":\"https:\/\/mekulo.com\/fi\/tuote\/hanan-jatke\/#primaryimage\"},\"image\":{\"@id\":\"https:\/\/mekulo.com\/fi\/tuote\/hanan-jatke\/#primaryimage\"},\"thumbnailUrl\":\"https:\/\/mekulo.com\/fi\/wp-content\/uploads\/sites\/13\/2026\/01\/jmn1shk-1.jpeg\",\"datePublished\":\"2026-01-05T13:56:18+00:00\",\"dateModified\":\"2026-04-06T13:20:17+00:00\",\"breadcrumb\":{\"@id\":\"https:\/\/mekulo.com\/fi\/tuote\/hanan-jatke\/#breadcrumb\"},\"inLanguage\":\"fi\",\"potentialAction\":[{\"@type\":\"ReadAction\",\"target\":[\"https:\/\/mekulo.com\/fi\/tuote\/hanan-jatke\/\"]}]},{\"@type\":\"ImageObject\",\"inLanguage\":\"fi\",\"@id\":\"https:\/\/mekulo.com\/fi\/tuote\/hanan-jatke\/#primaryimage\",\"url\":\"https:\/\/mekulo.com\/fi\/wp-content\/uploads\/sites\/13\/2026\/01\/jmn1shk-1.jpeg\",\"contentUrl\":\"https:\/\/mekulo.com\/fi\/wp-content\/uploads\/sites\/13\/2026\/01\/jmn1shk-1.jpeg\",\"width\":800,\"height\":800},{\"@type\":\"BreadcrumbList\",\"@id\":\"https:\/\/mekulo.com\/fi\/tuote\/hanan-jatke\/#breadcrumb\",\"itemListElement\":[{\"@type\":\"ListItem\",\"position\":1,\"name\":\"Home\",\"item\":\"https:\/\/mekulo.com\/fi\/\"},{\"@type\":\"ListItem\",\"position\":2,\"name\":\"Kauppa\",\"item\":\"https:\/\/mekulo.com\/fi\/kauppa\/\"},{\"@type\":\"ListItem\",\"position\":3,\"name\":\"Hanan jatke\"}]},{\"@type\":\"WebSite\",\"@id\":\"https:\/\/mekulo.com\/fi\/#website\",\"url\":\"https:\/\/mekulo.com\/fi\/\",\"name\":\"Mekulo FI\",\"description\":\"\",\"publisher\":{\"@id\":\"https:\/\/mekulo.com\/fi\/#organization\"},\"potentialAction\":[{\"@type\":\"SearchAction\",\"target\":{\"@type\":\"EntryPoint\",\"urlTemplate\":\"https:\/\/mekulo.com\/fi\/?s={search_term_string}\"},\"query-input\":{\"@type\":\"PropertyValueSpecification\",\"valueRequired\":true,\"valueName\":\"search_term_string\"}}],\"inLanguage\":\"fi\"},{\"@type\":\"Organization\",\"@id\":\"https:\/\/mekulo.com\/fi\/#organization\",\"name\":\"Mekulo\",\"url\":\"https:\/\/mekulo.com\/fi\/\",\"logo\":{\"@type\":\"ImageObject\",\"inLanguage\":\"fi\",\"@id\":\"https:\/\/mekulo.com\/fi\/#\/schema\/logo\/image\/\",\"url\":\"https:\/\/mekulo.com\/fi\/wp-content\/uploads\/sites\/13\/2025\/12\/favicon_mekulo.png\",\"contentUrl\":\"https:\/\/mekulo.com\/fi\/wp-content\/uploads\/sites\/13\/2025\/12\/favicon_mekulo.png\",\"width\":50,\"height\":50,\"caption\":\"Mekulo\"},\"image\":{\"@id\":\"https:\/\/mekulo.com\/fi\/#\/schema\/logo\/image\/\"}}]}<\/script>\n<!-- \/ Yoast SEO plugin. -->","yoast_head_json":{"title":"Hanan jatke - Mekulo FI","robots":{"index":"index","follow":"follow","max-snippet":"max-snippet:-1","max-image-preview":"max-image-preview:large","max-video-preview":"max-video-preview:-1"},"canonical":"https:\/\/mekulo.com\/fi\/tuote\/hanan-jatke\/","og_locale":"fi_FI","og_type":"article","og_title":"Hanan jatke - Mekulo FI","og_description":"P\u00e4ivit\u00e4 keitti\u00f6rutiinejasi t\u00e4ll\u00e4 360\u00b0 hanan jatkeella, jossa on useita suihkutustiloja ja pidempi ulottuvuus nopeampaa, helpompaa ja tehokkaampaa puhdistusta varten. T\u00e4m\u00e4 jokap\u00e4iv\u00e4iseen k\u00e4ytt\u00f6\u00f6n suunniteltu hanan lis\u00e4laite tarjoaa sek\u00e4 lempe\u00e4n sadevirtauksen ett\u00e4 voimakkaan suihkun kaikkiin teht\u00e4viin. Olitpa sitten huuhtelemassa vihanneksia tai pesem\u00e4ss\u00e4 kattiloita, t\u00e4m\u00e4 jatke antaa sinulle t\u00e4yden hallinnan ja joustavuuden samalla kun pid\u00e4t pesualtaasi siistin\u00e4 ja roiskeettomana.","og_url":"https:\/\/mekulo.com\/fi\/tuote\/hanan-jatke\/","og_site_name":"Mekulo FI","article_modified_time":"2026-04-06T13:20:17+00:00","og_image":[{"width":800,"height":800,"url":"https:\/\/mekulo.com\/fi\/wp-content\/uploads\/sites\/13\/2026\/01\/jmn1shk-1.jpeg","type":"image\/jpeg"}],"twitter_card":"summary_large_image","twitter_misc":{"Arvioitu lukuaika":"2 minuuttia"},"schema":{"@context":"https:\/\/schema.org","@graph":[{"@type":"WebPage","@id":"https:\/\/mekulo.com\/fi\/tuote\/hanan-jatke\/","url":"https:\/\/mekulo.com\/fi\/tuote\/hanan-jatke\/","name":"Hanan jatke - Mekulo FI","isPartOf":{"@id":"https:\/\/mekulo.com\/fi\/#website"},"primaryImageOfPage":{"@id":"https:\/\/mekulo.com\/fi\/tuote\/hanan-jatke\/#primaryimage"},"image":{"@id":"https:\/\/mekulo.com\/fi\/tuote\/hanan-jatke\/#primaryimage"},"thumbnailUrl":"https:\/\/mekulo.com\/fi\/wp-content\/uploads\/sites\/13\/2026\/01\/jmn1shk-1.jpeg","datePublished":"2026-01-05T13:56:18+00:00","dateModified":"2026-04-06T13:20:17+00:00","breadcrumb":{"@id":"https:\/\/mekulo.com\/fi\/tuote\/hanan-jatke\/#breadcrumb"},"inLanguage":"fi","potentialAction":[{"@type":"ReadAction","target":["https:\/\/mekulo.com\/fi\/tuote\/hanan-jatke\/"]}]},{"@type":"ImageObject","inLanguage":"fi","@id":"https:\/\/mekulo.com\/fi\/tuote\/hanan-jatke\/#primaryimage","url":"https:\/\/mekulo.com\/fi\/wp-content\/uploads\/sites\/13\/2026\/01\/jmn1shk-1.jpeg","contentUrl":"https:\/\/mekulo.com\/fi\/wp-content\/uploads\/sites\/13\/2026\/01\/jmn1shk-1.jpeg","width":800,"height":800},{"@type":"BreadcrumbList","@id":"https:\/\/mekulo.com\/fi\/tuote\/hanan-jatke\/#breadcrumb","itemListElement":[{"@type":"ListItem","position":1,"name":"Home","item":"https:\/\/mekulo.com\/fi\/"},{"@type":"ListItem","position":2,"name":"Kauppa","item":"https:\/\/mekulo.com\/fi\/kauppa\/"},{"@type":"ListItem","position":3,"name":"Hanan jatke"}]},{"@type":"WebSite","@id":"https:\/\/mekulo.com\/fi\/#website","url":"https:\/\/mekulo.com\/fi\/","name":"Mekulo FI","description":"","publisher":{"@id":"https:\/\/mekulo.com\/fi\/#organization"},"potentialAction":[{"@type":"SearchAction","target":{"@type":"EntryPoint","urlTemplate":"https:\/\/mekulo.com\/fi\/?s={search_term_string}"},"query-input":{"@type":"PropertyValueSpecification","valueRequired":true,"valueName":"search_term_string"}}],"inLanguage":"fi"},{"@type":"Organization","@id":"https:\/\/mekulo.com\/fi\/#organization","name":"Mekulo","url":"https:\/\/mekulo.com\/fi\/","logo":{"@type":"ImageObject","inLanguage":"fi","@id":"https:\/\/mekulo.com\/fi\/#\/schema\/logo\/image\/","url":"https:\/\/mekulo.com\/fi\/wp-content\/uploads\/sites\/13\/2025\/12\/favicon_mekulo.png","contentUrl":"https:\/\/mekulo.com\/fi\/wp-content\/uploads\/sites\/13\/2025\/12\/favicon_mekulo.png","width":50,"height":50,"caption":"Mekulo"},"image":{"@id":"https:\/\/mekulo.com\/fi\/#\/schema\/logo\/image\/"}}]}},"_links":{"self":[{"href":"https:\/\/mekulo.com\/fi\/wp-json\/wp\/v2\/product\/14256","targetHints":{"allow":["GET"]}}],"collection":[{"href":"https:\/\/mekulo.com\/fi\/wp-json\/wp\/v2\/product"}],"about":[{"href":"https:\/\/mekulo.com\/fi\/wp-json\/wp\/v2\/types\/product"}],"replies":[{"embeddable":true,"href":"https:\/\/mekulo.com\/fi\/wp-json\/wp\/v2\/comments?post=14256"}],"wp:featuredmedia":[{"embeddable":true,"href":"https:\/\/mekulo.com\/fi\/wp-json\/wp\/v2\/media\/14252"}],"wp:attachment":[{"href":"https:\/\/mekulo.com\/fi\/wp-json\/wp\/v2\/media?parent=14256"}],"wp:term":[{"taxonomy":"product_brand","embeddable":true,"href":"https:\/\/mekulo.com\/fi\/wp-json\/wp\/v2\/product_brand?post=14256"},{"taxonomy":"product_cat","embeddable":true,"href":"https:\/\/mekulo.com\/fi\/wp-json\/wp\/v2\/product_cat?post=14256"},{"taxonomy":"product_tag","embeddable":true,"href":"https:\/\/mekulo.com\/fi\/wp-json\/wp\/v2\/product_tag?post=14256"}],"curies":[{"name":"wp","href":"https:\/\/api.w.org\/{rel}","templated":true}]}}