{"id":14200,"date":"2026-01-05T15:51:48","date_gmt":"2026-01-05T13:51:48","guid":{"rendered":"https:\/\/mekulo.com\/fi\/tuote\/hiirenloukku\/"},"modified":"2026-01-22T17:56:58","modified_gmt":"2026-01-22T15:56:58","slug":"hiirenloukku","status":"publish","type":"product","link":"https:\/\/mekulo.com\/fi\/tuote\/hiirenloukku\/","title":{"rendered":"Hiirenloukku"},"content":{"rendered":"<p style=\"text-align: center;\" data-start=\"85\" data-end=\"132\"><strong>\ud83d\udc2d Hankkiudu Eroon Hiirist\u00e4 Ja Rotista &#8211; Nopeasti Ja Turvallisesti!<\/strong><\/p>\n<p data-start=\"134\" data-end=\"359\"><img decoding=\"async\" class=\"size-full wp-image-24633 aligncenter\" src=\"https:\/\/keluvo.com\/template\/wp-content\/uploads\/sites\/5\/2025\/06\/06237-ezgif.com-video-to-webp-converter.webp\" alt=\"\" \/><\/p>\n<h2 style=\"text-align: center;\" data-start=\"361\" data-end=\"382\">\ud83c\udf1f T\u00e4rkeimm\u00e4t edut<\/h2>\n<p data-start=\"385\" data-end=\"425\">\u2705 Vaaraton ja turvallinen-ei myrkkyj\u00e4 eik\u00e4 liimaa<\/p>\n<p data-start=\"428\" data-end=\"482\">\ud83d\udd01 Uudelleenk\u00e4ytett\u00e4v\u00e4 ja hygieenisempi kuin perinteiset ansat<\/p>\n<p data-start=\"485\" data-end=\"539\">\ud83e\udde0 Fiksu kippausmuotoilu pudottaa jyrsij\u00e4t \u00e4mp\u00e4riin<\/p>\n<p data-start=\"542\" data-end=\"570\">\ud83e\udea4 Helppo tyhjent\u00e4\u00e4 ja nollata<\/p>\n<p data-start=\"573\" data-end=\"623\">\ud83c\udfe1 Ihanteellinen koteihin, autotalleihin, ruokakomeroihin ja vajoihin<\/p>\n<p data-start=\"573\" data-end=\"623\"><img decoding=\"async\" class=\"size-full wp-image-24638 aligncenter\" src=\"https:\/\/keluvo.com\/template\/wp-content\/uploads\/sites\/5\/2025\/06\/3-8-1.jpg\" alt=\"\" \/><\/p>\n<h2 style=\"text-align: center;\" data-start=\"625\" data-end=\"642\">\u2705 K\u00e4ytt\u00f6<\/h2>\n<ol data-start=\"643\" data-end=\"860\">\n<li data-start=\"643\" data-end=\"698\">\n<p data-start=\"646\" data-end=\"698\">Aseta ansa mink\u00e4 tahansa tavallisen \u00e4mp\u00e4rin yl\u00e4osaan.<\/p>\n<\/li>\n<li data-start=\"699\" data-end=\"753\">\n<p data-start=\"702\" data-end=\"753\">Aseta sy\u00f6tti l\u00e4pp\u00e4\u00e4n ja aseta tikkaat l\u00e4helle.<\/p>\n<\/li>\n<li data-start=\"754\" data-end=\"830\">\n<p data-start=\"757\" data-end=\"830\">Kun jyrsij\u00e4 kiipe\u00e4\u00e4 ja astuu ansan p\u00e4\u00e4lle, se putoaa \u00e4mp\u00e4riin.<\/p>\n<\/li>\n<li data-start=\"831\" data-end=\"860\">\n<p data-start=\"834\" data-end=\"860\">Tyhjenn\u00e4 ja k\u00e4yt\u00e4 uudelleen tarpeen mukaan!<\/p>\n<\/li>\n<\/ol>\n<h2 style=\"text-align: center;\" data-start=\"862\" data-end=\"885\">\ud83d\udce6 Tuotetiedot<\/h2>\n<ul data-start=\"886\" data-end=\"972\">\n<li data-start=\"929\" data-end=\"946\">\n<p data-start=\"931\" data-end=\"946\">Materiaali: PVC<\/p>\n<\/li>\n<li data-start=\"947\" data-end=\"972\">\n<p data-start=\"949\" data-end=\"972\"><em data-start=\"949\" data-end=\"970\">\u00c4mp\u00e4ri ei sis\u00e4lly<\/em><\/p>\n<\/li>\n<\/ul>\n<h2 style=\"text-align: center;\" data-start=\"974\" data-end=\"998\">\ud83d\udcec Pakkaus sis\u00e4lt\u00e4\u00e4<\/h2>\n<ul data-start=\"999\" data-end=\"1068\">\n<li data-start=\"999\" data-end=\"1014\">\n<p data-start=\"1001\" data-end=\"1014\">1x ansan kansi<\/p>\n<\/li>\n<li data-start=\"1015\" data-end=\"1035\">\n<p data-start=\"1017\" data-end=\"1035\">1x painotettu l\u00e4pp\u00e4<\/p>\n<\/li>\n<li data-start=\"1036\" data-end=\"1051\">\n<p data-start=\"1038\" data-end=\"1051\">2-osainen luiska.<\/p>\n<\/li>\n<\/ul>\n","protected":false},"excerpt":{"rendered":"<p>T\u00e4m\u00e4 \u00e4lyk\u00e4s hiirenloukku tekee jyrsij\u00f6iden torjunnasta helppoa. Aseta se vain \u00e4mp\u00e4riin, ja kun hiiri astuu ansan p\u00e4\u00e4lle, se kaatuu ja pudottaa hiiren sis\u00e4\u00e4n. Ei myrkky\u00e4, ei sotkua &#8211; vain turvallinen, uudelleenk\u00e4ytett\u00e4v\u00e4 ratkaisu kotiin tai varastotiloihin.<\/p>\n","protected":false},"featured_media":14196,"comment_status":"open","ping_status":"closed","template":"","meta":{"site-sidebar-layout":"default","site-content-layout":"","ast-site-content-layout":"default","site-content-style":"default","site-sidebar-style":"default","ast-global-header-display":"","ast-banner-title-visibility":"","ast-main-header-display":"","ast-hfb-above-header-display":"","ast-hfb-below-header-display":"","ast-hfb-mobile-header-display":"","site-post-title":"","ast-breadcrumbs-content":"","ast-featured-img":"","footer-sml-layout":"","theme-transparent-header-meta":"default","adv-header-id-meta":"","stick-header-meta":"","header-above-stick-meta":"","header-main-stick-meta":"","header-below-stick-meta":"","astra-migrate-meta-layouts":"set","ast-page-background-enabled":"default","ast-page-background-meta":{"desktop":{"background-color":"var(--ast-global-color-5)","background-image":"","background-repeat":"repeat","background-position":"center center","background-size":"auto","background-attachment":"scroll","background-type":"","background-media":"","overlay-type":"","overlay-color":"","overlay-opacity":"","overlay-gradient":""},"tablet":{"background-color":"","background-image":"","background-repeat":"repeat","background-position":"center center","background-size":"auto","background-attachment":"scroll","background-type":"","background-media":"","overlay-type":"","overlay-color":"","overlay-opacity":"","overlay-gradient":""},"mobile":{"background-color":"","background-image":"","background-repeat":"repeat","background-position":"center center","background-size":"auto","background-attachment":"scroll","background-type":"","background-media":"","overlay-type":"","overlay-color":"","overlay-opacity":"","overlay-gradient":""}},"ast-content-background-meta":{"desktop":{"background-color":"var(--ast-global-color-4)","background-image":"","background-repeat":"repeat","background-position":"center center","background-size":"auto","background-attachment":"scroll","background-type":"","background-media":"","overlay-type":"","overlay-color":"","overlay-opacity":"","overlay-gradient":""},"tablet":{"background-color":"var(--ast-global-color-4)","background-image":"","background-repeat":"repeat","background-position":"center center","background-size":"auto","background-attachment":"scroll","background-type":"","background-media":"","overlay-type":"","overlay-color":"","overlay-opacity":"","overlay-gradient":""},"mobile":{"background-color":"var(--ast-global-color-4)","background-image":"","background-repeat":"repeat","background-position":"center center","background-size":"auto","background-attachment":"scroll","background-type":"","background-media":"","overlay-type":"","overlay-color":"","overlay-opacity":"","overlay-gradient":""}}},"product_brand":[],"product_cat":[168],"product_tag":[],"class_list":{"0":"post-14200","1":"product","2":"type-product","3":"status-publish","4":"has-post-thumbnail","6":"product_cat-taloustavarat","7":"desktop-align-left","8":"tablet-align-left","9":"mobile-align-left","11":"first","12":"instock","13":"shipping-taxable","14":"purchasable","15":"product-type-simple"},"yoast_head":"<!-- This site is optimized with the Yoast SEO plugin v26.6 - https:\/\/yoast.com\/wordpress\/plugins\/seo\/ -->\n<title>Hiirenloukku - Mekulo FI<\/title>\n<meta name=\"robots\" content=\"index, follow, max-snippet:-1, max-image-preview:large, max-video-preview:-1\" \/>\n<link rel=\"canonical\" href=\"https:\/\/mekulo.com\/fi\/tuote\/hiirenloukku\/\" \/>\n<meta property=\"og:locale\" content=\"fi_FI\" \/>\n<meta property=\"og:type\" content=\"article\" \/>\n<meta property=\"og:title\" content=\"Hiirenloukku - Mekulo FI\" \/>\n<meta property=\"og:description\" content=\"T\u00e4m\u00e4 \u00e4lyk\u00e4s hiirenloukku tekee jyrsij\u00f6iden torjunnasta helppoa. Aseta se vain \u00e4mp\u00e4riin, ja kun hiiri astuu ansan p\u00e4\u00e4lle, se kaatuu ja pudottaa hiiren sis\u00e4\u00e4n. Ei myrkky\u00e4, ei sotkua - vain turvallinen, uudelleenk\u00e4ytett\u00e4v\u00e4 ratkaisu kotiin tai varastotiloihin.\" \/>\n<meta property=\"og:url\" content=\"https:\/\/mekulo.com\/fi\/tuote\/hiirenloukku\/\" \/>\n<meta property=\"og:site_name\" content=\"Mekulo FI\" \/>\n<meta property=\"article:modified_time\" content=\"2026-01-22T15:56:58+00:00\" \/>\n<meta property=\"og:image\" content=\"https:\/\/mekulo.com\/fi\/wp-content\/uploads\/sites\/13\/2026\/01\/nw9ob3j-1.webp\" \/>\n\t<meta property=\"og:image:width\" content=\"600\" \/>\n\t<meta property=\"og:image:height\" content=\"600\" \/>\n\t<meta property=\"og:image:type\" content=\"image\/webp\" \/>\n<meta name=\"twitter:card\" content=\"summary_large_image\" \/>\n<meta name=\"twitter:label1\" content=\"Arvioitu lukuaika\" \/>\n\t<meta name=\"twitter:data1\" content=\"2 minuuttia\" \/>\n<script type=\"application\/ld+json\" class=\"yoast-schema-graph\">{\"@context\":\"https:\/\/schema.org\",\"@graph\":[{\"@type\":\"WebPage\",\"@id\":\"https:\/\/mekulo.com\/fi\/tuote\/hiirenloukku\/\",\"url\":\"https:\/\/mekulo.com\/fi\/tuote\/hiirenloukku\/\",\"name\":\"Hiirenloukku - Mekulo FI\",\"isPartOf\":{\"@id\":\"https:\/\/mekulo.com\/fi\/#website\"},\"primaryImageOfPage\":{\"@id\":\"https:\/\/mekulo.com\/fi\/tuote\/hiirenloukku\/#primaryimage\"},\"image\":{\"@id\":\"https:\/\/mekulo.com\/fi\/tuote\/hiirenloukku\/#primaryimage\"},\"thumbnailUrl\":\"https:\/\/mekulo.com\/fi\/wp-content\/uploads\/sites\/13\/2026\/01\/nw9ob3j-1.webp\",\"datePublished\":\"2026-01-05T13:51:48+00:00\",\"dateModified\":\"2026-01-22T15:56:58+00:00\",\"breadcrumb\":{\"@id\":\"https:\/\/mekulo.com\/fi\/tuote\/hiirenloukku\/#breadcrumb\"},\"inLanguage\":\"fi\",\"potentialAction\":[{\"@type\":\"ReadAction\",\"target\":[\"https:\/\/mekulo.com\/fi\/tuote\/hiirenloukku\/\"]}]},{\"@type\":\"ImageObject\",\"inLanguage\":\"fi\",\"@id\":\"https:\/\/mekulo.com\/fi\/tuote\/hiirenloukku\/#primaryimage\",\"url\":\"https:\/\/mekulo.com\/fi\/wp-content\/uploads\/sites\/13\/2026\/01\/nw9ob3j-1.webp\",\"contentUrl\":\"https:\/\/mekulo.com\/fi\/wp-content\/uploads\/sites\/13\/2026\/01\/nw9ob3j-1.webp\",\"width\":600,\"height\":600},{\"@type\":\"BreadcrumbList\",\"@id\":\"https:\/\/mekulo.com\/fi\/tuote\/hiirenloukku\/#breadcrumb\",\"itemListElement\":[{\"@type\":\"ListItem\",\"position\":1,\"name\":\"Home\",\"item\":\"https:\/\/mekulo.com\/fi\/\"},{\"@type\":\"ListItem\",\"position\":2,\"name\":\"Kauppa\",\"item\":\"https:\/\/mekulo.com\/fi\/kauppa\/\"},{\"@type\":\"ListItem\",\"position\":3,\"name\":\"Hiirenloukku\"}]},{\"@type\":\"WebSite\",\"@id\":\"https:\/\/mekulo.com\/fi\/#website\",\"url\":\"https:\/\/mekulo.com\/fi\/\",\"name\":\"Mekulo FI\",\"description\":\"\",\"publisher\":{\"@id\":\"https:\/\/mekulo.com\/fi\/#organization\"},\"potentialAction\":[{\"@type\":\"SearchAction\",\"target\":{\"@type\":\"EntryPoint\",\"urlTemplate\":\"https:\/\/mekulo.com\/fi\/?s={search_term_string}\"},\"query-input\":{\"@type\":\"PropertyValueSpecification\",\"valueRequired\":true,\"valueName\":\"search_term_string\"}}],\"inLanguage\":\"fi\"},{\"@type\":\"Organization\",\"@id\":\"https:\/\/mekulo.com\/fi\/#organization\",\"name\":\"Mekulo\",\"url\":\"https:\/\/mekulo.com\/fi\/\",\"logo\":{\"@type\":\"ImageObject\",\"inLanguage\":\"fi\",\"@id\":\"https:\/\/mekulo.com\/fi\/#\/schema\/logo\/image\/\",\"url\":\"https:\/\/mekulo.com\/fi\/wp-content\/uploads\/sites\/13\/2025\/12\/favicon_mekulo.png\",\"contentUrl\":\"https:\/\/mekulo.com\/fi\/wp-content\/uploads\/sites\/13\/2025\/12\/favicon_mekulo.png\",\"width\":50,\"height\":50,\"caption\":\"Mekulo\"},\"image\":{\"@id\":\"https:\/\/mekulo.com\/fi\/#\/schema\/logo\/image\/\"}}]}<\/script>\n<!-- \/ Yoast SEO plugin. -->","yoast_head_json":{"title":"Hiirenloukku - Mekulo FI","robots":{"index":"index","follow":"follow","max-snippet":"max-snippet:-1","max-image-preview":"max-image-preview:large","max-video-preview":"max-video-preview:-1"},"canonical":"https:\/\/mekulo.com\/fi\/tuote\/hiirenloukku\/","og_locale":"fi_FI","og_type":"article","og_title":"Hiirenloukku - Mekulo FI","og_description":"T\u00e4m\u00e4 \u00e4lyk\u00e4s hiirenloukku tekee jyrsij\u00f6iden torjunnasta helppoa. Aseta se vain \u00e4mp\u00e4riin, ja kun hiiri astuu ansan p\u00e4\u00e4lle, se kaatuu ja pudottaa hiiren sis\u00e4\u00e4n. Ei myrkky\u00e4, ei sotkua - vain turvallinen, uudelleenk\u00e4ytett\u00e4v\u00e4 ratkaisu kotiin tai varastotiloihin.","og_url":"https:\/\/mekulo.com\/fi\/tuote\/hiirenloukku\/","og_site_name":"Mekulo FI","article_modified_time":"2026-01-22T15:56:58+00:00","og_image":[{"width":600,"height":600,"url":"https:\/\/mekulo.com\/fi\/wp-content\/uploads\/sites\/13\/2026\/01\/nw9ob3j-1.webp","type":"image\/webp"}],"twitter_card":"summary_large_image","twitter_misc":{"Arvioitu lukuaika":"2 minuuttia"},"schema":{"@context":"https:\/\/schema.org","@graph":[{"@type":"WebPage","@id":"https:\/\/mekulo.com\/fi\/tuote\/hiirenloukku\/","url":"https:\/\/mekulo.com\/fi\/tuote\/hiirenloukku\/","name":"Hiirenloukku - Mekulo FI","isPartOf":{"@id":"https:\/\/mekulo.com\/fi\/#website"},"primaryImageOfPage":{"@id":"https:\/\/mekulo.com\/fi\/tuote\/hiirenloukku\/#primaryimage"},"image":{"@id":"https:\/\/mekulo.com\/fi\/tuote\/hiirenloukku\/#primaryimage"},"thumbnailUrl":"https:\/\/mekulo.com\/fi\/wp-content\/uploads\/sites\/13\/2026\/01\/nw9ob3j-1.webp","datePublished":"2026-01-05T13:51:48+00:00","dateModified":"2026-01-22T15:56:58+00:00","breadcrumb":{"@id":"https:\/\/mekulo.com\/fi\/tuote\/hiirenloukku\/#breadcrumb"},"inLanguage":"fi","potentialAction":[{"@type":"ReadAction","target":["https:\/\/mekulo.com\/fi\/tuote\/hiirenloukku\/"]}]},{"@type":"ImageObject","inLanguage":"fi","@id":"https:\/\/mekulo.com\/fi\/tuote\/hiirenloukku\/#primaryimage","url":"https:\/\/mekulo.com\/fi\/wp-content\/uploads\/sites\/13\/2026\/01\/nw9ob3j-1.webp","contentUrl":"https:\/\/mekulo.com\/fi\/wp-content\/uploads\/sites\/13\/2026\/01\/nw9ob3j-1.webp","width":600,"height":600},{"@type":"BreadcrumbList","@id":"https:\/\/mekulo.com\/fi\/tuote\/hiirenloukku\/#breadcrumb","itemListElement":[{"@type":"ListItem","position":1,"name":"Home","item":"https:\/\/mekulo.com\/fi\/"},{"@type":"ListItem","position":2,"name":"Kauppa","item":"https:\/\/mekulo.com\/fi\/kauppa\/"},{"@type":"ListItem","position":3,"name":"Hiirenloukku"}]},{"@type":"WebSite","@id":"https:\/\/mekulo.com\/fi\/#website","url":"https:\/\/mekulo.com\/fi\/","name":"Mekulo FI","description":"","publisher":{"@id":"https:\/\/mekulo.com\/fi\/#organization"},"potentialAction":[{"@type":"SearchAction","target":{"@type":"EntryPoint","urlTemplate":"https:\/\/mekulo.com\/fi\/?s={search_term_string}"},"query-input":{"@type":"PropertyValueSpecification","valueRequired":true,"valueName":"search_term_string"}}],"inLanguage":"fi"},{"@type":"Organization","@id":"https:\/\/mekulo.com\/fi\/#organization","name":"Mekulo","url":"https:\/\/mekulo.com\/fi\/","logo":{"@type":"ImageObject","inLanguage":"fi","@id":"https:\/\/mekulo.com\/fi\/#\/schema\/logo\/image\/","url":"https:\/\/mekulo.com\/fi\/wp-content\/uploads\/sites\/13\/2025\/12\/favicon_mekulo.png","contentUrl":"https:\/\/mekulo.com\/fi\/wp-content\/uploads\/sites\/13\/2025\/12\/favicon_mekulo.png","width":50,"height":50,"caption":"Mekulo"},"image":{"@id":"https:\/\/mekulo.com\/fi\/#\/schema\/logo\/image\/"}}]}},"_links":{"self":[{"href":"https:\/\/mekulo.com\/fi\/wp-json\/wp\/v2\/product\/14200","targetHints":{"allow":["GET"]}}],"collection":[{"href":"https:\/\/mekulo.com\/fi\/wp-json\/wp\/v2\/product"}],"about":[{"href":"https:\/\/mekulo.com\/fi\/wp-json\/wp\/v2\/types\/product"}],"replies":[{"embeddable":true,"href":"https:\/\/mekulo.com\/fi\/wp-json\/wp\/v2\/comments?post=14200"}],"wp:featuredmedia":[{"embeddable":true,"href":"https:\/\/mekulo.com\/fi\/wp-json\/wp\/v2\/media\/14196"}],"wp:attachment":[{"href":"https:\/\/mekulo.com\/fi\/wp-json\/wp\/v2\/media?parent=14200"}],"wp:term":[{"taxonomy":"product_brand","embeddable":true,"href":"https:\/\/mekulo.com\/fi\/wp-json\/wp\/v2\/product_brand?post=14200"},{"taxonomy":"product_cat","embeddable":true,"href":"https:\/\/mekulo.com\/fi\/wp-json\/wp\/v2\/product_cat?post=14200"},{"taxonomy":"product_tag","embeddable":true,"href":"https:\/\/mekulo.com\/fi\/wp-json\/wp\/v2\/product_tag?post=14200"}],"curies":[{"name":"wp","href":"https:\/\/api.w.org\/{rel}","templated":true}]}}