{"id":14191,"date":"2026-01-05T15:50:50","date_gmt":"2026-01-05T13:50:50","guid":{"rendered":"https:\/\/mekulo.com\/fi\/tuote\/juustoleikkuri\/"},"modified":"2026-01-22T17:55:29","modified_gmt":"2026-01-22T15:55:29","slug":"juustoleikkuri","status":"publish","type":"product","link":"https:\/\/mekulo.com\/fi\/tuote\/juustoleikkuri\/","title":{"rendered":"Juustoleikkuri"},"content":{"rendered":"<p style=\"text-align: center;\"><span style=\"font-weight: 400;\"><img decoding=\"async\" class=\"size-full wp-image-16439 aligncenter\" src=\"https:\/\/keluvo.com\/template\/wp-content\/uploads\/sites\/5\/2025\/04\/Cheeseslider-ezgif.com-video-to-webp-converter.webp\" alt=\"\" \/><\/span><\/p>\n<h2 style=\"text-align: center;\">T\u00e4rkeimm\u00e4t Edut \ud83e\uddc0<\/h2>\n<p><span style=\"font-weight: 400;\">Leikkaa pehme\u00e4\u00e4 tai kovaa juustoa helposti<\/span><span style=\"font-weight: 400;\"><br \/>\n<\/span><\/p>\n<p><span style=\"font-weight: 400;\">S\u00e4\u00e4dett\u00e4v\u00e4 muotoilu &#8211; leikkaa paksuja tai ohuita viipaleita yksinkertaisella kallistuksella<\/span><span style=\"font-weight: 400;\"><br \/>\n<\/span><\/p>\n<p><span style=\"font-weight: 400;\">Valmistettu kest\u00e4v\u00e4st\u00e4 alumiiniseoksesta ja ruostumattomasta ter\u00e4slangasta<\/span><span style=\"font-weight: 400;\"><br \/>\n<\/span><\/p>\n<p><span style=\"font-weight: 400;\">Helppo puhdistaa &#8211; huuhtele vain saippualla ja vedell\u00e4<\/span><\/p>\n<p><span style=\"font-weight: 400;\">T\u00e4ydellinen voileiville, lautasille tai v\u00e4lipaloille<\/span><\/p>\n<p><img decoding=\"async\" class=\"size-full wp-image-16443 aligncenter\" src=\"https:\/\/keluvo.com\/template\/wp-content\/uploads\/sites\/5\/2025\/04\/7069d83d-9c74-4816-bb55-15d0cc9b2614.webp\" alt=\"\" \/><\/p>\n<h2 style=\"text-align: center;\">Miten T\u00e4m\u00e4 Tuote Auttaa Sinua \ud83d\udccc<\/h2>\n<p style=\"text-align: center;\"><b><\/b><span style=\"font-weight: 400;\"> Juustoleikkuri helpottaa t\u00e4ydellisten viipaleiden valmistamista sekunneissa.<\/span><\/p>\n<p style=\"text-align: center;\"><span style=\"font-weight: 400;\"> Se sopii mainiosti:<\/span><\/p>\n<ul>\n<li style=\"font-weight: 400;\"><span style=\"font-weight: 400;\">Voileipien valmistelun nopeuttamiseen<\/span><span style=\"font-weight: 400;\"><br \/>\n<\/span><\/li>\n<li style=\"font-weight: 400;\"><span style=\"font-weight: 400;\">Kuvituksellisten juustolautasten luomiseen<\/span><\/li>\n<li style=\"font-weight: 400;\"><span style=\"font-weight: 400;\">Sotkujen ja vaivann\u00e4\u00f6n v\u00e4hent\u00e4miseen juustoa viipaloidessa<\/span><\/li>\n<\/ul>\n<h2 style=\"text-align: center;\">Pakkaus sis\u00e4lt\u00e4\u00e4 \ud83d\udce6<\/h2>\n<ul>\n<li style=\"font-weight: 400;\"><span style=\"font-weight: 400;\">1x s\u00e4\u00e4dett\u00e4v\u00e4 juustoviipale (ruostumattomasta ter\u00e4ksest\u00e4 valmistetulla langalla ja kahvallisella kahvalla).<\/span><\/li>\n<\/ul>\n<p>&nbsp;<\/p>\n<p>&nbsp;<\/p>\n","protected":false},"excerpt":{"rendered":"<p style=\"text-align: left;\">\ud83e\uddc0 Esittelyss\u00e4 juustoleikkuri &#8211; tukeva keitti\u00f6apulainen, jolla viipaloit juustoa puhtaasti ja helposti!<br \/>\n\ud83d\udd2a <span style=\"font-weight: 400;\">T\u00e4m\u00e4n s\u00e4\u00e4dett\u00e4v\u00e4n viipalointilaitteen avulla voit leikata juustoa niin paksusti tai ohuesti kuin haluat. Se on vahva, helppo pit\u00e4\u00e4 k\u00e4dess\u00e4 ja tehty kest\u00e4m\u00e4\u00e4n!<\/span><\/p>\n","protected":false},"featured_media":14187,"comment_status":"open","ping_status":"closed","template":"","meta":{"site-sidebar-layout":"default","site-content-layout":"","ast-site-content-layout":"default","site-content-style":"default","site-sidebar-style":"default","ast-global-header-display":"","ast-banner-title-visibility":"","ast-main-header-display":"","ast-hfb-above-header-display":"","ast-hfb-below-header-display":"","ast-hfb-mobile-header-display":"","site-post-title":"","ast-breadcrumbs-content":"","ast-featured-img":"","footer-sml-layout":"","theme-transparent-header-meta":"default","adv-header-id-meta":"","stick-header-meta":"","header-above-stick-meta":"","header-main-stick-meta":"","header-below-stick-meta":"","astra-migrate-meta-layouts":"set","ast-page-background-enabled":"default","ast-page-background-meta":{"desktop":{"background-color":"var(--ast-global-color-5)","background-image":"","background-repeat":"repeat","background-position":"center center","background-size":"auto","background-attachment":"scroll","background-type":"","background-media":"","overlay-type":"","overlay-color":"","overlay-opacity":"","overlay-gradient":""},"tablet":{"background-color":"","background-image":"","background-repeat":"repeat","background-position":"center center","background-size":"auto","background-attachment":"scroll","background-type":"","background-media":"","overlay-type":"","overlay-color":"","overlay-opacity":"","overlay-gradient":""},"mobile":{"background-color":"","background-image":"","background-repeat":"repeat","background-position":"center center","background-size":"auto","background-attachment":"scroll","background-type":"","background-media":"","overlay-type":"","overlay-color":"","overlay-opacity":"","overlay-gradient":""}},"ast-content-background-meta":{"desktop":{"background-color":"var(--ast-global-color-4)","background-image":"","background-repeat":"repeat","background-position":"center center","background-size":"auto","background-attachment":"scroll","background-type":"","background-media":"","overlay-type":"","overlay-color":"","overlay-opacity":"","overlay-gradient":""},"tablet":{"background-color":"var(--ast-global-color-4)","background-image":"","background-repeat":"repeat","background-position":"center center","background-size":"auto","background-attachment":"scroll","background-type":"","background-media":"","overlay-type":"","overlay-color":"","overlay-opacity":"","overlay-gradient":""},"mobile":{"background-color":"var(--ast-global-color-4)","background-image":"","background-repeat":"repeat","background-position":"center center","background-size":"auto","background-attachment":"scroll","background-type":"","background-media":"","overlay-type":"","overlay-color":"","overlay-opacity":"","overlay-gradient":""}}},"product_brand":[],"product_cat":[168],"product_tag":[],"class_list":{"0":"post-14191","1":"product","2":"type-product","3":"status-publish","4":"has-post-thumbnail","6":"product_cat-taloustavarat","7":"desktop-align-left","8":"tablet-align-left","9":"mobile-align-left","11":"first","12":"instock","13":"shipping-taxable","14":"purchasable","15":"product-type-simple"},"yoast_head":"<!-- This site is optimized with the Yoast SEO plugin v26.6 - https:\/\/yoast.com\/wordpress\/plugins\/seo\/ -->\n<title>Juustoleikkuri - Mekulo FI<\/title>\n<meta name=\"robots\" content=\"index, follow, max-snippet:-1, max-image-preview:large, max-video-preview:-1\" \/>\n<link rel=\"canonical\" href=\"https:\/\/mekulo.com\/fi\/tuote\/juustoleikkuri\/\" \/>\n<meta property=\"og:locale\" content=\"fi_FI\" \/>\n<meta property=\"og:type\" content=\"article\" \/>\n<meta property=\"og:title\" content=\"Juustoleikkuri - Mekulo FI\" \/>\n<meta property=\"og:description\" content=\"\ud83e\uddc0 Esittelyss\u00e4 juustoleikkuri - tukeva keitti\u00f6apulainen, jolla viipaloit juustoa puhtaasti ja helposti! \ud83d\udd2a T\u00e4m\u00e4n s\u00e4\u00e4dett\u00e4v\u00e4n viipalointilaitteen avulla voit leikata juustoa niin paksusti tai ohuesti kuin haluat. Se on vahva, helppo pit\u00e4\u00e4 k\u00e4dess\u00e4 ja tehty kest\u00e4m\u00e4\u00e4n!\" \/>\n<meta property=\"og:url\" content=\"https:\/\/mekulo.com\/fi\/tuote\/juustoleikkuri\/\" \/>\n<meta property=\"og:site_name\" content=\"Mekulo FI\" \/>\n<meta property=\"article:modified_time\" content=\"2026-01-22T15:55:29+00:00\" \/>\n<meta property=\"og:image\" content=\"https:\/\/mekulo.com\/fi\/wp-content\/uploads\/sites\/13\/2026\/01\/vjkl9uy-1.webp\" \/>\n\t<meta property=\"og:image:width\" content=\"800\" \/>\n\t<meta property=\"og:image:height\" content=\"800\" \/>\n\t<meta property=\"og:image:type\" content=\"image\/webp\" \/>\n<meta name=\"twitter:card\" content=\"summary_large_image\" \/>\n<meta name=\"twitter:label1\" content=\"Arvioitu lukuaika\" \/>\n\t<meta name=\"twitter:data1\" content=\"2 minuuttia\" \/>\n<script type=\"application\/ld+json\" class=\"yoast-schema-graph\">{\"@context\":\"https:\/\/schema.org\",\"@graph\":[{\"@type\":\"WebPage\",\"@id\":\"https:\/\/mekulo.com\/fi\/tuote\/juustoleikkuri\/\",\"url\":\"https:\/\/mekulo.com\/fi\/tuote\/juustoleikkuri\/\",\"name\":\"Juustoleikkuri - Mekulo FI\",\"isPartOf\":{\"@id\":\"https:\/\/mekulo.com\/fi\/#website\"},\"primaryImageOfPage\":{\"@id\":\"https:\/\/mekulo.com\/fi\/tuote\/juustoleikkuri\/#primaryimage\"},\"image\":{\"@id\":\"https:\/\/mekulo.com\/fi\/tuote\/juustoleikkuri\/#primaryimage\"},\"thumbnailUrl\":\"https:\/\/mekulo.com\/fi\/wp-content\/uploads\/sites\/13\/2026\/01\/vjkl9uy-1.webp\",\"datePublished\":\"2026-01-05T13:50:50+00:00\",\"dateModified\":\"2026-01-22T15:55:29+00:00\",\"breadcrumb\":{\"@id\":\"https:\/\/mekulo.com\/fi\/tuote\/juustoleikkuri\/#breadcrumb\"},\"inLanguage\":\"fi\",\"potentialAction\":[{\"@type\":\"ReadAction\",\"target\":[\"https:\/\/mekulo.com\/fi\/tuote\/juustoleikkuri\/\"]}]},{\"@type\":\"ImageObject\",\"inLanguage\":\"fi\",\"@id\":\"https:\/\/mekulo.com\/fi\/tuote\/juustoleikkuri\/#primaryimage\",\"url\":\"https:\/\/mekulo.com\/fi\/wp-content\/uploads\/sites\/13\/2026\/01\/vjkl9uy-1.webp\",\"contentUrl\":\"https:\/\/mekulo.com\/fi\/wp-content\/uploads\/sites\/13\/2026\/01\/vjkl9uy-1.webp\",\"width\":800,\"height\":800},{\"@type\":\"BreadcrumbList\",\"@id\":\"https:\/\/mekulo.com\/fi\/tuote\/juustoleikkuri\/#breadcrumb\",\"itemListElement\":[{\"@type\":\"ListItem\",\"position\":1,\"name\":\"Home\",\"item\":\"https:\/\/mekulo.com\/fi\/\"},{\"@type\":\"ListItem\",\"position\":2,\"name\":\"Kauppa\",\"item\":\"https:\/\/mekulo.com\/fi\/kauppa\/\"},{\"@type\":\"ListItem\",\"position\":3,\"name\":\"Juustoleikkuri\"}]},{\"@type\":\"WebSite\",\"@id\":\"https:\/\/mekulo.com\/fi\/#website\",\"url\":\"https:\/\/mekulo.com\/fi\/\",\"name\":\"Mekulo FI\",\"description\":\"\",\"publisher\":{\"@id\":\"https:\/\/mekulo.com\/fi\/#organization\"},\"potentialAction\":[{\"@type\":\"SearchAction\",\"target\":{\"@type\":\"EntryPoint\",\"urlTemplate\":\"https:\/\/mekulo.com\/fi\/?s={search_term_string}\"},\"query-input\":{\"@type\":\"PropertyValueSpecification\",\"valueRequired\":true,\"valueName\":\"search_term_string\"}}],\"inLanguage\":\"fi\"},{\"@type\":\"Organization\",\"@id\":\"https:\/\/mekulo.com\/fi\/#organization\",\"name\":\"Mekulo\",\"url\":\"https:\/\/mekulo.com\/fi\/\",\"logo\":{\"@type\":\"ImageObject\",\"inLanguage\":\"fi\",\"@id\":\"https:\/\/mekulo.com\/fi\/#\/schema\/logo\/image\/\",\"url\":\"https:\/\/mekulo.com\/fi\/wp-content\/uploads\/sites\/13\/2025\/12\/favicon_mekulo.png\",\"contentUrl\":\"https:\/\/mekulo.com\/fi\/wp-content\/uploads\/sites\/13\/2025\/12\/favicon_mekulo.png\",\"width\":50,\"height\":50,\"caption\":\"Mekulo\"},\"image\":{\"@id\":\"https:\/\/mekulo.com\/fi\/#\/schema\/logo\/image\/\"}}]}<\/script>\n<!-- \/ Yoast SEO plugin. -->","yoast_head_json":{"title":"Juustoleikkuri - Mekulo FI","robots":{"index":"index","follow":"follow","max-snippet":"max-snippet:-1","max-image-preview":"max-image-preview:large","max-video-preview":"max-video-preview:-1"},"canonical":"https:\/\/mekulo.com\/fi\/tuote\/juustoleikkuri\/","og_locale":"fi_FI","og_type":"article","og_title":"Juustoleikkuri - Mekulo FI","og_description":"\ud83e\uddc0 Esittelyss\u00e4 juustoleikkuri - tukeva keitti\u00f6apulainen, jolla viipaloit juustoa puhtaasti ja helposti! \ud83d\udd2a T\u00e4m\u00e4n s\u00e4\u00e4dett\u00e4v\u00e4n viipalointilaitteen avulla voit leikata juustoa niin paksusti tai ohuesti kuin haluat. Se on vahva, helppo pit\u00e4\u00e4 k\u00e4dess\u00e4 ja tehty kest\u00e4m\u00e4\u00e4n!","og_url":"https:\/\/mekulo.com\/fi\/tuote\/juustoleikkuri\/","og_site_name":"Mekulo FI","article_modified_time":"2026-01-22T15:55:29+00:00","og_image":[{"width":800,"height":800,"url":"https:\/\/mekulo.com\/fi\/wp-content\/uploads\/sites\/13\/2026\/01\/vjkl9uy-1.webp","type":"image\/webp"}],"twitter_card":"summary_large_image","twitter_misc":{"Arvioitu lukuaika":"2 minuuttia"},"schema":{"@context":"https:\/\/schema.org","@graph":[{"@type":"WebPage","@id":"https:\/\/mekulo.com\/fi\/tuote\/juustoleikkuri\/","url":"https:\/\/mekulo.com\/fi\/tuote\/juustoleikkuri\/","name":"Juustoleikkuri - Mekulo FI","isPartOf":{"@id":"https:\/\/mekulo.com\/fi\/#website"},"primaryImageOfPage":{"@id":"https:\/\/mekulo.com\/fi\/tuote\/juustoleikkuri\/#primaryimage"},"image":{"@id":"https:\/\/mekulo.com\/fi\/tuote\/juustoleikkuri\/#primaryimage"},"thumbnailUrl":"https:\/\/mekulo.com\/fi\/wp-content\/uploads\/sites\/13\/2026\/01\/vjkl9uy-1.webp","datePublished":"2026-01-05T13:50:50+00:00","dateModified":"2026-01-22T15:55:29+00:00","breadcrumb":{"@id":"https:\/\/mekulo.com\/fi\/tuote\/juustoleikkuri\/#breadcrumb"},"inLanguage":"fi","potentialAction":[{"@type":"ReadAction","target":["https:\/\/mekulo.com\/fi\/tuote\/juustoleikkuri\/"]}]},{"@type":"ImageObject","inLanguage":"fi","@id":"https:\/\/mekulo.com\/fi\/tuote\/juustoleikkuri\/#primaryimage","url":"https:\/\/mekulo.com\/fi\/wp-content\/uploads\/sites\/13\/2026\/01\/vjkl9uy-1.webp","contentUrl":"https:\/\/mekulo.com\/fi\/wp-content\/uploads\/sites\/13\/2026\/01\/vjkl9uy-1.webp","width":800,"height":800},{"@type":"BreadcrumbList","@id":"https:\/\/mekulo.com\/fi\/tuote\/juustoleikkuri\/#breadcrumb","itemListElement":[{"@type":"ListItem","position":1,"name":"Home","item":"https:\/\/mekulo.com\/fi\/"},{"@type":"ListItem","position":2,"name":"Kauppa","item":"https:\/\/mekulo.com\/fi\/kauppa\/"},{"@type":"ListItem","position":3,"name":"Juustoleikkuri"}]},{"@type":"WebSite","@id":"https:\/\/mekulo.com\/fi\/#website","url":"https:\/\/mekulo.com\/fi\/","name":"Mekulo FI","description":"","publisher":{"@id":"https:\/\/mekulo.com\/fi\/#organization"},"potentialAction":[{"@type":"SearchAction","target":{"@type":"EntryPoint","urlTemplate":"https:\/\/mekulo.com\/fi\/?s={search_term_string}"},"query-input":{"@type":"PropertyValueSpecification","valueRequired":true,"valueName":"search_term_string"}}],"inLanguage":"fi"},{"@type":"Organization","@id":"https:\/\/mekulo.com\/fi\/#organization","name":"Mekulo","url":"https:\/\/mekulo.com\/fi\/","logo":{"@type":"ImageObject","inLanguage":"fi","@id":"https:\/\/mekulo.com\/fi\/#\/schema\/logo\/image\/","url":"https:\/\/mekulo.com\/fi\/wp-content\/uploads\/sites\/13\/2025\/12\/favicon_mekulo.png","contentUrl":"https:\/\/mekulo.com\/fi\/wp-content\/uploads\/sites\/13\/2025\/12\/favicon_mekulo.png","width":50,"height":50,"caption":"Mekulo"},"image":{"@id":"https:\/\/mekulo.com\/fi\/#\/schema\/logo\/image\/"}}]}},"_links":{"self":[{"href":"https:\/\/mekulo.com\/fi\/wp-json\/wp\/v2\/product\/14191","targetHints":{"allow":["GET"]}}],"collection":[{"href":"https:\/\/mekulo.com\/fi\/wp-json\/wp\/v2\/product"}],"about":[{"href":"https:\/\/mekulo.com\/fi\/wp-json\/wp\/v2\/types\/product"}],"replies":[{"embeddable":true,"href":"https:\/\/mekulo.com\/fi\/wp-json\/wp\/v2\/comments?post=14191"}],"wp:featuredmedia":[{"embeddable":true,"href":"https:\/\/mekulo.com\/fi\/wp-json\/wp\/v2\/media\/14187"}],"wp:attachment":[{"href":"https:\/\/mekulo.com\/fi\/wp-json\/wp\/v2\/media?parent=14191"}],"wp:term":[{"taxonomy":"product_brand","embeddable":true,"href":"https:\/\/mekulo.com\/fi\/wp-json\/wp\/v2\/product_brand?post=14191"},{"taxonomy":"product_cat","embeddable":true,"href":"https:\/\/mekulo.com\/fi\/wp-json\/wp\/v2\/product_cat?post=14191"},{"taxonomy":"product_tag","embeddable":true,"href":"https:\/\/mekulo.com\/fi\/wp-json\/wp\/v2\/product_tag?post=14191"}],"curies":[{"name":"wp","href":"https:\/\/api.w.org\/{rel}","templated":true}]}}