{"id":14124,"date":"2026-01-05T15:45:20","date_gmt":"2026-01-05T13:45:20","guid":{"rendered":"https:\/\/mekulo.com\/fi\/tuote\/magneettinen-tuki-polvituki\/"},"modified":"2026-03-26T11:45:57","modified_gmt":"2026-03-26T09:45:57","slug":"magneettinen-tuki-polvituki","status":"publish","type":"product","link":"https:\/\/mekulo.com\/fi\/tuote\/magneettinen-tuki-polvituki\/","title":{"rendered":"Magneettinen tuki polvituki"},"content":{"rendered":"<h2 style=\"text-align: center\">Paranna kipujasi magneettisella polvitaipaleella<\/h2>\n<p style=\"text-align: center\">\ud83d\udd39 <strong>Kivunlievitys<\/strong> &#8211; Magneettiterapiaa on k\u00e4ytetty jo vuosia lievitt\u00e4m\u00e4\u00e4n nivel- ja lihaskipuja.<br \/>\n\ud83d\udd39 <strong>Parempi verenkierto<\/strong> &#8211; Parempi verenkierto auttaa toimittamaan happea ja ravinteita vaurioituneelle alueelle, mik\u00e4 edist\u00e4\u00e4 paranemista.<br \/>\n\ud83d\udd39 <strong>Lis\u00e4\u00e4ntynyt liikkuvuus<\/strong> &#8211; V\u00e4hent\u00e4m\u00e4ll\u00e4 ep\u00e4mukavuutta tukivarsi antaa sinulle mahdollisuuden liikkua vapaasti ja saada takaisin itseluottamusta jokap\u00e4iv\u00e4isiss\u00e4 toiminnoissa.<\/p>\n<p style=\"text-align: center\">T\u00e4m\u00e4 polvituki on ihanteellinen henkil\u00f6ille, jotka k\u00e4rsiv\u00e4t niveltulehduksesta, nivelten j\u00e4ykkyydest\u00e4, urheiluvammoista tai yleisest\u00e4 polvikivusta.<\/p>\n<p><img decoding=\"async\" class=\"size-medium wp-image-12285 aligncenter\" src=\"https:\/\/keluvo.com\/template\/wp-content\/uploads\/sites\/5\/2024\/12\/O1CN01NmBI2j1awVARqbqDE_2486123394-0-cib.png\" alt=\"\" \/><\/p>\n<p>&nbsp;<\/p>\n<h2 style=\"text-align: center\">Helppok\u00e4ytt\u00f6inen ja miellytt\u00e4v\u00e4 k\u00e4ytt\u00e4\u00e4<\/h2>\n<p style=\"text-align: center\">Magneettitukipolvituki on suunniteltu maksimaalista mukavuutta ja helppok\u00e4ytt\u00f6isyytt\u00e4 varten. Sen yleiskoon ja s\u00e4\u00e4dett\u00e4v\u00e4n istuvuuden ansiosta se mukautuu t\u00e4ydellisesti polveesi ja takaa optimaalisen tuen rajoittamatta liikkumista.<\/p>\n<p style=\"text-align: center\">\u2705 Yksinkertainen k\u00e4ytt\u00f6 &#8211; Pujota se vain hihan tavoin; monimutkaisia hihnoja tai solkia ei tarvita.<br \/>\n\u2705 Sopii molemmille polville &#8211; Voidaan k\u00e4ytt\u00e4\u00e4 joko vasemmassa tai oikeassa polvessa.<br \/>\n\u2705 Huomaamaton ja kevyt &#8211; Ohuen, hengitt\u00e4v\u00e4n muotoilun ansiosta voit k\u00e4ytt\u00e4\u00e4 sit\u00e4 vaatteiden alla my\u00f6s fyysisten aktiviteettien aikana.<br \/>\n\u2705 Vedenkest\u00e4v\u00e4 ja kest\u00e4v\u00e4 &#8211; Valmistettu korkealaatuisista materiaaleista, jotka takaavat pitk\u00e4aikaisen suorituskyvyn kaikissa tilanteissa.<\/p>\n<p style=\"text-align: center\">Tarvitsetpa apua treenien, p\u00e4ivitt\u00e4isten aktiviteettien tai kotona lep\u00e4ilyn aikana, t\u00e4m\u00e4 polvituki tarjoaa luotettavaa kivunlievityst\u00e4 aina, kun tarvitset sit\u00e4.<\/p>\n<p><img decoding=\"async\" class=\"size-medium wp-image-12286 aligncenter\" src=\"https:\/\/keluvo.com\/template\/wp-content\/uploads\/sites\/5\/2024\/12\/WhatsApp-Image-2025-03-12-at-13.29.02_11449eb3.jpg\" alt=\"\" \/><\/p>\n","protected":false},"excerpt":{"rendered":"<p>Magneettitukipolvituki on suunniteltu tarjoamaan luonnollista kivunlievityst\u00e4 ja parantamaan liikkuvuutta k\u00e4ytt\u00e4m\u00e4ll\u00e4 10 voimakasta magneettia, joiden kunkin vahvuus on 580 gaussia. N\u00e4m\u00e4 magneetit luovat terapeuttisen magneettikent\u00e4n, joka auttaa parantamaan verenkiertoa, v\u00e4hent\u00e4m\u00e4\u00e4n tulehdusta ja lievitt\u00e4m\u00e4\u00e4n polvinivelen ep\u00e4mukavuutta.<\/p>\n","protected":false},"featured_media":14120,"comment_status":"open","ping_status":"closed","template":"","meta":{"site-sidebar-layout":"default","site-content-layout":"","ast-site-content-layout":"default","site-content-style":"default","site-sidebar-style":"default","ast-global-header-display":"","ast-banner-title-visibility":"","ast-main-header-display":"","ast-hfb-above-header-display":"","ast-hfb-below-header-display":"","ast-hfb-mobile-header-display":"","site-post-title":"","ast-breadcrumbs-content":"","ast-featured-img":"","footer-sml-layout":"","ast-disable-related-posts":"","theme-transparent-header-meta":"default","adv-header-id-meta":"","stick-header-meta":"","header-above-stick-meta":"","header-main-stick-meta":"","header-below-stick-meta":"","astra-migrate-meta-layouts":"set","ast-page-background-enabled":"default","ast-page-background-meta":{"desktop":{"background-color":"var(--ast-global-color-5)","background-image":"","background-repeat":"repeat","background-position":"center center","background-size":"auto","background-attachment":"scroll","background-type":"","background-media":"","overlay-type":"","overlay-color":"","overlay-opacity":"","overlay-gradient":""},"tablet":{"background-color":"","background-image":"","background-repeat":"repeat","background-position":"center center","background-size":"auto","background-attachment":"scroll","background-type":"","background-media":"","overlay-type":"","overlay-color":"","overlay-opacity":"","overlay-gradient":""},"mobile":{"background-color":"","background-image":"","background-repeat":"repeat","background-position":"center center","background-size":"auto","background-attachment":"scroll","background-type":"","background-media":"","overlay-type":"","overlay-color":"","overlay-opacity":"","overlay-gradient":""}},"ast-content-background-meta":{"desktop":{"background-color":"var(--ast-global-color-4)","background-image":"","background-repeat":"repeat","background-position":"center center","background-size":"auto","background-attachment":"scroll","background-type":"","background-media":"","overlay-type":"","overlay-color":"","overlay-opacity":"","overlay-gradient":""},"tablet":{"background-color":"var(--ast-global-color-4)","background-image":"","background-repeat":"repeat","background-position":"center center","background-size":"auto","background-attachment":"scroll","background-type":"","background-media":"","overlay-type":"","overlay-color":"","overlay-opacity":"","overlay-gradient":""},"mobile":{"background-color":"var(--ast-global-color-4)","background-image":"","background-repeat":"repeat","background-position":"center center","background-size":"auto","background-attachment":"scroll","background-type":"","background-media":"","overlay-type":"","overlay-color":"","overlay-opacity":"","overlay-gradient":""}}},"product_brand":[],"product_cat":[166],"product_tag":[],"class_list":{"0":"post-14124","1":"product","2":"type-product","3":"status-publish","4":"has-post-thumbnail","6":"product_cat-terveydenhuollon-tarvikkeet","7":"pa_18192_p8ud4n9n-jalat","8":"pa_18192_p8ud4n9n-kasi","9":"pa_18192_p8ud4n9n-polvi","10":"desktop-align-left","11":"tablet-align-left","12":"mobile-align-left","14":"first","15":"instock","16":"shipping-taxable","17":"purchasable","18":"product-type-variable"},"yoast_head":"<!-- This site is optimized with the Yoast SEO plugin v27.4 - https:\/\/yoast.com\/product\/yoast-seo-wordpress\/ -->\n<title>Magneettinen tuki polvituki - Mekulo FI<\/title>\n<meta name=\"robots\" content=\"index, follow, max-snippet:-1, max-image-preview:large, max-video-preview:-1\" \/>\n<link rel=\"canonical\" href=\"https:\/\/mekulo.com\/fi\/tuote\/magneettinen-tuki-polvituki\/\" \/>\n<meta property=\"og:locale\" content=\"fi_FI\" \/>\n<meta property=\"og:type\" content=\"article\" \/>\n<meta property=\"og:title\" content=\"Magneettinen tuki polvituki - Mekulo FI\" \/>\n<meta property=\"og:description\" content=\"Magneettitukipolvituki on suunniteltu tarjoamaan luonnollista kivunlievityst\u00e4 ja parantamaan liikkuvuutta k\u00e4ytt\u00e4m\u00e4ll\u00e4 10 voimakasta magneettia, joiden kunkin vahvuus on 580 gaussia. N\u00e4m\u00e4 magneetit luovat terapeuttisen magneettikent\u00e4n, joka auttaa parantamaan verenkiertoa, v\u00e4hent\u00e4m\u00e4\u00e4n tulehdusta ja lievitt\u00e4m\u00e4\u00e4n polvinivelen ep\u00e4mukavuutta.\" \/>\n<meta property=\"og:url\" content=\"https:\/\/mekulo.com\/fi\/tuote\/magneettinen-tuki-polvituki\/\" \/>\n<meta property=\"og:site_name\" content=\"Mekulo FI\" \/>\n<meta property=\"article:modified_time\" content=\"2026-03-26T09:45:57+00:00\" \/>\n<meta property=\"og:image\" content=\"https:\/\/mekulo.com\/fi\/wp-content\/uploads\/sites\/13\/2026\/01\/bkxrdci-1.webp\" \/>\n\t<meta property=\"og:image:width\" content=\"800\" \/>\n\t<meta property=\"og:image:height\" content=\"800\" \/>\n\t<meta property=\"og:image:type\" content=\"image\/webp\" \/>\n<meta name=\"twitter:card\" content=\"summary_large_image\" \/>\n<meta name=\"twitter:label1\" content=\"Arvioitu lukuaika\" \/>\n\t<meta name=\"twitter:data1\" content=\"2 minuuttia\" \/>\n<script type=\"application\/ld+json\" class=\"yoast-schema-graph\">{\"@context\":\"https:\\\/\\\/schema.org\",\"@graph\":[{\"@type\":\"WebPage\",\"@id\":\"https:\\\/\\\/mekulo.com\\\/fi\\\/tuote\\\/magneettinen-tuki-polvituki\\\/\",\"url\":\"https:\\\/\\\/mekulo.com\\\/fi\\\/tuote\\\/magneettinen-tuki-polvituki\\\/\",\"name\":\"Magneettinen tuki polvituki - Mekulo FI\",\"isPartOf\":{\"@id\":\"https:\\\/\\\/mekulo.com\\\/fi\\\/#website\"},\"primaryImageOfPage\":{\"@id\":\"https:\\\/\\\/mekulo.com\\\/fi\\\/tuote\\\/magneettinen-tuki-polvituki\\\/#primaryimage\"},\"image\":{\"@id\":\"https:\\\/\\\/mekulo.com\\\/fi\\\/tuote\\\/magneettinen-tuki-polvituki\\\/#primaryimage\"},\"thumbnailUrl\":\"https:\\\/\\\/mekulo.com\\\/fi\\\/wp-content\\\/uploads\\\/sites\\\/13\\\/2026\\\/01\\\/bkxrdci-1.webp\",\"datePublished\":\"2026-01-05T13:45:20+00:00\",\"dateModified\":\"2026-03-26T09:45:57+00:00\",\"breadcrumb\":{\"@id\":\"https:\\\/\\\/mekulo.com\\\/fi\\\/tuote\\\/magneettinen-tuki-polvituki\\\/#breadcrumb\"},\"inLanguage\":\"fi\",\"potentialAction\":[{\"@type\":\"ReadAction\",\"target\":[\"https:\\\/\\\/mekulo.com\\\/fi\\\/tuote\\\/magneettinen-tuki-polvituki\\\/\"]}]},{\"@type\":\"ImageObject\",\"inLanguage\":\"fi\",\"@id\":\"https:\\\/\\\/mekulo.com\\\/fi\\\/tuote\\\/magneettinen-tuki-polvituki\\\/#primaryimage\",\"url\":\"https:\\\/\\\/mekulo.com\\\/fi\\\/wp-content\\\/uploads\\\/sites\\\/13\\\/2026\\\/01\\\/bkxrdci-1.webp\",\"contentUrl\":\"https:\\\/\\\/mekulo.com\\\/fi\\\/wp-content\\\/uploads\\\/sites\\\/13\\\/2026\\\/01\\\/bkxrdci-1.webp\",\"width\":800,\"height\":800},{\"@type\":\"BreadcrumbList\",\"@id\":\"https:\\\/\\\/mekulo.com\\\/fi\\\/tuote\\\/magneettinen-tuki-polvituki\\\/#breadcrumb\",\"itemListElement\":[{\"@type\":\"ListItem\",\"position\":1,\"name\":\"Home\",\"item\":\"https:\\\/\\\/mekulo.com\\\/fi\\\/\"},{\"@type\":\"ListItem\",\"position\":2,\"name\":\"Kauppa\",\"item\":\"https:\\\/\\\/mekulo.com\\\/fi\\\/kauppa\\\/\"},{\"@type\":\"ListItem\",\"position\":3,\"name\":\"Magneettinen tuki polvituki\"}]},{\"@type\":\"WebSite\",\"@id\":\"https:\\\/\\\/mekulo.com\\\/fi\\\/#website\",\"url\":\"https:\\\/\\\/mekulo.com\\\/fi\\\/\",\"name\":\"Mekulo FI\",\"description\":\"\",\"publisher\":{\"@id\":\"https:\\\/\\\/mekulo.com\\\/fi\\\/#organization\"},\"potentialAction\":[{\"@type\":\"SearchAction\",\"target\":{\"@type\":\"EntryPoint\",\"urlTemplate\":\"https:\\\/\\\/mekulo.com\\\/fi\\\/?s={search_term_string}\"},\"query-input\":{\"@type\":\"PropertyValueSpecification\",\"valueRequired\":true,\"valueName\":\"search_term_string\"}}],\"inLanguage\":\"fi\"},{\"@type\":\"Organization\",\"@id\":\"https:\\\/\\\/mekulo.com\\\/fi\\\/#organization\",\"name\":\"Mekulo\",\"url\":\"https:\\\/\\\/mekulo.com\\\/fi\\\/\",\"logo\":{\"@type\":\"ImageObject\",\"inLanguage\":\"fi\",\"@id\":\"https:\\\/\\\/mekulo.com\\\/fi\\\/#\\\/schema\\\/logo\\\/image\\\/\",\"url\":\"https:\\\/\\\/mekulo.com\\\/fi\\\/wp-content\\\/uploads\\\/sites\\\/13\\\/2025\\\/12\\\/favicon_mekulo.png\",\"contentUrl\":\"https:\\\/\\\/mekulo.com\\\/fi\\\/wp-content\\\/uploads\\\/sites\\\/13\\\/2025\\\/12\\\/favicon_mekulo.png\",\"width\":50,\"height\":50,\"caption\":\"Mekulo\"},\"image\":{\"@id\":\"https:\\\/\\\/mekulo.com\\\/fi\\\/#\\\/schema\\\/logo\\\/image\\\/\"}}]}<\/script>\n<!-- \/ Yoast SEO plugin. -->","yoast_head_json":{"title":"Magneettinen tuki polvituki - Mekulo FI","robots":{"index":"index","follow":"follow","max-snippet":"max-snippet:-1","max-image-preview":"max-image-preview:large","max-video-preview":"max-video-preview:-1"},"canonical":"https:\/\/mekulo.com\/fi\/tuote\/magneettinen-tuki-polvituki\/","og_locale":"fi_FI","og_type":"article","og_title":"Magneettinen tuki polvituki - Mekulo FI","og_description":"Magneettitukipolvituki on suunniteltu tarjoamaan luonnollista kivunlievityst\u00e4 ja parantamaan liikkuvuutta k\u00e4ytt\u00e4m\u00e4ll\u00e4 10 voimakasta magneettia, joiden kunkin vahvuus on 580 gaussia. N\u00e4m\u00e4 magneetit luovat terapeuttisen magneettikent\u00e4n, joka auttaa parantamaan verenkiertoa, v\u00e4hent\u00e4m\u00e4\u00e4n tulehdusta ja lievitt\u00e4m\u00e4\u00e4n polvinivelen ep\u00e4mukavuutta.","og_url":"https:\/\/mekulo.com\/fi\/tuote\/magneettinen-tuki-polvituki\/","og_site_name":"Mekulo FI","article_modified_time":"2026-03-26T09:45:57+00:00","og_image":[{"width":800,"height":800,"url":"https:\/\/mekulo.com\/fi\/wp-content\/uploads\/sites\/13\/2026\/01\/bkxrdci-1.webp","type":"image\/webp"}],"twitter_card":"summary_large_image","twitter_misc":{"Arvioitu lukuaika":"2 minuuttia"},"schema":{"@context":"https:\/\/schema.org","@graph":[{"@type":"WebPage","@id":"https:\/\/mekulo.com\/fi\/tuote\/magneettinen-tuki-polvituki\/","url":"https:\/\/mekulo.com\/fi\/tuote\/magneettinen-tuki-polvituki\/","name":"Magneettinen tuki polvituki - Mekulo FI","isPartOf":{"@id":"https:\/\/mekulo.com\/fi\/#website"},"primaryImageOfPage":{"@id":"https:\/\/mekulo.com\/fi\/tuote\/magneettinen-tuki-polvituki\/#primaryimage"},"image":{"@id":"https:\/\/mekulo.com\/fi\/tuote\/magneettinen-tuki-polvituki\/#primaryimage"},"thumbnailUrl":"https:\/\/mekulo.com\/fi\/wp-content\/uploads\/sites\/13\/2026\/01\/bkxrdci-1.webp","datePublished":"2026-01-05T13:45:20+00:00","dateModified":"2026-03-26T09:45:57+00:00","breadcrumb":{"@id":"https:\/\/mekulo.com\/fi\/tuote\/magneettinen-tuki-polvituki\/#breadcrumb"},"inLanguage":"fi","potentialAction":[{"@type":"ReadAction","target":["https:\/\/mekulo.com\/fi\/tuote\/magneettinen-tuki-polvituki\/"]}]},{"@type":"ImageObject","inLanguage":"fi","@id":"https:\/\/mekulo.com\/fi\/tuote\/magneettinen-tuki-polvituki\/#primaryimage","url":"https:\/\/mekulo.com\/fi\/wp-content\/uploads\/sites\/13\/2026\/01\/bkxrdci-1.webp","contentUrl":"https:\/\/mekulo.com\/fi\/wp-content\/uploads\/sites\/13\/2026\/01\/bkxrdci-1.webp","width":800,"height":800},{"@type":"BreadcrumbList","@id":"https:\/\/mekulo.com\/fi\/tuote\/magneettinen-tuki-polvituki\/#breadcrumb","itemListElement":[{"@type":"ListItem","position":1,"name":"Home","item":"https:\/\/mekulo.com\/fi\/"},{"@type":"ListItem","position":2,"name":"Kauppa","item":"https:\/\/mekulo.com\/fi\/kauppa\/"},{"@type":"ListItem","position":3,"name":"Magneettinen tuki polvituki"}]},{"@type":"WebSite","@id":"https:\/\/mekulo.com\/fi\/#website","url":"https:\/\/mekulo.com\/fi\/","name":"Mekulo FI","description":"","publisher":{"@id":"https:\/\/mekulo.com\/fi\/#organization"},"potentialAction":[{"@type":"SearchAction","target":{"@type":"EntryPoint","urlTemplate":"https:\/\/mekulo.com\/fi\/?s={search_term_string}"},"query-input":{"@type":"PropertyValueSpecification","valueRequired":true,"valueName":"search_term_string"}}],"inLanguage":"fi"},{"@type":"Organization","@id":"https:\/\/mekulo.com\/fi\/#organization","name":"Mekulo","url":"https:\/\/mekulo.com\/fi\/","logo":{"@type":"ImageObject","inLanguage":"fi","@id":"https:\/\/mekulo.com\/fi\/#\/schema\/logo\/image\/","url":"https:\/\/mekulo.com\/fi\/wp-content\/uploads\/sites\/13\/2025\/12\/favicon_mekulo.png","contentUrl":"https:\/\/mekulo.com\/fi\/wp-content\/uploads\/sites\/13\/2025\/12\/favicon_mekulo.png","width":50,"height":50,"caption":"Mekulo"},"image":{"@id":"https:\/\/mekulo.com\/fi\/#\/schema\/logo\/image\/"}}]}},"_links":{"self":[{"href":"https:\/\/mekulo.com\/fi\/wp-json\/wp\/v2\/product\/14124","targetHints":{"allow":["GET"]}}],"collection":[{"href":"https:\/\/mekulo.com\/fi\/wp-json\/wp\/v2\/product"}],"about":[{"href":"https:\/\/mekulo.com\/fi\/wp-json\/wp\/v2\/types\/product"}],"replies":[{"embeddable":true,"href":"https:\/\/mekulo.com\/fi\/wp-json\/wp\/v2\/comments?post=14124"}],"wp:featuredmedia":[{"embeddable":true,"href":"https:\/\/mekulo.com\/fi\/wp-json\/wp\/v2\/media\/14120"}],"wp:attachment":[{"href":"https:\/\/mekulo.com\/fi\/wp-json\/wp\/v2\/media?parent=14124"}],"wp:term":[{"taxonomy":"product_brand","embeddable":true,"href":"https:\/\/mekulo.com\/fi\/wp-json\/wp\/v2\/product_brand?post=14124"},{"taxonomy":"product_cat","embeddable":true,"href":"https:\/\/mekulo.com\/fi\/wp-json\/wp\/v2\/product_cat?post=14124"},{"taxonomy":"product_tag","embeddable":true,"href":"https:\/\/mekulo.com\/fi\/wp-json\/wp\/v2\/product_tag?post=14124"}],"curies":[{"name":"wp","href":"https:\/\/api.w.org\/{rel}","templated":true}]}}