{"id":13788,"date":"2026-01-03T18:35:52","date_gmt":"2026-01-03T16:35:52","guid":{"rendered":"https:\/\/mekulo.com\/fi\/tuote\/puinen-muki\/"},"modified":"2026-01-03T18:36:18","modified_gmt":"2026-01-03T16:36:18","slug":"puinen-muki","status":"publish","type":"product","link":"https:\/\/mekulo.com\/fi\/tuote\/puinen-muki\/","title":{"rendered":"Puinen muki"},"content":{"rendered":"<h2 class=\"\" style=\"text-align: center\" data-start=\"97\" data-end=\"122\">T\u00e4ydellinen ulkoiluun<\/h2>\n<p data-start=\"123\" data-end=\"382\"><img decoding=\"async\" class=\"alignnone size-medium wp-image-13507 aligncenter\" src=\"https:\/\/keluvo.com\/template\/wp-content\/uploads\/sites\/5\/2025\/04\/S67c2274dbd6b4fa092f87cb013c250b4f.jpg_960x960q75.jpg_.jpeg\" alt=\"\" \/><\/p>\n<h2 class=\"\" style=\"text-align: center\" data-start=\"384\" data-end=\"408\">Tehd\u00e4\u00e4n aidosta puusta<\/h2>\n<p class=\"\" style=\"text-align: center\" data-start=\"409\" data-end=\"612\">Jokainen puinen muki on k\u00e4sintehty vahvasta luonnonpuusta. Jokaisella mukilla on oma erityinen puunjuuri, mik\u00e4 tekee jokaisesta yksil\u00f6llisen. Se on turvallinen k\u00e4ytt\u00e4\u00e4, ei sis\u00e4ll\u00e4 BPA:ta ja tuo raikkaan, luonnollisen tunteen juodessasi.<\/p>\n<p data-start=\"409\" data-end=\"612\"><img decoding=\"async\" class=\"alignnone size-medium wp-image-13504 aligncenter\" src=\"https:\/\/keluvo.com\/template\/wp-content\/uploads\/sites\/5\/2025\/04\/S3efcd89a44fa4625b1a236c083ca0fd96.jpeg\" alt=\"\" \/><\/p>\n<h2 style=\"text-align: center\" data-start=\"409\" data-end=\"612\">Yksityiskohdat:<\/h2>\n<p>Materiaali: korkealaatuinen puumateriaali<\/p>\n<p>Korkeus: 6 cm<\/p>\n<p>Kupin halkaisija on 9,5 cm<\/p>\n<p>Kokonaispituus on 15,5 cm<\/p>\n<h2 style=\"text-align: center\">Pakkaus sis\u00e4lt\u00e4\u00e4:<\/h2>\n<p>1 k\u00e4sinveistetty puumuki<\/p>\n","protected":false},"excerpt":{"rendered":"<p>Puinen muki sopii erinomaisesti retkeilyyn, vaellukselle ja p\u00e4ivitt\u00e4iseen k\u00e4ytt\u00f6\u00f6n. Sit\u00e4 on helppo kuljettaa, ja sen mukana tulee nahkak\u00f6ysi ja kaksi reik\u00e4\u00e4, jotta voit ripustaa sen reppuusi tai vy\u00f6si. Juotpa sitten kahvia nuotiolla tai teet\u00e4 kotona, t\u00e4m\u00e4 muki sopii joka hetkeen.<\/p>\n","protected":false},"featured_media":13784,"comment_status":"open","ping_status":"closed","template":"","meta":{"site-sidebar-layout":"default","site-content-layout":"","ast-site-content-layout":"default","site-content-style":"default","site-sidebar-style":"default","ast-global-header-display":"","ast-banner-title-visibility":"","ast-main-header-display":"","ast-hfb-above-header-display":"","ast-hfb-below-header-display":"","ast-hfb-mobile-header-display":"","site-post-title":"","ast-breadcrumbs-content":"","ast-featured-img":"","footer-sml-layout":"","theme-transparent-header-meta":"default","adv-header-id-meta":"","stick-header-meta":"","header-above-stick-meta":"","header-main-stick-meta":"","header-below-stick-meta":"","astra-migrate-meta-layouts":"set","ast-page-background-enabled":"default","ast-page-background-meta":{"desktop":{"background-color":"var(--ast-global-color-5)","background-image":"","background-repeat":"repeat","background-position":"center center","background-size":"auto","background-attachment":"scroll","background-type":"","background-media":"","overlay-type":"","overlay-color":"","overlay-opacity":"","overlay-gradient":""},"tablet":{"background-color":"","background-image":"","background-repeat":"repeat","background-position":"center center","background-size":"auto","background-attachment":"scroll","background-type":"","background-media":"","overlay-type":"","overlay-color":"","overlay-opacity":"","overlay-gradient":""},"mobile":{"background-color":"","background-image":"","background-repeat":"repeat","background-position":"center center","background-size":"auto","background-attachment":"scroll","background-type":"","background-media":"","overlay-type":"","overlay-color":"","overlay-opacity":"","overlay-gradient":""}},"ast-content-background-meta":{"desktop":{"background-color":"var(--ast-global-color-4)","background-image":"","background-repeat":"repeat","background-position":"center center","background-size":"auto","background-attachment":"scroll","background-type":"","background-media":"","overlay-type":"","overlay-color":"","overlay-opacity":"","overlay-gradient":""},"tablet":{"background-color":"var(--ast-global-color-4)","background-image":"","background-repeat":"repeat","background-position":"center center","background-size":"auto","background-attachment":"scroll","background-type":"","background-media":"","overlay-type":"","overlay-color":"","overlay-opacity":"","overlay-gradient":""},"mobile":{"background-color":"var(--ast-global-color-4)","background-image":"","background-repeat":"repeat","background-position":"center center","background-size":"auto","background-attachment":"scroll","background-type":"","background-media":"","overlay-type":"","overlay-color":"","overlay-opacity":"","overlay-gradient":""}}},"product_brand":[],"product_cat":[168],"product_tag":[],"class_list":{"0":"post-13788","1":"product","2":"type-product","3":"status-publish","4":"has-post-thumbnail","6":"product_cat-taloustavarat","7":"pa_29172_8t2q7ypx-fawn","8":"pa_29172_8t2q7ypx-hirvi","9":"pa_29172_8t2q7ypx-kala","10":"pa_29172_8t2q7ypx-karhu","11":"pa_29172_8t2q7ypx-kettu","12":"pa_29172_8t2q7ypx-villisika","13":"pa_29172_8t2q7ypx-wolf","14":"desktop-align-left","15":"tablet-align-left","16":"mobile-align-left","18":"first","19":"instock","20":"shipping-taxable","21":"purchasable","22":"product-type-variable"},"yoast_head":"<!-- This site is optimized with the Yoast SEO plugin v26.6 - https:\/\/yoast.com\/wordpress\/plugins\/seo\/ -->\n<title>Puinen muki - Mekulo FI<\/title>\n<meta name=\"robots\" content=\"index, follow, max-snippet:-1, max-image-preview:large, max-video-preview:-1\" \/>\n<link rel=\"canonical\" href=\"https:\/\/mekulo.com\/fi\/tuote\/puinen-muki\/\" \/>\n<meta property=\"og:locale\" content=\"fi_FI\" \/>\n<meta property=\"og:type\" content=\"article\" \/>\n<meta property=\"og:title\" content=\"Puinen muki - Mekulo FI\" \/>\n<meta property=\"og:description\" content=\"Puinen muki sopii erinomaisesti retkeilyyn, vaellukselle ja p\u00e4ivitt\u00e4iseen k\u00e4ytt\u00f6\u00f6n. Sit\u00e4 on helppo kuljettaa, ja sen mukana tulee nahkak\u00f6ysi ja kaksi reik\u00e4\u00e4, jotta voit ripustaa sen reppuusi tai vy\u00f6si. Juotpa sitten kahvia nuotiolla tai teet\u00e4 kotona, t\u00e4m\u00e4 muki sopii joka hetkeen.\" \/>\n<meta property=\"og:url\" content=\"https:\/\/mekulo.com\/fi\/tuote\/puinen-muki\/\" \/>\n<meta property=\"og:site_name\" content=\"Mekulo FI\" \/>\n<meta property=\"article:modified_time\" content=\"2026-01-03T16:36:18+00:00\" \/>\n<meta property=\"og:image\" content=\"https:\/\/mekulo.com\/fi\/wp-content\/uploads\/sites\/13\/2026\/01\/wadhbkb-1.jpeg\" \/>\n\t<meta property=\"og:image:width\" content=\"1500\" \/>\n\t<meta property=\"og:image:height\" content=\"1500\" \/>\n\t<meta property=\"og:image:type\" content=\"image\/jpeg\" \/>\n<meta name=\"twitter:card\" content=\"summary_large_image\" \/>\n<meta name=\"twitter:label1\" content=\"Arvioitu lukuaika\" \/>\n\t<meta name=\"twitter:data1\" content=\"1 minuutti\" \/>\n<script type=\"application\/ld+json\" class=\"yoast-schema-graph\">{\"@context\":\"https:\/\/schema.org\",\"@graph\":[{\"@type\":\"WebPage\",\"@id\":\"https:\/\/mekulo.com\/fi\/tuote\/puinen-muki\/\",\"url\":\"https:\/\/mekulo.com\/fi\/tuote\/puinen-muki\/\",\"name\":\"Puinen muki - Mekulo FI\",\"isPartOf\":{\"@id\":\"https:\/\/mekulo.com\/fi\/#website\"},\"primaryImageOfPage\":{\"@id\":\"https:\/\/mekulo.com\/fi\/tuote\/puinen-muki\/#primaryimage\"},\"image\":{\"@id\":\"https:\/\/mekulo.com\/fi\/tuote\/puinen-muki\/#primaryimage\"},\"thumbnailUrl\":\"https:\/\/mekulo.com\/fi\/wp-content\/uploads\/sites\/13\/2026\/01\/wadhbkb-1.jpeg\",\"datePublished\":\"2026-01-03T16:35:52+00:00\",\"dateModified\":\"2026-01-03T16:36:18+00:00\",\"breadcrumb\":{\"@id\":\"https:\/\/mekulo.com\/fi\/tuote\/puinen-muki\/#breadcrumb\"},\"inLanguage\":\"fi\",\"potentialAction\":[{\"@type\":\"ReadAction\",\"target\":[\"https:\/\/mekulo.com\/fi\/tuote\/puinen-muki\/\"]}]},{\"@type\":\"ImageObject\",\"inLanguage\":\"fi\",\"@id\":\"https:\/\/mekulo.com\/fi\/tuote\/puinen-muki\/#primaryimage\",\"url\":\"https:\/\/mekulo.com\/fi\/wp-content\/uploads\/sites\/13\/2026\/01\/wadhbkb-1.jpeg\",\"contentUrl\":\"https:\/\/mekulo.com\/fi\/wp-content\/uploads\/sites\/13\/2026\/01\/wadhbkb-1.jpeg\",\"width\":1500,\"height\":1500},{\"@type\":\"BreadcrumbList\",\"@id\":\"https:\/\/mekulo.com\/fi\/tuote\/puinen-muki\/#breadcrumb\",\"itemListElement\":[{\"@type\":\"ListItem\",\"position\":1,\"name\":\"Home\",\"item\":\"https:\/\/mekulo.com\/fi\/\"},{\"@type\":\"ListItem\",\"position\":2,\"name\":\"Kauppa\",\"item\":\"https:\/\/mekulo.com\/fi\/kauppa\/\"},{\"@type\":\"ListItem\",\"position\":3,\"name\":\"Puinen muki\"}]},{\"@type\":\"WebSite\",\"@id\":\"https:\/\/mekulo.com\/fi\/#website\",\"url\":\"https:\/\/mekulo.com\/fi\/\",\"name\":\"Mekulo FI\",\"description\":\"\",\"publisher\":{\"@id\":\"https:\/\/mekulo.com\/fi\/#organization\"},\"potentialAction\":[{\"@type\":\"SearchAction\",\"target\":{\"@type\":\"EntryPoint\",\"urlTemplate\":\"https:\/\/mekulo.com\/fi\/?s={search_term_string}\"},\"query-input\":{\"@type\":\"PropertyValueSpecification\",\"valueRequired\":true,\"valueName\":\"search_term_string\"}}],\"inLanguage\":\"fi\"},{\"@type\":\"Organization\",\"@id\":\"https:\/\/mekulo.com\/fi\/#organization\",\"name\":\"Mekulo\",\"url\":\"https:\/\/mekulo.com\/fi\/\",\"logo\":{\"@type\":\"ImageObject\",\"inLanguage\":\"fi\",\"@id\":\"https:\/\/mekulo.com\/fi\/#\/schema\/logo\/image\/\",\"url\":\"https:\/\/mekulo.com\/fi\/wp-content\/uploads\/sites\/13\/2025\/12\/favicon_mekulo.png\",\"contentUrl\":\"https:\/\/mekulo.com\/fi\/wp-content\/uploads\/sites\/13\/2025\/12\/favicon_mekulo.png\",\"width\":50,\"height\":50,\"caption\":\"Mekulo\"},\"image\":{\"@id\":\"https:\/\/mekulo.com\/fi\/#\/schema\/logo\/image\/\"}}]}<\/script>\n<!-- \/ Yoast SEO plugin. -->","yoast_head_json":{"title":"Puinen muki - Mekulo FI","robots":{"index":"index","follow":"follow","max-snippet":"max-snippet:-1","max-image-preview":"max-image-preview:large","max-video-preview":"max-video-preview:-1"},"canonical":"https:\/\/mekulo.com\/fi\/tuote\/puinen-muki\/","og_locale":"fi_FI","og_type":"article","og_title":"Puinen muki - Mekulo FI","og_description":"Puinen muki sopii erinomaisesti retkeilyyn, vaellukselle ja p\u00e4ivitt\u00e4iseen k\u00e4ytt\u00f6\u00f6n. Sit\u00e4 on helppo kuljettaa, ja sen mukana tulee nahkak\u00f6ysi ja kaksi reik\u00e4\u00e4, jotta voit ripustaa sen reppuusi tai vy\u00f6si. Juotpa sitten kahvia nuotiolla tai teet\u00e4 kotona, t\u00e4m\u00e4 muki sopii joka hetkeen.","og_url":"https:\/\/mekulo.com\/fi\/tuote\/puinen-muki\/","og_site_name":"Mekulo FI","article_modified_time":"2026-01-03T16:36:18+00:00","og_image":[{"width":1500,"height":1500,"url":"https:\/\/mekulo.com\/fi\/wp-content\/uploads\/sites\/13\/2026\/01\/wadhbkb-1.jpeg","type":"image\/jpeg"}],"twitter_card":"summary_large_image","twitter_misc":{"Arvioitu lukuaika":"1 minuutti"},"schema":{"@context":"https:\/\/schema.org","@graph":[{"@type":"WebPage","@id":"https:\/\/mekulo.com\/fi\/tuote\/puinen-muki\/","url":"https:\/\/mekulo.com\/fi\/tuote\/puinen-muki\/","name":"Puinen muki - Mekulo FI","isPartOf":{"@id":"https:\/\/mekulo.com\/fi\/#website"},"primaryImageOfPage":{"@id":"https:\/\/mekulo.com\/fi\/tuote\/puinen-muki\/#primaryimage"},"image":{"@id":"https:\/\/mekulo.com\/fi\/tuote\/puinen-muki\/#primaryimage"},"thumbnailUrl":"https:\/\/mekulo.com\/fi\/wp-content\/uploads\/sites\/13\/2026\/01\/wadhbkb-1.jpeg","datePublished":"2026-01-03T16:35:52+00:00","dateModified":"2026-01-03T16:36:18+00:00","breadcrumb":{"@id":"https:\/\/mekulo.com\/fi\/tuote\/puinen-muki\/#breadcrumb"},"inLanguage":"fi","potentialAction":[{"@type":"ReadAction","target":["https:\/\/mekulo.com\/fi\/tuote\/puinen-muki\/"]}]},{"@type":"ImageObject","inLanguage":"fi","@id":"https:\/\/mekulo.com\/fi\/tuote\/puinen-muki\/#primaryimage","url":"https:\/\/mekulo.com\/fi\/wp-content\/uploads\/sites\/13\/2026\/01\/wadhbkb-1.jpeg","contentUrl":"https:\/\/mekulo.com\/fi\/wp-content\/uploads\/sites\/13\/2026\/01\/wadhbkb-1.jpeg","width":1500,"height":1500},{"@type":"BreadcrumbList","@id":"https:\/\/mekulo.com\/fi\/tuote\/puinen-muki\/#breadcrumb","itemListElement":[{"@type":"ListItem","position":1,"name":"Home","item":"https:\/\/mekulo.com\/fi\/"},{"@type":"ListItem","position":2,"name":"Kauppa","item":"https:\/\/mekulo.com\/fi\/kauppa\/"},{"@type":"ListItem","position":3,"name":"Puinen muki"}]},{"@type":"WebSite","@id":"https:\/\/mekulo.com\/fi\/#website","url":"https:\/\/mekulo.com\/fi\/","name":"Mekulo FI","description":"","publisher":{"@id":"https:\/\/mekulo.com\/fi\/#organization"},"potentialAction":[{"@type":"SearchAction","target":{"@type":"EntryPoint","urlTemplate":"https:\/\/mekulo.com\/fi\/?s={search_term_string}"},"query-input":{"@type":"PropertyValueSpecification","valueRequired":true,"valueName":"search_term_string"}}],"inLanguage":"fi"},{"@type":"Organization","@id":"https:\/\/mekulo.com\/fi\/#organization","name":"Mekulo","url":"https:\/\/mekulo.com\/fi\/","logo":{"@type":"ImageObject","inLanguage":"fi","@id":"https:\/\/mekulo.com\/fi\/#\/schema\/logo\/image\/","url":"https:\/\/mekulo.com\/fi\/wp-content\/uploads\/sites\/13\/2025\/12\/favicon_mekulo.png","contentUrl":"https:\/\/mekulo.com\/fi\/wp-content\/uploads\/sites\/13\/2025\/12\/favicon_mekulo.png","width":50,"height":50,"caption":"Mekulo"},"image":{"@id":"https:\/\/mekulo.com\/fi\/#\/schema\/logo\/image\/"}}]}},"_links":{"self":[{"href":"https:\/\/mekulo.com\/fi\/wp-json\/wp\/v2\/product\/13788","targetHints":{"allow":["GET"]}}],"collection":[{"href":"https:\/\/mekulo.com\/fi\/wp-json\/wp\/v2\/product"}],"about":[{"href":"https:\/\/mekulo.com\/fi\/wp-json\/wp\/v2\/types\/product"}],"replies":[{"embeddable":true,"href":"https:\/\/mekulo.com\/fi\/wp-json\/wp\/v2\/comments?post=13788"}],"wp:featuredmedia":[{"embeddable":true,"href":"https:\/\/mekulo.com\/fi\/wp-json\/wp\/v2\/media\/13784"}],"wp:attachment":[{"href":"https:\/\/mekulo.com\/fi\/wp-json\/wp\/v2\/media?parent=13788"}],"wp:term":[{"taxonomy":"product_brand","embeddable":true,"href":"https:\/\/mekulo.com\/fi\/wp-json\/wp\/v2\/product_brand?post=13788"},{"taxonomy":"product_cat","embeddable":true,"href":"https:\/\/mekulo.com\/fi\/wp-json\/wp\/v2\/product_cat?post=13788"},{"taxonomy":"product_tag","embeddable":true,"href":"https:\/\/mekulo.com\/fi\/wp-json\/wp\/v2\/product_tag?post=13788"}],"curies":[{"name":"wp","href":"https:\/\/api.w.org\/{rel}","templated":true}]}}