{"id":546,"date":"2020-10-13T02:48:45","date_gmt":"2020-10-13T02:48:45","guid":{"rendered":"http:\/\/localhost\/razzi\/?page_id=546"},"modified":"2026-04-03T09:58:29","modified_gmt":"2026-04-03T06:58:29","slug":"toimitus-ja-palautukset","status":"publish","type":"page","link":"https:\/\/mekulo.com\/fi\/toimitus-ja-palautukset\/","title":{"rendered":"Palautukset ja hyvitykset"},"content":{"rendered":"\n<p>Haluamme, ett\u00e4 ostokokemuksesi on helppo ja vaivaton. Alta l\u00f6yd\u00e4t kaikki tarvittavat tiedot toimituksesta, toimitusajoista ja palautuksista mekulo.comissa.<\/p>\n\n\n\n<h2 class=\"wp-block-heading\"><strong>Toimitus<\/strong><\/h2>\n\n\n\n<p><strong>Toimitusalue<br><\/strong>Toimitamme kaikkiin Euroopan maihin. Sijainnistasi riippuen tilauksesi toimitetaan paikallisen postipalvelun kautta tai joissakin tapauksissa noutopisteeseen tai pakettiautomaattiin.<\/p>\n\n\n\n<p><strong>Toimituskulut<\/strong><\/p>\n\n\n\n<ul class=\"wp-block-list\">\n<li>Vakiotoimitus: <strong>6,99 \u20ac<\/strong><\/li>\n\n\n\n<li><strong>Ilmainen toimitus<\/strong> yli <strong>35 \u20ac<\/strong> tilauksille<\/li>\n<\/ul>\n\n\n\n<p><strong>Toimitusajat<\/strong><\/p>\n\n\n\n<ul class=\"wp-block-list\">\n<li>K\u00e4sittelyaika: <strong>2 arkip\u00e4iv\u00e4\u00e4<\/strong><\/li>\n\n\n\n<li>Arvioitu toimitusaika Euroopassa: <strong>enint\u00e4\u00e4n 7 arkip\u00e4iv\u00e4\u00e4<\/strong><\/li>\n<\/ul>\n\n\n\n<p><strong>Vastuu ja riski<\/strong><\/p>\n\n\n\n<ul class=\"wp-block-list\">\n<li>Jos tilauksesi katoaa, viiv\u00e4styy tai vahingoittuu, l\u00e4het\u00e4mme tuotteen uudelleen tai palautamme maksun.<\/li>\n\n\n\n<li>Emme vastaa kuljetusyhti\u00f6n aiheuttamista viiv\u00e4styksist\u00e4, mutta varmistamme aina, ett\u00e4 tilauksesi toimitetaan perille.<\/li>\n\n\n\n<li>Tuotteen katoamisen tai vahingoittumisen riski siirtyy sinulle toimituksen yhteydess\u00e4.<\/li>\n\n\n\n<li>Olet vastuussa siit\u00e4, ett\u00e4 toimitustiedot ovat oikein.<\/li>\n<\/ul>\n\n\n\n<h2 class=\"wp-block-heading\">Tilauksen peruuttaminen<\/h2>\n\n\n\n<p>Voit peruuttaa tilauksesi 2 tunnin kuluessa sen tekemisest\u00e4, edellytt\u00e4en ett\u00e4 tilausta ei ole viel\u00e4 k\u00e4sitelty tai l\u00e4hetetty.<\/p>\n\n\n\n<p>Tilaukset k\u00e4sitell\u00e4\u00e4n yleens\u00e4 2 arkip\u00e4iv\u00e4n kuluessa. Kun k\u00e4sittely on alkanut tai tilaus on l\u00e4hetetty, tilausta ei voi en\u00e4\u00e4 peruuttaa.<\/p>\n\n\n\n<p>Jos et pysty peruuttamaan tilaustasi ajoissa, voit palauttaa tuotteen toimituksen j\u00e4lkeen alla olevien palautusehtojen mukaisesti.<\/p>\n\n\n\n<h2 class=\"wp-block-heading\">Palautukset &amp; Hyvitykset<\/h2>\n\n\n\n<p><strong>Peruutusoikeus<br><\/strong>Sinulla on oikeus palauttaa tilauksesi <strong>14 p\u00e4iv\u00e4n<\/strong> kuluessa vastaanottamisesta.<\/p>\n\n\n\n<p><strong>Palautusehdot<\/strong><\/p>\n\n\n\n<ul class=\"wp-block-list\">\n<li>Tuotteen tulee olla k\u00e4ytt\u00e4m\u00e4t\u00f6n, vahingoittumaton ja alkuper\u00e4ispakkauksessa.<\/li>\n\n\n\n<li>Saat k\u00e4sitell\u00e4 ja kokeilla tuotetta vain siin\u00e4 laajuudessa kuin on tarpeen sen ominaisuuksien ja toimivuuden arvioimiseksi.<\/li>\n<\/ul>\n\n\n\n<p><strong>Osittainen hyvitys<\/strong><\/p>\n\n\n\n<ul class=\"wp-block-list\">\n<li>Jos palautettu tuote on k\u00e4ytetty, vahingoittunut tai puutteellinen, voimme my\u00f6nt\u00e4\u00e4 <strong>osittaisen hyvityksen<\/strong>.<\/li>\n\n\n\n<li>Osittainen hyvitys voidaan my\u00f6nt\u00e4\u00e4 my\u00f6s, jos et ole tyytyv\u00e4inen tuotteeseen mutta et halua palauttaa sit\u00e4.<\/li>\n<\/ul>\n\n\n\n<p><strong>Palautuskulut<\/strong><\/p>\n\n\n\n<ul class=\"wp-block-list\">\n<li>Jos palautus johtuu kuluttajasta, kuluttajan on vastattava l\u00e4hetyskustannuksista. Tarkka hinta riippuu valitsemastasi kuljetusyhti\u00f6st\u00e4.<\/li>\n\n\n\n<li>Jos vastaanotetut tavarat ovat vahingoittuneet tai virheellisi\u00e4 meid\u00e4n syyst\u00e4mme, kuluttajan ei tarvitse maksaa l\u00e4hetyskustannuksia t\u00e4st\u00e4 syyst\u00e4.<\/li>\n<\/ul>\n\n\n\n<p><strong>Hyvityksen k\u00e4sittely<\/strong><\/p>\n\n\n\n<ul class=\"wp-block-list\">\n<li>Hyvitys suoritetaan <strong>14 p\u00e4iv\u00e4n<\/strong> kuluessa palautuksen vastaanottamisesta tai 14 p\u00e4iv\u00e4n kuluessa osittaisesta hyvityksest\u00e4 sopimisesta ilman palautusta.<\/li>\n\n\n\n<li>Hyvitys sis\u00e4lt\u00e4\u00e4 alkuper\u00e4isen vakiotoimituskulun.<\/li>\n<\/ul>\n\n\n\n<p><strong>Palautustapa<\/strong><\/p>\n\n\n\n<p>Kaikki palautukset maksetaan takaisin asiakkaan tuotteen ostossa k\u00e4ytt\u00e4m\u00e4lle alkuper\u00e4iselle maksutavalle<\/p>\n\n\n\n<p><strong>Palautusosoite<br><\/strong>L\u00e4het\u00e4 palautukset osoitteeseen:<br><strong>Novtra HK Limited<\/strong><br>Sveikatos g. 29, Struik\u0173 village.<\/p>\n\n\n\n<p>\u0160ilal\u0117s r., Liettua<\/p>\n\n\n\n<p>Jos sinulla on kysytt\u00e4v\u00e4\u00e4 palautuksista, ota yhteytt\u00e4: <strong><a>info@mekulo.com<\/a><\/strong><\/p>\n\n\n\n<p>Kaikki mekulo.comista ostetut tuotteet voidaan palauttaa n\u00e4iden ehtojen mukaisesti.<\/p>\n\n\n\n<h2 class=\"wp-block-heading\">Yhteystiedot<\/h2>\n\n\n\n<p>Ota meihin yhteytt\u00e4 ennen tuotteiden palauttamista, jotta voimme antaa sinulle palautusohjeet.<\/p>\n\n\n\n<p>Jos sinulla on kysytt\u00e4v\u00e4\u00e4, ota meihin yhteytt\u00e4 osoitteessa:<\/p>\n\n\n\n<p>info@mekulo.com<\/p>\n\n\n\n<hr class=\"wp-block-separator has-alpha-channel-opacity\"\/>\n\n\n\n<h3 class=\"wp-block-heading\">Lyhyt yhteenveto<\/h3>\n\n\n\n<ul class=\"wp-block-list\">\n<li>Toimitus: <strong>6,99 \u20ac<\/strong>, ilmainen yli <strong>35 \u20ac<\/strong> tilauksille<\/li>\n\n\n\n<li>Toimitusaika: <strong>2 arkip\u00e4iv\u00e4\u00e4 k\u00e4sittely + enint\u00e4\u00e4n 7 arkip\u00e4iv\u00e4\u00e4 toimitus<\/strong><\/li>\n\n\n\n<li>Peruutus: viimeist\u00e4\u00e4n 2 tuntia ennen hoitoa<\/li>\n\n\n\n<li>Palautus: <strong>14 p\u00e4iv\u00e4\u00e4<\/strong>, tuotteen oltava alkuper\u00e4isess\u00e4 kunnossa<\/li>\n\n\n\n<li>Riski siirtyy toimituksessa, palautuskulut asiakkaan vastuulla<\/li>\n\n\n\n<li>Hyvitykset k\u00e4sitell\u00e4\u00e4n <strong>14 p\u00e4iv\u00e4n<\/strong> kuluessa<\/li>\n<\/ul>\n\n\n\n<p>Toivomme, ett\u00e4 t\u00e4m\u00e4 tekee ostamisesta kanssamme helppoa, turvallista ja selke\u00e4\u00e4.<\/p>\n\n\n\n<p><\/p>\n","protected":false},"excerpt":{"rendered":"<p>Haluamme, ett\u00e4 ostokokemuksesi on helppo ja vaivaton. Alta l\u00f6yd\u00e4t kaikki tarvittavat tiedot toimituksesta, toimitusajoista ja palautuksista mekulo.comissa. Toimitus ToimitusalueToimitamme kaikkiin [&hellip;]<\/p>\n","protected":false},"author":1,"featured_media":0,"parent":0,"menu_order":0,"comment_status":"closed","ping_status":"closed","template":"","meta":{"site-sidebar-layout":"default","site-content-layout":"","ast-site-content-layout":"default","site-content-style":"default","site-sidebar-style":"default","ast-global-header-display":"","ast-banner-title-visibility":"","ast-main-header-display":"","ast-hfb-above-header-display":"","ast-hfb-below-header-display":"","ast-hfb-mobile-header-display":"","site-post-title":"","ast-breadcrumbs-content":"","ast-featured-img":"","footer-sml-layout":"","theme-transparent-header-meta":"","adv-header-id-meta":"","stick-header-meta":"","header-above-stick-meta":"","header-main-stick-meta":"","header-below-stick-meta":"","astra-migrate-meta-layouts":"default","ast-page-background-enabled":"default","ast-page-background-meta":{"desktop":{"background-color":"var(--ast-global-color-5)","background-image":"","background-repeat":"repeat","background-position":"center center","background-size":"auto","background-attachment":"scroll","background-type":"","background-media":"","overlay-type":"","overlay-color":"","overlay-opacity":"","overlay-gradient":""},"tablet":{"background-color":"","background-image":"","background-repeat":"repeat","background-position":"center center","background-size":"auto","background-attachment":"scroll","background-type":"","background-media":"","overlay-type":"","overlay-color":"","overlay-opacity":"","overlay-gradient":""},"mobile":{"background-color":"","background-image":"","background-repeat":"repeat","background-position":"center center","background-size":"auto","background-attachment":"scroll","background-type":"","background-media":"","overlay-type":"","overlay-color":"","overlay-opacity":"","overlay-gradient":""}},"ast-content-background-meta":{"desktop":{"background-color":"var(--ast-global-color-4)","background-image":"","background-repeat":"repeat","background-position":"center center","background-size":"auto","background-attachment":"scroll","background-type":"","background-media":"","overlay-type":"","overlay-color":"","overlay-opacity":"","overlay-gradient":""},"tablet":{"background-color":"var(--ast-global-color-4)","background-image":"","background-repeat":"repeat","background-position":"center center","background-size":"auto","background-attachment":"scroll","background-type":"","background-media":"","overlay-type":"","overlay-color":"","overlay-opacity":"","overlay-gradient":""},"mobile":{"background-color":"var(--ast-global-color-4)","background-image":"","background-repeat":"repeat","background-position":"center center","background-size":"auto","background-attachment":"scroll","background-type":"","background-media":"","overlay-type":"","overlay-color":"","overlay-opacity":"","overlay-gradient":""}},"footnotes":""},"class_list":["post-546","page","type-page","status-publish","hentry"],"yoast_head":"<!-- This site is optimized with the Yoast SEO plugin v26.6 - https:\/\/yoast.com\/wordpress\/plugins\/seo\/ -->\n<title>Palautukset ja hyvitykset - Mekulo FI<\/title>\n<meta name=\"robots\" content=\"index, follow, max-snippet:-1, max-image-preview:large, max-video-preview:-1\" \/>\n<link rel=\"canonical\" href=\"https:\/\/mekulo.com\/fi\/toimitus-ja-palautukset\/\" \/>\n<meta property=\"og:locale\" content=\"fi_FI\" \/>\n<meta property=\"og:type\" content=\"article\" \/>\n<meta property=\"og:title\" content=\"Palautukset ja hyvitykset - Mekulo FI\" \/>\n<meta property=\"og:description\" content=\"Haluamme, ett\u00e4 ostokokemuksesi on helppo ja vaivaton. Alta l\u00f6yd\u00e4t kaikki tarvittavat tiedot toimituksesta, toimitusajoista ja palautuksista mekulo.comissa. Toimitus ToimitusalueToimitamme kaikkiin [&hellip;]\" \/>\n<meta property=\"og:url\" content=\"https:\/\/mekulo.com\/fi\/toimitus-ja-palautukset\/\" \/>\n<meta property=\"og:site_name\" content=\"Mekulo FI\" \/>\n<meta property=\"article:modified_time\" content=\"2026-04-03T06:58:29+00:00\" \/>\n<meta name=\"twitter:card\" content=\"summary_large_image\" \/>\n<meta name=\"twitter:label1\" content=\"Arvioitu lukuaika\" \/>\n\t<meta name=\"twitter:data1\" content=\"3 minuuttia\" \/>\n<script type=\"application\/ld+json\" class=\"yoast-schema-graph\">{\"@context\":\"https:\/\/schema.org\",\"@graph\":[{\"@type\":\"WebPage\",\"@id\":\"https:\/\/mekulo.com\/fi\/toimitus-ja-palautukset\/\",\"url\":\"https:\/\/mekulo.com\/fi\/toimitus-ja-palautukset\/\",\"name\":\"Palautukset ja hyvitykset - Mekulo FI\",\"isPartOf\":{\"@id\":\"https:\/\/mekulo.com\/fi\/#website\"},\"datePublished\":\"2020-10-13T02:48:45+00:00\",\"dateModified\":\"2026-04-03T06:58:29+00:00\",\"breadcrumb\":{\"@id\":\"https:\/\/mekulo.com\/fi\/toimitus-ja-palautukset\/#breadcrumb\"},\"inLanguage\":\"fi\",\"potentialAction\":[{\"@type\":\"ReadAction\",\"target\":[\"https:\/\/mekulo.com\/fi\/toimitus-ja-palautukset\/\"]}]},{\"@type\":\"BreadcrumbList\",\"@id\":\"https:\/\/mekulo.com\/fi\/toimitus-ja-palautukset\/#breadcrumb\",\"itemListElement\":[{\"@type\":\"ListItem\",\"position\":1,\"name\":\"Home\",\"item\":\"https:\/\/mekulo.com\/fi\/\"},{\"@type\":\"ListItem\",\"position\":2,\"name\":\"Palautukset ja hyvitykset\"}]},{\"@type\":\"WebSite\",\"@id\":\"https:\/\/mekulo.com\/fi\/#website\",\"url\":\"https:\/\/mekulo.com\/fi\/\",\"name\":\"Mekulo FI\",\"description\":\"\",\"publisher\":{\"@id\":\"https:\/\/mekulo.com\/fi\/#organization\"},\"potentialAction\":[{\"@type\":\"SearchAction\",\"target\":{\"@type\":\"EntryPoint\",\"urlTemplate\":\"https:\/\/mekulo.com\/fi\/?s={search_term_string}\"},\"query-input\":{\"@type\":\"PropertyValueSpecification\",\"valueRequired\":true,\"valueName\":\"search_term_string\"}}],\"inLanguage\":\"fi\"},{\"@type\":\"Organization\",\"@id\":\"https:\/\/mekulo.com\/fi\/#organization\",\"name\":\"Mekulo\",\"url\":\"https:\/\/mekulo.com\/fi\/\",\"logo\":{\"@type\":\"ImageObject\",\"inLanguage\":\"fi\",\"@id\":\"https:\/\/mekulo.com\/fi\/#\/schema\/logo\/image\/\",\"url\":\"https:\/\/mekulo.com\/fi\/wp-content\/uploads\/sites\/13\/2025\/12\/favicon_mekulo.png\",\"contentUrl\":\"https:\/\/mekulo.com\/fi\/wp-content\/uploads\/sites\/13\/2025\/12\/favicon_mekulo.png\",\"width\":50,\"height\":50,\"caption\":\"Mekulo\"},\"image\":{\"@id\":\"https:\/\/mekulo.com\/fi\/#\/schema\/logo\/image\/\"}}]}<\/script>\n<!-- \/ Yoast SEO plugin. -->","yoast_head_json":{"title":"Palautukset ja hyvitykset - Mekulo FI","robots":{"index":"index","follow":"follow","max-snippet":"max-snippet:-1","max-image-preview":"max-image-preview:large","max-video-preview":"max-video-preview:-1"},"canonical":"https:\/\/mekulo.com\/fi\/toimitus-ja-palautukset\/","og_locale":"fi_FI","og_type":"article","og_title":"Palautukset ja hyvitykset - Mekulo FI","og_description":"Haluamme, ett\u00e4 ostokokemuksesi on helppo ja vaivaton. Alta l\u00f6yd\u00e4t kaikki tarvittavat tiedot toimituksesta, toimitusajoista ja palautuksista mekulo.comissa. Toimitus ToimitusalueToimitamme kaikkiin [&hellip;]","og_url":"https:\/\/mekulo.com\/fi\/toimitus-ja-palautukset\/","og_site_name":"Mekulo FI","article_modified_time":"2026-04-03T06:58:29+00:00","twitter_card":"summary_large_image","twitter_misc":{"Arvioitu lukuaika":"3 minuuttia"},"schema":{"@context":"https:\/\/schema.org","@graph":[{"@type":"WebPage","@id":"https:\/\/mekulo.com\/fi\/toimitus-ja-palautukset\/","url":"https:\/\/mekulo.com\/fi\/toimitus-ja-palautukset\/","name":"Palautukset ja hyvitykset - Mekulo FI","isPartOf":{"@id":"https:\/\/mekulo.com\/fi\/#website"},"datePublished":"2020-10-13T02:48:45+00:00","dateModified":"2026-04-03T06:58:29+00:00","breadcrumb":{"@id":"https:\/\/mekulo.com\/fi\/toimitus-ja-palautukset\/#breadcrumb"},"inLanguage":"fi","potentialAction":[{"@type":"ReadAction","target":["https:\/\/mekulo.com\/fi\/toimitus-ja-palautukset\/"]}]},{"@type":"BreadcrumbList","@id":"https:\/\/mekulo.com\/fi\/toimitus-ja-palautukset\/#breadcrumb","itemListElement":[{"@type":"ListItem","position":1,"name":"Home","item":"https:\/\/mekulo.com\/fi\/"},{"@type":"ListItem","position":2,"name":"Palautukset ja hyvitykset"}]},{"@type":"WebSite","@id":"https:\/\/mekulo.com\/fi\/#website","url":"https:\/\/mekulo.com\/fi\/","name":"Mekulo FI","description":"","publisher":{"@id":"https:\/\/mekulo.com\/fi\/#organization"},"potentialAction":[{"@type":"SearchAction","target":{"@type":"EntryPoint","urlTemplate":"https:\/\/mekulo.com\/fi\/?s={search_term_string}"},"query-input":{"@type":"PropertyValueSpecification","valueRequired":true,"valueName":"search_term_string"}}],"inLanguage":"fi"},{"@type":"Organization","@id":"https:\/\/mekulo.com\/fi\/#organization","name":"Mekulo","url":"https:\/\/mekulo.com\/fi\/","logo":{"@type":"ImageObject","inLanguage":"fi","@id":"https:\/\/mekulo.com\/fi\/#\/schema\/logo\/image\/","url":"https:\/\/mekulo.com\/fi\/wp-content\/uploads\/sites\/13\/2025\/12\/favicon_mekulo.png","contentUrl":"https:\/\/mekulo.com\/fi\/wp-content\/uploads\/sites\/13\/2025\/12\/favicon_mekulo.png","width":50,"height":50,"caption":"Mekulo"},"image":{"@id":"https:\/\/mekulo.com\/fi\/#\/schema\/logo\/image\/"}}]}},"_links":{"self":[{"href":"https:\/\/mekulo.com\/fi\/wp-json\/wp\/v2\/pages\/546","targetHints":{"allow":["GET"]}}],"collection":[{"href":"https:\/\/mekulo.com\/fi\/wp-json\/wp\/v2\/pages"}],"about":[{"href":"https:\/\/mekulo.com\/fi\/wp-json\/wp\/v2\/types\/page"}],"author":[{"embeddable":true,"href":"https:\/\/mekulo.com\/fi\/wp-json\/wp\/v2\/users\/1"}],"replies":[{"embeddable":true,"href":"https:\/\/mekulo.com\/fi\/wp-json\/wp\/v2\/comments?post=546"}],"version-history":[{"count":21,"href":"https:\/\/mekulo.com\/fi\/wp-json\/wp\/v2\/pages\/546\/revisions"}],"predecessor-version":[{"id":16263,"href":"https:\/\/mekulo.com\/fi\/wp-json\/wp\/v2\/pages\/546\/revisions\/16263"}],"wp:attachment":[{"href":"https:\/\/mekulo.com\/fi\/wp-json\/wp\/v2\/media?parent=546"}],"curies":[{"name":"wp","href":"https:\/\/api.w.org\/{rel}","templated":true}]}}