{"id":26432,"date":"2026-03-12T14:46:31","date_gmt":"2026-03-12T12:46:31","guid":{"rendered":"https:\/\/mekulo.com\/dk\/produkt\/paaskepuslespil-i-trae-til-boern-4-stk\/"},"modified":"2026-03-12T14:46:31","modified_gmt":"2026-03-12T12:46:31","slug":"paaskepuslespil-i-trae-til-boern-4-stk","status":"publish","type":"product","link":"https:\/\/mekulo.com\/dk\/produkt\/paaskepuslespil-i-trae-til-boern-4-stk\/","title":{"rendered":"P\u00e5skepuslespil i tr\u00e6 til b\u00f8rn (4 stk.)"},"content":{"rendered":"<h2 style=\"text-align: center\" data-section-id=\"wtab3f\" data-start=\"431\" data-end=\"447\">\u2728 L\u00f8ftet<\/h2>\n<p style=\"text-align: center\" data-start=\"449\" data-end=\"509\">Legende l\u00e6ring.<br data-start=\"466\" data-end=\"469\" \/>Sikre materialer.<br data-start=\"484\" data-end=\"487\" \/>Glade p\u00e5skestunder.<\/p>\n<p data-start=\"449\" data-end=\"509\"><img fetchpriority=\"high\" decoding=\"async\" class=\"size-full wp-image-27497 aligncenter\" src=\"https:\/\/mekulo.com\/template\/wp-content\/uploads\/sites\/6\/2026\/03\/71iwDtkEdYL._AC_SX679_.jpg\" alt=\"\" width=\"679\" height=\"679\" \/><\/p>\n<h2 style=\"text-align: center\" data-section-id=\"mifn5g\" data-start=\"516\" data-end=\"535\">\ud83d\udc23 Hovedfordele<\/h2>\n<p data-start=\"539\" data-end=\"657\">\ud83e\udde9 Let og engagerende puslespil &#8211; Hvert puslespil indeholder 4-6 brikker, perfekt til sm\u00e5b\u00f8rn og yngre b\u00f8rn.<\/p>\n<p data-start=\"661\" data-end=\"762\">\ud83c\udfa8 Farverige p\u00e5skedesigns &#8211; Indeholder sjove former som p\u00e5skehare, kylling, gulerod og \u00e6g.<\/p>\n<p data-start=\"766\" data-end=\"867\">\ud83e\udde0 Underst\u00f8tter tidlig l\u00e6ring &#8211; Opmuntrer til kreativitet, probleml\u00f8sning og h\u00e5nd-\u00f8je-koordination.<\/p>\n<p data-start=\"871\" data-end=\"956\">\ud83d\udc76 Sikkert for b\u00f8rn &#8211; Lavet af glat, milj\u00f8venligt tr\u00e6 uden skarpe kanter.<\/p>\n<p data-start=\"960\" data-end=\"1052\">\ud83c\udf81 Perfekt p\u00e5skegave &#8211; Perfekt til p\u00e5skekurve, festgaver eller ferieoverraskelser.<\/p>\n<p data-start=\"1056\" data-end=\"1151\">\ud83d\udc68\u200d\ud83d\udc69\u200d\ud83d\udc67 Opmuntrer til leg i familien &#8211; En sjov aktivitet, som for\u00e6ldre og b\u00f8rn kan nyde sammen.<\/p>\n<h2 style=\"text-align: center\" data-section-id=\"d0iej6\" data-start=\"1158\" data-end=\"1181\">\u2757 Problem \u2192 L\u00f8sning<\/h2>\n<p data-start=\"1183\" data-end=\"1276\"><strong data-start=\"1183\" data-end=\"1195\">Problem:<\/strong><br data-start=\"1195\" data-end=\"1198\" \/>Meget leget\u00f8j underholder b\u00f8rn kortvarigt, men underst\u00f8tter ikke l\u00e6ring eller kreativitet.<\/p>\n<p data-start=\"1278\" data-end=\"1462\"><strong data-start=\"1278\" data-end=\"1291\">L\u00f8sning:<\/strong><br data-start=\"1291\" data-end=\"1294\" \/>Dette p\u00e5skepuslespil i tr\u00e6 til b\u00f8rn kombinerer leg med l\u00e6ring og hj\u00e6lper b\u00f8rn med at forbedre fokus, koordination og kreativitet, mens de nyder de festlige p\u00e5skefigurer. L\u00e6ring gennem leg.<\/p>\n<p data-start=\"1278\" data-end=\"1462\"><img decoding=\"async\" class=\"size-full wp-image-27496 aligncenter\" src=\"https:\/\/mekulo.com\/template\/wp-content\/uploads\/sites\/6\/2026\/03\/71BqeZ2WUPL._AC_SX679_.jpg\" alt=\"\" width=\"679\" height=\"679\" \/><\/p>\n<h2 style=\"text-align: center\" data-section-id=\"1xvz424\" data-start=\"1493\" data-end=\"1519\">\ud83d\udc30 Perfekt til<\/h2>\n<ul data-start=\"1535\" data-end=\"1707\">\n<li data-section-id=\"yti7qx\" data-start=\"1535\" data-end=\"1558\">\n<p data-start=\"1537\" data-end=\"1558\">P\u00e5skekurvgaver<\/p>\n<\/li>\n<li data-section-id=\"1d1ufem\" data-start=\"1559\" data-end=\"1587\">\n<p data-start=\"1561\" data-end=\"1587\">P\u00e6dagogisk leget\u00f8j til sm\u00e5b\u00f8rn<\/p>\n<\/li>\n<li data-section-id=\"lz6ttw\" data-start=\"1588\" data-end=\"1621\">\n<p data-start=\"1590\" data-end=\"1621\">L\u00e6ringsaktiviteter i b\u00f8rnehaven<\/p>\n<\/li>\n<li data-section-id=\"y0hj4f\" data-start=\"1622\" data-end=\"1641\">\n<p data-start=\"1624\" data-end=\"1641\">Leg i familien<\/p>\n<\/li>\n<li data-section-id=\"1nchcil\" data-start=\"1642\" data-end=\"1671\">\n<p data-start=\"1644\" data-end=\"1671\">F\u00f8dselsdags- eller feriegaver<\/p>\n<\/li>\n<li data-section-id=\"a2t9fq\" data-start=\"1672\" data-end=\"1707\">\n<p data-start=\"1674\" data-end=\"1707\">Klasse- eller dagplejeaktiviteter<\/p>\n<\/li>\n<\/ul>\n<p data-start=\"1709\" data-end=\"1763\">Et enkelt stykke leget\u00f8j, der skaber meningsfulde l\u00e6rings\u00f8jeblikke.<\/p>\n<h2 style=\"text-align: center\" data-section-id=\"1k514u3\" data-start=\"1770\" data-end=\"1786\">\u2699\ufe0f S\u00e5dan bruges<\/h2>\n<ol data-start=\"1788\" data-end=\"2010\">\n<li data-section-id=\"19q7aec\" data-start=\"1788\" data-end=\"1833\">\n<p data-start=\"1791\" data-end=\"1833\">Placer puslespilsbr\u00e6ttet p\u00e5 en plan overflade.<\/p>\n<\/li>\n<li data-section-id=\"1389jed\" data-start=\"1834\" data-end=\"1888\">\n<p data-start=\"1837\" data-end=\"1888\">Lad b\u00f8rnene matche hver brik til det rigtige sted.<\/p>\n<\/li>\n<li data-section-id=\"r51d17\" data-start=\"1889\" data-end=\"1945\">\n<p data-start=\"1892\" data-end=\"1945\">Opmuntr dem til at l\u00e6gge puslespillet selvst\u00e6ndigt.<\/p>\n<\/li>\n<li data-section-id=\"1h4adfs\" data-start=\"1946\" data-end=\"2010\">\n<p data-start=\"1949\" data-end=\"2010\">Gentag aktiviteten for at opbygge tillid og l\u00e6ringsevner.<\/p>\n<\/li>\n<\/ol>\n<h2 style=\"text-align: center\" data-section-id=\"6cujb5\" data-start=\"2065\" data-end=\"2086\">\ud83d\udcd0 Produktdetaljer<\/h2>\n<ul data-start=\"2088\" data-end=\"2353\">\n<li data-section-id=\"1em42o7\" data-start=\"2088\" data-end=\"2136\">\n<p data-start=\"2090\" data-end=\"2136\">Materiale: Milj\u00f8venligt tr\u00e6 af h\u00f8j kvalitet<\/p>\n<\/li>\n<li data-section-id=\"5vyyoq\" data-start=\"2137\" data-end=\"2192\">\n<p data-start=\"2139\" data-end=\"2192\">Puslespilstyper: P\u00e5ske\u00e6g, kanin, kylling, gulerod<\/p>\n<\/li>\n<li data-section-id=\"10lvehw\" data-start=\"2193\" data-end=\"2237\">\n<p data-start=\"2195\" data-end=\"2237\">Puslespilsbrikker: 4-6 brikker pr. puslespil<\/p>\n<\/li>\n<li data-section-id=\"odi554\" data-start=\"2238\" data-end=\"2270\">\n<p data-start=\"2240\" data-end=\"2270\">St\u00f8rrelse: 14,7 x 14,7 x 1 cm<\/p>\n<\/li>\n<li data-section-id=\"1hy2fc\" data-start=\"2271\" data-end=\"2300\">\n<p data-start=\"2273\" data-end=\"2300\">V\u00e6gt: Ca. 160 g<\/p>\n<\/li>\n<li data-section-id=\"p3cjt\" data-start=\"2301\" data-end=\"2353\">\n<p data-start=\"2303\" data-end=\"2353\">Design: Farverige illustrationer med p\u00e5sketema<\/p>\n<\/li>\n<\/ul>\n<h2 style=\"text-align: center\" data-section-id=\"1qc1r63\" data-start=\"2396\" data-end=\"2418\">\ud83d\udce6 Pakken indeholder<\/h2>\n<ul data-start=\"2420\" data-end=\"2502\">\n<li data-section-id=\"108ei34\" data-start=\"2420\" data-end=\"2463\">\n<p data-start=\"2422\" data-end=\"2463\">4x p\u00e5skepuslespil i tr\u00e6 til b\u00f8rn.<\/p>\n<\/li>\n<\/ul>\n","protected":false},"excerpt":{"rendered":"<p>\ud83d\udc30En sjov m\u00e5de for b\u00f8rn at l\u00e6re, lege og fejre p\u00e5ske p\u00e5. Lyse puslespil, der s\u00e6tter gang i kreativitet og l\u00e6ring.<br \/>\n\ud83d\udc23Dette p\u00e5skepuslespil i tr\u00e6 til b\u00f8rn kombinerer farverige p\u00e5skefigurer med enkel leg.<br \/>\n\ud83e\udde0Designet til sm\u00e5 b\u00f8rn hj\u00e6lper det med at udvikle probleml\u00f8sningsevner, koordination og kreativitet, samtidig med at det g\u00f8r p\u00e5sken endnu sjovere.<\/p>\n","protected":false},"featured_media":26428,"comment_status":"open","ping_status":"closed","template":"","meta":{"site-sidebar-layout":"default","site-content-layout":"","ast-site-content-layout":"default","site-content-style":"default","site-sidebar-style":"default","ast-global-header-display":"","ast-banner-title-visibility":"","ast-main-header-display":"","ast-hfb-above-header-display":"","ast-hfb-below-header-display":"","ast-hfb-mobile-header-display":"","site-post-title":"","ast-breadcrumbs-content":"","ast-featured-img":"","footer-sml-layout":"","ast-disable-related-posts":"","theme-transparent-header-meta":"default","adv-header-id-meta":"","stick-header-meta":"","header-above-stick-meta":"","header-main-stick-meta":"","header-below-stick-meta":"","astra-migrate-meta-layouts":"set","ast-page-background-enabled":"default","ast-page-background-meta":{"desktop":{"background-color":"var(--ast-global-color-5)","background-image":"","background-repeat":"repeat","background-position":"center center","background-size":"auto","background-attachment":"scroll","background-type":"","background-media":"","overlay-type":"","overlay-color":"","overlay-opacity":"","overlay-gradient":""},"tablet":{"background-color":"","background-image":"","background-repeat":"repeat","background-position":"center center","background-size":"auto","background-attachment":"scroll","background-type":"","background-media":"","overlay-type":"","overlay-color":"","overlay-opacity":"","overlay-gradient":""},"mobile":{"background-color":"","background-image":"","background-repeat":"repeat","background-position":"center center","background-size":"auto","background-attachment":"scroll","background-type":"","background-media":"","overlay-type":"","overlay-color":"","overlay-opacity":"","overlay-gradient":""}},"ast-content-background-meta":{"desktop":{"background-color":"var(--ast-global-color-4)","background-image":"","background-repeat":"repeat","background-position":"center center","background-size":"auto","background-attachment":"scroll","background-type":"","background-media":"","overlay-type":"","overlay-color":"","overlay-opacity":"","overlay-gradient":""},"tablet":{"background-color":"var(--ast-global-color-4)","background-image":"","background-repeat":"repeat","background-position":"center center","background-size":"auto","background-attachment":"scroll","background-type":"","background-media":"","overlay-type":"","overlay-color":"","overlay-opacity":"","overlay-gradient":""},"mobile":{"background-color":"var(--ast-global-color-4)","background-image":"","background-repeat":"repeat","background-position":"center center","background-size":"auto","background-attachment":"scroll","background-type":"","background-media":"","overlay-type":"","overlay-color":"","overlay-opacity":"","overlay-gradient":""}}},"product_brand":[],"product_cat":[15],"product_tag":[],"class_list":{"0":"post-26432","1":"product","2":"type-product","3":"status-publish","4":"has-post-thumbnail","6":"product_cat-uncategorized","7":"desktop-align-left","8":"tablet-align-left","9":"mobile-align-left","11":"first","12":"instock","13":"shipping-taxable","14":"purchasable","15":"product-type-simple"},"yoast_head":"<!-- This site is optimized with the Yoast SEO plugin v27.4 - https:\/\/yoast.com\/product\/yoast-seo-wordpress\/ -->\n<title>P\u00e5skepuslespil i tr\u00e6 til b\u00f8rn (4 stk.) - Mekulo DK<\/title>\n<meta name=\"robots\" content=\"index, follow, max-snippet:-1, max-image-preview:large, max-video-preview:-1\" \/>\n<link rel=\"canonical\" href=\"https:\/\/mekulo.com\/dk\/produkt\/paaskepuslespil-i-trae-til-boern-4-stk\/\" \/>\n<meta property=\"og:locale\" content=\"da_DK\" \/>\n<meta property=\"og:type\" content=\"article\" \/>\n<meta property=\"og:title\" content=\"P\u00e5skepuslespil i tr\u00e6 til b\u00f8rn (4 stk.) - Mekulo DK\" \/>\n<meta property=\"og:description\" content=\"\ud83d\udc30En sjov m\u00e5de for b\u00f8rn at l\u00e6re, lege og fejre p\u00e5ske p\u00e5. Lyse puslespil, der s\u00e6tter gang i kreativitet og l\u00e6ring. \ud83d\udc23Dette p\u00e5skepuslespil i tr\u00e6 til b\u00f8rn kombinerer farverige p\u00e5skefigurer med enkel leg. \ud83e\udde0Designet til sm\u00e5 b\u00f8rn hj\u00e6lper det med at udvikle probleml\u00f8sningsevner, koordination og kreativitet, samtidig med at det g\u00f8r p\u00e5sken endnu sjovere.\" \/>\n<meta property=\"og:url\" content=\"https:\/\/mekulo.com\/dk\/produkt\/paaskepuslespil-i-trae-til-boern-4-stk\/\" \/>\n<meta property=\"og:site_name\" content=\"Mekulo DK\" \/>\n<meta property=\"og:image\" content=\"https:\/\/mekulo.com\/dk\/wp-content\/uploads\/sites\/12\/2026\/03\/5c4h6os-1.jpg\" \/>\n\t<meta property=\"og:image:width\" content=\"679\" \/>\n\t<meta property=\"og:image:height\" content=\"674\" \/>\n\t<meta property=\"og:image:type\" content=\"image\/jpeg\" \/>\n<meta name=\"twitter:card\" content=\"summary_large_image\" \/>\n<meta name=\"twitter:label1\" content=\"Estimeret l\u00e6setid\" \/>\n\t<meta name=\"twitter:data1\" content=\"2 minutter\" \/>\n<script type=\"application\/ld+json\" class=\"yoast-schema-graph\">{\"@context\":\"https:\\\/\\\/schema.org\",\"@graph\":[{\"@type\":\"WebPage\",\"@id\":\"https:\\\/\\\/mekulo.com\\\/dk\\\/produkt\\\/paaskepuslespil-i-trae-til-boern-4-stk\\\/\",\"url\":\"https:\\\/\\\/mekulo.com\\\/dk\\\/produkt\\\/paaskepuslespil-i-trae-til-boern-4-stk\\\/\",\"name\":\"P\u00e5skepuslespil i tr\u00e6 til b\u00f8rn (4 stk.) - Mekulo DK\",\"isPartOf\":{\"@id\":\"https:\\\/\\\/mekulo.com\\\/dk\\\/#website\"},\"primaryImageOfPage\":{\"@id\":\"https:\\\/\\\/mekulo.com\\\/dk\\\/produkt\\\/paaskepuslespil-i-trae-til-boern-4-stk\\\/#primaryimage\"},\"image\":{\"@id\":\"https:\\\/\\\/mekulo.com\\\/dk\\\/produkt\\\/paaskepuslespil-i-trae-til-boern-4-stk\\\/#primaryimage\"},\"thumbnailUrl\":\"https:\\\/\\\/mekulo.com\\\/dk\\\/wp-content\\\/uploads\\\/sites\\\/12\\\/2026\\\/03\\\/5c4h6os-1.jpg\",\"datePublished\":\"2026-03-12T12:46:31+00:00\",\"breadcrumb\":{\"@id\":\"https:\\\/\\\/mekulo.com\\\/dk\\\/produkt\\\/paaskepuslespil-i-trae-til-boern-4-stk\\\/#breadcrumb\"},\"inLanguage\":\"da-DK\",\"potentialAction\":[{\"@type\":\"ReadAction\",\"target\":[\"https:\\\/\\\/mekulo.com\\\/dk\\\/produkt\\\/paaskepuslespil-i-trae-til-boern-4-stk\\\/\"]}]},{\"@type\":\"ImageObject\",\"inLanguage\":\"da-DK\",\"@id\":\"https:\\\/\\\/mekulo.com\\\/dk\\\/produkt\\\/paaskepuslespil-i-trae-til-boern-4-stk\\\/#primaryimage\",\"url\":\"https:\\\/\\\/mekulo.com\\\/dk\\\/wp-content\\\/uploads\\\/sites\\\/12\\\/2026\\\/03\\\/5c4h6os-1.jpg\",\"contentUrl\":\"https:\\\/\\\/mekulo.com\\\/dk\\\/wp-content\\\/uploads\\\/sites\\\/12\\\/2026\\\/03\\\/5c4h6os-1.jpg\",\"width\":679,\"height\":674},{\"@type\":\"BreadcrumbList\",\"@id\":\"https:\\\/\\\/mekulo.com\\\/dk\\\/produkt\\\/paaskepuslespil-i-trae-til-boern-4-stk\\\/#breadcrumb\",\"itemListElement\":[{\"@type\":\"ListItem\",\"position\":1,\"name\":\"Home\",\"item\":\"https:\\\/\\\/mekulo.com\\\/dk\\\/\"},{\"@type\":\"ListItem\",\"position\":2,\"name\":\"Butik\",\"item\":\"https:\\\/\\\/mekulo.com\\\/dk\\\/butik\\\/\"},{\"@type\":\"ListItem\",\"position\":3,\"name\":\"P\u00e5skepuslespil i tr\u00e6 til b\u00f8rn (4 stk.)\"}]},{\"@type\":\"WebSite\",\"@id\":\"https:\\\/\\\/mekulo.com\\\/dk\\\/#website\",\"url\":\"https:\\\/\\\/mekulo.com\\\/dk\\\/\",\"name\":\"Mekulo DK\",\"description\":\"\",\"publisher\":{\"@id\":\"https:\\\/\\\/mekulo.com\\\/dk\\\/#organization\"},\"potentialAction\":[{\"@type\":\"SearchAction\",\"target\":{\"@type\":\"EntryPoint\",\"urlTemplate\":\"https:\\\/\\\/mekulo.com\\\/dk\\\/?s={search_term_string}\"},\"query-input\":{\"@type\":\"PropertyValueSpecification\",\"valueRequired\":true,\"valueName\":\"search_term_string\"}}],\"inLanguage\":\"da-DK\"},{\"@type\":\"Organization\",\"@id\":\"https:\\\/\\\/mekulo.com\\\/dk\\\/#organization\",\"name\":\"Mekulo\",\"url\":\"https:\\\/\\\/mekulo.com\\\/dk\\\/\",\"logo\":{\"@type\":\"ImageObject\",\"inLanguage\":\"da-DK\",\"@id\":\"https:\\\/\\\/mekulo.com\\\/dk\\\/#\\\/schema\\\/logo\\\/image\\\/\",\"url\":\"https:\\\/\\\/mekulo.com\\\/dk\\\/wp-content\\\/uploads\\\/sites\\\/12\\\/2025\\\/12\\\/favicon_mekulo.png\",\"contentUrl\":\"https:\\\/\\\/mekulo.com\\\/dk\\\/wp-content\\\/uploads\\\/sites\\\/12\\\/2025\\\/12\\\/favicon_mekulo.png\",\"width\":50,\"height\":50,\"caption\":\"Mekulo\"},\"image\":{\"@id\":\"https:\\\/\\\/mekulo.com\\\/dk\\\/#\\\/schema\\\/logo\\\/image\\\/\"}}]}<\/script>\n<!-- \/ Yoast SEO plugin. -->","yoast_head_json":{"title":"P\u00e5skepuslespil i tr\u00e6 til b\u00f8rn (4 stk.) - Mekulo DK","robots":{"index":"index","follow":"follow","max-snippet":"max-snippet:-1","max-image-preview":"max-image-preview:large","max-video-preview":"max-video-preview:-1"},"canonical":"https:\/\/mekulo.com\/dk\/produkt\/paaskepuslespil-i-trae-til-boern-4-stk\/","og_locale":"da_DK","og_type":"article","og_title":"P\u00e5skepuslespil i tr\u00e6 til b\u00f8rn (4 stk.) - Mekulo DK","og_description":"\ud83d\udc30En sjov m\u00e5de for b\u00f8rn at l\u00e6re, lege og fejre p\u00e5ske p\u00e5. Lyse puslespil, der s\u00e6tter gang i kreativitet og l\u00e6ring. \ud83d\udc23Dette p\u00e5skepuslespil i tr\u00e6 til b\u00f8rn kombinerer farverige p\u00e5skefigurer med enkel leg. \ud83e\udde0Designet til sm\u00e5 b\u00f8rn hj\u00e6lper det med at udvikle probleml\u00f8sningsevner, koordination og kreativitet, samtidig med at det g\u00f8r p\u00e5sken endnu sjovere.","og_url":"https:\/\/mekulo.com\/dk\/produkt\/paaskepuslespil-i-trae-til-boern-4-stk\/","og_site_name":"Mekulo DK","og_image":[{"width":679,"height":674,"url":"https:\/\/mekulo.com\/dk\/wp-content\/uploads\/sites\/12\/2026\/03\/5c4h6os-1.jpg","type":"image\/jpeg"}],"twitter_card":"summary_large_image","twitter_misc":{"Estimeret l\u00e6setid":"2 minutter"},"schema":{"@context":"https:\/\/schema.org","@graph":[{"@type":"WebPage","@id":"https:\/\/mekulo.com\/dk\/produkt\/paaskepuslespil-i-trae-til-boern-4-stk\/","url":"https:\/\/mekulo.com\/dk\/produkt\/paaskepuslespil-i-trae-til-boern-4-stk\/","name":"P\u00e5skepuslespil i tr\u00e6 til b\u00f8rn (4 stk.) - Mekulo DK","isPartOf":{"@id":"https:\/\/mekulo.com\/dk\/#website"},"primaryImageOfPage":{"@id":"https:\/\/mekulo.com\/dk\/produkt\/paaskepuslespil-i-trae-til-boern-4-stk\/#primaryimage"},"image":{"@id":"https:\/\/mekulo.com\/dk\/produkt\/paaskepuslespil-i-trae-til-boern-4-stk\/#primaryimage"},"thumbnailUrl":"https:\/\/mekulo.com\/dk\/wp-content\/uploads\/sites\/12\/2026\/03\/5c4h6os-1.jpg","datePublished":"2026-03-12T12:46:31+00:00","breadcrumb":{"@id":"https:\/\/mekulo.com\/dk\/produkt\/paaskepuslespil-i-trae-til-boern-4-stk\/#breadcrumb"},"inLanguage":"da-DK","potentialAction":[{"@type":"ReadAction","target":["https:\/\/mekulo.com\/dk\/produkt\/paaskepuslespil-i-trae-til-boern-4-stk\/"]}]},{"@type":"ImageObject","inLanguage":"da-DK","@id":"https:\/\/mekulo.com\/dk\/produkt\/paaskepuslespil-i-trae-til-boern-4-stk\/#primaryimage","url":"https:\/\/mekulo.com\/dk\/wp-content\/uploads\/sites\/12\/2026\/03\/5c4h6os-1.jpg","contentUrl":"https:\/\/mekulo.com\/dk\/wp-content\/uploads\/sites\/12\/2026\/03\/5c4h6os-1.jpg","width":679,"height":674},{"@type":"BreadcrumbList","@id":"https:\/\/mekulo.com\/dk\/produkt\/paaskepuslespil-i-trae-til-boern-4-stk\/#breadcrumb","itemListElement":[{"@type":"ListItem","position":1,"name":"Home","item":"https:\/\/mekulo.com\/dk\/"},{"@type":"ListItem","position":2,"name":"Butik","item":"https:\/\/mekulo.com\/dk\/butik\/"},{"@type":"ListItem","position":3,"name":"P\u00e5skepuslespil i tr\u00e6 til b\u00f8rn (4 stk.)"}]},{"@type":"WebSite","@id":"https:\/\/mekulo.com\/dk\/#website","url":"https:\/\/mekulo.com\/dk\/","name":"Mekulo DK","description":"","publisher":{"@id":"https:\/\/mekulo.com\/dk\/#organization"},"potentialAction":[{"@type":"SearchAction","target":{"@type":"EntryPoint","urlTemplate":"https:\/\/mekulo.com\/dk\/?s={search_term_string}"},"query-input":{"@type":"PropertyValueSpecification","valueRequired":true,"valueName":"search_term_string"}}],"inLanguage":"da-DK"},{"@type":"Organization","@id":"https:\/\/mekulo.com\/dk\/#organization","name":"Mekulo","url":"https:\/\/mekulo.com\/dk\/","logo":{"@type":"ImageObject","inLanguage":"da-DK","@id":"https:\/\/mekulo.com\/dk\/#\/schema\/logo\/image\/","url":"https:\/\/mekulo.com\/dk\/wp-content\/uploads\/sites\/12\/2025\/12\/favicon_mekulo.png","contentUrl":"https:\/\/mekulo.com\/dk\/wp-content\/uploads\/sites\/12\/2025\/12\/favicon_mekulo.png","width":50,"height":50,"caption":"Mekulo"},"image":{"@id":"https:\/\/mekulo.com\/dk\/#\/schema\/logo\/image\/"}}]}},"_links":{"self":[{"href":"https:\/\/mekulo.com\/dk\/wp-json\/wp\/v2\/product\/26432","targetHints":{"allow":["GET"]}}],"collection":[{"href":"https:\/\/mekulo.com\/dk\/wp-json\/wp\/v2\/product"}],"about":[{"href":"https:\/\/mekulo.com\/dk\/wp-json\/wp\/v2\/types\/product"}],"replies":[{"embeddable":true,"href":"https:\/\/mekulo.com\/dk\/wp-json\/wp\/v2\/comments?post=26432"}],"wp:featuredmedia":[{"embeddable":true,"href":"https:\/\/mekulo.com\/dk\/wp-json\/wp\/v2\/media\/26428"}],"wp:attachment":[{"href":"https:\/\/mekulo.com\/dk\/wp-json\/wp\/v2\/media?parent=26432"}],"wp:term":[{"taxonomy":"product_brand","embeddable":true,"href":"https:\/\/mekulo.com\/dk\/wp-json\/wp\/v2\/product_brand?post=26432"},{"taxonomy":"product_cat","embeddable":true,"href":"https:\/\/mekulo.com\/dk\/wp-json\/wp\/v2\/product_cat?post=26432"},{"taxonomy":"product_tag","embeddable":true,"href":"https:\/\/mekulo.com\/dk\/wp-json\/wp\/v2\/product_tag?post=26432"}],"curies":[{"name":"wp","href":"https:\/\/api.w.org\/{rel}","templated":true}]}}