{"id":26387,"date":"2026-03-10T17:57:06","date_gmt":"2026-03-10T15:57:06","guid":{"rendered":"https:\/\/mekulo.com\/dk\/produkt\/saet-med-kattesnor\/"},"modified":"2026-03-17T11:49:03","modified_gmt":"2026-03-17T09:49:03","slug":"saet-med-kattesnor","status":"publish","type":"product","link":"https:\/\/mekulo.com\/dk\/produkt\/saet-med-kattesnor\/","title":{"rendered":"S\u00e6t med kattesnor"},"content":{"rendered":"<h2 style=\"text-align: center\">\ud83d\udc31 Universelt design &#8211; den passer til alle katte! \ud83e\uddba<\/h2>\n<p><img decoding=\"async\" class=\"alignnone size-medium wp-image-10632 aligncenter\" src=\"https:\/\/keluvo.com\/template\/wp-content\/uploads\/sites\/5\/2025\/02\/S95435d26204f4842b639ac4487cc4a0aT.jpg_960x960q75.jpg_.jpeg\" alt=\"\" \/><\/p>\n<h2 style=\"text-align: center\">Nem at tage p\u00e5<\/h2>\n<p style=\"text-align: center\">Bare vikl den rundt om dit k\u00e6ledyr, l\u00e5s den fast, og s\u00e6t snoren p\u00e5. Ekstremt enkelt og nemt!<\/p>\n<p><img decoding=\"async\" class=\"size-full wp-image-14593 aligncenter\" src=\"https:\/\/keluvo.com\/template\/wp-content\/uploads\/sites\/5\/2025\/02\/catharnessvideo-ezgif.com-gif-to-webp-converter.webp\" alt=\"\" \/><\/p>\n<h2 style=\"text-align: center\" data-start=\"341\" data-end=\"370\">\u2705 Hvorfor du vil elske det:<\/h2>\n<ul data-start=\"372\" data-end=\"1083\">\n<li class=\"\" data-start=\"372\" data-end=\"482\">\n<p class=\"\" data-start=\"374\" data-end=\"482\"><strong data-start=\"374\" data-end=\"395\">Bl\u00f8d og \u00e5ndbar: <\/strong>Fremstillet af polyester og netstof &#8211; behagelig, let og perfekt til din kats pels.<\/p>\n<\/li>\n<li class=\"\" data-start=\"484\" data-end=\"613\">\n<p class=\"\" data-start=\"486\" data-end=\"613\"><strong data-start=\"486\" data-end=\"510\">Ikke Mere Smerte Ved at Tr\u00e6kke: <\/strong>Specielt 4-punktsdesign spreder trykket, s\u00e5 din kat ikke f\u00f8ler ubehag, n\u00e5r du forsigtigt tr\u00e6kker i den.<\/p>\n<\/li>\n<li class=\"\" data-start=\"615\" data-end=\"736\">\n<p class=\"\" data-start=\"617\" data-end=\"736\"><strong data-start=\"617\" data-end=\"640\">Justerbar og Sikker: <\/strong>Leveres med en 38 mm nylonl\u00e5s og et sp\u00e6nde i sikkerhedssele-stil, der passer godt og forhindrer flugt.<\/p>\n<\/li>\n<li class=\"\" data-start=\"738\" data-end=\"829\">\n<p class=\"\" data-start=\"740\" data-end=\"829\"><strong data-start=\"740\" data-end=\"756\">Let at B\u00e6re: <\/strong>Bare s\u00e6t den p\u00e5, juster st\u00f8rrelsen, og du er klar til at g\u00e5 p\u00e5 f\u00e5 sekunder!<\/p>\n<\/li>\n<li class=\"\" data-start=\"831\" data-end=\"971\">\n<p class=\"\" data-start=\"833\" data-end=\"971\"><strong data-start=\"833\" data-end=\"853\">St\u00e6rk og Stilfuld: <\/strong>Har et st\u00e6rkt D-sp\u00e6nde i metal, der ikke ruster, og et s\u00f8dt design i japansk stil, som din kat vil se bed\u00e5rende ud i.<\/p>\n<\/li>\n<li class=\"\" data-start=\"973\" data-end=\"1083\">\n<p class=\"\" data-start=\"975\" data-end=\"1083\"><strong data-start=\"975\" data-end=\"1002\">Komfortabelt for Dig Ogs\u00e5: <\/strong>H\u00e5ndtaget er bl\u00f8dt og ergonomisk, s\u00e5 din h\u00e5nd har det godt under hver g\u00e5tur.<\/p>\n<\/li>\n<\/ul>\n<p><img decoding=\"async\" class=\"alignnone size-medium wp-image-10631 aligncenter\" src=\"https:\/\/keluvo.com\/template\/wp-content\/uploads\/sites\/5\/2025\/02\/Sce89ebea72c4448bb63c0583d45b5acft.jpg_960x960q75.jpg_.jpeg\" alt=\"\" \/><\/p>\n<h2 style=\"text-align: center\" data-start=\"1090\" data-end=\"1127\">\ud83d\udce6 Hvad indeholder pakken:<\/h2>\n<ul data-start=\"1129\" data-end=\"1262\">\n<li class=\"\" data-start=\"1129\" data-end=\"1161\">\n<p class=\"\" data-start=\"1131\" data-end=\"1161\">1x kattesele og snores\u00e6t<\/p>\n<\/li>\n<\/ul>\n","protected":false},"excerpt":{"rendered":"<p>Dette kattesnors\u00e6t er bl\u00f8dt, \u00e5ndbart og designet til at holde din kat komfortabel og sikker. Uanset om det er en spadseretur i haven eller et lille udend\u00f8rs eventyr, g\u00f8r denne sele hver tur stressfri og sjov.<\/p>\n","protected":false},"featured_media":26383,"comment_status":"open","ping_status":"closed","template":"","meta":{"site-sidebar-layout":"default","site-content-layout":"","ast-site-content-layout":"default","site-content-style":"default","site-sidebar-style":"default","ast-global-header-display":"","ast-banner-title-visibility":"","ast-main-header-display":"","ast-hfb-above-header-display":"","ast-hfb-below-header-display":"","ast-hfb-mobile-header-display":"","site-post-title":"","ast-breadcrumbs-content":"","ast-featured-img":"","footer-sml-layout":"","theme-transparent-header-meta":"default","adv-header-id-meta":"","stick-header-meta":"","header-above-stick-meta":"","header-main-stick-meta":"","header-below-stick-meta":"","astra-migrate-meta-layouts":"set","ast-page-background-enabled":"default","ast-page-background-meta":{"desktop":{"background-color":"var(--ast-global-color-5)","background-image":"","background-repeat":"repeat","background-position":"center center","background-size":"auto","background-attachment":"scroll","background-type":"","background-media":"","overlay-type":"","overlay-color":"","overlay-opacity":"","overlay-gradient":""},"tablet":{"background-color":"","background-image":"","background-repeat":"repeat","background-position":"center center","background-size":"auto","background-attachment":"scroll","background-type":"","background-media":"","overlay-type":"","overlay-color":"","overlay-opacity":"","overlay-gradient":""},"mobile":{"background-color":"","background-image":"","background-repeat":"repeat","background-position":"center center","background-size":"auto","background-attachment":"scroll","background-type":"","background-media":"","overlay-type":"","overlay-color":"","overlay-opacity":"","overlay-gradient":""}},"ast-content-background-meta":{"desktop":{"background-color":"var(--ast-global-color-4)","background-image":"","background-repeat":"repeat","background-position":"center center","background-size":"auto","background-attachment":"scroll","background-type":"","background-media":"","overlay-type":"","overlay-color":"","overlay-opacity":"","overlay-gradient":""},"tablet":{"background-color":"var(--ast-global-color-4)","background-image":"","background-repeat":"repeat","background-position":"center center","background-size":"auto","background-attachment":"scroll","background-type":"","background-media":"","overlay-type":"","overlay-color":"","overlay-opacity":"","overlay-gradient":""},"mobile":{"background-color":"var(--ast-global-color-4)","background-image":"","background-repeat":"repeat","background-position":"center center","background-size":"auto","background-attachment":"scroll","background-type":"","background-media":"","overlay-type":"","overlay-color":"","overlay-opacity":"","overlay-gradient":""}}},"product_brand":[],"product_cat":[169],"product_tag":[],"class_list":{"0":"post-26387","1":"product","2":"type-product","3":"status-publish","4":"has-post-thumbnail","6":"product_cat-kaeledyrsprodukter","7":"pa_41647_shqsqfj0-blaa","8":"pa_41647_shqsqfj0-groen","9":"pa_41647_shqsqfj0-roed","10":"desktop-align-left","11":"tablet-align-left","12":"mobile-align-left","14":"first","15":"instock","16":"shipping-taxable","17":"purchasable","18":"product-type-variable"},"yoast_head":"<!-- This site is optimized with the Yoast SEO plugin v26.6 - https:\/\/yoast.com\/wordpress\/plugins\/seo\/ -->\n<title>S\u00e6t med kattesnor - Mekulo DK<\/title>\n<meta name=\"robots\" content=\"index, follow, max-snippet:-1, max-image-preview:large, max-video-preview:-1\" \/>\n<link rel=\"canonical\" href=\"https:\/\/mekulo.com\/dk\/produkt\/saet-med-kattesnor\/\" \/>\n<meta property=\"og:locale\" content=\"da_DK\" \/>\n<meta property=\"og:type\" content=\"article\" \/>\n<meta property=\"og:title\" content=\"S\u00e6t med kattesnor - Mekulo DK\" \/>\n<meta property=\"og:description\" content=\"Dette kattesnors\u00e6t er bl\u00f8dt, \u00e5ndbart og designet til at holde din kat komfortabel og sikker. Uanset om det er en spadseretur i haven eller et lille udend\u00f8rs eventyr, g\u00f8r denne sele hver tur stressfri og sjov.\" \/>\n<meta property=\"og:url\" content=\"https:\/\/mekulo.com\/dk\/produkt\/saet-med-kattesnor\/\" \/>\n<meta property=\"og:site_name\" content=\"Mekulo DK\" \/>\n<meta property=\"article:modified_time\" content=\"2026-03-17T09:49:03+00:00\" \/>\n<meta property=\"og:image\" content=\"https:\/\/mekulo.com\/dk\/wp-content\/uploads\/sites\/12\/2026\/03\/hzkaicu-1.jpeg\" \/>\n\t<meta property=\"og:image:width\" content=\"800\" \/>\n\t<meta property=\"og:image:height\" content=\"800\" \/>\n\t<meta property=\"og:image:type\" content=\"image\/jpeg\" \/>\n<meta name=\"twitter:card\" content=\"summary_large_image\" \/>\n<meta name=\"twitter:label1\" content=\"Estimeret l\u00e6setid\" \/>\n\t<meta name=\"twitter:data1\" content=\"2 minutter\" \/>\n<script type=\"application\/ld+json\" class=\"yoast-schema-graph\">{\"@context\":\"https:\/\/schema.org\",\"@graph\":[{\"@type\":\"WebPage\",\"@id\":\"https:\/\/mekulo.com\/dk\/produkt\/saet-med-kattesnor\/\",\"url\":\"https:\/\/mekulo.com\/dk\/produkt\/saet-med-kattesnor\/\",\"name\":\"S\u00e6t med kattesnor - Mekulo DK\",\"isPartOf\":{\"@id\":\"https:\/\/mekulo.com\/dk\/#website\"},\"primaryImageOfPage\":{\"@id\":\"https:\/\/mekulo.com\/dk\/produkt\/saet-med-kattesnor\/#primaryimage\"},\"image\":{\"@id\":\"https:\/\/mekulo.com\/dk\/produkt\/saet-med-kattesnor\/#primaryimage\"},\"thumbnailUrl\":\"https:\/\/mekulo.com\/dk\/wp-content\/uploads\/sites\/12\/2026\/03\/hzkaicu-1.jpeg\",\"datePublished\":\"2026-03-10T15:57:06+00:00\",\"dateModified\":\"2026-03-17T09:49:03+00:00\",\"breadcrumb\":{\"@id\":\"https:\/\/mekulo.com\/dk\/produkt\/saet-med-kattesnor\/#breadcrumb\"},\"inLanguage\":\"da-DK\",\"potentialAction\":[{\"@type\":\"ReadAction\",\"target\":[\"https:\/\/mekulo.com\/dk\/produkt\/saet-med-kattesnor\/\"]}]},{\"@type\":\"ImageObject\",\"inLanguage\":\"da-DK\",\"@id\":\"https:\/\/mekulo.com\/dk\/produkt\/saet-med-kattesnor\/#primaryimage\",\"url\":\"https:\/\/mekulo.com\/dk\/wp-content\/uploads\/sites\/12\/2026\/03\/hzkaicu-1.jpeg\",\"contentUrl\":\"https:\/\/mekulo.com\/dk\/wp-content\/uploads\/sites\/12\/2026\/03\/hzkaicu-1.jpeg\",\"width\":800,\"height\":800},{\"@type\":\"BreadcrumbList\",\"@id\":\"https:\/\/mekulo.com\/dk\/produkt\/saet-med-kattesnor\/#breadcrumb\",\"itemListElement\":[{\"@type\":\"ListItem\",\"position\":1,\"name\":\"Home\",\"item\":\"https:\/\/mekulo.com\/dk\/\"},{\"@type\":\"ListItem\",\"position\":2,\"name\":\"Butik\",\"item\":\"https:\/\/mekulo.com\/dk\/butik\/\"},{\"@type\":\"ListItem\",\"position\":3,\"name\":\"S\u00e6t med kattesnor\"}]},{\"@type\":\"WebSite\",\"@id\":\"https:\/\/mekulo.com\/dk\/#website\",\"url\":\"https:\/\/mekulo.com\/dk\/\",\"name\":\"Mekulo DK\",\"description\":\"\",\"publisher\":{\"@id\":\"https:\/\/mekulo.com\/dk\/#organization\"},\"potentialAction\":[{\"@type\":\"SearchAction\",\"target\":{\"@type\":\"EntryPoint\",\"urlTemplate\":\"https:\/\/mekulo.com\/dk\/?s={search_term_string}\"},\"query-input\":{\"@type\":\"PropertyValueSpecification\",\"valueRequired\":true,\"valueName\":\"search_term_string\"}}],\"inLanguage\":\"da-DK\"},{\"@type\":\"Organization\",\"@id\":\"https:\/\/mekulo.com\/dk\/#organization\",\"name\":\"Mekulo\",\"url\":\"https:\/\/mekulo.com\/dk\/\",\"logo\":{\"@type\":\"ImageObject\",\"inLanguage\":\"da-DK\",\"@id\":\"https:\/\/mekulo.com\/dk\/#\/schema\/logo\/image\/\",\"url\":\"https:\/\/mekulo.com\/dk\/wp-content\/uploads\/sites\/12\/2025\/12\/favicon_mekulo.png\",\"contentUrl\":\"https:\/\/mekulo.com\/dk\/wp-content\/uploads\/sites\/12\/2025\/12\/favicon_mekulo.png\",\"width\":50,\"height\":50,\"caption\":\"Mekulo\"},\"image\":{\"@id\":\"https:\/\/mekulo.com\/dk\/#\/schema\/logo\/image\/\"}}]}<\/script>\n<!-- \/ Yoast SEO plugin. -->","yoast_head_json":{"title":"S\u00e6t med kattesnor - Mekulo DK","robots":{"index":"index","follow":"follow","max-snippet":"max-snippet:-1","max-image-preview":"max-image-preview:large","max-video-preview":"max-video-preview:-1"},"canonical":"https:\/\/mekulo.com\/dk\/produkt\/saet-med-kattesnor\/","og_locale":"da_DK","og_type":"article","og_title":"S\u00e6t med kattesnor - Mekulo DK","og_description":"Dette kattesnors\u00e6t er bl\u00f8dt, \u00e5ndbart og designet til at holde din kat komfortabel og sikker. Uanset om det er en spadseretur i haven eller et lille udend\u00f8rs eventyr, g\u00f8r denne sele hver tur stressfri og sjov.","og_url":"https:\/\/mekulo.com\/dk\/produkt\/saet-med-kattesnor\/","og_site_name":"Mekulo DK","article_modified_time":"2026-03-17T09:49:03+00:00","og_image":[{"width":800,"height":800,"url":"https:\/\/mekulo.com\/dk\/wp-content\/uploads\/sites\/12\/2026\/03\/hzkaicu-1.jpeg","type":"image\/jpeg"}],"twitter_card":"summary_large_image","twitter_misc":{"Estimeret l\u00e6setid":"2 minutter"},"schema":{"@context":"https:\/\/schema.org","@graph":[{"@type":"WebPage","@id":"https:\/\/mekulo.com\/dk\/produkt\/saet-med-kattesnor\/","url":"https:\/\/mekulo.com\/dk\/produkt\/saet-med-kattesnor\/","name":"S\u00e6t med kattesnor - Mekulo DK","isPartOf":{"@id":"https:\/\/mekulo.com\/dk\/#website"},"primaryImageOfPage":{"@id":"https:\/\/mekulo.com\/dk\/produkt\/saet-med-kattesnor\/#primaryimage"},"image":{"@id":"https:\/\/mekulo.com\/dk\/produkt\/saet-med-kattesnor\/#primaryimage"},"thumbnailUrl":"https:\/\/mekulo.com\/dk\/wp-content\/uploads\/sites\/12\/2026\/03\/hzkaicu-1.jpeg","datePublished":"2026-03-10T15:57:06+00:00","dateModified":"2026-03-17T09:49:03+00:00","breadcrumb":{"@id":"https:\/\/mekulo.com\/dk\/produkt\/saet-med-kattesnor\/#breadcrumb"},"inLanguage":"da-DK","potentialAction":[{"@type":"ReadAction","target":["https:\/\/mekulo.com\/dk\/produkt\/saet-med-kattesnor\/"]}]},{"@type":"ImageObject","inLanguage":"da-DK","@id":"https:\/\/mekulo.com\/dk\/produkt\/saet-med-kattesnor\/#primaryimage","url":"https:\/\/mekulo.com\/dk\/wp-content\/uploads\/sites\/12\/2026\/03\/hzkaicu-1.jpeg","contentUrl":"https:\/\/mekulo.com\/dk\/wp-content\/uploads\/sites\/12\/2026\/03\/hzkaicu-1.jpeg","width":800,"height":800},{"@type":"BreadcrumbList","@id":"https:\/\/mekulo.com\/dk\/produkt\/saet-med-kattesnor\/#breadcrumb","itemListElement":[{"@type":"ListItem","position":1,"name":"Home","item":"https:\/\/mekulo.com\/dk\/"},{"@type":"ListItem","position":2,"name":"Butik","item":"https:\/\/mekulo.com\/dk\/butik\/"},{"@type":"ListItem","position":3,"name":"S\u00e6t med kattesnor"}]},{"@type":"WebSite","@id":"https:\/\/mekulo.com\/dk\/#website","url":"https:\/\/mekulo.com\/dk\/","name":"Mekulo DK","description":"","publisher":{"@id":"https:\/\/mekulo.com\/dk\/#organization"},"potentialAction":[{"@type":"SearchAction","target":{"@type":"EntryPoint","urlTemplate":"https:\/\/mekulo.com\/dk\/?s={search_term_string}"},"query-input":{"@type":"PropertyValueSpecification","valueRequired":true,"valueName":"search_term_string"}}],"inLanguage":"da-DK"},{"@type":"Organization","@id":"https:\/\/mekulo.com\/dk\/#organization","name":"Mekulo","url":"https:\/\/mekulo.com\/dk\/","logo":{"@type":"ImageObject","inLanguage":"da-DK","@id":"https:\/\/mekulo.com\/dk\/#\/schema\/logo\/image\/","url":"https:\/\/mekulo.com\/dk\/wp-content\/uploads\/sites\/12\/2025\/12\/favicon_mekulo.png","contentUrl":"https:\/\/mekulo.com\/dk\/wp-content\/uploads\/sites\/12\/2025\/12\/favicon_mekulo.png","width":50,"height":50,"caption":"Mekulo"},"image":{"@id":"https:\/\/mekulo.com\/dk\/#\/schema\/logo\/image\/"}}]}},"_links":{"self":[{"href":"https:\/\/mekulo.com\/dk\/wp-json\/wp\/v2\/product\/26387","targetHints":{"allow":["GET"]}}],"collection":[{"href":"https:\/\/mekulo.com\/dk\/wp-json\/wp\/v2\/product"}],"about":[{"href":"https:\/\/mekulo.com\/dk\/wp-json\/wp\/v2\/types\/product"}],"replies":[{"embeddable":true,"href":"https:\/\/mekulo.com\/dk\/wp-json\/wp\/v2\/comments?post=26387"}],"wp:featuredmedia":[{"embeddable":true,"href":"https:\/\/mekulo.com\/dk\/wp-json\/wp\/v2\/media\/26383"}],"wp:attachment":[{"href":"https:\/\/mekulo.com\/dk\/wp-json\/wp\/v2\/media?parent=26387"}],"wp:term":[{"taxonomy":"product_brand","embeddable":true,"href":"https:\/\/mekulo.com\/dk\/wp-json\/wp\/v2\/product_brand?post=26387"},{"taxonomy":"product_cat","embeddable":true,"href":"https:\/\/mekulo.com\/dk\/wp-json\/wp\/v2\/product_cat?post=26387"},{"taxonomy":"product_tag","embeddable":true,"href":"https:\/\/mekulo.com\/dk\/wp-json\/wp\/v2\/product_tag?post=26387"}],"curies":[{"name":"wp","href":"https:\/\/api.w.org\/{rel}","templated":true}]}}