{"id":26019,"date":"2026-02-26T08:23:23","date_gmt":"2026-02-26T06:23:23","guid":{"rendered":"https:\/\/mekulo.com\/dk\/produkt\/skruetraekkersaet-med-10-dele\/"},"modified":"2026-02-26T08:45:57","modified_gmt":"2026-02-26T06:45:57","slug":"skruetraekkersaet-med-10-dele","status":"publish","type":"product","link":"https:\/\/mekulo.com\/dk\/produkt\/skruetraekkersaet-med-10-dele\/","title":{"rendered":"Skruetr\u00e6kkers\u00e6t med 10 dele"},"content":{"rendered":"<h2 style=\"text-align: center\" data-start=\"294\" data-end=\"310\">\u2728 L\u00f8ftet<\/h2>\n<p style=\"text-align: center\" data-start=\"312\" data-end=\"372\">Grib fast.<br data-start=\"324\" data-end=\"327\" \/>drej j\u00e6vnt.<br data-start=\"341\" data-end=\"344\" \/>tr\u00e6k ud uden frustration.<\/p>\n<p data-start=\"312\" data-end=\"372\"><img fetchpriority=\"high\" decoding=\"async\" class=\" wp-image-26309 aligncenter\" src=\"https:\/\/mekulo.com\/template\/wp-content\/uploads\/sites\/6\/2026\/02\/122132-ezgif.com-video-to-webp-converter.webp\" alt=\"\" width=\"550\" height=\"550\" \/><\/p>\n<h2 style=\"text-align: center\" data-start=\"379\" data-end=\"397\">\u2705 Vigtigste fordele<\/h2>\n<p data-start=\"401\" data-end=\"486\">\u2699\ufe0f Venstreh\u00e5ndsspiraldesign &#8211; strammer grebet, n\u00e5r du drejer for sikker udtr\u00e6kning.<\/p>\n<p data-start=\"490\" data-end=\"573\">\ud83c\udfaf 10 vigtige st\u00f8rrelser inkluderet &#8211; klar til en lang r\u00e6kke reparationssituationer.<\/p>\n<p data-start=\"577\" data-end=\"664\">\ud83d\udee0\ufe0f Forenkler vanskelige udtr\u00e6kninger &#8211; hj\u00e6lper med at reducere skader p\u00e5 omgivende materialer.<\/p>\n<p data-start=\"668\" data-end=\"742\">\ud83e\udde9 Tydeligt markeret st\u00f8rrelse &#8211; Hurtig identifikation for hurtigere arbejdsgang.<\/p>\n<p data-start=\"746\" data-end=\"830\">\ud83d\udcaa Holdbar st\u00e5lkonstruktion &#8211; Modstandsdygtig over for slid, korrosion og deformation.<\/p>\n<p data-start=\"834\" data-end=\"920\">\ud83d\udd4a\ufe0f Velegnet til begyndere og professionelle &#8211; Let at integrere i ethvert v\u00e6rkt\u00f8jss\u00e6t.<\/p>\n<p data-start=\"924\" data-end=\"1007\">\ud83c\udfe0 Alsidig hverdagsbrug &#8211; Ideel til reparationer i hjemmet, p\u00e5 v\u00e6rkstedet og i bilen.<\/p>\n<h2 style=\"text-align: center\" data-start=\"1014\" data-end=\"1037\">\u2757 Problem \u2192 L\u00f8sning<\/h2>\n<p data-start=\"1039\" data-end=\"1154\"><strong data-start=\"1039\" data-end=\"1051\">Problem:<\/strong><br data-start=\"1051\" data-end=\"1054\" \/>Afrevne eller kn\u00e6kkede skruer kan standse reparationer og kr\u00e6ver ofte overdreven kraft eller risikabel improvisation.<\/p>\n<p data-start=\"1156\" data-end=\"1273\"><strong data-start=\"1156\" data-end=\"1169\">L\u00f8sning:<\/strong><br data-start=\"1169\" data-end=\"1172\" \/>Dette udtr\u00e6kkers\u00e6t giver en kontrolleret, specialbygget metode til ren og effektiv fjernelse af skruer.<\/p>\n<p data-start=\"1156\" data-end=\"1273\"><img decoding=\"async\" class=\" wp-image-26310 aligncenter\" src=\"https:\/\/mekulo.com\/template\/wp-content\/uploads\/sites\/6\/2026\/02\/122131-ezgif.com-video-to-webp-converter.webp\" alt=\"\" width=\"551\" height=\"551\" \/><\/p>\n<h2 style=\"text-align: center\" data-start=\"1280\" data-end=\"1297\">\ud83c\udf3f Perfekt til<\/h2>\n<ul data-start=\"1299\" data-end=\"1418\">\n<li data-start=\"1299\" data-end=\"1324\">\n<p data-start=\"1301\" data-end=\"1324\">Fjernelse af beskadigede skruer<\/p>\n<\/li>\n<li data-start=\"1325\" data-end=\"1351\">\n<p data-start=\"1327\" data-end=\"1351\">Fjernelse af kn\u00e6kkede bolte<\/p>\n<\/li>\n<li data-start=\"1352\" data-end=\"1374\">\n<p data-start=\"1354\" data-end=\"1374\">Bilreparationer<\/p>\n<\/li>\n<li data-start=\"1375\" data-end=\"1401\">\n<p data-start=\"1377\" data-end=\"1401\">DIY &amp; hjemmevedligeholdelse<\/p>\n<\/li>\n<li data-start=\"1402\" data-end=\"1418\">\n<p data-start=\"1404\" data-end=\"1418\">V\u00e6rkstedsbrug<\/p>\n<\/li>\n<\/ul>\n<p data-start=\"1420\" data-end=\"1465\">Et must-have til reparations- og restaureringsopgaver.<\/p>\n<h2 style=\"text-align: center\" data-start=\"1472\" data-end=\"1488\">\u2699\ufe0f S\u00e5dan bruges<\/h2>\n<ol data-start=\"1490\" data-end=\"1660\">\n<li data-start=\"1490\" data-end=\"1534\">\n<p data-start=\"1493\" data-end=\"1534\">Bor et pilothul i den beskadigede skrue.<\/p>\n<\/li>\n<li data-start=\"1535\" data-end=\"1573\">\n<p data-start=\"1538\" data-end=\"1573\">V\u00e6lg den korrekte st\u00f8rrelse af udtr\u00e6kker.<\/p>\n<\/li>\n<li data-start=\"1574\" data-end=\"1609\">\n<p data-start=\"1577\" data-end=\"1609\">S\u00e6t udtr\u00e6kkeren ind i hullet.<\/p>\n<\/li>\n<li data-start=\"1610\" data-end=\"1638\">\n<p data-start=\"1613\" data-end=\"1638\">Drej mod uret.<\/p>\n<\/li>\n<li data-start=\"1639\" data-end=\"1660\">\n<p data-start=\"1642\" data-end=\"1660\">Fjern skruen.<\/p>\n<\/li>\n<\/ol>\n<h2 style=\"text-align: center\" data-start=\"1696\" data-end=\"1717\">\ud83d\udcd0 Produktdetaljer<\/h2>\n<ul data-start=\"1719\" data-end=\"1935\">\n<li data-start=\"1719\" data-end=\"1742\">\n<p data-start=\"1721\" data-end=\"1742\">Materiale: St\u00e5l<\/p>\n<\/li>\n<li data-start=\"1743\" data-end=\"1774\">\n<p data-start=\"1745\" data-end=\"1774\">S\u00e6tst\u00f8rrelse: 10 udtr\u00e6kkere<\/p>\n<\/li>\n<li data-start=\"1775\" data-end=\"1836\">\n<p data-start=\"1777\" data-end=\"1836\">St\u00f8rrelser: 4 mm, 5 mm, 5,5 mm, 6 mm, 7 mm, 7,5 mm, 8,5 mm, 9 mm, 10 mm, 11 mm<\/p>\n<\/li>\n<li data-start=\"1837\" data-end=\"1871\">\n<p data-start=\"1839\" data-end=\"1871\">Design: Venstreh\u00e5ndsspiral<\/p>\n<\/li>\n<li data-start=\"1872\" data-end=\"1935\">\n<p data-start=\"1874\" data-end=\"1935\">Kompatibilitet: Passer til de fleste skrue- og boltst\u00f8rrelser<\/p>\n<\/li>\n<\/ul>\n<h2 style=\"text-align: center\" data-start=\"1980\" data-end=\"2002\">\ud83d\udce6 Pakken indeholder<\/h2>\n<ul data-start=\"2004\" data-end=\"2038\">\n<li data-start=\"2004\" data-end=\"2038\">\n<p data-start=\"2006\" data-end=\"2038\">1, 2x udtr\u00e6kkers\u00e6t (10, 20 stk.).<\/p>\n<\/li>\n<\/ul>\n","protected":false},"excerpt":{"rendered":"<p>\ud83e\uddf0Fjern beskadigede skruer med sikkerhed.<br \/>\n\ud83d\udc68\u200d\ud83d\udd27A p\u00e5lidelig l\u00f8sning til genstridige skruer.<br \/>\n<span style=\"font-size: 16px;font-style: normal;font-weight: 400\">\ud83d\udd29<\/span>Dette skrueudtr\u00e6kkers\u00e6t med 10 dele er designet til at hj\u00e6lpe dig med sikkert og effektivt at fjerne afrevne, kn\u00e6kkede eller fastklemte skruer og bolte.<\/p>\n","protected":false},"featured_media":26015,"comment_status":"open","ping_status":"closed","template":"","meta":{"site-sidebar-layout":"default","site-content-layout":"","ast-site-content-layout":"default","site-content-style":"default","site-sidebar-style":"default","ast-global-header-display":"","ast-banner-title-visibility":"","ast-main-header-display":"","ast-hfb-above-header-display":"","ast-hfb-below-header-display":"","ast-hfb-mobile-header-display":"","site-post-title":"","ast-breadcrumbs-content":"","ast-featured-img":"","footer-sml-layout":"","ast-disable-related-posts":"","theme-transparent-header-meta":"default","adv-header-id-meta":"","stick-header-meta":"","header-above-stick-meta":"","header-main-stick-meta":"","header-below-stick-meta":"","astra-migrate-meta-layouts":"set","ast-page-background-enabled":"default","ast-page-background-meta":{"desktop":{"background-color":"var(--ast-global-color-5)","background-image":"","background-repeat":"repeat","background-position":"center center","background-size":"auto","background-attachment":"scroll","background-type":"","background-media":"","overlay-type":"","overlay-color":"","overlay-opacity":"","overlay-gradient":""},"tablet":{"background-color":"","background-image":"","background-repeat":"repeat","background-position":"center center","background-size":"auto","background-attachment":"scroll","background-type":"","background-media":"","overlay-type":"","overlay-color":"","overlay-opacity":"","overlay-gradient":""},"mobile":{"background-color":"","background-image":"","background-repeat":"repeat","background-position":"center center","background-size":"auto","background-attachment":"scroll","background-type":"","background-media":"","overlay-type":"","overlay-color":"","overlay-opacity":"","overlay-gradient":""}},"ast-content-background-meta":{"desktop":{"background-color":"var(--ast-global-color-4)","background-image":"","background-repeat":"repeat","background-position":"center center","background-size":"auto","background-attachment":"scroll","background-type":"","background-media":"","overlay-type":"","overlay-color":"","overlay-opacity":"","overlay-gradient":""},"tablet":{"background-color":"var(--ast-global-color-4)","background-image":"","background-repeat":"repeat","background-position":"center center","background-size":"auto","background-attachment":"scroll","background-type":"","background-media":"","overlay-type":"","overlay-color":"","overlay-opacity":"","overlay-gradient":""},"mobile":{"background-color":"var(--ast-global-color-4)","background-image":"","background-repeat":"repeat","background-position":"center center","background-size":"auto","background-attachment":"scroll","background-type":"","background-media":"","overlay-type":"","overlay-color":"","overlay-opacity":"","overlay-gradient":""}}},"product_brand":[],"product_cat":[15],"product_tag":[],"class_list":{"0":"post-26019","1":"product","2":"type-product","3":"status-publish","4":"has-post-thumbnail","6":"product_cat-uncategorized","7":"pa_63163_qd0etl21-1-saet","8":"pa_63163_qd0etl21-2-saet","9":"desktop-align-left","10":"tablet-align-left","11":"mobile-align-left","13":"first","14":"instock","15":"shipping-taxable","16":"purchasable","17":"product-type-variable"},"yoast_head":"<!-- This site is optimized with the Yoast SEO plugin v27.4 - https:\/\/yoast.com\/product\/yoast-seo-wordpress\/ -->\n<title>Skruetr\u00e6kkers\u00e6t med 10 dele - Mekulo DK<\/title>\n<meta name=\"robots\" content=\"index, follow, max-snippet:-1, max-image-preview:large, max-video-preview:-1\" \/>\n<link rel=\"canonical\" href=\"https:\/\/mekulo.com\/dk\/produkt\/skruetraekkersaet-med-10-dele\/\" \/>\n<meta property=\"og:locale\" content=\"da_DK\" \/>\n<meta property=\"og:type\" content=\"article\" \/>\n<meta property=\"og:title\" content=\"Skruetr\u00e6kkers\u00e6t med 10 dele - Mekulo DK\" \/>\n<meta property=\"og:description\" content=\"\ud83e\uddf0Fjern beskadigede skruer med sikkerhed. \ud83d\udc68\u200d\ud83d\udd27A p\u00e5lidelig l\u00f8sning til genstridige skruer. \ud83d\udd29Dette skrueudtr\u00e6kkers\u00e6t med 10 dele er designet til at hj\u00e6lpe dig med sikkert og effektivt at fjerne afrevne, kn\u00e6kkede eller fastklemte skruer og bolte.\" \/>\n<meta property=\"og:url\" content=\"https:\/\/mekulo.com\/dk\/produkt\/skruetraekkersaet-med-10-dele\/\" \/>\n<meta property=\"og:site_name\" content=\"Mekulo DK\" \/>\n<meta property=\"article:modified_time\" content=\"2026-02-26T06:45:57+00:00\" \/>\n<meta property=\"og:image\" content=\"https:\/\/mekulo.com\/dk\/wp-content\/uploads\/sites\/12\/2026\/02\/4hhbks9-1.jpg\" \/>\n\t<meta property=\"og:image:width\" content=\"800\" \/>\n\t<meta property=\"og:image:height\" content=\"800\" \/>\n\t<meta property=\"og:image:type\" content=\"image\/jpeg\" \/>\n<meta name=\"twitter:card\" content=\"summary_large_image\" \/>\n<meta name=\"twitter:label1\" content=\"Estimeret l\u00e6setid\" \/>\n\t<meta name=\"twitter:data1\" content=\"2 minutter\" \/>\n<script type=\"application\/ld+json\" class=\"yoast-schema-graph\">{\"@context\":\"https:\\\/\\\/schema.org\",\"@graph\":[{\"@type\":\"WebPage\",\"@id\":\"https:\\\/\\\/mekulo.com\\\/dk\\\/produkt\\\/skruetraekkersaet-med-10-dele\\\/\",\"url\":\"https:\\\/\\\/mekulo.com\\\/dk\\\/produkt\\\/skruetraekkersaet-med-10-dele\\\/\",\"name\":\"Skruetr\u00e6kkers\u00e6t med 10 dele - Mekulo DK\",\"isPartOf\":{\"@id\":\"https:\\\/\\\/mekulo.com\\\/dk\\\/#website\"},\"primaryImageOfPage\":{\"@id\":\"https:\\\/\\\/mekulo.com\\\/dk\\\/produkt\\\/skruetraekkersaet-med-10-dele\\\/#primaryimage\"},\"image\":{\"@id\":\"https:\\\/\\\/mekulo.com\\\/dk\\\/produkt\\\/skruetraekkersaet-med-10-dele\\\/#primaryimage\"},\"thumbnailUrl\":\"https:\\\/\\\/mekulo.com\\\/dk\\\/wp-content\\\/uploads\\\/sites\\\/12\\\/2026\\\/02\\\/4hhbks9-1.jpg\",\"datePublished\":\"2026-02-26T06:23:23+00:00\",\"dateModified\":\"2026-02-26T06:45:57+00:00\",\"breadcrumb\":{\"@id\":\"https:\\\/\\\/mekulo.com\\\/dk\\\/produkt\\\/skruetraekkersaet-med-10-dele\\\/#breadcrumb\"},\"inLanguage\":\"da-DK\",\"potentialAction\":[{\"@type\":\"ReadAction\",\"target\":[\"https:\\\/\\\/mekulo.com\\\/dk\\\/produkt\\\/skruetraekkersaet-med-10-dele\\\/\"]}]},{\"@type\":\"ImageObject\",\"inLanguage\":\"da-DK\",\"@id\":\"https:\\\/\\\/mekulo.com\\\/dk\\\/produkt\\\/skruetraekkersaet-med-10-dele\\\/#primaryimage\",\"url\":\"https:\\\/\\\/mekulo.com\\\/dk\\\/wp-content\\\/uploads\\\/sites\\\/12\\\/2026\\\/02\\\/4hhbks9-1.jpg\",\"contentUrl\":\"https:\\\/\\\/mekulo.com\\\/dk\\\/wp-content\\\/uploads\\\/sites\\\/12\\\/2026\\\/02\\\/4hhbks9-1.jpg\",\"width\":800,\"height\":800},{\"@type\":\"BreadcrumbList\",\"@id\":\"https:\\\/\\\/mekulo.com\\\/dk\\\/produkt\\\/skruetraekkersaet-med-10-dele\\\/#breadcrumb\",\"itemListElement\":[{\"@type\":\"ListItem\",\"position\":1,\"name\":\"Home\",\"item\":\"https:\\\/\\\/mekulo.com\\\/dk\\\/\"},{\"@type\":\"ListItem\",\"position\":2,\"name\":\"Butik\",\"item\":\"https:\\\/\\\/mekulo.com\\\/dk\\\/butik\\\/\"},{\"@type\":\"ListItem\",\"position\":3,\"name\":\"Skruetr\u00e6kkers\u00e6t med 10 dele\"}]},{\"@type\":\"WebSite\",\"@id\":\"https:\\\/\\\/mekulo.com\\\/dk\\\/#website\",\"url\":\"https:\\\/\\\/mekulo.com\\\/dk\\\/\",\"name\":\"Mekulo DK\",\"description\":\"\",\"publisher\":{\"@id\":\"https:\\\/\\\/mekulo.com\\\/dk\\\/#organization\"},\"potentialAction\":[{\"@type\":\"SearchAction\",\"target\":{\"@type\":\"EntryPoint\",\"urlTemplate\":\"https:\\\/\\\/mekulo.com\\\/dk\\\/?s={search_term_string}\"},\"query-input\":{\"@type\":\"PropertyValueSpecification\",\"valueRequired\":true,\"valueName\":\"search_term_string\"}}],\"inLanguage\":\"da-DK\"},{\"@type\":\"Organization\",\"@id\":\"https:\\\/\\\/mekulo.com\\\/dk\\\/#organization\",\"name\":\"Mekulo\",\"url\":\"https:\\\/\\\/mekulo.com\\\/dk\\\/\",\"logo\":{\"@type\":\"ImageObject\",\"inLanguage\":\"da-DK\",\"@id\":\"https:\\\/\\\/mekulo.com\\\/dk\\\/#\\\/schema\\\/logo\\\/image\\\/\",\"url\":\"https:\\\/\\\/mekulo.com\\\/dk\\\/wp-content\\\/uploads\\\/sites\\\/12\\\/2025\\\/12\\\/favicon_mekulo.png\",\"contentUrl\":\"https:\\\/\\\/mekulo.com\\\/dk\\\/wp-content\\\/uploads\\\/sites\\\/12\\\/2025\\\/12\\\/favicon_mekulo.png\",\"width\":50,\"height\":50,\"caption\":\"Mekulo\"},\"image\":{\"@id\":\"https:\\\/\\\/mekulo.com\\\/dk\\\/#\\\/schema\\\/logo\\\/image\\\/\"}}]}<\/script>\n<!-- \/ Yoast SEO plugin. -->","yoast_head_json":{"title":"Skruetr\u00e6kkers\u00e6t med 10 dele - Mekulo DK","robots":{"index":"index","follow":"follow","max-snippet":"max-snippet:-1","max-image-preview":"max-image-preview:large","max-video-preview":"max-video-preview:-1"},"canonical":"https:\/\/mekulo.com\/dk\/produkt\/skruetraekkersaet-med-10-dele\/","og_locale":"da_DK","og_type":"article","og_title":"Skruetr\u00e6kkers\u00e6t med 10 dele - Mekulo DK","og_description":"\ud83e\uddf0Fjern beskadigede skruer med sikkerhed. \ud83d\udc68\u200d\ud83d\udd27A p\u00e5lidelig l\u00f8sning til genstridige skruer. \ud83d\udd29Dette skrueudtr\u00e6kkers\u00e6t med 10 dele er designet til at hj\u00e6lpe dig med sikkert og effektivt at fjerne afrevne, kn\u00e6kkede eller fastklemte skruer og bolte.","og_url":"https:\/\/mekulo.com\/dk\/produkt\/skruetraekkersaet-med-10-dele\/","og_site_name":"Mekulo DK","article_modified_time":"2026-02-26T06:45:57+00:00","og_image":[{"width":800,"height":800,"url":"https:\/\/mekulo.com\/dk\/wp-content\/uploads\/sites\/12\/2026\/02\/4hhbks9-1.jpg","type":"image\/jpeg"}],"twitter_card":"summary_large_image","twitter_misc":{"Estimeret l\u00e6setid":"2 minutter"},"schema":{"@context":"https:\/\/schema.org","@graph":[{"@type":"WebPage","@id":"https:\/\/mekulo.com\/dk\/produkt\/skruetraekkersaet-med-10-dele\/","url":"https:\/\/mekulo.com\/dk\/produkt\/skruetraekkersaet-med-10-dele\/","name":"Skruetr\u00e6kkers\u00e6t med 10 dele - Mekulo DK","isPartOf":{"@id":"https:\/\/mekulo.com\/dk\/#website"},"primaryImageOfPage":{"@id":"https:\/\/mekulo.com\/dk\/produkt\/skruetraekkersaet-med-10-dele\/#primaryimage"},"image":{"@id":"https:\/\/mekulo.com\/dk\/produkt\/skruetraekkersaet-med-10-dele\/#primaryimage"},"thumbnailUrl":"https:\/\/mekulo.com\/dk\/wp-content\/uploads\/sites\/12\/2026\/02\/4hhbks9-1.jpg","datePublished":"2026-02-26T06:23:23+00:00","dateModified":"2026-02-26T06:45:57+00:00","breadcrumb":{"@id":"https:\/\/mekulo.com\/dk\/produkt\/skruetraekkersaet-med-10-dele\/#breadcrumb"},"inLanguage":"da-DK","potentialAction":[{"@type":"ReadAction","target":["https:\/\/mekulo.com\/dk\/produkt\/skruetraekkersaet-med-10-dele\/"]}]},{"@type":"ImageObject","inLanguage":"da-DK","@id":"https:\/\/mekulo.com\/dk\/produkt\/skruetraekkersaet-med-10-dele\/#primaryimage","url":"https:\/\/mekulo.com\/dk\/wp-content\/uploads\/sites\/12\/2026\/02\/4hhbks9-1.jpg","contentUrl":"https:\/\/mekulo.com\/dk\/wp-content\/uploads\/sites\/12\/2026\/02\/4hhbks9-1.jpg","width":800,"height":800},{"@type":"BreadcrumbList","@id":"https:\/\/mekulo.com\/dk\/produkt\/skruetraekkersaet-med-10-dele\/#breadcrumb","itemListElement":[{"@type":"ListItem","position":1,"name":"Home","item":"https:\/\/mekulo.com\/dk\/"},{"@type":"ListItem","position":2,"name":"Butik","item":"https:\/\/mekulo.com\/dk\/butik\/"},{"@type":"ListItem","position":3,"name":"Skruetr\u00e6kkers\u00e6t med 10 dele"}]},{"@type":"WebSite","@id":"https:\/\/mekulo.com\/dk\/#website","url":"https:\/\/mekulo.com\/dk\/","name":"Mekulo DK","description":"","publisher":{"@id":"https:\/\/mekulo.com\/dk\/#organization"},"potentialAction":[{"@type":"SearchAction","target":{"@type":"EntryPoint","urlTemplate":"https:\/\/mekulo.com\/dk\/?s={search_term_string}"},"query-input":{"@type":"PropertyValueSpecification","valueRequired":true,"valueName":"search_term_string"}}],"inLanguage":"da-DK"},{"@type":"Organization","@id":"https:\/\/mekulo.com\/dk\/#organization","name":"Mekulo","url":"https:\/\/mekulo.com\/dk\/","logo":{"@type":"ImageObject","inLanguage":"da-DK","@id":"https:\/\/mekulo.com\/dk\/#\/schema\/logo\/image\/","url":"https:\/\/mekulo.com\/dk\/wp-content\/uploads\/sites\/12\/2025\/12\/favicon_mekulo.png","contentUrl":"https:\/\/mekulo.com\/dk\/wp-content\/uploads\/sites\/12\/2025\/12\/favicon_mekulo.png","width":50,"height":50,"caption":"Mekulo"},"image":{"@id":"https:\/\/mekulo.com\/dk\/#\/schema\/logo\/image\/"}}]}},"_links":{"self":[{"href":"https:\/\/mekulo.com\/dk\/wp-json\/wp\/v2\/product\/26019","targetHints":{"allow":["GET"]}}],"collection":[{"href":"https:\/\/mekulo.com\/dk\/wp-json\/wp\/v2\/product"}],"about":[{"href":"https:\/\/mekulo.com\/dk\/wp-json\/wp\/v2\/types\/product"}],"replies":[{"embeddable":true,"href":"https:\/\/mekulo.com\/dk\/wp-json\/wp\/v2\/comments?post=26019"}],"wp:featuredmedia":[{"embeddable":true,"href":"https:\/\/mekulo.com\/dk\/wp-json\/wp\/v2\/media\/26015"}],"wp:attachment":[{"href":"https:\/\/mekulo.com\/dk\/wp-json\/wp\/v2\/media?parent=26019"}],"wp:term":[{"taxonomy":"product_brand","embeddable":true,"href":"https:\/\/mekulo.com\/dk\/wp-json\/wp\/v2\/product_brand?post=26019"},{"taxonomy":"product_cat","embeddable":true,"href":"https:\/\/mekulo.com\/dk\/wp-json\/wp\/v2\/product_cat?post=26019"},{"taxonomy":"product_tag","embeddable":true,"href":"https:\/\/mekulo.com\/dk\/wp-json\/wp\/v2\/product_tag?post=26019"}],"curies":[{"name":"wp","href":"https:\/\/api.w.org\/{rel}","templated":true}]}}