{"id":25946,"date":"2026-02-26T08:17:42","date_gmt":"2026-02-26T06:17:42","guid":{"rendered":"https:\/\/mekulo.com\/dk\/produkt\/beroligende-haand-til-babysoevn\/"},"modified":"2026-02-26T08:45:03","modified_gmt":"2026-02-26T06:45:03","slug":"beroligende-haand-til-babysoevn","status":"publish","type":"product","link":"https:\/\/mekulo.com\/dk\/produkt\/beroligende-haand-til-babysoevn\/","title":{"rendered":"Beroligende h\u00e5nd til babys\u00f8vn"},"content":{"rendered":"<h2 style=\"text-align: center\" data-start=\"303\" data-end=\"319\">\u2728 L\u00f8ftet<\/h2>\n<p style=\"text-align: center\" data-start=\"321\" data-end=\"386\">Set the rhythm.<br data-start=\"336\" data-end=\"339\" \/>Ease the fussiness.<br data-start=\"358\" data-end=\"361\" \/>Support peaceful moments.<\/p>\n<p data-start=\"321\" data-end=\"386\"><img fetchpriority=\"high\" decoding=\"async\" class=\" wp-image-26241 aligncenter\" src=\"https:\/\/mekulo.com\/template\/wp-content\/uploads\/sites\/6\/2026\/02\/122130-ezgif.com-video-to-webp-converter.webp\" alt=\"\" width=\"550\" height=\"550\" \/><\/p>\n<h2 style=\"text-align: center\" data-start=\"393\" data-end=\"411\">\u2705 Vigtigste fordele<\/h2>\n<p data-start=\"415\" data-end=\"496\">\ud83d\udc76 Beroligende bankebev\u00e6gelse &#8211; Blid rytmisk bev\u00e6gelse hj\u00e6lper med at berolige og slappe af.<\/p>\n<p data-start=\"500\" data-end=\"582\">\ud83c\udf19 Underst\u00f8tter mere fredelig s\u00f8vn &#8211; Hj\u00e6lper med at reducere forskr\u00e6kkelsesrelaterede forstyrrelser.<\/p>\n<p data-start=\"586\" data-end=\"652\">\ud83c\udfb5 Indbyggede beroligende lyde &#8211; Bl\u00f8d musik forbedrer afslapningen.<\/p>\n<p data-start=\"656\" data-end=\"743\">\ud83c\udf9b\ufe0f Fjernbetjent bekvemmelighed &#8211; Juster indstillingerne uden at forstyrre din baby.<\/p>\n<p data-start=\"747\" data-end=\"843\">\ud83c\udf21\ufe0f Valgfri varmekomfort &#8211; Indsats med r\u00f8de b\u00f8nner, der kan s\u00e6ttes i mikrob\u00f8lgeovnen, hj\u00e6lper med at lindre ubehag i maven.<\/p>\n<p data-start=\"847\" data-end=\"915\">\ud83e\uddfc Aftageligt og vaskbart betr\u00e6k &#8211; Let at holde rent og friskt.<\/p>\n<p data-start=\"919\" data-end=\"989\">\ud83e\uddf8 Bl\u00f8de, babyvenlige materialer &#8211; Sk\u00e5nsomme mod sart hud.<\/p>\n<p data-start=\"993\" data-end=\"1080\">\ud83d\udc86 H\u00e5ndfri st\u00f8tte til for\u00e6ldre &#8211; Giver komfort, mens du hviler dig eller laver flere ting p\u00e5 \u00e9n gang.<\/p>\n<h2 style=\"text-align: center\" data-start=\"1087\" data-end=\"1110\">\u2757 Problem \u2192 L\u00f8sning<\/h2>\n<p data-start=\"1112\" data-end=\"1216\"><strong data-start=\"1112\" data-end=\"1124\">Problem:<\/strong><br data-start=\"1124\" data-end=\"1127\" \/>Babyer v\u00e5gner ofte af pludselige forskr\u00e6kkelses eller har sv\u00e6rt ved at falde til ro uden kontinuerlig beroligelse.<\/p>\n<p data-start=\"1218\" data-end=\"1339\"><strong data-start=\"1218\" data-end=\"1231\">Solution:<\/strong><br data-start=\"1231\" data-end=\"1234\" \/>Denne beroligende baby-soveh\u00e5nd genskaber tr\u00f8stende rytmiske fornemmelser for at hj\u00e6lpe med at berolige din baby lettere.<\/p>\n<p data-start=\"1218\" data-end=\"1339\"><img decoding=\"async\" class=\"size-full wp-image-26246 aligncenter\" src=\"https:\/\/mekulo.com\/template\/wp-content\/uploads\/sites\/6\/2026\/02\/spp_20250711160715_a2f217b0093f68c4af253fe001450395_d79e5d40-4fe2-4bb0-b6cc-403d05ddef7b.webp\" alt=\"\" width=\"600\" height=\"600\" \/><\/p>\n<h2 style=\"text-align: center\" data-start=\"1346\" data-end=\"1363\">\ud83c\udf3f Perfekt til<\/h2>\n<ul data-start=\"1365\" data-end=\"1485\">\n<li data-start=\"1365\" data-end=\"1385\">\n<p data-start=\"1367\" data-end=\"1385\">Bedtime routines<\/p>\n<\/li>\n<li data-start=\"1386\" data-end=\"1407\">\n<p data-start=\"1388\" data-end=\"1407\">Nap time soothing<\/p>\n<\/li>\n<li data-start=\"1408\" data-end=\"1439\">\n<p data-start=\"1410\" data-end=\"1439\">Colicky or gassy discomfort<\/p>\n<\/li>\n<li data-start=\"1440\" data-end=\"1459\">\n<p data-start=\"1442\" data-end=\"1459\">Newborn calming<\/p>\n<\/li>\n<li data-start=\"1460\" data-end=\"1485\">\n<p data-start=\"1462\" data-end=\"1485\">Hands-free comforting<\/p>\n<\/li>\n<\/ul>\n<p data-start=\"1487\" data-end=\"1526\">Recommended for infants aged 0\u20133 years.<\/p>\n<h2 style=\"text-align: center\" data-start=\"1533\" data-end=\"1549\">\u2699\ufe0f S\u00e5dan bruges<\/h2>\n<ol data-start=\"1551\" data-end=\"1765\">\n<li data-start=\"1551\" data-end=\"1592\">\n<p data-start=\"1554\" data-end=\"1592\">Insert tapping module into the cover.<\/p>\n<\/li>\n<li data-start=\"1593\" data-end=\"1633\">\n<p data-start=\"1596\" data-end=\"1633\">Place gently on baby\u2019s tummy or arm.<\/p>\n<\/li>\n<li data-start=\"1634\" data-end=\"1671\">\n<p data-start=\"1637\" data-end=\"1671\">Select mode and speed via remote.<\/p>\n<\/li>\n<li data-start=\"1672\" data-end=\"1723\">\n<p data-start=\"1675\" data-end=\"1723\">Optional: warm the red bean insert (microwave).<\/p>\n<\/li>\n<li data-start=\"1724\" data-end=\"1765\">\n<p data-start=\"1727\" data-end=\"1765\">Remove cover for washing when needed.<\/p>\n<\/li>\n<\/ol>\n<h2 style=\"text-align: center\" data-start=\"1805\" data-end=\"1826\">\ud83d\udcd0 Produktdetaljer<\/h2>\n<ul data-start=\"1828\" data-end=\"2188\">\n<li data-start=\"1869\" data-end=\"1901\">\n<p data-start=\"1871\" data-end=\"1901\">Size: Approx. 24 x 25 cm<\/p>\n<\/li>\n<li data-start=\"1902\" data-end=\"1944\">\n<p data-start=\"1904\" data-end=\"1944\">Fabric: Cotton velvet \/ short pile<\/p>\n<\/li>\n<li data-start=\"1945\" data-end=\"1989\">\n<p data-start=\"1947\" data-end=\"1989\">Filling: Red beans + polyester fiber<\/p>\n<\/li>\n<li data-start=\"1990\" data-end=\"2023\">\n<p data-start=\"1992\" data-end=\"2023\">Battery capacity: 450 mAh<\/p>\n<\/li>\n<li data-start=\"2024\" data-end=\"2047\">\n<p data-start=\"2026\" data-end=\"2047\">Speed levels: 3<\/p>\n<\/li>\n<li data-start=\"2048\" data-end=\"2079\">\n<p data-start=\"2050\" data-end=\"2079\">Modes: 3 soothing modes<\/p>\n<\/li>\n<li data-start=\"2080\" data-end=\"2112\">\n<p data-start=\"2082\" data-end=\"2112\">Control: Wireless remote<\/p>\n<\/li>\n<li data-start=\"2113\" data-end=\"2188\">\n<p data-start=\"2115\" data-end=\"2188\">Runtime: Fast \u2013 110 min, Medium \u2013 140 min, Slow \u2013 250 min<\/p>\n<\/li>\n<\/ul>\n<h2 style=\"text-align: center\" data-start=\"2229\" data-end=\"2251\">\ud83d\udce6 Pakken indeholder<\/h2>\n<ul data-start=\"2253\" data-end=\"2306\">\n<li data-start=\"2253\" data-end=\"2285\">\n<p data-start=\"2255\" data-end=\"2285\">1x soothing baby sleep hand<\/p>\n<\/li>\n<li data-start=\"2286\" data-end=\"2306\">\n<p data-start=\"2288\" data-end=\"2306\">1x remote control.<\/p>\n<\/li>\n<\/ul>\n","protected":false},"excerpt":{"rendered":"<p>\ud83d\ude34Blid komfort, fredelig s\u00f8vn.<br \/>\n\ud83e\udd31Designet til at berolige, slappe af og berolige din baby.<br \/>\n\ud83d\udc76Denne beroligende baby-soveh\u00e5nd efterligner den bl\u00f8de, rytmiske banken, som babyer naturligt forbinder med komfort &#8211; og hj\u00e6lper med at skabe et mere afslappende milj\u00f8 for b\u00e5de baby og for\u00e6ldre.<\/p>\n","protected":false},"featured_media":25942,"comment_status":"open","ping_status":"closed","template":"","meta":{"site-sidebar-layout":"default","site-content-layout":"","ast-site-content-layout":"default","site-content-style":"default","site-sidebar-style":"default","ast-global-header-display":"","ast-banner-title-visibility":"","ast-main-header-display":"","ast-hfb-above-header-display":"","ast-hfb-below-header-display":"","ast-hfb-mobile-header-display":"","site-post-title":"","ast-breadcrumbs-content":"","ast-featured-img":"","footer-sml-layout":"","ast-disable-related-posts":"","theme-transparent-header-meta":"default","adv-header-id-meta":"","stick-header-meta":"","header-above-stick-meta":"","header-main-stick-meta":"","header-below-stick-meta":"","astra-migrate-meta-layouts":"set","ast-page-background-enabled":"default","ast-page-background-meta":{"desktop":{"background-color":"var(--ast-global-color-5)","background-image":"","background-repeat":"repeat","background-position":"center center","background-size":"auto","background-attachment":"scroll","background-type":"","background-media":"","overlay-type":"","overlay-color":"","overlay-opacity":"","overlay-gradient":""},"tablet":{"background-color":"","background-image":"","background-repeat":"repeat","background-position":"center center","background-size":"auto","background-attachment":"scroll","background-type":"","background-media":"","overlay-type":"","overlay-color":"","overlay-opacity":"","overlay-gradient":""},"mobile":{"background-color":"","background-image":"","background-repeat":"repeat","background-position":"center center","background-size":"auto","background-attachment":"scroll","background-type":"","background-media":"","overlay-type":"","overlay-color":"","overlay-opacity":"","overlay-gradient":""}},"ast-content-background-meta":{"desktop":{"background-color":"var(--ast-global-color-4)","background-image":"","background-repeat":"repeat","background-position":"center center","background-size":"auto","background-attachment":"scroll","background-type":"","background-media":"","overlay-type":"","overlay-color":"","overlay-opacity":"","overlay-gradient":""},"tablet":{"background-color":"var(--ast-global-color-4)","background-image":"","background-repeat":"repeat","background-position":"center center","background-size":"auto","background-attachment":"scroll","background-type":"","background-media":"","overlay-type":"","overlay-color":"","overlay-opacity":"","overlay-gradient":""},"mobile":{"background-color":"var(--ast-global-color-4)","background-image":"","background-repeat":"repeat","background-position":"center center","background-size":"auto","background-attachment":"scroll","background-type":"","background-media":"","overlay-type":"","overlay-color":"","overlay-opacity":"","overlay-gradient":""}}},"product_brand":[],"product_cat":[172],"product_tag":[],"class_list":{"0":"post-25946","1":"product","2":"type-product","3":"status-publish","4":"has-post-thumbnail","6":"product_cat-legetoej-boerne-og-babyprodukter","7":"pa_62448_rfmcdxlg-a","8":"pa_62448_rfmcdxlg-b","9":"pa_62448_rfmcdxlg-c","10":"pa_62448_rfmcdxlg-d","11":"pa_62448_rfmcdxlg-e","12":"pa_62448_rfmcdxlg-f","13":"pa_62448_rfmcdxlg-g","14":"pa_62448_rfmcdxlg-h","15":"pa_62448_rfmcdxlg-i","16":"pa_62448_rfmcdxlg-j","17":"pa_62448_rfmcdxlg-k","18":"pa_62448_rfmcdxlg-l","19":"pa_62448_rfmcdxlg-m","20":"desktop-align-left","21":"tablet-align-left","22":"mobile-align-left","24":"first","25":"instock","26":"shipping-taxable","27":"purchasable","28":"product-type-variable"},"yoast_head":"<!-- This site is optimized with the Yoast SEO plugin v27.4 - https:\/\/yoast.com\/product\/yoast-seo-wordpress\/ -->\n<title>Beroligende h\u00e5nd til babys\u00f8vn - Mekulo DK<\/title>\n<meta name=\"robots\" content=\"index, follow, max-snippet:-1, max-image-preview:large, max-video-preview:-1\" \/>\n<link rel=\"canonical\" href=\"https:\/\/mekulo.com\/dk\/produkt\/beroligende-haand-til-babysoevn\/\" \/>\n<meta property=\"og:locale\" content=\"da_DK\" \/>\n<meta property=\"og:type\" content=\"article\" \/>\n<meta property=\"og:title\" content=\"Beroligende h\u00e5nd til babys\u00f8vn - Mekulo DK\" \/>\n<meta property=\"og:description\" content=\"\ud83d\ude34Blid komfort, fredelig s\u00f8vn. \ud83e\udd31Designet til at berolige, slappe af og berolige din baby. \ud83d\udc76Denne beroligende baby-soveh\u00e5nd efterligner den bl\u00f8de, rytmiske banken, som babyer naturligt forbinder med komfort - og hj\u00e6lper med at skabe et mere afslappende milj\u00f8 for b\u00e5de baby og for\u00e6ldre.\" \/>\n<meta property=\"og:url\" content=\"https:\/\/mekulo.com\/dk\/produkt\/beroligende-haand-til-babysoevn\/\" \/>\n<meta property=\"og:site_name\" content=\"Mekulo DK\" \/>\n<meta property=\"article:modified_time\" content=\"2026-02-26T06:45:03+00:00\" \/>\n<meta property=\"og:image\" content=\"https:\/\/mekulo.com\/dk\/wp-content\/uploads\/sites\/12\/2026\/02\/32ktnl3-1.webp\" \/>\n\t<meta property=\"og:image:width\" content=\"1020\" \/>\n\t<meta property=\"og:image:height\" content=\"1020\" \/>\n\t<meta property=\"og:image:type\" content=\"image\/webp\" \/>\n<meta name=\"twitter:card\" content=\"summary_large_image\" \/>\n<meta name=\"twitter:label1\" content=\"Estimeret l\u00e6setid\" \/>\n\t<meta name=\"twitter:data1\" content=\"3 minutter\" \/>\n<script type=\"application\/ld+json\" class=\"yoast-schema-graph\">{\"@context\":\"https:\\\/\\\/schema.org\",\"@graph\":[{\"@type\":\"WebPage\",\"@id\":\"https:\\\/\\\/mekulo.com\\\/dk\\\/produkt\\\/beroligende-haand-til-babysoevn\\\/\",\"url\":\"https:\\\/\\\/mekulo.com\\\/dk\\\/produkt\\\/beroligende-haand-til-babysoevn\\\/\",\"name\":\"Beroligende h\u00e5nd til babys\u00f8vn - Mekulo DK\",\"isPartOf\":{\"@id\":\"https:\\\/\\\/mekulo.com\\\/dk\\\/#website\"},\"primaryImageOfPage\":{\"@id\":\"https:\\\/\\\/mekulo.com\\\/dk\\\/produkt\\\/beroligende-haand-til-babysoevn\\\/#primaryimage\"},\"image\":{\"@id\":\"https:\\\/\\\/mekulo.com\\\/dk\\\/produkt\\\/beroligende-haand-til-babysoevn\\\/#primaryimage\"},\"thumbnailUrl\":\"https:\\\/\\\/mekulo.com\\\/dk\\\/wp-content\\\/uploads\\\/sites\\\/12\\\/2026\\\/02\\\/32ktnl3-1.webp\",\"datePublished\":\"2026-02-26T06:17:42+00:00\",\"dateModified\":\"2026-02-26T06:45:03+00:00\",\"breadcrumb\":{\"@id\":\"https:\\\/\\\/mekulo.com\\\/dk\\\/produkt\\\/beroligende-haand-til-babysoevn\\\/#breadcrumb\"},\"inLanguage\":\"da-DK\",\"potentialAction\":[{\"@type\":\"ReadAction\",\"target\":[\"https:\\\/\\\/mekulo.com\\\/dk\\\/produkt\\\/beroligende-haand-til-babysoevn\\\/\"]}]},{\"@type\":\"ImageObject\",\"inLanguage\":\"da-DK\",\"@id\":\"https:\\\/\\\/mekulo.com\\\/dk\\\/produkt\\\/beroligende-haand-til-babysoevn\\\/#primaryimage\",\"url\":\"https:\\\/\\\/mekulo.com\\\/dk\\\/wp-content\\\/uploads\\\/sites\\\/12\\\/2026\\\/02\\\/32ktnl3-1.webp\",\"contentUrl\":\"https:\\\/\\\/mekulo.com\\\/dk\\\/wp-content\\\/uploads\\\/sites\\\/12\\\/2026\\\/02\\\/32ktnl3-1.webp\",\"width\":1020,\"height\":1020},{\"@type\":\"BreadcrumbList\",\"@id\":\"https:\\\/\\\/mekulo.com\\\/dk\\\/produkt\\\/beroligende-haand-til-babysoevn\\\/#breadcrumb\",\"itemListElement\":[{\"@type\":\"ListItem\",\"position\":1,\"name\":\"Home\",\"item\":\"https:\\\/\\\/mekulo.com\\\/dk\\\/\"},{\"@type\":\"ListItem\",\"position\":2,\"name\":\"Butik\",\"item\":\"https:\\\/\\\/mekulo.com\\\/dk\\\/butik\\\/\"},{\"@type\":\"ListItem\",\"position\":3,\"name\":\"Beroligende h\u00e5nd til babys\u00f8vn\"}]},{\"@type\":\"WebSite\",\"@id\":\"https:\\\/\\\/mekulo.com\\\/dk\\\/#website\",\"url\":\"https:\\\/\\\/mekulo.com\\\/dk\\\/\",\"name\":\"Mekulo DK\",\"description\":\"\",\"publisher\":{\"@id\":\"https:\\\/\\\/mekulo.com\\\/dk\\\/#organization\"},\"potentialAction\":[{\"@type\":\"SearchAction\",\"target\":{\"@type\":\"EntryPoint\",\"urlTemplate\":\"https:\\\/\\\/mekulo.com\\\/dk\\\/?s={search_term_string}\"},\"query-input\":{\"@type\":\"PropertyValueSpecification\",\"valueRequired\":true,\"valueName\":\"search_term_string\"}}],\"inLanguage\":\"da-DK\"},{\"@type\":\"Organization\",\"@id\":\"https:\\\/\\\/mekulo.com\\\/dk\\\/#organization\",\"name\":\"Mekulo\",\"url\":\"https:\\\/\\\/mekulo.com\\\/dk\\\/\",\"logo\":{\"@type\":\"ImageObject\",\"inLanguage\":\"da-DK\",\"@id\":\"https:\\\/\\\/mekulo.com\\\/dk\\\/#\\\/schema\\\/logo\\\/image\\\/\",\"url\":\"https:\\\/\\\/mekulo.com\\\/dk\\\/wp-content\\\/uploads\\\/sites\\\/12\\\/2025\\\/12\\\/favicon_mekulo.png\",\"contentUrl\":\"https:\\\/\\\/mekulo.com\\\/dk\\\/wp-content\\\/uploads\\\/sites\\\/12\\\/2025\\\/12\\\/favicon_mekulo.png\",\"width\":50,\"height\":50,\"caption\":\"Mekulo\"},\"image\":{\"@id\":\"https:\\\/\\\/mekulo.com\\\/dk\\\/#\\\/schema\\\/logo\\\/image\\\/\"}}]}<\/script>\n<!-- \/ Yoast SEO plugin. -->","yoast_head_json":{"title":"Beroligende h\u00e5nd til babys\u00f8vn - Mekulo DK","robots":{"index":"index","follow":"follow","max-snippet":"max-snippet:-1","max-image-preview":"max-image-preview:large","max-video-preview":"max-video-preview:-1"},"canonical":"https:\/\/mekulo.com\/dk\/produkt\/beroligende-haand-til-babysoevn\/","og_locale":"da_DK","og_type":"article","og_title":"Beroligende h\u00e5nd til babys\u00f8vn - Mekulo DK","og_description":"\ud83d\ude34Blid komfort, fredelig s\u00f8vn. \ud83e\udd31Designet til at berolige, slappe af og berolige din baby. \ud83d\udc76Denne beroligende baby-soveh\u00e5nd efterligner den bl\u00f8de, rytmiske banken, som babyer naturligt forbinder med komfort - og hj\u00e6lper med at skabe et mere afslappende milj\u00f8 for b\u00e5de baby og for\u00e6ldre.","og_url":"https:\/\/mekulo.com\/dk\/produkt\/beroligende-haand-til-babysoevn\/","og_site_name":"Mekulo DK","article_modified_time":"2026-02-26T06:45:03+00:00","og_image":[{"width":1020,"height":1020,"url":"https:\/\/mekulo.com\/dk\/wp-content\/uploads\/sites\/12\/2026\/02\/32ktnl3-1.webp","type":"image\/webp"}],"twitter_card":"summary_large_image","twitter_misc":{"Estimeret l\u00e6setid":"3 minutter"},"schema":{"@context":"https:\/\/schema.org","@graph":[{"@type":"WebPage","@id":"https:\/\/mekulo.com\/dk\/produkt\/beroligende-haand-til-babysoevn\/","url":"https:\/\/mekulo.com\/dk\/produkt\/beroligende-haand-til-babysoevn\/","name":"Beroligende h\u00e5nd til babys\u00f8vn - Mekulo DK","isPartOf":{"@id":"https:\/\/mekulo.com\/dk\/#website"},"primaryImageOfPage":{"@id":"https:\/\/mekulo.com\/dk\/produkt\/beroligende-haand-til-babysoevn\/#primaryimage"},"image":{"@id":"https:\/\/mekulo.com\/dk\/produkt\/beroligende-haand-til-babysoevn\/#primaryimage"},"thumbnailUrl":"https:\/\/mekulo.com\/dk\/wp-content\/uploads\/sites\/12\/2026\/02\/32ktnl3-1.webp","datePublished":"2026-02-26T06:17:42+00:00","dateModified":"2026-02-26T06:45:03+00:00","breadcrumb":{"@id":"https:\/\/mekulo.com\/dk\/produkt\/beroligende-haand-til-babysoevn\/#breadcrumb"},"inLanguage":"da-DK","potentialAction":[{"@type":"ReadAction","target":["https:\/\/mekulo.com\/dk\/produkt\/beroligende-haand-til-babysoevn\/"]}]},{"@type":"ImageObject","inLanguage":"da-DK","@id":"https:\/\/mekulo.com\/dk\/produkt\/beroligende-haand-til-babysoevn\/#primaryimage","url":"https:\/\/mekulo.com\/dk\/wp-content\/uploads\/sites\/12\/2026\/02\/32ktnl3-1.webp","contentUrl":"https:\/\/mekulo.com\/dk\/wp-content\/uploads\/sites\/12\/2026\/02\/32ktnl3-1.webp","width":1020,"height":1020},{"@type":"BreadcrumbList","@id":"https:\/\/mekulo.com\/dk\/produkt\/beroligende-haand-til-babysoevn\/#breadcrumb","itemListElement":[{"@type":"ListItem","position":1,"name":"Home","item":"https:\/\/mekulo.com\/dk\/"},{"@type":"ListItem","position":2,"name":"Butik","item":"https:\/\/mekulo.com\/dk\/butik\/"},{"@type":"ListItem","position":3,"name":"Beroligende h\u00e5nd til babys\u00f8vn"}]},{"@type":"WebSite","@id":"https:\/\/mekulo.com\/dk\/#website","url":"https:\/\/mekulo.com\/dk\/","name":"Mekulo DK","description":"","publisher":{"@id":"https:\/\/mekulo.com\/dk\/#organization"},"potentialAction":[{"@type":"SearchAction","target":{"@type":"EntryPoint","urlTemplate":"https:\/\/mekulo.com\/dk\/?s={search_term_string}"},"query-input":{"@type":"PropertyValueSpecification","valueRequired":true,"valueName":"search_term_string"}}],"inLanguage":"da-DK"},{"@type":"Organization","@id":"https:\/\/mekulo.com\/dk\/#organization","name":"Mekulo","url":"https:\/\/mekulo.com\/dk\/","logo":{"@type":"ImageObject","inLanguage":"da-DK","@id":"https:\/\/mekulo.com\/dk\/#\/schema\/logo\/image\/","url":"https:\/\/mekulo.com\/dk\/wp-content\/uploads\/sites\/12\/2025\/12\/favicon_mekulo.png","contentUrl":"https:\/\/mekulo.com\/dk\/wp-content\/uploads\/sites\/12\/2025\/12\/favicon_mekulo.png","width":50,"height":50,"caption":"Mekulo"},"image":{"@id":"https:\/\/mekulo.com\/dk\/#\/schema\/logo\/image\/"}}]}},"_links":{"self":[{"href":"https:\/\/mekulo.com\/dk\/wp-json\/wp\/v2\/product\/25946","targetHints":{"allow":["GET"]}}],"collection":[{"href":"https:\/\/mekulo.com\/dk\/wp-json\/wp\/v2\/product"}],"about":[{"href":"https:\/\/mekulo.com\/dk\/wp-json\/wp\/v2\/types\/product"}],"replies":[{"embeddable":true,"href":"https:\/\/mekulo.com\/dk\/wp-json\/wp\/v2\/comments?post=25946"}],"wp:featuredmedia":[{"embeddable":true,"href":"https:\/\/mekulo.com\/dk\/wp-json\/wp\/v2\/media\/25942"}],"wp:attachment":[{"href":"https:\/\/mekulo.com\/dk\/wp-json\/wp\/v2\/media?parent=25946"}],"wp:term":[{"taxonomy":"product_brand","embeddable":true,"href":"https:\/\/mekulo.com\/dk\/wp-json\/wp\/v2\/product_brand?post=25946"},{"taxonomy":"product_cat","embeddable":true,"href":"https:\/\/mekulo.com\/dk\/wp-json\/wp\/v2\/product_cat?post=25946"},{"taxonomy":"product_tag","embeddable":true,"href":"https:\/\/mekulo.com\/dk\/wp-json\/wp\/v2\/product_tag?post=25946"}],"curies":[{"name":"wp","href":"https:\/\/api.w.org\/{rel}","templated":true}]}}