{"id":25920,"date":"2026-02-26T08:13:28","date_gmt":"2026-02-26T06:13:28","guid":{"rendered":"https:\/\/mekulo.com\/dk\/produkt\/klaebrig-gnaverfaelde\/"},"modified":"2026-02-26T08:13:44","modified_gmt":"2026-02-26T06:13:44","slug":"klaebrig-gnaverfaelde","status":"publish","type":"product","link":"https:\/\/mekulo.com\/dk\/produkt\/klaebrig-gnaverfaelde\/","title":{"rendered":"Kl\u00e6brig gnaverf\u00e6lde"},"content":{"rendered":"<h2 style=\"text-align: center\" data-start=\"259\" data-end=\"275\">\u2728 L\u00f8ftet<\/h2>\n<p style=\"text-align: center\" data-start=\"277\" data-end=\"328\">Placer f\u00e6lden.<br data-start=\"292\" data-end=\"295\" \/>Lad den arbejde.<br data-start=\"307\" data-end=\"310\" \/>Bortskaf nemt.<\/p>\n<p data-start=\"277\" data-end=\"328\"><img fetchpriority=\"high\" decoding=\"async\" class=\" wp-image-26211 aligncenter\" src=\"https:\/\/mekulo.com\/template\/wp-content\/uploads\/sites\/6\/2026\/02\/122127-ezgif.com-video-to-webp-converter.webp\" alt=\"\" width=\"551\" height=\"551\" \/><\/p>\n<h2 style=\"text-align: center\" data-start=\"335\" data-end=\"353\">\u2705 Hovedfordele<\/h2>\n<p data-start=\"357\" data-end=\"431\">\ud83d\uded1 St\u00e6rkt kl\u00e6bende greb &#8211; Hj\u00e6lper med at forhindre flugt, n\u00e5r der er skabt kontakt.<\/p>\n<p data-start=\"435\" data-end=\"496\">\ud83d\udccf Stort d\u00e6kningsomr\u00e5de &#8211; Maksimerer fangsteffektiviteten.<\/p>\n<p data-start=\"500\" data-end=\"579\">\ud83d\udd04 Fleksibelt, sammenklappeligt design &#8211; Tilpasser sig nemt til hj\u00f8rner og sn\u00e6vre rum.<\/p>\n<p data-start=\"583\" data-end=\"647\">\ud83e\uddfc Bortskaffelse uden ber\u00f8ring &#8211; Kass\u00e9r f\u00e6lde og indhold sammen.<\/p>\n<p data-start=\"651\" data-end=\"722\">\ud83c\udf3f Lugtfri og kemikaliefri &#8211; Ingen giftige forbindelser eller st\u00e6rke lugte.<\/p>\n<p data-start=\"726\" data-end=\"811\">\ud83c\udfe0 Sikker i hjemmet &#8211; Velegnet til husholdninger med b\u00f8rn og k\u00e6ledyr.<\/p>\n<p data-start=\"815\" data-end=\"880\">\u26a1 Klar til brug &#8211; Ingen ops\u00e6tnings- eller l\u00e6ssemekanismer.<\/p>\n<p data-start=\"815\" data-end=\"880\"><img decoding=\"async\" class=\" wp-image-26212 aligncenter\" src=\"https:\/\/mekulo.com\/template\/wp-content\/uploads\/sites\/6\/2026\/02\/122126-ezgif.com-video-to-webp-converter.webp\" alt=\"\" width=\"550\" height=\"550\" \/><\/p>\n<h2 style=\"text-align: center\" data-start=\"887\" data-end=\"910\">\u2757 Problem \u2192 L\u00f8sning<\/h2>\n<p data-start=\"912\" data-end=\"1017\"><strong data-start=\"912\" data-end=\"924\">Problem:<\/strong><br data-start=\"924\" data-end=\"927\" \/>Traditionelle f\u00e6lder kan v\u00e6re rodet, skr\u00e6mmende at h\u00e5ndtere eller ineffektive til forsigtige skadedyr.<\/p>\n<p data-start=\"1019\" data-end=\"1127\"><strong data-start=\"1019\" data-end=\"1032\">L\u00f8sning:<\/strong><br data-start=\"1032\" data-end=\"1035\" \/>Denne kl\u00e6brige gnaverf\u00e6lde giver et lydl\u00f8st alternativ med lav vedligeholdelse til ren skadedyrsbek\u00e6mpelse.<\/p>\n<h2 style=\"text-align: center\" data-start=\"1134\" data-end=\"1151\">\ud83c\udf3f Perfekt til<\/h2>\n<ul data-start=\"1153\" data-end=\"1309\">\n<li data-start=\"1153\" data-end=\"1176\">\n<p data-start=\"1155\" data-end=\"1176\">K\u00f8kkener &amp; spisekamre<\/p>\n<\/li>\n<li data-start=\"1177\" data-end=\"1205\">\n<p data-start=\"1179\" data-end=\"1205\">Sovev\u00e6relser &amp; opholdsrum<\/p>\n<\/li>\n<li data-start=\"1206\" data-end=\"1233\">\n<p data-start=\"1208\" data-end=\"1233\">Kontorer &amp; opbevaringsrum<\/p>\n<\/li>\n<li data-start=\"1234\" data-end=\"1255\">\n<p data-start=\"1236\" data-end=\"1255\">Haver &amp; garager<\/p>\n<\/li>\n<li data-start=\"1256\" data-end=\"1284\">\n<p data-start=\"1258\" data-end=\"1284\">Restauranter &amp; arbejdsomr\u00e5der<\/p>\n<\/li>\n<li data-start=\"1285\" data-end=\"1309\">\n<p data-start=\"1287\" data-end=\"1309\">Indend\u00f8rs &amp; udend\u00f8rs brug<\/p>\n<\/li>\n<\/ul>\n<p data-start=\"1311\" data-end=\"1363\">Ideal, hvor snapf\u00e6lder eller kemikalier er u\u00f8nskede.<\/p>\n<h2 style=\"text-align: center\" data-start=\"1370\" data-end=\"1386\">\u2699\ufe0f S\u00e5dan bruges<\/h2>\n<ol data-start=\"1388\" data-end=\"1526\">\n<li data-start=\"1388\" data-end=\"1417\">\n<p data-start=\"1391\" data-end=\"1417\">Placer lokkemad i midten.<\/p>\n<\/li>\n<li data-start=\"1418\" data-end=\"1464\">\n<p data-start=\"1421\" data-end=\"1464\">Placer f\u00e6lden langs v\u00e6gge eller bev\u00e6gelsesstier.<\/p>\n<\/li>\n<li data-start=\"1465\" data-end=\"1488\">\n<p data-start=\"1468\" data-end=\"1488\">Lad f\u00e6lden arbejde.<\/p>\n<\/li>\n<li data-start=\"1489\" data-end=\"1526\">\n<p data-start=\"1492\" data-end=\"1526\">Bortskaf hygiejnisk, n\u00e5r det er n\u00f8dvendigt.<\/p>\n<\/li>\n<\/ol>\n<h2 style=\"text-align: center\" data-start=\"1556\" data-end=\"1577\">\ud83d\udcd0 Produktdetaljer<\/h2>\n<ul data-start=\"1579\" data-end=\"1812\">\n<li data-start=\"1609\" data-end=\"1650\">\n<p data-start=\"1611\" data-end=\"1650\">Materiale: Fortykket holdbar plade<\/p>\n<\/li>\n<li data-start=\"1651\" data-end=\"1688\">\n<p data-start=\"1653\" data-end=\"1688\">Lim: H\u00f8jviskositetslim<\/p>\n<\/li>\n<li data-start=\"1689\" data-end=\"1709\">\n<p data-start=\"1691\" data-end=\"1709\">Farve: Sort<\/p>\n<\/li>\n<li data-start=\"1710\" data-end=\"1764\">\n<p data-start=\"1712\" data-end=\"1764\">Dimensioner: 60 x 27,5 cm, 120 x 27,5 cm<\/p>\n<\/li>\n<li data-start=\"1765\" data-end=\"1812\">\n<p data-start=\"1767\" data-end=\"1812\">Design: Foldbar \/ Justerbar placering<\/p>\n<\/li>\n<\/ul>\n<h2 style=\"text-align: center\" data-start=\"1858\" data-end=\"1880\">\ud83d\udce6 Pakken indeholder<\/h2>\n<ul data-start=\"1882\" data-end=\"1906\">\n<li data-start=\"1882\" data-end=\"1906\">\n<p data-start=\"1884\" data-end=\"1906\">1, 3x kl\u00e6bende gnaverf\u00e6lder.<\/p>\n<\/li>\n<\/ul>\n","protected":false},"excerpt":{"rendered":"<p>\ud83e\uddfcKraftfuldt greb. Ren, enkel kontrol.<br \/>\n\ud83e\udeb3En diskret l\u00f8sning til u\u00f8nskede bes\u00f8gende.<br \/>\n\ud83d\udc2dDenne kl\u00e6brige gnaverf\u00e6lde er designet til at hj\u00e6lpe dig med at h\u00e5ndtere skadedyr hurtigt og hygiejnisk \u2014 uden komplicerede mekanismer eller beskidt oprydning.<\/p>\n","protected":false},"featured_media":25916,"comment_status":"open","ping_status":"closed","template":"","meta":{"site-sidebar-layout":"default","site-content-layout":"","ast-site-content-layout":"default","site-content-style":"default","site-sidebar-style":"default","ast-global-header-display":"","ast-banner-title-visibility":"","ast-main-header-display":"","ast-hfb-above-header-display":"","ast-hfb-below-header-display":"","ast-hfb-mobile-header-display":"","site-post-title":"","ast-breadcrumbs-content":"","ast-featured-img":"","footer-sml-layout":"","ast-disable-related-posts":"","theme-transparent-header-meta":"default","adv-header-id-meta":"","stick-header-meta":"","header-above-stick-meta":"","header-main-stick-meta":"","header-below-stick-meta":"","astra-migrate-meta-layouts":"set","ast-page-background-enabled":"default","ast-page-background-meta":{"desktop":{"background-color":"var(--ast-global-color-5)","background-image":"","background-repeat":"repeat","background-position":"center center","background-size":"auto","background-attachment":"scroll","background-type":"","background-media":"","overlay-type":"","overlay-color":"","overlay-opacity":"","overlay-gradient":""},"tablet":{"background-color":"","background-image":"","background-repeat":"repeat","background-position":"center center","background-size":"auto","background-attachment":"scroll","background-type":"","background-media":"","overlay-type":"","overlay-color":"","overlay-opacity":"","overlay-gradient":""},"mobile":{"background-color":"","background-image":"","background-repeat":"repeat","background-position":"center center","background-size":"auto","background-attachment":"scroll","background-type":"","background-media":"","overlay-type":"","overlay-color":"","overlay-opacity":"","overlay-gradient":""}},"ast-content-background-meta":{"desktop":{"background-color":"var(--ast-global-color-4)","background-image":"","background-repeat":"repeat","background-position":"center center","background-size":"auto","background-attachment":"scroll","background-type":"","background-media":"","overlay-type":"","overlay-color":"","overlay-opacity":"","overlay-gradient":""},"tablet":{"background-color":"var(--ast-global-color-4)","background-image":"","background-repeat":"repeat","background-position":"center center","background-size":"auto","background-attachment":"scroll","background-type":"","background-media":"","overlay-type":"","overlay-color":"","overlay-opacity":"","overlay-gradient":""},"mobile":{"background-color":"var(--ast-global-color-4)","background-image":"","background-repeat":"repeat","background-position":"center center","background-size":"auto","background-attachment":"scroll","background-type":"","background-media":"","overlay-type":"","overlay-color":"","overlay-opacity":"","overlay-gradient":""}}},"product_brand":[],"product_cat":[168],"product_tag":[],"class_list":{"0":"post-25920","1":"product","2":"type-product","3":"status-publish","4":"has-post-thumbnail","6":"product_cat-husholdningsartikler","7":"pa_62406_bh2jrqka-120-x-275-cm","8":"pa_62406_bh2jrqka-60-x-275-cm","9":"pa_62406_d0rjlc5j-1-stk","10":"pa_62406_d0rjlc5j-3-stk","11":"desktop-align-left","12":"tablet-align-left","13":"mobile-align-left","15":"first","16":"instock","17":"shipping-taxable","18":"purchasable","19":"product-type-variable","20":"has-default-attributes"},"yoast_head":"<!-- This site is optimized with the Yoast SEO plugin v27.4 - https:\/\/yoast.com\/product\/yoast-seo-wordpress\/ -->\n<title>Kl\u00e6brig gnaverf\u00e6lde - Mekulo DK<\/title>\n<meta name=\"robots\" content=\"index, follow, max-snippet:-1, max-image-preview:large, max-video-preview:-1\" \/>\n<link rel=\"canonical\" href=\"https:\/\/mekulo.com\/dk\/produkt\/klaebrig-gnaverfaelde\/\" \/>\n<meta property=\"og:locale\" content=\"da_DK\" \/>\n<meta property=\"og:type\" content=\"article\" \/>\n<meta property=\"og:title\" content=\"Kl\u00e6brig gnaverf\u00e6lde - Mekulo DK\" \/>\n<meta property=\"og:description\" content=\"\ud83e\uddfcKraftfuldt greb. Ren, enkel kontrol. \ud83e\udeb3En diskret l\u00f8sning til u\u00f8nskede bes\u00f8gende. \ud83d\udc2dDenne kl\u00e6brige gnaverf\u00e6lde er designet til at hj\u00e6lpe dig med at h\u00e5ndtere skadedyr hurtigt og hygiejnisk \u2014 uden komplicerede mekanismer eller beskidt oprydning.\" \/>\n<meta property=\"og:url\" content=\"https:\/\/mekulo.com\/dk\/produkt\/klaebrig-gnaverfaelde\/\" \/>\n<meta property=\"og:site_name\" content=\"Mekulo DK\" \/>\n<meta property=\"article:modified_time\" content=\"2026-02-26T06:13:44+00:00\" \/>\n<meta property=\"og:image\" content=\"https:\/\/mekulo.com\/dk\/wp-content\/uploads\/sites\/12\/2026\/02\/0tj8ash-1.webp\" \/>\n\t<meta property=\"og:image:width\" content=\"600\" \/>\n\t<meta property=\"og:image:height\" content=\"600\" \/>\n\t<meta property=\"og:image:type\" content=\"image\/webp\" \/>\n<meta name=\"twitter:card\" content=\"summary_large_image\" \/>\n<meta name=\"twitter:label1\" content=\"Estimeret l\u00e6setid\" \/>\n\t<meta name=\"twitter:data1\" content=\"2 minutter\" \/>\n<script type=\"application\/ld+json\" class=\"yoast-schema-graph\">{\"@context\":\"https:\\\/\\\/schema.org\",\"@graph\":[{\"@type\":\"WebPage\",\"@id\":\"https:\\\/\\\/mekulo.com\\\/dk\\\/produkt\\\/klaebrig-gnaverfaelde\\\/\",\"url\":\"https:\\\/\\\/mekulo.com\\\/dk\\\/produkt\\\/klaebrig-gnaverfaelde\\\/\",\"name\":\"Kl\u00e6brig gnaverf\u00e6lde - Mekulo DK\",\"isPartOf\":{\"@id\":\"https:\\\/\\\/mekulo.com\\\/dk\\\/#website\"},\"primaryImageOfPage\":{\"@id\":\"https:\\\/\\\/mekulo.com\\\/dk\\\/produkt\\\/klaebrig-gnaverfaelde\\\/#primaryimage\"},\"image\":{\"@id\":\"https:\\\/\\\/mekulo.com\\\/dk\\\/produkt\\\/klaebrig-gnaverfaelde\\\/#primaryimage\"},\"thumbnailUrl\":\"https:\\\/\\\/mekulo.com\\\/dk\\\/wp-content\\\/uploads\\\/sites\\\/12\\\/2026\\\/02\\\/0tj8ash-1.webp\",\"datePublished\":\"2026-02-26T06:13:28+00:00\",\"dateModified\":\"2026-02-26T06:13:44+00:00\",\"breadcrumb\":{\"@id\":\"https:\\\/\\\/mekulo.com\\\/dk\\\/produkt\\\/klaebrig-gnaverfaelde\\\/#breadcrumb\"},\"inLanguage\":\"da-DK\",\"potentialAction\":[{\"@type\":\"ReadAction\",\"target\":[\"https:\\\/\\\/mekulo.com\\\/dk\\\/produkt\\\/klaebrig-gnaverfaelde\\\/\"]}]},{\"@type\":\"ImageObject\",\"inLanguage\":\"da-DK\",\"@id\":\"https:\\\/\\\/mekulo.com\\\/dk\\\/produkt\\\/klaebrig-gnaverfaelde\\\/#primaryimage\",\"url\":\"https:\\\/\\\/mekulo.com\\\/dk\\\/wp-content\\\/uploads\\\/sites\\\/12\\\/2026\\\/02\\\/0tj8ash-1.webp\",\"contentUrl\":\"https:\\\/\\\/mekulo.com\\\/dk\\\/wp-content\\\/uploads\\\/sites\\\/12\\\/2026\\\/02\\\/0tj8ash-1.webp\",\"width\":600,\"height\":600},{\"@type\":\"BreadcrumbList\",\"@id\":\"https:\\\/\\\/mekulo.com\\\/dk\\\/produkt\\\/klaebrig-gnaverfaelde\\\/#breadcrumb\",\"itemListElement\":[{\"@type\":\"ListItem\",\"position\":1,\"name\":\"Home\",\"item\":\"https:\\\/\\\/mekulo.com\\\/dk\\\/\"},{\"@type\":\"ListItem\",\"position\":2,\"name\":\"Butik\",\"item\":\"https:\\\/\\\/mekulo.com\\\/dk\\\/butik\\\/\"},{\"@type\":\"ListItem\",\"position\":3,\"name\":\"Kl\u00e6brig gnaverf\u00e6lde\"}]},{\"@type\":\"WebSite\",\"@id\":\"https:\\\/\\\/mekulo.com\\\/dk\\\/#website\",\"url\":\"https:\\\/\\\/mekulo.com\\\/dk\\\/\",\"name\":\"Mekulo DK\",\"description\":\"\",\"publisher\":{\"@id\":\"https:\\\/\\\/mekulo.com\\\/dk\\\/#organization\"},\"potentialAction\":[{\"@type\":\"SearchAction\",\"target\":{\"@type\":\"EntryPoint\",\"urlTemplate\":\"https:\\\/\\\/mekulo.com\\\/dk\\\/?s={search_term_string}\"},\"query-input\":{\"@type\":\"PropertyValueSpecification\",\"valueRequired\":true,\"valueName\":\"search_term_string\"}}],\"inLanguage\":\"da-DK\"},{\"@type\":\"Organization\",\"@id\":\"https:\\\/\\\/mekulo.com\\\/dk\\\/#organization\",\"name\":\"Mekulo\",\"url\":\"https:\\\/\\\/mekulo.com\\\/dk\\\/\",\"logo\":{\"@type\":\"ImageObject\",\"inLanguage\":\"da-DK\",\"@id\":\"https:\\\/\\\/mekulo.com\\\/dk\\\/#\\\/schema\\\/logo\\\/image\\\/\",\"url\":\"https:\\\/\\\/mekulo.com\\\/dk\\\/wp-content\\\/uploads\\\/sites\\\/12\\\/2025\\\/12\\\/favicon_mekulo.png\",\"contentUrl\":\"https:\\\/\\\/mekulo.com\\\/dk\\\/wp-content\\\/uploads\\\/sites\\\/12\\\/2025\\\/12\\\/favicon_mekulo.png\",\"width\":50,\"height\":50,\"caption\":\"Mekulo\"},\"image\":{\"@id\":\"https:\\\/\\\/mekulo.com\\\/dk\\\/#\\\/schema\\\/logo\\\/image\\\/\"}}]}<\/script>\n<!-- \/ Yoast SEO plugin. -->","yoast_head_json":{"title":"Kl\u00e6brig gnaverf\u00e6lde - Mekulo DK","robots":{"index":"index","follow":"follow","max-snippet":"max-snippet:-1","max-image-preview":"max-image-preview:large","max-video-preview":"max-video-preview:-1"},"canonical":"https:\/\/mekulo.com\/dk\/produkt\/klaebrig-gnaverfaelde\/","og_locale":"da_DK","og_type":"article","og_title":"Kl\u00e6brig gnaverf\u00e6lde - Mekulo DK","og_description":"\ud83e\uddfcKraftfuldt greb. Ren, enkel kontrol. \ud83e\udeb3En diskret l\u00f8sning til u\u00f8nskede bes\u00f8gende. \ud83d\udc2dDenne kl\u00e6brige gnaverf\u00e6lde er designet til at hj\u00e6lpe dig med at h\u00e5ndtere skadedyr hurtigt og hygiejnisk \u2014 uden komplicerede mekanismer eller beskidt oprydning.","og_url":"https:\/\/mekulo.com\/dk\/produkt\/klaebrig-gnaverfaelde\/","og_site_name":"Mekulo DK","article_modified_time":"2026-02-26T06:13:44+00:00","og_image":[{"width":600,"height":600,"url":"https:\/\/mekulo.com\/dk\/wp-content\/uploads\/sites\/12\/2026\/02\/0tj8ash-1.webp","type":"image\/webp"}],"twitter_card":"summary_large_image","twitter_misc":{"Estimeret l\u00e6setid":"2 minutter"},"schema":{"@context":"https:\/\/schema.org","@graph":[{"@type":"WebPage","@id":"https:\/\/mekulo.com\/dk\/produkt\/klaebrig-gnaverfaelde\/","url":"https:\/\/mekulo.com\/dk\/produkt\/klaebrig-gnaverfaelde\/","name":"Kl\u00e6brig gnaverf\u00e6lde - Mekulo DK","isPartOf":{"@id":"https:\/\/mekulo.com\/dk\/#website"},"primaryImageOfPage":{"@id":"https:\/\/mekulo.com\/dk\/produkt\/klaebrig-gnaverfaelde\/#primaryimage"},"image":{"@id":"https:\/\/mekulo.com\/dk\/produkt\/klaebrig-gnaverfaelde\/#primaryimage"},"thumbnailUrl":"https:\/\/mekulo.com\/dk\/wp-content\/uploads\/sites\/12\/2026\/02\/0tj8ash-1.webp","datePublished":"2026-02-26T06:13:28+00:00","dateModified":"2026-02-26T06:13:44+00:00","breadcrumb":{"@id":"https:\/\/mekulo.com\/dk\/produkt\/klaebrig-gnaverfaelde\/#breadcrumb"},"inLanguage":"da-DK","potentialAction":[{"@type":"ReadAction","target":["https:\/\/mekulo.com\/dk\/produkt\/klaebrig-gnaverfaelde\/"]}]},{"@type":"ImageObject","inLanguage":"da-DK","@id":"https:\/\/mekulo.com\/dk\/produkt\/klaebrig-gnaverfaelde\/#primaryimage","url":"https:\/\/mekulo.com\/dk\/wp-content\/uploads\/sites\/12\/2026\/02\/0tj8ash-1.webp","contentUrl":"https:\/\/mekulo.com\/dk\/wp-content\/uploads\/sites\/12\/2026\/02\/0tj8ash-1.webp","width":600,"height":600},{"@type":"BreadcrumbList","@id":"https:\/\/mekulo.com\/dk\/produkt\/klaebrig-gnaverfaelde\/#breadcrumb","itemListElement":[{"@type":"ListItem","position":1,"name":"Home","item":"https:\/\/mekulo.com\/dk\/"},{"@type":"ListItem","position":2,"name":"Butik","item":"https:\/\/mekulo.com\/dk\/butik\/"},{"@type":"ListItem","position":3,"name":"Kl\u00e6brig gnaverf\u00e6lde"}]},{"@type":"WebSite","@id":"https:\/\/mekulo.com\/dk\/#website","url":"https:\/\/mekulo.com\/dk\/","name":"Mekulo DK","description":"","publisher":{"@id":"https:\/\/mekulo.com\/dk\/#organization"},"potentialAction":[{"@type":"SearchAction","target":{"@type":"EntryPoint","urlTemplate":"https:\/\/mekulo.com\/dk\/?s={search_term_string}"},"query-input":{"@type":"PropertyValueSpecification","valueRequired":true,"valueName":"search_term_string"}}],"inLanguage":"da-DK"},{"@type":"Organization","@id":"https:\/\/mekulo.com\/dk\/#organization","name":"Mekulo","url":"https:\/\/mekulo.com\/dk\/","logo":{"@type":"ImageObject","inLanguage":"da-DK","@id":"https:\/\/mekulo.com\/dk\/#\/schema\/logo\/image\/","url":"https:\/\/mekulo.com\/dk\/wp-content\/uploads\/sites\/12\/2025\/12\/favicon_mekulo.png","contentUrl":"https:\/\/mekulo.com\/dk\/wp-content\/uploads\/sites\/12\/2025\/12\/favicon_mekulo.png","width":50,"height":50,"caption":"Mekulo"},"image":{"@id":"https:\/\/mekulo.com\/dk\/#\/schema\/logo\/image\/"}}]}},"_links":{"self":[{"href":"https:\/\/mekulo.com\/dk\/wp-json\/wp\/v2\/product\/25920","targetHints":{"allow":["GET"]}}],"collection":[{"href":"https:\/\/mekulo.com\/dk\/wp-json\/wp\/v2\/product"}],"about":[{"href":"https:\/\/mekulo.com\/dk\/wp-json\/wp\/v2\/types\/product"}],"replies":[{"embeddable":true,"href":"https:\/\/mekulo.com\/dk\/wp-json\/wp\/v2\/comments?post=25920"}],"wp:featuredmedia":[{"embeddable":true,"href":"https:\/\/mekulo.com\/dk\/wp-json\/wp\/v2\/media\/25916"}],"wp:attachment":[{"href":"https:\/\/mekulo.com\/dk\/wp-json\/wp\/v2\/media?parent=25920"}],"wp:term":[{"taxonomy":"product_brand","embeddable":true,"href":"https:\/\/mekulo.com\/dk\/wp-json\/wp\/v2\/product_brand?post=25920"},{"taxonomy":"product_cat","embeddable":true,"href":"https:\/\/mekulo.com\/dk\/wp-json\/wp\/v2\/product_cat?post=25920"},{"taxonomy":"product_tag","embeddable":true,"href":"https:\/\/mekulo.com\/dk\/wp-json\/wp\/v2\/product_tag?post=25920"}],"curies":[{"name":"wp","href":"https:\/\/api.w.org\/{rel}","templated":true}]}}