{"id":25857,"date":"2026-02-25T19:40:06","date_gmt":"2026-02-25T17:40:06","guid":{"rendered":"https:\/\/mekulo.com\/dk\/produkt\/vandtaet-fugemasse-til-reparation-af-laekager\/"},"modified":"2026-02-25T19:40:39","modified_gmt":"2026-02-25T17:40:39","slug":"vandtaet-fugemasse-til-reparation-af-laekager","status":"publish","type":"product","link":"https:\/\/mekulo.com\/dk\/produkt\/vandtaet-fugemasse-til-reparation-af-laekager\/","title":{"rendered":"Vandt\u00e6t fugemasse til reparation af l\u00e6kager"},"content":{"rendered":"<h2 style=\"text-align: center\" data-start=\"285\" data-end=\"301\">\u2728 L\u00f8ftet<\/h2>\n<p style=\"text-align: center\" data-start=\"303\" data-end=\"357\">Apply.<br data-start=\"316\" data-end=\"319\" \/>Seal securely.<br data-start=\"333\" data-end=\"336\" \/>Trust the protection.<\/p>\n<p data-start=\"303\" data-end=\"357\"><img fetchpriority=\"high\" decoding=\"async\" class=\" wp-image-26079 aligncenter\" src=\"https:\/\/mekulo.com\/template\/wp-content\/uploads\/sites\/6\/2026\/02\/122111-ezgif.com-video-to-webp-converter-2.webp\" alt=\"\" width=\"550\" height=\"550\" \/><\/p>\n<h2 style=\"text-align: center\" data-start=\"364\" data-end=\"382\">\u2705 Hovedfordele<\/h2>\n<p data-start=\"386\" data-end=\"480\">\ud83d\udca6 Effektiv vandt\u00e6t barriere &#8211; Hj\u00e6lper med at blokere vandindtr\u00e6ngning p\u00e5 almindelige problemomr\u00e5der.<\/p>\n<p data-start=\"484\" data-end=\"560\">\u2600\ufe0f UV &amp; vejrbestandig &#8211; Designet til at opretholde ydeevnen udend\u00f8rs.<\/p>\n<p data-start=\"564\" data-end=\"629\">\ud83c\udf21\ufe0f Bred temperaturtolerance &#8211; Stabil fra -30 \u00b0C til 80 \u00b0C.<\/p>\n<p data-start=\"633\" data-end=\"716\">\ud83d\udee1\ufe0f St\u00e6rk kl\u00e6beforsegling &#8211; Danner et holdbart, langtidsholdbart beskyttelseslag.<\/p>\n<p data-start=\"720\" data-end=\"794\">\ud83d\udd8c\ufe0f B\u00f8rsteassisteret pr\u00e6cision &#8211; Sikrer kontrolleret, j\u00e6vn p\u00e5f\u00f8ring.<\/p>\n<p data-start=\"798\" data-end=\"863\">\u26a1 Hurtigt\u00f8rrende formel &#8211; Minimerer nedetid under reparationer.<\/p>\n<p data-start=\"867\" data-end=\"953\">\ud83c\udfe0 Alsidighed p\u00e5 flere overflader &#8211; Velegnet til v\u00e6gge, tage, lofter og vinduer.<\/p>\n<h2 style=\"text-align: center\" data-start=\"960\" data-end=\"983\">\u2757 Problem \u2192 L\u00f8sning<\/h2>\n<p data-start=\"985\" data-end=\"1108\"><strong data-start=\"985\" data-end=\"997\">Problem:<\/strong><br data-start=\"997\" data-end=\"1000\" \/>Revner, huller og sm\u00e5 l\u00e6kager tillader fugt at tr\u00e6nge ind, hvilket f\u00f8rer til pletter, forringelse og dyre reparationer.<\/p>\n<p data-start=\"1110\" data-end=\"1238\"><strong data-start=\"1110\" data-end=\"1123\">L\u00f8sning:<\/strong><br data-start=\"1123\" data-end=\"1126\" \/>Denne vandt\u00e6tte fugemasse hj\u00e6lper med at lukke s\u00e5rbare omr\u00e5der, hvilket reducerer vandindtr\u00e6ngning og forl\u00e6nger overfladebeskyttelsen.<\/p>\n<p data-start=\"1110\" data-end=\"1238\"><img decoding=\"async\" class=\"size-full wp-image-26080 aligncenter\" src=\"https:\/\/mekulo.com\/template\/wp-content\/uploads\/sites\/6\/2026\/02\/3_c2bf7f70-cc4c-4547-ab65-4c17913860c9.jpg\" alt=\"\" width=\"1080\" height=\"1080\" \/><\/p>\n<h2 style=\"text-align: center\" data-start=\"1245\" data-end=\"1262\">\ud83c\udf3f Perfekt til<\/h2>\n<ul data-start=\"1264\" data-end=\"1383\">\n<li data-start=\"1264\" data-end=\"1288\">\n<p data-start=\"1266\" data-end=\"1288\">V\u00e6grevner og samlinger<\/p>\n<\/li>\n<li data-start=\"1289\" data-end=\"1313\">\n<p data-start=\"1291\" data-end=\"1313\">Forebyggelse af tagl\u00e6kage<\/p>\n<\/li>\n<li data-start=\"1314\" data-end=\"1337\">\n<p data-start=\"1316\" data-end=\"1337\">Forsegling af vindueskanter<\/p>\n<\/li>\n<li data-start=\"1338\" data-end=\"1360\">\n<p data-start=\"1340\" data-end=\"1360\">Loftbeskyttelse<\/p>\n<\/li>\n<li data-start=\"1361\" data-end=\"1383\">\n<p data-start=\"1363\" data-end=\"1383\">Udvendige udbedringer<\/p>\n<\/li>\n<\/ul>\n<p data-start=\"1385\" data-end=\"1434\">Ideal til vedligeholdelse af hjemmet og forebyggende pleje.<\/p>\n<h2 style=\"text-align: center\" data-start=\"1441\" data-end=\"1457\">\u2699\ufe0f S\u00e5dan bruges<\/h2>\n<ol data-start=\"1459\" data-end=\"1569\">\n<li data-start=\"1459\" data-end=\"1489\">\n<p data-start=\"1462\" data-end=\"1489\">Reng\u00f8r og t\u00f8r overfladen.<\/p>\n<\/li>\n<li data-start=\"1490\" data-end=\"1515\">\n<p data-start=\"1493\" data-end=\"1515\">P\u00e5f\u00f8r fugemasse j\u00e6vnt.<\/p>\n<\/li>\n<li data-start=\"1516\" data-end=\"1551\">\n<p data-start=\"1519\" data-end=\"1551\">Spred med den medf\u00f8lgende b\u00f8rste.<\/p>\n<\/li>\n<li data-start=\"1552\" data-end=\"1569\">\n<p data-start=\"1555\" data-end=\"1569\">Lad t\u00f8rre.<\/p>\n<\/li>\n<\/ol>\n<h2 style=\"text-align: center\" data-start=\"1611\" data-end=\"1632\">\ud83d\udcd0 Produktdetaljer<\/h2>\n<ul data-start=\"1634\" data-end=\"1898\">\n<li data-start=\"1634\" data-end=\"1666\">\n<p data-start=\"1636\" data-end=\"1666\">Materiale: Fast kl\u00e6bemiddel<\/p>\n<\/li>\n<li data-start=\"1667\" data-end=\"1692\">\n<p data-start=\"1669\" data-end=\"1692\">Nettoindhold: 100 g, 200 g, 300 g<\/p>\n<\/li>\n<li data-start=\"1693\" data-end=\"1720\">\n<p data-start=\"1695\" data-end=\"1720\">Holdbarhed: 3 \u00e5r<\/p>\n<\/li>\n<li data-start=\"1721\" data-end=\"1795\">\n<p data-start=\"1723\" data-end=\"1795\">Ydeevne: Vandt\u00e6t, UV-bestandig, Temperaturbestandig<\/p>\n<\/li>\n<li data-start=\"1796\" data-end=\"1836\">\n<p data-start=\"1798\" data-end=\"1836\">Temperaturomr\u00e5de: -30\u00b0C til 80\u00b0C<\/p>\n<\/li>\n<li data-start=\"1837\" data-end=\"1898\">\n<p data-start=\"1839\" data-end=\"1898\">Anvendelsesomr\u00e5der: V\u00e6g, tag, vindue, loft<\/p>\n<\/li>\n<li data-start=\"1837\" data-end=\"1898\">St\u00f8rrelse: T\u00e6tningsmasse: 12,9 x 3,8 cm, Pensel: 9,8 x 1,5 cm<\/li>\n<\/ul>\n<h2 style=\"text-align: center\" data-start=\"1945\" data-end=\"1967\">\ud83d\udce6 Pakken indeholder<\/h2>\n<ul data-start=\"1969\" data-end=\"2019\">\n<li data-start=\"1969\" data-end=\"1995\">\n<p data-start=\"1971\" data-end=\"1995\">1, 2, 3x vandt\u00e6t fugemasse\/s<\/p>\n<\/li>\n<li data-start=\"1996\" data-end=\"2019\">\n<p data-start=\"1998\" data-end=\"2019\">1, 2, 3x p\u00e5f\u00f8ringspensel\/es.<\/p>\n<\/li>\n<\/ul>\n","protected":false},"excerpt":{"rendered":"<p>\ud83c\udfe0T\u00e6t l\u00e6kager. Beskyt dit rum.<br \/>\n\ud83c\udf27\ufe0fFast, p\u00e5lidelig vandt\u00e6tning, n\u00e5r det betyder mest.<br \/>\n\ud83e\uddf1Denne h\u00f8jtydende vandt\u00e6tte fugemasse skaber en holdbar barriere mod fugt, der hj\u00e6lper dig med at stoppe l\u00e6kager og forhindre yderligere skader med minimal indsats.<\/p>\n","protected":false},"featured_media":25853,"comment_status":"open","ping_status":"closed","template":"","meta":{"site-sidebar-layout":"default","site-content-layout":"","ast-site-content-layout":"default","site-content-style":"default","site-sidebar-style":"default","ast-global-header-display":"","ast-banner-title-visibility":"","ast-main-header-display":"","ast-hfb-above-header-display":"","ast-hfb-below-header-display":"","ast-hfb-mobile-header-display":"","site-post-title":"","ast-breadcrumbs-content":"","ast-featured-img":"","footer-sml-layout":"","ast-disable-related-posts":"","theme-transparent-header-meta":"default","adv-header-id-meta":"","stick-header-meta":"","header-above-stick-meta":"","header-main-stick-meta":"","header-below-stick-meta":"","astra-migrate-meta-layouts":"set","ast-page-background-enabled":"default","ast-page-background-meta":{"desktop":{"background-color":"var(--ast-global-color-5)","background-image":"","background-repeat":"repeat","background-position":"center center","background-size":"auto","background-attachment":"scroll","background-type":"","background-media":"","overlay-type":"","overlay-color":"","overlay-opacity":"","overlay-gradient":""},"tablet":{"background-color":"","background-image":"","background-repeat":"repeat","background-position":"center center","background-size":"auto","background-attachment":"scroll","background-type":"","background-media":"","overlay-type":"","overlay-color":"","overlay-opacity":"","overlay-gradient":""},"mobile":{"background-color":"","background-image":"","background-repeat":"repeat","background-position":"center center","background-size":"auto","background-attachment":"scroll","background-type":"","background-media":"","overlay-type":"","overlay-color":"","overlay-opacity":"","overlay-gradient":""}},"ast-content-background-meta":{"desktop":{"background-color":"var(--ast-global-color-4)","background-image":"","background-repeat":"repeat","background-position":"center center","background-size":"auto","background-attachment":"scroll","background-type":"","background-media":"","overlay-type":"","overlay-color":"","overlay-opacity":"","overlay-gradient":""},"tablet":{"background-color":"var(--ast-global-color-4)","background-image":"","background-repeat":"repeat","background-position":"center center","background-size":"auto","background-attachment":"scroll","background-type":"","background-media":"","overlay-type":"","overlay-color":"","overlay-opacity":"","overlay-gradient":""},"mobile":{"background-color":"var(--ast-global-color-4)","background-image":"","background-repeat":"repeat","background-position":"center center","background-size":"auto","background-attachment":"scroll","background-type":"","background-media":"","overlay-type":"","overlay-color":"","overlay-opacity":"","overlay-gradient":""}}},"product_brand":[],"product_cat":[168],"product_tag":[],"class_list":{"0":"post-25857","1":"product","2":"type-product","3":"status-publish","4":"has-post-thumbnail","6":"product_cat-husholdningsartikler","7":"pa_62195_1nim5hw3-gennemsigtig","8":"pa_62195_1nim5hw3-hvid","9":"pa_62195_1nim5hw3-sort","10":"pa_62195_qiih2xkq-1-stk","11":"pa_62195_qiih2xkq-2-stk","12":"pa_62195_qiih2xkq-3-stk","13":"desktop-align-left","14":"tablet-align-left","15":"mobile-align-left","17":"first","18":"instock","19":"shipping-taxable","20":"purchasable","21":"product-type-variable","22":"has-default-attributes"},"yoast_head":"<!-- This site is optimized with the Yoast SEO plugin v27.4 - https:\/\/yoast.com\/product\/yoast-seo-wordpress\/ -->\n<title>Vandt\u00e6t fugemasse til reparation af l\u00e6kager - Mekulo DK<\/title>\n<meta name=\"robots\" content=\"index, follow, max-snippet:-1, max-image-preview:large, max-video-preview:-1\" \/>\n<link rel=\"canonical\" href=\"https:\/\/mekulo.com\/dk\/produkt\/vandtaet-fugemasse-til-reparation-af-laekager\/\" \/>\n<meta property=\"og:locale\" content=\"da_DK\" \/>\n<meta property=\"og:type\" content=\"article\" \/>\n<meta property=\"og:title\" content=\"Vandt\u00e6t fugemasse til reparation af l\u00e6kager - Mekulo DK\" \/>\n<meta property=\"og:description\" content=\"\ud83c\udfe0T\u00e6t l\u00e6kager. Beskyt dit rum. \ud83c\udf27\ufe0fFast, p\u00e5lidelig vandt\u00e6tning, n\u00e5r det betyder mest. \ud83e\uddf1Denne h\u00f8jtydende vandt\u00e6tte fugemasse skaber en holdbar barriere mod fugt, der hj\u00e6lper dig med at stoppe l\u00e6kager og forhindre yderligere skader med minimal indsats.\" \/>\n<meta property=\"og:url\" content=\"https:\/\/mekulo.com\/dk\/produkt\/vandtaet-fugemasse-til-reparation-af-laekager\/\" \/>\n<meta property=\"og:site_name\" content=\"Mekulo DK\" \/>\n<meta property=\"article:modified_time\" content=\"2026-02-25T17:40:39+00:00\" \/>\n<meta property=\"og:image\" content=\"https:\/\/mekulo.com\/dk\/wp-content\/uploads\/sites\/12\/2026\/02\/ihixhmu-1.webp\" \/>\n\t<meta property=\"og:image:width\" content=\"713\" \/>\n\t<meta property=\"og:image:height\" content=\"713\" \/>\n\t<meta property=\"og:image:type\" content=\"image\/webp\" \/>\n<meta name=\"twitter:card\" content=\"summary_large_image\" \/>\n<meta name=\"twitter:label1\" content=\"Estimeret l\u00e6setid\" \/>\n\t<meta name=\"twitter:data1\" content=\"2 minutter\" \/>\n<script type=\"application\/ld+json\" class=\"yoast-schema-graph\">{\"@context\":\"https:\\\/\\\/schema.org\",\"@graph\":[{\"@type\":\"WebPage\",\"@id\":\"https:\\\/\\\/mekulo.com\\\/dk\\\/produkt\\\/vandtaet-fugemasse-til-reparation-af-laekager\\\/\",\"url\":\"https:\\\/\\\/mekulo.com\\\/dk\\\/produkt\\\/vandtaet-fugemasse-til-reparation-af-laekager\\\/\",\"name\":\"Vandt\u00e6t fugemasse til reparation af l\u00e6kager - Mekulo DK\",\"isPartOf\":{\"@id\":\"https:\\\/\\\/mekulo.com\\\/dk\\\/#website\"},\"primaryImageOfPage\":{\"@id\":\"https:\\\/\\\/mekulo.com\\\/dk\\\/produkt\\\/vandtaet-fugemasse-til-reparation-af-laekager\\\/#primaryimage\"},\"image\":{\"@id\":\"https:\\\/\\\/mekulo.com\\\/dk\\\/produkt\\\/vandtaet-fugemasse-til-reparation-af-laekager\\\/#primaryimage\"},\"thumbnailUrl\":\"https:\\\/\\\/mekulo.com\\\/dk\\\/wp-content\\\/uploads\\\/sites\\\/12\\\/2026\\\/02\\\/ihixhmu-1.webp\",\"datePublished\":\"2026-02-25T17:40:06+00:00\",\"dateModified\":\"2026-02-25T17:40:39+00:00\",\"breadcrumb\":{\"@id\":\"https:\\\/\\\/mekulo.com\\\/dk\\\/produkt\\\/vandtaet-fugemasse-til-reparation-af-laekager\\\/#breadcrumb\"},\"inLanguage\":\"da-DK\",\"potentialAction\":[{\"@type\":\"ReadAction\",\"target\":[\"https:\\\/\\\/mekulo.com\\\/dk\\\/produkt\\\/vandtaet-fugemasse-til-reparation-af-laekager\\\/\"]}]},{\"@type\":\"ImageObject\",\"inLanguage\":\"da-DK\",\"@id\":\"https:\\\/\\\/mekulo.com\\\/dk\\\/produkt\\\/vandtaet-fugemasse-til-reparation-af-laekager\\\/#primaryimage\",\"url\":\"https:\\\/\\\/mekulo.com\\\/dk\\\/wp-content\\\/uploads\\\/sites\\\/12\\\/2026\\\/02\\\/ihixhmu-1.webp\",\"contentUrl\":\"https:\\\/\\\/mekulo.com\\\/dk\\\/wp-content\\\/uploads\\\/sites\\\/12\\\/2026\\\/02\\\/ihixhmu-1.webp\",\"width\":713,\"height\":713},{\"@type\":\"BreadcrumbList\",\"@id\":\"https:\\\/\\\/mekulo.com\\\/dk\\\/produkt\\\/vandtaet-fugemasse-til-reparation-af-laekager\\\/#breadcrumb\",\"itemListElement\":[{\"@type\":\"ListItem\",\"position\":1,\"name\":\"Home\",\"item\":\"https:\\\/\\\/mekulo.com\\\/dk\\\/\"},{\"@type\":\"ListItem\",\"position\":2,\"name\":\"Butik\",\"item\":\"https:\\\/\\\/mekulo.com\\\/dk\\\/butik\\\/\"},{\"@type\":\"ListItem\",\"position\":3,\"name\":\"Vandt\u00e6t fugemasse til reparation af l\u00e6kager\"}]},{\"@type\":\"WebSite\",\"@id\":\"https:\\\/\\\/mekulo.com\\\/dk\\\/#website\",\"url\":\"https:\\\/\\\/mekulo.com\\\/dk\\\/\",\"name\":\"Mekulo DK\",\"description\":\"\",\"publisher\":{\"@id\":\"https:\\\/\\\/mekulo.com\\\/dk\\\/#organization\"},\"potentialAction\":[{\"@type\":\"SearchAction\",\"target\":{\"@type\":\"EntryPoint\",\"urlTemplate\":\"https:\\\/\\\/mekulo.com\\\/dk\\\/?s={search_term_string}\"},\"query-input\":{\"@type\":\"PropertyValueSpecification\",\"valueRequired\":true,\"valueName\":\"search_term_string\"}}],\"inLanguage\":\"da-DK\"},{\"@type\":\"Organization\",\"@id\":\"https:\\\/\\\/mekulo.com\\\/dk\\\/#organization\",\"name\":\"Mekulo\",\"url\":\"https:\\\/\\\/mekulo.com\\\/dk\\\/\",\"logo\":{\"@type\":\"ImageObject\",\"inLanguage\":\"da-DK\",\"@id\":\"https:\\\/\\\/mekulo.com\\\/dk\\\/#\\\/schema\\\/logo\\\/image\\\/\",\"url\":\"https:\\\/\\\/mekulo.com\\\/dk\\\/wp-content\\\/uploads\\\/sites\\\/12\\\/2025\\\/12\\\/favicon_mekulo.png\",\"contentUrl\":\"https:\\\/\\\/mekulo.com\\\/dk\\\/wp-content\\\/uploads\\\/sites\\\/12\\\/2025\\\/12\\\/favicon_mekulo.png\",\"width\":50,\"height\":50,\"caption\":\"Mekulo\"},\"image\":{\"@id\":\"https:\\\/\\\/mekulo.com\\\/dk\\\/#\\\/schema\\\/logo\\\/image\\\/\"}}]}<\/script>\n<!-- \/ Yoast SEO plugin. -->","yoast_head_json":{"title":"Vandt\u00e6t fugemasse til reparation af l\u00e6kager - Mekulo DK","robots":{"index":"index","follow":"follow","max-snippet":"max-snippet:-1","max-image-preview":"max-image-preview:large","max-video-preview":"max-video-preview:-1"},"canonical":"https:\/\/mekulo.com\/dk\/produkt\/vandtaet-fugemasse-til-reparation-af-laekager\/","og_locale":"da_DK","og_type":"article","og_title":"Vandt\u00e6t fugemasse til reparation af l\u00e6kager - Mekulo DK","og_description":"\ud83c\udfe0T\u00e6t l\u00e6kager. Beskyt dit rum. \ud83c\udf27\ufe0fFast, p\u00e5lidelig vandt\u00e6tning, n\u00e5r det betyder mest. \ud83e\uddf1Denne h\u00f8jtydende vandt\u00e6tte fugemasse skaber en holdbar barriere mod fugt, der hj\u00e6lper dig med at stoppe l\u00e6kager og forhindre yderligere skader med minimal indsats.","og_url":"https:\/\/mekulo.com\/dk\/produkt\/vandtaet-fugemasse-til-reparation-af-laekager\/","og_site_name":"Mekulo DK","article_modified_time":"2026-02-25T17:40:39+00:00","og_image":[{"width":713,"height":713,"url":"https:\/\/mekulo.com\/dk\/wp-content\/uploads\/sites\/12\/2026\/02\/ihixhmu-1.webp","type":"image\/webp"}],"twitter_card":"summary_large_image","twitter_misc":{"Estimeret l\u00e6setid":"2 minutter"},"schema":{"@context":"https:\/\/schema.org","@graph":[{"@type":"WebPage","@id":"https:\/\/mekulo.com\/dk\/produkt\/vandtaet-fugemasse-til-reparation-af-laekager\/","url":"https:\/\/mekulo.com\/dk\/produkt\/vandtaet-fugemasse-til-reparation-af-laekager\/","name":"Vandt\u00e6t fugemasse til reparation af l\u00e6kager - Mekulo DK","isPartOf":{"@id":"https:\/\/mekulo.com\/dk\/#website"},"primaryImageOfPage":{"@id":"https:\/\/mekulo.com\/dk\/produkt\/vandtaet-fugemasse-til-reparation-af-laekager\/#primaryimage"},"image":{"@id":"https:\/\/mekulo.com\/dk\/produkt\/vandtaet-fugemasse-til-reparation-af-laekager\/#primaryimage"},"thumbnailUrl":"https:\/\/mekulo.com\/dk\/wp-content\/uploads\/sites\/12\/2026\/02\/ihixhmu-1.webp","datePublished":"2026-02-25T17:40:06+00:00","dateModified":"2026-02-25T17:40:39+00:00","breadcrumb":{"@id":"https:\/\/mekulo.com\/dk\/produkt\/vandtaet-fugemasse-til-reparation-af-laekager\/#breadcrumb"},"inLanguage":"da-DK","potentialAction":[{"@type":"ReadAction","target":["https:\/\/mekulo.com\/dk\/produkt\/vandtaet-fugemasse-til-reparation-af-laekager\/"]}]},{"@type":"ImageObject","inLanguage":"da-DK","@id":"https:\/\/mekulo.com\/dk\/produkt\/vandtaet-fugemasse-til-reparation-af-laekager\/#primaryimage","url":"https:\/\/mekulo.com\/dk\/wp-content\/uploads\/sites\/12\/2026\/02\/ihixhmu-1.webp","contentUrl":"https:\/\/mekulo.com\/dk\/wp-content\/uploads\/sites\/12\/2026\/02\/ihixhmu-1.webp","width":713,"height":713},{"@type":"BreadcrumbList","@id":"https:\/\/mekulo.com\/dk\/produkt\/vandtaet-fugemasse-til-reparation-af-laekager\/#breadcrumb","itemListElement":[{"@type":"ListItem","position":1,"name":"Home","item":"https:\/\/mekulo.com\/dk\/"},{"@type":"ListItem","position":2,"name":"Butik","item":"https:\/\/mekulo.com\/dk\/butik\/"},{"@type":"ListItem","position":3,"name":"Vandt\u00e6t fugemasse til reparation af l\u00e6kager"}]},{"@type":"WebSite","@id":"https:\/\/mekulo.com\/dk\/#website","url":"https:\/\/mekulo.com\/dk\/","name":"Mekulo DK","description":"","publisher":{"@id":"https:\/\/mekulo.com\/dk\/#organization"},"potentialAction":[{"@type":"SearchAction","target":{"@type":"EntryPoint","urlTemplate":"https:\/\/mekulo.com\/dk\/?s={search_term_string}"},"query-input":{"@type":"PropertyValueSpecification","valueRequired":true,"valueName":"search_term_string"}}],"inLanguage":"da-DK"},{"@type":"Organization","@id":"https:\/\/mekulo.com\/dk\/#organization","name":"Mekulo","url":"https:\/\/mekulo.com\/dk\/","logo":{"@type":"ImageObject","inLanguage":"da-DK","@id":"https:\/\/mekulo.com\/dk\/#\/schema\/logo\/image\/","url":"https:\/\/mekulo.com\/dk\/wp-content\/uploads\/sites\/12\/2025\/12\/favicon_mekulo.png","contentUrl":"https:\/\/mekulo.com\/dk\/wp-content\/uploads\/sites\/12\/2025\/12\/favicon_mekulo.png","width":50,"height":50,"caption":"Mekulo"},"image":{"@id":"https:\/\/mekulo.com\/dk\/#\/schema\/logo\/image\/"}}]}},"_links":{"self":[{"href":"https:\/\/mekulo.com\/dk\/wp-json\/wp\/v2\/product\/25857","targetHints":{"allow":["GET"]}}],"collection":[{"href":"https:\/\/mekulo.com\/dk\/wp-json\/wp\/v2\/product"}],"about":[{"href":"https:\/\/mekulo.com\/dk\/wp-json\/wp\/v2\/types\/product"}],"replies":[{"embeddable":true,"href":"https:\/\/mekulo.com\/dk\/wp-json\/wp\/v2\/comments?post=25857"}],"wp:featuredmedia":[{"embeddable":true,"href":"https:\/\/mekulo.com\/dk\/wp-json\/wp\/v2\/media\/25853"}],"wp:attachment":[{"href":"https:\/\/mekulo.com\/dk\/wp-json\/wp\/v2\/media?parent=25857"}],"wp:term":[{"taxonomy":"product_brand","embeddable":true,"href":"https:\/\/mekulo.com\/dk\/wp-json\/wp\/v2\/product_brand?post=25857"},{"taxonomy":"product_cat","embeddable":true,"href":"https:\/\/mekulo.com\/dk\/wp-json\/wp\/v2\/product_cat?post=25857"},{"taxonomy":"product_tag","embeddable":true,"href":"https:\/\/mekulo.com\/dk\/wp-json\/wp\/v2\/product_tag?post=25857"}],"curies":[{"name":"wp","href":"https:\/\/api.w.org\/{rel}","templated":true}]}}