{"id":25772,"date":"2026-02-25T19:20:16","date_gmt":"2026-02-25T17:20:16","guid":{"rendered":"https:\/\/mekulo.com\/dk\/produkt\/rengoeringsmiddel-til-flere-overflader\/"},"modified":"2026-02-25T19:20:27","modified_gmt":"2026-02-25T17:20:27","slug":"rengoeringsmiddel-til-flere-overflader","status":"publish","type":"product","link":"https:\/\/mekulo.com\/dk\/produkt\/rengoeringsmiddel-til-flere-overflader\/","title":{"rendered":"Reng\u00f8ringsmiddel til flere overflader"},"content":{"rendered":"<h2 style=\"text-align: center\" data-start=\"249\" data-end=\"265\">\u2728 The Promise<\/h2>\n<p style=\"text-align: center\" data-start=\"267\" data-end=\"331\">Spray.<br data-start=\"280\" data-end=\"283\" \/>Wipe gently.<br data-start=\"295\" data-end=\"298\" \/>Reveal a cleaner, smoother shine.<\/p>\n<p data-start=\"267\" data-end=\"331\"><img fetchpriority=\"high\" decoding=\"async\" class=\" wp-image-26161 aligncenter\" src=\"https:\/\/mekulo.com\/template\/wp-content\/uploads\/sites\/6\/2026\/02\/122120-ezgif.com-video-to-webp-converter-1.webp\" alt=\"\" width=\"550\" height=\"550\" \/><\/p>\n<h2 style=\"text-align: center\" data-start=\"338\" data-end=\"356\">\u2705 Main benefits<\/h2>\n<p data-start=\"360\" data-end=\"437\">\ud83e\uddfc Removes stains &amp; residue &#8211; Helps lift grease, dust, and daily marks.<\/p>\n<p data-start=\"441\" data-end=\"518\">\u2728 Restores natural gloss &#8211; Revives the appearance of interior surfaces.<\/p>\n<p data-start=\"522\" data-end=\"593\">\ud83d\udee1\ufe0f Protective film formation &#8211; Helps reduce future dust buildup.<\/p>\n<p data-start=\"597\" data-end=\"681\">\ud83d\ude97 Designet til bilinteri\u00f8r &#8211; Velegnet til rutinem\u00e6ssig reng\u00f8ring og vedligeholdelse.<\/p>\n<p data-start=\"685\" data-end=\"748\">\ud83c\udf3f Blid, ikke-irriterende formel &#8211; Sikker til regelm\u00e6ssig brug.<\/p>\n<p data-start=\"752\" data-end=\"834\">\u270b Hurtig og ubesv\u00e6ret p\u00e5f\u00f8ring &#8211; Kr\u00e6ver ingen kompliceret proces eller v\u00e6rkt\u00f8j.<\/p>\n<p data-start=\"838\" data-end=\"914\">\ud83d\udd4a\ufe0f Kompakt flaske, der er nem at opbevare &#8211; Praktisk til brug i hjemmet eller p\u00e5 rejsen.<\/p>\n<h2 style=\"text-align: center\" data-start=\"921\" data-end=\"944\">\u2757 Problem \u2192 L\u00f8sning<\/h2>\n<p data-start=\"946\" data-end=\"1049\"><strong data-start=\"946\" data-end=\"958\">Problem:<\/strong><br data-start=\"958\" data-end=\"961\" \/>Indvendige overflader mister gradvist deres rene finish p\u00e5 grund af st\u00f8v, olier og daglig brug.<\/p>\n<p data-start=\"1051\" data-end=\"1167\"><strong data-start=\"1051\" data-end=\"1064\">L\u00f8sning:<\/strong><br data-start=\"1064\" data-end=\"1067\" \/>Dette reng\u00f8ringsmiddel opfrisker overflader og tilf\u00f8jer et subtilt beskyttende lag for at bevare et velplejet udseende.<\/p>\n<p data-start=\"1051\" data-end=\"1167\"><img decoding=\"async\" class=\" wp-image-26160 aligncenter\" src=\"https:\/\/mekulo.com\/template\/wp-content\/uploads\/sites\/6\/2026\/02\/122121-ezgif.com-video-to-webp-converter-1.webp\" alt=\"\" width=\"550\" height=\"550\" \/><\/p>\n<h2 style=\"text-align: center\" data-start=\"1174\" data-end=\"1191\">\ud83c\udf1f Perfect for<\/h2>\n<ul data-start=\"1193\" data-end=\"1316\">\n<li data-start=\"1193\" data-end=\"1215\">\n<p data-start=\"1195\" data-end=\"1215\">Reng\u00f8ring af instrumentbr\u00e6t<\/p>\n<\/li>\n<li data-start=\"1216\" data-end=\"1231\">\n<p data-start=\"1218\" data-end=\"1231\">D\u00f8rpaneler<\/p>\n<\/li>\n<li data-start=\"1232\" data-end=\"1259\">\n<p data-start=\"1234\" data-end=\"1259\">Kanter og plastoverflader<\/p>\n<\/li>\n<li data-start=\"1260\" data-end=\"1285\">\n<p data-start=\"1262\" data-end=\"1285\">Rutinem\u00e6ssig indvendig pleje<\/p>\n<\/li>\n<li data-start=\"1286\" data-end=\"1316\">\n<p data-start=\"1288\" data-end=\"1316\">Hurtig opfriskning f\u00f8r ture<\/p>\n<\/li>\n<\/ul>\n<p data-start=\"1318\" data-end=\"1365\">Holder din bil ren og velplejet.<\/p>\n<h2 style=\"text-align: center\" data-start=\"1372\" data-end=\"1388\">\u2699\ufe0f S\u00e5dan bruges<\/h2>\n<ol data-start=\"1390\" data-end=\"1506\">\n<li data-start=\"1390\" data-end=\"1416\">\n<p data-start=\"1393\" data-end=\"1416\">S\u00f8rg for, at overfladen er t\u00f8r.<\/p>\n<\/li>\n<li data-start=\"1417\" data-end=\"1445\">\n<p data-start=\"1420\" data-end=\"1445\">Spray let p\u00e5 omr\u00e5det.<\/p>\n<\/li>\n<li data-start=\"1446\" data-end=\"1479\">\n<p data-start=\"1449\" data-end=\"1479\">T\u00f8r af med en mikrofiberklud.<\/p>\n<\/li>\n<li data-start=\"1480\" data-end=\"1506\">\n<p data-start=\"1483\" data-end=\"1506\">Poler forsigtigt om n\u00f8dvendigt.<\/p>\n<\/li>\n<\/ol>\n<h2 style=\"text-align: center\" data-start=\"1536\" data-end=\"1557\">\ud83d\udcd0 Produktdetaljer<\/h2>\n<ul data-start=\"1559\" data-end=\"1794\">\n<li data-start=\"1627\" data-end=\"1649\">\n<p data-start=\"1629\" data-end=\"1649\">Volumen: 100 ml, 200 ml, 300 ml<\/p>\n<\/li>\n<li data-start=\"1650\" data-end=\"1700\">\n<p data-start=\"1652\" data-end=\"1700\">Anvendelse: Indvendig reng\u00f8ring og vedligeholdelse af bilen<\/p>\n<\/li>\n<li data-start=\"1701\" data-end=\"1760\">\n<p data-start=\"1703\" data-end=\"1760\">Formulaeffekt: Glansforbedring og beskyttende film<\/p>\n<\/li>\n<li data-start=\"1761\" data-end=\"1794\">\n<p data-start=\"1763\" data-end=\"1794\">Velegnet til: M\u00e6nd og kvinder<\/p>\n<\/li>\n<li data-start=\"1761\" data-end=\"1794\">St\u00f8rrelse: 13,6 x 4 cm<\/li>\n<\/ul>\n<h2 style=\"text-align: center\" data-start=\"1848\" data-end=\"1870\">\ud83d\udce6 Pakken indeholder<\/h2>\n<ul data-start=\"1872\" data-end=\"1908\">\n<li data-start=\"1872\" data-end=\"1908\">\n<p data-start=\"1874\" data-end=\"1908\">1, 2, 3x multioverfladerensere.<\/p>\n<\/li>\n<\/ul>\n","protected":false},"excerpt":{"rendered":"<p>\ud83e\uddfcReng\u00f8r dybere. Genopret finishen.<br \/>\n\ud83c\udf3fEn l\u00f8sning til et opfrisket, poleret interi\u00f8r.<br \/>\n<span style=\"font-size: 16px;font-style: normal;font-weight: 400\">\ud83d\ude97<\/span>Dette reng\u00f8ringsmiddel til flere overflader hj\u00e6lper med at fjerne hverdagens aflejringer, mens det forbedrer det naturlige udseende af din bils indvendige overflader.<\/p>\n","protected":false},"featured_media":25768,"comment_status":"open","ping_status":"closed","template":"","meta":{"site-sidebar-layout":"default","site-content-layout":"","ast-site-content-layout":"default","site-content-style":"default","site-sidebar-style":"default","ast-global-header-display":"","ast-banner-title-visibility":"","ast-main-header-display":"","ast-hfb-above-header-display":"","ast-hfb-below-header-display":"","ast-hfb-mobile-header-display":"","site-post-title":"","ast-breadcrumbs-content":"","ast-featured-img":"","footer-sml-layout":"","ast-disable-related-posts":"","theme-transparent-header-meta":"default","adv-header-id-meta":"","stick-header-meta":"","header-above-stick-meta":"","header-main-stick-meta":"","header-below-stick-meta":"","astra-migrate-meta-layouts":"set","ast-page-background-enabled":"default","ast-page-background-meta":{"desktop":{"background-color":"var(--ast-global-color-5)","background-image":"","background-repeat":"repeat","background-position":"center center","background-size":"auto","background-attachment":"scroll","background-type":"","background-media":"","overlay-type":"","overlay-color":"","overlay-opacity":"","overlay-gradient":""},"tablet":{"background-color":"","background-image":"","background-repeat":"repeat","background-position":"center center","background-size":"auto","background-attachment":"scroll","background-type":"","background-media":"","overlay-type":"","overlay-color":"","overlay-opacity":"","overlay-gradient":""},"mobile":{"background-color":"","background-image":"","background-repeat":"repeat","background-position":"center center","background-size":"auto","background-attachment":"scroll","background-type":"","background-media":"","overlay-type":"","overlay-color":"","overlay-opacity":"","overlay-gradient":""}},"ast-content-background-meta":{"desktop":{"background-color":"var(--ast-global-color-4)","background-image":"","background-repeat":"repeat","background-position":"center center","background-size":"auto","background-attachment":"scroll","background-type":"","background-media":"","overlay-type":"","overlay-color":"","overlay-opacity":"","overlay-gradient":""},"tablet":{"background-color":"var(--ast-global-color-4)","background-image":"","background-repeat":"repeat","background-position":"center center","background-size":"auto","background-attachment":"scroll","background-type":"","background-media":"","overlay-type":"","overlay-color":"","overlay-opacity":"","overlay-gradient":""},"mobile":{"background-color":"var(--ast-global-color-4)","background-image":"","background-repeat":"repeat","background-position":"center center","background-size":"auto","background-attachment":"scroll","background-type":"","background-media":"","overlay-type":"","overlay-color":"","overlay-opacity":"","overlay-gradient":""}}},"product_brand":[],"product_cat":[161],"product_tag":[],"class_list":{"0":"post-25772","1":"product","2":"type-product","3":"status-publish","4":"has-post-thumbnail","6":"product_cat-bilprodukter","7":"pa_62361_x4yggn7r-1-stk","8":"pa_62361_x4yggn7r-2-stk","9":"pa_62361_x4yggn7r-3-stk","10":"desktop-align-left","11":"tablet-align-left","12":"mobile-align-left","14":"first","15":"instock","16":"shipping-taxable","17":"purchasable","18":"product-type-variable"},"yoast_head":"<!-- This site is optimized with the Yoast SEO plugin v27.4 - https:\/\/yoast.com\/product\/yoast-seo-wordpress\/ -->\n<title>Reng\u00f8ringsmiddel til flere overflader - Mekulo DK<\/title>\n<meta name=\"robots\" content=\"index, follow, max-snippet:-1, max-image-preview:large, max-video-preview:-1\" \/>\n<link rel=\"canonical\" href=\"https:\/\/mekulo.com\/dk\/produkt\/rengoeringsmiddel-til-flere-overflader\/\" \/>\n<meta property=\"og:locale\" content=\"da_DK\" \/>\n<meta property=\"og:type\" content=\"article\" \/>\n<meta property=\"og:title\" content=\"Reng\u00f8ringsmiddel til flere overflader - Mekulo DK\" \/>\n<meta property=\"og:description\" content=\"\ud83e\uddfcReng\u00f8r dybere. Genopret finishen. \ud83c\udf3fEn l\u00f8sning til et opfrisket, poleret interi\u00f8r. \ud83d\ude97Dette reng\u00f8ringsmiddel til flere overflader hj\u00e6lper med at fjerne hverdagens aflejringer, mens det forbedrer det naturlige udseende af din bils indvendige overflader.\" \/>\n<meta property=\"og:url\" content=\"https:\/\/mekulo.com\/dk\/produkt\/rengoeringsmiddel-til-flere-overflader\/\" \/>\n<meta property=\"og:site_name\" content=\"Mekulo DK\" \/>\n<meta property=\"article:modified_time\" content=\"2026-02-25T17:20:27+00:00\" \/>\n<meta property=\"og:image\" content=\"https:\/\/mekulo.com\/dk\/wp-content\/uploads\/sites\/12\/2026\/02\/w21ut49-1.webp\" \/>\n\t<meta property=\"og:image:width\" content=\"1000\" \/>\n\t<meta property=\"og:image:height\" content=\"1000\" \/>\n\t<meta property=\"og:image:type\" content=\"image\/webp\" \/>\n<meta name=\"twitter:card\" content=\"summary_large_image\" \/>\n<meta name=\"twitter:label1\" content=\"Estimeret l\u00e6setid\" \/>\n\t<meta name=\"twitter:data1\" content=\"2 minutter\" \/>\n<script type=\"application\/ld+json\" class=\"yoast-schema-graph\">{\"@context\":\"https:\\\/\\\/schema.org\",\"@graph\":[{\"@type\":\"WebPage\",\"@id\":\"https:\\\/\\\/mekulo.com\\\/dk\\\/produkt\\\/rengoeringsmiddel-til-flere-overflader\\\/\",\"url\":\"https:\\\/\\\/mekulo.com\\\/dk\\\/produkt\\\/rengoeringsmiddel-til-flere-overflader\\\/\",\"name\":\"Reng\u00f8ringsmiddel til flere overflader - Mekulo DK\",\"isPartOf\":{\"@id\":\"https:\\\/\\\/mekulo.com\\\/dk\\\/#website\"},\"primaryImageOfPage\":{\"@id\":\"https:\\\/\\\/mekulo.com\\\/dk\\\/produkt\\\/rengoeringsmiddel-til-flere-overflader\\\/#primaryimage\"},\"image\":{\"@id\":\"https:\\\/\\\/mekulo.com\\\/dk\\\/produkt\\\/rengoeringsmiddel-til-flere-overflader\\\/#primaryimage\"},\"thumbnailUrl\":\"https:\\\/\\\/mekulo.com\\\/dk\\\/wp-content\\\/uploads\\\/sites\\\/12\\\/2026\\\/02\\\/w21ut49-1.webp\",\"datePublished\":\"2026-02-25T17:20:16+00:00\",\"dateModified\":\"2026-02-25T17:20:27+00:00\",\"breadcrumb\":{\"@id\":\"https:\\\/\\\/mekulo.com\\\/dk\\\/produkt\\\/rengoeringsmiddel-til-flere-overflader\\\/#breadcrumb\"},\"inLanguage\":\"da-DK\",\"potentialAction\":[{\"@type\":\"ReadAction\",\"target\":[\"https:\\\/\\\/mekulo.com\\\/dk\\\/produkt\\\/rengoeringsmiddel-til-flere-overflader\\\/\"]}]},{\"@type\":\"ImageObject\",\"inLanguage\":\"da-DK\",\"@id\":\"https:\\\/\\\/mekulo.com\\\/dk\\\/produkt\\\/rengoeringsmiddel-til-flere-overflader\\\/#primaryimage\",\"url\":\"https:\\\/\\\/mekulo.com\\\/dk\\\/wp-content\\\/uploads\\\/sites\\\/12\\\/2026\\\/02\\\/w21ut49-1.webp\",\"contentUrl\":\"https:\\\/\\\/mekulo.com\\\/dk\\\/wp-content\\\/uploads\\\/sites\\\/12\\\/2026\\\/02\\\/w21ut49-1.webp\",\"width\":1000,\"height\":1000},{\"@type\":\"BreadcrumbList\",\"@id\":\"https:\\\/\\\/mekulo.com\\\/dk\\\/produkt\\\/rengoeringsmiddel-til-flere-overflader\\\/#breadcrumb\",\"itemListElement\":[{\"@type\":\"ListItem\",\"position\":1,\"name\":\"Home\",\"item\":\"https:\\\/\\\/mekulo.com\\\/dk\\\/\"},{\"@type\":\"ListItem\",\"position\":2,\"name\":\"Butik\",\"item\":\"https:\\\/\\\/mekulo.com\\\/dk\\\/butik\\\/\"},{\"@type\":\"ListItem\",\"position\":3,\"name\":\"Reng\u00f8ringsmiddel til flere overflader\"}]},{\"@type\":\"WebSite\",\"@id\":\"https:\\\/\\\/mekulo.com\\\/dk\\\/#website\",\"url\":\"https:\\\/\\\/mekulo.com\\\/dk\\\/\",\"name\":\"Mekulo DK\",\"description\":\"\",\"publisher\":{\"@id\":\"https:\\\/\\\/mekulo.com\\\/dk\\\/#organization\"},\"potentialAction\":[{\"@type\":\"SearchAction\",\"target\":{\"@type\":\"EntryPoint\",\"urlTemplate\":\"https:\\\/\\\/mekulo.com\\\/dk\\\/?s={search_term_string}\"},\"query-input\":{\"@type\":\"PropertyValueSpecification\",\"valueRequired\":true,\"valueName\":\"search_term_string\"}}],\"inLanguage\":\"da-DK\"},{\"@type\":\"Organization\",\"@id\":\"https:\\\/\\\/mekulo.com\\\/dk\\\/#organization\",\"name\":\"Mekulo\",\"url\":\"https:\\\/\\\/mekulo.com\\\/dk\\\/\",\"logo\":{\"@type\":\"ImageObject\",\"inLanguage\":\"da-DK\",\"@id\":\"https:\\\/\\\/mekulo.com\\\/dk\\\/#\\\/schema\\\/logo\\\/image\\\/\",\"url\":\"https:\\\/\\\/mekulo.com\\\/dk\\\/wp-content\\\/uploads\\\/sites\\\/12\\\/2025\\\/12\\\/favicon_mekulo.png\",\"contentUrl\":\"https:\\\/\\\/mekulo.com\\\/dk\\\/wp-content\\\/uploads\\\/sites\\\/12\\\/2025\\\/12\\\/favicon_mekulo.png\",\"width\":50,\"height\":50,\"caption\":\"Mekulo\"},\"image\":{\"@id\":\"https:\\\/\\\/mekulo.com\\\/dk\\\/#\\\/schema\\\/logo\\\/image\\\/\"}}]}<\/script>\n<!-- \/ Yoast SEO plugin. -->","yoast_head_json":{"title":"Reng\u00f8ringsmiddel til flere overflader - Mekulo DK","robots":{"index":"index","follow":"follow","max-snippet":"max-snippet:-1","max-image-preview":"max-image-preview:large","max-video-preview":"max-video-preview:-1"},"canonical":"https:\/\/mekulo.com\/dk\/produkt\/rengoeringsmiddel-til-flere-overflader\/","og_locale":"da_DK","og_type":"article","og_title":"Reng\u00f8ringsmiddel til flere overflader - Mekulo DK","og_description":"\ud83e\uddfcReng\u00f8r dybere. Genopret finishen. \ud83c\udf3fEn l\u00f8sning til et opfrisket, poleret interi\u00f8r. \ud83d\ude97Dette reng\u00f8ringsmiddel til flere overflader hj\u00e6lper med at fjerne hverdagens aflejringer, mens det forbedrer det naturlige udseende af din bils indvendige overflader.","og_url":"https:\/\/mekulo.com\/dk\/produkt\/rengoeringsmiddel-til-flere-overflader\/","og_site_name":"Mekulo DK","article_modified_time":"2026-02-25T17:20:27+00:00","og_image":[{"width":1000,"height":1000,"url":"https:\/\/mekulo.com\/dk\/wp-content\/uploads\/sites\/12\/2026\/02\/w21ut49-1.webp","type":"image\/webp"}],"twitter_card":"summary_large_image","twitter_misc":{"Estimeret l\u00e6setid":"2 minutter"},"schema":{"@context":"https:\/\/schema.org","@graph":[{"@type":"WebPage","@id":"https:\/\/mekulo.com\/dk\/produkt\/rengoeringsmiddel-til-flere-overflader\/","url":"https:\/\/mekulo.com\/dk\/produkt\/rengoeringsmiddel-til-flere-overflader\/","name":"Reng\u00f8ringsmiddel til flere overflader - Mekulo DK","isPartOf":{"@id":"https:\/\/mekulo.com\/dk\/#website"},"primaryImageOfPage":{"@id":"https:\/\/mekulo.com\/dk\/produkt\/rengoeringsmiddel-til-flere-overflader\/#primaryimage"},"image":{"@id":"https:\/\/mekulo.com\/dk\/produkt\/rengoeringsmiddel-til-flere-overflader\/#primaryimage"},"thumbnailUrl":"https:\/\/mekulo.com\/dk\/wp-content\/uploads\/sites\/12\/2026\/02\/w21ut49-1.webp","datePublished":"2026-02-25T17:20:16+00:00","dateModified":"2026-02-25T17:20:27+00:00","breadcrumb":{"@id":"https:\/\/mekulo.com\/dk\/produkt\/rengoeringsmiddel-til-flere-overflader\/#breadcrumb"},"inLanguage":"da-DK","potentialAction":[{"@type":"ReadAction","target":["https:\/\/mekulo.com\/dk\/produkt\/rengoeringsmiddel-til-flere-overflader\/"]}]},{"@type":"ImageObject","inLanguage":"da-DK","@id":"https:\/\/mekulo.com\/dk\/produkt\/rengoeringsmiddel-til-flere-overflader\/#primaryimage","url":"https:\/\/mekulo.com\/dk\/wp-content\/uploads\/sites\/12\/2026\/02\/w21ut49-1.webp","contentUrl":"https:\/\/mekulo.com\/dk\/wp-content\/uploads\/sites\/12\/2026\/02\/w21ut49-1.webp","width":1000,"height":1000},{"@type":"BreadcrumbList","@id":"https:\/\/mekulo.com\/dk\/produkt\/rengoeringsmiddel-til-flere-overflader\/#breadcrumb","itemListElement":[{"@type":"ListItem","position":1,"name":"Home","item":"https:\/\/mekulo.com\/dk\/"},{"@type":"ListItem","position":2,"name":"Butik","item":"https:\/\/mekulo.com\/dk\/butik\/"},{"@type":"ListItem","position":3,"name":"Reng\u00f8ringsmiddel til flere overflader"}]},{"@type":"WebSite","@id":"https:\/\/mekulo.com\/dk\/#website","url":"https:\/\/mekulo.com\/dk\/","name":"Mekulo DK","description":"","publisher":{"@id":"https:\/\/mekulo.com\/dk\/#organization"},"potentialAction":[{"@type":"SearchAction","target":{"@type":"EntryPoint","urlTemplate":"https:\/\/mekulo.com\/dk\/?s={search_term_string}"},"query-input":{"@type":"PropertyValueSpecification","valueRequired":true,"valueName":"search_term_string"}}],"inLanguage":"da-DK"},{"@type":"Organization","@id":"https:\/\/mekulo.com\/dk\/#organization","name":"Mekulo","url":"https:\/\/mekulo.com\/dk\/","logo":{"@type":"ImageObject","inLanguage":"da-DK","@id":"https:\/\/mekulo.com\/dk\/#\/schema\/logo\/image\/","url":"https:\/\/mekulo.com\/dk\/wp-content\/uploads\/sites\/12\/2025\/12\/favicon_mekulo.png","contentUrl":"https:\/\/mekulo.com\/dk\/wp-content\/uploads\/sites\/12\/2025\/12\/favicon_mekulo.png","width":50,"height":50,"caption":"Mekulo"},"image":{"@id":"https:\/\/mekulo.com\/dk\/#\/schema\/logo\/image\/"}}]}},"_links":{"self":[{"href":"https:\/\/mekulo.com\/dk\/wp-json\/wp\/v2\/product\/25772","targetHints":{"allow":["GET"]}}],"collection":[{"href":"https:\/\/mekulo.com\/dk\/wp-json\/wp\/v2\/product"}],"about":[{"href":"https:\/\/mekulo.com\/dk\/wp-json\/wp\/v2\/types\/product"}],"replies":[{"embeddable":true,"href":"https:\/\/mekulo.com\/dk\/wp-json\/wp\/v2\/comments?post=25772"}],"wp:featuredmedia":[{"embeddable":true,"href":"https:\/\/mekulo.com\/dk\/wp-json\/wp\/v2\/media\/25768"}],"wp:attachment":[{"href":"https:\/\/mekulo.com\/dk\/wp-json\/wp\/v2\/media?parent=25772"}],"wp:term":[{"taxonomy":"product_brand","embeddable":true,"href":"https:\/\/mekulo.com\/dk\/wp-json\/wp\/v2\/product_brand?post=25772"},{"taxonomy":"product_cat","embeddable":true,"href":"https:\/\/mekulo.com\/dk\/wp-json\/wp\/v2\/product_cat?post=25772"},{"taxonomy":"product_tag","embeddable":true,"href":"https:\/\/mekulo.com\/dk\/wp-json\/wp\/v2\/product_tag?post=25772"}],"curies":[{"name":"wp","href":"https:\/\/api.w.org\/{rel}","templated":true}]}}