{"id":25568,"date":"2026-02-23T17:25:40","date_gmt":"2026-02-23T15:25:40","guid":{"rendered":"https:\/\/mekulo.com\/dk\/produkt\/sifonrenser-til-akvarier\/"},"modified":"2026-03-30T11:12:56","modified_gmt":"2026-03-30T08:12:56","slug":"sifonrenser-til-akvarier","status":"publish","type":"product","link":"https:\/\/mekulo.com\/dk\/produkt\/sifonrenser-til-akvarier\/","title":{"rendered":"Sifonrenser til akvarier"},"content":{"rendered":"<h2 style=\"text-align: center\" data-start=\"280\" data-end=\"296\">\u2728 L\u00f8ftet<\/h2>\n<p style=\"text-align: center\" data-start=\"298\" data-end=\"358\">Tryk p\u00e5 pumpen.<br data-start=\"315\" data-end=\"318\" \/>Start flowet.<br data-start=\"333\" data-end=\"336\" \/>Reng\u00f8r med tillid.<\/p>\n<p data-start=\"298\" data-end=\"358\"><img fetchpriority=\"high\" decoding=\"async\" class=\" wp-image-25969 aligncenter\" src=\"https:\/\/mekulo.com\/template\/wp-content\/uploads\/sites\/6\/2026\/02\/122111-ezgif.com-video-to-webp-converter-1.webp\" alt=\"\" width=\"546\" height=\"546\" \/><\/p>\n<h2 style=\"text-align: center\" data-start=\"365\" data-end=\"383\">\u2705 Hovedfordele<\/h2>\n<p data-start=\"387\" data-end=\"477\">\ud83d\udca7 Nemme, kontrollerede vandskift &#8211; Opfrisk dit akvarium uden tunge l\u00f8ft eller rod.<\/p>\n<p data-start=\"481\" data-end=\"576\">\ud83e\uddf9 Effektiv rensning af grus og snavs &#8211; Fjerner nemt snavs, affald og madrester.<\/p>\n<p data-start=\"580\" data-end=\"670\">\ud83d\udd04 Justerbar vandgennemstr\u00f8mning &#8211; Finjuster sugestyrken til sk\u00e5nsom eller dybere reng\u00f8ring.<\/p>\n<p data-start=\"674\" data-end=\"766\">\ud83d\udee1\ufe0f Fiskesikker beskyttelsesprop &#8211; Hj\u00e6lper med at forhindre utilsigtet sugning af fisk eller planter.<\/p>\n<p data-start=\"770\" data-end=\"854\">\ud83e\uddf0 To reng\u00f8ringshovedmuligheder &#8211; Skift mellem reng\u00f8ring af et stort omr\u00e5de eller pr\u00e6cisionsreng\u00f8ring.<\/p>\n<p data-start=\"858\" data-end=\"945\">\u270b Langt h\u00e5ndtag holder h\u00e6nderne t\u00f8rre &#8211; Komfortabel h\u00e5ndtering uden at neds\u00e6nke armen.<\/p>\n<p data-start=\"949\" data-end=\"1051\">\ud83d\udccf Forl\u00e6nget slange for fleksibel r\u00e6kkevidde &#8211; Ideel, n\u00e5r spanden ikke er placeret lige ved siden af akvariet.<\/p>\n<p data-start=\"949\" data-end=\"1051\"><img decoding=\"async\" class=\" wp-image-25970 aligncenter\" src=\"https:\/\/mekulo.com\/template\/wp-content\/uploads\/sites\/6\/2026\/02\/122110-ezgif.com-video-to-webp-converter-1.webp\" alt=\"\" width=\"550\" height=\"550\" \/><\/p>\n<h2 style=\"text-align: center\" data-start=\"1058\" data-end=\"1081\">\u2757 Problem \u2192 L\u00f8sning<\/h2>\n<p data-start=\"1083\" data-end=\"1203\"><strong data-start=\"1083\" data-end=\"1095\">Problem:<\/strong><br data-start=\"1095\" data-end=\"1098\" \/>Manuel reng\u00f8ring og vandskift kan v\u00e6re rodet, tidskr\u00e6vende og stressende for b\u00e5de dig og dine fisk.<\/p>\n<p data-start=\"1205\" data-end=\"1336\"><strong data-start=\"1205\" data-end=\"1218\">L\u00f8sning:<\/strong><br data-start=\"1218\" data-end=\"1221\" \/>Dette h\u00e6vertsystem forenkler processen og giver en j\u00e6vn vandgennemstr\u00f8mning og m\u00e5lrettet reng\u00f8ring med minimal indsats.<\/p>\n<h2 style=\"text-align: center\" data-start=\"1343\" data-end=\"1360\">\ud83c\udf3f Perfekt til<\/h2>\n<ul data-start=\"1362\" data-end=\"1508\">\n<li data-start=\"1362\" data-end=\"1394\">\n<p data-start=\"1364\" data-end=\"1394\">Rutinem\u00e6ssig akvarievedligeholdelse<\/p>\n<\/li>\n<li data-start=\"1395\" data-end=\"1415\">\n<p data-start=\"1397\" data-end=\"1415\">Grusst\u00f8vsugning<\/p>\n<\/li>\n<li data-start=\"1416\" data-end=\"1444\">\n<p data-start=\"1418\" data-end=\"1444\">Fjernelse af affald og ophobninger<\/p>\n<\/li>\n<li data-start=\"1445\" data-end=\"1483\">\n<p data-start=\"1447\" data-end=\"1483\">Nem reng\u00f8ring af sarte akvarier<\/p>\n<\/li>\n<li data-start=\"1484\" data-end=\"1508\">\n<p data-start=\"1486\" data-end=\"1508\">Friskvandsakvarier<\/p>\n<\/li>\n<\/ul>\n<p data-start=\"1510\" data-end=\"1565\">Velegnet til begyndere og erfarne akvarieejere.<\/p>\n<h2 style=\"text-align: center\" data-start=\"1572\" data-end=\"1588\">\u2699\ufe0f S\u00e5dan bruges<\/h2>\n<ol data-start=\"1590\" data-end=\"1796\">\n<li data-start=\"1590\" data-end=\"1630\">\n<p data-start=\"1593\" data-end=\"1630\">Placer udl\u00f8bsslangen i en spand.<\/p>\n<\/li>\n<li data-start=\"1631\" data-end=\"1677\">\n<p data-start=\"1634\" data-end=\"1677\">Inds\u00e6t sugehovedet i akvariet.<\/p>\n<\/li>\n<li data-start=\"1678\" data-end=\"1719\">\n<p data-start=\"1681\" data-end=\"1719\">Klem p\u00e5 pumpen for at starte vandstr\u00f8mmen.<\/p>\n<\/li>\n<li data-start=\"1720\" data-end=\"1763\">\n<p data-start=\"1723\" data-end=\"1763\">Rens grus eller skift vand efter behov.<\/p>\n<\/li>\n<li data-start=\"1764\" data-end=\"1796\">\n<p data-start=\"1767\" data-end=\"1796\">Juster str\u00f8mmen ved hj\u00e6lp af ventilen.<\/p>\n<\/li>\n<\/ol>\n<h2 style=\"text-align: center\" data-start=\"1829\" data-end=\"1850\">\ud83d\udcd0 Produktdetaljer<\/h2>\n<ul data-start=\"1852\" data-end=\"2139\">\n<li data-start=\"1895\" data-end=\"1945\">\n<p data-start=\"1897\" data-end=\"1945\">Funktion: Vandskift og rensning af grus<\/p>\n<\/li>\n<li data-start=\"1946\" data-end=\"1982\">\n<p data-start=\"1948\" data-end=\"1982\">H\u00e5ndtag: Langt lige design<\/p>\n<\/li>\n<li data-start=\"1983\" data-end=\"2018\">\n<p data-start=\"1985\" data-end=\"2018\">Slange: Forst\u00e6rket og forl\u00e6nget<\/p>\n<\/li>\n<li data-start=\"2019\" data-end=\"2057\">\n<p data-start=\"2021\" data-end=\"2057\">Flow-kontrol: Justerbar ventil<\/p>\n<\/li>\n<li data-start=\"2058\" data-end=\"2100\">\n<p data-start=\"2060\" data-end=\"2100\">Sikkerhedsfunktion: Fiske-\/plantestop<\/p>\n<\/li>\n<li data-start=\"2058\" data-end=\"2100\">L\u00e6ngde: 1,9 m<\/li>\n<\/ul>\n<h2 style=\"text-align: center\" data-start=\"2179\" data-end=\"2201\">\ud83d\udce6 Pakken indeholder<\/h2>\n<ul data-start=\"2203\" data-end=\"2268\">\n<li data-start=\"2203\" data-end=\"2234\">\n<p data-start=\"2205\" data-end=\"2234\">1, 2x akvariesuger<\/p>\n<\/li>\n<li data-start=\"2235\" data-end=\"2268\">\n<p data-start=\"2237\" data-end=\"2268\">2, 4x sugehoveder\/tilbeh\u00f8r.<\/p>\n<\/li>\n<\/ul>\n","protected":false},"excerpt":{"rendered":"<p>\ud83d\udca6Ubesv\u00e6ret reng\u00f8ring. Sundere vand.<br \/>\n\ud83e\udebcEn enkel m\u00e5de at vedligeholde et krystalklart akvarium.<br \/>\n\ud83d\udc1fDenne sifonrenser til akvarier hj\u00e6lper dig med at fjerne snavs, opfriske vandet og beskytte dine fisk &#8211; hvilket g\u00f8r rutinem\u00e6ssig vedligeholdelse hurtigere, renere og stressfri.<\/p>\n","protected":false},"featured_media":25564,"comment_status":"open","ping_status":"closed","template":"","meta":{"site-sidebar-layout":"default","site-content-layout":"","ast-site-content-layout":"default","site-content-style":"default","site-sidebar-style":"default","ast-global-header-display":"","ast-banner-title-visibility":"","ast-main-header-display":"","ast-hfb-above-header-display":"","ast-hfb-below-header-display":"","ast-hfb-mobile-header-display":"","site-post-title":"","ast-breadcrumbs-content":"","ast-featured-img":"","footer-sml-layout":"","theme-transparent-header-meta":"default","adv-header-id-meta":"","stick-header-meta":"","header-above-stick-meta":"","header-main-stick-meta":"","header-below-stick-meta":"","astra-migrate-meta-layouts":"set","ast-page-background-enabled":"default","ast-page-background-meta":{"desktop":{"background-color":"var(--ast-global-color-5)","background-image":"","background-repeat":"repeat","background-position":"center center","background-size":"auto","background-attachment":"scroll","background-type":"","background-media":"","overlay-type":"","overlay-color":"","overlay-opacity":"","overlay-gradient":""},"tablet":{"background-color":"","background-image":"","background-repeat":"repeat","background-position":"center center","background-size":"auto","background-attachment":"scroll","background-type":"","background-media":"","overlay-type":"","overlay-color":"","overlay-opacity":"","overlay-gradient":""},"mobile":{"background-color":"","background-image":"","background-repeat":"repeat","background-position":"center center","background-size":"auto","background-attachment":"scroll","background-type":"","background-media":"","overlay-type":"","overlay-color":"","overlay-opacity":"","overlay-gradient":""}},"ast-content-background-meta":{"desktop":{"background-color":"var(--ast-global-color-4)","background-image":"","background-repeat":"repeat","background-position":"center center","background-size":"auto","background-attachment":"scroll","background-type":"","background-media":"","overlay-type":"","overlay-color":"","overlay-opacity":"","overlay-gradient":""},"tablet":{"background-color":"var(--ast-global-color-4)","background-image":"","background-repeat":"repeat","background-position":"center center","background-size":"auto","background-attachment":"scroll","background-type":"","background-media":"","overlay-type":"","overlay-color":"","overlay-opacity":"","overlay-gradient":""},"mobile":{"background-color":"var(--ast-global-color-4)","background-image":"","background-repeat":"repeat","background-position":"center center","background-size":"auto","background-attachment":"scroll","background-type":"","background-media":"","overlay-type":"","overlay-color":"","overlay-opacity":"","overlay-gradient":""}}},"product_brand":[],"product_cat":[168,169],"product_tag":[],"class_list":{"0":"post-25568","1":"product","2":"type-product","3":"status-publish","4":"has-post-thumbnail","6":"product_cat-husholdningsartikler","7":"product_cat-kaeledyrsprodukter","8":"pa_62101_w3zlovcb-1-saet","9":"pa_62101_w3zlovcb-2-saet","10":"desktop-align-left","11":"tablet-align-left","12":"mobile-align-left","14":"first","15":"instock","16":"shipping-taxable","17":"purchasable","18":"product-type-variable"},"yoast_head":"<!-- This site is optimized with the Yoast SEO plugin v26.6 - https:\/\/yoast.com\/wordpress\/plugins\/seo\/ -->\n<title>Sifonrenser til akvarier - Mekulo DK<\/title>\n<meta name=\"robots\" content=\"index, follow, max-snippet:-1, max-image-preview:large, max-video-preview:-1\" \/>\n<link rel=\"canonical\" href=\"https:\/\/mekulo.com\/dk\/produkt\/sifonrenser-til-akvarier\/\" \/>\n<meta property=\"og:locale\" content=\"da_DK\" \/>\n<meta property=\"og:type\" content=\"article\" \/>\n<meta property=\"og:title\" content=\"Sifonrenser til akvarier - Mekulo DK\" \/>\n<meta property=\"og:description\" content=\"\ud83d\udca6Ubesv\u00e6ret reng\u00f8ring. Sundere vand. \ud83e\udebcEn enkel m\u00e5de at vedligeholde et krystalklart akvarium. \ud83d\udc1fDenne sifonrenser til akvarier hj\u00e6lper dig med at fjerne snavs, opfriske vandet og beskytte dine fisk - hvilket g\u00f8r rutinem\u00e6ssig vedligeholdelse hurtigere, renere og stressfri.\" \/>\n<meta property=\"og:url\" content=\"https:\/\/mekulo.com\/dk\/produkt\/sifonrenser-til-akvarier\/\" \/>\n<meta property=\"og:site_name\" content=\"Mekulo DK\" \/>\n<meta property=\"article:modified_time\" content=\"2026-03-30T08:12:56+00:00\" \/>\n<meta property=\"og:image\" content=\"https:\/\/mekulo.com\/dk\/wp-content\/uploads\/sites\/12\/2026\/02\/nz2c2lh-1.webp\" \/>\n\t<meta property=\"og:image:width\" content=\"800\" \/>\n\t<meta property=\"og:image:height\" content=\"800\" \/>\n\t<meta property=\"og:image:type\" content=\"image\/webp\" \/>\n<meta name=\"twitter:card\" content=\"summary_large_image\" \/>\n<meta name=\"twitter:label1\" content=\"Estimeret l\u00e6setid\" \/>\n\t<meta name=\"twitter:data1\" content=\"2 minutter\" \/>\n<script type=\"application\/ld+json\" class=\"yoast-schema-graph\">{\"@context\":\"https:\/\/schema.org\",\"@graph\":[{\"@type\":\"WebPage\",\"@id\":\"https:\/\/mekulo.com\/dk\/produkt\/sifonrenser-til-akvarier\/\",\"url\":\"https:\/\/mekulo.com\/dk\/produkt\/sifonrenser-til-akvarier\/\",\"name\":\"Sifonrenser til akvarier - Mekulo DK\",\"isPartOf\":{\"@id\":\"https:\/\/mekulo.com\/dk\/#website\"},\"primaryImageOfPage\":{\"@id\":\"https:\/\/mekulo.com\/dk\/produkt\/sifonrenser-til-akvarier\/#primaryimage\"},\"image\":{\"@id\":\"https:\/\/mekulo.com\/dk\/produkt\/sifonrenser-til-akvarier\/#primaryimage\"},\"thumbnailUrl\":\"https:\/\/mekulo.com\/dk\/wp-content\/uploads\/sites\/12\/2026\/02\/nz2c2lh-1.webp\",\"datePublished\":\"2026-02-23T15:25:40+00:00\",\"dateModified\":\"2026-03-30T08:12:56+00:00\",\"breadcrumb\":{\"@id\":\"https:\/\/mekulo.com\/dk\/produkt\/sifonrenser-til-akvarier\/#breadcrumb\"},\"inLanguage\":\"da-DK\",\"potentialAction\":[{\"@type\":\"ReadAction\",\"target\":[\"https:\/\/mekulo.com\/dk\/produkt\/sifonrenser-til-akvarier\/\"]}]},{\"@type\":\"ImageObject\",\"inLanguage\":\"da-DK\",\"@id\":\"https:\/\/mekulo.com\/dk\/produkt\/sifonrenser-til-akvarier\/#primaryimage\",\"url\":\"https:\/\/mekulo.com\/dk\/wp-content\/uploads\/sites\/12\/2026\/02\/nz2c2lh-1.webp\",\"contentUrl\":\"https:\/\/mekulo.com\/dk\/wp-content\/uploads\/sites\/12\/2026\/02\/nz2c2lh-1.webp\",\"width\":800,\"height\":800},{\"@type\":\"BreadcrumbList\",\"@id\":\"https:\/\/mekulo.com\/dk\/produkt\/sifonrenser-til-akvarier\/#breadcrumb\",\"itemListElement\":[{\"@type\":\"ListItem\",\"position\":1,\"name\":\"Home\",\"item\":\"https:\/\/mekulo.com\/dk\/\"},{\"@type\":\"ListItem\",\"position\":2,\"name\":\"Butik\",\"item\":\"https:\/\/mekulo.com\/dk\/butik\/\"},{\"@type\":\"ListItem\",\"position\":3,\"name\":\"Sifonrenser til akvarier\"}]},{\"@type\":\"WebSite\",\"@id\":\"https:\/\/mekulo.com\/dk\/#website\",\"url\":\"https:\/\/mekulo.com\/dk\/\",\"name\":\"Mekulo DK\",\"description\":\"\",\"publisher\":{\"@id\":\"https:\/\/mekulo.com\/dk\/#organization\"},\"potentialAction\":[{\"@type\":\"SearchAction\",\"target\":{\"@type\":\"EntryPoint\",\"urlTemplate\":\"https:\/\/mekulo.com\/dk\/?s={search_term_string}\"},\"query-input\":{\"@type\":\"PropertyValueSpecification\",\"valueRequired\":true,\"valueName\":\"search_term_string\"}}],\"inLanguage\":\"da-DK\"},{\"@type\":\"Organization\",\"@id\":\"https:\/\/mekulo.com\/dk\/#organization\",\"name\":\"Mekulo\",\"url\":\"https:\/\/mekulo.com\/dk\/\",\"logo\":{\"@type\":\"ImageObject\",\"inLanguage\":\"da-DK\",\"@id\":\"https:\/\/mekulo.com\/dk\/#\/schema\/logo\/image\/\",\"url\":\"https:\/\/mekulo.com\/dk\/wp-content\/uploads\/sites\/12\/2025\/12\/favicon_mekulo.png\",\"contentUrl\":\"https:\/\/mekulo.com\/dk\/wp-content\/uploads\/sites\/12\/2025\/12\/favicon_mekulo.png\",\"width\":50,\"height\":50,\"caption\":\"Mekulo\"},\"image\":{\"@id\":\"https:\/\/mekulo.com\/dk\/#\/schema\/logo\/image\/\"}}]}<\/script>\n<!-- \/ Yoast SEO plugin. -->","yoast_head_json":{"title":"Sifonrenser til akvarier - Mekulo DK","robots":{"index":"index","follow":"follow","max-snippet":"max-snippet:-1","max-image-preview":"max-image-preview:large","max-video-preview":"max-video-preview:-1"},"canonical":"https:\/\/mekulo.com\/dk\/produkt\/sifonrenser-til-akvarier\/","og_locale":"da_DK","og_type":"article","og_title":"Sifonrenser til akvarier - Mekulo DK","og_description":"\ud83d\udca6Ubesv\u00e6ret reng\u00f8ring. Sundere vand. \ud83e\udebcEn enkel m\u00e5de at vedligeholde et krystalklart akvarium. \ud83d\udc1fDenne sifonrenser til akvarier hj\u00e6lper dig med at fjerne snavs, opfriske vandet og beskytte dine fisk - hvilket g\u00f8r rutinem\u00e6ssig vedligeholdelse hurtigere, renere og stressfri.","og_url":"https:\/\/mekulo.com\/dk\/produkt\/sifonrenser-til-akvarier\/","og_site_name":"Mekulo DK","article_modified_time":"2026-03-30T08:12:56+00:00","og_image":[{"width":800,"height":800,"url":"https:\/\/mekulo.com\/dk\/wp-content\/uploads\/sites\/12\/2026\/02\/nz2c2lh-1.webp","type":"image\/webp"}],"twitter_card":"summary_large_image","twitter_misc":{"Estimeret l\u00e6setid":"2 minutter"},"schema":{"@context":"https:\/\/schema.org","@graph":[{"@type":"WebPage","@id":"https:\/\/mekulo.com\/dk\/produkt\/sifonrenser-til-akvarier\/","url":"https:\/\/mekulo.com\/dk\/produkt\/sifonrenser-til-akvarier\/","name":"Sifonrenser til akvarier - Mekulo DK","isPartOf":{"@id":"https:\/\/mekulo.com\/dk\/#website"},"primaryImageOfPage":{"@id":"https:\/\/mekulo.com\/dk\/produkt\/sifonrenser-til-akvarier\/#primaryimage"},"image":{"@id":"https:\/\/mekulo.com\/dk\/produkt\/sifonrenser-til-akvarier\/#primaryimage"},"thumbnailUrl":"https:\/\/mekulo.com\/dk\/wp-content\/uploads\/sites\/12\/2026\/02\/nz2c2lh-1.webp","datePublished":"2026-02-23T15:25:40+00:00","dateModified":"2026-03-30T08:12:56+00:00","breadcrumb":{"@id":"https:\/\/mekulo.com\/dk\/produkt\/sifonrenser-til-akvarier\/#breadcrumb"},"inLanguage":"da-DK","potentialAction":[{"@type":"ReadAction","target":["https:\/\/mekulo.com\/dk\/produkt\/sifonrenser-til-akvarier\/"]}]},{"@type":"ImageObject","inLanguage":"da-DK","@id":"https:\/\/mekulo.com\/dk\/produkt\/sifonrenser-til-akvarier\/#primaryimage","url":"https:\/\/mekulo.com\/dk\/wp-content\/uploads\/sites\/12\/2026\/02\/nz2c2lh-1.webp","contentUrl":"https:\/\/mekulo.com\/dk\/wp-content\/uploads\/sites\/12\/2026\/02\/nz2c2lh-1.webp","width":800,"height":800},{"@type":"BreadcrumbList","@id":"https:\/\/mekulo.com\/dk\/produkt\/sifonrenser-til-akvarier\/#breadcrumb","itemListElement":[{"@type":"ListItem","position":1,"name":"Home","item":"https:\/\/mekulo.com\/dk\/"},{"@type":"ListItem","position":2,"name":"Butik","item":"https:\/\/mekulo.com\/dk\/butik\/"},{"@type":"ListItem","position":3,"name":"Sifonrenser til akvarier"}]},{"@type":"WebSite","@id":"https:\/\/mekulo.com\/dk\/#website","url":"https:\/\/mekulo.com\/dk\/","name":"Mekulo DK","description":"","publisher":{"@id":"https:\/\/mekulo.com\/dk\/#organization"},"potentialAction":[{"@type":"SearchAction","target":{"@type":"EntryPoint","urlTemplate":"https:\/\/mekulo.com\/dk\/?s={search_term_string}"},"query-input":{"@type":"PropertyValueSpecification","valueRequired":true,"valueName":"search_term_string"}}],"inLanguage":"da-DK"},{"@type":"Organization","@id":"https:\/\/mekulo.com\/dk\/#organization","name":"Mekulo","url":"https:\/\/mekulo.com\/dk\/","logo":{"@type":"ImageObject","inLanguage":"da-DK","@id":"https:\/\/mekulo.com\/dk\/#\/schema\/logo\/image\/","url":"https:\/\/mekulo.com\/dk\/wp-content\/uploads\/sites\/12\/2025\/12\/favicon_mekulo.png","contentUrl":"https:\/\/mekulo.com\/dk\/wp-content\/uploads\/sites\/12\/2025\/12\/favicon_mekulo.png","width":50,"height":50,"caption":"Mekulo"},"image":{"@id":"https:\/\/mekulo.com\/dk\/#\/schema\/logo\/image\/"}}]}},"_links":{"self":[{"href":"https:\/\/mekulo.com\/dk\/wp-json\/wp\/v2\/product\/25568","targetHints":{"allow":["GET"]}}],"collection":[{"href":"https:\/\/mekulo.com\/dk\/wp-json\/wp\/v2\/product"}],"about":[{"href":"https:\/\/mekulo.com\/dk\/wp-json\/wp\/v2\/types\/product"}],"replies":[{"embeddable":true,"href":"https:\/\/mekulo.com\/dk\/wp-json\/wp\/v2\/comments?post=25568"}],"wp:featuredmedia":[{"embeddable":true,"href":"https:\/\/mekulo.com\/dk\/wp-json\/wp\/v2\/media\/25564"}],"wp:attachment":[{"href":"https:\/\/mekulo.com\/dk\/wp-json\/wp\/v2\/media?parent=25568"}],"wp:term":[{"taxonomy":"product_brand","embeddable":true,"href":"https:\/\/mekulo.com\/dk\/wp-json\/wp\/v2\/product_brand?post=25568"},{"taxonomy":"product_cat","embeddable":true,"href":"https:\/\/mekulo.com\/dk\/wp-json\/wp\/v2\/product_cat?post=25568"},{"taxonomy":"product_tag","embeddable":true,"href":"https:\/\/mekulo.com\/dk\/wp-json\/wp\/v2\/product_tag?post=25568"}],"curies":[{"name":"wp","href":"https:\/\/api.w.org\/{rel}","templated":true}]}}