{"id":25535,"date":"2026-02-23T17:22:57","date_gmt":"2026-02-23T15:22:57","guid":{"rendered":"https:\/\/mekulo.com\/dk\/produkt\/sportsbaelte\/"},"modified":"2026-02-23T17:23:45","modified_gmt":"2026-02-23T15:23:45","slug":"sportsbaelte","status":"publish","type":"product","link":"https:\/\/mekulo.com\/dk\/produkt\/sportsbaelte\/","title":{"rendered":"Sportsb\u00e6lte"},"content":{"rendered":"<h2 style=\"text-align: center\" data-start=\"269\" data-end=\"285\">\u2728 L\u00f8ftet<\/h2>\n<p style=\"text-align: center\" data-start=\"287\" data-end=\"341\">Hurtigt at have p\u00e5.<br data-start=\"300\" data-end=\"303\" \/>Let at justere.<br data-start=\"318\" data-end=\"321\" \/>Komfortabelt hele dagen.<\/p>\n<p data-start=\"287\" data-end=\"341\"><img fetchpriority=\"high\" decoding=\"async\" class=\" wp-image-25939 aligncenter\" src=\"https:\/\/mekulo.com\/template\/wp-content\/uploads\/sites\/6\/2026\/02\/12217-ezgif.com-video-to-webp-converter-3.webp\" alt=\"\" width=\"550\" height=\"550\" \/><\/p>\n<h2 style=\"text-align: center\" data-start=\"348\" data-end=\"366\">\u2705 Hovedfordele<\/h2>\n<p data-start=\"370\" data-end=\"450\">\ud83c\udfaf Uendelig justerbarhed &#8211; Tandl\u00f8st design giver en pr\u00e6cis, tilpasset pasform.<\/p>\n<p data-start=\"454\" data-end=\"520\">\u26a1 Hurtigsp\u00e6nde &#8211; Hurtig, problemfri fastg\u00f8relse og fjernelse.<\/p>\n<p data-start=\"524\" data-end=\"595\">\ud83d\udcaa Holdbar nylonv\u00e6vning &#8211; Designet til styrke og langvarig brug.<\/p>\n<p data-start=\"599\" data-end=\"665\">\ud83d\udd4a\ufe0f Fleksibel og komfortabel &#8211; Bev\u00e6ger sig naturligt med din krop.<\/p>\n<p data-start=\"669\" data-end=\"757\">\ud83d\udc56 Alsidig hverdagsstil &#8211; Passer nemt til casual, sport eller udend\u00f8rs outfits.<\/p>\n<p data-start=\"761\" data-end=\"838\">\ud83d\udee1\ufe0f Stabilt, sikkert greb &#8211; Holder din pasform konstant hele dagen.<\/p>\n<p data-start=\"761\" data-end=\"838\"><img decoding=\"async\" class=\" wp-image-25938 aligncenter\" src=\"https:\/\/mekulo.com\/template\/wp-content\/uploads\/sites\/6\/2026\/02\/12218-ezgif.com-video-to-webp-converter-1.webp\" alt=\"\" width=\"550\" height=\"550\" \/><\/p>\n<h2 style=\"text-align: center\" data-start=\"845\" data-end=\"868\">\u2757 Problem \u2192 L\u00f8sning<\/h2>\n<p data-start=\"870\" data-end=\"980\"><strong data-start=\"870\" data-end=\"882\">Problem:<\/strong><br data-start=\"882\" data-end=\"885\" \/>Traditionelle b\u00e6lter er afh\u00e6ngige af faste huller, hvilket for\u00e5rsager ubehag, d\u00e5rlig pasform og konstant efterjustering.<\/p>\n<p data-start=\"982\" data-end=\"1101\"><strong data-start=\"982\" data-end=\"995\">L\u00f8sning:<\/strong><br data-start=\"995\" data-end=\"998\" \/>Dette b\u00e6ltes tandl\u00f8se struktur og automatiske sp\u00e6nde giver en j\u00e6vn, pr\u00e6cis sp\u00e6nding uden begr\u00e6nsninger.<\/p>\n<h2 style=\"text-align: center\" data-start=\"1108\" data-end=\"1125\">\ud83c\udf3f Perfekt til<\/h2>\n<ul data-start=\"1127\" data-end=\"1238\">\n<li data-start=\"1127\" data-end=\"1149\">\n<p data-start=\"1129\" data-end=\"1149\">Udend\u00f8rsaktiviteter<\/p>\n<\/li>\n<li data-start=\"1150\" data-end=\"1172\">\n<p data-start=\"1152\" data-end=\"1172\">Rejser og pendling<\/p>\n<\/li>\n<li data-start=\"1173\" data-end=\"1194\">\n<p data-start=\"1175\" data-end=\"1194\">Sport og tr\u00e6ning<\/p>\n<\/li>\n<li data-start=\"1195\" data-end=\"1217\">\n<p data-start=\"1197\" data-end=\"1217\">Arbejde og fritidskomfort<\/p>\n<\/li>\n<li data-start=\"1218\" data-end=\"1238\">\n<p data-start=\"1220\" data-end=\"1238\">Et b\u00e6lte til en aktiv og daglig livsstil.<\/p>\n<\/li>\n<\/ul>\n<p data-start=\"1240\" data-end=\"1281\">One belt for active and daily lifestyles.<\/p>\n<h2 style=\"text-align: center\" data-start=\"1288\" data-end=\"1304\">\u2699\ufe0f S\u00e5dan bruges<\/h2>\n<ol data-start=\"1306\" data-end=\"1427\">\n<li data-start=\"1306\" data-end=\"1339\">\n<p data-start=\"1309\" data-end=\"1339\">Glid b\u00e6ltet gennem l\u00f8kkerne.<\/p>\n<\/li>\n<li data-start=\"1340\" data-end=\"1363\">\n<p data-start=\"1343\" data-end=\"1363\">Inds\u00e6t det i sp\u00e6ndet.<\/p>\n<\/li>\n<li data-start=\"1364\" data-end=\"1394\">\n<p data-start=\"1367\" data-end=\"1394\">Tr\u00e6k til den \u00f8nskede stramhed.<\/p>\n<\/li>\n<li data-start=\"1395\" data-end=\"1427\">\n<p data-start=\"1398\" data-end=\"1427\">Tryk p\u00e5 udl\u00f8seren, n\u00e5r du tager det af.<\/p>\n<\/li>\n<\/ol>\n<h2 style=\"text-align: center\" data-start=\"1461\" data-end=\"1482\">\ud83d\udcd0 Produktdetaljer<\/h2>\n<ul data-start=\"1484\" data-end=\"1734\">\n<li data-start=\"1484\" data-end=\"1517\">\n<p data-start=\"1486\" data-end=\"1517\">Materiale: Nylon + plast<\/p>\n<\/li>\n<li data-start=\"1518\" data-end=\"1548\">\n<p data-start=\"1520\" data-end=\"1548\">L\u00e6ngde: 125 cm<\/p>\n<\/li>\n<li data-start=\"1549\" data-end=\"1579\">\n<p data-start=\"1551\" data-end=\"1579\">Bredde: 3,8 cm<\/p>\n<\/li>\n<li data-start=\"1650\" data-end=\"1686\">\n<p data-start=\"1652\" data-end=\"1686\">Design: L\u00e6rredsv\u00e6vet tekstur<\/p>\n<\/li>\n<li data-start=\"1687\" data-end=\"1734\">\n<p data-start=\"1689\" data-end=\"1734\">Lukning: Automatisk quick-release sp\u00e6nde<\/p>\n<\/li>\n<\/ul>\n<h2 style=\"text-align: center\" data-start=\"1774\" data-end=\"1796\">\ud83d\udce6 Pakken indeholder<\/h2>\n<ul data-start=\"1798\" data-end=\"1814\">\n<li data-start=\"1798\" data-end=\"1814\">\n<p data-start=\"1800\" data-end=\"1814\">1, 2x sportsb\u00e6lte(r).<\/p>\n<\/li>\n<\/ul>\n","protected":false},"excerpt":{"rendered":"<p>\ud83d\udeb6Sikker pasform. Ubesv\u00e6ret justering.<br \/>\n\ud83d\udca8Bygget til bev\u00e6gelse, designet til komfort.<br \/>\n\ud83d\udc56Dette sportsb\u00e6lte kombinerer holdbarhed med et rent, moderne look \u2014 og giver dig p\u00e5lidelig st\u00f8tte, uanset om du er udend\u00f8rs, tr\u00e6ner eller navigerer i hverdagens rutiner.<\/p>\n","protected":false},"featured_media":25531,"comment_status":"open","ping_status":"closed","template":"","meta":{"site-sidebar-layout":"default","site-content-layout":"","ast-site-content-layout":"default","site-content-style":"default","site-sidebar-style":"default","ast-global-header-display":"","ast-banner-title-visibility":"","ast-main-header-display":"","ast-hfb-above-header-display":"","ast-hfb-below-header-display":"","ast-hfb-mobile-header-display":"","site-post-title":"","ast-breadcrumbs-content":"","ast-featured-img":"","footer-sml-layout":"","ast-disable-related-posts":"","theme-transparent-header-meta":"default","adv-header-id-meta":"","stick-header-meta":"","header-above-stick-meta":"","header-main-stick-meta":"","header-below-stick-meta":"","astra-migrate-meta-layouts":"set","ast-page-background-enabled":"default","ast-page-background-meta":{"desktop":{"background-color":"var(--ast-global-color-5)","background-image":"","background-repeat":"repeat","background-position":"center center","background-size":"auto","background-attachment":"scroll","background-type":"","background-media":"","overlay-type":"","overlay-color":"","overlay-opacity":"","overlay-gradient":""},"tablet":{"background-color":"","background-image":"","background-repeat":"repeat","background-position":"center center","background-size":"auto","background-attachment":"scroll","background-type":"","background-media":"","overlay-type":"","overlay-color":"","overlay-opacity":"","overlay-gradient":""},"mobile":{"background-color":"","background-image":"","background-repeat":"repeat","background-position":"center center","background-size":"auto","background-attachment":"scroll","background-type":"","background-media":"","overlay-type":"","overlay-color":"","overlay-opacity":"","overlay-gradient":""}},"ast-content-background-meta":{"desktop":{"background-color":"var(--ast-global-color-4)","background-image":"","background-repeat":"repeat","background-position":"center center","background-size":"auto","background-attachment":"scroll","background-type":"","background-media":"","overlay-type":"","overlay-color":"","overlay-opacity":"","overlay-gradient":""},"tablet":{"background-color":"var(--ast-global-color-4)","background-image":"","background-repeat":"repeat","background-position":"center center","background-size":"auto","background-attachment":"scroll","background-type":"","background-media":"","overlay-type":"","overlay-color":"","overlay-opacity":"","overlay-gradient":""},"mobile":{"background-color":"var(--ast-global-color-4)","background-image":"","background-repeat":"repeat","background-position":"center center","background-size":"auto","background-attachment":"scroll","background-type":"","background-media":"","overlay-type":"","overlay-color":"","overlay-opacity":"","overlay-gradient":""}}},"product_brand":[],"product_cat":[165],"product_tag":[],"class_list":{"0":"post-25535","1":"product","2":"type-product","3":"status-publish","4":"has-post-thumbnail","6":"product_cat-fodtoej-tilbehoer","7":"pa_62089_jchuhk0v-1-stk","8":"pa_62089_jchuhk0v-2-stk","9":"pa_62089_o96wsscx-blaa","10":"pa_62089_o96wsscx-graa","11":"pa_62089_o96wsscx-groen","12":"pa_62089_o96wsscx-kaffe","13":"pa_62089_o96wsscx-khaki","14":"pa_62089_o96wsscx-sort","15":"desktop-align-left","16":"tablet-align-left","17":"mobile-align-left","19":"first","20":"instock","21":"shipping-taxable","22":"purchasable","23":"product-type-variable","24":"has-default-attributes"},"yoast_head":"<!-- This site is optimized with the Yoast SEO plugin v27.4 - https:\/\/yoast.com\/product\/yoast-seo-wordpress\/ -->\n<title>Sportsb\u00e6lte - Mekulo DK<\/title>\n<meta name=\"robots\" content=\"index, follow, max-snippet:-1, max-image-preview:large, max-video-preview:-1\" \/>\n<link rel=\"canonical\" href=\"https:\/\/mekulo.com\/dk\/produkt\/sportsbaelte\/\" \/>\n<meta property=\"og:locale\" content=\"da_DK\" \/>\n<meta property=\"og:type\" content=\"article\" \/>\n<meta property=\"og:title\" content=\"Sportsb\u00e6lte - Mekulo DK\" \/>\n<meta property=\"og:description\" content=\"\ud83d\udeb6Sikker pasform. Ubesv\u00e6ret justering. \ud83d\udca8Bygget til bev\u00e6gelse, designet til komfort. \ud83d\udc56Dette sportsb\u00e6lte kombinerer holdbarhed med et rent, moderne look \u2014 og giver dig p\u00e5lidelig st\u00f8tte, uanset om du er udend\u00f8rs, tr\u00e6ner eller navigerer i hverdagens rutiner.\" \/>\n<meta property=\"og:url\" content=\"https:\/\/mekulo.com\/dk\/produkt\/sportsbaelte\/\" \/>\n<meta property=\"og:site_name\" content=\"Mekulo DK\" \/>\n<meta property=\"article:modified_time\" content=\"2026-02-23T15:23:45+00:00\" \/>\n<meta property=\"og:image\" content=\"https:\/\/mekulo.com\/dk\/wp-content\/uploads\/sites\/12\/2026\/02\/8tdcl1o-1.webp\" \/>\n\t<meta property=\"og:image:width\" content=\"800\" \/>\n\t<meta property=\"og:image:height\" content=\"800\" \/>\n\t<meta property=\"og:image:type\" content=\"image\/webp\" \/>\n<meta name=\"twitter:card\" content=\"summary_large_image\" \/>\n<meta name=\"twitter:label1\" content=\"Estimeret l\u00e6setid\" \/>\n\t<meta name=\"twitter:data1\" content=\"2 minutter\" \/>\n<script type=\"application\/ld+json\" class=\"yoast-schema-graph\">{\"@context\":\"https:\\\/\\\/schema.org\",\"@graph\":[{\"@type\":\"WebPage\",\"@id\":\"https:\\\/\\\/mekulo.com\\\/dk\\\/produkt\\\/sportsbaelte\\\/\",\"url\":\"https:\\\/\\\/mekulo.com\\\/dk\\\/produkt\\\/sportsbaelte\\\/\",\"name\":\"Sportsb\u00e6lte - Mekulo DK\",\"isPartOf\":{\"@id\":\"https:\\\/\\\/mekulo.com\\\/dk\\\/#website\"},\"primaryImageOfPage\":{\"@id\":\"https:\\\/\\\/mekulo.com\\\/dk\\\/produkt\\\/sportsbaelte\\\/#primaryimage\"},\"image\":{\"@id\":\"https:\\\/\\\/mekulo.com\\\/dk\\\/produkt\\\/sportsbaelte\\\/#primaryimage\"},\"thumbnailUrl\":\"https:\\\/\\\/mekulo.com\\\/dk\\\/wp-content\\\/uploads\\\/sites\\\/12\\\/2026\\\/02\\\/8tdcl1o-1.webp\",\"datePublished\":\"2026-02-23T15:22:57+00:00\",\"dateModified\":\"2026-02-23T15:23:45+00:00\",\"breadcrumb\":{\"@id\":\"https:\\\/\\\/mekulo.com\\\/dk\\\/produkt\\\/sportsbaelte\\\/#breadcrumb\"},\"inLanguage\":\"da-DK\",\"potentialAction\":[{\"@type\":\"ReadAction\",\"target\":[\"https:\\\/\\\/mekulo.com\\\/dk\\\/produkt\\\/sportsbaelte\\\/\"]}]},{\"@type\":\"ImageObject\",\"inLanguage\":\"da-DK\",\"@id\":\"https:\\\/\\\/mekulo.com\\\/dk\\\/produkt\\\/sportsbaelte\\\/#primaryimage\",\"url\":\"https:\\\/\\\/mekulo.com\\\/dk\\\/wp-content\\\/uploads\\\/sites\\\/12\\\/2026\\\/02\\\/8tdcl1o-1.webp\",\"contentUrl\":\"https:\\\/\\\/mekulo.com\\\/dk\\\/wp-content\\\/uploads\\\/sites\\\/12\\\/2026\\\/02\\\/8tdcl1o-1.webp\",\"width\":800,\"height\":800},{\"@type\":\"BreadcrumbList\",\"@id\":\"https:\\\/\\\/mekulo.com\\\/dk\\\/produkt\\\/sportsbaelte\\\/#breadcrumb\",\"itemListElement\":[{\"@type\":\"ListItem\",\"position\":1,\"name\":\"Home\",\"item\":\"https:\\\/\\\/mekulo.com\\\/dk\\\/\"},{\"@type\":\"ListItem\",\"position\":2,\"name\":\"Butik\",\"item\":\"https:\\\/\\\/mekulo.com\\\/dk\\\/butik\\\/\"},{\"@type\":\"ListItem\",\"position\":3,\"name\":\"Sportsb\u00e6lte\"}]},{\"@type\":\"WebSite\",\"@id\":\"https:\\\/\\\/mekulo.com\\\/dk\\\/#website\",\"url\":\"https:\\\/\\\/mekulo.com\\\/dk\\\/\",\"name\":\"Mekulo DK\",\"description\":\"\",\"publisher\":{\"@id\":\"https:\\\/\\\/mekulo.com\\\/dk\\\/#organization\"},\"potentialAction\":[{\"@type\":\"SearchAction\",\"target\":{\"@type\":\"EntryPoint\",\"urlTemplate\":\"https:\\\/\\\/mekulo.com\\\/dk\\\/?s={search_term_string}\"},\"query-input\":{\"@type\":\"PropertyValueSpecification\",\"valueRequired\":true,\"valueName\":\"search_term_string\"}}],\"inLanguage\":\"da-DK\"},{\"@type\":\"Organization\",\"@id\":\"https:\\\/\\\/mekulo.com\\\/dk\\\/#organization\",\"name\":\"Mekulo\",\"url\":\"https:\\\/\\\/mekulo.com\\\/dk\\\/\",\"logo\":{\"@type\":\"ImageObject\",\"inLanguage\":\"da-DK\",\"@id\":\"https:\\\/\\\/mekulo.com\\\/dk\\\/#\\\/schema\\\/logo\\\/image\\\/\",\"url\":\"https:\\\/\\\/mekulo.com\\\/dk\\\/wp-content\\\/uploads\\\/sites\\\/12\\\/2025\\\/12\\\/favicon_mekulo.png\",\"contentUrl\":\"https:\\\/\\\/mekulo.com\\\/dk\\\/wp-content\\\/uploads\\\/sites\\\/12\\\/2025\\\/12\\\/favicon_mekulo.png\",\"width\":50,\"height\":50,\"caption\":\"Mekulo\"},\"image\":{\"@id\":\"https:\\\/\\\/mekulo.com\\\/dk\\\/#\\\/schema\\\/logo\\\/image\\\/\"}}]}<\/script>\n<!-- \/ Yoast SEO plugin. -->","yoast_head_json":{"title":"Sportsb\u00e6lte - Mekulo DK","robots":{"index":"index","follow":"follow","max-snippet":"max-snippet:-1","max-image-preview":"max-image-preview:large","max-video-preview":"max-video-preview:-1"},"canonical":"https:\/\/mekulo.com\/dk\/produkt\/sportsbaelte\/","og_locale":"da_DK","og_type":"article","og_title":"Sportsb\u00e6lte - Mekulo DK","og_description":"\ud83d\udeb6Sikker pasform. Ubesv\u00e6ret justering. \ud83d\udca8Bygget til bev\u00e6gelse, designet til komfort. \ud83d\udc56Dette sportsb\u00e6lte kombinerer holdbarhed med et rent, moderne look \u2014 og giver dig p\u00e5lidelig st\u00f8tte, uanset om du er udend\u00f8rs, tr\u00e6ner eller navigerer i hverdagens rutiner.","og_url":"https:\/\/mekulo.com\/dk\/produkt\/sportsbaelte\/","og_site_name":"Mekulo DK","article_modified_time":"2026-02-23T15:23:45+00:00","og_image":[{"width":800,"height":800,"url":"https:\/\/mekulo.com\/dk\/wp-content\/uploads\/sites\/12\/2026\/02\/8tdcl1o-1.webp","type":"image\/webp"}],"twitter_card":"summary_large_image","twitter_misc":{"Estimeret l\u00e6setid":"2 minutter"},"schema":{"@context":"https:\/\/schema.org","@graph":[{"@type":"WebPage","@id":"https:\/\/mekulo.com\/dk\/produkt\/sportsbaelte\/","url":"https:\/\/mekulo.com\/dk\/produkt\/sportsbaelte\/","name":"Sportsb\u00e6lte - Mekulo DK","isPartOf":{"@id":"https:\/\/mekulo.com\/dk\/#website"},"primaryImageOfPage":{"@id":"https:\/\/mekulo.com\/dk\/produkt\/sportsbaelte\/#primaryimage"},"image":{"@id":"https:\/\/mekulo.com\/dk\/produkt\/sportsbaelte\/#primaryimage"},"thumbnailUrl":"https:\/\/mekulo.com\/dk\/wp-content\/uploads\/sites\/12\/2026\/02\/8tdcl1o-1.webp","datePublished":"2026-02-23T15:22:57+00:00","dateModified":"2026-02-23T15:23:45+00:00","breadcrumb":{"@id":"https:\/\/mekulo.com\/dk\/produkt\/sportsbaelte\/#breadcrumb"},"inLanguage":"da-DK","potentialAction":[{"@type":"ReadAction","target":["https:\/\/mekulo.com\/dk\/produkt\/sportsbaelte\/"]}]},{"@type":"ImageObject","inLanguage":"da-DK","@id":"https:\/\/mekulo.com\/dk\/produkt\/sportsbaelte\/#primaryimage","url":"https:\/\/mekulo.com\/dk\/wp-content\/uploads\/sites\/12\/2026\/02\/8tdcl1o-1.webp","contentUrl":"https:\/\/mekulo.com\/dk\/wp-content\/uploads\/sites\/12\/2026\/02\/8tdcl1o-1.webp","width":800,"height":800},{"@type":"BreadcrumbList","@id":"https:\/\/mekulo.com\/dk\/produkt\/sportsbaelte\/#breadcrumb","itemListElement":[{"@type":"ListItem","position":1,"name":"Home","item":"https:\/\/mekulo.com\/dk\/"},{"@type":"ListItem","position":2,"name":"Butik","item":"https:\/\/mekulo.com\/dk\/butik\/"},{"@type":"ListItem","position":3,"name":"Sportsb\u00e6lte"}]},{"@type":"WebSite","@id":"https:\/\/mekulo.com\/dk\/#website","url":"https:\/\/mekulo.com\/dk\/","name":"Mekulo DK","description":"","publisher":{"@id":"https:\/\/mekulo.com\/dk\/#organization"},"potentialAction":[{"@type":"SearchAction","target":{"@type":"EntryPoint","urlTemplate":"https:\/\/mekulo.com\/dk\/?s={search_term_string}"},"query-input":{"@type":"PropertyValueSpecification","valueRequired":true,"valueName":"search_term_string"}}],"inLanguage":"da-DK"},{"@type":"Organization","@id":"https:\/\/mekulo.com\/dk\/#organization","name":"Mekulo","url":"https:\/\/mekulo.com\/dk\/","logo":{"@type":"ImageObject","inLanguage":"da-DK","@id":"https:\/\/mekulo.com\/dk\/#\/schema\/logo\/image\/","url":"https:\/\/mekulo.com\/dk\/wp-content\/uploads\/sites\/12\/2025\/12\/favicon_mekulo.png","contentUrl":"https:\/\/mekulo.com\/dk\/wp-content\/uploads\/sites\/12\/2025\/12\/favicon_mekulo.png","width":50,"height":50,"caption":"Mekulo"},"image":{"@id":"https:\/\/mekulo.com\/dk\/#\/schema\/logo\/image\/"}}]}},"_links":{"self":[{"href":"https:\/\/mekulo.com\/dk\/wp-json\/wp\/v2\/product\/25535","targetHints":{"allow":["GET"]}}],"collection":[{"href":"https:\/\/mekulo.com\/dk\/wp-json\/wp\/v2\/product"}],"about":[{"href":"https:\/\/mekulo.com\/dk\/wp-json\/wp\/v2\/types\/product"}],"replies":[{"embeddable":true,"href":"https:\/\/mekulo.com\/dk\/wp-json\/wp\/v2\/comments?post=25535"}],"wp:featuredmedia":[{"embeddable":true,"href":"https:\/\/mekulo.com\/dk\/wp-json\/wp\/v2\/media\/25531"}],"wp:attachment":[{"href":"https:\/\/mekulo.com\/dk\/wp-json\/wp\/v2\/media?parent=25535"}],"wp:term":[{"taxonomy":"product_brand","embeddable":true,"href":"https:\/\/mekulo.com\/dk\/wp-json\/wp\/v2\/product_brand?post=25535"},{"taxonomy":"product_cat","embeddable":true,"href":"https:\/\/mekulo.com\/dk\/wp-json\/wp\/v2\/product_cat?post=25535"},{"taxonomy":"product_tag","embeddable":true,"href":"https:\/\/mekulo.com\/dk\/wp-json\/wp\/v2\/product_tag?post=25535"}],"curies":[{"name":"wp","href":"https:\/\/api.w.org\/{rel}","templated":true}]}}