{"id":25431,"date":"2026-02-23T08:17:28","date_gmt":"2026-02-23T06:17:28","guid":{"rendered":"https:\/\/mekulo.com\/dk\/produkt\/kraftige-kakerlakafvisende-geleperler\/"},"modified":"2026-02-23T08:21:37","modified_gmt":"2026-02-23T06:21:37","slug":"kraftige-kakerlakafvisende-geleperler","status":"publish","type":"product","link":"https:\/\/mekulo.com\/dk\/produkt\/kraftige-kakerlakafvisende-geleperler\/","title":{"rendered":"Kraftige kakerlakafvisende gel\u00e9perler"},"content":{"rendered":"<h2 style=\"text-align: center\" data-start=\"318\" data-end=\"334\">\u2728 L\u00f8ftet<\/h2>\n<p style=\"text-align: center\" data-start=\"336\" data-end=\"378\">S\u00e6t den p\u00e5 \u00e9n gang.<br data-start=\"350\" data-end=\"353\" \/>Lad den virke kontinuerligt.<\/p>\n<p data-start=\"336\" data-end=\"378\"><img fetchpriority=\"high\" decoding=\"async\" class=\" wp-image-25855 aligncenter\" src=\"https:\/\/mekulo.com\/template\/wp-content\/uploads\/sites\/6\/2026\/02\/122121-ezgif.com-video-to-webp-converter.webp\" alt=\"\" width=\"550\" height=\"550\" \/><\/p>\n<h2 style=\"text-align: center\" data-start=\"385\" data-end=\"403\">\u2705 Hovedfordele<\/h2>\n<p data-start=\"407\" data-end=\"514\">\ud83d\udeab Hj\u00e6lper med at afvise kakerlakker effektivt &#8211; Frigiver en duft, der er m\u00e5lrettet insekternes f\u00f8lsomhed over for lugte.<\/p>\n<p data-start=\"518\" data-end=\"619\">\ud83c\udf3f Plantebaseret formel &#8211; Lavet med blide botaniske ekstrakter, herunder \u00e6terisk lavendelolie.<\/p>\n<p data-start=\"623\" data-end=\"703\">\ud83d\udca8 Friskere indend\u00f8rs luft &#8211; Underst\u00f8tter et renere og mere behageligt milj\u00f8.<\/p>\n<p data-start=\"707\" data-end=\"795\">\u23f3 Langvarig ydeevne &#8211; Designet til kontinuerlig handling over l\u00e6ngere perioder.<\/p>\n<p data-start=\"799\" data-end=\"869\">\ud83d\udca7 Genanvendeligt design &#8211; Tils\u00e6t vand for at genaktivere gelen, n\u00e5r den er t\u00f8rret.<\/p>\n<p data-start=\"873\" data-end=\"975\">\ud83c\udfe0 Alsidig placering &#8211; Velegnet til stuer, garderobeskabe, kontorer, biler og opbevaringsomr\u00e5der.<\/p>\n<p data-start=\"979\" data-end=\"1054\">\ud83e\uddfc Rodfri l\u00f8sning &#8211; Ingen spray, ingen rester, ingen kompliceret ops\u00e6tning.<\/p>\n<p data-start=\"979\" data-end=\"1054\"><img decoding=\"async\" class=\" wp-image-25854 aligncenter\" src=\"https:\/\/mekulo.com\/template\/wp-content\/uploads\/sites\/6\/2026\/02\/122122-ezgif.com-video-to-webp-converter.webp\" alt=\"\" width=\"550\" height=\"550\" \/><\/p>\n<h2 style=\"text-align: center\" data-start=\"1061\" data-end=\"1084\">\u2757 Problem \u2192 L\u00f8sning<\/h2>\n<p data-start=\"1086\" data-end=\"1237\"><strong data-start=\"1086\" data-end=\"1098\">Problem:<\/strong><br data-start=\"1098\" data-end=\"1101\" \/>Forstyrrelser fra kakerlakker kan skabe ubehag, stress og bekymring for hygiejnen &#8211; is\u00e6r i k\u00f8kkener, skabe og lukkede rum.<\/p>\n<p data-start=\"1239\" data-end=\"1370\"><strong data-start=\"1239\" data-end=\"1252\">L\u00f8sning:<\/strong><br data-start=\"1252\" data-end=\"1255\" \/>Dette gelekuglesystem giver stabil, diskret duftbaseret beskyttelse uden skrappe kemikalier eller daglig vedligeholdelse.<\/p>\n<h2 style=\"text-align: center\" data-start=\"1377\" data-end=\"1392\">\ud83c\udf38 Ideel til<\/h2>\n<ul data-start=\"1394\" data-end=\"1520\">\n<li data-start=\"1394\" data-end=\"1416\">\n<p data-start=\"1396\" data-end=\"1416\">Huse &amp; lejligheder<\/p>\n<\/li>\n<li data-start=\"1417\" data-end=\"1440\">\n<p data-start=\"1419\" data-end=\"1440\">Garderober &amp; skabe<\/p>\n<\/li>\n<li data-start=\"1441\" data-end=\"1469\">\n<p data-start=\"1443\" data-end=\"1469\">K\u00f8kkener &amp; opbevaringsomr\u00e5der<\/p>\n<\/li>\n<li data-start=\"1470\" data-end=\"1481\">\n<p data-start=\"1472\" data-end=\"1481\">Kontorer<\/p>\n<\/li>\n<li data-start=\"1482\" data-end=\"1490\">\n<p data-start=\"1484\" data-end=\"1490\">Biler<\/p>\n<\/li>\n<li data-start=\"1491\" data-end=\"1520\">\n<p data-start=\"1493\" data-end=\"1520\">Skoskabe &amp; indgangspartier<\/p>\n<\/li>\n<\/ul>\n<p data-start=\"1522\" data-end=\"1564\">Fleksibel brug i flere milj\u00f8er.<\/p>\n<h2 style=\"text-align: center\" data-start=\"1571\" data-end=\"1587\">\u2699\ufe0f S\u00e5dan bruges<\/h2>\n<ol data-start=\"1589\" data-end=\"1701\">\n<li data-start=\"1589\" data-end=\"1613\">\n<p data-start=\"1592\" data-end=\"1613\">\u00c5bn beholderens l\u00e5g.<\/p>\n<\/li>\n<li data-start=\"1614\" data-end=\"1651\">\n<p data-start=\"1617\" data-end=\"1651\">Fjern den indvendige beskyttelsesforsegling.<\/p>\n<\/li>\n<li data-start=\"1652\" data-end=\"1670\">\n<p data-start=\"1655\" data-end=\"1670\">Luk l\u00e5get.<\/p>\n<\/li>\n<li data-start=\"1671\" data-end=\"1701\">\n<p data-start=\"1674\" data-end=\"1701\">Placer p\u00e5 det \u00f8nskede sted.<\/p>\n<\/li>\n<\/ol>\n<h2 style=\"text-align: center\" data-start=\"1784\" data-end=\"1805\">\ud83d\udcd0 Produktdetaljer<\/h2>\n<ul data-start=\"1807\" data-end=\"1998\">\n<li data-start=\"1868\" data-end=\"1892\">\n<p data-start=\"1870\" data-end=\"1892\">Nettov\u00e6gt: 120g<\/p>\n<\/li>\n<li data-start=\"1893\" data-end=\"1943\">\n<p data-start=\"1895\" data-end=\"1943\">Formula: Plantebaseret med lavendelekstrakt<\/p>\n<\/li>\n<li data-start=\"1944\" data-end=\"1971\">\n<p data-start=\"1946\" data-end=\"1971\">Holdbarhed: 3 \u00e5r<\/p>\n<\/li>\n<li data-start=\"1972\" data-end=\"1998\">\n<p data-start=\"1974\" data-end=\"1998\">Anvendelse: Indend\u00f8rs<\/p>\n<\/li>\n<\/ul>\n<h2 style=\"text-align: center\" data-start=\"2046\" data-end=\"2068\">\ud83d\udce6 Pakken indeholder<\/h2>\n<ul data-start=\"2070\" data-end=\"2112\">\n<li style=\"list-style-type: none\">\n<ul data-start=\"2070\" data-end=\"2112\">\n<li data-start=\"2070\" data-end=\"2112\">\n<p data-start=\"2072\" data-end=\"2112\">1, 2, 5x kakerlakafvisende gelperler.<\/p>\n<\/li>\n<\/ul>\n<\/li>\n<\/ul>\n","protected":false},"excerpt":{"rendered":"<p>\ud83c\udf2c\ufe0fQuiet beskyttelse. M\u00e6rkbart friskere rum.<br \/>\n\ud83c\udfe0En enkel, vedligeholdelsesfri m\u00e5de at afskr\u00e6kke u\u00f8nskede skadedyr p\u00e5.<br \/>\n\ud83e\udeb3Disse gelkugler frigiver kontinuerligt en plantebaseret duft, der er designet til at holde kakerlakker v\u00e6k, samtidig med at der opretholdes en ren, behagelig indend\u00f8rs atmosf\u00e6re.<\/p>\n","protected":false},"featured_media":25427,"comment_status":"open","ping_status":"closed","template":"","meta":{"site-sidebar-layout":"default","site-content-layout":"","ast-site-content-layout":"default","site-content-style":"default","site-sidebar-style":"default","ast-global-header-display":"","ast-banner-title-visibility":"","ast-main-header-display":"","ast-hfb-above-header-display":"","ast-hfb-below-header-display":"","ast-hfb-mobile-header-display":"","site-post-title":"","ast-breadcrumbs-content":"","ast-featured-img":"","footer-sml-layout":"","ast-disable-related-posts":"","theme-transparent-header-meta":"default","adv-header-id-meta":"","stick-header-meta":"","header-above-stick-meta":"","header-main-stick-meta":"","header-below-stick-meta":"","astra-migrate-meta-layouts":"set","ast-page-background-enabled":"default","ast-page-background-meta":{"desktop":{"background-color":"var(--ast-global-color-5)","background-image":"","background-repeat":"repeat","background-position":"center center","background-size":"auto","background-attachment":"scroll","background-type":"","background-media":"","overlay-type":"","overlay-color":"","overlay-opacity":"","overlay-gradient":""},"tablet":{"background-color":"","background-image":"","background-repeat":"repeat","background-position":"center center","background-size":"auto","background-attachment":"scroll","background-type":"","background-media":"","overlay-type":"","overlay-color":"","overlay-opacity":"","overlay-gradient":""},"mobile":{"background-color":"","background-image":"","background-repeat":"repeat","background-position":"center center","background-size":"auto","background-attachment":"scroll","background-type":"","background-media":"","overlay-type":"","overlay-color":"","overlay-opacity":"","overlay-gradient":""}},"ast-content-background-meta":{"desktop":{"background-color":"var(--ast-global-color-4)","background-image":"","background-repeat":"repeat","background-position":"center center","background-size":"auto","background-attachment":"scroll","background-type":"","background-media":"","overlay-type":"","overlay-color":"","overlay-opacity":"","overlay-gradient":""},"tablet":{"background-color":"var(--ast-global-color-4)","background-image":"","background-repeat":"repeat","background-position":"center center","background-size":"auto","background-attachment":"scroll","background-type":"","background-media":"","overlay-type":"","overlay-color":"","overlay-opacity":"","overlay-gradient":""},"mobile":{"background-color":"var(--ast-global-color-4)","background-image":"","background-repeat":"repeat","background-position":"center center","background-size":"auto","background-attachment":"scroll","background-type":"","background-media":"","overlay-type":"","overlay-color":"","overlay-opacity":"","overlay-gradient":""}}},"product_brand":[],"product_cat":[168],"product_tag":[],"class_list":{"0":"post-25431","1":"product","2":"type-product","3":"status-publish","4":"has-post-thumbnail","6":"product_cat-husholdningsartikler","7":"pa_61879_x06y4qzt-1-stk","8":"pa_61879_x06y4qzt-2-stk","9":"pa_61879_x06y4qzt-5-stk","10":"desktop-align-left","11":"tablet-align-left","12":"mobile-align-left","14":"first","15":"instock","16":"shipping-taxable","17":"purchasable","18":"product-type-variable"},"yoast_head":"<!-- This site is optimized with the Yoast SEO plugin v27.4 - https:\/\/yoast.com\/product\/yoast-seo-wordpress\/ -->\n<title>Kraftige kakerlakafvisende gel\u00e9perler - Mekulo DK<\/title>\n<meta name=\"robots\" content=\"index, follow, max-snippet:-1, max-image-preview:large, max-video-preview:-1\" \/>\n<link rel=\"canonical\" href=\"https:\/\/mekulo.com\/dk\/produkt\/kraftige-kakerlakafvisende-geleperler\/\" \/>\n<meta property=\"og:locale\" content=\"da_DK\" \/>\n<meta property=\"og:type\" content=\"article\" \/>\n<meta property=\"og:title\" content=\"Kraftige kakerlakafvisende gel\u00e9perler - Mekulo DK\" \/>\n<meta property=\"og:description\" content=\"\ud83c\udf2c\ufe0fQuiet beskyttelse. M\u00e6rkbart friskere rum. \ud83c\udfe0En enkel, vedligeholdelsesfri m\u00e5de at afskr\u00e6kke u\u00f8nskede skadedyr p\u00e5. \ud83e\udeb3Disse gelkugler frigiver kontinuerligt en plantebaseret duft, der er designet til at holde kakerlakker v\u00e6k, samtidig med at der opretholdes en ren, behagelig indend\u00f8rs atmosf\u00e6re.\" \/>\n<meta property=\"og:url\" content=\"https:\/\/mekulo.com\/dk\/produkt\/kraftige-kakerlakafvisende-geleperler\/\" \/>\n<meta property=\"og:site_name\" content=\"Mekulo DK\" \/>\n<meta property=\"article:modified_time\" content=\"2026-02-23T06:21:37+00:00\" \/>\n<meta property=\"og:image\" content=\"https:\/\/mekulo.com\/dk\/wp-content\/uploads\/sites\/12\/2026\/02\/dhilevo-1.jpg\" \/>\n\t<meta property=\"og:image:width\" content=\"800\" \/>\n\t<meta property=\"og:image:height\" content=\"800\" \/>\n\t<meta property=\"og:image:type\" content=\"image\/jpeg\" \/>\n<meta name=\"twitter:card\" content=\"summary_large_image\" \/>\n<meta name=\"twitter:label1\" content=\"Estimeret l\u00e6setid\" \/>\n\t<meta name=\"twitter:data1\" content=\"2 minutter\" \/>\n<script type=\"application\/ld+json\" class=\"yoast-schema-graph\">{\"@context\":\"https:\\\/\\\/schema.org\",\"@graph\":[{\"@type\":\"WebPage\",\"@id\":\"https:\\\/\\\/mekulo.com\\\/dk\\\/produkt\\\/kraftige-kakerlakafvisende-geleperler\\\/\",\"url\":\"https:\\\/\\\/mekulo.com\\\/dk\\\/produkt\\\/kraftige-kakerlakafvisende-geleperler\\\/\",\"name\":\"Kraftige kakerlakafvisende gel\u00e9perler - Mekulo DK\",\"isPartOf\":{\"@id\":\"https:\\\/\\\/mekulo.com\\\/dk\\\/#website\"},\"primaryImageOfPage\":{\"@id\":\"https:\\\/\\\/mekulo.com\\\/dk\\\/produkt\\\/kraftige-kakerlakafvisende-geleperler\\\/#primaryimage\"},\"image\":{\"@id\":\"https:\\\/\\\/mekulo.com\\\/dk\\\/produkt\\\/kraftige-kakerlakafvisende-geleperler\\\/#primaryimage\"},\"thumbnailUrl\":\"https:\\\/\\\/mekulo.com\\\/dk\\\/wp-content\\\/uploads\\\/sites\\\/12\\\/2026\\\/02\\\/dhilevo-1.jpg\",\"datePublished\":\"2026-02-23T06:17:28+00:00\",\"dateModified\":\"2026-02-23T06:21:37+00:00\",\"breadcrumb\":{\"@id\":\"https:\\\/\\\/mekulo.com\\\/dk\\\/produkt\\\/kraftige-kakerlakafvisende-geleperler\\\/#breadcrumb\"},\"inLanguage\":\"da-DK\",\"potentialAction\":[{\"@type\":\"ReadAction\",\"target\":[\"https:\\\/\\\/mekulo.com\\\/dk\\\/produkt\\\/kraftige-kakerlakafvisende-geleperler\\\/\"]}]},{\"@type\":\"ImageObject\",\"inLanguage\":\"da-DK\",\"@id\":\"https:\\\/\\\/mekulo.com\\\/dk\\\/produkt\\\/kraftige-kakerlakafvisende-geleperler\\\/#primaryimage\",\"url\":\"https:\\\/\\\/mekulo.com\\\/dk\\\/wp-content\\\/uploads\\\/sites\\\/12\\\/2026\\\/02\\\/dhilevo-1.jpg\",\"contentUrl\":\"https:\\\/\\\/mekulo.com\\\/dk\\\/wp-content\\\/uploads\\\/sites\\\/12\\\/2026\\\/02\\\/dhilevo-1.jpg\",\"width\":800,\"height\":800},{\"@type\":\"BreadcrumbList\",\"@id\":\"https:\\\/\\\/mekulo.com\\\/dk\\\/produkt\\\/kraftige-kakerlakafvisende-geleperler\\\/#breadcrumb\",\"itemListElement\":[{\"@type\":\"ListItem\",\"position\":1,\"name\":\"Home\",\"item\":\"https:\\\/\\\/mekulo.com\\\/dk\\\/\"},{\"@type\":\"ListItem\",\"position\":2,\"name\":\"Butik\",\"item\":\"https:\\\/\\\/mekulo.com\\\/dk\\\/butik\\\/\"},{\"@type\":\"ListItem\",\"position\":3,\"name\":\"Kraftige kakerlakafvisende gel\u00e9perler\"}]},{\"@type\":\"WebSite\",\"@id\":\"https:\\\/\\\/mekulo.com\\\/dk\\\/#website\",\"url\":\"https:\\\/\\\/mekulo.com\\\/dk\\\/\",\"name\":\"Mekulo DK\",\"description\":\"\",\"publisher\":{\"@id\":\"https:\\\/\\\/mekulo.com\\\/dk\\\/#organization\"},\"potentialAction\":[{\"@type\":\"SearchAction\",\"target\":{\"@type\":\"EntryPoint\",\"urlTemplate\":\"https:\\\/\\\/mekulo.com\\\/dk\\\/?s={search_term_string}\"},\"query-input\":{\"@type\":\"PropertyValueSpecification\",\"valueRequired\":true,\"valueName\":\"search_term_string\"}}],\"inLanguage\":\"da-DK\"},{\"@type\":\"Organization\",\"@id\":\"https:\\\/\\\/mekulo.com\\\/dk\\\/#organization\",\"name\":\"Mekulo\",\"url\":\"https:\\\/\\\/mekulo.com\\\/dk\\\/\",\"logo\":{\"@type\":\"ImageObject\",\"inLanguage\":\"da-DK\",\"@id\":\"https:\\\/\\\/mekulo.com\\\/dk\\\/#\\\/schema\\\/logo\\\/image\\\/\",\"url\":\"https:\\\/\\\/mekulo.com\\\/dk\\\/wp-content\\\/uploads\\\/sites\\\/12\\\/2025\\\/12\\\/favicon_mekulo.png\",\"contentUrl\":\"https:\\\/\\\/mekulo.com\\\/dk\\\/wp-content\\\/uploads\\\/sites\\\/12\\\/2025\\\/12\\\/favicon_mekulo.png\",\"width\":50,\"height\":50,\"caption\":\"Mekulo\"},\"image\":{\"@id\":\"https:\\\/\\\/mekulo.com\\\/dk\\\/#\\\/schema\\\/logo\\\/image\\\/\"}}]}<\/script>\n<!-- \/ Yoast SEO plugin. -->","yoast_head_json":{"title":"Kraftige kakerlakafvisende gel\u00e9perler - Mekulo DK","robots":{"index":"index","follow":"follow","max-snippet":"max-snippet:-1","max-image-preview":"max-image-preview:large","max-video-preview":"max-video-preview:-1"},"canonical":"https:\/\/mekulo.com\/dk\/produkt\/kraftige-kakerlakafvisende-geleperler\/","og_locale":"da_DK","og_type":"article","og_title":"Kraftige kakerlakafvisende gel\u00e9perler - Mekulo DK","og_description":"\ud83c\udf2c\ufe0fQuiet beskyttelse. M\u00e6rkbart friskere rum. \ud83c\udfe0En enkel, vedligeholdelsesfri m\u00e5de at afskr\u00e6kke u\u00f8nskede skadedyr p\u00e5. \ud83e\udeb3Disse gelkugler frigiver kontinuerligt en plantebaseret duft, der er designet til at holde kakerlakker v\u00e6k, samtidig med at der opretholdes en ren, behagelig indend\u00f8rs atmosf\u00e6re.","og_url":"https:\/\/mekulo.com\/dk\/produkt\/kraftige-kakerlakafvisende-geleperler\/","og_site_name":"Mekulo DK","article_modified_time":"2026-02-23T06:21:37+00:00","og_image":[{"width":800,"height":800,"url":"https:\/\/mekulo.com\/dk\/wp-content\/uploads\/sites\/12\/2026\/02\/dhilevo-1.jpg","type":"image\/jpeg"}],"twitter_card":"summary_large_image","twitter_misc":{"Estimeret l\u00e6setid":"2 minutter"},"schema":{"@context":"https:\/\/schema.org","@graph":[{"@type":"WebPage","@id":"https:\/\/mekulo.com\/dk\/produkt\/kraftige-kakerlakafvisende-geleperler\/","url":"https:\/\/mekulo.com\/dk\/produkt\/kraftige-kakerlakafvisende-geleperler\/","name":"Kraftige kakerlakafvisende gel\u00e9perler - Mekulo DK","isPartOf":{"@id":"https:\/\/mekulo.com\/dk\/#website"},"primaryImageOfPage":{"@id":"https:\/\/mekulo.com\/dk\/produkt\/kraftige-kakerlakafvisende-geleperler\/#primaryimage"},"image":{"@id":"https:\/\/mekulo.com\/dk\/produkt\/kraftige-kakerlakafvisende-geleperler\/#primaryimage"},"thumbnailUrl":"https:\/\/mekulo.com\/dk\/wp-content\/uploads\/sites\/12\/2026\/02\/dhilevo-1.jpg","datePublished":"2026-02-23T06:17:28+00:00","dateModified":"2026-02-23T06:21:37+00:00","breadcrumb":{"@id":"https:\/\/mekulo.com\/dk\/produkt\/kraftige-kakerlakafvisende-geleperler\/#breadcrumb"},"inLanguage":"da-DK","potentialAction":[{"@type":"ReadAction","target":["https:\/\/mekulo.com\/dk\/produkt\/kraftige-kakerlakafvisende-geleperler\/"]}]},{"@type":"ImageObject","inLanguage":"da-DK","@id":"https:\/\/mekulo.com\/dk\/produkt\/kraftige-kakerlakafvisende-geleperler\/#primaryimage","url":"https:\/\/mekulo.com\/dk\/wp-content\/uploads\/sites\/12\/2026\/02\/dhilevo-1.jpg","contentUrl":"https:\/\/mekulo.com\/dk\/wp-content\/uploads\/sites\/12\/2026\/02\/dhilevo-1.jpg","width":800,"height":800},{"@type":"BreadcrumbList","@id":"https:\/\/mekulo.com\/dk\/produkt\/kraftige-kakerlakafvisende-geleperler\/#breadcrumb","itemListElement":[{"@type":"ListItem","position":1,"name":"Home","item":"https:\/\/mekulo.com\/dk\/"},{"@type":"ListItem","position":2,"name":"Butik","item":"https:\/\/mekulo.com\/dk\/butik\/"},{"@type":"ListItem","position":3,"name":"Kraftige kakerlakafvisende gel\u00e9perler"}]},{"@type":"WebSite","@id":"https:\/\/mekulo.com\/dk\/#website","url":"https:\/\/mekulo.com\/dk\/","name":"Mekulo DK","description":"","publisher":{"@id":"https:\/\/mekulo.com\/dk\/#organization"},"potentialAction":[{"@type":"SearchAction","target":{"@type":"EntryPoint","urlTemplate":"https:\/\/mekulo.com\/dk\/?s={search_term_string}"},"query-input":{"@type":"PropertyValueSpecification","valueRequired":true,"valueName":"search_term_string"}}],"inLanguage":"da-DK"},{"@type":"Organization","@id":"https:\/\/mekulo.com\/dk\/#organization","name":"Mekulo","url":"https:\/\/mekulo.com\/dk\/","logo":{"@type":"ImageObject","inLanguage":"da-DK","@id":"https:\/\/mekulo.com\/dk\/#\/schema\/logo\/image\/","url":"https:\/\/mekulo.com\/dk\/wp-content\/uploads\/sites\/12\/2025\/12\/favicon_mekulo.png","contentUrl":"https:\/\/mekulo.com\/dk\/wp-content\/uploads\/sites\/12\/2025\/12\/favicon_mekulo.png","width":50,"height":50,"caption":"Mekulo"},"image":{"@id":"https:\/\/mekulo.com\/dk\/#\/schema\/logo\/image\/"}}]}},"_links":{"self":[{"href":"https:\/\/mekulo.com\/dk\/wp-json\/wp\/v2\/product\/25431","targetHints":{"allow":["GET"]}}],"collection":[{"href":"https:\/\/mekulo.com\/dk\/wp-json\/wp\/v2\/product"}],"about":[{"href":"https:\/\/mekulo.com\/dk\/wp-json\/wp\/v2\/types\/product"}],"replies":[{"embeddable":true,"href":"https:\/\/mekulo.com\/dk\/wp-json\/wp\/v2\/comments?post=25431"}],"wp:featuredmedia":[{"embeddable":true,"href":"https:\/\/mekulo.com\/dk\/wp-json\/wp\/v2\/media\/25427"}],"wp:attachment":[{"href":"https:\/\/mekulo.com\/dk\/wp-json\/wp\/v2\/media?parent=25431"}],"wp:term":[{"taxonomy":"product_brand","embeddable":true,"href":"https:\/\/mekulo.com\/dk\/wp-json\/wp\/v2\/product_brand?post=25431"},{"taxonomy":"product_cat","embeddable":true,"href":"https:\/\/mekulo.com\/dk\/wp-json\/wp\/v2\/product_cat?post=25431"},{"taxonomy":"product_tag","embeddable":true,"href":"https:\/\/mekulo.com\/dk\/wp-json\/wp\/v2\/product_tag?post=25431"}],"curies":[{"name":"wp","href":"https:\/\/api.w.org\/{rel}","templated":true}]}}