{"id":25376,"date":"2026-02-23T08:11:26","date_gmt":"2026-02-23T06:11:26","guid":{"rendered":"https:\/\/mekulo.com\/dk\/produkt\/hundekaerlighed-vedhaeng-halskaede\/"},"modified":"2026-03-17T11:48:59","modified_gmt":"2026-03-17T09:48:59","slug":"hundekaerlighed-vedhaeng-halskaede","status":"publish","type":"product","link":"https:\/\/mekulo.com\/dk\/produkt\/hundekaerlighed-vedhaeng-halskaede\/","title":{"rendered":"Hundek\u00e6rlighed vedh\u00e6ng halsk\u00e6de"},"content":{"rendered":"<h2 style=\"text-align: center\" data-start=\"257\" data-end=\"273\">\u2728 L\u00f8ftet<\/h2>\n<p style=\"text-align: center\" data-start=\"275\" data-end=\"345\">Mere end et smykke.<br data-start=\"293\" data-end=\"296\" \/>En p\u00e5mindelse om kammeratskab, tillid og hengivenhed.<\/p>\n<p data-start=\"275\" data-end=\"345\"><img fetchpriority=\"high\" decoding=\"async\" class=\" wp-image-25810 aligncenter\" src=\"https:\/\/mekulo.com\/template\/wp-content\/uploads\/sites\/6\/2026\/02\/122113-ezgif.com-video-to-webp-converter.webp\" alt=\"\" width=\"550\" height=\"550\" \/><\/p>\n<h2 style=\"text-align: center\" data-start=\"352\" data-end=\"370\">\u2705 Hovedfordele<\/h2>\n<p data-start=\"374\" data-end=\"472\">\ud83d\udc36 F\u00f8lelsesm\u00e6ssigt meningsfuldt design &#8211; Repr\u00e6senterer den unikke forbindelse mellem mennesker og hunde.<\/p>\n<p data-start=\"476\" data-end=\"566\">\u2728 Elegant, tidl\u00f8s stil &#8211; Supplerer b\u00e5de hverdagst\u00f8j og s\u00e6rlige lejligheder.<\/p>\n<p data-start=\"570\" data-end=\"644\">\ud83d\udee1\ufe0f Holdbar, varig finish &#8211; Fremstillet til langvarig sk\u00f8nhed og slid.<\/p>\n<p data-start=\"648\" data-end=\"718\">\ud83c\udf1f Raffineret s\u00f8lv og guldtoner &#8211; Et afbalanceret, sofistikeret look.<\/p>\n<p data-start=\"722\" data-end=\"797\">\ud83c\udf81 Perfekt gave til hundeelskere &#8211; Tankev\u00e6kkende, personlig, uforglemmelig.<\/p>\n<p data-start=\"801\" data-end=\"887\">\ud83d\udc96 B\u00e6rer affektionsv\u00e6rdi &#8211; Et stykke fyldt med f\u00f8lelser, ikke bare dekoration.<\/p>\n<p data-start=\"801\" data-end=\"887\"><img decoding=\"async\" class=\"size-full wp-image-25811 aligncenter\" src=\"https:\/\/mekulo.com\/template\/wp-content\/uploads\/sites\/6\/2026\/02\/8b88ceb25851efda4e48c13125d805f2_1800x1800_306a6472-7489-418a-9faa-f1c1931ed4ae_900x.webp\" alt=\"\" width=\"900\" height=\"900\" \/><\/p>\n<h2 style=\"text-align: center\" data-start=\"894\" data-end=\"917\">\u2757 Problem \u2192 L\u00f8sning<\/h2>\n<p data-start=\"919\" data-end=\"1040\"><strong data-start=\"919\" data-end=\"931\">Problem:<\/strong><br data-start=\"931\" data-end=\"934\" \/>Det er sv\u00e6rt at finde en gave eller et tilbeh\u00f8r, der virkelig afspejler det dybe f\u00f8lelsesm\u00e6ssige b\u00e5nd til et elsket k\u00e6ledyr.<\/p>\n<p data-start=\"1042\" data-end=\"1164\"><strong data-start=\"1042\" data-end=\"1055\">L\u00f8sning:<\/strong><br data-start=\"1055\" data-end=\"1058\" \/>Denne halsk\u00e6de med hundevedh\u00e6ng forvandler den f\u00f8lelse til noget h\u00e5ndgribeligt &#8211; et minde, du kan b\u00e6re med dig hver dag.<\/p>\n<h2 style=\"text-align: center\" data-start=\"1171\" data-end=\"1188\">\ud83c\udf38 Perfekt til<\/h2>\n<ul data-start=\"1190\" data-end=\"1309\">\n<li data-start=\"1190\" data-end=\"1207\">\n<p data-start=\"1192\" data-end=\"1207\">Hverdagsbrug<\/p>\n<\/li>\n<li data-start=\"1208\" data-end=\"1236\">\n<p data-start=\"1210\" data-end=\"1236\">Hundeelskere og k\u00e6ledyrsfor\u00e6ldre<\/p>\n<\/li>\n<li data-start=\"1237\" data-end=\"1259\">\n<p data-start=\"1239\" data-end=\"1259\">Mindesm\u00e6rker<\/p>\n<\/li>\n<li data-start=\"1260\" data-end=\"1284\">\n<p data-start=\"1262\" data-end=\"1284\">F\u00f8dselsdage og helligdage<\/p>\n<\/li>\n<li data-start=\"1285\" data-end=\"1309\">\n<p data-start=\"1287\" data-end=\"1309\">Meningsfulde overraskelser<\/p>\n<\/li>\n<\/ul>\n<p data-start=\"1311\" data-end=\"1352\">Et subtilt, men kraftfuldt udtryk for k\u00e6rlighed.<\/p>\n<h2 style=\"text-align: center\" data-start=\"1359\" data-end=\"1376\">\u2699\ufe0f S\u00e5dan b\u00e6res<\/h2>\n<ol data-start=\"1378\" data-end=\"1488\">\n<li data-start=\"1378\" data-end=\"1430\">\n<p data-start=\"1381\" data-end=\"1430\">Placer halsk\u00e6den komfortabelt omkring din hals.<\/p>\n<\/li>\n<li data-start=\"1431\" data-end=\"1462\">\n<p data-start=\"1434\" data-end=\"1462\">Juster til den foretrukne l\u00e6ngde.<\/p>\n<\/li>\n<li data-start=\"1463\" data-end=\"1488\">\n<p data-start=\"1466\" data-end=\"1488\">B\u00e6r solo eller i lag.<\/p>\n<\/li>\n<\/ol>\n<h2 style=\"text-align: center\" data-start=\"1535\" data-end=\"1556\">\ud83d\udcd0 Produktdetaljer<\/h2>\n<ul data-start=\"1558\" data-end=\"1720\">\n<li data-start=\"1558\" data-end=\"1602\">\n<p data-start=\"1560\" data-end=\"1602\">Materiale: Holdbar legering af h\u00f8j kvalitet<\/p>\n<\/li>\n<li data-start=\"1638\" data-end=\"1683\">\n<p data-start=\"1640\" data-end=\"1683\">Design: Symbolsk omfavnelse\/k\u00e6rlighedsmotiv<\/p>\n<\/li>\n<li data-start=\"1684\" data-end=\"1720\">\n<p data-start=\"1686\" data-end=\"1720\">Stil: Elegant \/ Sentimental<\/p>\n<\/li>\n<li data-start=\"1684\" data-end=\"1720\">K\u00e6del\u00e6ngde: 42 + 5 cm<\/li>\n<\/ul>\n<h2 style=\"text-align: center\" data-start=\"1768\" data-end=\"1790\">\ud83d\udce6 Pakken indeholder<\/h2>\n<ul data-start=\"1792\" data-end=\"1823\">\n<li data-start=\"1792\" data-end=\"1823\">\n<p data-start=\"1794\" data-end=\"1823\">1x hund k\u00e6rlighed vedh\u00e6ng halsk\u00e6de.<\/p>\n<\/li>\n<\/ul>\n","protected":false},"excerpt":{"rendered":"<p>\ud83d\udc15Et symbol p\u00e5 loyalitet, du kan b\u00e6re t\u00e6t p\u00e5 dit hjerte.<br \/>\n\ud83d\udc8eFejr det b\u00e5nd, som ord ikke helt kan udtrykke.<br \/>\n\ud83d\udc36Graci\u00f8s, meningsfuld og tidl\u00f8s &#8211; denne halsk\u00e6de med vedh\u00e6ng til hundek\u00e6rlighed \u00e6rer den ubetingede k\u00e6rlighed, der deles mellem dig og din hund.<\/p>\n","protected":false},"featured_media":25372,"comment_status":"open","ping_status":"closed","template":"","meta":{"site-sidebar-layout":"default","site-content-layout":"","ast-site-content-layout":"default","site-content-style":"default","site-sidebar-style":"default","ast-global-header-display":"","ast-banner-title-visibility":"","ast-main-header-display":"","ast-hfb-above-header-display":"","ast-hfb-below-header-display":"","ast-hfb-mobile-header-display":"","site-post-title":"","ast-breadcrumbs-content":"","ast-featured-img":"","footer-sml-layout":"","ast-disable-related-posts":"","theme-transparent-header-meta":"default","adv-header-id-meta":"","stick-header-meta":"","header-above-stick-meta":"","header-main-stick-meta":"","header-below-stick-meta":"","astra-migrate-meta-layouts":"set","ast-page-background-enabled":"default","ast-page-background-meta":{"desktop":{"background-color":"var(--ast-global-color-5)","background-image":"","background-repeat":"repeat","background-position":"center center","background-size":"auto","background-attachment":"scroll","background-type":"","background-media":"","overlay-type":"","overlay-color":"","overlay-opacity":"","overlay-gradient":""},"tablet":{"background-color":"","background-image":"","background-repeat":"repeat","background-position":"center center","background-size":"auto","background-attachment":"scroll","background-type":"","background-media":"","overlay-type":"","overlay-color":"","overlay-opacity":"","overlay-gradient":""},"mobile":{"background-color":"","background-image":"","background-repeat":"repeat","background-position":"center center","background-size":"auto","background-attachment":"scroll","background-type":"","background-media":"","overlay-type":"","overlay-color":"","overlay-opacity":"","overlay-gradient":""}},"ast-content-background-meta":{"desktop":{"background-color":"var(--ast-global-color-4)","background-image":"","background-repeat":"repeat","background-position":"center center","background-size":"auto","background-attachment":"scroll","background-type":"","background-media":"","overlay-type":"","overlay-color":"","overlay-opacity":"","overlay-gradient":""},"tablet":{"background-color":"var(--ast-global-color-4)","background-image":"","background-repeat":"repeat","background-position":"center center","background-size":"auto","background-attachment":"scroll","background-type":"","background-media":"","overlay-type":"","overlay-color":"","overlay-opacity":"","overlay-gradient":""},"mobile":{"background-color":"var(--ast-global-color-4)","background-image":"","background-repeat":"repeat","background-position":"center center","background-size":"auto","background-attachment":"scroll","background-type":"","background-media":"","overlay-type":"","overlay-color":"","overlay-opacity":"","overlay-gradient":""}}},"product_brand":[],"product_cat":[165],"product_tag":[],"class_list":{"0":"post-25376","1":"product","2":"type-product","3":"status-publish","4":"has-post-thumbnail","6":"product_cat-fodtoej-tilbehoer","7":"desktop-align-left","8":"tablet-align-left","9":"mobile-align-left","11":"first","12":"instock","13":"shipping-taxable","14":"purchasable","15":"product-type-simple"},"yoast_head":"<!-- This site is optimized with the Yoast SEO plugin v27.4 - https:\/\/yoast.com\/product\/yoast-seo-wordpress\/ -->\n<title>Hundek\u00e6rlighed vedh\u00e6ng halsk\u00e6de - Mekulo DK<\/title>\n<meta name=\"robots\" content=\"index, follow, max-snippet:-1, max-image-preview:large, max-video-preview:-1\" \/>\n<link rel=\"canonical\" href=\"https:\/\/mekulo.com\/dk\/produkt\/hundekaerlighed-vedhaeng-halskaede\/\" \/>\n<meta property=\"og:locale\" content=\"da_DK\" \/>\n<meta property=\"og:type\" content=\"article\" \/>\n<meta property=\"og:title\" content=\"Hundek\u00e6rlighed vedh\u00e6ng halsk\u00e6de - Mekulo DK\" \/>\n<meta property=\"og:description\" content=\"\ud83d\udc15Et symbol p\u00e5 loyalitet, du kan b\u00e6re t\u00e6t p\u00e5 dit hjerte. \ud83d\udc8eFejr det b\u00e5nd, som ord ikke helt kan udtrykke. \ud83d\udc36Graci\u00f8s, meningsfuld og tidl\u00f8s - denne halsk\u00e6de med vedh\u00e6ng til hundek\u00e6rlighed \u00e6rer den ubetingede k\u00e6rlighed, der deles mellem dig og din hund.\" \/>\n<meta property=\"og:url\" content=\"https:\/\/mekulo.com\/dk\/produkt\/hundekaerlighed-vedhaeng-halskaede\/\" \/>\n<meta property=\"og:site_name\" content=\"Mekulo DK\" \/>\n<meta property=\"article:modified_time\" content=\"2026-03-17T09:48:59+00:00\" \/>\n<meta property=\"og:image\" content=\"https:\/\/mekulo.com\/dk\/wp-content\/uploads\/sites\/12\/2026\/02\/f4ar137-1.webp\" \/>\n\t<meta property=\"og:image:width\" content=\"1200\" \/>\n\t<meta property=\"og:image:height\" content=\"1200\" \/>\n\t<meta property=\"og:image:type\" content=\"image\/webp\" \/>\n<meta name=\"twitter:card\" content=\"summary_large_image\" \/>\n<meta name=\"twitter:label1\" content=\"Estimeret l\u00e6setid\" \/>\n\t<meta name=\"twitter:data1\" content=\"2 minutter\" \/>\n<script type=\"application\/ld+json\" class=\"yoast-schema-graph\">{\"@context\":\"https:\\\/\\\/schema.org\",\"@graph\":[{\"@type\":\"WebPage\",\"@id\":\"https:\\\/\\\/mekulo.com\\\/dk\\\/produkt\\\/hundekaerlighed-vedhaeng-halskaede\\\/\",\"url\":\"https:\\\/\\\/mekulo.com\\\/dk\\\/produkt\\\/hundekaerlighed-vedhaeng-halskaede\\\/\",\"name\":\"Hundek\u00e6rlighed vedh\u00e6ng halsk\u00e6de - Mekulo DK\",\"isPartOf\":{\"@id\":\"https:\\\/\\\/mekulo.com\\\/dk\\\/#website\"},\"primaryImageOfPage\":{\"@id\":\"https:\\\/\\\/mekulo.com\\\/dk\\\/produkt\\\/hundekaerlighed-vedhaeng-halskaede\\\/#primaryimage\"},\"image\":{\"@id\":\"https:\\\/\\\/mekulo.com\\\/dk\\\/produkt\\\/hundekaerlighed-vedhaeng-halskaede\\\/#primaryimage\"},\"thumbnailUrl\":\"https:\\\/\\\/mekulo.com\\\/dk\\\/wp-content\\\/uploads\\\/sites\\\/12\\\/2026\\\/02\\\/f4ar137-1.webp\",\"datePublished\":\"2026-02-23T06:11:26+00:00\",\"dateModified\":\"2026-03-17T09:48:59+00:00\",\"breadcrumb\":{\"@id\":\"https:\\\/\\\/mekulo.com\\\/dk\\\/produkt\\\/hundekaerlighed-vedhaeng-halskaede\\\/#breadcrumb\"},\"inLanguage\":\"da-DK\",\"potentialAction\":[{\"@type\":\"ReadAction\",\"target\":[\"https:\\\/\\\/mekulo.com\\\/dk\\\/produkt\\\/hundekaerlighed-vedhaeng-halskaede\\\/\"]}]},{\"@type\":\"ImageObject\",\"inLanguage\":\"da-DK\",\"@id\":\"https:\\\/\\\/mekulo.com\\\/dk\\\/produkt\\\/hundekaerlighed-vedhaeng-halskaede\\\/#primaryimage\",\"url\":\"https:\\\/\\\/mekulo.com\\\/dk\\\/wp-content\\\/uploads\\\/sites\\\/12\\\/2026\\\/02\\\/f4ar137-1.webp\",\"contentUrl\":\"https:\\\/\\\/mekulo.com\\\/dk\\\/wp-content\\\/uploads\\\/sites\\\/12\\\/2026\\\/02\\\/f4ar137-1.webp\",\"width\":1200,\"height\":1200},{\"@type\":\"BreadcrumbList\",\"@id\":\"https:\\\/\\\/mekulo.com\\\/dk\\\/produkt\\\/hundekaerlighed-vedhaeng-halskaede\\\/#breadcrumb\",\"itemListElement\":[{\"@type\":\"ListItem\",\"position\":1,\"name\":\"Home\",\"item\":\"https:\\\/\\\/mekulo.com\\\/dk\\\/\"},{\"@type\":\"ListItem\",\"position\":2,\"name\":\"Butik\",\"item\":\"https:\\\/\\\/mekulo.com\\\/dk\\\/butik\\\/\"},{\"@type\":\"ListItem\",\"position\":3,\"name\":\"Hundek\u00e6rlighed vedh\u00e6ng halsk\u00e6de\"}]},{\"@type\":\"WebSite\",\"@id\":\"https:\\\/\\\/mekulo.com\\\/dk\\\/#website\",\"url\":\"https:\\\/\\\/mekulo.com\\\/dk\\\/\",\"name\":\"Mekulo DK\",\"description\":\"\",\"publisher\":{\"@id\":\"https:\\\/\\\/mekulo.com\\\/dk\\\/#organization\"},\"potentialAction\":[{\"@type\":\"SearchAction\",\"target\":{\"@type\":\"EntryPoint\",\"urlTemplate\":\"https:\\\/\\\/mekulo.com\\\/dk\\\/?s={search_term_string}\"},\"query-input\":{\"@type\":\"PropertyValueSpecification\",\"valueRequired\":true,\"valueName\":\"search_term_string\"}}],\"inLanguage\":\"da-DK\"},{\"@type\":\"Organization\",\"@id\":\"https:\\\/\\\/mekulo.com\\\/dk\\\/#organization\",\"name\":\"Mekulo\",\"url\":\"https:\\\/\\\/mekulo.com\\\/dk\\\/\",\"logo\":{\"@type\":\"ImageObject\",\"inLanguage\":\"da-DK\",\"@id\":\"https:\\\/\\\/mekulo.com\\\/dk\\\/#\\\/schema\\\/logo\\\/image\\\/\",\"url\":\"https:\\\/\\\/mekulo.com\\\/dk\\\/wp-content\\\/uploads\\\/sites\\\/12\\\/2025\\\/12\\\/favicon_mekulo.png\",\"contentUrl\":\"https:\\\/\\\/mekulo.com\\\/dk\\\/wp-content\\\/uploads\\\/sites\\\/12\\\/2025\\\/12\\\/favicon_mekulo.png\",\"width\":50,\"height\":50,\"caption\":\"Mekulo\"},\"image\":{\"@id\":\"https:\\\/\\\/mekulo.com\\\/dk\\\/#\\\/schema\\\/logo\\\/image\\\/\"}}]}<\/script>\n<!-- \/ Yoast SEO plugin. -->","yoast_head_json":{"title":"Hundek\u00e6rlighed vedh\u00e6ng halsk\u00e6de - Mekulo DK","robots":{"index":"index","follow":"follow","max-snippet":"max-snippet:-1","max-image-preview":"max-image-preview:large","max-video-preview":"max-video-preview:-1"},"canonical":"https:\/\/mekulo.com\/dk\/produkt\/hundekaerlighed-vedhaeng-halskaede\/","og_locale":"da_DK","og_type":"article","og_title":"Hundek\u00e6rlighed vedh\u00e6ng halsk\u00e6de - Mekulo DK","og_description":"\ud83d\udc15Et symbol p\u00e5 loyalitet, du kan b\u00e6re t\u00e6t p\u00e5 dit hjerte. \ud83d\udc8eFejr det b\u00e5nd, som ord ikke helt kan udtrykke. \ud83d\udc36Graci\u00f8s, meningsfuld og tidl\u00f8s - denne halsk\u00e6de med vedh\u00e6ng til hundek\u00e6rlighed \u00e6rer den ubetingede k\u00e6rlighed, der deles mellem dig og din hund.","og_url":"https:\/\/mekulo.com\/dk\/produkt\/hundekaerlighed-vedhaeng-halskaede\/","og_site_name":"Mekulo DK","article_modified_time":"2026-03-17T09:48:59+00:00","og_image":[{"width":1200,"height":1200,"url":"https:\/\/mekulo.com\/dk\/wp-content\/uploads\/sites\/12\/2026\/02\/f4ar137-1.webp","type":"image\/webp"}],"twitter_card":"summary_large_image","twitter_misc":{"Estimeret l\u00e6setid":"2 minutter"},"schema":{"@context":"https:\/\/schema.org","@graph":[{"@type":"WebPage","@id":"https:\/\/mekulo.com\/dk\/produkt\/hundekaerlighed-vedhaeng-halskaede\/","url":"https:\/\/mekulo.com\/dk\/produkt\/hundekaerlighed-vedhaeng-halskaede\/","name":"Hundek\u00e6rlighed vedh\u00e6ng halsk\u00e6de - Mekulo DK","isPartOf":{"@id":"https:\/\/mekulo.com\/dk\/#website"},"primaryImageOfPage":{"@id":"https:\/\/mekulo.com\/dk\/produkt\/hundekaerlighed-vedhaeng-halskaede\/#primaryimage"},"image":{"@id":"https:\/\/mekulo.com\/dk\/produkt\/hundekaerlighed-vedhaeng-halskaede\/#primaryimage"},"thumbnailUrl":"https:\/\/mekulo.com\/dk\/wp-content\/uploads\/sites\/12\/2026\/02\/f4ar137-1.webp","datePublished":"2026-02-23T06:11:26+00:00","dateModified":"2026-03-17T09:48:59+00:00","breadcrumb":{"@id":"https:\/\/mekulo.com\/dk\/produkt\/hundekaerlighed-vedhaeng-halskaede\/#breadcrumb"},"inLanguage":"da-DK","potentialAction":[{"@type":"ReadAction","target":["https:\/\/mekulo.com\/dk\/produkt\/hundekaerlighed-vedhaeng-halskaede\/"]}]},{"@type":"ImageObject","inLanguage":"da-DK","@id":"https:\/\/mekulo.com\/dk\/produkt\/hundekaerlighed-vedhaeng-halskaede\/#primaryimage","url":"https:\/\/mekulo.com\/dk\/wp-content\/uploads\/sites\/12\/2026\/02\/f4ar137-1.webp","contentUrl":"https:\/\/mekulo.com\/dk\/wp-content\/uploads\/sites\/12\/2026\/02\/f4ar137-1.webp","width":1200,"height":1200},{"@type":"BreadcrumbList","@id":"https:\/\/mekulo.com\/dk\/produkt\/hundekaerlighed-vedhaeng-halskaede\/#breadcrumb","itemListElement":[{"@type":"ListItem","position":1,"name":"Home","item":"https:\/\/mekulo.com\/dk\/"},{"@type":"ListItem","position":2,"name":"Butik","item":"https:\/\/mekulo.com\/dk\/butik\/"},{"@type":"ListItem","position":3,"name":"Hundek\u00e6rlighed vedh\u00e6ng halsk\u00e6de"}]},{"@type":"WebSite","@id":"https:\/\/mekulo.com\/dk\/#website","url":"https:\/\/mekulo.com\/dk\/","name":"Mekulo DK","description":"","publisher":{"@id":"https:\/\/mekulo.com\/dk\/#organization"},"potentialAction":[{"@type":"SearchAction","target":{"@type":"EntryPoint","urlTemplate":"https:\/\/mekulo.com\/dk\/?s={search_term_string}"},"query-input":{"@type":"PropertyValueSpecification","valueRequired":true,"valueName":"search_term_string"}}],"inLanguage":"da-DK"},{"@type":"Organization","@id":"https:\/\/mekulo.com\/dk\/#organization","name":"Mekulo","url":"https:\/\/mekulo.com\/dk\/","logo":{"@type":"ImageObject","inLanguage":"da-DK","@id":"https:\/\/mekulo.com\/dk\/#\/schema\/logo\/image\/","url":"https:\/\/mekulo.com\/dk\/wp-content\/uploads\/sites\/12\/2025\/12\/favicon_mekulo.png","contentUrl":"https:\/\/mekulo.com\/dk\/wp-content\/uploads\/sites\/12\/2025\/12\/favicon_mekulo.png","width":50,"height":50,"caption":"Mekulo"},"image":{"@id":"https:\/\/mekulo.com\/dk\/#\/schema\/logo\/image\/"}}]}},"_links":{"self":[{"href":"https:\/\/mekulo.com\/dk\/wp-json\/wp\/v2\/product\/25376","targetHints":{"allow":["GET"]}}],"collection":[{"href":"https:\/\/mekulo.com\/dk\/wp-json\/wp\/v2\/product"}],"about":[{"href":"https:\/\/mekulo.com\/dk\/wp-json\/wp\/v2\/types\/product"}],"replies":[{"embeddable":true,"href":"https:\/\/mekulo.com\/dk\/wp-json\/wp\/v2\/comments?post=25376"}],"wp:featuredmedia":[{"embeddable":true,"href":"https:\/\/mekulo.com\/dk\/wp-json\/wp\/v2\/media\/25372"}],"wp:attachment":[{"href":"https:\/\/mekulo.com\/dk\/wp-json\/wp\/v2\/media?parent=25376"}],"wp:term":[{"taxonomy":"product_brand","embeddable":true,"href":"https:\/\/mekulo.com\/dk\/wp-json\/wp\/v2\/product_brand?post=25376"},{"taxonomy":"product_cat","embeddable":true,"href":"https:\/\/mekulo.com\/dk\/wp-json\/wp\/v2\/product_cat?post=25376"},{"taxonomy":"product_tag","embeddable":true,"href":"https:\/\/mekulo.com\/dk\/wp-json\/wp\/v2\/product_tag?post=25376"}],"curies":[{"name":"wp","href":"https:\/\/api.w.org\/{rel}","templated":true}]}}