{"id":25366,"date":"2026-02-23T08:09:53","date_gmt":"2026-02-23T06:09:53","guid":{"rendered":"https:\/\/mekulo.com\/dk\/produkt\/lucillien-ring\/"},"modified":"2026-02-23T08:09:53","modified_gmt":"2026-02-23T06:09:53","slug":"lucillien-ring","status":"publish","type":"product","link":"https:\/\/mekulo.com\/dk\/produkt\/lucillien-ring\/","title":{"rendered":"Lucillien-ring"},"content":{"rendered":"<h2 style=\"text-align: center\" data-start=\"248\" data-end=\"264\">\u2728 L\u00f8ftet<\/h2>\n<p style=\"text-align: center\" data-start=\"266\" data-end=\"305\">Brug den en gang&#8230;<br data-start=\"279\" data-end=\"282\" \/>Brug den hver dag.<\/p>\n<p data-start=\"266\" data-end=\"305\"><img fetchpriority=\"high\" decoding=\"async\" class=\"size-full wp-image-25803 aligncenter\" src=\"https:\/\/mekulo.com\/template\/wp-content\/uploads\/sites\/6\/2026\/02\/1-18.jpeg\" alt=\"\" width=\"800\" height=\"800\" \/><\/p>\n<h2 style=\"text-align: center\" data-start=\"312\" data-end=\"330\">\u2705 Hovedfordele<\/h2>\n<p data-start=\"334\" data-end=\"421\">\ud83d\udc8e Delikat diamantlignende gnist &#8211; Tilf\u00f8jer en raffineret gl\u00f8d uden at f\u00f8les overdreven.<\/p>\n<p data-start=\"425\" data-end=\"505\">\ud83d\udd37 Distinkt geometrisk design &#8211; Moderne, kunstnerisk og stille i\u00f8jnefaldende.<\/p>\n<p data-start=\"509\" data-end=\"585\">\ud83d\udd04 Justerbar \u00e5ben pasform &#8211; Passer komfortabelt til forskellige fingerst\u00f8rrelser.<\/p>\n<p data-start=\"589\" data-end=\"657\">\ud83d\udd4a\ufe0f Letv\u00e6gt &amp; nem at b\u00e6re &#8211; Designet til komfort hele dagen.<\/p>\n<p data-start=\"661\" data-end=\"738\">\ud83d\udc57 Alsidigt stylingstykke &#8211; Kompletterer b\u00e5de afslappede og elegante looks.<\/p>\n<p data-start=\"742\" data-end=\"822\">\ud83c\udf81 Betydningsfuldt gavevalg &#8211; Et tidl\u00f8st stykke, der passer til s\u00e6rlige \u00f8jeblikke.<\/p>\n<p data-start=\"742\" data-end=\"822\"><img decoding=\"async\" class=\"size-full wp-image-25808 aligncenter\" src=\"https:\/\/mekulo.com\/template\/wp-content\/uploads\/sites\/6\/2026\/02\/6-15.jpeg\" alt=\"\" width=\"800\" height=\"799\" \/><\/p>\n<h2 style=\"text-align: center\" data-start=\"829\" data-end=\"852\">\u2757 Problem \u2192 L\u00f8sning<\/h2>\n<p data-start=\"854\" data-end=\"965\"><strong data-start=\"854\" data-end=\"866\">Problem:<\/strong><br data-start=\"866\" data-end=\"869\" \/>Mange ringe er enten ubehagelige, sv\u00e6re at finde den rigtige st\u00f8rrelse p\u00e5 eller for dristige til hverdagsbrug.<\/p>\n<p data-start=\"967\" data-end=\"1090\"><strong data-start=\"967\" data-end=\"980\">L\u00f8sning:<\/strong><br data-start=\"980\" data-end=\"983\" \/>Denne ring kombinerer justerbar komfort med et afbalanceret, moderne design &#8211; nem at b\u00e6re, nem at elske.<\/p>\n<h2 style=\"text-align: center\" data-start=\"1097\" data-end=\"1114\">\ud83c\udf38 Perfekt til<\/h2>\n<ul data-start=\"1116\" data-end=\"1243\">\n<li data-start=\"1116\" data-end=\"1137\">\n<p data-start=\"1118\" data-end=\"1137\">Elegance i hverdagen<\/p>\n<\/li>\n<li data-start=\"1138\" data-end=\"1170\">\n<p data-start=\"1140\" data-end=\"1170\">Arbejde og professionelle omgivelser<\/p>\n<\/li>\n<li data-start=\"1171\" data-end=\"1192\">\n<p data-start=\"1173\" data-end=\"1192\">Aftener og begivenheder<\/p>\n<\/li>\n<li data-start=\"1193\" data-end=\"1220\">\n<p data-start=\"1195\" data-end=\"1220\">Bryllupper og fester<\/p>\n<\/li>\n<li data-start=\"1221\" data-end=\"1243\">\n<p data-start=\"1223\" data-end=\"1243\">Omhyggelige gaver<\/p>\n<\/li>\n<\/ul>\n<p data-start=\"1245\" data-end=\"1297\">Et smykke, der ubesv\u00e6ret passer til din dag.<\/p>\n<h2 style=\"text-align: center\" data-start=\"1304\" data-end=\"1321\">\u2699\ufe0f S\u00e5dan bruges<\/h2>\n<ol data-start=\"1323\" data-end=\"1445\">\n<li data-start=\"1323\" data-end=\"1365\">\n<p data-start=\"1326\" data-end=\"1365\">Juster forsigtigt det \u00e5bne b\u00e5nd, hvis det er n\u00f8dvendigt.<\/p>\n<\/li>\n<li data-start=\"1366\" data-end=\"1403\">\n<p data-start=\"1369\" data-end=\"1403\">Skub p\u00e5 din foretrukne finger.<\/p>\n<\/li>\n<li data-start=\"1404\" data-end=\"1445\">\n<p data-start=\"1407\" data-end=\"1445\">Style solo eller stak med andre ringe.<\/p>\n<\/li>\n<\/ol>\n<p data-start=\"1447\" data-end=\"1476\">Enkel, fleksibel, ubesv\u00e6ret.<\/p>\n<h2 style=\"text-align: center\" data-start=\"1483\" data-end=\"1504\">\ud83d\udcd0 Produktdetaljer<\/h2>\n<ul data-start=\"1506\" data-end=\"1675\">\n<li data-start=\"1506\" data-end=\"1544\">\n<p data-start=\"1508\" data-end=\"1544\">Materiale: Kirsit + rhinsten<\/p>\n<\/li>\n<li data-start=\"1545\" data-end=\"1579\">\n<p data-start=\"1547\" data-end=\"1579\">Design: Geometrisk \/ Moderne<\/p>\n<\/li>\n<li data-start=\"1580\" data-end=\"1615\">\n<p data-start=\"1582\" data-end=\"1615\">Fit: Justerbar (\u00e5ben ring)<\/p>\n<\/li>\n<li data-start=\"1640\" data-end=\"1675\">\n<p data-start=\"1642\" data-end=\"1675\">Stil: Elegant \/ Minimalistisk<\/p>\n<\/li>\n<li data-start=\"1640\" data-end=\"1675\">St\u00f8rrelse: 1,7 x 0,8 cm<\/li>\n<\/ul>\n<h2 style=\"text-align: center\" data-start=\"1725\" data-end=\"1747\">\ud83d\udce6 Pakken indeholder<\/h2>\n<ul data-start=\"1749\" data-end=\"1769\">\n<li data-start=\"1749\" data-end=\"1769\">\n<p data-start=\"1751\" data-end=\"1769\">1x lucillien ring.<\/p>\n<\/li>\n<\/ul>\n","protected":false},"excerpt":{"rendered":"<p>\ud83d\udc57En moderne erkl\u00e6ring om ubesv\u00e6ret elegance.<br \/>\n\ud83d\udc8eMinimalt design. Maksimal tilstedev\u00e6relse.<br \/>\n\ud83d\udc8dMed sin rene geometriske silhuet og subtile gnistre bringer denne lucillienring raffinement og individualitet til din hverdagsstil.<\/p>\n","protected":false},"featured_media":25362,"comment_status":"open","ping_status":"closed","template":"","meta":{"site-sidebar-layout":"default","site-content-layout":"","ast-site-content-layout":"default","site-content-style":"default","site-sidebar-style":"default","ast-global-header-display":"","ast-banner-title-visibility":"","ast-main-header-display":"","ast-hfb-above-header-display":"","ast-hfb-below-header-display":"","ast-hfb-mobile-header-display":"","site-post-title":"","ast-breadcrumbs-content":"","ast-featured-img":"","footer-sml-layout":"","ast-disable-related-posts":"","theme-transparent-header-meta":"default","adv-header-id-meta":"","stick-header-meta":"","header-above-stick-meta":"","header-main-stick-meta":"","header-below-stick-meta":"","astra-migrate-meta-layouts":"set","ast-page-background-enabled":"default","ast-page-background-meta":{"desktop":{"background-color":"var(--ast-global-color-5)","background-image":"","background-repeat":"repeat","background-position":"center center","background-size":"auto","background-attachment":"scroll","background-type":"","background-media":"","overlay-type":"","overlay-color":"","overlay-opacity":"","overlay-gradient":""},"tablet":{"background-color":"","background-image":"","background-repeat":"repeat","background-position":"center center","background-size":"auto","background-attachment":"scroll","background-type":"","background-media":"","overlay-type":"","overlay-color":"","overlay-opacity":"","overlay-gradient":""},"mobile":{"background-color":"","background-image":"","background-repeat":"repeat","background-position":"center center","background-size":"auto","background-attachment":"scroll","background-type":"","background-media":"","overlay-type":"","overlay-color":"","overlay-opacity":"","overlay-gradient":""}},"ast-content-background-meta":{"desktop":{"background-color":"var(--ast-global-color-4)","background-image":"","background-repeat":"repeat","background-position":"center center","background-size":"auto","background-attachment":"scroll","background-type":"","background-media":"","overlay-type":"","overlay-color":"","overlay-opacity":"","overlay-gradient":""},"tablet":{"background-color":"var(--ast-global-color-4)","background-image":"","background-repeat":"repeat","background-position":"center center","background-size":"auto","background-attachment":"scroll","background-type":"","background-media":"","overlay-type":"","overlay-color":"","overlay-opacity":"","overlay-gradient":""},"mobile":{"background-color":"var(--ast-global-color-4)","background-image":"","background-repeat":"repeat","background-position":"center center","background-size":"auto","background-attachment":"scroll","background-type":"","background-media":"","overlay-type":"","overlay-color":"","overlay-opacity":"","overlay-gradient":""}}},"product_brand":[],"product_cat":[165],"product_tag":[],"class_list":{"0":"post-25366","1":"product","2":"type-product","3":"status-publish","4":"has-post-thumbnail","6":"product_cat-fodtoej-tilbehoer","7":"desktop-align-left","8":"tablet-align-left","9":"mobile-align-left","11":"first","12":"instock","13":"shipping-taxable","14":"purchasable","15":"product-type-simple"},"yoast_head":"<!-- This site is optimized with the Yoast SEO plugin v27.4 - https:\/\/yoast.com\/product\/yoast-seo-wordpress\/ -->\n<title>Lucillien-ring - Mekulo DK<\/title>\n<meta name=\"robots\" content=\"index, follow, max-snippet:-1, max-image-preview:large, max-video-preview:-1\" \/>\n<link rel=\"canonical\" href=\"https:\/\/mekulo.com\/dk\/produkt\/lucillien-ring\/\" \/>\n<meta property=\"og:locale\" content=\"da_DK\" \/>\n<meta property=\"og:type\" content=\"article\" \/>\n<meta property=\"og:title\" content=\"Lucillien-ring - Mekulo DK\" \/>\n<meta property=\"og:description\" content=\"\ud83d\udc57En moderne erkl\u00e6ring om ubesv\u00e6ret elegance. \ud83d\udc8eMinimalt design. Maksimal tilstedev\u00e6relse. \ud83d\udc8dMed sin rene geometriske silhuet og subtile gnistre bringer denne lucillienring raffinement og individualitet til din hverdagsstil.\" \/>\n<meta property=\"og:url\" content=\"https:\/\/mekulo.com\/dk\/produkt\/lucillien-ring\/\" \/>\n<meta property=\"og:site_name\" content=\"Mekulo DK\" \/>\n<meta property=\"og:image\" content=\"https:\/\/mekulo.com\/dk\/wp-content\/uploads\/sites\/12\/2026\/02\/2bvnhya-1.jpeg\" \/>\n\t<meta property=\"og:image:width\" content=\"800\" \/>\n\t<meta property=\"og:image:height\" content=\"800\" \/>\n\t<meta property=\"og:image:type\" content=\"image\/jpeg\" \/>\n<meta name=\"twitter:card\" content=\"summary_large_image\" \/>\n<meta name=\"twitter:label1\" content=\"Estimeret l\u00e6setid\" \/>\n\t<meta name=\"twitter:data1\" content=\"2 minutter\" \/>\n<script type=\"application\/ld+json\" class=\"yoast-schema-graph\">{\"@context\":\"https:\\\/\\\/schema.org\",\"@graph\":[{\"@type\":\"WebPage\",\"@id\":\"https:\\\/\\\/mekulo.com\\\/dk\\\/produkt\\\/lucillien-ring\\\/\",\"url\":\"https:\\\/\\\/mekulo.com\\\/dk\\\/produkt\\\/lucillien-ring\\\/\",\"name\":\"Lucillien-ring - Mekulo DK\",\"isPartOf\":{\"@id\":\"https:\\\/\\\/mekulo.com\\\/dk\\\/#website\"},\"primaryImageOfPage\":{\"@id\":\"https:\\\/\\\/mekulo.com\\\/dk\\\/produkt\\\/lucillien-ring\\\/#primaryimage\"},\"image\":{\"@id\":\"https:\\\/\\\/mekulo.com\\\/dk\\\/produkt\\\/lucillien-ring\\\/#primaryimage\"},\"thumbnailUrl\":\"https:\\\/\\\/mekulo.com\\\/dk\\\/wp-content\\\/uploads\\\/sites\\\/12\\\/2026\\\/02\\\/2bvnhya-1.jpeg\",\"datePublished\":\"2026-02-23T06:09:53+00:00\",\"breadcrumb\":{\"@id\":\"https:\\\/\\\/mekulo.com\\\/dk\\\/produkt\\\/lucillien-ring\\\/#breadcrumb\"},\"inLanguage\":\"da-DK\",\"potentialAction\":[{\"@type\":\"ReadAction\",\"target\":[\"https:\\\/\\\/mekulo.com\\\/dk\\\/produkt\\\/lucillien-ring\\\/\"]}]},{\"@type\":\"ImageObject\",\"inLanguage\":\"da-DK\",\"@id\":\"https:\\\/\\\/mekulo.com\\\/dk\\\/produkt\\\/lucillien-ring\\\/#primaryimage\",\"url\":\"https:\\\/\\\/mekulo.com\\\/dk\\\/wp-content\\\/uploads\\\/sites\\\/12\\\/2026\\\/02\\\/2bvnhya-1.jpeg\",\"contentUrl\":\"https:\\\/\\\/mekulo.com\\\/dk\\\/wp-content\\\/uploads\\\/sites\\\/12\\\/2026\\\/02\\\/2bvnhya-1.jpeg\",\"width\":800,\"height\":800},{\"@type\":\"BreadcrumbList\",\"@id\":\"https:\\\/\\\/mekulo.com\\\/dk\\\/produkt\\\/lucillien-ring\\\/#breadcrumb\",\"itemListElement\":[{\"@type\":\"ListItem\",\"position\":1,\"name\":\"Home\",\"item\":\"https:\\\/\\\/mekulo.com\\\/dk\\\/\"},{\"@type\":\"ListItem\",\"position\":2,\"name\":\"Butik\",\"item\":\"https:\\\/\\\/mekulo.com\\\/dk\\\/butik\\\/\"},{\"@type\":\"ListItem\",\"position\":3,\"name\":\"Lucillien-ring\"}]},{\"@type\":\"WebSite\",\"@id\":\"https:\\\/\\\/mekulo.com\\\/dk\\\/#website\",\"url\":\"https:\\\/\\\/mekulo.com\\\/dk\\\/\",\"name\":\"Mekulo DK\",\"description\":\"\",\"publisher\":{\"@id\":\"https:\\\/\\\/mekulo.com\\\/dk\\\/#organization\"},\"potentialAction\":[{\"@type\":\"SearchAction\",\"target\":{\"@type\":\"EntryPoint\",\"urlTemplate\":\"https:\\\/\\\/mekulo.com\\\/dk\\\/?s={search_term_string}\"},\"query-input\":{\"@type\":\"PropertyValueSpecification\",\"valueRequired\":true,\"valueName\":\"search_term_string\"}}],\"inLanguage\":\"da-DK\"},{\"@type\":\"Organization\",\"@id\":\"https:\\\/\\\/mekulo.com\\\/dk\\\/#organization\",\"name\":\"Mekulo\",\"url\":\"https:\\\/\\\/mekulo.com\\\/dk\\\/\",\"logo\":{\"@type\":\"ImageObject\",\"inLanguage\":\"da-DK\",\"@id\":\"https:\\\/\\\/mekulo.com\\\/dk\\\/#\\\/schema\\\/logo\\\/image\\\/\",\"url\":\"https:\\\/\\\/mekulo.com\\\/dk\\\/wp-content\\\/uploads\\\/sites\\\/12\\\/2025\\\/12\\\/favicon_mekulo.png\",\"contentUrl\":\"https:\\\/\\\/mekulo.com\\\/dk\\\/wp-content\\\/uploads\\\/sites\\\/12\\\/2025\\\/12\\\/favicon_mekulo.png\",\"width\":50,\"height\":50,\"caption\":\"Mekulo\"},\"image\":{\"@id\":\"https:\\\/\\\/mekulo.com\\\/dk\\\/#\\\/schema\\\/logo\\\/image\\\/\"}}]}<\/script>\n<!-- \/ Yoast SEO plugin. -->","yoast_head_json":{"title":"Lucillien-ring - Mekulo DK","robots":{"index":"index","follow":"follow","max-snippet":"max-snippet:-1","max-image-preview":"max-image-preview:large","max-video-preview":"max-video-preview:-1"},"canonical":"https:\/\/mekulo.com\/dk\/produkt\/lucillien-ring\/","og_locale":"da_DK","og_type":"article","og_title":"Lucillien-ring - Mekulo DK","og_description":"\ud83d\udc57En moderne erkl\u00e6ring om ubesv\u00e6ret elegance. \ud83d\udc8eMinimalt design. Maksimal tilstedev\u00e6relse. \ud83d\udc8dMed sin rene geometriske silhuet og subtile gnistre bringer denne lucillienring raffinement og individualitet til din hverdagsstil.","og_url":"https:\/\/mekulo.com\/dk\/produkt\/lucillien-ring\/","og_site_name":"Mekulo DK","og_image":[{"width":800,"height":800,"url":"https:\/\/mekulo.com\/dk\/wp-content\/uploads\/sites\/12\/2026\/02\/2bvnhya-1.jpeg","type":"image\/jpeg"}],"twitter_card":"summary_large_image","twitter_misc":{"Estimeret l\u00e6setid":"2 minutter"},"schema":{"@context":"https:\/\/schema.org","@graph":[{"@type":"WebPage","@id":"https:\/\/mekulo.com\/dk\/produkt\/lucillien-ring\/","url":"https:\/\/mekulo.com\/dk\/produkt\/lucillien-ring\/","name":"Lucillien-ring - Mekulo DK","isPartOf":{"@id":"https:\/\/mekulo.com\/dk\/#website"},"primaryImageOfPage":{"@id":"https:\/\/mekulo.com\/dk\/produkt\/lucillien-ring\/#primaryimage"},"image":{"@id":"https:\/\/mekulo.com\/dk\/produkt\/lucillien-ring\/#primaryimage"},"thumbnailUrl":"https:\/\/mekulo.com\/dk\/wp-content\/uploads\/sites\/12\/2026\/02\/2bvnhya-1.jpeg","datePublished":"2026-02-23T06:09:53+00:00","breadcrumb":{"@id":"https:\/\/mekulo.com\/dk\/produkt\/lucillien-ring\/#breadcrumb"},"inLanguage":"da-DK","potentialAction":[{"@type":"ReadAction","target":["https:\/\/mekulo.com\/dk\/produkt\/lucillien-ring\/"]}]},{"@type":"ImageObject","inLanguage":"da-DK","@id":"https:\/\/mekulo.com\/dk\/produkt\/lucillien-ring\/#primaryimage","url":"https:\/\/mekulo.com\/dk\/wp-content\/uploads\/sites\/12\/2026\/02\/2bvnhya-1.jpeg","contentUrl":"https:\/\/mekulo.com\/dk\/wp-content\/uploads\/sites\/12\/2026\/02\/2bvnhya-1.jpeg","width":800,"height":800},{"@type":"BreadcrumbList","@id":"https:\/\/mekulo.com\/dk\/produkt\/lucillien-ring\/#breadcrumb","itemListElement":[{"@type":"ListItem","position":1,"name":"Home","item":"https:\/\/mekulo.com\/dk\/"},{"@type":"ListItem","position":2,"name":"Butik","item":"https:\/\/mekulo.com\/dk\/butik\/"},{"@type":"ListItem","position":3,"name":"Lucillien-ring"}]},{"@type":"WebSite","@id":"https:\/\/mekulo.com\/dk\/#website","url":"https:\/\/mekulo.com\/dk\/","name":"Mekulo DK","description":"","publisher":{"@id":"https:\/\/mekulo.com\/dk\/#organization"},"potentialAction":[{"@type":"SearchAction","target":{"@type":"EntryPoint","urlTemplate":"https:\/\/mekulo.com\/dk\/?s={search_term_string}"},"query-input":{"@type":"PropertyValueSpecification","valueRequired":true,"valueName":"search_term_string"}}],"inLanguage":"da-DK"},{"@type":"Organization","@id":"https:\/\/mekulo.com\/dk\/#organization","name":"Mekulo","url":"https:\/\/mekulo.com\/dk\/","logo":{"@type":"ImageObject","inLanguage":"da-DK","@id":"https:\/\/mekulo.com\/dk\/#\/schema\/logo\/image\/","url":"https:\/\/mekulo.com\/dk\/wp-content\/uploads\/sites\/12\/2025\/12\/favicon_mekulo.png","contentUrl":"https:\/\/mekulo.com\/dk\/wp-content\/uploads\/sites\/12\/2025\/12\/favicon_mekulo.png","width":50,"height":50,"caption":"Mekulo"},"image":{"@id":"https:\/\/mekulo.com\/dk\/#\/schema\/logo\/image\/"}}]}},"_links":{"self":[{"href":"https:\/\/mekulo.com\/dk\/wp-json\/wp\/v2\/product\/25366","targetHints":{"allow":["GET"]}}],"collection":[{"href":"https:\/\/mekulo.com\/dk\/wp-json\/wp\/v2\/product"}],"about":[{"href":"https:\/\/mekulo.com\/dk\/wp-json\/wp\/v2\/types\/product"}],"replies":[{"embeddable":true,"href":"https:\/\/mekulo.com\/dk\/wp-json\/wp\/v2\/comments?post=25366"}],"wp:featuredmedia":[{"embeddable":true,"href":"https:\/\/mekulo.com\/dk\/wp-json\/wp\/v2\/media\/25362"}],"wp:attachment":[{"href":"https:\/\/mekulo.com\/dk\/wp-json\/wp\/v2\/media?parent=25366"}],"wp:term":[{"taxonomy":"product_brand","embeddable":true,"href":"https:\/\/mekulo.com\/dk\/wp-json\/wp\/v2\/product_brand?post=25366"},{"taxonomy":"product_cat","embeddable":true,"href":"https:\/\/mekulo.com\/dk\/wp-json\/wp\/v2\/product_cat?post=25366"},{"taxonomy":"product_tag","embeddable":true,"href":"https:\/\/mekulo.com\/dk\/wp-json\/wp\/v2\/product_tag?post=25366"}],"curies":[{"name":"wp","href":"https:\/\/api.w.org\/{rel}","templated":true}]}}