{"id":25178,"date":"2026-02-20T14:08:17","date_gmt":"2026-02-20T12:08:17","guid":{"rendered":"https:\/\/mekulo.com\/dk\/produkt\/flydende-blomsterstoette\/"},"modified":"2026-02-20T14:08:39","modified_gmt":"2026-02-20T12:08:39","slug":"flydende-blomsterstoette","status":"publish","type":"product","link":"https:\/\/mekulo.com\/dk\/produkt\/flydende-blomsterstoette\/","title":{"rendered":"Flydende blomsterst\u00f8tte"},"content":{"rendered":"<h2 style=\"text-align: center\" data-start=\"286\" data-end=\"302\">\u2728 L\u00f8ftet<\/h2>\n<p style=\"text-align: center\" data-start=\"304\" data-end=\"375\">S\u00e6t den p\u00e5 vandet.<br data-start=\"322\" data-end=\"325\" \/>Inds\u00e6t dine stilke.<br data-start=\"343\" data-end=\"346\" \/>Nyd et fantastisk arrangement.<\/p>\n<p data-start=\"304\" data-end=\"375\"><img fetchpriority=\"high\" decoding=\"async\" class=\" wp-image-25708 aligncenter\" src=\"https:\/\/mekulo.com\/template\/wp-content\/uploads\/sites\/6\/2026\/02\/12219-ezgif.com-video-to-webp-converter.webp\" alt=\"\" width=\"550\" height=\"550\" \/><\/p>\n<h2 style=\"text-align: center\" data-start=\"382\" data-end=\"400\">\u2705 Hovedfordele<\/h2>\n<p data-start=\"404\" data-end=\"514\">\ud83c\udf0a Skaber en flydende haveeffekt &#8211; Forvandler \u00f8jeblikkeligt enkle blomster til et raffineret visuelt indslag.<\/p>\n<p data-start=\"518\" data-end=\"605\">\ud83c\udf38 Holder stilkene oprejst og i balance &#8211; Den centrale holder stabiliserer selv st\u00f8rre blomster.<\/p>\n<p data-start=\"609\" data-end=\"703\">\u2728 Minimalistisk gennemsigtigt design &#8211; Blander sig problemfrit i vand for et rent, moderne look.<\/p>\n<p data-start=\"707\" data-end=\"788\">\ud83d\udd4a\ufe0f Let og nem at h\u00e5ndtere &#8211; Nem at placere, fjerne og flytte.<\/p>\n<p data-start=\"792\" data-end=\"879\">\ud83c\udfe1 Fungerer med hverdagsbeholdere &#8211; Intet behov for store vaser eller specialudstyr.<\/p>\n<p data-start=\"883\" data-end=\"962\">\ud83c\udfaf Professionelt udseende resultater &#8211; Ren afstand og naturlig pr\u00e6sentation.<\/p>\n<p data-start=\"883\" data-end=\"962\"><img decoding=\"async\" class=\" wp-image-25711 aligncenter\" src=\"https:\/\/mekulo.com\/template\/wp-content\/uploads\/sites\/6\/2026\/02\/4e49d4b4b9fff9d861df3d61eaf6556567ac1ae9.webp\" alt=\"\" width=\"340\" height=\"604\" \/><\/p>\n<h2 style=\"text-align: center\" data-start=\"969\" data-end=\"992\">\u2757 Problem \u2192 L\u00f8sning<\/h2>\n<p data-start=\"994\" data-end=\"1143\"><strong data-start=\"994\" data-end=\"1006\">Problem:<\/strong><br data-start=\"1006\" data-end=\"1009\" \/>Traditionelle vaser kan f\u00f8les klodsede, begr\u00e6nsende eller visuelt tunge. At arrangere blomster kr\u00e6ver ofte en indsats, skum eller pr\u00e6cis afbalancering.<\/p>\n<p data-start=\"1145\" data-end=\"1279\"><strong data-start=\"1145\" data-end=\"1158\">L\u00f8sning:<\/strong><br data-start=\"1158\" data-end=\"1161\" \/>Denne flydende blomsterst\u00f8tte forenkler alt &#8211; s\u00e5 du kan skabe elegante vandbaserede arrangementer uden besv\u00e6r.<\/p>\n<h2 style=\"text-align: center\" data-start=\"1286\" data-end=\"1303\">\ud83c\udfe0 Perfekt til<\/h2>\n<ul data-start=\"1305\" data-end=\"1434\">\n<li data-start=\"1305\" data-end=\"1322\">\n<p data-start=\"1307\" data-end=\"1322\">Spiseborde<\/p>\n<\/li>\n<li data-start=\"1323\" data-end=\"1340\">\n<p data-start=\"1325\" data-end=\"1340\">Caf\u00e9borde<\/p>\n<\/li>\n<li data-start=\"1341\" data-end=\"1362\">\n<p data-start=\"1343\" data-end=\"1362\">Indgangskonsoller<\/p>\n<\/li>\n<li data-start=\"1363\" data-end=\"1381\">\n<p data-start=\"1365\" data-end=\"1381\">Badev\u00e6relsesindretning<\/p>\n<\/li>\n<li data-start=\"1382\" data-end=\"1407\">\n<p data-start=\"1384\" data-end=\"1407\">Begivenheder og fester<\/p>\n<\/li>\n<li data-start=\"1408\" data-end=\"1434\">\n<p data-start=\"1410\" data-end=\"1434\">Hyggelige hverdags\u00f8jeblikke<\/p>\n<\/li>\n<\/ul>\n<p data-start=\"1436\" data-end=\"1486\">Ideal til b\u00e5de s\u00e6rlige lejligheder og daglig sk\u00f8nhed.<\/p>\n<h2 style=\"text-align: center\" data-start=\"1493\" data-end=\"1509\">\u2699\ufe0f S\u00e5dan bruges<\/h2>\n<ol data-start=\"1511\" data-end=\"1666\">\n<li data-start=\"1511\" data-end=\"1551\">\n<p data-start=\"1514\" data-end=\"1551\">Fyld en sk\u00e5l eller beholder med vand.<\/p>\n<\/li>\n<li data-start=\"1552\" data-end=\"1596\">\n<p data-start=\"1555\" data-end=\"1596\">Placer blomsterst\u00f8tten p\u00e5 overfladen.<\/p>\n<\/li>\n<li data-start=\"1597\" data-end=\"1635\">\n<p data-start=\"1600\" data-end=\"1635\">S\u00e6t stilkene ind i det midterste hul.<\/p>\n<\/li>\n<li data-start=\"1636\" data-end=\"1666\">\n<p data-start=\"1639\" data-end=\"1666\">Juster afstanden, hvis det \u00f8nskes.<\/p>\n<\/li>\n<\/ol>\n<h2 style=\"text-align: center\" data-start=\"1713\" data-end=\"1734\">\ud83d\udcd0 Produktdetaljer<\/h2>\n<ul data-start=\"1736\" data-end=\"1884\">\n<li data-start=\"1769\" data-end=\"1802\">\n<p data-start=\"1771\" data-end=\"1802\">Materiale: Holdbar plast<\/p>\n<\/li>\n<li data-start=\"1803\" data-end=\"1834\">\n<p data-start=\"1805\" data-end=\"1834\">Stil: Moderne &amp; Minimal<\/p>\n<\/li>\n<li data-start=\"1835\" data-end=\"1884\">\n<p data-start=\"1837\" data-end=\"1884\">Funktioner: Dekorativ, Let, Stabil<\/p>\n<\/li>\n<li data-start=\"1835\" data-end=\"1884\">\n<p data-start=\"1837\" data-end=\"1884\"><span style=\"font-size: 16px\">Tilg\u00e6ngelige st\u00f8rrelser: <\/span><span style=\"font-size: 16px\">Lille (S): 5 cm x 2 cm, <\/span><span style=\"font-size: 16px\">Stor (L): 7 cm x 2,6 cm<\/span><\/p>\n<\/li>\n<\/ul>\n<h2 style=\"text-align: center\" data-start=\"2020\" data-end=\"2042\">\ud83d\udce6 Pakken indeholder<\/h2>\n<ul data-start=\"2044\" data-end=\"2073\">\n<li data-start=\"2044\" data-end=\"2073\">\n<p data-start=\"2046\" data-end=\"2073\">10, 20, 30x flydende blomsterst\u00f8tte(r).<\/p>\n<\/li>\n<\/ul>\n","protected":false},"excerpt":{"rendered":"<p>\ud83c\udf38Forvandl almindelige blomster til et flydende centerpiece.<br \/>\n\ud83c\udf0aUndg\u00e5elig elegance til sk\u00e5le, glas og beholdere.<br \/>\n\ud83c\udf3aDenne diskrete flydende blomsterst\u00f8tte lader dine blomster flyde smukt p\u00e5 vandet &#8211; og skaber en rolig, moderne og i\u00f8jnefaldende udstilling p\u00e5 f\u00e5 sekunder.<\/p>\n","protected":false},"featured_media":25174,"comment_status":"open","ping_status":"closed","template":"","meta":{"site-sidebar-layout":"default","site-content-layout":"","ast-site-content-layout":"default","site-content-style":"default","site-sidebar-style":"default","ast-global-header-display":"","ast-banner-title-visibility":"","ast-main-header-display":"","ast-hfb-above-header-display":"","ast-hfb-below-header-display":"","ast-hfb-mobile-header-display":"","site-post-title":"","ast-breadcrumbs-content":"","ast-featured-img":"","footer-sml-layout":"","ast-disable-related-posts":"","theme-transparent-header-meta":"default","adv-header-id-meta":"","stick-header-meta":"","header-above-stick-meta":"","header-main-stick-meta":"","header-below-stick-meta":"","astra-migrate-meta-layouts":"set","ast-page-background-enabled":"default","ast-page-background-meta":{"desktop":{"background-color":"var(--ast-global-color-5)","background-image":"","background-repeat":"repeat","background-position":"center center","background-size":"auto","background-attachment":"scroll","background-type":"","background-media":"","overlay-type":"","overlay-color":"","overlay-opacity":"","overlay-gradient":""},"tablet":{"background-color":"","background-image":"","background-repeat":"repeat","background-position":"center center","background-size":"auto","background-attachment":"scroll","background-type":"","background-media":"","overlay-type":"","overlay-color":"","overlay-opacity":"","overlay-gradient":""},"mobile":{"background-color":"","background-image":"","background-repeat":"repeat","background-position":"center center","background-size":"auto","background-attachment":"scroll","background-type":"","background-media":"","overlay-type":"","overlay-color":"","overlay-opacity":"","overlay-gradient":""}},"ast-content-background-meta":{"desktop":{"background-color":"var(--ast-global-color-4)","background-image":"","background-repeat":"repeat","background-position":"center center","background-size":"auto","background-attachment":"scroll","background-type":"","background-media":"","overlay-type":"","overlay-color":"","overlay-opacity":"","overlay-gradient":""},"tablet":{"background-color":"var(--ast-global-color-4)","background-image":"","background-repeat":"repeat","background-position":"center center","background-size":"auto","background-attachment":"scroll","background-type":"","background-media":"","overlay-type":"","overlay-color":"","overlay-opacity":"","overlay-gradient":""},"mobile":{"background-color":"var(--ast-global-color-4)","background-image":"","background-repeat":"repeat","background-position":"center center","background-size":"auto","background-attachment":"scroll","background-type":"","background-media":"","overlay-type":"","overlay-color":"","overlay-opacity":"","overlay-gradient":""}}},"product_brand":[],"product_cat":[168],"product_tag":[],"class_list":{"0":"post-25178","1":"product","2":"type-product","3":"status-publish","4":"has-post-thumbnail","6":"product_cat-husholdningsartikler","7":"pa_60940_9sscnbb5-10-stk","8":"pa_60940_9sscnbb5-20-stk","9":"pa_60940_9sscnbb5-30-stk","10":"pa_60940_kczkl4td-l","11":"pa_60940_kczkl4td-s","12":"desktop-align-left","13":"tablet-align-left","14":"mobile-align-left","16":"first","17":"instock","18":"shipping-taxable","19":"purchasable","20":"product-type-variable","21":"has-default-attributes"},"yoast_head":"<!-- This site is optimized with the Yoast SEO plugin v27.4 - https:\/\/yoast.com\/product\/yoast-seo-wordpress\/ -->\n<title>Flydende blomsterst\u00f8tte - Mekulo DK<\/title>\n<meta name=\"robots\" content=\"index, follow, max-snippet:-1, max-image-preview:large, max-video-preview:-1\" \/>\n<link rel=\"canonical\" href=\"https:\/\/mekulo.com\/dk\/produkt\/flydende-blomsterstoette\/\" \/>\n<meta property=\"og:locale\" content=\"da_DK\" \/>\n<meta property=\"og:type\" content=\"article\" \/>\n<meta property=\"og:title\" content=\"Flydende blomsterst\u00f8tte - Mekulo DK\" \/>\n<meta property=\"og:description\" content=\"\ud83c\udf38Forvandl almindelige blomster til et flydende centerpiece. \ud83c\udf0aUndg\u00e5elig elegance til sk\u00e5le, glas og beholdere. \ud83c\udf3aDenne diskrete flydende blomsterst\u00f8tte lader dine blomster flyde smukt p\u00e5 vandet - og skaber en rolig, moderne og i\u00f8jnefaldende udstilling p\u00e5 f\u00e5 sekunder.\" \/>\n<meta property=\"og:url\" content=\"https:\/\/mekulo.com\/dk\/produkt\/flydende-blomsterstoette\/\" \/>\n<meta property=\"og:site_name\" content=\"Mekulo DK\" \/>\n<meta property=\"article:modified_time\" content=\"2026-02-20T12:08:39+00:00\" \/>\n<meta property=\"og:image\" content=\"https:\/\/mekulo.com\/dk\/wp-content\/uploads\/sites\/12\/2026\/02\/1s1w7wb-1.jpg\" \/>\n\t<meta property=\"og:image:width\" content=\"700\" \/>\n\t<meta property=\"og:image:height\" content=\"700\" \/>\n\t<meta property=\"og:image:type\" content=\"image\/jpeg\" \/>\n<meta name=\"twitter:card\" content=\"summary_large_image\" \/>\n<meta name=\"twitter:label1\" content=\"Estimeret l\u00e6setid\" \/>\n\t<meta name=\"twitter:data1\" content=\"2 minutter\" \/>\n<script type=\"application\/ld+json\" class=\"yoast-schema-graph\">{\"@context\":\"https:\\\/\\\/schema.org\",\"@graph\":[{\"@type\":\"WebPage\",\"@id\":\"https:\\\/\\\/mekulo.com\\\/dk\\\/produkt\\\/flydende-blomsterstoette\\\/\",\"url\":\"https:\\\/\\\/mekulo.com\\\/dk\\\/produkt\\\/flydende-blomsterstoette\\\/\",\"name\":\"Flydende blomsterst\u00f8tte - Mekulo DK\",\"isPartOf\":{\"@id\":\"https:\\\/\\\/mekulo.com\\\/dk\\\/#website\"},\"primaryImageOfPage\":{\"@id\":\"https:\\\/\\\/mekulo.com\\\/dk\\\/produkt\\\/flydende-blomsterstoette\\\/#primaryimage\"},\"image\":{\"@id\":\"https:\\\/\\\/mekulo.com\\\/dk\\\/produkt\\\/flydende-blomsterstoette\\\/#primaryimage\"},\"thumbnailUrl\":\"https:\\\/\\\/mekulo.com\\\/dk\\\/wp-content\\\/uploads\\\/sites\\\/12\\\/2026\\\/02\\\/1s1w7wb-1.jpg\",\"datePublished\":\"2026-02-20T12:08:17+00:00\",\"dateModified\":\"2026-02-20T12:08:39+00:00\",\"breadcrumb\":{\"@id\":\"https:\\\/\\\/mekulo.com\\\/dk\\\/produkt\\\/flydende-blomsterstoette\\\/#breadcrumb\"},\"inLanguage\":\"da-DK\",\"potentialAction\":[{\"@type\":\"ReadAction\",\"target\":[\"https:\\\/\\\/mekulo.com\\\/dk\\\/produkt\\\/flydende-blomsterstoette\\\/\"]}]},{\"@type\":\"ImageObject\",\"inLanguage\":\"da-DK\",\"@id\":\"https:\\\/\\\/mekulo.com\\\/dk\\\/produkt\\\/flydende-blomsterstoette\\\/#primaryimage\",\"url\":\"https:\\\/\\\/mekulo.com\\\/dk\\\/wp-content\\\/uploads\\\/sites\\\/12\\\/2026\\\/02\\\/1s1w7wb-1.jpg\",\"contentUrl\":\"https:\\\/\\\/mekulo.com\\\/dk\\\/wp-content\\\/uploads\\\/sites\\\/12\\\/2026\\\/02\\\/1s1w7wb-1.jpg\",\"width\":700,\"height\":700},{\"@type\":\"BreadcrumbList\",\"@id\":\"https:\\\/\\\/mekulo.com\\\/dk\\\/produkt\\\/flydende-blomsterstoette\\\/#breadcrumb\",\"itemListElement\":[{\"@type\":\"ListItem\",\"position\":1,\"name\":\"Home\",\"item\":\"https:\\\/\\\/mekulo.com\\\/dk\\\/\"},{\"@type\":\"ListItem\",\"position\":2,\"name\":\"Butik\",\"item\":\"https:\\\/\\\/mekulo.com\\\/dk\\\/butik\\\/\"},{\"@type\":\"ListItem\",\"position\":3,\"name\":\"Flydende blomsterst\u00f8tte\"}]},{\"@type\":\"WebSite\",\"@id\":\"https:\\\/\\\/mekulo.com\\\/dk\\\/#website\",\"url\":\"https:\\\/\\\/mekulo.com\\\/dk\\\/\",\"name\":\"Mekulo DK\",\"description\":\"\",\"publisher\":{\"@id\":\"https:\\\/\\\/mekulo.com\\\/dk\\\/#organization\"},\"potentialAction\":[{\"@type\":\"SearchAction\",\"target\":{\"@type\":\"EntryPoint\",\"urlTemplate\":\"https:\\\/\\\/mekulo.com\\\/dk\\\/?s={search_term_string}\"},\"query-input\":{\"@type\":\"PropertyValueSpecification\",\"valueRequired\":true,\"valueName\":\"search_term_string\"}}],\"inLanguage\":\"da-DK\"},{\"@type\":\"Organization\",\"@id\":\"https:\\\/\\\/mekulo.com\\\/dk\\\/#organization\",\"name\":\"Mekulo\",\"url\":\"https:\\\/\\\/mekulo.com\\\/dk\\\/\",\"logo\":{\"@type\":\"ImageObject\",\"inLanguage\":\"da-DK\",\"@id\":\"https:\\\/\\\/mekulo.com\\\/dk\\\/#\\\/schema\\\/logo\\\/image\\\/\",\"url\":\"https:\\\/\\\/mekulo.com\\\/dk\\\/wp-content\\\/uploads\\\/sites\\\/12\\\/2025\\\/12\\\/favicon_mekulo.png\",\"contentUrl\":\"https:\\\/\\\/mekulo.com\\\/dk\\\/wp-content\\\/uploads\\\/sites\\\/12\\\/2025\\\/12\\\/favicon_mekulo.png\",\"width\":50,\"height\":50,\"caption\":\"Mekulo\"},\"image\":{\"@id\":\"https:\\\/\\\/mekulo.com\\\/dk\\\/#\\\/schema\\\/logo\\\/image\\\/\"}}]}<\/script>\n<!-- \/ Yoast SEO plugin. -->","yoast_head_json":{"title":"Flydende blomsterst\u00f8tte - Mekulo DK","robots":{"index":"index","follow":"follow","max-snippet":"max-snippet:-1","max-image-preview":"max-image-preview:large","max-video-preview":"max-video-preview:-1"},"canonical":"https:\/\/mekulo.com\/dk\/produkt\/flydende-blomsterstoette\/","og_locale":"da_DK","og_type":"article","og_title":"Flydende blomsterst\u00f8tte - Mekulo DK","og_description":"\ud83c\udf38Forvandl almindelige blomster til et flydende centerpiece. \ud83c\udf0aUndg\u00e5elig elegance til sk\u00e5le, glas og beholdere. \ud83c\udf3aDenne diskrete flydende blomsterst\u00f8tte lader dine blomster flyde smukt p\u00e5 vandet - og skaber en rolig, moderne og i\u00f8jnefaldende udstilling p\u00e5 f\u00e5 sekunder.","og_url":"https:\/\/mekulo.com\/dk\/produkt\/flydende-blomsterstoette\/","og_site_name":"Mekulo DK","article_modified_time":"2026-02-20T12:08:39+00:00","og_image":[{"width":700,"height":700,"url":"https:\/\/mekulo.com\/dk\/wp-content\/uploads\/sites\/12\/2026\/02\/1s1w7wb-1.jpg","type":"image\/jpeg"}],"twitter_card":"summary_large_image","twitter_misc":{"Estimeret l\u00e6setid":"2 minutter"},"schema":{"@context":"https:\/\/schema.org","@graph":[{"@type":"WebPage","@id":"https:\/\/mekulo.com\/dk\/produkt\/flydende-blomsterstoette\/","url":"https:\/\/mekulo.com\/dk\/produkt\/flydende-blomsterstoette\/","name":"Flydende blomsterst\u00f8tte - Mekulo DK","isPartOf":{"@id":"https:\/\/mekulo.com\/dk\/#website"},"primaryImageOfPage":{"@id":"https:\/\/mekulo.com\/dk\/produkt\/flydende-blomsterstoette\/#primaryimage"},"image":{"@id":"https:\/\/mekulo.com\/dk\/produkt\/flydende-blomsterstoette\/#primaryimage"},"thumbnailUrl":"https:\/\/mekulo.com\/dk\/wp-content\/uploads\/sites\/12\/2026\/02\/1s1w7wb-1.jpg","datePublished":"2026-02-20T12:08:17+00:00","dateModified":"2026-02-20T12:08:39+00:00","breadcrumb":{"@id":"https:\/\/mekulo.com\/dk\/produkt\/flydende-blomsterstoette\/#breadcrumb"},"inLanguage":"da-DK","potentialAction":[{"@type":"ReadAction","target":["https:\/\/mekulo.com\/dk\/produkt\/flydende-blomsterstoette\/"]}]},{"@type":"ImageObject","inLanguage":"da-DK","@id":"https:\/\/mekulo.com\/dk\/produkt\/flydende-blomsterstoette\/#primaryimage","url":"https:\/\/mekulo.com\/dk\/wp-content\/uploads\/sites\/12\/2026\/02\/1s1w7wb-1.jpg","contentUrl":"https:\/\/mekulo.com\/dk\/wp-content\/uploads\/sites\/12\/2026\/02\/1s1w7wb-1.jpg","width":700,"height":700},{"@type":"BreadcrumbList","@id":"https:\/\/mekulo.com\/dk\/produkt\/flydende-blomsterstoette\/#breadcrumb","itemListElement":[{"@type":"ListItem","position":1,"name":"Home","item":"https:\/\/mekulo.com\/dk\/"},{"@type":"ListItem","position":2,"name":"Butik","item":"https:\/\/mekulo.com\/dk\/butik\/"},{"@type":"ListItem","position":3,"name":"Flydende blomsterst\u00f8tte"}]},{"@type":"WebSite","@id":"https:\/\/mekulo.com\/dk\/#website","url":"https:\/\/mekulo.com\/dk\/","name":"Mekulo DK","description":"","publisher":{"@id":"https:\/\/mekulo.com\/dk\/#organization"},"potentialAction":[{"@type":"SearchAction","target":{"@type":"EntryPoint","urlTemplate":"https:\/\/mekulo.com\/dk\/?s={search_term_string}"},"query-input":{"@type":"PropertyValueSpecification","valueRequired":true,"valueName":"search_term_string"}}],"inLanguage":"da-DK"},{"@type":"Organization","@id":"https:\/\/mekulo.com\/dk\/#organization","name":"Mekulo","url":"https:\/\/mekulo.com\/dk\/","logo":{"@type":"ImageObject","inLanguage":"da-DK","@id":"https:\/\/mekulo.com\/dk\/#\/schema\/logo\/image\/","url":"https:\/\/mekulo.com\/dk\/wp-content\/uploads\/sites\/12\/2025\/12\/favicon_mekulo.png","contentUrl":"https:\/\/mekulo.com\/dk\/wp-content\/uploads\/sites\/12\/2025\/12\/favicon_mekulo.png","width":50,"height":50,"caption":"Mekulo"},"image":{"@id":"https:\/\/mekulo.com\/dk\/#\/schema\/logo\/image\/"}}]}},"_links":{"self":[{"href":"https:\/\/mekulo.com\/dk\/wp-json\/wp\/v2\/product\/25178","targetHints":{"allow":["GET"]}}],"collection":[{"href":"https:\/\/mekulo.com\/dk\/wp-json\/wp\/v2\/product"}],"about":[{"href":"https:\/\/mekulo.com\/dk\/wp-json\/wp\/v2\/types\/product"}],"replies":[{"embeddable":true,"href":"https:\/\/mekulo.com\/dk\/wp-json\/wp\/v2\/comments?post=25178"}],"wp:featuredmedia":[{"embeddable":true,"href":"https:\/\/mekulo.com\/dk\/wp-json\/wp\/v2\/media\/25174"}],"wp:attachment":[{"href":"https:\/\/mekulo.com\/dk\/wp-json\/wp\/v2\/media?parent=25178"}],"wp:term":[{"taxonomy":"product_brand","embeddable":true,"href":"https:\/\/mekulo.com\/dk\/wp-json\/wp\/v2\/product_brand?post=25178"},{"taxonomy":"product_cat","embeddable":true,"href":"https:\/\/mekulo.com\/dk\/wp-json\/wp\/v2\/product_cat?post=25178"},{"taxonomy":"product_tag","embeddable":true,"href":"https:\/\/mekulo.com\/dk\/wp-json\/wp\/v2\/product_tag?post=25178"}],"curies":[{"name":"wp","href":"https:\/\/api.w.org\/{rel}","templated":true}]}}