{"id":24901,"date":"2026-02-19T06:47:29","date_gmt":"2026-02-19T04:47:29","guid":{"rendered":"https:\/\/mekulo.com\/dk\/produkt\/halskaede-med-lille-stjernebog\/"},"modified":"2026-02-19T06:47:39","modified_gmt":"2026-02-19T04:47:39","slug":"halskaede-med-lille-stjernebog","status":"publish","type":"product","link":"https:\/\/mekulo.com\/dk\/produkt\/halskaede-med-lille-stjernebog\/","title":{"rendered":"Halsk\u00e6de med lille stjernebog"},"content":{"rendered":"<h2 style=\"text-align: center\" data-start=\"280\" data-end=\"297\">L\u00f8ftet \ud83d\udcab<\/h2>\n<p style=\"text-align: center\" data-start=\"299\" data-end=\"386\">Nogle gaver b\u00e6res.<br data-start=\"319\" data-end=\"322\" \/>Andre huskes.<br data-start=\"348\" data-end=\"351\" \/>Og denne bliver en del af hendes historie.<\/p>\n<p data-start=\"299\" data-end=\"386\"><img fetchpriority=\"high\" decoding=\"async\" class=\" wp-image-25473 aligncenter\" src=\"https:\/\/mekulo.com\/template\/wp-content\/uploads\/sites\/6\/2026\/02\/12217-ezgif.com-video-to-webp-converter-1.webp\" alt=\"\" width=\"550\" height=\"550\" \/><\/p>\n<h2 style=\"text-align: center\" data-start=\"393\" data-end=\"421\">Vigtigste Fordele \u2728<\/h2>\n<p data-start=\"425\" data-end=\"542\">\ud83d\udcd6 Bogvedh\u00e6ng, der kan \u00e5bnes &#8211; En miniaturebog, der faktisk kan \u00e5bnes \u2014 en smuk overraskelse, hun vil elske at opdage.<\/p>\n<p data-start=\"546\" data-end=\"649\">\ud83d\udc8c Seks indgraverede sider indeni &#8211; Hver side indeholder inderlige ord om k\u00e6rlighed, opmuntring og stolthed.<\/p>\n<p data-start=\"653\" data-end=\"760\">\u2728 Elegant, tidl\u00f8st design &#8211; Minimalistisk og stilfuldt \u2014 perfekt til hverdagsbrug eller s\u00e6rlige lejligheder.<\/p>\n<p data-start=\"764\" data-end=\"861\">\ud83d\udd17 Justerbar, behagelig k\u00e6de &#8211; Designet til at sidde perfekt, uanset om den b\u00e6res alene eller i lag.<\/p>\n<p data-start=\"865\" data-end=\"975\">\ud83d\udee1\ufe0f Tarnish-resistent rustfrit st\u00e5l &#8211; Holdbart, allergivenligt, rustfrit og lavet til at holde sin glans.<\/p>\n<p data-start=\"979\" data-end=\"1075\">\ud83c\udf81 Gaveklar souvenir &#8211; En meningsfuld gave uden stress over &#8221;Vil hun kunne lide det?&#8221;<\/p>\n<h2 style=\"text-align: center\" data-start=\"1082\" data-end=\"1106\">Problem \u2192 L\u00f8sning \ud83d\udc95<\/h2>\n<p data-start=\"1108\" data-end=\"1266\"><strong data-start=\"1108\" data-end=\"1120\">Problem:<\/strong><br data-start=\"1120\" data-end=\"1123\" \/>Det er sv\u00e6rt at finde en gave til din datter, som f\u00f8les personlig, f\u00f8lelsesladet og virkelig mindev\u00e6rdig. Blomster falmer. Gadgets \u00e6ldes.<\/p>\n<p data-start=\"1268\" data-end=\"1417\"><strong data-start=\"1268\" data-end=\"1281\">L\u00f8sningen:<\/strong><br data-start=\"1281\" data-end=\"1284\" \/>Giv hende noget, hun kan have p\u00e5, \u00e5bne og m\u00e6rke, hver gang hun r\u00f8rer ved det \u2014 en konstant p\u00e5mindelse om din k\u00e6rlighed og tro p\u00e5 hende.<\/p>\n<p data-start=\"1268\" data-end=\"1417\"><img decoding=\"async\" class=\"size-full wp-image-25474 aligncenter\" src=\"https:\/\/mekulo.com\/template\/wp-content\/uploads\/sites\/6\/2026\/02\/S2ec619ac62c141b197c1753c48a131c9r.webp\" alt=\"\" width=\"800\" height=\"800\" \/><\/p>\n<h2 style=\"text-align: center\" data-start=\"1424\" data-end=\"1455\">Perfekt Til Disse \u00d8jeblikke \ud83c\udf38<\/h2>\n<ul data-start=\"1457\" data-end=\"1593\">\n<li data-start=\"1457\" data-end=\"1470\">\n<p data-start=\"1459\" data-end=\"1470\">F\u00f8dselsdage<\/p>\n<\/li>\n<li data-start=\"1471\" data-end=\"1486\">\n<p data-start=\"1473\" data-end=\"1486\">Gradueringer<\/p>\n<\/li>\n<li data-start=\"1487\" data-end=\"1511\">\n<p data-start=\"1489\" data-end=\"1511\">Jul og helligdage<\/p>\n<\/li>\n<li data-start=\"1512\" data-end=\"1530\">\n<p data-start=\"1514\" data-end=\"1530\">Bag skolestart<\/p>\n<\/li>\n<li data-start=\"1531\" data-end=\"1559\">\n<p data-start=\"1533\" data-end=\"1559\">&#8221;Bare fordi&#8221;-overraskelser<\/p>\n<\/li>\n<li data-start=\"1560\" data-end=\"1593\">\n<p data-start=\"1562\" data-end=\"1593\">En p\u00e5mindelse i sv\u00e6re tider<\/p>\n<\/li>\n<\/ul>\n<p data-start=\"1595\" data-end=\"1654\">Uanset om hun er 10 eller 30, forbliver budskabet lige s\u00e5 st\u00e6rkt.<\/p>\n<h2 style=\"text-align: center\" data-start=\"1863\" data-end=\"1883\">Produktdetaljer \ud83d\udccf<\/h2>\n<ul data-start=\"1885\" data-end=\"2104\">\n<li data-start=\"1941\" data-end=\"1974\">\n<p data-start=\"1943\" data-end=\"1974\">Materiale: Rustfrit St\u00e5l<\/p>\n<\/li>\n<li data-start=\"2022\" data-end=\"2054\">\n<p data-start=\"2024\" data-end=\"2054\">K\u00e6de: Justerbar l\u00e6ngde (48 cm)<\/p>\n<\/li>\n<li data-start=\"2055\" data-end=\"2104\">\n<p data-start=\"2057\" data-end=\"2104\">Finish: Tarnish-resistent, hypoallergenisk<\/p>\n<\/li>\n<li data-start=\"2055\" data-end=\"2104\">Bogst\u00f8rrelse: 2,3 x 1,8 cm<\/li>\n<\/ul>\n<h2 style=\"text-align: center\">Pakken Indeholder \ud83d\udce6<\/h2>\n<ul data-start=\"2134\" data-end=\"2202\">\n<li data-start=\"2134\" data-end=\"2167\">\n<p data-start=\"2136\" data-end=\"2167\">1x little star book halsk\u00e6de.<\/p>\n<\/li>\n<\/ul>\n","protected":false},"excerpt":{"rendered":"<p>\ud83d\udcd4En lille bog. En livslang p\u00e5mindelse om din k\u00e6rlighed.<br \/>\n\ud83d\udc8eMere end et smykke &#8211; et budskab, hun kan b\u00e6re hver dag.<br \/>\n\u2728Delikat, meningsfuldt og smukt udformet, denne lille stjernebog-halsk\u00e6de \u00e5bner sig for at afsl\u00f8re indgraverede sider fyldt med ord, hun aldrig vil glemme.<\/p>\n","protected":false},"featured_media":24897,"comment_status":"open","ping_status":"closed","template":"","meta":{"site-sidebar-layout":"default","site-content-layout":"","ast-site-content-layout":"default","site-content-style":"default","site-sidebar-style":"default","ast-global-header-display":"","ast-banner-title-visibility":"","ast-main-header-display":"","ast-hfb-above-header-display":"","ast-hfb-below-header-display":"","ast-hfb-mobile-header-display":"","site-post-title":"","ast-breadcrumbs-content":"","ast-featured-img":"","footer-sml-layout":"","theme-transparent-header-meta":"default","adv-header-id-meta":"","stick-header-meta":"","header-above-stick-meta":"","header-main-stick-meta":"","header-below-stick-meta":"","astra-migrate-meta-layouts":"set","ast-page-background-enabled":"default","ast-page-background-meta":{"desktop":{"background-color":"var(--ast-global-color-5)","background-image":"","background-repeat":"repeat","background-position":"center center","background-size":"auto","background-attachment":"scroll","background-type":"","background-media":"","overlay-type":"","overlay-color":"","overlay-opacity":"","overlay-gradient":""},"tablet":{"background-color":"","background-image":"","background-repeat":"repeat","background-position":"center center","background-size":"auto","background-attachment":"scroll","background-type":"","background-media":"","overlay-type":"","overlay-color":"","overlay-opacity":"","overlay-gradient":""},"mobile":{"background-color":"","background-image":"","background-repeat":"repeat","background-position":"center center","background-size":"auto","background-attachment":"scroll","background-type":"","background-media":"","overlay-type":"","overlay-color":"","overlay-opacity":"","overlay-gradient":""}},"ast-content-background-meta":{"desktop":{"background-color":"var(--ast-global-color-4)","background-image":"","background-repeat":"repeat","background-position":"center center","background-size":"auto","background-attachment":"scroll","background-type":"","background-media":"","overlay-type":"","overlay-color":"","overlay-opacity":"","overlay-gradient":""},"tablet":{"background-color":"var(--ast-global-color-4)","background-image":"","background-repeat":"repeat","background-position":"center center","background-size":"auto","background-attachment":"scroll","background-type":"","background-media":"","overlay-type":"","overlay-color":"","overlay-opacity":"","overlay-gradient":""},"mobile":{"background-color":"var(--ast-global-color-4)","background-image":"","background-repeat":"repeat","background-position":"center center","background-size":"auto","background-attachment":"scroll","background-type":"","background-media":"","overlay-type":"","overlay-color":"","overlay-opacity":"","overlay-gradient":""}}},"product_brand":[],"product_cat":[165],"product_tag":[],"class_list":{"0":"post-24901","1":"product","2":"type-product","3":"status-publish","4":"has-post-thumbnail","6":"product_cat-fodtoej-tilbehoer","7":"pa_60432_jlx1p6oi-guld","8":"pa_60432_jlx1p6oi-soelv","9":"pa_60432_jlx1p6oi-soelv-guld","10":"desktop-align-left","11":"tablet-align-left","12":"mobile-align-left","14":"first","15":"instock","16":"shipping-taxable","17":"purchasable","18":"product-type-variable"},"yoast_head":"<!-- This site is optimized with the Yoast SEO plugin v26.6 - https:\/\/yoast.com\/wordpress\/plugins\/seo\/ -->\n<title>Halsk\u00e6de med lille stjernebog - Mekulo DK<\/title>\n<meta name=\"robots\" content=\"index, follow, max-snippet:-1, max-image-preview:large, max-video-preview:-1\" \/>\n<link rel=\"canonical\" href=\"https:\/\/mekulo.com\/dk\/produkt\/halskaede-med-lille-stjernebog\/\" \/>\n<meta property=\"og:locale\" content=\"sv_SE\" \/>\n<meta property=\"og:type\" content=\"article\" \/>\n<meta property=\"og:title\" content=\"Halsk\u00e6de med lille stjernebog - Mekulo DK\" \/>\n<meta property=\"og:description\" content=\"\ud83d\udcd4En lille bog. En livslang p\u00e5mindelse om din k\u00e6rlighed. \ud83d\udc8eMere end et smykke - et budskab, hun kan b\u00e6re hver dag. \u2728Delikat, meningsfuldt og smukt udformet, denne lille stjernebog-halsk\u00e6de \u00e5bner sig for at afsl\u00f8re indgraverede sider fyldt med ord, hun aldrig vil glemme.\" \/>\n<meta property=\"og:url\" content=\"https:\/\/mekulo.com\/dk\/produkt\/halskaede-med-lille-stjernebog\/\" \/>\n<meta property=\"og:site_name\" content=\"Mekulo DK\" \/>\n<meta property=\"article:modified_time\" content=\"2026-02-19T04:47:39+00:00\" \/>\n<meta property=\"og:image\" content=\"https:\/\/mekulo.com\/dk\/wp-content\/uploads\/sites\/12\/2026\/02\/occk7ji-1.jpg\" \/>\n\t<meta property=\"og:image:width\" content=\"800\" \/>\n\t<meta property=\"og:image:height\" content=\"800\" \/>\n\t<meta property=\"og:image:type\" content=\"image\/jpeg\" \/>\n<meta name=\"twitter:card\" content=\"summary_large_image\" \/>\n<meta name=\"twitter:label1\" content=\"Ber\u00e4knad l\u00e4stid\" \/>\n\t<meta name=\"twitter:data1\" content=\"2 minuter\" \/>\n<script type=\"application\/ld+json\" class=\"yoast-schema-graph\">{\"@context\":\"https:\/\/schema.org\",\"@graph\":[{\"@type\":\"WebPage\",\"@id\":\"https:\/\/mekulo.com\/dk\/produkt\/halskaede-med-lille-stjernebog\/\",\"url\":\"https:\/\/mekulo.com\/dk\/produkt\/halskaede-med-lille-stjernebog\/\",\"name\":\"Halsk\u00e6de med lille stjernebog - Mekulo DK\",\"isPartOf\":{\"@id\":\"https:\/\/mekulo.com\/dk\/#website\"},\"primaryImageOfPage\":{\"@id\":\"https:\/\/mekulo.com\/dk\/produkt\/halskaede-med-lille-stjernebog\/#primaryimage\"},\"image\":{\"@id\":\"https:\/\/mekulo.com\/dk\/produkt\/halskaede-med-lille-stjernebog\/#primaryimage\"},\"thumbnailUrl\":\"https:\/\/mekulo.com\/dk\/wp-content\/uploads\/sites\/12\/2026\/02\/occk7ji-1.jpg\",\"datePublished\":\"2026-02-19T04:47:29+00:00\",\"dateModified\":\"2026-02-19T04:47:39+00:00\",\"breadcrumb\":{\"@id\":\"https:\/\/mekulo.com\/dk\/produkt\/halskaede-med-lille-stjernebog\/#breadcrumb\"},\"inLanguage\":\"sv-SE\",\"potentialAction\":[{\"@type\":\"ReadAction\",\"target\":[\"https:\/\/mekulo.com\/dk\/produkt\/halskaede-med-lille-stjernebog\/\"]}]},{\"@type\":\"ImageObject\",\"inLanguage\":\"sv-SE\",\"@id\":\"https:\/\/mekulo.com\/dk\/produkt\/halskaede-med-lille-stjernebog\/#primaryimage\",\"url\":\"https:\/\/mekulo.com\/dk\/wp-content\/uploads\/sites\/12\/2026\/02\/occk7ji-1.jpg\",\"contentUrl\":\"https:\/\/mekulo.com\/dk\/wp-content\/uploads\/sites\/12\/2026\/02\/occk7ji-1.jpg\",\"width\":800,\"height\":800},{\"@type\":\"BreadcrumbList\",\"@id\":\"https:\/\/mekulo.com\/dk\/produkt\/halskaede-med-lille-stjernebog\/#breadcrumb\",\"itemListElement\":[{\"@type\":\"ListItem\",\"position\":1,\"name\":\"Home\",\"item\":\"https:\/\/mekulo.com\/dk\/\"},{\"@type\":\"ListItem\",\"position\":2,\"name\":\"Butik\",\"item\":\"https:\/\/mekulo.com\/dk\/butik\/\"},{\"@type\":\"ListItem\",\"position\":3,\"name\":\"Halsk\u00e6de med lille stjernebog\"}]},{\"@type\":\"WebSite\",\"@id\":\"https:\/\/mekulo.com\/dk\/#website\",\"url\":\"https:\/\/mekulo.com\/dk\/\",\"name\":\"Mekulo DK\",\"description\":\"\",\"publisher\":{\"@id\":\"https:\/\/mekulo.com\/dk\/#organization\"},\"potentialAction\":[{\"@type\":\"SearchAction\",\"target\":{\"@type\":\"EntryPoint\",\"urlTemplate\":\"https:\/\/mekulo.com\/dk\/?s={search_term_string}\"},\"query-input\":{\"@type\":\"PropertyValueSpecification\",\"valueRequired\":true,\"valueName\":\"search_term_string\"}}],\"inLanguage\":\"sv-SE\"},{\"@type\":\"Organization\",\"@id\":\"https:\/\/mekulo.com\/dk\/#organization\",\"name\":\"Mekulo\",\"url\":\"https:\/\/mekulo.com\/dk\/\",\"logo\":{\"@type\":\"ImageObject\",\"inLanguage\":\"sv-SE\",\"@id\":\"https:\/\/mekulo.com\/dk\/#\/schema\/logo\/image\/\",\"url\":\"https:\/\/mekulo.com\/dk\/wp-content\/uploads\/sites\/12\/2025\/12\/favicon_mekulo.png\",\"contentUrl\":\"https:\/\/mekulo.com\/dk\/wp-content\/uploads\/sites\/12\/2025\/12\/favicon_mekulo.png\",\"width\":50,\"height\":50,\"caption\":\"Mekulo\"},\"image\":{\"@id\":\"https:\/\/mekulo.com\/dk\/#\/schema\/logo\/image\/\"}}]}<\/script>\n<!-- \/ Yoast SEO plugin. -->","yoast_head_json":{"title":"Halsk\u00e6de med lille stjernebog - Mekulo DK","robots":{"index":"index","follow":"follow","max-snippet":"max-snippet:-1","max-image-preview":"max-image-preview:large","max-video-preview":"max-video-preview:-1"},"canonical":"https:\/\/mekulo.com\/dk\/produkt\/halskaede-med-lille-stjernebog\/","og_locale":"sv_SE","og_type":"article","og_title":"Halsk\u00e6de med lille stjernebog - Mekulo DK","og_description":"\ud83d\udcd4En lille bog. En livslang p\u00e5mindelse om din k\u00e6rlighed. \ud83d\udc8eMere end et smykke - et budskab, hun kan b\u00e6re hver dag. \u2728Delikat, meningsfuldt og smukt udformet, denne lille stjernebog-halsk\u00e6de \u00e5bner sig for at afsl\u00f8re indgraverede sider fyldt med ord, hun aldrig vil glemme.","og_url":"https:\/\/mekulo.com\/dk\/produkt\/halskaede-med-lille-stjernebog\/","og_site_name":"Mekulo DK","article_modified_time":"2026-02-19T04:47:39+00:00","og_image":[{"width":800,"height":800,"url":"https:\/\/mekulo.com\/dk\/wp-content\/uploads\/sites\/12\/2026\/02\/occk7ji-1.jpg","type":"image\/jpeg"}],"twitter_card":"summary_large_image","twitter_misc":{"Ber\u00e4knad l\u00e4stid":"2 minuter"},"schema":{"@context":"https:\/\/schema.org","@graph":[{"@type":"WebPage","@id":"https:\/\/mekulo.com\/dk\/produkt\/halskaede-med-lille-stjernebog\/","url":"https:\/\/mekulo.com\/dk\/produkt\/halskaede-med-lille-stjernebog\/","name":"Halsk\u00e6de med lille stjernebog - Mekulo DK","isPartOf":{"@id":"https:\/\/mekulo.com\/dk\/#website"},"primaryImageOfPage":{"@id":"https:\/\/mekulo.com\/dk\/produkt\/halskaede-med-lille-stjernebog\/#primaryimage"},"image":{"@id":"https:\/\/mekulo.com\/dk\/produkt\/halskaede-med-lille-stjernebog\/#primaryimage"},"thumbnailUrl":"https:\/\/mekulo.com\/dk\/wp-content\/uploads\/sites\/12\/2026\/02\/occk7ji-1.jpg","datePublished":"2026-02-19T04:47:29+00:00","dateModified":"2026-02-19T04:47:39+00:00","breadcrumb":{"@id":"https:\/\/mekulo.com\/dk\/produkt\/halskaede-med-lille-stjernebog\/#breadcrumb"},"inLanguage":"sv-SE","potentialAction":[{"@type":"ReadAction","target":["https:\/\/mekulo.com\/dk\/produkt\/halskaede-med-lille-stjernebog\/"]}]},{"@type":"ImageObject","inLanguage":"sv-SE","@id":"https:\/\/mekulo.com\/dk\/produkt\/halskaede-med-lille-stjernebog\/#primaryimage","url":"https:\/\/mekulo.com\/dk\/wp-content\/uploads\/sites\/12\/2026\/02\/occk7ji-1.jpg","contentUrl":"https:\/\/mekulo.com\/dk\/wp-content\/uploads\/sites\/12\/2026\/02\/occk7ji-1.jpg","width":800,"height":800},{"@type":"BreadcrumbList","@id":"https:\/\/mekulo.com\/dk\/produkt\/halskaede-med-lille-stjernebog\/#breadcrumb","itemListElement":[{"@type":"ListItem","position":1,"name":"Home","item":"https:\/\/mekulo.com\/dk\/"},{"@type":"ListItem","position":2,"name":"Butik","item":"https:\/\/mekulo.com\/dk\/butik\/"},{"@type":"ListItem","position":3,"name":"Halsk\u00e6de med lille stjernebog"}]},{"@type":"WebSite","@id":"https:\/\/mekulo.com\/dk\/#website","url":"https:\/\/mekulo.com\/dk\/","name":"Mekulo DK","description":"","publisher":{"@id":"https:\/\/mekulo.com\/dk\/#organization"},"potentialAction":[{"@type":"SearchAction","target":{"@type":"EntryPoint","urlTemplate":"https:\/\/mekulo.com\/dk\/?s={search_term_string}"},"query-input":{"@type":"PropertyValueSpecification","valueRequired":true,"valueName":"search_term_string"}}],"inLanguage":"sv-SE"},{"@type":"Organization","@id":"https:\/\/mekulo.com\/dk\/#organization","name":"Mekulo","url":"https:\/\/mekulo.com\/dk\/","logo":{"@type":"ImageObject","inLanguage":"sv-SE","@id":"https:\/\/mekulo.com\/dk\/#\/schema\/logo\/image\/","url":"https:\/\/mekulo.com\/dk\/wp-content\/uploads\/sites\/12\/2025\/12\/favicon_mekulo.png","contentUrl":"https:\/\/mekulo.com\/dk\/wp-content\/uploads\/sites\/12\/2025\/12\/favicon_mekulo.png","width":50,"height":50,"caption":"Mekulo"},"image":{"@id":"https:\/\/mekulo.com\/dk\/#\/schema\/logo\/image\/"}}]}},"_links":{"self":[{"href":"https:\/\/mekulo.com\/dk\/wp-json\/wp\/v2\/product\/24901","targetHints":{"allow":["GET"]}}],"collection":[{"href":"https:\/\/mekulo.com\/dk\/wp-json\/wp\/v2\/product"}],"about":[{"href":"https:\/\/mekulo.com\/dk\/wp-json\/wp\/v2\/types\/product"}],"replies":[{"embeddable":true,"href":"https:\/\/mekulo.com\/dk\/wp-json\/wp\/v2\/comments?post=24901"}],"wp:featuredmedia":[{"embeddable":true,"href":"https:\/\/mekulo.com\/dk\/wp-json\/wp\/v2\/media\/24897"}],"wp:attachment":[{"href":"https:\/\/mekulo.com\/dk\/wp-json\/wp\/v2\/media?parent=24901"}],"wp:term":[{"taxonomy":"product_brand","embeddable":true,"href":"https:\/\/mekulo.com\/dk\/wp-json\/wp\/v2\/product_brand?post=24901"},{"taxonomy":"product_cat","embeddable":true,"href":"https:\/\/mekulo.com\/dk\/wp-json\/wp\/v2\/product_cat?post=24901"},{"taxonomy":"product_tag","embeddable":true,"href":"https:\/\/mekulo.com\/dk\/wp-json\/wp\/v2\/product_tag?post=24901"}],"curies":[{"name":"wp","href":"https:\/\/api.w.org\/{rel}","templated":true}]}}