{"id":24727,"date":"2026-02-17T12:38:48","date_gmt":"2026-02-17T10:38:48","guid":{"rendered":"https:\/\/mekulo.com\/dk\/produkt\/saet-med-vandhanenoegler\/"},"modified":"2026-02-17T12:38:55","modified_gmt":"2026-02-17T10:38:55","slug":"saet-med-vandhanenoegler","status":"publish","type":"product","link":"https:\/\/mekulo.com\/dk\/produkt\/saet-med-vandhanenoegler\/","title":{"rendered":"S\u00e6t med vandhanen\u00f8gler"},"content":{"rendered":"<p style=\"text-align: center\" data-start=\"41\" data-end=\"97\"><strong data-start=\"41\" data-end=\"97\">G\u00f8r Det Hurtigt Og Nemt At Installere Og Fjerne Vandhaner. \ud83d\udca6<\/strong><\/p>\n<p data-start=\"41\" data-end=\"97\"><img fetchpriority=\"high\" decoding=\"async\" class=\"size-full wp-image-25272 aligncenter\" src=\"https:\/\/mekulo.com\/template\/wp-content\/uploads\/sites\/6\/2026\/02\/S2ba1650b692e420aa47f67daa679e15ah.jpg\" alt=\"\" width=\"800\" height=\"800\" \/><\/p>\n<h2 style=\"text-align: center\" data-start=\"318\" data-end=\"339\">Hovedfordele \ud83d\udd27<\/h2>\n<p data-start=\"343\" data-end=\"396\">\ud83d\udd27 Let vandhanearbejde &#8211; Installer eller fjern hurtigt.<\/p>\n<p data-start=\"399\" data-end=\"449\">\ud83d\udee0\ufe0f Designet til trange rum &#8211; Bedre r\u00e6kkevidde.<\/p>\n<p data-start=\"452\" data-end=\"501\">\ud83d\udd29 Holdbar ABS + metal &#8211; Langvarig konstruktion.<\/p>\n<p data-start=\"504\" data-end=\"555\">\ud83d\udebf Alsidig brug &#8211; Velegnet til VVS-job.<\/p>\n<p data-start=\"558\" data-end=\"600\">\u2699\ufe0f Enkel h\u00e5ndtering &#8211; Let at betjene.<\/p>\n<p data-start=\"603\" data-end=\"645\">\ud83c\udfe0 Perfekt til hjemmet og professionel brug.<\/p>\n<p data-start=\"603\" data-end=\"645\"><img decoding=\"async\" class=\"alignnone size-full wp-image-25276\" src=\"https:\/\/mekulo.com\/template\/wp-content\/uploads\/sites\/6\/2026\/02\/J-2-32.jpg\" alt=\"\" width=\"1080\" height=\"1080\" \/><\/p>\n<h2 style=\"text-align: center\" data-start=\"652\" data-end=\"670\">S\u00e5dan Bruges \ud83d\udccc<\/h2>\n<ol data-start=\"672\" data-end=\"810\">\n<li data-start=\"672\" data-end=\"707\">\n<p data-start=\"675\" data-end=\"707\">V\u00e6lg det rigtige v\u00e6rkt\u00f8jsstykke.<\/p>\n<\/li>\n<li data-start=\"708\" data-end=\"750\">\n<p data-start=\"711\" data-end=\"750\">Placer det p\u00e5 vandhanen eller fittingen.<\/p>\n<\/li>\n<li data-start=\"751\" data-end=\"782\">\n<p data-start=\"754\" data-end=\"782\">Drej for at stramme eller l\u00f8sne.<\/p>\n<\/li>\n<li data-start=\"783\" data-end=\"810\">\n<p data-start=\"786\" data-end=\"810\">Fjern efter justering.<\/p>\n<\/li>\n<\/ol>\n<h2 style=\"text-align: center\" data-start=\"817\" data-end=\"840\">Produktdetaljer \ud83d\udccf<\/h2>\n<ul data-start=\"842\" data-end=\"1048\">\n<li data-start=\"882\" data-end=\"911\">\n<p data-start=\"884\" data-end=\"911\">Materiale: ABS + Metal<\/p>\n<\/li>\n<li data-start=\"950\" data-end=\"999\">\n<p data-start=\"952\" data-end=\"999\">Anvendelse: Installation og reparation af vandhane<\/p>\n<\/li>\n<li data-start=\"1000\" data-end=\"1048\">\n<p data-start=\"1002\" data-end=\"1048\">Brug til: Hjem, renovering, VVS-arbejde<\/p>\n<\/li>\n<\/ul>\n<h2 style=\"text-align: center\" data-start=\"1055\" data-end=\"1079\">Pakken Indeholder \ud83d\udce6<\/h2>\n<ul data-start=\"1081\" data-end=\"1111\">\n<li data-start=\"1081\" data-end=\"1111\">\n<p data-start=\"1083\" data-end=\"1111\">1, 2x vandhanen\u00f8gles\u00e6t\/s (7, 14 stk).<\/p>\n<\/li>\n<\/ul>\n","protected":false},"excerpt":{"rendered":"<p>\ud83d\udca7Dette vandhanen\u00f8gles\u00e6t hj\u00e6lper dig med at sp\u00e6nde eller l\u00f8sne fittings p\u00e5 trange steder.<br \/>\n\ud83e\uddd1\u200d\ud83d\udd27Built af slidst\u00e6rkt ABS og metal giver det p\u00e5lidelig ydeevne til VVS-opgaver.<br \/>\n\ud83d\udd27Ideal til reparationer, opgraderinger og nye installationer. Et praktisk v\u00e6rkt\u00f8jss\u00e6t til nemmere VVS-arbejde.<\/p>\n","protected":false},"featured_media":24723,"comment_status":"open","ping_status":"closed","template":"","meta":{"site-sidebar-layout":"default","site-content-layout":"","ast-site-content-layout":"default","site-content-style":"default","site-sidebar-style":"default","ast-global-header-display":"","ast-banner-title-visibility":"","ast-main-header-display":"","ast-hfb-above-header-display":"","ast-hfb-below-header-display":"","ast-hfb-mobile-header-display":"","site-post-title":"","ast-breadcrumbs-content":"","ast-featured-img":"","footer-sml-layout":"","ast-disable-related-posts":"","theme-transparent-header-meta":"default","adv-header-id-meta":"","stick-header-meta":"","header-above-stick-meta":"","header-main-stick-meta":"","header-below-stick-meta":"","astra-migrate-meta-layouts":"set","ast-page-background-enabled":"default","ast-page-background-meta":{"desktop":{"background-color":"var(--ast-global-color-5)","background-image":"","background-repeat":"repeat","background-position":"center center","background-size":"auto","background-attachment":"scroll","background-type":"","background-media":"","overlay-type":"","overlay-color":"","overlay-opacity":"","overlay-gradient":""},"tablet":{"background-color":"","background-image":"","background-repeat":"repeat","background-position":"center center","background-size":"auto","background-attachment":"scroll","background-type":"","background-media":"","overlay-type":"","overlay-color":"","overlay-opacity":"","overlay-gradient":""},"mobile":{"background-color":"","background-image":"","background-repeat":"repeat","background-position":"center center","background-size":"auto","background-attachment":"scroll","background-type":"","background-media":"","overlay-type":"","overlay-color":"","overlay-opacity":"","overlay-gradient":""}},"ast-content-background-meta":{"desktop":{"background-color":"var(--ast-global-color-4)","background-image":"","background-repeat":"repeat","background-position":"center center","background-size":"auto","background-attachment":"scroll","background-type":"","background-media":"","overlay-type":"","overlay-color":"","overlay-opacity":"","overlay-gradient":""},"tablet":{"background-color":"var(--ast-global-color-4)","background-image":"","background-repeat":"repeat","background-position":"center center","background-size":"auto","background-attachment":"scroll","background-type":"","background-media":"","overlay-type":"","overlay-color":"","overlay-opacity":"","overlay-gradient":""},"mobile":{"background-color":"var(--ast-global-color-4)","background-image":"","background-repeat":"repeat","background-position":"center center","background-size":"auto","background-attachment":"scroll","background-type":"","background-media":"","overlay-type":"","overlay-color":"","overlay-opacity":"","overlay-gradient":""}}},"product_brand":[],"product_cat":[171],"product_tag":[],"class_list":{"0":"post-24727","1":"product","2":"type-product","3":"status-publish","4":"has-post-thumbnail","6":"product_cat-vaerktoejer","7":"pa_60250_kjqy8mqz-1-saet","8":"pa_60250_kjqy8mqz-2-saet","9":"desktop-align-left","10":"tablet-align-left","11":"mobile-align-left","13":"first","14":"instock","15":"shipping-taxable","16":"purchasable","17":"product-type-variable"},"yoast_head":"<!-- This site is optimized with the Yoast SEO plugin v27.4 - https:\/\/yoast.com\/product\/yoast-seo-wordpress\/ -->\n<title>S\u00e6t med vandhanen\u00f8gler - Mekulo DK<\/title>\n<meta name=\"robots\" content=\"index, follow, max-snippet:-1, max-image-preview:large, max-video-preview:-1\" \/>\n<link rel=\"canonical\" href=\"https:\/\/mekulo.com\/dk\/produkt\/saet-med-vandhanenoegler\/\" \/>\n<meta property=\"og:locale\" content=\"da_DK\" \/>\n<meta property=\"og:type\" content=\"article\" \/>\n<meta property=\"og:title\" content=\"S\u00e6t med vandhanen\u00f8gler - Mekulo DK\" \/>\n<meta property=\"og:description\" content=\"\ud83d\udca7Dette vandhanen\u00f8gles\u00e6t hj\u00e6lper dig med at sp\u00e6nde eller l\u00f8sne fittings p\u00e5 trange steder. \ud83e\uddd1\u200d\ud83d\udd27Built af slidst\u00e6rkt ABS og metal giver det p\u00e5lidelig ydeevne til VVS-opgaver. \ud83d\udd27Ideal til reparationer, opgraderinger og nye installationer. Et praktisk v\u00e6rkt\u00f8jss\u00e6t til nemmere VVS-arbejde.\" \/>\n<meta property=\"og:url\" content=\"https:\/\/mekulo.com\/dk\/produkt\/saet-med-vandhanenoegler\/\" \/>\n<meta property=\"og:site_name\" content=\"Mekulo DK\" \/>\n<meta property=\"article:modified_time\" content=\"2026-02-17T10:38:55+00:00\" \/>\n<meta property=\"og:image\" content=\"https:\/\/mekulo.com\/dk\/wp-content\/uploads\/sites\/12\/2026\/02\/9itruxy-1.jpg\" \/>\n\t<meta property=\"og:image:width\" content=\"800\" \/>\n\t<meta property=\"og:image:height\" content=\"800\" \/>\n\t<meta property=\"og:image:type\" content=\"image\/jpeg\" \/>\n<meta name=\"twitter:card\" content=\"summary_large_image\" \/>\n<meta name=\"twitter:label1\" content=\"Estimeret l\u00e6setid\" \/>\n\t<meta name=\"twitter:data1\" content=\"2 minutter\" \/>\n<script type=\"application\/ld+json\" class=\"yoast-schema-graph\">{\"@context\":\"https:\\\/\\\/schema.org\",\"@graph\":[{\"@type\":\"WebPage\",\"@id\":\"https:\\\/\\\/mekulo.com\\\/dk\\\/produkt\\\/saet-med-vandhanenoegler\\\/\",\"url\":\"https:\\\/\\\/mekulo.com\\\/dk\\\/produkt\\\/saet-med-vandhanenoegler\\\/\",\"name\":\"S\u00e6t med vandhanen\u00f8gler - Mekulo DK\",\"isPartOf\":{\"@id\":\"https:\\\/\\\/mekulo.com\\\/dk\\\/#website\"},\"primaryImageOfPage\":{\"@id\":\"https:\\\/\\\/mekulo.com\\\/dk\\\/produkt\\\/saet-med-vandhanenoegler\\\/#primaryimage\"},\"image\":{\"@id\":\"https:\\\/\\\/mekulo.com\\\/dk\\\/produkt\\\/saet-med-vandhanenoegler\\\/#primaryimage\"},\"thumbnailUrl\":\"https:\\\/\\\/mekulo.com\\\/dk\\\/wp-content\\\/uploads\\\/sites\\\/12\\\/2026\\\/02\\\/9itruxy-1.jpg\",\"datePublished\":\"2026-02-17T10:38:48+00:00\",\"dateModified\":\"2026-02-17T10:38:55+00:00\",\"breadcrumb\":{\"@id\":\"https:\\\/\\\/mekulo.com\\\/dk\\\/produkt\\\/saet-med-vandhanenoegler\\\/#breadcrumb\"},\"inLanguage\":\"da-DK\",\"potentialAction\":[{\"@type\":\"ReadAction\",\"target\":[\"https:\\\/\\\/mekulo.com\\\/dk\\\/produkt\\\/saet-med-vandhanenoegler\\\/\"]}]},{\"@type\":\"ImageObject\",\"inLanguage\":\"da-DK\",\"@id\":\"https:\\\/\\\/mekulo.com\\\/dk\\\/produkt\\\/saet-med-vandhanenoegler\\\/#primaryimage\",\"url\":\"https:\\\/\\\/mekulo.com\\\/dk\\\/wp-content\\\/uploads\\\/sites\\\/12\\\/2026\\\/02\\\/9itruxy-1.jpg\",\"contentUrl\":\"https:\\\/\\\/mekulo.com\\\/dk\\\/wp-content\\\/uploads\\\/sites\\\/12\\\/2026\\\/02\\\/9itruxy-1.jpg\",\"width\":800,\"height\":800},{\"@type\":\"BreadcrumbList\",\"@id\":\"https:\\\/\\\/mekulo.com\\\/dk\\\/produkt\\\/saet-med-vandhanenoegler\\\/#breadcrumb\",\"itemListElement\":[{\"@type\":\"ListItem\",\"position\":1,\"name\":\"Home\",\"item\":\"https:\\\/\\\/mekulo.com\\\/dk\\\/\"},{\"@type\":\"ListItem\",\"position\":2,\"name\":\"Butik\",\"item\":\"https:\\\/\\\/mekulo.com\\\/dk\\\/butik\\\/\"},{\"@type\":\"ListItem\",\"position\":3,\"name\":\"S\u00e6t med vandhanen\u00f8gler\"}]},{\"@type\":\"WebSite\",\"@id\":\"https:\\\/\\\/mekulo.com\\\/dk\\\/#website\",\"url\":\"https:\\\/\\\/mekulo.com\\\/dk\\\/\",\"name\":\"Mekulo DK\",\"description\":\"\",\"publisher\":{\"@id\":\"https:\\\/\\\/mekulo.com\\\/dk\\\/#organization\"},\"potentialAction\":[{\"@type\":\"SearchAction\",\"target\":{\"@type\":\"EntryPoint\",\"urlTemplate\":\"https:\\\/\\\/mekulo.com\\\/dk\\\/?s={search_term_string}\"},\"query-input\":{\"@type\":\"PropertyValueSpecification\",\"valueRequired\":true,\"valueName\":\"search_term_string\"}}],\"inLanguage\":\"da-DK\"},{\"@type\":\"Organization\",\"@id\":\"https:\\\/\\\/mekulo.com\\\/dk\\\/#organization\",\"name\":\"Mekulo\",\"url\":\"https:\\\/\\\/mekulo.com\\\/dk\\\/\",\"logo\":{\"@type\":\"ImageObject\",\"inLanguage\":\"da-DK\",\"@id\":\"https:\\\/\\\/mekulo.com\\\/dk\\\/#\\\/schema\\\/logo\\\/image\\\/\",\"url\":\"https:\\\/\\\/mekulo.com\\\/dk\\\/wp-content\\\/uploads\\\/sites\\\/12\\\/2025\\\/12\\\/favicon_mekulo.png\",\"contentUrl\":\"https:\\\/\\\/mekulo.com\\\/dk\\\/wp-content\\\/uploads\\\/sites\\\/12\\\/2025\\\/12\\\/favicon_mekulo.png\",\"width\":50,\"height\":50,\"caption\":\"Mekulo\"},\"image\":{\"@id\":\"https:\\\/\\\/mekulo.com\\\/dk\\\/#\\\/schema\\\/logo\\\/image\\\/\"}}]}<\/script>\n<!-- \/ Yoast SEO plugin. -->","yoast_head_json":{"title":"S\u00e6t med vandhanen\u00f8gler - Mekulo DK","robots":{"index":"index","follow":"follow","max-snippet":"max-snippet:-1","max-image-preview":"max-image-preview:large","max-video-preview":"max-video-preview:-1"},"canonical":"https:\/\/mekulo.com\/dk\/produkt\/saet-med-vandhanenoegler\/","og_locale":"da_DK","og_type":"article","og_title":"S\u00e6t med vandhanen\u00f8gler - Mekulo DK","og_description":"\ud83d\udca7Dette vandhanen\u00f8gles\u00e6t hj\u00e6lper dig med at sp\u00e6nde eller l\u00f8sne fittings p\u00e5 trange steder. \ud83e\uddd1\u200d\ud83d\udd27Built af slidst\u00e6rkt ABS og metal giver det p\u00e5lidelig ydeevne til VVS-opgaver. \ud83d\udd27Ideal til reparationer, opgraderinger og nye installationer. Et praktisk v\u00e6rkt\u00f8jss\u00e6t til nemmere VVS-arbejde.","og_url":"https:\/\/mekulo.com\/dk\/produkt\/saet-med-vandhanenoegler\/","og_site_name":"Mekulo DK","article_modified_time":"2026-02-17T10:38:55+00:00","og_image":[{"width":800,"height":800,"url":"https:\/\/mekulo.com\/dk\/wp-content\/uploads\/sites\/12\/2026\/02\/9itruxy-1.jpg","type":"image\/jpeg"}],"twitter_card":"summary_large_image","twitter_misc":{"Estimeret l\u00e6setid":"2 minutter"},"schema":{"@context":"https:\/\/schema.org","@graph":[{"@type":"WebPage","@id":"https:\/\/mekulo.com\/dk\/produkt\/saet-med-vandhanenoegler\/","url":"https:\/\/mekulo.com\/dk\/produkt\/saet-med-vandhanenoegler\/","name":"S\u00e6t med vandhanen\u00f8gler - Mekulo DK","isPartOf":{"@id":"https:\/\/mekulo.com\/dk\/#website"},"primaryImageOfPage":{"@id":"https:\/\/mekulo.com\/dk\/produkt\/saet-med-vandhanenoegler\/#primaryimage"},"image":{"@id":"https:\/\/mekulo.com\/dk\/produkt\/saet-med-vandhanenoegler\/#primaryimage"},"thumbnailUrl":"https:\/\/mekulo.com\/dk\/wp-content\/uploads\/sites\/12\/2026\/02\/9itruxy-1.jpg","datePublished":"2026-02-17T10:38:48+00:00","dateModified":"2026-02-17T10:38:55+00:00","breadcrumb":{"@id":"https:\/\/mekulo.com\/dk\/produkt\/saet-med-vandhanenoegler\/#breadcrumb"},"inLanguage":"da-DK","potentialAction":[{"@type":"ReadAction","target":["https:\/\/mekulo.com\/dk\/produkt\/saet-med-vandhanenoegler\/"]}]},{"@type":"ImageObject","inLanguage":"da-DK","@id":"https:\/\/mekulo.com\/dk\/produkt\/saet-med-vandhanenoegler\/#primaryimage","url":"https:\/\/mekulo.com\/dk\/wp-content\/uploads\/sites\/12\/2026\/02\/9itruxy-1.jpg","contentUrl":"https:\/\/mekulo.com\/dk\/wp-content\/uploads\/sites\/12\/2026\/02\/9itruxy-1.jpg","width":800,"height":800},{"@type":"BreadcrumbList","@id":"https:\/\/mekulo.com\/dk\/produkt\/saet-med-vandhanenoegler\/#breadcrumb","itemListElement":[{"@type":"ListItem","position":1,"name":"Home","item":"https:\/\/mekulo.com\/dk\/"},{"@type":"ListItem","position":2,"name":"Butik","item":"https:\/\/mekulo.com\/dk\/butik\/"},{"@type":"ListItem","position":3,"name":"S\u00e6t med vandhanen\u00f8gler"}]},{"@type":"WebSite","@id":"https:\/\/mekulo.com\/dk\/#website","url":"https:\/\/mekulo.com\/dk\/","name":"Mekulo DK","description":"","publisher":{"@id":"https:\/\/mekulo.com\/dk\/#organization"},"potentialAction":[{"@type":"SearchAction","target":{"@type":"EntryPoint","urlTemplate":"https:\/\/mekulo.com\/dk\/?s={search_term_string}"},"query-input":{"@type":"PropertyValueSpecification","valueRequired":true,"valueName":"search_term_string"}}],"inLanguage":"da-DK"},{"@type":"Organization","@id":"https:\/\/mekulo.com\/dk\/#organization","name":"Mekulo","url":"https:\/\/mekulo.com\/dk\/","logo":{"@type":"ImageObject","inLanguage":"da-DK","@id":"https:\/\/mekulo.com\/dk\/#\/schema\/logo\/image\/","url":"https:\/\/mekulo.com\/dk\/wp-content\/uploads\/sites\/12\/2025\/12\/favicon_mekulo.png","contentUrl":"https:\/\/mekulo.com\/dk\/wp-content\/uploads\/sites\/12\/2025\/12\/favicon_mekulo.png","width":50,"height":50,"caption":"Mekulo"},"image":{"@id":"https:\/\/mekulo.com\/dk\/#\/schema\/logo\/image\/"}}]}},"_links":{"self":[{"href":"https:\/\/mekulo.com\/dk\/wp-json\/wp\/v2\/product\/24727","targetHints":{"allow":["GET"]}}],"collection":[{"href":"https:\/\/mekulo.com\/dk\/wp-json\/wp\/v2\/product"}],"about":[{"href":"https:\/\/mekulo.com\/dk\/wp-json\/wp\/v2\/types\/product"}],"replies":[{"embeddable":true,"href":"https:\/\/mekulo.com\/dk\/wp-json\/wp\/v2\/comments?post=24727"}],"wp:featuredmedia":[{"embeddable":true,"href":"https:\/\/mekulo.com\/dk\/wp-json\/wp\/v2\/media\/24723"}],"wp:attachment":[{"href":"https:\/\/mekulo.com\/dk\/wp-json\/wp\/v2\/media?parent=24727"}],"wp:term":[{"taxonomy":"product_brand","embeddable":true,"href":"https:\/\/mekulo.com\/dk\/wp-json\/wp\/v2\/product_brand?post=24727"},{"taxonomy":"product_cat","embeddable":true,"href":"https:\/\/mekulo.com\/dk\/wp-json\/wp\/v2\/product_cat?post=24727"},{"taxonomy":"product_tag","embeddable":true,"href":"https:\/\/mekulo.com\/dk\/wp-json\/wp\/v2\/product_tag?post=24727"}],"curies":[{"name":"wp","href":"https:\/\/api.w.org\/{rel}","templated":true}]}}