{"id":24699,"date":"2026-02-17T08:41:15","date_gmt":"2026-02-17T06:41:15","guid":{"rendered":"https:\/\/mekulo.com\/dk\/produkt\/justerbare-tonede-runde-polariserede-solbriller\/"},"modified":"2026-03-02T12:32:55","modified_gmt":"2026-03-02T10:32:55","slug":"justerbare-tonede-runde-polariserede-solbriller","status":"publish","type":"product","link":"https:\/\/mekulo.com\/dk\/produkt\/justerbare-tonede-runde-polariserede-solbriller\/","title":{"rendered":"Justerbare tonede runde polariserede solbriller"},"content":{"rendered":"<p style=\"text-align: center\" data-start=\"41\" data-end=\"105\"><strong data-start=\"41\" data-end=\"105\">Juster lysstyrken med det samme for perfekt syn i al slags lys. \ud83c\udf24\ufe0f<\/strong><\/p>\n<p data-start=\"41\" data-end=\"105\"><img fetchpriority=\"high\" decoding=\"async\" class=\" wp-image-25257 aligncenter\" src=\"https:\/\/mekulo.com\/template\/wp-content\/uploads\/sites\/6\/2026\/02\/12216-ezgif.com-video-to-webp-converter-1.webp\" alt=\"\" width=\"550\" height=\"550\" \/><\/p>\n<h2 style=\"text-align: center\" data-start=\"329\" data-end=\"350\"><strong>Vigtigste fordele \u2600\ufe0f<\/strong><\/h2>\n<p data-start=\"354\" data-end=\"413\">\ud83d\udd04 Justerbar farvetone (1-9 f-stop) &#8211; passer til enhver belysning.<\/p>\n<p data-start=\"416\" data-end=\"469\">\u2600\ufe0f UV400-beskyttelse &#8211; beskytter mod skadelige str\u00e5ler.<\/p>\n<p data-start=\"472\" data-end=\"514\">\ud83d\udee1\ufe0f Polariserede linser &#8211; reducerer bl\u00e6nding.<\/p>\n<p data-start=\"472\" data-end=\"514\">\ud83d\udcbb Reduktion af bl\u00e5t lys &#8211; mindre digital \u00f8jetr\u00e6thed.<\/p>\n<p data-start=\"576\" data-end=\"630\">\ud83c\udf17 Dag- og natbrug &#8211; fleksibel lysstyrkekontrol.<\/p>\n<p data-start=\"633\" data-end=\"678\">\ud83d\udc53 Komfortabel pasform &#8211; Letv\u00e6gtsdesign.<\/p>\n<p data-start=\"681\" data-end=\"723\">\ud83d\udd29 Metalstel &#8211; Holdbart og stilfuldt.<\/p>\n<p data-start=\"726\" data-end=\"770\">\u2728 Retro rund stil &#8211; Moderigtigt look.<\/p>\n<p data-start=\"726\" data-end=\"770\"><img decoding=\"async\" class=\"size-full wp-image-25261 aligncenter\" src=\"https:\/\/mekulo.com\/template\/wp-content\/uploads\/sites\/6\/2026\/02\/S71ef307b4ab04ac58329e3628b469203P.jpg_960x960q75.jpg_.avif\" alt=\"\" width=\"960\" height=\"960\" \/><\/p>\n<h2 style=\"text-align: center\" data-start=\"777\" data-end=\"795\"><strong>S\u00e5dan Bruges \ud83d\udccc<\/strong><\/h2>\n<ol data-start=\"797\" data-end=\"961\">\n<li data-start=\"797\" data-end=\"831\">\n<p data-start=\"800\" data-end=\"831\">B\u00e6r solbrillerne normalt.<\/p>\n<\/li>\n<li data-start=\"832\" data-end=\"879\">\n<p data-start=\"835\" data-end=\"879\">Drej linseringen for at justere lysstyrken.<\/p>\n<\/li>\n<li data-start=\"880\" data-end=\"925\">\n<p data-start=\"883\" data-end=\"925\">V\u00e6lg lysere eller m\u00f8rkere farvetone efter behov.<\/p>\n<\/li>\n<li data-start=\"926\" data-end=\"961\">\n<p data-start=\"929\" data-end=\"961\">Nyd klart, behageligt syn.<\/p>\n<\/li>\n<\/ol>\n<h2 style=\"text-align: center\"><strong>Produktdetaljer \ud83d\udccf<\/strong><\/h2>\n<ul data-start=\"993\" data-end=\"1399\">\n<li data-start=\"1060\" data-end=\"1099\">\n<p data-start=\"1062\" data-end=\"1099\">Frame style: Rund \/ fuld ramme<\/p>\n<\/li>\n<li data-start=\"1100\" data-end=\"1129\">\n<p data-start=\"1102\" data-end=\"1129\">Stelmateriale: Aluminium-magnesium + rustfrit st\u00e5l<\/p>\n<\/li>\n<li data-start=\"1130\" data-end=\"1155\">\n<p data-start=\"1132\" data-end=\"1155\">Linser: Tac polariseret<\/p>\n<\/li>\n<li data-start=\"1181\" data-end=\"1209\">\n<p data-start=\"1183\" data-end=\"1209\">UV-modstand: UV400<\/p>\n<\/li>\n<li data-start=\"1210\" data-end=\"1257\">\n<p data-start=\"1212\" data-end=\"1257\">Lysgennemtr\u00e6ngelighed: Klasse 2 (solsk\u00e6rm)<\/p>\n<\/li>\n<li data-start=\"1258\" data-end=\"1288\">\n<p data-start=\"1260\" data-end=\"1288\">St\u00f8rrelse: 146 x 140 x 5 mm<\/p>\n<\/li>\n<li data-start=\"1337\" data-end=\"1399\">\n<p data-start=\"1339\" data-end=\"1399\">Velegnet til: Solbeskyttelse, fiskeri, cykling, rejser<\/p>\n<\/li>\n<\/ul>\n<h2 style=\"text-align: center\" data-start=\"1406\" data-end=\"1430\"><strong>Pakken Indeholder \ud83d\udce6<\/strong><\/h2>\n<ul data-start=\"1432\" data-end=\"1465\">\n<li data-start=\"1432\" data-end=\"1465\">\n<p data-start=\"1434\" data-end=\"1465\">1x justerbare tonede runde polariserede solbriller.<\/p>\n<\/li>\n<\/ul>\n","protected":false},"excerpt":{"rendered":"<p>\ud83d\udd76\ufe0fThis justerbare tonede runde polariserede solbriller giver dig mulighed for at styre linsens m\u00f8rke med en simpel rotation.<br \/>\n\ud83c\udf1eIndbyggede ND-filtre reducerer bl\u00e6nding og belastning af \u00f8jnene i st\u00e6rk sol. Stilfuldt retrodesign m\u00f8der moderne \u00f8jenbeskyttelse.<br \/>\n\ud83d\ude0eSmart lysstyring med fremtr\u00e6dende retrostil.<\/p>\n","protected":false},"featured_media":24695,"comment_status":"open","ping_status":"closed","template":"","meta":{"site-sidebar-layout":"default","site-content-layout":"","ast-site-content-layout":"default","site-content-style":"default","site-sidebar-style":"default","ast-global-header-display":"","ast-banner-title-visibility":"","ast-main-header-display":"","ast-hfb-above-header-display":"","ast-hfb-below-header-display":"","ast-hfb-mobile-header-display":"","site-post-title":"","ast-breadcrumbs-content":"","ast-featured-img":"","footer-sml-layout":"","theme-transparent-header-meta":"default","adv-header-id-meta":"","stick-header-meta":"","header-above-stick-meta":"","header-main-stick-meta":"","header-below-stick-meta":"","astra-migrate-meta-layouts":"set","ast-page-background-enabled":"default","ast-page-background-meta":{"desktop":{"background-color":"var(--ast-global-color-5)","background-image":"","background-repeat":"repeat","background-position":"center center","background-size":"auto","background-attachment":"scroll","background-type":"","background-media":"","overlay-type":"","overlay-color":"","overlay-opacity":"","overlay-gradient":""},"tablet":{"background-color":"","background-image":"","background-repeat":"repeat","background-position":"center center","background-size":"auto","background-attachment":"scroll","background-type":"","background-media":"","overlay-type":"","overlay-color":"","overlay-opacity":"","overlay-gradient":""},"mobile":{"background-color":"","background-image":"","background-repeat":"repeat","background-position":"center center","background-size":"auto","background-attachment":"scroll","background-type":"","background-media":"","overlay-type":"","overlay-color":"","overlay-opacity":"","overlay-gradient":""}},"ast-content-background-meta":{"desktop":{"background-color":"var(--ast-global-color-4)","background-image":"","background-repeat":"repeat","background-position":"center center","background-size":"auto","background-attachment":"scroll","background-type":"","background-media":"","overlay-type":"","overlay-color":"","overlay-opacity":"","overlay-gradient":""},"tablet":{"background-color":"var(--ast-global-color-4)","background-image":"","background-repeat":"repeat","background-position":"center center","background-size":"auto","background-attachment":"scroll","background-type":"","background-media":"","overlay-type":"","overlay-color":"","overlay-opacity":"","overlay-gradient":""},"mobile":{"background-color":"var(--ast-global-color-4)","background-image":"","background-repeat":"repeat","background-position":"center center","background-size":"auto","background-attachment":"scroll","background-type":"","background-media":"","overlay-type":"","overlay-color":"","overlay-opacity":"","overlay-gradient":""}}},"product_brand":[],"product_cat":[165],"product_tag":[],"class_list":{"0":"post-24699","1":"product","2":"type-product","3":"status-publish","4":"has-post-thumbnail","6":"product_cat-fodtoej-tilbehoer","7":"pa_49146_nr4aoeni-guld","8":"pa_49146_nr4aoeni-soelv","9":"pa_49146_nr4aoeni-sort","10":"desktop-align-left","11":"tablet-align-left","12":"mobile-align-left","14":"first","15":"instock","16":"shipping-taxable","17":"purchasable","18":"product-type-variable"},"yoast_head":"<!-- This site is optimized with the Yoast SEO plugin v26.6 - https:\/\/yoast.com\/wordpress\/plugins\/seo\/ -->\n<title>Justerbare tonede runde polariserede solbriller - Mekulo DK<\/title>\n<meta name=\"robots\" content=\"index, follow, max-snippet:-1, max-image-preview:large, max-video-preview:-1\" \/>\n<link rel=\"canonical\" href=\"https:\/\/mekulo.com\/dk\/produkt\/justerbare-tonede-runde-polariserede-solbriller\/\" \/>\n<meta property=\"og:locale\" content=\"da_DK\" \/>\n<meta property=\"og:type\" content=\"article\" \/>\n<meta property=\"og:title\" content=\"Justerbare tonede runde polariserede solbriller - Mekulo DK\" \/>\n<meta property=\"og:description\" content=\"\ud83d\udd76\ufe0fThis justerbare tonede runde polariserede solbriller giver dig mulighed for at styre linsens m\u00f8rke med en simpel rotation. \ud83c\udf1eIndbyggede ND-filtre reducerer bl\u00e6nding og belastning af \u00f8jnene i st\u00e6rk sol. Stilfuldt retrodesign m\u00f8der moderne \u00f8jenbeskyttelse. \ud83d\ude0eSmart lysstyring med fremtr\u00e6dende retrostil.\" \/>\n<meta property=\"og:url\" content=\"https:\/\/mekulo.com\/dk\/produkt\/justerbare-tonede-runde-polariserede-solbriller\/\" \/>\n<meta property=\"og:site_name\" content=\"Mekulo DK\" \/>\n<meta property=\"article:modified_time\" content=\"2026-03-02T10:32:55+00:00\" \/>\n<meta property=\"og:image\" content=\"https:\/\/mekulo.com\/dk\/wp-content\/uploads\/sites\/12\/2026\/02\/vvdaflf-1.jpg\" \/>\n\t<meta property=\"og:image:width\" content=\"700\" \/>\n\t<meta property=\"og:image:height\" content=\"700\" \/>\n\t<meta property=\"og:image:type\" content=\"image\/jpeg\" \/>\n<meta name=\"twitter:card\" content=\"summary_large_image\" \/>\n<meta name=\"twitter:label1\" content=\"Estimeret l\u00e6setid\" \/>\n\t<meta name=\"twitter:data1\" content=\"2 minutter\" \/>\n<script type=\"application\/ld+json\" class=\"yoast-schema-graph\">{\"@context\":\"https:\/\/schema.org\",\"@graph\":[{\"@type\":\"WebPage\",\"@id\":\"https:\/\/mekulo.com\/dk\/produkt\/justerbare-tonede-runde-polariserede-solbriller\/\",\"url\":\"https:\/\/mekulo.com\/dk\/produkt\/justerbare-tonede-runde-polariserede-solbriller\/\",\"name\":\"Justerbare tonede runde polariserede solbriller - Mekulo DK\",\"isPartOf\":{\"@id\":\"https:\/\/mekulo.com\/dk\/#website\"},\"primaryImageOfPage\":{\"@id\":\"https:\/\/mekulo.com\/dk\/produkt\/justerbare-tonede-runde-polariserede-solbriller\/#primaryimage\"},\"image\":{\"@id\":\"https:\/\/mekulo.com\/dk\/produkt\/justerbare-tonede-runde-polariserede-solbriller\/#primaryimage\"},\"thumbnailUrl\":\"https:\/\/mekulo.com\/dk\/wp-content\/uploads\/sites\/12\/2026\/02\/vvdaflf-1.jpg\",\"datePublished\":\"2026-02-17T06:41:15+00:00\",\"dateModified\":\"2026-03-02T10:32:55+00:00\",\"breadcrumb\":{\"@id\":\"https:\/\/mekulo.com\/dk\/produkt\/justerbare-tonede-runde-polariserede-solbriller\/#breadcrumb\"},\"inLanguage\":\"da-DK\",\"potentialAction\":[{\"@type\":\"ReadAction\",\"target\":[\"https:\/\/mekulo.com\/dk\/produkt\/justerbare-tonede-runde-polariserede-solbriller\/\"]}]},{\"@type\":\"ImageObject\",\"inLanguage\":\"da-DK\",\"@id\":\"https:\/\/mekulo.com\/dk\/produkt\/justerbare-tonede-runde-polariserede-solbriller\/#primaryimage\",\"url\":\"https:\/\/mekulo.com\/dk\/wp-content\/uploads\/sites\/12\/2026\/02\/vvdaflf-1.jpg\",\"contentUrl\":\"https:\/\/mekulo.com\/dk\/wp-content\/uploads\/sites\/12\/2026\/02\/vvdaflf-1.jpg\",\"width\":700,\"height\":700},{\"@type\":\"BreadcrumbList\",\"@id\":\"https:\/\/mekulo.com\/dk\/produkt\/justerbare-tonede-runde-polariserede-solbriller\/#breadcrumb\",\"itemListElement\":[{\"@type\":\"ListItem\",\"position\":1,\"name\":\"Home\",\"item\":\"https:\/\/mekulo.com\/dk\/\"},{\"@type\":\"ListItem\",\"position\":2,\"name\":\"Butik\",\"item\":\"https:\/\/mekulo.com\/dk\/butik\/\"},{\"@type\":\"ListItem\",\"position\":3,\"name\":\"Justerbare tonede runde polariserede solbriller\"}]},{\"@type\":\"WebSite\",\"@id\":\"https:\/\/mekulo.com\/dk\/#website\",\"url\":\"https:\/\/mekulo.com\/dk\/\",\"name\":\"Mekulo DK\",\"description\":\"\",\"publisher\":{\"@id\":\"https:\/\/mekulo.com\/dk\/#organization\"},\"potentialAction\":[{\"@type\":\"SearchAction\",\"target\":{\"@type\":\"EntryPoint\",\"urlTemplate\":\"https:\/\/mekulo.com\/dk\/?s={search_term_string}\"},\"query-input\":{\"@type\":\"PropertyValueSpecification\",\"valueRequired\":true,\"valueName\":\"search_term_string\"}}],\"inLanguage\":\"da-DK\"},{\"@type\":\"Organization\",\"@id\":\"https:\/\/mekulo.com\/dk\/#organization\",\"name\":\"Mekulo\",\"url\":\"https:\/\/mekulo.com\/dk\/\",\"logo\":{\"@type\":\"ImageObject\",\"inLanguage\":\"da-DK\",\"@id\":\"https:\/\/mekulo.com\/dk\/#\/schema\/logo\/image\/\",\"url\":\"https:\/\/mekulo.com\/dk\/wp-content\/uploads\/sites\/12\/2025\/12\/favicon_mekulo.png\",\"contentUrl\":\"https:\/\/mekulo.com\/dk\/wp-content\/uploads\/sites\/12\/2025\/12\/favicon_mekulo.png\",\"width\":50,\"height\":50,\"caption\":\"Mekulo\"},\"image\":{\"@id\":\"https:\/\/mekulo.com\/dk\/#\/schema\/logo\/image\/\"}}]}<\/script>\n<!-- \/ Yoast SEO plugin. -->","yoast_head_json":{"title":"Justerbare tonede runde polariserede solbriller - Mekulo DK","robots":{"index":"index","follow":"follow","max-snippet":"max-snippet:-1","max-image-preview":"max-image-preview:large","max-video-preview":"max-video-preview:-1"},"canonical":"https:\/\/mekulo.com\/dk\/produkt\/justerbare-tonede-runde-polariserede-solbriller\/","og_locale":"da_DK","og_type":"article","og_title":"Justerbare tonede runde polariserede solbriller - Mekulo DK","og_description":"\ud83d\udd76\ufe0fThis justerbare tonede runde polariserede solbriller giver dig mulighed for at styre linsens m\u00f8rke med en simpel rotation. \ud83c\udf1eIndbyggede ND-filtre reducerer bl\u00e6nding og belastning af \u00f8jnene i st\u00e6rk sol. Stilfuldt retrodesign m\u00f8der moderne \u00f8jenbeskyttelse. \ud83d\ude0eSmart lysstyring med fremtr\u00e6dende retrostil.","og_url":"https:\/\/mekulo.com\/dk\/produkt\/justerbare-tonede-runde-polariserede-solbriller\/","og_site_name":"Mekulo DK","article_modified_time":"2026-03-02T10:32:55+00:00","og_image":[{"width":700,"height":700,"url":"https:\/\/mekulo.com\/dk\/wp-content\/uploads\/sites\/12\/2026\/02\/vvdaflf-1.jpg","type":"image\/jpeg"}],"twitter_card":"summary_large_image","twitter_misc":{"Estimeret l\u00e6setid":"2 minutter"},"schema":{"@context":"https:\/\/schema.org","@graph":[{"@type":"WebPage","@id":"https:\/\/mekulo.com\/dk\/produkt\/justerbare-tonede-runde-polariserede-solbriller\/","url":"https:\/\/mekulo.com\/dk\/produkt\/justerbare-tonede-runde-polariserede-solbriller\/","name":"Justerbare tonede runde polariserede solbriller - Mekulo DK","isPartOf":{"@id":"https:\/\/mekulo.com\/dk\/#website"},"primaryImageOfPage":{"@id":"https:\/\/mekulo.com\/dk\/produkt\/justerbare-tonede-runde-polariserede-solbriller\/#primaryimage"},"image":{"@id":"https:\/\/mekulo.com\/dk\/produkt\/justerbare-tonede-runde-polariserede-solbriller\/#primaryimage"},"thumbnailUrl":"https:\/\/mekulo.com\/dk\/wp-content\/uploads\/sites\/12\/2026\/02\/vvdaflf-1.jpg","datePublished":"2026-02-17T06:41:15+00:00","dateModified":"2026-03-02T10:32:55+00:00","breadcrumb":{"@id":"https:\/\/mekulo.com\/dk\/produkt\/justerbare-tonede-runde-polariserede-solbriller\/#breadcrumb"},"inLanguage":"da-DK","potentialAction":[{"@type":"ReadAction","target":["https:\/\/mekulo.com\/dk\/produkt\/justerbare-tonede-runde-polariserede-solbriller\/"]}]},{"@type":"ImageObject","inLanguage":"da-DK","@id":"https:\/\/mekulo.com\/dk\/produkt\/justerbare-tonede-runde-polariserede-solbriller\/#primaryimage","url":"https:\/\/mekulo.com\/dk\/wp-content\/uploads\/sites\/12\/2026\/02\/vvdaflf-1.jpg","contentUrl":"https:\/\/mekulo.com\/dk\/wp-content\/uploads\/sites\/12\/2026\/02\/vvdaflf-1.jpg","width":700,"height":700},{"@type":"BreadcrumbList","@id":"https:\/\/mekulo.com\/dk\/produkt\/justerbare-tonede-runde-polariserede-solbriller\/#breadcrumb","itemListElement":[{"@type":"ListItem","position":1,"name":"Home","item":"https:\/\/mekulo.com\/dk\/"},{"@type":"ListItem","position":2,"name":"Butik","item":"https:\/\/mekulo.com\/dk\/butik\/"},{"@type":"ListItem","position":3,"name":"Justerbare tonede runde polariserede solbriller"}]},{"@type":"WebSite","@id":"https:\/\/mekulo.com\/dk\/#website","url":"https:\/\/mekulo.com\/dk\/","name":"Mekulo DK","description":"","publisher":{"@id":"https:\/\/mekulo.com\/dk\/#organization"},"potentialAction":[{"@type":"SearchAction","target":{"@type":"EntryPoint","urlTemplate":"https:\/\/mekulo.com\/dk\/?s={search_term_string}"},"query-input":{"@type":"PropertyValueSpecification","valueRequired":true,"valueName":"search_term_string"}}],"inLanguage":"da-DK"},{"@type":"Organization","@id":"https:\/\/mekulo.com\/dk\/#organization","name":"Mekulo","url":"https:\/\/mekulo.com\/dk\/","logo":{"@type":"ImageObject","inLanguage":"da-DK","@id":"https:\/\/mekulo.com\/dk\/#\/schema\/logo\/image\/","url":"https:\/\/mekulo.com\/dk\/wp-content\/uploads\/sites\/12\/2025\/12\/favicon_mekulo.png","contentUrl":"https:\/\/mekulo.com\/dk\/wp-content\/uploads\/sites\/12\/2025\/12\/favicon_mekulo.png","width":50,"height":50,"caption":"Mekulo"},"image":{"@id":"https:\/\/mekulo.com\/dk\/#\/schema\/logo\/image\/"}}]}},"_links":{"self":[{"href":"https:\/\/mekulo.com\/dk\/wp-json\/wp\/v2\/product\/24699","targetHints":{"allow":["GET"]}}],"collection":[{"href":"https:\/\/mekulo.com\/dk\/wp-json\/wp\/v2\/product"}],"about":[{"href":"https:\/\/mekulo.com\/dk\/wp-json\/wp\/v2\/types\/product"}],"replies":[{"embeddable":true,"href":"https:\/\/mekulo.com\/dk\/wp-json\/wp\/v2\/comments?post=24699"}],"wp:featuredmedia":[{"embeddable":true,"href":"https:\/\/mekulo.com\/dk\/wp-json\/wp\/v2\/media\/24695"}],"wp:attachment":[{"href":"https:\/\/mekulo.com\/dk\/wp-json\/wp\/v2\/media?parent=24699"}],"wp:term":[{"taxonomy":"product_brand","embeddable":true,"href":"https:\/\/mekulo.com\/dk\/wp-json\/wp\/v2\/product_brand?post=24699"},{"taxonomy":"product_cat","embeddable":true,"href":"https:\/\/mekulo.com\/dk\/wp-json\/wp\/v2\/product_cat?post=24699"},{"taxonomy":"product_tag","embeddable":true,"href":"https:\/\/mekulo.com\/dk\/wp-json\/wp\/v2\/product_tag?post=24699"}],"curies":[{"name":"wp","href":"https:\/\/api.w.org\/{rel}","templated":true}]}}