{"id":24677,"date":"2026-02-17T08:39:50","date_gmt":"2026-02-17T06:39:50","guid":{"rendered":"https:\/\/mekulo.com\/dk\/produkt\/nethandske-i-rustfrit-staal\/"},"modified":"2026-03-02T15:06:29","modified_gmt":"2026-03-02T13:06:29","slug":"nethandske-i-rustfrit-staal","status":"publish","type":"product","link":"https:\/\/mekulo.com\/dk\/produkt\/nethandske-i-rustfrit-staal\/","title":{"rendered":"Nethandske i rustfrit st\u00e5l"},"content":{"rendered":"<p style=\"text-align: center\" data-start=\"41\" data-end=\"88\"><strong data-start=\"41\" data-end=\"88\">Maksimal Snitbeskyttelse For Mere Sikkert H\u00e5ndarbejde. \ud83d\udd2a<\/strong><\/p>\n<p data-start=\"41\" data-end=\"88\"><img fetchpriority=\"high\" decoding=\"async\" class=\"size-full wp-image-25242 aligncenter\" src=\"https:\/\/mekulo.com\/template\/wp-content\/uploads\/sites\/6\/2026\/02\/S1dc761db55914ef9ba6e57b1022be929a.jpg_960x960q75.jpg_.avif\" alt=\"\" width=\"960\" height=\"692\" \/><\/p>\n<h2 style=\"text-align: center\" data-start=\"345\" data-end=\"366\">Hovedfordele \u270b<\/h2>\n<p data-start=\"370\" data-end=\"422\">\ud83d\udee1\ufe0f ANSI A9 snitniveau &#8211; H\u00f8jeste snitmodstand.<\/p>\n<p data-start=\"425\" data-end=\"487\">\ud83d\udd29 316L rustfrit st\u00e5l &#8211; St\u00e6rk og korrosionsbestandig.<\/p>\n<p data-start=\"490\" data-end=\"543\">\u270b Fuld h\u00e5ndd\u00e6kning &#8211; Beskyttelse af h\u00e5ndflade og ryg.<\/p>\n<p data-start=\"546\" data-end=\"590\">\ud83d\udc4c Behagelig pasform &#8211; Forb\u00f8jet design.<\/p>\n<p data-start=\"593\" data-end=\"644\">\ud83d\udd04 Ambidekstral brug &#8211; Passer til h\u00f8jre eller venstre h\u00e5nd.<\/p>\n<p data-start=\"647\" data-end=\"711\">\ud83d\udca7 Fantastisk v\u00e5dt &amp; t\u00f8rt greb &#8211; Bedre kontrol over glatte genstande.<\/p>\n<p data-start=\"714\" data-end=\"764\">\ud83e\uddfc Let at reng\u00f8re &#8211; Kan vaskes, t\u00e5ler opvaskemaskine.<\/p>\n<p data-start=\"767\" data-end=\"815\">\ud83c\udf31 Milj\u00f8venligt materiale &#8211; 100 % genanvendeligt.<\/p>\n<p data-start=\"818\" data-end=\"873\">\ud83c\udf7d\ufe0f F\u00f8devaregodkendt &#8211; Sikker til h\u00e5ndtering af f\u00f8devarer.<\/p>\n<h2><\/h2>\n<h2 style=\"text-align: center\" data-start=\"818\" data-end=\"873\">St\u00f8rrelsesguide<\/h2>\n<table>\n<thead>\n<tr>\n<th>St\u00f8rrelse<\/th>\n<th>Total l\u00e6ngde<\/th>\n<th>Bredde<\/th>\n<\/tr>\n<\/thead>\n<tbody>\n<tr>\n<td>XS<\/td>\n<td>220 mm<\/td>\n<td>100 mm<\/td>\n<\/tr>\n<tr>\n<td>S<\/td>\n<td>235 mm<\/td>\n<td>105 mm<\/td>\n<\/tr>\n<tr>\n<td>M<\/td>\n<td>245 mm<\/td>\n<td>107 mm<\/td>\n<\/tr>\n<tr>\n<td>L<\/td>\n<td>250 mm<\/td>\n<td>110 mm<\/td>\n<\/tr>\n<tr>\n<td>XL<\/td>\n<td>255 mm<\/td>\n<td>112 mm<\/td>\n<\/tr>\n<tr>\n<td>XXL<\/td>\n<td>265 mm<\/td>\n<td>115 mm<\/td>\n<\/tr>\n<tr>\n<td>XXXL<\/td>\n<td>275 mm<\/td>\n<td>120 mm<\/td>\n<\/tr>\n<\/tbody>\n<\/table>\n<h2 style=\"text-align: center\" data-start=\"880\" data-end=\"898\">Anvendelse \ud83d\udccc<\/h2>\n<ol data-start=\"900\" data-end=\"1133\">\n<li data-start=\"900\" data-end=\"951\">\n<p data-start=\"903\" data-end=\"951\">S\u00e6t handsken p\u00e5 den h\u00e5nd, du vil beskytte.<\/p>\n<\/li>\n<li data-start=\"952\" data-end=\"999\">\n<p data-start=\"955\" data-end=\"999\">Juster h\u00e5ndledslukningen for en sikker pasform.<\/p>\n<\/li>\n<li data-start=\"1000\" data-end=\"1055\">\n<p data-start=\"1003\" data-end=\"1055\">Brug den indre nylonhandske, hvis det \u00f8nskes for komfort.<\/p>\n<\/li>\n<li data-start=\"1056\" data-end=\"1113\">\n<p data-start=\"1059\" data-end=\"1113\">Udf\u00f8r sk\u00e6re-, afskallings- eller h\u00e5ndteringsopgaver sikkert.<\/p>\n<\/li>\n<li data-start=\"1114\" data-end=\"1133\">\n<p data-start=\"1117\" data-end=\"1133\">Reng\u00f8r efter brug.<\/p>\n<\/li>\n<\/ol>\n<h2 style=\"text-align: center\" data-start=\"1140\" data-end=\"1163\">Produktoplysninger \ud83d\udccf<\/h2>\n<ul data-start=\"1165\" data-end=\"1461\">\n<li data-start=\"1214\" data-end=\"1252\">\n<p data-start=\"1216\" data-end=\"1252\">Materiale: 316L rustfrit st\u00e5l<\/p>\n<\/li>\n<li data-start=\"1253\" data-end=\"1290\">\n<p data-start=\"1255\" data-end=\"1290\">Snitstyrke: ANSI A9-niveau<\/p>\n<\/li>\n<li data-start=\"1291\" data-end=\"1312\">\n<p data-start=\"1293\" data-end=\"1312\">V\u00e6gt: 145 g<\/p>\n<\/li>\n<li data-start=\"1313\" data-end=\"1332\">\n<p data-start=\"1315\" data-end=\"1332\">Farve: Gr\u00e5<\/p>\n<\/li>\n<li data-start=\"1333\" data-end=\"1358\">\n<p data-start=\"1335\" data-end=\"1358\">Pasform: Ambidextrous<\/p>\n<\/li>\n<li data-start=\"1359\" data-end=\"1398\">\n<p data-start=\"1361\" data-end=\"1398\">Lukning: Justerbar h\u00e5ndledsrem<\/p>\n<\/li>\n<li data-start=\"1399\" data-end=\"1461\">\n<p data-start=\"1401\" data-end=\"1461\">Brug til: K\u00f8kken, slagteri, tilberedning af fisk og skaldyr, fabriksarbejde<\/p>\n<\/li>\n<li data-start=\"1399\" data-end=\"1461\">St\u00f8rrelse: XS, S, M, L, XL, XXL<\/li>\n<\/ul>\n<h2 style=\"text-align: center\" data-start=\"1468\" data-end=\"1492\">Pakken Indeholder \ud83d\udce6<\/h2>\n<ul data-start=\"1494\" data-end=\"1528\">\n<li data-start=\"1494\" data-end=\"1528\">\n<p data-start=\"1496\" data-end=\"1528\">1x nethandske i rustfrit st\u00e5l.<\/p>\n<\/li>\n<\/ul>\n","protected":false},"excerpt":{"rendered":"<p style=\"text-align: left\" data-start=\"90\" data-end=\"338\">\ud83d\udd90\ufe0fThis nethandske i rustfrit st\u00e5l beskytter din h\u00e5nd mod knive og skarpe redskaber.<br \/>\n\ud83d\udd2aLavet af fin 316L rustfri st\u00e5ltr\u00e5d, giver den ekstrem sk\u00e6refasthed og langvarig holdbarhed.<br \/>\n\ud83d\udc68\u200d\ud83d\udd27Ideal til k\u00f8kken, slagteri, fiskerensning og industrielle opgaver. P\u00e5lidelig beskyttelse for sikrere og mere selvsikkert arbejde.<\/p>\n<h2 style=\"text-align: center\" data-start=\"345\" data-end=\"366\"><\/h2>\n","protected":false},"featured_media":24673,"comment_status":"open","ping_status":"closed","template":"","meta":{"site-sidebar-layout":"default","site-content-layout":"","ast-site-content-layout":"default","site-content-style":"default","site-sidebar-style":"default","ast-global-header-display":"","ast-banner-title-visibility":"","ast-main-header-display":"","ast-hfb-above-header-display":"","ast-hfb-below-header-display":"","ast-hfb-mobile-header-display":"","site-post-title":"","ast-breadcrumbs-content":"","ast-featured-img":"","footer-sml-layout":"","ast-disable-related-posts":"","theme-transparent-header-meta":"default","adv-header-id-meta":"","stick-header-meta":"","header-above-stick-meta":"","header-main-stick-meta":"","header-below-stick-meta":"","astra-migrate-meta-layouts":"set","ast-page-background-enabled":"default","ast-page-background-meta":{"desktop":{"background-color":"var(--ast-global-color-5)","background-image":"","background-repeat":"repeat","background-position":"center center","background-size":"auto","background-attachment":"scroll","background-type":"","background-media":"","overlay-type":"","overlay-color":"","overlay-opacity":"","overlay-gradient":""},"tablet":{"background-color":"","background-image":"","background-repeat":"repeat","background-position":"center center","background-size":"auto","background-attachment":"scroll","background-type":"","background-media":"","overlay-type":"","overlay-color":"","overlay-opacity":"","overlay-gradient":""},"mobile":{"background-color":"","background-image":"","background-repeat":"repeat","background-position":"center center","background-size":"auto","background-attachment":"scroll","background-type":"","background-media":"","overlay-type":"","overlay-color":"","overlay-opacity":"","overlay-gradient":""}},"ast-content-background-meta":{"desktop":{"background-color":"var(--ast-global-color-4)","background-image":"","background-repeat":"repeat","background-position":"center center","background-size":"auto","background-attachment":"scroll","background-type":"","background-media":"","overlay-type":"","overlay-color":"","overlay-opacity":"","overlay-gradient":""},"tablet":{"background-color":"var(--ast-global-color-4)","background-image":"","background-repeat":"repeat","background-position":"center center","background-size":"auto","background-attachment":"scroll","background-type":"","background-media":"","overlay-type":"","overlay-color":"","overlay-opacity":"","overlay-gradient":""},"mobile":{"background-color":"var(--ast-global-color-4)","background-image":"","background-repeat":"repeat","background-position":"center center","background-size":"auto","background-attachment":"scroll","background-type":"","background-media":"","overlay-type":"","overlay-color":"","overlay-opacity":"","overlay-gradient":""}}},"product_brand":[],"product_cat":[168],"product_tag":[],"class_list":{"0":"post-24677","1":"product","2":"type-product","3":"status-publish","4":"has-post-thumbnail","6":"product_cat-husholdningsartikler","7":"pa_60220_s17s35ov-l","8":"pa_60220_s17s35ov-m","9":"pa_60220_s17s35ov-s","10":"pa_60220_s17s35ov-xl","11":"pa_60220_s17s35ov-xs","12":"pa_60220_s17s35ov-xxl","13":"desktop-align-left","14":"tablet-align-left","15":"mobile-align-left","17":"first","18":"instock","19":"shipping-taxable","20":"purchasable","21":"product-type-variable"},"yoast_head":"<!-- This site is optimized with the Yoast SEO plugin v27.4 - https:\/\/yoast.com\/product\/yoast-seo-wordpress\/ -->\n<title>Nethandske i rustfrit st\u00e5l - Mekulo DK<\/title>\n<meta name=\"robots\" content=\"index, follow, max-snippet:-1, max-image-preview:large, max-video-preview:-1\" \/>\n<link rel=\"canonical\" href=\"https:\/\/mekulo.com\/dk\/produkt\/nethandske-i-rustfrit-staal\/\" \/>\n<meta property=\"og:locale\" content=\"fi_FI\" \/>\n<meta property=\"og:type\" content=\"article\" \/>\n<meta property=\"og:title\" content=\"Nethandske i rustfrit st\u00e5l - Mekulo DK\" \/>\n<meta property=\"og:description\" content=\"\ud83d\udd90\ufe0fThis nethandske i rustfrit st\u00e5l beskytter din h\u00e5nd mod knive og skarpe redskaber. \ud83d\udd2aLavet af fin 316L rustfri st\u00e5ltr\u00e5d, giver den ekstrem sk\u00e6refasthed og langvarig holdbarhed. \ud83d\udc68\u200d\ud83d\udd27Ideal til k\u00f8kken, slagteri, fiskerensning og industrielle opgaver. P\u00e5lidelig beskyttelse for sikrere og mere selvsikkert arbejde.\" \/>\n<meta property=\"og:url\" content=\"https:\/\/mekulo.com\/dk\/produkt\/nethandske-i-rustfrit-staal\/\" \/>\n<meta property=\"og:site_name\" content=\"Mekulo DK\" \/>\n<meta property=\"article:modified_time\" content=\"2026-03-02T13:06:29+00:00\" \/>\n<meta property=\"og:image\" content=\"https:\/\/mekulo.com\/dk\/wp-content\/uploads\/sites\/12\/2026\/02\/um1lzub-1.jpg\" \/>\n\t<meta property=\"og:image:width\" content=\"600\" \/>\n\t<meta property=\"og:image:height\" content=\"600\" \/>\n\t<meta property=\"og:image:type\" content=\"image\/jpeg\" \/>\n<meta name=\"twitter:card\" content=\"summary_large_image\" \/>\n<meta name=\"twitter:label1\" content=\"Arvioitu lukuaika\" \/>\n\t<meta name=\"twitter:data1\" content=\"2 minuuttia\" \/>\n<script type=\"application\/ld+json\" class=\"yoast-schema-graph\">{\"@context\":\"https:\\\/\\\/schema.org\",\"@graph\":[{\"@type\":\"WebPage\",\"@id\":\"https:\\\/\\\/mekulo.com\\\/dk\\\/produkt\\\/nethandske-i-rustfrit-staal\\\/\",\"url\":\"https:\\\/\\\/mekulo.com\\\/dk\\\/produkt\\\/nethandske-i-rustfrit-staal\\\/\",\"name\":\"Nethandske i rustfrit st\u00e5l - Mekulo DK\",\"isPartOf\":{\"@id\":\"https:\\\/\\\/mekulo.com\\\/dk\\\/#website\"},\"primaryImageOfPage\":{\"@id\":\"https:\\\/\\\/mekulo.com\\\/dk\\\/produkt\\\/nethandske-i-rustfrit-staal\\\/#primaryimage\"},\"image\":{\"@id\":\"https:\\\/\\\/mekulo.com\\\/dk\\\/produkt\\\/nethandske-i-rustfrit-staal\\\/#primaryimage\"},\"thumbnailUrl\":\"https:\\\/\\\/mekulo.com\\\/dk\\\/wp-content\\\/uploads\\\/sites\\\/12\\\/2026\\\/02\\\/um1lzub-1.jpg\",\"datePublished\":\"2026-02-17T06:39:50+00:00\",\"dateModified\":\"2026-03-02T13:06:29+00:00\",\"breadcrumb\":{\"@id\":\"https:\\\/\\\/mekulo.com\\\/dk\\\/produkt\\\/nethandske-i-rustfrit-staal\\\/#breadcrumb\"},\"inLanguage\":\"fi\",\"potentialAction\":[{\"@type\":\"ReadAction\",\"target\":[\"https:\\\/\\\/mekulo.com\\\/dk\\\/produkt\\\/nethandske-i-rustfrit-staal\\\/\"]}]},{\"@type\":\"ImageObject\",\"inLanguage\":\"fi\",\"@id\":\"https:\\\/\\\/mekulo.com\\\/dk\\\/produkt\\\/nethandske-i-rustfrit-staal\\\/#primaryimage\",\"url\":\"https:\\\/\\\/mekulo.com\\\/dk\\\/wp-content\\\/uploads\\\/sites\\\/12\\\/2026\\\/02\\\/um1lzub-1.jpg\",\"contentUrl\":\"https:\\\/\\\/mekulo.com\\\/dk\\\/wp-content\\\/uploads\\\/sites\\\/12\\\/2026\\\/02\\\/um1lzub-1.jpg\",\"width\":600,\"height\":600},{\"@type\":\"BreadcrumbList\",\"@id\":\"https:\\\/\\\/mekulo.com\\\/dk\\\/produkt\\\/nethandske-i-rustfrit-staal\\\/#breadcrumb\",\"itemListElement\":[{\"@type\":\"ListItem\",\"position\":1,\"name\":\"Home\",\"item\":\"https:\\\/\\\/mekulo.com\\\/dk\\\/\"},{\"@type\":\"ListItem\",\"position\":2,\"name\":\"Butik\",\"item\":\"https:\\\/\\\/mekulo.com\\\/dk\\\/butik\\\/\"},{\"@type\":\"ListItem\",\"position\":3,\"name\":\"Nethandske i rustfrit st\u00e5l\"}]},{\"@type\":\"WebSite\",\"@id\":\"https:\\\/\\\/mekulo.com\\\/dk\\\/#website\",\"url\":\"https:\\\/\\\/mekulo.com\\\/dk\\\/\",\"name\":\"Mekulo DK\",\"description\":\"\",\"publisher\":{\"@id\":\"https:\\\/\\\/mekulo.com\\\/dk\\\/#organization\"},\"potentialAction\":[{\"@type\":\"SearchAction\",\"target\":{\"@type\":\"EntryPoint\",\"urlTemplate\":\"https:\\\/\\\/mekulo.com\\\/dk\\\/?s={search_term_string}\"},\"query-input\":{\"@type\":\"PropertyValueSpecification\",\"valueRequired\":true,\"valueName\":\"search_term_string\"}}],\"inLanguage\":\"fi\"},{\"@type\":\"Organization\",\"@id\":\"https:\\\/\\\/mekulo.com\\\/dk\\\/#organization\",\"name\":\"Mekulo\",\"url\":\"https:\\\/\\\/mekulo.com\\\/dk\\\/\",\"logo\":{\"@type\":\"ImageObject\",\"inLanguage\":\"fi\",\"@id\":\"https:\\\/\\\/mekulo.com\\\/dk\\\/#\\\/schema\\\/logo\\\/image\\\/\",\"url\":\"https:\\\/\\\/mekulo.com\\\/dk\\\/wp-content\\\/uploads\\\/sites\\\/12\\\/2025\\\/12\\\/favicon_mekulo.png\",\"contentUrl\":\"https:\\\/\\\/mekulo.com\\\/dk\\\/wp-content\\\/uploads\\\/sites\\\/12\\\/2025\\\/12\\\/favicon_mekulo.png\",\"width\":50,\"height\":50,\"caption\":\"Mekulo\"},\"image\":{\"@id\":\"https:\\\/\\\/mekulo.com\\\/dk\\\/#\\\/schema\\\/logo\\\/image\\\/\"}}]}<\/script>\n<!-- \/ Yoast SEO plugin. -->","yoast_head_json":{"title":"Nethandske i rustfrit st\u00e5l - Mekulo DK","robots":{"index":"index","follow":"follow","max-snippet":"max-snippet:-1","max-image-preview":"max-image-preview:large","max-video-preview":"max-video-preview:-1"},"canonical":"https:\/\/mekulo.com\/dk\/produkt\/nethandske-i-rustfrit-staal\/","og_locale":"fi_FI","og_type":"article","og_title":"Nethandske i rustfrit st\u00e5l - Mekulo DK","og_description":"\ud83d\udd90\ufe0fThis nethandske i rustfrit st\u00e5l beskytter din h\u00e5nd mod knive og skarpe redskaber. \ud83d\udd2aLavet af fin 316L rustfri st\u00e5ltr\u00e5d, giver den ekstrem sk\u00e6refasthed og langvarig holdbarhed. \ud83d\udc68\u200d\ud83d\udd27Ideal til k\u00f8kken, slagteri, fiskerensning og industrielle opgaver. P\u00e5lidelig beskyttelse for sikrere og mere selvsikkert arbejde.","og_url":"https:\/\/mekulo.com\/dk\/produkt\/nethandske-i-rustfrit-staal\/","og_site_name":"Mekulo DK","article_modified_time":"2026-03-02T13:06:29+00:00","og_image":[{"width":600,"height":600,"url":"https:\/\/mekulo.com\/dk\/wp-content\/uploads\/sites\/12\/2026\/02\/um1lzub-1.jpg","type":"image\/jpeg"}],"twitter_card":"summary_large_image","twitter_misc":{"Arvioitu lukuaika":"2 minuuttia"},"schema":{"@context":"https:\/\/schema.org","@graph":[{"@type":"WebPage","@id":"https:\/\/mekulo.com\/dk\/produkt\/nethandske-i-rustfrit-staal\/","url":"https:\/\/mekulo.com\/dk\/produkt\/nethandske-i-rustfrit-staal\/","name":"Nethandske i rustfrit st\u00e5l - Mekulo DK","isPartOf":{"@id":"https:\/\/mekulo.com\/dk\/#website"},"primaryImageOfPage":{"@id":"https:\/\/mekulo.com\/dk\/produkt\/nethandske-i-rustfrit-staal\/#primaryimage"},"image":{"@id":"https:\/\/mekulo.com\/dk\/produkt\/nethandske-i-rustfrit-staal\/#primaryimage"},"thumbnailUrl":"https:\/\/mekulo.com\/dk\/wp-content\/uploads\/sites\/12\/2026\/02\/um1lzub-1.jpg","datePublished":"2026-02-17T06:39:50+00:00","dateModified":"2026-03-02T13:06:29+00:00","breadcrumb":{"@id":"https:\/\/mekulo.com\/dk\/produkt\/nethandske-i-rustfrit-staal\/#breadcrumb"},"inLanguage":"fi","potentialAction":[{"@type":"ReadAction","target":["https:\/\/mekulo.com\/dk\/produkt\/nethandske-i-rustfrit-staal\/"]}]},{"@type":"ImageObject","inLanguage":"fi","@id":"https:\/\/mekulo.com\/dk\/produkt\/nethandske-i-rustfrit-staal\/#primaryimage","url":"https:\/\/mekulo.com\/dk\/wp-content\/uploads\/sites\/12\/2026\/02\/um1lzub-1.jpg","contentUrl":"https:\/\/mekulo.com\/dk\/wp-content\/uploads\/sites\/12\/2026\/02\/um1lzub-1.jpg","width":600,"height":600},{"@type":"BreadcrumbList","@id":"https:\/\/mekulo.com\/dk\/produkt\/nethandske-i-rustfrit-staal\/#breadcrumb","itemListElement":[{"@type":"ListItem","position":1,"name":"Home","item":"https:\/\/mekulo.com\/dk\/"},{"@type":"ListItem","position":2,"name":"Butik","item":"https:\/\/mekulo.com\/dk\/butik\/"},{"@type":"ListItem","position":3,"name":"Nethandske i rustfrit st\u00e5l"}]},{"@type":"WebSite","@id":"https:\/\/mekulo.com\/dk\/#website","url":"https:\/\/mekulo.com\/dk\/","name":"Mekulo DK","description":"","publisher":{"@id":"https:\/\/mekulo.com\/dk\/#organization"},"potentialAction":[{"@type":"SearchAction","target":{"@type":"EntryPoint","urlTemplate":"https:\/\/mekulo.com\/dk\/?s={search_term_string}"},"query-input":{"@type":"PropertyValueSpecification","valueRequired":true,"valueName":"search_term_string"}}],"inLanguage":"fi"},{"@type":"Organization","@id":"https:\/\/mekulo.com\/dk\/#organization","name":"Mekulo","url":"https:\/\/mekulo.com\/dk\/","logo":{"@type":"ImageObject","inLanguage":"fi","@id":"https:\/\/mekulo.com\/dk\/#\/schema\/logo\/image\/","url":"https:\/\/mekulo.com\/dk\/wp-content\/uploads\/sites\/12\/2025\/12\/favicon_mekulo.png","contentUrl":"https:\/\/mekulo.com\/dk\/wp-content\/uploads\/sites\/12\/2025\/12\/favicon_mekulo.png","width":50,"height":50,"caption":"Mekulo"},"image":{"@id":"https:\/\/mekulo.com\/dk\/#\/schema\/logo\/image\/"}}]}},"_links":{"self":[{"href":"https:\/\/mekulo.com\/dk\/wp-json\/wp\/v2\/product\/24677","targetHints":{"allow":["GET"]}}],"collection":[{"href":"https:\/\/mekulo.com\/dk\/wp-json\/wp\/v2\/product"}],"about":[{"href":"https:\/\/mekulo.com\/dk\/wp-json\/wp\/v2\/types\/product"}],"replies":[{"embeddable":true,"href":"https:\/\/mekulo.com\/dk\/wp-json\/wp\/v2\/comments?post=24677"}],"wp:featuredmedia":[{"embeddable":true,"href":"https:\/\/mekulo.com\/dk\/wp-json\/wp\/v2\/media\/24673"}],"wp:attachment":[{"href":"https:\/\/mekulo.com\/dk\/wp-json\/wp\/v2\/media?parent=24677"}],"wp:term":[{"taxonomy":"product_brand","embeddable":true,"href":"https:\/\/mekulo.com\/dk\/wp-json\/wp\/v2\/product_brand?post=24677"},{"taxonomy":"product_cat","embeddable":true,"href":"https:\/\/mekulo.com\/dk\/wp-json\/wp\/v2\/product_cat?post=24677"},{"taxonomy":"product_tag","embeddable":true,"href":"https:\/\/mekulo.com\/dk\/wp-json\/wp\/v2\/product_tag?post=24677"}],"curies":[{"name":"wp","href":"https:\/\/api.w.org\/{rel}","templated":true}]}}