{"id":24659,"date":"2026-02-17T08:38:26","date_gmt":"2026-02-17T06:38:26","guid":{"rendered":"https:\/\/mekulo.com\/dk\/produkt\/smart-omformer-til-litiumbatteri\/"},"modified":"2026-03-02T15:05:18","modified_gmt":"2026-03-02T13:05:18","slug":"smart-omformer-til-litiumbatteri","status":"publish","type":"product","link":"https:\/\/mekulo.com\/dk\/produkt\/smart-omformer-til-litiumbatteri\/","title":{"rendered":"Smart omformer til litiumbatteri"},"content":{"rendered":"<p style=\"text-align: center;\" data-start=\"41\" data-end=\"97\"><strong data-start=\"41\" data-end=\"97\">Omdanner Dit Litiumbatteri Til B\u00e6rbar 220V Str\u00f8m. \ud83d\udd0c<\/strong><\/p>\n<p data-start=\"41\" data-end=\"97\"><img fetchpriority=\"high\" decoding=\"async\" class=\"size-full wp-image-25225 aligncenter\" src=\"https:\/\/mekulo.com\/template\/wp-content\/uploads\/sites\/6\/2026\/02\/6-10.jpeg\" alt=\"\" width=\"1001\" height=\"1001\" \/><\/p>\n<h2 style=\"text-align: center;\" data-start=\"305\" data-end=\"326\">Hovedfordele \u26a1<\/h2>\n<p data-start=\"330\" data-end=\"382\">\u26a1 Multifunktionsomformer &#8211; Batteri til 220V AC.<\/p>\n<p data-start=\"385\" data-end=\"431\">\ud83d\udd0c USB-udgange &#8211; Oplad telefoner og gadgets.<\/p>\n<p data-start=\"434\" data-end=\"482\">\ud83d\ude97 B\u00e6rbar str\u00f8m &#8211; Ideel til udend\u00f8rs arbejde.<\/p>\n<p data-start=\"485\" data-end=\"535\">\ud83d\udee1\ufe0f Smart sikkerhedschip &#8211; Flere beskyttelser.<\/p>\n<p data-start=\"538\" data-end=\"585\">\ud83c\udf21\ufe0f Overophedningsbeskyttelse &#8211; Sikrere drift.<\/p>\n<p data-start=\"588\" data-end=\"633\">\ud83d\udca8 Varmeafledningsdesign &#8211; Forbliver k\u00f8lig.<\/p>\n<p data-start=\"636\" data-end=\"687\">\ud83d\udd0b Effektivt energiforbrug &#8211; Lav standbystr\u00f8m.<\/p>\n<p data-start=\"690\" data-end=\"744\">\ud83c\udfe0 Bred kompatibilitet &#8211; Sm\u00e5 enheder under 120 W.<\/p>\n<p data-start=\"690\" data-end=\"744\"><img decoding=\"async\" class=\"size-full wp-image-25227 aligncenter\" src=\"https:\/\/mekulo.com\/template\/wp-content\/uploads\/sites\/6\/2026\/02\/77a8d764-72fc-41cf-8f50-08bf8dcc49d3.webp\" alt=\"\" width=\"750\" height=\"773\" \/><\/p>\n<h2 style=\"text-align: center;\" data-start=\"751\" data-end=\"769\">S\u00e5dan Bruges \ud83d\udccc<\/h2>\n<ol data-start=\"771\" data-end=\"958\">\n<li data-start=\"771\" data-end=\"829\">\n<p data-start=\"774\" data-end=\"829\">Fastg\u00f8r konverteren til et kompatibelt litiumbatteri.<\/p>\n<\/li>\n<li data-start=\"830\" data-end=\"884\">\n<p data-start=\"833\" data-end=\"884\">Tilslut din enhed til stikkontakten eller USB-porten.<\/p>\n<\/li>\n<li data-start=\"885\" data-end=\"909\">\n<p data-start=\"888\" data-end=\"909\">T\u00e6nd for enheden.<\/p>\n<\/li>\n<li data-start=\"910\" data-end=\"958\">\n<p data-start=\"913\" data-end=\"958\">Brug sikkert inden for effektgr\u00e6nsen (maks. 120 W).<\/p>\n<\/li>\n<\/ol>\n<h2 style=\"text-align: center;\" data-start=\"965\" data-end=\"988\">Produktdetaljer \ud83d\udccf<\/h2>\n<ul data-start=\"990\" data-end=\"1298\">\n<li data-start=\"1044\" data-end=\"1076\">\n<p data-start=\"1046\" data-end=\"1076\">Indgangssp\u00e6nding: DC 18-21V<\/p>\n<\/li>\n<li data-start=\"1077\" data-end=\"1108\">\n<p data-start=\"1079\" data-end=\"1108\">Udgangssp\u00e6nding: 220V AC<\/p>\n<\/li>\n<li data-start=\"1109\" data-end=\"1140\">\n<p data-start=\"1111\" data-end=\"1140\">Magt: 120W (Peak 300W)<\/p>\n<\/li>\n<li data-start=\"1141\" data-end=\"1164\">\n<p data-start=\"1143\" data-end=\"1164\">Frekvens: 50Hz<\/p>\n<\/li>\n<li data-start=\"1165\" data-end=\"1199\">\n<p data-start=\"1167\" data-end=\"1199\">Kabel porte: 2x USB + 1x QC3.0<\/p>\n<\/li>\n<li data-start=\"1200\" data-end=\"1232\">\n<p data-start=\"1202\" data-end=\"1232\">Quiescentstr\u00f8m: 0,05A<\/p>\n<\/li>\n<li data-start=\"1233\" data-end=\"1260\">\n<p data-start=\"1235\" data-end=\"1260\">Skalmateriale: ABS<\/p>\n<\/li>\n<li data-start=\"1261\" data-end=\"1298\">\n<p data-start=\"1263\" data-end=\"1298\">St\u00f8rrelse: Ca. 81 x 81 x 60 mm<\/p>\n<\/li>\n<li data-start=\"1261\" data-end=\"1298\">\n<p data-start=\"1263\" data-end=\"1298\"><span style=\"font-size: 16px;\">Velegnet til: <\/span><span style=\"font-size: 16px;\">telefoner, b\u00e6rbare computere, LED-lys, sm\u00e5 ventilatorer og enheder under 120 W.<\/span><\/p>\n<\/li>\n<\/ul>\n<h2 style=\"text-align: center;\" data-start=\"1505\" data-end=\"1529\">Pakken Indeholder \ud83d\udce6<\/h2>\n<ul data-start=\"1531\" data-end=\"1567\">\n<li data-start=\"1531\" data-end=\"1547\">\n<p data-start=\"1533\" data-end=\"1547\">1x Smart Lithiumbatterikonverter<\/p>\n<\/li>\n<li data-start=\"1548\" data-end=\"1567\">\n<p data-start=\"1550\" data-end=\"1567\">1x brugervejledning.<\/p>\n<\/li>\n<\/ul>\n","protected":false},"excerpt":{"rendered":"<p>\u26a1Denne smarte litiumbatterikonverter omdanner 18-21V DC fra dit v\u00e6rkt\u00f8jsbatteri til 220V AC.<br \/>\n\ud83d\udd0bS\u00e6t str\u00f8m til sm\u00e5 apparater og oplad enheder overalt. Kompakt, let og bygget til sikker udend\u00f8rs brug.<br \/>\n\ud83d\udd0c B\u00e6rbar, smart og p\u00e5lidelig backup-str\u00f8m, uanset hvor du er.<\/p>\n","protected":false},"featured_media":24655,"comment_status":"open","ping_status":"closed","template":"","meta":{"site-sidebar-layout":"default","site-content-layout":"","ast-site-content-layout":"default","site-content-style":"default","site-sidebar-style":"default","ast-global-header-display":"","ast-banner-title-visibility":"","ast-main-header-display":"","ast-hfb-above-header-display":"","ast-hfb-below-header-display":"","ast-hfb-mobile-header-display":"","site-post-title":"","ast-breadcrumbs-content":"","ast-featured-img":"","footer-sml-layout":"","ast-disable-related-posts":"","theme-transparent-header-meta":"default","adv-header-id-meta":"","stick-header-meta":"","header-above-stick-meta":"","header-main-stick-meta":"","header-below-stick-meta":"","astra-migrate-meta-layouts":"set","ast-page-background-enabled":"default","ast-page-background-meta":{"desktop":{"background-color":"var(--ast-global-color-5)","background-image":"","background-repeat":"repeat","background-position":"center center","background-size":"auto","background-attachment":"scroll","background-type":"","background-media":"","overlay-type":"","overlay-color":"","overlay-opacity":"","overlay-gradient":""},"tablet":{"background-color":"","background-image":"","background-repeat":"repeat","background-position":"center center","background-size":"auto","background-attachment":"scroll","background-type":"","background-media":"","overlay-type":"","overlay-color":"","overlay-opacity":"","overlay-gradient":""},"mobile":{"background-color":"","background-image":"","background-repeat":"repeat","background-position":"center center","background-size":"auto","background-attachment":"scroll","background-type":"","background-media":"","overlay-type":"","overlay-color":"","overlay-opacity":"","overlay-gradient":""}},"ast-content-background-meta":{"desktop":{"background-color":"var(--ast-global-color-4)","background-image":"","background-repeat":"repeat","background-position":"center center","background-size":"auto","background-attachment":"scroll","background-type":"","background-media":"","overlay-type":"","overlay-color":"","overlay-opacity":"","overlay-gradient":""},"tablet":{"background-color":"var(--ast-global-color-4)","background-image":"","background-repeat":"repeat","background-position":"center center","background-size":"auto","background-attachment":"scroll","background-type":"","background-media":"","overlay-type":"","overlay-color":"","overlay-opacity":"","overlay-gradient":""},"mobile":{"background-color":"var(--ast-global-color-4)","background-image":"","background-repeat":"repeat","background-position":"center center","background-size":"auto","background-attachment":"scroll","background-type":"","background-media":"","overlay-type":"","overlay-color":"","overlay-opacity":"","overlay-gradient":""}}},"product_brand":[],"product_cat":[168,171],"product_tag":[],"class_list":{"0":"post-24659","1":"product","2":"type-product","3":"status-publish","4":"has-post-thumbnail","6":"product_cat-husholdningsartikler","7":"product_cat-vaerktoejer","8":"pa_60196_gzeftu5k-gul","9":"pa_60196_gzeftu5k-lyseblaa","10":"pa_60196_gzeftu5k-moerkeblaa","11":"pa_60196_gzeftu5k-roed","12":"desktop-align-left","13":"tablet-align-left","14":"mobile-align-left","16":"first","17":"instock","18":"shipping-taxable","19":"purchasable","20":"product-type-variable"},"yoast_head":"<!-- This site is optimized with the Yoast SEO plugin v27.4 - https:\/\/yoast.com\/product\/yoast-seo-wordpress\/ -->\n<title>Smart omformer til litiumbatteri - Mekulo DK<\/title>\n<meta name=\"robots\" content=\"index, follow, max-snippet:-1, max-image-preview:large, max-video-preview:-1\" \/>\n<link rel=\"canonical\" href=\"https:\/\/mekulo.com\/dk\/produkt\/smart-omformer-til-litiumbatteri\/\" \/>\n<meta property=\"og:locale\" content=\"da_DK\" \/>\n<meta property=\"og:type\" content=\"article\" \/>\n<meta property=\"og:title\" content=\"Smart omformer til litiumbatteri - Mekulo DK\" \/>\n<meta property=\"og:description\" content=\"\u26a1Denne smarte litiumbatterikonverter omdanner 18-21V DC fra dit v\u00e6rkt\u00f8jsbatteri til 220V AC. \ud83d\udd0bS\u00e6t str\u00f8m til sm\u00e5 apparater og oplad enheder overalt. Kompakt, let og bygget til sikker udend\u00f8rs brug. \ud83d\udd0c B\u00e6rbar, smart og p\u00e5lidelig backup-str\u00f8m, uanset hvor du er.\" \/>\n<meta property=\"og:url\" content=\"https:\/\/mekulo.com\/dk\/produkt\/smart-omformer-til-litiumbatteri\/\" \/>\n<meta property=\"og:site_name\" content=\"Mekulo DK\" \/>\n<meta property=\"article:modified_time\" content=\"2026-03-02T13:05:18+00:00\" \/>\n<meta property=\"og:image\" content=\"https:\/\/mekulo.com\/dk\/wp-content\/uploads\/sites\/12\/2026\/02\/78e60ut-1.jpeg\" \/>\n\t<meta property=\"og:image:width\" content=\"1001\" \/>\n\t<meta property=\"og:image:height\" content=\"1001\" \/>\n\t<meta property=\"og:image:type\" content=\"image\/jpeg\" \/>\n<meta name=\"twitter:card\" content=\"summary_large_image\" \/>\n<meta name=\"twitter:label1\" content=\"Estimeret l\u00e6setid\" \/>\n\t<meta name=\"twitter:data1\" content=\"2 minutter\" \/>\n<script type=\"application\/ld+json\" class=\"yoast-schema-graph\">{\"@context\":\"https:\\\/\\\/schema.org\",\"@graph\":[{\"@type\":\"WebPage\",\"@id\":\"https:\\\/\\\/mekulo.com\\\/dk\\\/produkt\\\/smart-omformer-til-litiumbatteri\\\/\",\"url\":\"https:\\\/\\\/mekulo.com\\\/dk\\\/produkt\\\/smart-omformer-til-litiumbatteri\\\/\",\"name\":\"Smart omformer til litiumbatteri - Mekulo DK\",\"isPartOf\":{\"@id\":\"https:\\\/\\\/mekulo.com\\\/dk\\\/#website\"},\"primaryImageOfPage\":{\"@id\":\"https:\\\/\\\/mekulo.com\\\/dk\\\/produkt\\\/smart-omformer-til-litiumbatteri\\\/#primaryimage\"},\"image\":{\"@id\":\"https:\\\/\\\/mekulo.com\\\/dk\\\/produkt\\\/smart-omformer-til-litiumbatteri\\\/#primaryimage\"},\"thumbnailUrl\":\"https:\\\/\\\/mekulo.com\\\/dk\\\/wp-content\\\/uploads\\\/sites\\\/12\\\/2026\\\/02\\\/78e60ut-1.jpeg\",\"datePublished\":\"2026-02-17T06:38:26+00:00\",\"dateModified\":\"2026-03-02T13:05:18+00:00\",\"breadcrumb\":{\"@id\":\"https:\\\/\\\/mekulo.com\\\/dk\\\/produkt\\\/smart-omformer-til-litiumbatteri\\\/#breadcrumb\"},\"inLanguage\":\"da-DK\",\"potentialAction\":[{\"@type\":\"ReadAction\",\"target\":[\"https:\\\/\\\/mekulo.com\\\/dk\\\/produkt\\\/smart-omformer-til-litiumbatteri\\\/\"]}]},{\"@type\":\"ImageObject\",\"inLanguage\":\"da-DK\",\"@id\":\"https:\\\/\\\/mekulo.com\\\/dk\\\/produkt\\\/smart-omformer-til-litiumbatteri\\\/#primaryimage\",\"url\":\"https:\\\/\\\/mekulo.com\\\/dk\\\/wp-content\\\/uploads\\\/sites\\\/12\\\/2026\\\/02\\\/78e60ut-1.jpeg\",\"contentUrl\":\"https:\\\/\\\/mekulo.com\\\/dk\\\/wp-content\\\/uploads\\\/sites\\\/12\\\/2026\\\/02\\\/78e60ut-1.jpeg\",\"width\":1001,\"height\":1001},{\"@type\":\"BreadcrumbList\",\"@id\":\"https:\\\/\\\/mekulo.com\\\/dk\\\/produkt\\\/smart-omformer-til-litiumbatteri\\\/#breadcrumb\",\"itemListElement\":[{\"@type\":\"ListItem\",\"position\":1,\"name\":\"Home\",\"item\":\"https:\\\/\\\/mekulo.com\\\/dk\\\/\"},{\"@type\":\"ListItem\",\"position\":2,\"name\":\"Butik\",\"item\":\"https:\\\/\\\/mekulo.com\\\/dk\\\/butik\\\/\"},{\"@type\":\"ListItem\",\"position\":3,\"name\":\"Smart omformer til litiumbatteri\"}]},{\"@type\":\"WebSite\",\"@id\":\"https:\\\/\\\/mekulo.com\\\/dk\\\/#website\",\"url\":\"https:\\\/\\\/mekulo.com\\\/dk\\\/\",\"name\":\"Mekulo DK\",\"description\":\"\",\"publisher\":{\"@id\":\"https:\\\/\\\/mekulo.com\\\/dk\\\/#organization\"},\"potentialAction\":[{\"@type\":\"SearchAction\",\"target\":{\"@type\":\"EntryPoint\",\"urlTemplate\":\"https:\\\/\\\/mekulo.com\\\/dk\\\/?s={search_term_string}\"},\"query-input\":{\"@type\":\"PropertyValueSpecification\",\"valueRequired\":true,\"valueName\":\"search_term_string\"}}],\"inLanguage\":\"da-DK\"},{\"@type\":\"Organization\",\"@id\":\"https:\\\/\\\/mekulo.com\\\/dk\\\/#organization\",\"name\":\"Mekulo\",\"url\":\"https:\\\/\\\/mekulo.com\\\/dk\\\/\",\"logo\":{\"@type\":\"ImageObject\",\"inLanguage\":\"da-DK\",\"@id\":\"https:\\\/\\\/mekulo.com\\\/dk\\\/#\\\/schema\\\/logo\\\/image\\\/\",\"url\":\"https:\\\/\\\/mekulo.com\\\/dk\\\/wp-content\\\/uploads\\\/sites\\\/12\\\/2025\\\/12\\\/favicon_mekulo.png\",\"contentUrl\":\"https:\\\/\\\/mekulo.com\\\/dk\\\/wp-content\\\/uploads\\\/sites\\\/12\\\/2025\\\/12\\\/favicon_mekulo.png\",\"width\":50,\"height\":50,\"caption\":\"Mekulo\"},\"image\":{\"@id\":\"https:\\\/\\\/mekulo.com\\\/dk\\\/#\\\/schema\\\/logo\\\/image\\\/\"}}]}<\/script>\n<!-- \/ Yoast SEO plugin. -->","yoast_head_json":{"title":"Smart omformer til litiumbatteri - Mekulo DK","robots":{"index":"index","follow":"follow","max-snippet":"max-snippet:-1","max-image-preview":"max-image-preview:large","max-video-preview":"max-video-preview:-1"},"canonical":"https:\/\/mekulo.com\/dk\/produkt\/smart-omformer-til-litiumbatteri\/","og_locale":"da_DK","og_type":"article","og_title":"Smart omformer til litiumbatteri - Mekulo DK","og_description":"\u26a1Denne smarte litiumbatterikonverter omdanner 18-21V DC fra dit v\u00e6rkt\u00f8jsbatteri til 220V AC. \ud83d\udd0bS\u00e6t str\u00f8m til sm\u00e5 apparater og oplad enheder overalt. Kompakt, let og bygget til sikker udend\u00f8rs brug. \ud83d\udd0c B\u00e6rbar, smart og p\u00e5lidelig backup-str\u00f8m, uanset hvor du er.","og_url":"https:\/\/mekulo.com\/dk\/produkt\/smart-omformer-til-litiumbatteri\/","og_site_name":"Mekulo DK","article_modified_time":"2026-03-02T13:05:18+00:00","og_image":[{"width":1001,"height":1001,"url":"https:\/\/mekulo.com\/dk\/wp-content\/uploads\/sites\/12\/2026\/02\/78e60ut-1.jpeg","type":"image\/jpeg"}],"twitter_card":"summary_large_image","twitter_misc":{"Estimeret l\u00e6setid":"2 minutter"},"schema":{"@context":"https:\/\/schema.org","@graph":[{"@type":"WebPage","@id":"https:\/\/mekulo.com\/dk\/produkt\/smart-omformer-til-litiumbatteri\/","url":"https:\/\/mekulo.com\/dk\/produkt\/smart-omformer-til-litiumbatteri\/","name":"Smart omformer til litiumbatteri - Mekulo DK","isPartOf":{"@id":"https:\/\/mekulo.com\/dk\/#website"},"primaryImageOfPage":{"@id":"https:\/\/mekulo.com\/dk\/produkt\/smart-omformer-til-litiumbatteri\/#primaryimage"},"image":{"@id":"https:\/\/mekulo.com\/dk\/produkt\/smart-omformer-til-litiumbatteri\/#primaryimage"},"thumbnailUrl":"https:\/\/mekulo.com\/dk\/wp-content\/uploads\/sites\/12\/2026\/02\/78e60ut-1.jpeg","datePublished":"2026-02-17T06:38:26+00:00","dateModified":"2026-03-02T13:05:18+00:00","breadcrumb":{"@id":"https:\/\/mekulo.com\/dk\/produkt\/smart-omformer-til-litiumbatteri\/#breadcrumb"},"inLanguage":"da-DK","potentialAction":[{"@type":"ReadAction","target":["https:\/\/mekulo.com\/dk\/produkt\/smart-omformer-til-litiumbatteri\/"]}]},{"@type":"ImageObject","inLanguage":"da-DK","@id":"https:\/\/mekulo.com\/dk\/produkt\/smart-omformer-til-litiumbatteri\/#primaryimage","url":"https:\/\/mekulo.com\/dk\/wp-content\/uploads\/sites\/12\/2026\/02\/78e60ut-1.jpeg","contentUrl":"https:\/\/mekulo.com\/dk\/wp-content\/uploads\/sites\/12\/2026\/02\/78e60ut-1.jpeg","width":1001,"height":1001},{"@type":"BreadcrumbList","@id":"https:\/\/mekulo.com\/dk\/produkt\/smart-omformer-til-litiumbatteri\/#breadcrumb","itemListElement":[{"@type":"ListItem","position":1,"name":"Home","item":"https:\/\/mekulo.com\/dk\/"},{"@type":"ListItem","position":2,"name":"Butik","item":"https:\/\/mekulo.com\/dk\/butik\/"},{"@type":"ListItem","position":3,"name":"Smart omformer til litiumbatteri"}]},{"@type":"WebSite","@id":"https:\/\/mekulo.com\/dk\/#website","url":"https:\/\/mekulo.com\/dk\/","name":"Mekulo DK","description":"","publisher":{"@id":"https:\/\/mekulo.com\/dk\/#organization"},"potentialAction":[{"@type":"SearchAction","target":{"@type":"EntryPoint","urlTemplate":"https:\/\/mekulo.com\/dk\/?s={search_term_string}"},"query-input":{"@type":"PropertyValueSpecification","valueRequired":true,"valueName":"search_term_string"}}],"inLanguage":"da-DK"},{"@type":"Organization","@id":"https:\/\/mekulo.com\/dk\/#organization","name":"Mekulo","url":"https:\/\/mekulo.com\/dk\/","logo":{"@type":"ImageObject","inLanguage":"da-DK","@id":"https:\/\/mekulo.com\/dk\/#\/schema\/logo\/image\/","url":"https:\/\/mekulo.com\/dk\/wp-content\/uploads\/sites\/12\/2025\/12\/favicon_mekulo.png","contentUrl":"https:\/\/mekulo.com\/dk\/wp-content\/uploads\/sites\/12\/2025\/12\/favicon_mekulo.png","width":50,"height":50,"caption":"Mekulo"},"image":{"@id":"https:\/\/mekulo.com\/dk\/#\/schema\/logo\/image\/"}}]}},"_links":{"self":[{"href":"https:\/\/mekulo.com\/dk\/wp-json\/wp\/v2\/product\/24659","targetHints":{"allow":["GET"]}}],"collection":[{"href":"https:\/\/mekulo.com\/dk\/wp-json\/wp\/v2\/product"}],"about":[{"href":"https:\/\/mekulo.com\/dk\/wp-json\/wp\/v2\/types\/product"}],"replies":[{"embeddable":true,"href":"https:\/\/mekulo.com\/dk\/wp-json\/wp\/v2\/comments?post=24659"}],"wp:featuredmedia":[{"embeddable":true,"href":"https:\/\/mekulo.com\/dk\/wp-json\/wp\/v2\/media\/24655"}],"wp:attachment":[{"href":"https:\/\/mekulo.com\/dk\/wp-json\/wp\/v2\/media?parent=24659"}],"wp:term":[{"taxonomy":"product_brand","embeddable":true,"href":"https:\/\/mekulo.com\/dk\/wp-json\/wp\/v2\/product_brand?post=24659"},{"taxonomy":"product_cat","embeddable":true,"href":"https:\/\/mekulo.com\/dk\/wp-json\/wp\/v2\/product_cat?post=24659"},{"taxonomy":"product_tag","embeddable":true,"href":"https:\/\/mekulo.com\/dk\/wp-json\/wp\/v2\/product_tag?post=24659"}],"curies":[{"name":"wp","href":"https:\/\/api.w.org\/{rel}","templated":true}]}}