{"id":24629,"date":"2026-02-17T08:35:50","date_gmt":"2026-02-17T06:35:50","guid":{"rendered":"https:\/\/mekulo.com\/dk\/produkt\/daekassistentens-manuelle-vaerktoej\/"},"modified":"2026-02-17T09:13:00","modified_gmt":"2026-02-17T07:13:00","slug":"daekassistentens-manuelle-vaerktoej","status":"publish","type":"product","link":"https:\/\/mekulo.com\/dk\/produkt\/daekassistentens-manuelle-vaerktoej\/","title":{"rendered":"D\u00e6kassistentens manuelle v\u00e6rkt\u00f8j"},"content":{"rendered":"<p style=\"text-align: center\" data-start=\"41\" data-end=\"98\"><strong data-start=\"41\" data-end=\"98\">Hj\u00e6lper Dig Med At Udvide Og Reparere D\u00e6k Manuelt Med Lethed. \ud83d\udede<\/strong><\/p>\n<p data-start=\"41\" data-end=\"98\"><img fetchpriority=\"high\" decoding=\"async\" class=\" wp-image-25196 aligncenter\" src=\"https:\/\/mekulo.com\/template\/wp-content\/uploads\/sites\/6\/2026\/02\/12215-ezgif.com-video-to-webp-converter.webp\" alt=\"\" width=\"550\" height=\"550\" \/><\/p>\n<h2 style=\"text-align: center\" data-start=\"339\" data-end=\"360\"><strong>Vigtigste fordele \ud83d\udd27<\/strong><\/h2>\n<p data-start=\"364\" data-end=\"425\">\ud83d\udd27 Alsidigt d\u00e6kreparationsv\u00e6rkt\u00f8j &#8211; Udvid og juster d\u00e6k.<\/p>\n<p data-start=\"428\" data-end=\"477\">\ud83d\udd29 Holdbar metalopbygning &#8211; Lavet til tung brug.<\/p>\n<p data-start=\"480\" data-end=\"530\">\ud83d\ude97 B\u00e6rbart design &#8211; Let at opbevare og b\u00e6re.<\/p>\n<p data-start=\"533\" data-end=\"578\">\u2699\ufe0f Manuel betjening &#8211; Ingen str\u00f8m kr\u00e6ves.<\/p>\n<p data-start=\"581\" data-end=\"644\">\ud83d\ude99 Universel kompatibilitet &#8211; Passer til de fleste bil- og lastbilhjul.<\/p>\n<p data-start=\"647\" data-end=\"697\">\ud83d\udee0\ufe0f Enkel at bruge &#8211; Hurtig og ligetil.<\/p>\n<p data-start=\"647\" data-end=\"697\"><img decoding=\"async\" class=\"size-full wp-image-25201 aligncenter\" src=\"https:\/\/mekulo.com\/template\/wp-content\/uploads\/sites\/6\/2026\/02\/11e85fa2-ec0b-49fb-8a43-a79039f68354.jpg\" alt=\"\" width=\"750\" height=\"763\" \/><\/p>\n<h2 style=\"text-align: center\" data-start=\"704\" data-end=\"722\"><strong>S\u00e5dan bruges det \ud83d\udccc<\/strong><\/h2>\n<ol data-start=\"724\" data-end=\"899\">\n<li data-start=\"724\" data-end=\"769\">\n<p data-start=\"727\" data-end=\"769\">Inds\u00e6t v\u00e6rkt\u00f8jet forsigtigt i d\u00e6kket.<\/p>\n<\/li>\n<li data-start=\"770\" data-end=\"814\">\n<p data-start=\"773\" data-end=\"814\">Anvend et stabilt manuelt tryk for at udvide.<\/p>\n<\/li>\n<li data-start=\"815\" data-end=\"862\">\n<p data-start=\"818\" data-end=\"862\">Udf\u00f8r den n\u00f8dvendige reparation eller justering.<\/p>\n<\/li>\n<li data-start=\"863\" data-end=\"899\">\n<p data-start=\"866\" data-end=\"899\">Fjern v\u00e6rkt\u00f8jet, n\u00e5r det er f\u00e6rdigt.<\/p>\n<\/li>\n<\/ol>\n<h2 style=\"text-align: center\" data-start=\"906\" data-end=\"929\"><strong>Produktdetaljer \ud83d\udccf<\/strong><\/h2>\n<ul data-start=\"931\" data-end=\"1155\">\n<li data-start=\"1021\" data-end=\"1043\">\n<p data-start=\"1023\" data-end=\"1043\">Materiale: Jern<\/p>\n<\/li>\n<li data-start=\"1044\" data-end=\"1074\">\n<p data-start=\"1046\" data-end=\"1074\">L\u00e6ngde: Ca. 360 mm<\/p>\n<\/li>\n<li data-start=\"1099\" data-end=\"1132\">\n<p data-start=\"1101\" data-end=\"1132\">Universalitetstilpasning: Ja<\/p>\n<\/li>\n<\/ul>\n<h2 style=\"text-align: center\" data-start=\"1162\" data-end=\"1186\"><strong>Pakken indeholder \ud83d\udce6<\/strong><\/h2>\n<ul data-start=\"1188\" data-end=\"1221\">\n<li data-start=\"1188\" data-end=\"1221\">\n<p data-start=\"1190\" data-end=\"1221\">1x manuelt d\u00e6kudvidelsesv\u00e6rkt\u00f8j.<\/p>\n<\/li>\n<\/ul>\n","protected":false},"excerpt":{"rendered":"<p>\ud83d\ude97Dette manuelle v\u00e6rkt\u00f8j til d\u00e6kassistance er en praktisk l\u00f8sning til hurtig d\u00e6kvedligeholdelse og n\u00f8dreparationer.<br \/>\n\ud83d\udd29Den st\u00e6rke metalkonstruktion sikrer p\u00e5lidelighed, mens det kompakte design g\u00f8r det nemt at have med i bilen eller v\u00e6rkt\u00f8jskassen.<br \/>\n\ud83d\udedeEt p\u00e5lideligt v\u00e6rkt\u00f8j til sikrere og nemmere d\u00e6kreparationer.<\/p>\n","protected":false},"featured_media":24625,"comment_status":"open","ping_status":"closed","template":"","meta":{"site-sidebar-layout":"default","site-content-layout":"","ast-site-content-layout":"default","site-content-style":"default","site-sidebar-style":"default","ast-global-header-display":"","ast-banner-title-visibility":"","ast-main-header-display":"","ast-hfb-above-header-display":"","ast-hfb-below-header-display":"","ast-hfb-mobile-header-display":"","site-post-title":"","ast-breadcrumbs-content":"","ast-featured-img":"","footer-sml-layout":"","ast-disable-related-posts":"","theme-transparent-header-meta":"default","adv-header-id-meta":"","stick-header-meta":"","header-above-stick-meta":"","header-main-stick-meta":"","header-below-stick-meta":"","astra-migrate-meta-layouts":"set","ast-page-background-enabled":"default","ast-page-background-meta":{"desktop":{"background-color":"var(--ast-global-color-5)","background-image":"","background-repeat":"repeat","background-position":"center center","background-size":"auto","background-attachment":"scroll","background-type":"","background-media":"","overlay-type":"","overlay-color":"","overlay-opacity":"","overlay-gradient":""},"tablet":{"background-color":"","background-image":"","background-repeat":"repeat","background-position":"center center","background-size":"auto","background-attachment":"scroll","background-type":"","background-media":"","overlay-type":"","overlay-color":"","overlay-opacity":"","overlay-gradient":""},"mobile":{"background-color":"","background-image":"","background-repeat":"repeat","background-position":"center center","background-size":"auto","background-attachment":"scroll","background-type":"","background-media":"","overlay-type":"","overlay-color":"","overlay-opacity":"","overlay-gradient":""}},"ast-content-background-meta":{"desktop":{"background-color":"var(--ast-global-color-4)","background-image":"","background-repeat":"repeat","background-position":"center center","background-size":"auto","background-attachment":"scroll","background-type":"","background-media":"","overlay-type":"","overlay-color":"","overlay-opacity":"","overlay-gradient":""},"tablet":{"background-color":"var(--ast-global-color-4)","background-image":"","background-repeat":"repeat","background-position":"center center","background-size":"auto","background-attachment":"scroll","background-type":"","background-media":"","overlay-type":"","overlay-color":"","overlay-opacity":"","overlay-gradient":""},"mobile":{"background-color":"var(--ast-global-color-4)","background-image":"","background-repeat":"repeat","background-position":"center center","background-size":"auto","background-attachment":"scroll","background-type":"","background-media":"","overlay-type":"","overlay-color":"","overlay-opacity":"","overlay-gradient":""}}},"product_brand":[],"product_cat":[161,171],"product_tag":[],"class_list":{"0":"post-24629","1":"product","2":"type-product","3":"status-publish","4":"has-post-thumbnail","6":"product_cat-bilprodukter","7":"product_cat-vaerktoejer","8":"desktop-align-left","9":"tablet-align-left","10":"mobile-align-left","12":"first","13":"instock","14":"shipping-taxable","15":"purchasable","16":"product-type-simple"},"yoast_head":"<!-- This site is optimized with the Yoast SEO plugin v27.4 - https:\/\/yoast.com\/product\/yoast-seo-wordpress\/ -->\n<title>D\u00e6kassistentens manuelle v\u00e6rkt\u00f8j - Mekulo DK<\/title>\n<meta name=\"robots\" content=\"index, follow, max-snippet:-1, max-image-preview:large, max-video-preview:-1\" \/>\n<link rel=\"canonical\" href=\"https:\/\/mekulo.com\/dk\/produkt\/daekassistentens-manuelle-vaerktoej\/\" \/>\n<meta property=\"og:locale\" content=\"da_DK\" \/>\n<meta property=\"og:type\" content=\"article\" \/>\n<meta property=\"og:title\" content=\"D\u00e6kassistentens manuelle v\u00e6rkt\u00f8j - Mekulo DK\" \/>\n<meta property=\"og:description\" content=\"\ud83d\ude97Dette manuelle v\u00e6rkt\u00f8j til d\u00e6kassistance er en praktisk l\u00f8sning til hurtig d\u00e6kvedligeholdelse og n\u00f8dreparationer. \ud83d\udd29Den st\u00e6rke metalkonstruktion sikrer p\u00e5lidelighed, mens det kompakte design g\u00f8r det nemt at have med i bilen eller v\u00e6rkt\u00f8jskassen. \ud83d\udedeEt p\u00e5lideligt v\u00e6rkt\u00f8j til sikrere og nemmere d\u00e6kreparationer.\" \/>\n<meta property=\"og:url\" content=\"https:\/\/mekulo.com\/dk\/produkt\/daekassistentens-manuelle-vaerktoej\/\" \/>\n<meta property=\"og:site_name\" content=\"Mekulo DK\" \/>\n<meta property=\"article:modified_time\" content=\"2026-02-17T07:13:00+00:00\" \/>\n<meta property=\"og:image\" content=\"https:\/\/mekulo.com\/dk\/wp-content\/uploads\/sites\/12\/2026\/02\/16huvti-1.jpg\" \/>\n\t<meta property=\"og:image:width\" content=\"960\" \/>\n\t<meta property=\"og:image:height\" content=\"960\" \/>\n\t<meta property=\"og:image:type\" content=\"image\/jpeg\" \/>\n<meta name=\"twitter:card\" content=\"summary_large_image\" \/>\n<meta name=\"twitter:label1\" content=\"Estimeret l\u00e6setid\" \/>\n\t<meta name=\"twitter:data1\" content=\"2 minutter\" \/>\n<script type=\"application\/ld+json\" class=\"yoast-schema-graph\">{\"@context\":\"https:\\\/\\\/schema.org\",\"@graph\":[{\"@type\":\"WebPage\",\"@id\":\"https:\\\/\\\/mekulo.com\\\/dk\\\/produkt\\\/daekassistentens-manuelle-vaerktoej\\\/\",\"url\":\"https:\\\/\\\/mekulo.com\\\/dk\\\/produkt\\\/daekassistentens-manuelle-vaerktoej\\\/\",\"name\":\"D\u00e6kassistentens manuelle v\u00e6rkt\u00f8j - Mekulo DK\",\"isPartOf\":{\"@id\":\"https:\\\/\\\/mekulo.com\\\/dk\\\/#website\"},\"primaryImageOfPage\":{\"@id\":\"https:\\\/\\\/mekulo.com\\\/dk\\\/produkt\\\/daekassistentens-manuelle-vaerktoej\\\/#primaryimage\"},\"image\":{\"@id\":\"https:\\\/\\\/mekulo.com\\\/dk\\\/produkt\\\/daekassistentens-manuelle-vaerktoej\\\/#primaryimage\"},\"thumbnailUrl\":\"https:\\\/\\\/mekulo.com\\\/dk\\\/wp-content\\\/uploads\\\/sites\\\/12\\\/2026\\\/02\\\/16huvti-1.jpg\",\"datePublished\":\"2026-02-17T06:35:50+00:00\",\"dateModified\":\"2026-02-17T07:13:00+00:00\",\"breadcrumb\":{\"@id\":\"https:\\\/\\\/mekulo.com\\\/dk\\\/produkt\\\/daekassistentens-manuelle-vaerktoej\\\/#breadcrumb\"},\"inLanguage\":\"da-DK\",\"potentialAction\":[{\"@type\":\"ReadAction\",\"target\":[\"https:\\\/\\\/mekulo.com\\\/dk\\\/produkt\\\/daekassistentens-manuelle-vaerktoej\\\/\"]}]},{\"@type\":\"ImageObject\",\"inLanguage\":\"da-DK\",\"@id\":\"https:\\\/\\\/mekulo.com\\\/dk\\\/produkt\\\/daekassistentens-manuelle-vaerktoej\\\/#primaryimage\",\"url\":\"https:\\\/\\\/mekulo.com\\\/dk\\\/wp-content\\\/uploads\\\/sites\\\/12\\\/2026\\\/02\\\/16huvti-1.jpg\",\"contentUrl\":\"https:\\\/\\\/mekulo.com\\\/dk\\\/wp-content\\\/uploads\\\/sites\\\/12\\\/2026\\\/02\\\/16huvti-1.jpg\",\"width\":960,\"height\":960},{\"@type\":\"BreadcrumbList\",\"@id\":\"https:\\\/\\\/mekulo.com\\\/dk\\\/produkt\\\/daekassistentens-manuelle-vaerktoej\\\/#breadcrumb\",\"itemListElement\":[{\"@type\":\"ListItem\",\"position\":1,\"name\":\"Home\",\"item\":\"https:\\\/\\\/mekulo.com\\\/dk\\\/\"},{\"@type\":\"ListItem\",\"position\":2,\"name\":\"Butik\",\"item\":\"https:\\\/\\\/mekulo.com\\\/dk\\\/butik\\\/\"},{\"@type\":\"ListItem\",\"position\":3,\"name\":\"D\u00e6kassistentens manuelle v\u00e6rkt\u00f8j\"}]},{\"@type\":\"WebSite\",\"@id\":\"https:\\\/\\\/mekulo.com\\\/dk\\\/#website\",\"url\":\"https:\\\/\\\/mekulo.com\\\/dk\\\/\",\"name\":\"Mekulo DK\",\"description\":\"\",\"publisher\":{\"@id\":\"https:\\\/\\\/mekulo.com\\\/dk\\\/#organization\"},\"potentialAction\":[{\"@type\":\"SearchAction\",\"target\":{\"@type\":\"EntryPoint\",\"urlTemplate\":\"https:\\\/\\\/mekulo.com\\\/dk\\\/?s={search_term_string}\"},\"query-input\":{\"@type\":\"PropertyValueSpecification\",\"valueRequired\":true,\"valueName\":\"search_term_string\"}}],\"inLanguage\":\"da-DK\"},{\"@type\":\"Organization\",\"@id\":\"https:\\\/\\\/mekulo.com\\\/dk\\\/#organization\",\"name\":\"Mekulo\",\"url\":\"https:\\\/\\\/mekulo.com\\\/dk\\\/\",\"logo\":{\"@type\":\"ImageObject\",\"inLanguage\":\"da-DK\",\"@id\":\"https:\\\/\\\/mekulo.com\\\/dk\\\/#\\\/schema\\\/logo\\\/image\\\/\",\"url\":\"https:\\\/\\\/mekulo.com\\\/dk\\\/wp-content\\\/uploads\\\/sites\\\/12\\\/2025\\\/12\\\/favicon_mekulo.png\",\"contentUrl\":\"https:\\\/\\\/mekulo.com\\\/dk\\\/wp-content\\\/uploads\\\/sites\\\/12\\\/2025\\\/12\\\/favicon_mekulo.png\",\"width\":50,\"height\":50,\"caption\":\"Mekulo\"},\"image\":{\"@id\":\"https:\\\/\\\/mekulo.com\\\/dk\\\/#\\\/schema\\\/logo\\\/image\\\/\"}}]}<\/script>\n<!-- \/ Yoast SEO plugin. -->","yoast_head_json":{"title":"D\u00e6kassistentens manuelle v\u00e6rkt\u00f8j - Mekulo DK","robots":{"index":"index","follow":"follow","max-snippet":"max-snippet:-1","max-image-preview":"max-image-preview:large","max-video-preview":"max-video-preview:-1"},"canonical":"https:\/\/mekulo.com\/dk\/produkt\/daekassistentens-manuelle-vaerktoej\/","og_locale":"da_DK","og_type":"article","og_title":"D\u00e6kassistentens manuelle v\u00e6rkt\u00f8j - Mekulo DK","og_description":"\ud83d\ude97Dette manuelle v\u00e6rkt\u00f8j til d\u00e6kassistance er en praktisk l\u00f8sning til hurtig d\u00e6kvedligeholdelse og n\u00f8dreparationer. \ud83d\udd29Den st\u00e6rke metalkonstruktion sikrer p\u00e5lidelighed, mens det kompakte design g\u00f8r det nemt at have med i bilen eller v\u00e6rkt\u00f8jskassen. \ud83d\udedeEt p\u00e5lideligt v\u00e6rkt\u00f8j til sikrere og nemmere d\u00e6kreparationer.","og_url":"https:\/\/mekulo.com\/dk\/produkt\/daekassistentens-manuelle-vaerktoej\/","og_site_name":"Mekulo DK","article_modified_time":"2026-02-17T07:13:00+00:00","og_image":[{"width":960,"height":960,"url":"https:\/\/mekulo.com\/dk\/wp-content\/uploads\/sites\/12\/2026\/02\/16huvti-1.jpg","type":"image\/jpeg"}],"twitter_card":"summary_large_image","twitter_misc":{"Estimeret l\u00e6setid":"2 minutter"},"schema":{"@context":"https:\/\/schema.org","@graph":[{"@type":"WebPage","@id":"https:\/\/mekulo.com\/dk\/produkt\/daekassistentens-manuelle-vaerktoej\/","url":"https:\/\/mekulo.com\/dk\/produkt\/daekassistentens-manuelle-vaerktoej\/","name":"D\u00e6kassistentens manuelle v\u00e6rkt\u00f8j - Mekulo DK","isPartOf":{"@id":"https:\/\/mekulo.com\/dk\/#website"},"primaryImageOfPage":{"@id":"https:\/\/mekulo.com\/dk\/produkt\/daekassistentens-manuelle-vaerktoej\/#primaryimage"},"image":{"@id":"https:\/\/mekulo.com\/dk\/produkt\/daekassistentens-manuelle-vaerktoej\/#primaryimage"},"thumbnailUrl":"https:\/\/mekulo.com\/dk\/wp-content\/uploads\/sites\/12\/2026\/02\/16huvti-1.jpg","datePublished":"2026-02-17T06:35:50+00:00","dateModified":"2026-02-17T07:13:00+00:00","breadcrumb":{"@id":"https:\/\/mekulo.com\/dk\/produkt\/daekassistentens-manuelle-vaerktoej\/#breadcrumb"},"inLanguage":"da-DK","potentialAction":[{"@type":"ReadAction","target":["https:\/\/mekulo.com\/dk\/produkt\/daekassistentens-manuelle-vaerktoej\/"]}]},{"@type":"ImageObject","inLanguage":"da-DK","@id":"https:\/\/mekulo.com\/dk\/produkt\/daekassistentens-manuelle-vaerktoej\/#primaryimage","url":"https:\/\/mekulo.com\/dk\/wp-content\/uploads\/sites\/12\/2026\/02\/16huvti-1.jpg","contentUrl":"https:\/\/mekulo.com\/dk\/wp-content\/uploads\/sites\/12\/2026\/02\/16huvti-1.jpg","width":960,"height":960},{"@type":"BreadcrumbList","@id":"https:\/\/mekulo.com\/dk\/produkt\/daekassistentens-manuelle-vaerktoej\/#breadcrumb","itemListElement":[{"@type":"ListItem","position":1,"name":"Home","item":"https:\/\/mekulo.com\/dk\/"},{"@type":"ListItem","position":2,"name":"Butik","item":"https:\/\/mekulo.com\/dk\/butik\/"},{"@type":"ListItem","position":3,"name":"D\u00e6kassistentens manuelle v\u00e6rkt\u00f8j"}]},{"@type":"WebSite","@id":"https:\/\/mekulo.com\/dk\/#website","url":"https:\/\/mekulo.com\/dk\/","name":"Mekulo DK","description":"","publisher":{"@id":"https:\/\/mekulo.com\/dk\/#organization"},"potentialAction":[{"@type":"SearchAction","target":{"@type":"EntryPoint","urlTemplate":"https:\/\/mekulo.com\/dk\/?s={search_term_string}"},"query-input":{"@type":"PropertyValueSpecification","valueRequired":true,"valueName":"search_term_string"}}],"inLanguage":"da-DK"},{"@type":"Organization","@id":"https:\/\/mekulo.com\/dk\/#organization","name":"Mekulo","url":"https:\/\/mekulo.com\/dk\/","logo":{"@type":"ImageObject","inLanguage":"da-DK","@id":"https:\/\/mekulo.com\/dk\/#\/schema\/logo\/image\/","url":"https:\/\/mekulo.com\/dk\/wp-content\/uploads\/sites\/12\/2025\/12\/favicon_mekulo.png","contentUrl":"https:\/\/mekulo.com\/dk\/wp-content\/uploads\/sites\/12\/2025\/12\/favicon_mekulo.png","width":50,"height":50,"caption":"Mekulo"},"image":{"@id":"https:\/\/mekulo.com\/dk\/#\/schema\/logo\/image\/"}}]}},"_links":{"self":[{"href":"https:\/\/mekulo.com\/dk\/wp-json\/wp\/v2\/product\/24629","targetHints":{"allow":["GET"]}}],"collection":[{"href":"https:\/\/mekulo.com\/dk\/wp-json\/wp\/v2\/product"}],"about":[{"href":"https:\/\/mekulo.com\/dk\/wp-json\/wp\/v2\/types\/product"}],"replies":[{"embeddable":true,"href":"https:\/\/mekulo.com\/dk\/wp-json\/wp\/v2\/comments?post=24629"}],"wp:featuredmedia":[{"embeddable":true,"href":"https:\/\/mekulo.com\/dk\/wp-json\/wp\/v2\/media\/24625"}],"wp:attachment":[{"href":"https:\/\/mekulo.com\/dk\/wp-json\/wp\/v2\/media?parent=24629"}],"wp:term":[{"taxonomy":"product_brand","embeddable":true,"href":"https:\/\/mekulo.com\/dk\/wp-json\/wp\/v2\/product_brand?post=24629"},{"taxonomy":"product_cat","embeddable":true,"href":"https:\/\/mekulo.com\/dk\/wp-json\/wp\/v2\/product_cat?post=24629"},{"taxonomy":"product_tag","embeddable":true,"href":"https:\/\/mekulo.com\/dk\/wp-json\/wp\/v2\/product_tag?post=24629"}],"curies":[{"name":"wp","href":"https:\/\/api.w.org\/{rel}","templated":true}]}}