{"id":24545,"date":"2026-02-17T08:29:16","date_gmt":"2026-02-17T06:29:16","guid":{"rendered":"https:\/\/mekulo.com\/dk\/produkt\/elegante-blomstrede-retro-oereringe\/"},"modified":"2026-03-02T12:31:57","modified_gmt":"2026-03-02T10:31:57","slug":"elegante-blomstrede-retro-oereringe","status":"publish","type":"product","link":"https:\/\/mekulo.com\/dk\/produkt\/elegante-blomstrede-retro-oereringe\/","title":{"rendered":"Elegante blomstrede retro-\u00f8reringe"},"content":{"rendered":"<p style=\"text-align: center\" data-start=\"41\" data-end=\"93\"><strong data-start=\"41\" data-end=\"93\">Tilf\u00f8jer \u00f8jeblikkelig elegance og glitter til ethvert outfit. \ud83c\udf38<\/strong><\/p>\n<p data-start=\"41\" data-end=\"93\"><img fetchpriority=\"high\" decoding=\"async\" class=\"size-full wp-image-25130 aligncenter\" src=\"https:\/\/mekulo.com\/template\/wp-content\/uploads\/sites\/6\/2026\/02\/3-10.jpeg\" alt=\"\" width=\"800\" height=\"800\" \/><\/p>\n<h2 style=\"text-align: center\" data-start=\"347\" data-end=\"368\"><strong>Hovedfordele \ud83c\udf38<\/strong><\/h2>\n<p data-start=\"372\" data-end=\"422\">\u2728 I\u00f8jnefaldende glans &#8211; Mousserende rhinestones.<\/p>\n<p data-start=\"425\" data-end=\"472\">\ud83c\udf38 Blomstret retrodesign &#8211; Vintage elegance.<\/p>\n<p data-start=\"475\" data-end=\"518\">\ud83e\udd0d Perleaccenter &#8211; Bl\u00f8dt, klassisk look.<\/p>\n<p data-start=\"521\" data-end=\"568\">\ud83d\udc42 Letv\u00e6gtsf\u00f8lelse &#8211; Behagelig at have p\u00e5.<\/p>\n<p data-start=\"521\" data-end=\"568\">\ud83d\udc8e Legering af h\u00f8j kvalitet &#8211; Holdbar og stilfuld.<\/p>\n<p data-start=\"623\" data-end=\"674\">\ud83d\udc57 Alsidigt tilbeh\u00f8r &#8211; Passer til mange outfits.<\/p>\n<p data-start=\"677\" data-end=\"730\">\ud83c\udf81 Smukt gavevalg &#8211; Ideel til dem, du holder af.<\/p>\n<p data-start=\"677\" data-end=\"730\"><img decoding=\"async\" class=\"size-full wp-image-25127 aligncenter\" src=\"https:\/\/mekulo.com\/template\/wp-content\/uploads\/sites\/6\/2026\/02\/c3e6f1c7-fde2-4291-9058-ebe8d90b47c0.webp\" alt=\"\" width=\"800\" height=\"858\" \/><\/p>\n<h2 style=\"text-align: center\" data-start=\"737\" data-end=\"755\"><strong>S\u00e5dan Bruges \ud83d\udccc<\/strong><\/h2>\n<ol data-start=\"757\" data-end=\"908\">\n<li data-start=\"757\" data-end=\"805\">\n<p data-start=\"760\" data-end=\"805\">S\u00e6t \u00f8reringsstiften i din piercing.<\/p>\n<\/li>\n<li data-start=\"806\" data-end=\"840\">\n<p data-start=\"809\" data-end=\"840\">Fastg\u00f8r den med baglukningen.<\/p>\n<\/li>\n<li data-start=\"841\" data-end=\"881\">\n<p data-start=\"844\" data-end=\"881\">S\u00e6t den sammen med formelle eller afslappede outfits.<\/p>\n<\/li>\n<li data-start=\"882\" data-end=\"908\">\n<p data-start=\"885\" data-end=\"908\">Opbevar den sikkert efter brug.<\/p>\n<\/li>\n<\/ol>\n<h2 style=\"text-align: center\" data-start=\"915\" data-end=\"938\"><strong>Produktdetaljer \ud83d\udccf<\/strong><\/h2>\n<ul data-start=\"940\" data-end=\"1212\">\n<li data-start=\"991\" data-end=\"1027\">\n<p data-start=\"993\" data-end=\"1027\">Materiale: Legering af h\u00f8j kvalitet<\/p>\n<\/li>\n<li data-start=\"1028\" data-end=\"1074\">\n<p data-start=\"1030\" data-end=\"1074\">Dekorationer: Falske perler og rhinsten<\/p>\n<\/li>\n<li data-start=\"1075\" data-end=\"1114\">\n<p data-start=\"1077\" data-end=\"1114\">Stil: Blomster \/ Retro \/ Elegant<\/p>\n<\/li>\n<li data-start=\"1115\" data-end=\"1160\">\n<p data-start=\"1117\" data-end=\"1160\">V\u00e6gt: Letv\u00e6gt til daglig komfort<\/p>\n<\/li>\n<li data-start=\"1161\" data-end=\"1212\">\n<p data-start=\"1163\" data-end=\"1212\">Anvendelser: Bryllup, fest, bal, events<\/p>\n<\/li>\n<li data-start=\"1161\" data-end=\"1212\">St\u00f8rrelse: 3 x 2,3 cm<\/li>\n<\/ul>\n<h2 style=\"text-align: center\" data-start=\"1219\" data-end=\"1243\"><strong>Pakken Indeholder \ud83d\udce6<\/strong><\/h2>\n<ul data-start=\"1245\" data-end=\"1286\">\n<li data-start=\"1245\" data-end=\"1286\">\n<p data-start=\"1247\" data-end=\"1286\">1x par elegante blomstrede retro-\u00f8reringe.<\/p>\n<\/li>\n<\/ul>\n","protected":false},"excerpt":{"rendered":"<p>\ud83d\udcaeDisse elegante blomstrede retro\u00f8reringe kombinerer glitrende rhinsten, bl\u00f8de imiterede perler og et vintageinspireret blomsterdesign.<br \/>\n\ud83d\udc57De er perfekte til s\u00e6rlige lejligheder eller til at l\u00f8fte hverdagsstilen.<br \/>\n\ud83c\udf80Letv\u00e6gtskonstruktionen g\u00f8r dem behagelige hele dagen.<\/p>\n","protected":false},"featured_media":24541,"comment_status":"open","ping_status":"closed","template":"","meta":{"site-sidebar-layout":"default","site-content-layout":"","ast-site-content-layout":"default","site-content-style":"default","site-sidebar-style":"default","ast-global-header-display":"","ast-banner-title-visibility":"","ast-main-header-display":"","ast-hfb-above-header-display":"","ast-hfb-below-header-display":"","ast-hfb-mobile-header-display":"","site-post-title":"","ast-breadcrumbs-content":"","ast-featured-img":"","footer-sml-layout":"","ast-disable-related-posts":"","theme-transparent-header-meta":"default","adv-header-id-meta":"","stick-header-meta":"","header-above-stick-meta":"","header-main-stick-meta":"","header-below-stick-meta":"","astra-migrate-meta-layouts":"set","ast-page-background-enabled":"default","ast-page-background-meta":{"desktop":{"background-color":"var(--ast-global-color-5)","background-image":"","background-repeat":"repeat","background-position":"center center","background-size":"auto","background-attachment":"scroll","background-type":"","background-media":"","overlay-type":"","overlay-color":"","overlay-opacity":"","overlay-gradient":""},"tablet":{"background-color":"","background-image":"","background-repeat":"repeat","background-position":"center center","background-size":"auto","background-attachment":"scroll","background-type":"","background-media":"","overlay-type":"","overlay-color":"","overlay-opacity":"","overlay-gradient":""},"mobile":{"background-color":"","background-image":"","background-repeat":"repeat","background-position":"center center","background-size":"auto","background-attachment":"scroll","background-type":"","background-media":"","overlay-type":"","overlay-color":"","overlay-opacity":"","overlay-gradient":""}},"ast-content-background-meta":{"desktop":{"background-color":"var(--ast-global-color-4)","background-image":"","background-repeat":"repeat","background-position":"center center","background-size":"auto","background-attachment":"scroll","background-type":"","background-media":"","overlay-type":"","overlay-color":"","overlay-opacity":"","overlay-gradient":""},"tablet":{"background-color":"var(--ast-global-color-4)","background-image":"","background-repeat":"repeat","background-position":"center center","background-size":"auto","background-attachment":"scroll","background-type":"","background-media":"","overlay-type":"","overlay-color":"","overlay-opacity":"","overlay-gradient":""},"mobile":{"background-color":"var(--ast-global-color-4)","background-image":"","background-repeat":"repeat","background-position":"center center","background-size":"auto","background-attachment":"scroll","background-type":"","background-media":"","overlay-type":"","overlay-color":"","overlay-opacity":"","overlay-gradient":""}}},"product_brand":[],"product_cat":[165],"product_tag":[],"class_list":{"0":"post-24545","1":"product","2":"type-product","3":"status-publish","4":"has-post-thumbnail","6":"product_cat-fodtoej-tilbehoer","7":"pa_60038_qtxe0u6j-groen","8":"pa_60038_qtxe0u6j-guld","9":"pa_60038_qtxe0u6j-lyseroed","10":"desktop-align-left","11":"tablet-align-left","12":"mobile-align-left","14":"first","15":"instock","16":"shipping-taxable","17":"purchasable","18":"product-type-variable"},"yoast_head":"<!-- This site is optimized with the Yoast SEO plugin v27.4 - https:\/\/yoast.com\/product\/yoast-seo-wordpress\/ -->\n<title>Elegante blomstrede retro-\u00f8reringe - Mekulo DK<\/title>\n<meta name=\"robots\" content=\"index, follow, max-snippet:-1, max-image-preview:large, max-video-preview:-1\" \/>\n<link rel=\"canonical\" href=\"https:\/\/mekulo.com\/dk\/produkt\/elegante-blomstrede-retro-oereringe\/\" \/>\n<meta property=\"og:locale\" content=\"da_DK\" \/>\n<meta property=\"og:type\" content=\"article\" \/>\n<meta property=\"og:title\" content=\"Elegante blomstrede retro-\u00f8reringe - Mekulo DK\" \/>\n<meta property=\"og:description\" content=\"\ud83d\udcaeDisse elegante blomstrede retro\u00f8reringe kombinerer glitrende rhinsten, bl\u00f8de imiterede perler og et vintageinspireret blomsterdesign. \ud83d\udc57De er perfekte til s\u00e6rlige lejligheder eller til at l\u00f8fte hverdagsstilen. \ud83c\udf80Letv\u00e6gtskonstruktionen g\u00f8r dem behagelige hele dagen.\" \/>\n<meta property=\"og:url\" content=\"https:\/\/mekulo.com\/dk\/produkt\/elegante-blomstrede-retro-oereringe\/\" \/>\n<meta property=\"og:site_name\" content=\"Mekulo DK\" \/>\n<meta property=\"article:modified_time\" content=\"2026-03-02T10:31:57+00:00\" \/>\n<meta property=\"og:image\" content=\"https:\/\/mekulo.com\/dk\/wp-content\/uploads\/sites\/12\/2026\/02\/yidl00o-1.jpeg\" \/>\n\t<meta property=\"og:image:width\" content=\"800\" \/>\n\t<meta property=\"og:image:height\" content=\"800\" \/>\n\t<meta property=\"og:image:type\" content=\"image\/jpeg\" \/>\n<meta name=\"twitter:card\" content=\"summary_large_image\" \/>\n<meta name=\"twitter:label1\" content=\"Estimeret l\u00e6setid\" \/>\n\t<meta name=\"twitter:data1\" content=\"2 minutter\" \/>\n<script type=\"application\/ld+json\" class=\"yoast-schema-graph\">{\"@context\":\"https:\\\/\\\/schema.org\",\"@graph\":[{\"@type\":\"WebPage\",\"@id\":\"https:\\\/\\\/mekulo.com\\\/dk\\\/produkt\\\/elegante-blomstrede-retro-oereringe\\\/\",\"url\":\"https:\\\/\\\/mekulo.com\\\/dk\\\/produkt\\\/elegante-blomstrede-retro-oereringe\\\/\",\"name\":\"Elegante blomstrede retro-\u00f8reringe - Mekulo DK\",\"isPartOf\":{\"@id\":\"https:\\\/\\\/mekulo.com\\\/dk\\\/#website\"},\"primaryImageOfPage\":{\"@id\":\"https:\\\/\\\/mekulo.com\\\/dk\\\/produkt\\\/elegante-blomstrede-retro-oereringe\\\/#primaryimage\"},\"image\":{\"@id\":\"https:\\\/\\\/mekulo.com\\\/dk\\\/produkt\\\/elegante-blomstrede-retro-oereringe\\\/#primaryimage\"},\"thumbnailUrl\":\"https:\\\/\\\/mekulo.com\\\/dk\\\/wp-content\\\/uploads\\\/sites\\\/12\\\/2026\\\/02\\\/yidl00o-1.jpeg\",\"datePublished\":\"2026-02-17T06:29:16+00:00\",\"dateModified\":\"2026-03-02T10:31:57+00:00\",\"breadcrumb\":{\"@id\":\"https:\\\/\\\/mekulo.com\\\/dk\\\/produkt\\\/elegante-blomstrede-retro-oereringe\\\/#breadcrumb\"},\"inLanguage\":\"da-DK\",\"potentialAction\":[{\"@type\":\"ReadAction\",\"target\":[\"https:\\\/\\\/mekulo.com\\\/dk\\\/produkt\\\/elegante-blomstrede-retro-oereringe\\\/\"]}]},{\"@type\":\"ImageObject\",\"inLanguage\":\"da-DK\",\"@id\":\"https:\\\/\\\/mekulo.com\\\/dk\\\/produkt\\\/elegante-blomstrede-retro-oereringe\\\/#primaryimage\",\"url\":\"https:\\\/\\\/mekulo.com\\\/dk\\\/wp-content\\\/uploads\\\/sites\\\/12\\\/2026\\\/02\\\/yidl00o-1.jpeg\",\"contentUrl\":\"https:\\\/\\\/mekulo.com\\\/dk\\\/wp-content\\\/uploads\\\/sites\\\/12\\\/2026\\\/02\\\/yidl00o-1.jpeg\",\"width\":800,\"height\":800},{\"@type\":\"BreadcrumbList\",\"@id\":\"https:\\\/\\\/mekulo.com\\\/dk\\\/produkt\\\/elegante-blomstrede-retro-oereringe\\\/#breadcrumb\",\"itemListElement\":[{\"@type\":\"ListItem\",\"position\":1,\"name\":\"Home\",\"item\":\"https:\\\/\\\/mekulo.com\\\/dk\\\/\"},{\"@type\":\"ListItem\",\"position\":2,\"name\":\"Butik\",\"item\":\"https:\\\/\\\/mekulo.com\\\/dk\\\/butik\\\/\"},{\"@type\":\"ListItem\",\"position\":3,\"name\":\"Elegante blomstrede retro-\u00f8reringe\"}]},{\"@type\":\"WebSite\",\"@id\":\"https:\\\/\\\/mekulo.com\\\/dk\\\/#website\",\"url\":\"https:\\\/\\\/mekulo.com\\\/dk\\\/\",\"name\":\"Mekulo DK\",\"description\":\"\",\"publisher\":{\"@id\":\"https:\\\/\\\/mekulo.com\\\/dk\\\/#organization\"},\"potentialAction\":[{\"@type\":\"SearchAction\",\"target\":{\"@type\":\"EntryPoint\",\"urlTemplate\":\"https:\\\/\\\/mekulo.com\\\/dk\\\/?s={search_term_string}\"},\"query-input\":{\"@type\":\"PropertyValueSpecification\",\"valueRequired\":true,\"valueName\":\"search_term_string\"}}],\"inLanguage\":\"da-DK\"},{\"@type\":\"Organization\",\"@id\":\"https:\\\/\\\/mekulo.com\\\/dk\\\/#organization\",\"name\":\"Mekulo\",\"url\":\"https:\\\/\\\/mekulo.com\\\/dk\\\/\",\"logo\":{\"@type\":\"ImageObject\",\"inLanguage\":\"da-DK\",\"@id\":\"https:\\\/\\\/mekulo.com\\\/dk\\\/#\\\/schema\\\/logo\\\/image\\\/\",\"url\":\"https:\\\/\\\/mekulo.com\\\/dk\\\/wp-content\\\/uploads\\\/sites\\\/12\\\/2025\\\/12\\\/favicon_mekulo.png\",\"contentUrl\":\"https:\\\/\\\/mekulo.com\\\/dk\\\/wp-content\\\/uploads\\\/sites\\\/12\\\/2025\\\/12\\\/favicon_mekulo.png\",\"width\":50,\"height\":50,\"caption\":\"Mekulo\"},\"image\":{\"@id\":\"https:\\\/\\\/mekulo.com\\\/dk\\\/#\\\/schema\\\/logo\\\/image\\\/\"}}]}<\/script>\n<!-- \/ Yoast SEO plugin. -->","yoast_head_json":{"title":"Elegante blomstrede retro-\u00f8reringe - Mekulo DK","robots":{"index":"index","follow":"follow","max-snippet":"max-snippet:-1","max-image-preview":"max-image-preview:large","max-video-preview":"max-video-preview:-1"},"canonical":"https:\/\/mekulo.com\/dk\/produkt\/elegante-blomstrede-retro-oereringe\/","og_locale":"da_DK","og_type":"article","og_title":"Elegante blomstrede retro-\u00f8reringe - Mekulo DK","og_description":"\ud83d\udcaeDisse elegante blomstrede retro\u00f8reringe kombinerer glitrende rhinsten, bl\u00f8de imiterede perler og et vintageinspireret blomsterdesign. \ud83d\udc57De er perfekte til s\u00e6rlige lejligheder eller til at l\u00f8fte hverdagsstilen. \ud83c\udf80Letv\u00e6gtskonstruktionen g\u00f8r dem behagelige hele dagen.","og_url":"https:\/\/mekulo.com\/dk\/produkt\/elegante-blomstrede-retro-oereringe\/","og_site_name":"Mekulo DK","article_modified_time":"2026-03-02T10:31:57+00:00","og_image":[{"width":800,"height":800,"url":"https:\/\/mekulo.com\/dk\/wp-content\/uploads\/sites\/12\/2026\/02\/yidl00o-1.jpeg","type":"image\/jpeg"}],"twitter_card":"summary_large_image","twitter_misc":{"Estimeret l\u00e6setid":"2 minutter"},"schema":{"@context":"https:\/\/schema.org","@graph":[{"@type":"WebPage","@id":"https:\/\/mekulo.com\/dk\/produkt\/elegante-blomstrede-retro-oereringe\/","url":"https:\/\/mekulo.com\/dk\/produkt\/elegante-blomstrede-retro-oereringe\/","name":"Elegante blomstrede retro-\u00f8reringe - Mekulo DK","isPartOf":{"@id":"https:\/\/mekulo.com\/dk\/#website"},"primaryImageOfPage":{"@id":"https:\/\/mekulo.com\/dk\/produkt\/elegante-blomstrede-retro-oereringe\/#primaryimage"},"image":{"@id":"https:\/\/mekulo.com\/dk\/produkt\/elegante-blomstrede-retro-oereringe\/#primaryimage"},"thumbnailUrl":"https:\/\/mekulo.com\/dk\/wp-content\/uploads\/sites\/12\/2026\/02\/yidl00o-1.jpeg","datePublished":"2026-02-17T06:29:16+00:00","dateModified":"2026-03-02T10:31:57+00:00","breadcrumb":{"@id":"https:\/\/mekulo.com\/dk\/produkt\/elegante-blomstrede-retro-oereringe\/#breadcrumb"},"inLanguage":"da-DK","potentialAction":[{"@type":"ReadAction","target":["https:\/\/mekulo.com\/dk\/produkt\/elegante-blomstrede-retro-oereringe\/"]}]},{"@type":"ImageObject","inLanguage":"da-DK","@id":"https:\/\/mekulo.com\/dk\/produkt\/elegante-blomstrede-retro-oereringe\/#primaryimage","url":"https:\/\/mekulo.com\/dk\/wp-content\/uploads\/sites\/12\/2026\/02\/yidl00o-1.jpeg","contentUrl":"https:\/\/mekulo.com\/dk\/wp-content\/uploads\/sites\/12\/2026\/02\/yidl00o-1.jpeg","width":800,"height":800},{"@type":"BreadcrumbList","@id":"https:\/\/mekulo.com\/dk\/produkt\/elegante-blomstrede-retro-oereringe\/#breadcrumb","itemListElement":[{"@type":"ListItem","position":1,"name":"Home","item":"https:\/\/mekulo.com\/dk\/"},{"@type":"ListItem","position":2,"name":"Butik","item":"https:\/\/mekulo.com\/dk\/butik\/"},{"@type":"ListItem","position":3,"name":"Elegante blomstrede retro-\u00f8reringe"}]},{"@type":"WebSite","@id":"https:\/\/mekulo.com\/dk\/#website","url":"https:\/\/mekulo.com\/dk\/","name":"Mekulo DK","description":"","publisher":{"@id":"https:\/\/mekulo.com\/dk\/#organization"},"potentialAction":[{"@type":"SearchAction","target":{"@type":"EntryPoint","urlTemplate":"https:\/\/mekulo.com\/dk\/?s={search_term_string}"},"query-input":{"@type":"PropertyValueSpecification","valueRequired":true,"valueName":"search_term_string"}}],"inLanguage":"da-DK"},{"@type":"Organization","@id":"https:\/\/mekulo.com\/dk\/#organization","name":"Mekulo","url":"https:\/\/mekulo.com\/dk\/","logo":{"@type":"ImageObject","inLanguage":"da-DK","@id":"https:\/\/mekulo.com\/dk\/#\/schema\/logo\/image\/","url":"https:\/\/mekulo.com\/dk\/wp-content\/uploads\/sites\/12\/2025\/12\/favicon_mekulo.png","contentUrl":"https:\/\/mekulo.com\/dk\/wp-content\/uploads\/sites\/12\/2025\/12\/favicon_mekulo.png","width":50,"height":50,"caption":"Mekulo"},"image":{"@id":"https:\/\/mekulo.com\/dk\/#\/schema\/logo\/image\/"}}]}},"_links":{"self":[{"href":"https:\/\/mekulo.com\/dk\/wp-json\/wp\/v2\/product\/24545","targetHints":{"allow":["GET"]}}],"collection":[{"href":"https:\/\/mekulo.com\/dk\/wp-json\/wp\/v2\/product"}],"about":[{"href":"https:\/\/mekulo.com\/dk\/wp-json\/wp\/v2\/types\/product"}],"replies":[{"embeddable":true,"href":"https:\/\/mekulo.com\/dk\/wp-json\/wp\/v2\/comments?post=24545"}],"wp:featuredmedia":[{"embeddable":true,"href":"https:\/\/mekulo.com\/dk\/wp-json\/wp\/v2\/media\/24541"}],"wp:attachment":[{"href":"https:\/\/mekulo.com\/dk\/wp-json\/wp\/v2\/media?parent=24545"}],"wp:term":[{"taxonomy":"product_brand","embeddable":true,"href":"https:\/\/mekulo.com\/dk\/wp-json\/wp\/v2\/product_brand?post=24545"},{"taxonomy":"product_cat","embeddable":true,"href":"https:\/\/mekulo.com\/dk\/wp-json\/wp\/v2\/product_cat?post=24545"},{"taxonomy":"product_tag","embeddable":true,"href":"https:\/\/mekulo.com\/dk\/wp-json\/wp\/v2\/product_tag?post=24545"}],"curies":[{"name":"wp","href":"https:\/\/api.w.org\/{rel}","templated":true}]}}