{"id":24514,"date":"2026-02-17T08:26:42","date_gmt":"2026-02-17T06:26:42","guid":{"rendered":"https:\/\/mekulo.com\/dk\/produkt\/vaerktoej-til-udvendig-affasning-2-stk\/"},"modified":"2026-03-02T12:33:02","modified_gmt":"2026-03-02T10:33:02","slug":"vaerktoej-til-udvendig-affasning-2-stk","status":"publish","type":"product","link":"https:\/\/mekulo.com\/dk\/produkt\/vaerktoej-til-udvendig-affasning-2-stk\/","title":{"rendered":"V\u00e6rkt\u00f8j til udvendig affasning (2 stk.)"},"content":{"rendered":"<p style=\"text-align: center\" data-start=\"0\" data-end=\"52\"><strong data-start=\"0\" data-end=\"52\">Skaber glatte, rene kanter p\u00e5 metal p\u00e5 f\u00e5 sekunder. \ud83d\udd29<\/strong><\/p>\n<p data-start=\"0\" data-end=\"52\"><img fetchpriority=\"high\" decoding=\"async\" class=\"size-full wp-image-25106 aligncenter\" src=\"https:\/\/mekulo.com\/template\/wp-content\/uploads\/sites\/6\/2026\/02\/S4da8f937391e4fbc98172463248dd2ad7.jpg_960x960q75.jpg_.avif\" alt=\"\" width=\"960\" height=\"960\" \/><\/p>\n<h2 style=\"text-align: center\" data-start=\"274\" data-end=\"295\"><strong>Hovedfordele \ud83d\udd27<\/strong><\/h2>\n<p data-start=\"299\" data-end=\"353\">\ud83d\udd27 Afgrater og affaser &#8211; Rene, professionelle kanter.<\/p>\n<p data-start=\"356\" data-end=\"409\">\u26a1 H\u00f8jhastighedsst\u00e5l &#8211; Holdbart og varmebestandigt.<\/p>\n<p data-start=\"412\" data-end=\"468\">\ud83c\udfaf Pr\u00e6cisionssk\u00e6ring &#8211; Glatte og pr\u00e6cise resultater.<\/p>\n<p data-start=\"471\" data-end=\"523\">\ud83d\udd3a Trekantet skaft &#8211; Sikker, skridsikker boretilpasning.<\/p>\n<p data-start=\"526\" data-end=\"577\">\ud83d\udee1\ufe0f Slidst\u00e6rk &#8211; Langvarig ydeevne.<\/p>\n<p data-start=\"580\" data-end=\"639\">\ud83d\udd29 Bred anvendelse &#8211; Bolte, st\u00e6nger, r\u00f8r, metaldele.<\/p>\n<p data-start=\"642\" data-end=\"698\">\ud83d\udd0c Borekompatibel &#8211; Fungerer med de fleste boremaskiner.<\/p>\n<p data-start=\"642\" data-end=\"698\"><img decoding=\"async\" class=\"size-full wp-image-25107 aligncenter\" src=\"https:\/\/mekulo.com\/template\/wp-content\/uploads\/sites\/6\/2026\/02\/S59ca927fd6c24177a9f0f323cffa085dJ.jpg_960x960q75.jpg_.avif\" alt=\"\" width=\"960\" height=\"960\" \/><\/p>\n<h2 style=\"text-align: center\" data-start=\"705\" data-end=\"723\"><strong>S\u00e5dan Bruges \ud83d\udccc<\/strong><\/h2>\n<ol data-start=\"725\" data-end=\"910\">\n<li data-start=\"725\" data-end=\"768\">\n<p data-start=\"728\" data-end=\"768\">S\u00e6t v\u00e6rkt\u00f8jet i din borepatron.<\/p>\n<\/li>\n<li data-start=\"769\" data-end=\"791\">\n<p data-start=\"772\" data-end=\"791\">Sp\u00e6nd godt til.<\/p>\n<\/li>\n<li data-start=\"792\" data-end=\"834\">\n<p data-start=\"795\" data-end=\"834\">Placer v\u00e6rkt\u00f8jet over kanten eller bolten.<\/p>\n<\/li>\n<li data-start=\"835\" data-end=\"872\">\n<p data-start=\"838\" data-end=\"872\">K\u00f8r boret ved moderat hastighed.<\/p>\n<\/li>\n<li data-start=\"873\" data-end=\"910\">\n<p data-start=\"876\" data-end=\"910\">Tryk let, indtil det er glat.<\/p>\n<\/li>\n<\/ol>\n<h2 style=\"text-align: center\" data-start=\"917\" data-end=\"940\"><strong>Produktdetaljer \ud83d\udccf<\/strong><\/h2>\n<ul data-start=\"942\" data-end=\"1212\">\n<li data-start=\"987\" data-end=\"1027\">\n<p data-start=\"989\" data-end=\"1027\">Materiale: H\u00f8jhastighedsst\u00e5l (HSS)<\/p>\n<\/li>\n<li data-start=\"1028\" data-end=\"1062\">\n<p data-start=\"1030\" data-end=\"1062\">Skafttype: Trekantet skaft<\/p>\n<\/li>\n<li data-start=\"1063\" data-end=\"1103\">\n<p data-start=\"1065\" data-end=\"1103\">Funktion: Afgratning og affasning<\/p>\n<\/li>\n<li data-start=\"1104\" data-end=\"1152\">\n<p data-start=\"1106\" data-end=\"1152\">Kompatibilitet: Passer til de fleste standardbor<\/p>\n<\/li>\n<li data-start=\"1153\" data-end=\"1212\">\n<p data-start=\"1155\" data-end=\"1212\">Brug p\u00e5: Rustfrit st\u00e5l, aluminium og andre metaller<\/p>\n<\/li>\n<li data-start=\"1153\" data-end=\"1212\">St\u00f8rrelse: 33 x 28 x 7 mm<\/li>\n<\/ul>\n<h2 style=\"text-align: center\" data-start=\"1219\" data-end=\"1243\"><strong>Pakken Indeholder \ud83d\udce6<\/strong><\/h2>\n<ul data-start=\"1245\" data-end=\"1275\">\n<li data-start=\"1245\" data-end=\"1275\">\n<p data-start=\"1247\" data-end=\"1275\">2x udvendige affasningsv\u00e6rkt\u00f8jer.<\/p>\n<\/li>\n<\/ul>\n","protected":false},"excerpt":{"rendered":"<p>\ud83d\udd29Dette udvendige affasningsv\u00e6rkt\u00f8j hj\u00e6lper med at fjerne grater og tilf\u00f8je pr\u00e6cise affasninger ved hj\u00e6lp af en standardboremaskine.<br \/>\n\ud83e\uddf0Det forbedrer sikkerhed, pasform og finish p\u00e5 bolte, st\u00e6nger og r\u00f8r.<br \/>\n\ud83d\udc69\u200d\ud83d\udd27Perfect til v\u00e6rksteder, reparationer og g\u00f8r-det-selv-projekter. Et enkelt v\u00e6rkt\u00f8j til sikrere h\u00e5ndtering og renere metalfinish.<\/p>\n","protected":false},"featured_media":24510,"comment_status":"open","ping_status":"closed","template":"","meta":{"site-sidebar-layout":"default","site-content-layout":"","ast-site-content-layout":"default","site-content-style":"default","site-sidebar-style":"default","ast-global-header-display":"","ast-banner-title-visibility":"","ast-main-header-display":"","ast-hfb-above-header-display":"","ast-hfb-below-header-display":"","ast-hfb-mobile-header-display":"","site-post-title":"","ast-breadcrumbs-content":"","ast-featured-img":"","footer-sml-layout":"","theme-transparent-header-meta":"default","adv-header-id-meta":"","stick-header-meta":"","header-above-stick-meta":"","header-main-stick-meta":"","header-below-stick-meta":"","astra-migrate-meta-layouts":"set","ast-page-background-enabled":"default","ast-page-background-meta":{"desktop":{"background-color":"var(--ast-global-color-5)","background-image":"","background-repeat":"repeat","background-position":"center center","background-size":"auto","background-attachment":"scroll","background-type":"","background-media":"","overlay-type":"","overlay-color":"","overlay-opacity":"","overlay-gradient":""},"tablet":{"background-color":"","background-image":"","background-repeat":"repeat","background-position":"center center","background-size":"auto","background-attachment":"scroll","background-type":"","background-media":"","overlay-type":"","overlay-color":"","overlay-opacity":"","overlay-gradient":""},"mobile":{"background-color":"","background-image":"","background-repeat":"repeat","background-position":"center center","background-size":"auto","background-attachment":"scroll","background-type":"","background-media":"","overlay-type":"","overlay-color":"","overlay-opacity":"","overlay-gradient":""}},"ast-content-background-meta":{"desktop":{"background-color":"var(--ast-global-color-4)","background-image":"","background-repeat":"repeat","background-position":"center center","background-size":"auto","background-attachment":"scroll","background-type":"","background-media":"","overlay-type":"","overlay-color":"","overlay-opacity":"","overlay-gradient":""},"tablet":{"background-color":"var(--ast-global-color-4)","background-image":"","background-repeat":"repeat","background-position":"center center","background-size":"auto","background-attachment":"scroll","background-type":"","background-media":"","overlay-type":"","overlay-color":"","overlay-opacity":"","overlay-gradient":""},"mobile":{"background-color":"var(--ast-global-color-4)","background-image":"","background-repeat":"repeat","background-position":"center center","background-size":"auto","background-attachment":"scroll","background-type":"","background-media":"","overlay-type":"","overlay-color":"","overlay-opacity":"","overlay-gradient":""}}},"product_brand":[],"product_cat":[171],"product_tag":[],"class_list":{"0":"post-24514","1":"product","2":"type-product","3":"status-publish","4":"has-post-thumbnail","6":"product_cat-vaerktoejer","7":"pa_60028_w65pg09n-guld","8":"pa_60028_w65pg09n-soelv","9":"pa_60028_w65pg09n-sort","10":"desktop-align-left","11":"tablet-align-left","12":"mobile-align-left","14":"first","15":"instock","16":"shipping-taxable","17":"purchasable","18":"product-type-variable"},"yoast_head":"<!-- This site is optimized with the Yoast SEO plugin v26.6 - https:\/\/yoast.com\/wordpress\/plugins\/seo\/ -->\n<title>V\u00e6rkt\u00f8j til udvendig affasning (2 stk.) - Mekulo DK<\/title>\n<meta name=\"robots\" content=\"index, follow, max-snippet:-1, max-image-preview:large, max-video-preview:-1\" \/>\n<link rel=\"canonical\" href=\"https:\/\/mekulo.com\/dk\/produkt\/vaerktoej-til-udvendig-affasning-2-stk\/\" \/>\n<meta property=\"og:locale\" content=\"da_DK\" \/>\n<meta property=\"og:type\" content=\"article\" \/>\n<meta property=\"og:title\" content=\"V\u00e6rkt\u00f8j til udvendig affasning (2 stk.) - Mekulo DK\" \/>\n<meta property=\"og:description\" content=\"\ud83d\udd29Dette udvendige affasningsv\u00e6rkt\u00f8j hj\u00e6lper med at fjerne grater og tilf\u00f8je pr\u00e6cise affasninger ved hj\u00e6lp af en standardboremaskine. \ud83e\uddf0Det forbedrer sikkerhed, pasform og finish p\u00e5 bolte, st\u00e6nger og r\u00f8r. \ud83d\udc69\u200d\ud83d\udd27Perfect til v\u00e6rksteder, reparationer og g\u00f8r-det-selv-projekter. Et enkelt v\u00e6rkt\u00f8j til sikrere h\u00e5ndtering og renere metalfinish.\" \/>\n<meta property=\"og:url\" content=\"https:\/\/mekulo.com\/dk\/produkt\/vaerktoej-til-udvendig-affasning-2-stk\/\" \/>\n<meta property=\"og:site_name\" content=\"Mekulo DK\" \/>\n<meta property=\"article:modified_time\" content=\"2026-03-02T10:33:02+00:00\" \/>\n<meta property=\"og:image\" content=\"https:\/\/mekulo.com\/dk\/wp-content\/uploads\/sites\/12\/2026\/02\/w3h06rc-1.jpg\" \/>\n\t<meta property=\"og:image:width\" content=\"960\" \/>\n\t<meta property=\"og:image:height\" content=\"960\" \/>\n\t<meta property=\"og:image:type\" content=\"image\/jpeg\" \/>\n<meta name=\"twitter:card\" content=\"summary_large_image\" \/>\n<meta name=\"twitter:label1\" content=\"Estimeret l\u00e6setid\" \/>\n\t<meta name=\"twitter:data1\" content=\"2 minutter\" \/>\n<script type=\"application\/ld+json\" class=\"yoast-schema-graph\">{\"@context\":\"https:\/\/schema.org\",\"@graph\":[{\"@type\":\"WebPage\",\"@id\":\"https:\/\/mekulo.com\/dk\/produkt\/vaerktoej-til-udvendig-affasning-2-stk\/\",\"url\":\"https:\/\/mekulo.com\/dk\/produkt\/vaerktoej-til-udvendig-affasning-2-stk\/\",\"name\":\"V\u00e6rkt\u00f8j til udvendig affasning (2 stk.) - Mekulo DK\",\"isPartOf\":{\"@id\":\"https:\/\/mekulo.com\/dk\/#website\"},\"primaryImageOfPage\":{\"@id\":\"https:\/\/mekulo.com\/dk\/produkt\/vaerktoej-til-udvendig-affasning-2-stk\/#primaryimage\"},\"image\":{\"@id\":\"https:\/\/mekulo.com\/dk\/produkt\/vaerktoej-til-udvendig-affasning-2-stk\/#primaryimage\"},\"thumbnailUrl\":\"https:\/\/mekulo.com\/dk\/wp-content\/uploads\/sites\/12\/2026\/02\/w3h06rc-1.jpg\",\"datePublished\":\"2026-02-17T06:26:42+00:00\",\"dateModified\":\"2026-03-02T10:33:02+00:00\",\"breadcrumb\":{\"@id\":\"https:\/\/mekulo.com\/dk\/produkt\/vaerktoej-til-udvendig-affasning-2-stk\/#breadcrumb\"},\"inLanguage\":\"da-DK\",\"potentialAction\":[{\"@type\":\"ReadAction\",\"target\":[\"https:\/\/mekulo.com\/dk\/produkt\/vaerktoej-til-udvendig-affasning-2-stk\/\"]}]},{\"@type\":\"ImageObject\",\"inLanguage\":\"da-DK\",\"@id\":\"https:\/\/mekulo.com\/dk\/produkt\/vaerktoej-til-udvendig-affasning-2-stk\/#primaryimage\",\"url\":\"https:\/\/mekulo.com\/dk\/wp-content\/uploads\/sites\/12\/2026\/02\/w3h06rc-1.jpg\",\"contentUrl\":\"https:\/\/mekulo.com\/dk\/wp-content\/uploads\/sites\/12\/2026\/02\/w3h06rc-1.jpg\",\"width\":960,\"height\":960},{\"@type\":\"BreadcrumbList\",\"@id\":\"https:\/\/mekulo.com\/dk\/produkt\/vaerktoej-til-udvendig-affasning-2-stk\/#breadcrumb\",\"itemListElement\":[{\"@type\":\"ListItem\",\"position\":1,\"name\":\"Home\",\"item\":\"https:\/\/mekulo.com\/dk\/\"},{\"@type\":\"ListItem\",\"position\":2,\"name\":\"Butik\",\"item\":\"https:\/\/mekulo.com\/dk\/butik\/\"},{\"@type\":\"ListItem\",\"position\":3,\"name\":\"V\u00e6rkt\u00f8j til udvendig affasning (2 stk.)\"}]},{\"@type\":\"WebSite\",\"@id\":\"https:\/\/mekulo.com\/dk\/#website\",\"url\":\"https:\/\/mekulo.com\/dk\/\",\"name\":\"Mekulo DK\",\"description\":\"\",\"publisher\":{\"@id\":\"https:\/\/mekulo.com\/dk\/#organization\"},\"potentialAction\":[{\"@type\":\"SearchAction\",\"target\":{\"@type\":\"EntryPoint\",\"urlTemplate\":\"https:\/\/mekulo.com\/dk\/?s={search_term_string}\"},\"query-input\":{\"@type\":\"PropertyValueSpecification\",\"valueRequired\":true,\"valueName\":\"search_term_string\"}}],\"inLanguage\":\"da-DK\"},{\"@type\":\"Organization\",\"@id\":\"https:\/\/mekulo.com\/dk\/#organization\",\"name\":\"Mekulo\",\"url\":\"https:\/\/mekulo.com\/dk\/\",\"logo\":{\"@type\":\"ImageObject\",\"inLanguage\":\"da-DK\",\"@id\":\"https:\/\/mekulo.com\/dk\/#\/schema\/logo\/image\/\",\"url\":\"https:\/\/mekulo.com\/dk\/wp-content\/uploads\/sites\/12\/2025\/12\/favicon_mekulo.png\",\"contentUrl\":\"https:\/\/mekulo.com\/dk\/wp-content\/uploads\/sites\/12\/2025\/12\/favicon_mekulo.png\",\"width\":50,\"height\":50,\"caption\":\"Mekulo\"},\"image\":{\"@id\":\"https:\/\/mekulo.com\/dk\/#\/schema\/logo\/image\/\"}}]}<\/script>\n<!-- \/ Yoast SEO plugin. -->","yoast_head_json":{"title":"V\u00e6rkt\u00f8j til udvendig affasning (2 stk.) - Mekulo DK","robots":{"index":"index","follow":"follow","max-snippet":"max-snippet:-1","max-image-preview":"max-image-preview:large","max-video-preview":"max-video-preview:-1"},"canonical":"https:\/\/mekulo.com\/dk\/produkt\/vaerktoej-til-udvendig-affasning-2-stk\/","og_locale":"da_DK","og_type":"article","og_title":"V\u00e6rkt\u00f8j til udvendig affasning (2 stk.) - Mekulo DK","og_description":"\ud83d\udd29Dette udvendige affasningsv\u00e6rkt\u00f8j hj\u00e6lper med at fjerne grater og tilf\u00f8je pr\u00e6cise affasninger ved hj\u00e6lp af en standardboremaskine. \ud83e\uddf0Det forbedrer sikkerhed, pasform og finish p\u00e5 bolte, st\u00e6nger og r\u00f8r. \ud83d\udc69\u200d\ud83d\udd27Perfect til v\u00e6rksteder, reparationer og g\u00f8r-det-selv-projekter. Et enkelt v\u00e6rkt\u00f8j til sikrere h\u00e5ndtering og renere metalfinish.","og_url":"https:\/\/mekulo.com\/dk\/produkt\/vaerktoej-til-udvendig-affasning-2-stk\/","og_site_name":"Mekulo DK","article_modified_time":"2026-03-02T10:33:02+00:00","og_image":[{"width":960,"height":960,"url":"https:\/\/mekulo.com\/dk\/wp-content\/uploads\/sites\/12\/2026\/02\/w3h06rc-1.jpg","type":"image\/jpeg"}],"twitter_card":"summary_large_image","twitter_misc":{"Estimeret l\u00e6setid":"2 minutter"},"schema":{"@context":"https:\/\/schema.org","@graph":[{"@type":"WebPage","@id":"https:\/\/mekulo.com\/dk\/produkt\/vaerktoej-til-udvendig-affasning-2-stk\/","url":"https:\/\/mekulo.com\/dk\/produkt\/vaerktoej-til-udvendig-affasning-2-stk\/","name":"V\u00e6rkt\u00f8j til udvendig affasning (2 stk.) - Mekulo DK","isPartOf":{"@id":"https:\/\/mekulo.com\/dk\/#website"},"primaryImageOfPage":{"@id":"https:\/\/mekulo.com\/dk\/produkt\/vaerktoej-til-udvendig-affasning-2-stk\/#primaryimage"},"image":{"@id":"https:\/\/mekulo.com\/dk\/produkt\/vaerktoej-til-udvendig-affasning-2-stk\/#primaryimage"},"thumbnailUrl":"https:\/\/mekulo.com\/dk\/wp-content\/uploads\/sites\/12\/2026\/02\/w3h06rc-1.jpg","datePublished":"2026-02-17T06:26:42+00:00","dateModified":"2026-03-02T10:33:02+00:00","breadcrumb":{"@id":"https:\/\/mekulo.com\/dk\/produkt\/vaerktoej-til-udvendig-affasning-2-stk\/#breadcrumb"},"inLanguage":"da-DK","potentialAction":[{"@type":"ReadAction","target":["https:\/\/mekulo.com\/dk\/produkt\/vaerktoej-til-udvendig-affasning-2-stk\/"]}]},{"@type":"ImageObject","inLanguage":"da-DK","@id":"https:\/\/mekulo.com\/dk\/produkt\/vaerktoej-til-udvendig-affasning-2-stk\/#primaryimage","url":"https:\/\/mekulo.com\/dk\/wp-content\/uploads\/sites\/12\/2026\/02\/w3h06rc-1.jpg","contentUrl":"https:\/\/mekulo.com\/dk\/wp-content\/uploads\/sites\/12\/2026\/02\/w3h06rc-1.jpg","width":960,"height":960},{"@type":"BreadcrumbList","@id":"https:\/\/mekulo.com\/dk\/produkt\/vaerktoej-til-udvendig-affasning-2-stk\/#breadcrumb","itemListElement":[{"@type":"ListItem","position":1,"name":"Home","item":"https:\/\/mekulo.com\/dk\/"},{"@type":"ListItem","position":2,"name":"Butik","item":"https:\/\/mekulo.com\/dk\/butik\/"},{"@type":"ListItem","position":3,"name":"V\u00e6rkt\u00f8j til udvendig affasning (2 stk.)"}]},{"@type":"WebSite","@id":"https:\/\/mekulo.com\/dk\/#website","url":"https:\/\/mekulo.com\/dk\/","name":"Mekulo DK","description":"","publisher":{"@id":"https:\/\/mekulo.com\/dk\/#organization"},"potentialAction":[{"@type":"SearchAction","target":{"@type":"EntryPoint","urlTemplate":"https:\/\/mekulo.com\/dk\/?s={search_term_string}"},"query-input":{"@type":"PropertyValueSpecification","valueRequired":true,"valueName":"search_term_string"}}],"inLanguage":"da-DK"},{"@type":"Organization","@id":"https:\/\/mekulo.com\/dk\/#organization","name":"Mekulo","url":"https:\/\/mekulo.com\/dk\/","logo":{"@type":"ImageObject","inLanguage":"da-DK","@id":"https:\/\/mekulo.com\/dk\/#\/schema\/logo\/image\/","url":"https:\/\/mekulo.com\/dk\/wp-content\/uploads\/sites\/12\/2025\/12\/favicon_mekulo.png","contentUrl":"https:\/\/mekulo.com\/dk\/wp-content\/uploads\/sites\/12\/2025\/12\/favicon_mekulo.png","width":50,"height":50,"caption":"Mekulo"},"image":{"@id":"https:\/\/mekulo.com\/dk\/#\/schema\/logo\/image\/"}}]}},"_links":{"self":[{"href":"https:\/\/mekulo.com\/dk\/wp-json\/wp\/v2\/product\/24514","targetHints":{"allow":["GET"]}}],"collection":[{"href":"https:\/\/mekulo.com\/dk\/wp-json\/wp\/v2\/product"}],"about":[{"href":"https:\/\/mekulo.com\/dk\/wp-json\/wp\/v2\/types\/product"}],"replies":[{"embeddable":true,"href":"https:\/\/mekulo.com\/dk\/wp-json\/wp\/v2\/comments?post=24514"}],"wp:featuredmedia":[{"embeddable":true,"href":"https:\/\/mekulo.com\/dk\/wp-json\/wp\/v2\/media\/24510"}],"wp:attachment":[{"href":"https:\/\/mekulo.com\/dk\/wp-json\/wp\/v2\/media?parent=24514"}],"wp:term":[{"taxonomy":"product_brand","embeddable":true,"href":"https:\/\/mekulo.com\/dk\/wp-json\/wp\/v2\/product_brand?post=24514"},{"taxonomy":"product_cat","embeddable":true,"href":"https:\/\/mekulo.com\/dk\/wp-json\/wp\/v2\/product_cat?post=24514"},{"taxonomy":"product_tag","embeddable":true,"href":"https:\/\/mekulo.com\/dk\/wp-json\/wp\/v2\/product_tag?post=24514"}],"curies":[{"name":"wp","href":"https:\/\/api.w.org\/{rel}","templated":true}]}}