{"id":24495,"date":"2026-02-17T08:25:23","date_gmt":"2026-02-17T06:25:23","guid":{"rendered":"https:\/\/mekulo.com\/dk\/produkt\/beskyttelsesdragt-til-bier\/"},"modified":"2026-02-17T09:06:55","modified_gmt":"2026-02-17T07:06:55","slug":"beskyttelsesdragt-til-bier","status":"publish","type":"product","link":"https:\/\/mekulo.com\/dk\/produkt\/beskyttelsesdragt-til-bier\/","title":{"rendered":"Beskyttelsesdragt til bier"},"content":{"rendered":"<p style=\"text-align: center\" data-start=\"0\" data-end=\"62\"><strong data-start=\"0\" data-end=\"62\">Helkropsbeskyttelse, der hj\u00e6lper med at holde dig sikker mod bier. \ud83c\udf6f<\/strong><\/p>\n<p data-start=\"0\" data-end=\"62\"><img fetchpriority=\"high\" decoding=\"async\" class=\"size-full wp-image-25091 aligncenter\" src=\"https:\/\/mekulo.com\/template\/wp-content\/uploads\/sites\/6\/2026\/02\/S66ead53fb1dd47f481806848f595a3f10-1.png\" alt=\"\" width=\"964\" height=\"591\" \/><\/p>\n<h2 style=\"text-align: center\" data-start=\"318\" data-end=\"339\"><strong>Hovedfordele \ud83d\udc1d<\/strong><\/h2>\n<p data-start=\"343\" data-end=\"389\">\ud83d\udc1d Fri for stik og bier &#8211; D\u00e6kker hele kroppen.<\/p>\n<p data-start=\"392\" data-end=\"444\">\ud83d\udd12 Sikker pasform &#8211; Elastiske h\u00e5ndled, talje og ankler.<\/p>\n<p data-start=\"447\" data-end=\"506\">\ud83e\uddf5 Tykt poly-bomuldsstof &#8211; Bedre modstandsdygtighed over for stik.<\/p>\n<p data-start=\"509\" data-end=\"564\">\ud83c\udf2c\ufe0f \u00c5ndbart sl\u00f8r &#8211; klart og ventileret udsyn.<\/p>\n<p data-start=\"567\" data-end=\"609\">\ud83e\udde2 Aftagelig h\u00e6tte\/hat &#8211; fleksibel brug.<\/p>\n<p data-start=\"612\" data-end=\"669\">\ud83e\udde4 Professionelle handsker medf\u00f8lger &#8211; gedeskind og l\u00e6rred.<\/p>\n<p data-start=\"672\" data-end=\"717\">\ud83e\uddf0 3 store lommer &#8211; nem transport af v\u00e6rkt\u00f8j.<\/p>\n<p data-start=\"720\" data-end=\"770\">\ud83d\udc55 Beskytter det indre t\u00f8j &#8211; Holder det rent.<\/p>\n<p data-start=\"773\" data-end=\"822\">\ud83e\uddfc Let at reng\u00f8re og opbevare &#8211; Praktisk design.<\/p>\n<p data-start=\"825\" data-end=\"869\">\ud83d\udebb Unisex &#8211; Velegnet til m\u00e6nd og kvinder.<\/p>\n<h2 data-start=\"825\" data-end=\"869\"><\/h2>\n<h3 style=\"text-align: center\" data-start=\"825\" data-end=\"869\">St\u00f8rrelse<\/h3>\n<table>\n<thead>\n<tr>\n<th>St\u00f8rrelse<\/th>\n<th>Total l\u00e6ngde<\/th>\n<th>\u00c6rmel\u00e6ngde<\/th>\n<th>Bryst<\/th>\n<th>Talje<\/th>\n<\/tr>\n<\/thead>\n<tbody>\n<tr>\n<td>XXL<\/td>\n<td>160 cm<\/td>\n<td>63 cm<\/td>\n<td>156 cm<\/td>\n<td>73 cm<\/td>\n<\/tr>\n<tr>\n<td>XL<\/td>\n<td>148 cm<\/td>\n<td>60 cm<\/td>\n<td>160 cm<\/td>\n<td>66 cm<\/td>\n<\/tr>\n<tr>\n<td>L<\/td>\n<td>140 cm<\/td>\n<td>60 cm<\/td>\n<td>154 cm<\/td>\n<td>65 cm<\/td>\n<\/tr>\n<\/tbody>\n<\/table>\n<h2 style=\"text-align: center\" data-start=\"876\" data-end=\"894\"><strong>S\u00e5dan Bruges Den \ud83d\udccc<\/strong><\/h2>\n<ol data-start=\"896\" data-end=\"1133\">\n<li data-start=\"896\" data-end=\"934\">\n<p data-start=\"899\" data-end=\"934\">Tag dragten p\u00e5, og lyn den helt ned.<\/p>\n<\/li>\n<li data-start=\"935\" data-end=\"991\">\n<p data-start=\"938\" data-end=\"991\">S\u00f8rg for, at de elastiske manchetter sidder t\u00e6t ved h\u00e5ndled og ankler.<\/p>\n<\/li>\n<li data-start=\"992\" data-end=\"1035\">\n<p data-start=\"995\" data-end=\"1035\">S\u00e6t h\u00e6tten\/sl\u00f8ret fast, og lyn det ordentligt.<\/p>\n<\/li>\n<li data-start=\"1036\" data-end=\"1081\">\n<p data-start=\"1039\" data-end=\"1081\">Brug de medf\u00f8lgende handsker over manchetterne.<\/p>\n<\/li>\n<li data-start=\"1082\" data-end=\"1133\">\n<p data-start=\"1085\" data-end=\"1133\">Tag den forsigtigt af efter brug, og reng\u00f8r den om n\u00f8dvendigt.<\/p>\n<\/li>\n<\/ol>\n<h2 style=\"text-align: center\" data-start=\"1140\" data-end=\"1163\"><strong>Produktoplysninger \ud83d\udce6<\/strong><\/h2>\n<ul data-start=\"1165\" data-end=\"1556\">\n<li data-start=\"1207\" data-end=\"1265\">\n<p data-start=\"1209\" data-end=\"1265\">Materiale: 65% bomuld \/ 35% polyester (poly-bomuld)<\/p>\n<\/li>\n<li data-start=\"1266\" data-end=\"1306\">\n<p data-start=\"1268\" data-end=\"1306\">Design: Heldragt i \u00e9t stykke<\/p>\n<\/li>\n<li data-start=\"1307\" data-end=\"1350\">\n<p data-start=\"1309\" data-end=\"1350\">H\u00e6tte: Aftagelig med lynl\u00e5slukning<\/p>\n<\/li>\n<li data-start=\"1351\" data-end=\"1403\">\n<p data-start=\"1353\" data-end=\"1403\">T\u00e6tninger: Elastiske h\u00e5ndled, linning og ankler<\/p>\n<\/li>\n<li data-start=\"1404\" data-end=\"1444\">\n<p data-start=\"1406\" data-end=\"1444\">Lommer: 3 store opbevaringslommer<\/p>\n<\/li>\n<li data-start=\"1445\" data-end=\"1498\">\n<p data-start=\"1447\" data-end=\"1498\">Inkluderede handsker: Bl\u00f8dt gedeskind + tykt l\u00e6rred<\/p>\n<\/li>\n<li data-start=\"1499\" data-end=\"1518\">\n<p data-start=\"1501\" data-end=\"1518\">Pasform: Unisex<\/p>\n<\/li>\n<li data-start=\"1519\" data-end=\"1556\">\n<p data-start=\"1521\" data-end=\"1556\">Pleje: Let at reng\u00f8re og opbevare<\/p>\n<\/li>\n<li data-start=\"1519\" data-end=\"1556\">St\u00f8rrelse: L (140 cm), XL (148 cm), XXL (160 cm)<\/li>\n<\/ul>\n<h2 style=\"text-align: center\" data-start=\"1563\" data-end=\"1587\"><strong>Pakken Indeholder \ud83d\udce6<\/strong><\/h2>\n<ul data-start=\"1589\" data-end=\"1647\">\n<li data-start=\"1589\" data-end=\"1616\">\n<p data-start=\"1591\" data-end=\"1616\">1x beskyttelsesdragt til bier<\/p>\n<\/li>\n<li data-start=\"1617\" data-end=\"1647\">\n<p data-start=\"1619\" data-end=\"1647\">1x par handsker til biavl.<\/p>\n<\/li>\n<\/ul>\n","protected":false},"excerpt":{"rendered":"<p>\ud83d\udc1dDenne beskyttelsesdragt til bier er designet til komfort, sikkerhed og nem bev\u00e6gelse, n\u00e5r du arbejder med bier.<br \/>\n\ud83d\udd74\ufe0fIts Design i \u00e9t stykke med elastiske t\u00e6tninger og en h\u00e6tte med lynl\u00e5s skaber en sikker barriere.<br \/>\n\ud83c\udf6fIdeal til biavl, inspektion af bistader og honningh\u00f8st. P\u00e5lidelig beskyttelse og komfort for en mere sikker biavl.<\/p>\n","protected":false},"featured_media":24491,"comment_status":"open","ping_status":"closed","template":"","meta":{"site-sidebar-layout":"default","site-content-layout":"","ast-site-content-layout":"default","site-content-style":"default","site-sidebar-style":"default","ast-global-header-display":"","ast-banner-title-visibility":"","ast-main-header-display":"","ast-hfb-above-header-display":"","ast-hfb-below-header-display":"","ast-hfb-mobile-header-display":"","site-post-title":"","ast-breadcrumbs-content":"","ast-featured-img":"","footer-sml-layout":"","ast-disable-related-posts":"","theme-transparent-header-meta":"default","adv-header-id-meta":"","stick-header-meta":"","header-above-stick-meta":"","header-main-stick-meta":"","header-below-stick-meta":"","astra-migrate-meta-layouts":"set","ast-page-background-enabled":"default","ast-page-background-meta":{"desktop":{"background-color":"var(--ast-global-color-5)","background-image":"","background-repeat":"repeat","background-position":"center center","background-size":"auto","background-attachment":"scroll","background-type":"","background-media":"","overlay-type":"","overlay-color":"","overlay-opacity":"","overlay-gradient":""},"tablet":{"background-color":"","background-image":"","background-repeat":"repeat","background-position":"center center","background-size":"auto","background-attachment":"scroll","background-type":"","background-media":"","overlay-type":"","overlay-color":"","overlay-opacity":"","overlay-gradient":""},"mobile":{"background-color":"","background-image":"","background-repeat":"repeat","background-position":"center center","background-size":"auto","background-attachment":"scroll","background-type":"","background-media":"","overlay-type":"","overlay-color":"","overlay-opacity":"","overlay-gradient":""}},"ast-content-background-meta":{"desktop":{"background-color":"var(--ast-global-color-4)","background-image":"","background-repeat":"repeat","background-position":"center center","background-size":"auto","background-attachment":"scroll","background-type":"","background-media":"","overlay-type":"","overlay-color":"","overlay-opacity":"","overlay-gradient":""},"tablet":{"background-color":"var(--ast-global-color-4)","background-image":"","background-repeat":"repeat","background-position":"center center","background-size":"auto","background-attachment":"scroll","background-type":"","background-media":"","overlay-type":"","overlay-color":"","overlay-opacity":"","overlay-gradient":""},"mobile":{"background-color":"var(--ast-global-color-4)","background-image":"","background-repeat":"repeat","background-position":"center center","background-size":"auto","background-attachment":"scroll","background-type":"","background-media":"","overlay-type":"","overlay-color":"","overlay-opacity":"","overlay-gradient":""}}},"product_brand":[],"product_cat":[171],"product_tag":[],"class_list":{"0":"post-24495","1":"product","2":"type-product","3":"status-publish","4":"has-post-thumbnail","6":"product_cat-vaerktoejer","7":"pa_60000_ju2a7zkr-l","8":"pa_60000_ju2a7zkr-xl","9":"pa_60000_ju2a7zkr-xxl","10":"desktop-align-left","11":"tablet-align-left","12":"mobile-align-left","14":"first","15":"instock","16":"shipping-taxable","17":"purchasable","18":"product-type-variable"},"yoast_head":"<!-- This site is optimized with the Yoast SEO plugin v27.4 - https:\/\/yoast.com\/product\/yoast-seo-wordpress\/ -->\n<title>Beskyttelsesdragt til bier - Mekulo DK<\/title>\n<meta name=\"robots\" content=\"index, follow, max-snippet:-1, max-image-preview:large, max-video-preview:-1\" \/>\n<link rel=\"canonical\" href=\"https:\/\/mekulo.com\/dk\/produkt\/beskyttelsesdragt-til-bier\/\" \/>\n<meta property=\"og:locale\" content=\"da_DK\" \/>\n<meta property=\"og:type\" content=\"article\" \/>\n<meta property=\"og:title\" content=\"Beskyttelsesdragt til bier - Mekulo DK\" \/>\n<meta property=\"og:description\" content=\"\ud83d\udc1dDenne beskyttelsesdragt til bier er designet til komfort, sikkerhed og nem bev\u00e6gelse, n\u00e5r du arbejder med bier. \ud83d\udd74\ufe0fIts Design i \u00e9t stykke med elastiske t\u00e6tninger og en h\u00e6tte med lynl\u00e5s skaber en sikker barriere. \ud83c\udf6fIdeal til biavl, inspektion af bistader og honningh\u00f8st. P\u00e5lidelig beskyttelse og komfort for en mere sikker biavl.\" \/>\n<meta property=\"og:url\" content=\"https:\/\/mekulo.com\/dk\/produkt\/beskyttelsesdragt-til-bier\/\" \/>\n<meta property=\"og:site_name\" content=\"Mekulo DK\" \/>\n<meta property=\"article:modified_time\" content=\"2026-02-17T07:06:55+00:00\" \/>\n<meta property=\"og:image\" content=\"https:\/\/mekulo.com\/dk\/wp-content\/uploads\/sites\/12\/2026\/02\/ot7ku35-1.jpg\" \/>\n\t<meta property=\"og:image:width\" content=\"800\" \/>\n\t<meta property=\"og:image:height\" content=\"800\" \/>\n\t<meta property=\"og:image:type\" content=\"image\/jpeg\" \/>\n<meta name=\"twitter:card\" content=\"summary_large_image\" \/>\n<meta name=\"twitter:label1\" content=\"Estimeret l\u00e6setid\" \/>\n\t<meta name=\"twitter:data1\" content=\"2 minutter\" \/>\n<script type=\"application\/ld+json\" class=\"yoast-schema-graph\">{\"@context\":\"https:\\\/\\\/schema.org\",\"@graph\":[{\"@type\":\"WebPage\",\"@id\":\"https:\\\/\\\/mekulo.com\\\/dk\\\/produkt\\\/beskyttelsesdragt-til-bier\\\/\",\"url\":\"https:\\\/\\\/mekulo.com\\\/dk\\\/produkt\\\/beskyttelsesdragt-til-bier\\\/\",\"name\":\"Beskyttelsesdragt til bier - Mekulo DK\",\"isPartOf\":{\"@id\":\"https:\\\/\\\/mekulo.com\\\/dk\\\/#website\"},\"primaryImageOfPage\":{\"@id\":\"https:\\\/\\\/mekulo.com\\\/dk\\\/produkt\\\/beskyttelsesdragt-til-bier\\\/#primaryimage\"},\"image\":{\"@id\":\"https:\\\/\\\/mekulo.com\\\/dk\\\/produkt\\\/beskyttelsesdragt-til-bier\\\/#primaryimage\"},\"thumbnailUrl\":\"https:\\\/\\\/mekulo.com\\\/dk\\\/wp-content\\\/uploads\\\/sites\\\/12\\\/2026\\\/02\\\/ot7ku35-1.jpg\",\"datePublished\":\"2026-02-17T06:25:23+00:00\",\"dateModified\":\"2026-02-17T07:06:55+00:00\",\"breadcrumb\":{\"@id\":\"https:\\\/\\\/mekulo.com\\\/dk\\\/produkt\\\/beskyttelsesdragt-til-bier\\\/#breadcrumb\"},\"inLanguage\":\"da-DK\",\"potentialAction\":[{\"@type\":\"ReadAction\",\"target\":[\"https:\\\/\\\/mekulo.com\\\/dk\\\/produkt\\\/beskyttelsesdragt-til-bier\\\/\"]}]},{\"@type\":\"ImageObject\",\"inLanguage\":\"da-DK\",\"@id\":\"https:\\\/\\\/mekulo.com\\\/dk\\\/produkt\\\/beskyttelsesdragt-til-bier\\\/#primaryimage\",\"url\":\"https:\\\/\\\/mekulo.com\\\/dk\\\/wp-content\\\/uploads\\\/sites\\\/12\\\/2026\\\/02\\\/ot7ku35-1.jpg\",\"contentUrl\":\"https:\\\/\\\/mekulo.com\\\/dk\\\/wp-content\\\/uploads\\\/sites\\\/12\\\/2026\\\/02\\\/ot7ku35-1.jpg\",\"width\":800,\"height\":800},{\"@type\":\"BreadcrumbList\",\"@id\":\"https:\\\/\\\/mekulo.com\\\/dk\\\/produkt\\\/beskyttelsesdragt-til-bier\\\/#breadcrumb\",\"itemListElement\":[{\"@type\":\"ListItem\",\"position\":1,\"name\":\"Home\",\"item\":\"https:\\\/\\\/mekulo.com\\\/dk\\\/\"},{\"@type\":\"ListItem\",\"position\":2,\"name\":\"Butik\",\"item\":\"https:\\\/\\\/mekulo.com\\\/dk\\\/butik\\\/\"},{\"@type\":\"ListItem\",\"position\":3,\"name\":\"Beskyttelsesdragt til bier\"}]},{\"@type\":\"WebSite\",\"@id\":\"https:\\\/\\\/mekulo.com\\\/dk\\\/#website\",\"url\":\"https:\\\/\\\/mekulo.com\\\/dk\\\/\",\"name\":\"Mekulo DK\",\"description\":\"\",\"publisher\":{\"@id\":\"https:\\\/\\\/mekulo.com\\\/dk\\\/#organization\"},\"potentialAction\":[{\"@type\":\"SearchAction\",\"target\":{\"@type\":\"EntryPoint\",\"urlTemplate\":\"https:\\\/\\\/mekulo.com\\\/dk\\\/?s={search_term_string}\"},\"query-input\":{\"@type\":\"PropertyValueSpecification\",\"valueRequired\":true,\"valueName\":\"search_term_string\"}}],\"inLanguage\":\"da-DK\"},{\"@type\":\"Organization\",\"@id\":\"https:\\\/\\\/mekulo.com\\\/dk\\\/#organization\",\"name\":\"Mekulo\",\"url\":\"https:\\\/\\\/mekulo.com\\\/dk\\\/\",\"logo\":{\"@type\":\"ImageObject\",\"inLanguage\":\"da-DK\",\"@id\":\"https:\\\/\\\/mekulo.com\\\/dk\\\/#\\\/schema\\\/logo\\\/image\\\/\",\"url\":\"https:\\\/\\\/mekulo.com\\\/dk\\\/wp-content\\\/uploads\\\/sites\\\/12\\\/2025\\\/12\\\/favicon_mekulo.png\",\"contentUrl\":\"https:\\\/\\\/mekulo.com\\\/dk\\\/wp-content\\\/uploads\\\/sites\\\/12\\\/2025\\\/12\\\/favicon_mekulo.png\",\"width\":50,\"height\":50,\"caption\":\"Mekulo\"},\"image\":{\"@id\":\"https:\\\/\\\/mekulo.com\\\/dk\\\/#\\\/schema\\\/logo\\\/image\\\/\"}}]}<\/script>\n<!-- \/ Yoast SEO plugin. -->","yoast_head_json":{"title":"Beskyttelsesdragt til bier - Mekulo DK","robots":{"index":"index","follow":"follow","max-snippet":"max-snippet:-1","max-image-preview":"max-image-preview:large","max-video-preview":"max-video-preview:-1"},"canonical":"https:\/\/mekulo.com\/dk\/produkt\/beskyttelsesdragt-til-bier\/","og_locale":"da_DK","og_type":"article","og_title":"Beskyttelsesdragt til bier - Mekulo DK","og_description":"\ud83d\udc1dDenne beskyttelsesdragt til bier er designet til komfort, sikkerhed og nem bev\u00e6gelse, n\u00e5r du arbejder med bier. \ud83d\udd74\ufe0fIts Design i \u00e9t stykke med elastiske t\u00e6tninger og en h\u00e6tte med lynl\u00e5s skaber en sikker barriere. \ud83c\udf6fIdeal til biavl, inspektion af bistader og honningh\u00f8st. P\u00e5lidelig beskyttelse og komfort for en mere sikker biavl.","og_url":"https:\/\/mekulo.com\/dk\/produkt\/beskyttelsesdragt-til-bier\/","og_site_name":"Mekulo DK","article_modified_time":"2026-02-17T07:06:55+00:00","og_image":[{"width":800,"height":800,"url":"https:\/\/mekulo.com\/dk\/wp-content\/uploads\/sites\/12\/2026\/02\/ot7ku35-1.jpg","type":"image\/jpeg"}],"twitter_card":"summary_large_image","twitter_misc":{"Estimeret l\u00e6setid":"2 minutter"},"schema":{"@context":"https:\/\/schema.org","@graph":[{"@type":"WebPage","@id":"https:\/\/mekulo.com\/dk\/produkt\/beskyttelsesdragt-til-bier\/","url":"https:\/\/mekulo.com\/dk\/produkt\/beskyttelsesdragt-til-bier\/","name":"Beskyttelsesdragt til bier - Mekulo DK","isPartOf":{"@id":"https:\/\/mekulo.com\/dk\/#website"},"primaryImageOfPage":{"@id":"https:\/\/mekulo.com\/dk\/produkt\/beskyttelsesdragt-til-bier\/#primaryimage"},"image":{"@id":"https:\/\/mekulo.com\/dk\/produkt\/beskyttelsesdragt-til-bier\/#primaryimage"},"thumbnailUrl":"https:\/\/mekulo.com\/dk\/wp-content\/uploads\/sites\/12\/2026\/02\/ot7ku35-1.jpg","datePublished":"2026-02-17T06:25:23+00:00","dateModified":"2026-02-17T07:06:55+00:00","breadcrumb":{"@id":"https:\/\/mekulo.com\/dk\/produkt\/beskyttelsesdragt-til-bier\/#breadcrumb"},"inLanguage":"da-DK","potentialAction":[{"@type":"ReadAction","target":["https:\/\/mekulo.com\/dk\/produkt\/beskyttelsesdragt-til-bier\/"]}]},{"@type":"ImageObject","inLanguage":"da-DK","@id":"https:\/\/mekulo.com\/dk\/produkt\/beskyttelsesdragt-til-bier\/#primaryimage","url":"https:\/\/mekulo.com\/dk\/wp-content\/uploads\/sites\/12\/2026\/02\/ot7ku35-1.jpg","contentUrl":"https:\/\/mekulo.com\/dk\/wp-content\/uploads\/sites\/12\/2026\/02\/ot7ku35-1.jpg","width":800,"height":800},{"@type":"BreadcrumbList","@id":"https:\/\/mekulo.com\/dk\/produkt\/beskyttelsesdragt-til-bier\/#breadcrumb","itemListElement":[{"@type":"ListItem","position":1,"name":"Home","item":"https:\/\/mekulo.com\/dk\/"},{"@type":"ListItem","position":2,"name":"Butik","item":"https:\/\/mekulo.com\/dk\/butik\/"},{"@type":"ListItem","position":3,"name":"Beskyttelsesdragt til bier"}]},{"@type":"WebSite","@id":"https:\/\/mekulo.com\/dk\/#website","url":"https:\/\/mekulo.com\/dk\/","name":"Mekulo DK","description":"","publisher":{"@id":"https:\/\/mekulo.com\/dk\/#organization"},"potentialAction":[{"@type":"SearchAction","target":{"@type":"EntryPoint","urlTemplate":"https:\/\/mekulo.com\/dk\/?s={search_term_string}"},"query-input":{"@type":"PropertyValueSpecification","valueRequired":true,"valueName":"search_term_string"}}],"inLanguage":"da-DK"},{"@type":"Organization","@id":"https:\/\/mekulo.com\/dk\/#organization","name":"Mekulo","url":"https:\/\/mekulo.com\/dk\/","logo":{"@type":"ImageObject","inLanguage":"da-DK","@id":"https:\/\/mekulo.com\/dk\/#\/schema\/logo\/image\/","url":"https:\/\/mekulo.com\/dk\/wp-content\/uploads\/sites\/12\/2025\/12\/favicon_mekulo.png","contentUrl":"https:\/\/mekulo.com\/dk\/wp-content\/uploads\/sites\/12\/2025\/12\/favicon_mekulo.png","width":50,"height":50,"caption":"Mekulo"},"image":{"@id":"https:\/\/mekulo.com\/dk\/#\/schema\/logo\/image\/"}}]}},"_links":{"self":[{"href":"https:\/\/mekulo.com\/dk\/wp-json\/wp\/v2\/product\/24495","targetHints":{"allow":["GET"]}}],"collection":[{"href":"https:\/\/mekulo.com\/dk\/wp-json\/wp\/v2\/product"}],"about":[{"href":"https:\/\/mekulo.com\/dk\/wp-json\/wp\/v2\/types\/product"}],"replies":[{"embeddable":true,"href":"https:\/\/mekulo.com\/dk\/wp-json\/wp\/v2\/comments?post=24495"}],"wp:featuredmedia":[{"embeddable":true,"href":"https:\/\/mekulo.com\/dk\/wp-json\/wp\/v2\/media\/24491"}],"wp:attachment":[{"href":"https:\/\/mekulo.com\/dk\/wp-json\/wp\/v2\/media?parent=24495"}],"wp:term":[{"taxonomy":"product_brand","embeddable":true,"href":"https:\/\/mekulo.com\/dk\/wp-json\/wp\/v2\/product_brand?post=24495"},{"taxonomy":"product_cat","embeddable":true,"href":"https:\/\/mekulo.com\/dk\/wp-json\/wp\/v2\/product_cat?post=24495"},{"taxonomy":"product_tag","embeddable":true,"href":"https:\/\/mekulo.com\/dk\/wp-json\/wp\/v2\/product_tag?post=24495"}],"curies":[{"name":"wp","href":"https:\/\/api.w.org\/{rel}","templated":true}]}}