{"id":24479,"date":"2026-02-17T08:23:58","date_gmt":"2026-02-17T06:23:58","guid":{"rendered":"https:\/\/mekulo.com\/dk\/produkt\/elektrisk-magnetisk-svejser\/"},"modified":"2026-03-02T12:32:39","modified_gmt":"2026-03-02T10:32:39","slug":"elektrisk-magnetisk-svejser","status":"publish","type":"product","link":"https:\/\/mekulo.com\/dk\/produkt\/elektrisk-magnetisk-svejser\/","title":{"rendered":"Elektrisk magnetisk svejser"},"content":{"rendered":"<p style=\"text-align: center\" data-start=\"0\" data-end=\"64\"><strong data-start=\"0\" data-end=\"64\">Giver en hurtig og sikker jordforbindelse til svejsning. \u26a1<\/strong><\/p>\n<p data-start=\"0\" data-end=\"64\"><img fetchpriority=\"high\" decoding=\"async\" class=\"size-full wp-image-25079 aligncenter\" src=\"https:\/\/mekulo.com\/template\/wp-content\/uploads\/sites\/6\/2026\/02\/S9a07ab5a29b243d393b6f732603d6721O.jpg\" alt=\"\" width=\"1001\" height=\"1001\" \/><\/p>\n<h2 style=\"text-align: center\" data-start=\"271\" data-end=\"292\"><strong>Hovedfordele \u26a1<\/strong><\/h2>\n<p data-start=\"296\" data-end=\"357\">\u26a1 Effektiv &amp; arbejdsbesparende &#8211; Hurtig jordforbindelse.<\/p>\n<p data-start=\"360\" data-end=\"412\">\ud83d\udd12 Sikker &amp; p\u00e5lidelig &#8211; Stabil og sikker kontakt.<\/p>\n<p data-start=\"415\" data-end=\"470\">\ud83d\udee1\ufe0f Flere sikkerhedsbeskyttelser &#8211; Sikrere drift.<\/p>\n<p data-start=\"473\" data-end=\"526\">\ud83d\udd29 Slidbestandige materialer &#8211; Lang levetid.<\/p>\n<p data-start=\"529\" data-end=\"591\">\ud83d\udd27 Bred kompatibilitet &#8211; Fungerer med de fleste svejsemaskiner.<\/p>\n<p data-start=\"594\" data-end=\"645\">\ud83d\udcb0 Prisbillig l\u00f8sning &#8211; H\u00f8j v\u00e6rdi for pengene.<\/p>\n<p data-start=\"594\" data-end=\"645\"><img decoding=\"async\" class=\"size-full wp-image-25082 aligncenter\" src=\"https:\/\/mekulo.com\/template\/wp-content\/uploads\/sites\/6\/2026\/02\/Sc4f8e0e330e8417abe888c24727a1181Y.jpg_960x960q75.jpg_.avif\" alt=\"\" width=\"960\" height=\"960\" \/><\/p>\n<h2 style=\"text-align: center\" data-start=\"652\" data-end=\"670\"><strong>S\u00e5dan Bruges \ud83d\udccc<\/strong><\/h2>\n<ol data-start=\"672\" data-end=\"864\">\n<li data-start=\"672\" data-end=\"727\">\n<p data-start=\"675\" data-end=\"727\">Fastg\u00f8r den magnetiske base p\u00e5 en ren metaloverflade.<\/p>\n<\/li>\n<li data-start=\"728\" data-end=\"773\">\n<p data-start=\"731\" data-end=\"773\">Tilslut jordforbindelseskablet til v\u00e6rkt\u00f8jet.<\/p>\n<\/li>\n<li data-start=\"774\" data-end=\"814\">\n<p data-start=\"777\" data-end=\"814\">S\u00f8rg for god kontakt f\u00f8r svejsning.<\/p>\n<\/li>\n<li data-start=\"815\" data-end=\"864\">\n<p data-start=\"818\" data-end=\"864\">Start svejsning med en stabil jordforbindelse.<\/p>\n<\/li>\n<\/ol>\n<h2 style=\"text-align: center\" data-start=\"871\" data-end=\"894\"><strong>Produktdetaljer \ud83d\udccf<\/strong><\/h2>\n<ul data-start=\"896\" data-end=\"1171\">\n<li data-start=\"943\" data-end=\"992\">\n<p data-start=\"945\" data-end=\"992\">Funktion: Elektrisk svejsejordingsv\u00e6rkt\u00f8j<\/p>\n<\/li>\n<li data-start=\"993\" data-end=\"1051\">\n<p data-start=\"995\" data-end=\"1051\">Materiale: Slidst\u00e6rk konstruktion af h\u00f8j kvalitet<\/p>\n<\/li>\n<li data-start=\"1052\" data-end=\"1112\">\n<p data-start=\"1054\" data-end=\"1112\">Kompatibilitet: Velegnet til forskellige svejsemaskiner<\/p>\n<\/li>\n<li data-start=\"1113\" data-end=\"1171\">\n<p data-start=\"1115\" data-end=\"1171\">Anvendelse: V\u00e6rksteder, garager, industrielle applikationer<\/p>\n<\/li>\n<li data-start=\"1113\" data-end=\"1171\">St\u00f8rrelser: Style A: 26 x 15 mm, Style B: 32 x 15 mm<\/li>\n<\/ul>\n<h2 style=\"text-align: center\" data-start=\"1178\" data-end=\"1202\"><strong>Pakken Indeholder \ud83d\udce6<\/strong><\/h2>\n<ul data-start=\"1204\" data-end=\"1243\">\n<li data-start=\"1204\" data-end=\"1243\">\n<p data-start=\"1206\" data-end=\"1243\">1x elektrisk magnetsvejser.<\/p>\n<\/li>\n<\/ul>\n","protected":false},"excerpt":{"rendered":"<p>\ud83e\udd7dDette elektriske magnetiske svejsejordingsv\u00e6rkt\u00f8j hj\u00e6lper dig med at skabe en st\u00e6rk jordforbindelse hurtigt.<br \/>\n\ud83d\udc68\u200d\ud83d\udd27It forbedrer svejsestabiliteten og sparer tid under ops\u00e6tningen. Bygget til sikkerhed, holdbarhed og daglig v\u00e6rkstedsbrug.<br \/>\n\ud83e\uddf0Et enkelt og p\u00e5lideligt jordingsv\u00e6rkt\u00f8j til mere j\u00e6vnt svejsearbejde.<\/p>\n","protected":false},"featured_media":24475,"comment_status":"open","ping_status":"closed","template":"","meta":{"site-sidebar-layout":"default","site-content-layout":"","ast-site-content-layout":"default","site-content-style":"default","site-sidebar-style":"default","ast-global-header-display":"","ast-banner-title-visibility":"","ast-main-header-display":"","ast-hfb-above-header-display":"","ast-hfb-below-header-display":"","ast-hfb-mobile-header-display":"","site-post-title":"","ast-breadcrumbs-content":"","ast-featured-img":"","footer-sml-layout":"","ast-disable-related-posts":"","theme-transparent-header-meta":"default","adv-header-id-meta":"","stick-header-meta":"","header-above-stick-meta":"","header-main-stick-meta":"","header-below-stick-meta":"","astra-migrate-meta-layouts":"set","ast-page-background-enabled":"default","ast-page-background-meta":{"desktop":{"background-color":"var(--ast-global-color-5)","background-image":"","background-repeat":"repeat","background-position":"center center","background-size":"auto","background-attachment":"scroll","background-type":"","background-media":"","overlay-type":"","overlay-color":"","overlay-opacity":"","overlay-gradient":""},"tablet":{"background-color":"","background-image":"","background-repeat":"repeat","background-position":"center center","background-size":"auto","background-attachment":"scroll","background-type":"","background-media":"","overlay-type":"","overlay-color":"","overlay-opacity":"","overlay-gradient":""},"mobile":{"background-color":"","background-image":"","background-repeat":"repeat","background-position":"center center","background-size":"auto","background-attachment":"scroll","background-type":"","background-media":"","overlay-type":"","overlay-color":"","overlay-opacity":"","overlay-gradient":""}},"ast-content-background-meta":{"desktop":{"background-color":"var(--ast-global-color-4)","background-image":"","background-repeat":"repeat","background-position":"center center","background-size":"auto","background-attachment":"scroll","background-type":"","background-media":"","overlay-type":"","overlay-color":"","overlay-opacity":"","overlay-gradient":""},"tablet":{"background-color":"var(--ast-global-color-4)","background-image":"","background-repeat":"repeat","background-position":"center center","background-size":"auto","background-attachment":"scroll","background-type":"","background-media":"","overlay-type":"","overlay-color":"","overlay-opacity":"","overlay-gradient":""},"mobile":{"background-color":"var(--ast-global-color-4)","background-image":"","background-repeat":"repeat","background-position":"center center","background-size":"auto","background-attachment":"scroll","background-type":"","background-media":"","overlay-type":"","overlay-color":"","overlay-opacity":"","overlay-gradient":""}}},"product_brand":[],"product_cat":[171],"product_tag":[],"class_list":{"0":"post-24479","1":"product","2":"type-product","3":"status-publish","4":"has-post-thumbnail","6":"product_cat-vaerktoejer","7":"pa_59980_g4b644t1-a","8":"pa_59980_g4b644t1-b","9":"desktop-align-left","10":"tablet-align-left","11":"mobile-align-left","13":"first","14":"instock","15":"shipping-taxable","16":"purchasable","17":"product-type-variable"},"yoast_head":"<!-- This site is optimized with the Yoast SEO plugin v27.4 - https:\/\/yoast.com\/product\/yoast-seo-wordpress\/ -->\n<title>Elektrisk magnetisk svejser - Mekulo DK<\/title>\n<meta name=\"robots\" content=\"index, follow, max-snippet:-1, max-image-preview:large, max-video-preview:-1\" \/>\n<link rel=\"canonical\" href=\"https:\/\/mekulo.com\/dk\/produkt\/elektrisk-magnetisk-svejser\/\" \/>\n<meta property=\"og:locale\" content=\"da_DK\" \/>\n<meta property=\"og:type\" content=\"article\" \/>\n<meta property=\"og:title\" content=\"Elektrisk magnetisk svejser - Mekulo DK\" \/>\n<meta property=\"og:description\" content=\"\ud83e\udd7dDette elektriske magnetiske svejsejordingsv\u00e6rkt\u00f8j hj\u00e6lper dig med at skabe en st\u00e6rk jordforbindelse hurtigt. \ud83d\udc68\u200d\ud83d\udd27It forbedrer svejsestabiliteten og sparer tid under ops\u00e6tningen. Bygget til sikkerhed, holdbarhed og daglig v\u00e6rkstedsbrug. \ud83e\uddf0Et enkelt og p\u00e5lideligt jordingsv\u00e6rkt\u00f8j til mere j\u00e6vnt svejsearbejde.\" \/>\n<meta property=\"og:url\" content=\"https:\/\/mekulo.com\/dk\/produkt\/elektrisk-magnetisk-svejser\/\" \/>\n<meta property=\"og:site_name\" content=\"Mekulo DK\" \/>\n<meta property=\"article:modified_time\" content=\"2026-03-02T10:32:39+00:00\" \/>\n<meta property=\"og:image\" content=\"https:\/\/mekulo.com\/dk\/wp-content\/uploads\/sites\/12\/2026\/02\/9alsn45-1.jpg\" \/>\n\t<meta property=\"og:image:width\" content=\"960\" \/>\n\t<meta property=\"og:image:height\" content=\"960\" \/>\n\t<meta property=\"og:image:type\" content=\"image\/jpeg\" \/>\n<meta name=\"twitter:card\" content=\"summary_large_image\" \/>\n<meta name=\"twitter:label1\" content=\"Estimeret l\u00e6setid\" \/>\n\t<meta name=\"twitter:data1\" content=\"2 minutter\" \/>\n<script type=\"application\/ld+json\" class=\"yoast-schema-graph\">{\"@context\":\"https:\\\/\\\/schema.org\",\"@graph\":[{\"@type\":\"WebPage\",\"@id\":\"https:\\\/\\\/mekulo.com\\\/dk\\\/produkt\\\/elektrisk-magnetisk-svejser\\\/\",\"url\":\"https:\\\/\\\/mekulo.com\\\/dk\\\/produkt\\\/elektrisk-magnetisk-svejser\\\/\",\"name\":\"Elektrisk magnetisk svejser - Mekulo DK\",\"isPartOf\":{\"@id\":\"https:\\\/\\\/mekulo.com\\\/dk\\\/#website\"},\"primaryImageOfPage\":{\"@id\":\"https:\\\/\\\/mekulo.com\\\/dk\\\/produkt\\\/elektrisk-magnetisk-svejser\\\/#primaryimage\"},\"image\":{\"@id\":\"https:\\\/\\\/mekulo.com\\\/dk\\\/produkt\\\/elektrisk-magnetisk-svejser\\\/#primaryimage\"},\"thumbnailUrl\":\"https:\\\/\\\/mekulo.com\\\/dk\\\/wp-content\\\/uploads\\\/sites\\\/12\\\/2026\\\/02\\\/9alsn45-1.jpg\",\"datePublished\":\"2026-02-17T06:23:58+00:00\",\"dateModified\":\"2026-03-02T10:32:39+00:00\",\"breadcrumb\":{\"@id\":\"https:\\\/\\\/mekulo.com\\\/dk\\\/produkt\\\/elektrisk-magnetisk-svejser\\\/#breadcrumb\"},\"inLanguage\":\"da-DK\",\"potentialAction\":[{\"@type\":\"ReadAction\",\"target\":[\"https:\\\/\\\/mekulo.com\\\/dk\\\/produkt\\\/elektrisk-magnetisk-svejser\\\/\"]}]},{\"@type\":\"ImageObject\",\"inLanguage\":\"da-DK\",\"@id\":\"https:\\\/\\\/mekulo.com\\\/dk\\\/produkt\\\/elektrisk-magnetisk-svejser\\\/#primaryimage\",\"url\":\"https:\\\/\\\/mekulo.com\\\/dk\\\/wp-content\\\/uploads\\\/sites\\\/12\\\/2026\\\/02\\\/9alsn45-1.jpg\",\"contentUrl\":\"https:\\\/\\\/mekulo.com\\\/dk\\\/wp-content\\\/uploads\\\/sites\\\/12\\\/2026\\\/02\\\/9alsn45-1.jpg\",\"width\":960,\"height\":960},{\"@type\":\"BreadcrumbList\",\"@id\":\"https:\\\/\\\/mekulo.com\\\/dk\\\/produkt\\\/elektrisk-magnetisk-svejser\\\/#breadcrumb\",\"itemListElement\":[{\"@type\":\"ListItem\",\"position\":1,\"name\":\"Home\",\"item\":\"https:\\\/\\\/mekulo.com\\\/dk\\\/\"},{\"@type\":\"ListItem\",\"position\":2,\"name\":\"Butik\",\"item\":\"https:\\\/\\\/mekulo.com\\\/dk\\\/butik\\\/\"},{\"@type\":\"ListItem\",\"position\":3,\"name\":\"Elektrisk magnetisk svejser\"}]},{\"@type\":\"WebSite\",\"@id\":\"https:\\\/\\\/mekulo.com\\\/dk\\\/#website\",\"url\":\"https:\\\/\\\/mekulo.com\\\/dk\\\/\",\"name\":\"Mekulo DK\",\"description\":\"\",\"publisher\":{\"@id\":\"https:\\\/\\\/mekulo.com\\\/dk\\\/#organization\"},\"potentialAction\":[{\"@type\":\"SearchAction\",\"target\":{\"@type\":\"EntryPoint\",\"urlTemplate\":\"https:\\\/\\\/mekulo.com\\\/dk\\\/?s={search_term_string}\"},\"query-input\":{\"@type\":\"PropertyValueSpecification\",\"valueRequired\":true,\"valueName\":\"search_term_string\"}}],\"inLanguage\":\"da-DK\"},{\"@type\":\"Organization\",\"@id\":\"https:\\\/\\\/mekulo.com\\\/dk\\\/#organization\",\"name\":\"Mekulo\",\"url\":\"https:\\\/\\\/mekulo.com\\\/dk\\\/\",\"logo\":{\"@type\":\"ImageObject\",\"inLanguage\":\"da-DK\",\"@id\":\"https:\\\/\\\/mekulo.com\\\/dk\\\/#\\\/schema\\\/logo\\\/image\\\/\",\"url\":\"https:\\\/\\\/mekulo.com\\\/dk\\\/wp-content\\\/uploads\\\/sites\\\/12\\\/2025\\\/12\\\/favicon_mekulo.png\",\"contentUrl\":\"https:\\\/\\\/mekulo.com\\\/dk\\\/wp-content\\\/uploads\\\/sites\\\/12\\\/2025\\\/12\\\/favicon_mekulo.png\",\"width\":50,\"height\":50,\"caption\":\"Mekulo\"},\"image\":{\"@id\":\"https:\\\/\\\/mekulo.com\\\/dk\\\/#\\\/schema\\\/logo\\\/image\\\/\"}}]}<\/script>\n<!-- \/ Yoast SEO plugin. -->","yoast_head_json":{"title":"Elektrisk magnetisk svejser - Mekulo DK","robots":{"index":"index","follow":"follow","max-snippet":"max-snippet:-1","max-image-preview":"max-image-preview:large","max-video-preview":"max-video-preview:-1"},"canonical":"https:\/\/mekulo.com\/dk\/produkt\/elektrisk-magnetisk-svejser\/","og_locale":"da_DK","og_type":"article","og_title":"Elektrisk magnetisk svejser - Mekulo DK","og_description":"\ud83e\udd7dDette elektriske magnetiske svejsejordingsv\u00e6rkt\u00f8j hj\u00e6lper dig med at skabe en st\u00e6rk jordforbindelse hurtigt. \ud83d\udc68\u200d\ud83d\udd27It forbedrer svejsestabiliteten og sparer tid under ops\u00e6tningen. Bygget til sikkerhed, holdbarhed og daglig v\u00e6rkstedsbrug. \ud83e\uddf0Et enkelt og p\u00e5lideligt jordingsv\u00e6rkt\u00f8j til mere j\u00e6vnt svejsearbejde.","og_url":"https:\/\/mekulo.com\/dk\/produkt\/elektrisk-magnetisk-svejser\/","og_site_name":"Mekulo DK","article_modified_time":"2026-03-02T10:32:39+00:00","og_image":[{"width":960,"height":960,"url":"https:\/\/mekulo.com\/dk\/wp-content\/uploads\/sites\/12\/2026\/02\/9alsn45-1.jpg","type":"image\/jpeg"}],"twitter_card":"summary_large_image","twitter_misc":{"Estimeret l\u00e6setid":"2 minutter"},"schema":{"@context":"https:\/\/schema.org","@graph":[{"@type":"WebPage","@id":"https:\/\/mekulo.com\/dk\/produkt\/elektrisk-magnetisk-svejser\/","url":"https:\/\/mekulo.com\/dk\/produkt\/elektrisk-magnetisk-svejser\/","name":"Elektrisk magnetisk svejser - Mekulo DK","isPartOf":{"@id":"https:\/\/mekulo.com\/dk\/#website"},"primaryImageOfPage":{"@id":"https:\/\/mekulo.com\/dk\/produkt\/elektrisk-magnetisk-svejser\/#primaryimage"},"image":{"@id":"https:\/\/mekulo.com\/dk\/produkt\/elektrisk-magnetisk-svejser\/#primaryimage"},"thumbnailUrl":"https:\/\/mekulo.com\/dk\/wp-content\/uploads\/sites\/12\/2026\/02\/9alsn45-1.jpg","datePublished":"2026-02-17T06:23:58+00:00","dateModified":"2026-03-02T10:32:39+00:00","breadcrumb":{"@id":"https:\/\/mekulo.com\/dk\/produkt\/elektrisk-magnetisk-svejser\/#breadcrumb"},"inLanguage":"da-DK","potentialAction":[{"@type":"ReadAction","target":["https:\/\/mekulo.com\/dk\/produkt\/elektrisk-magnetisk-svejser\/"]}]},{"@type":"ImageObject","inLanguage":"da-DK","@id":"https:\/\/mekulo.com\/dk\/produkt\/elektrisk-magnetisk-svejser\/#primaryimage","url":"https:\/\/mekulo.com\/dk\/wp-content\/uploads\/sites\/12\/2026\/02\/9alsn45-1.jpg","contentUrl":"https:\/\/mekulo.com\/dk\/wp-content\/uploads\/sites\/12\/2026\/02\/9alsn45-1.jpg","width":960,"height":960},{"@type":"BreadcrumbList","@id":"https:\/\/mekulo.com\/dk\/produkt\/elektrisk-magnetisk-svejser\/#breadcrumb","itemListElement":[{"@type":"ListItem","position":1,"name":"Home","item":"https:\/\/mekulo.com\/dk\/"},{"@type":"ListItem","position":2,"name":"Butik","item":"https:\/\/mekulo.com\/dk\/butik\/"},{"@type":"ListItem","position":3,"name":"Elektrisk magnetisk svejser"}]},{"@type":"WebSite","@id":"https:\/\/mekulo.com\/dk\/#website","url":"https:\/\/mekulo.com\/dk\/","name":"Mekulo DK","description":"","publisher":{"@id":"https:\/\/mekulo.com\/dk\/#organization"},"potentialAction":[{"@type":"SearchAction","target":{"@type":"EntryPoint","urlTemplate":"https:\/\/mekulo.com\/dk\/?s={search_term_string}"},"query-input":{"@type":"PropertyValueSpecification","valueRequired":true,"valueName":"search_term_string"}}],"inLanguage":"da-DK"},{"@type":"Organization","@id":"https:\/\/mekulo.com\/dk\/#organization","name":"Mekulo","url":"https:\/\/mekulo.com\/dk\/","logo":{"@type":"ImageObject","inLanguage":"da-DK","@id":"https:\/\/mekulo.com\/dk\/#\/schema\/logo\/image\/","url":"https:\/\/mekulo.com\/dk\/wp-content\/uploads\/sites\/12\/2025\/12\/favicon_mekulo.png","contentUrl":"https:\/\/mekulo.com\/dk\/wp-content\/uploads\/sites\/12\/2025\/12\/favicon_mekulo.png","width":50,"height":50,"caption":"Mekulo"},"image":{"@id":"https:\/\/mekulo.com\/dk\/#\/schema\/logo\/image\/"}}]}},"_links":{"self":[{"href":"https:\/\/mekulo.com\/dk\/wp-json\/wp\/v2\/product\/24479","targetHints":{"allow":["GET"]}}],"collection":[{"href":"https:\/\/mekulo.com\/dk\/wp-json\/wp\/v2\/product"}],"about":[{"href":"https:\/\/mekulo.com\/dk\/wp-json\/wp\/v2\/types\/product"}],"replies":[{"embeddable":true,"href":"https:\/\/mekulo.com\/dk\/wp-json\/wp\/v2\/comments?post=24479"}],"wp:featuredmedia":[{"embeddable":true,"href":"https:\/\/mekulo.com\/dk\/wp-json\/wp\/v2\/media\/24475"}],"wp:attachment":[{"href":"https:\/\/mekulo.com\/dk\/wp-json\/wp\/v2\/media?parent=24479"}],"wp:term":[{"taxonomy":"product_brand","embeddable":true,"href":"https:\/\/mekulo.com\/dk\/wp-json\/wp\/v2\/product_brand?post=24479"},{"taxonomy":"product_cat","embeddable":true,"href":"https:\/\/mekulo.com\/dk\/wp-json\/wp\/v2\/product_cat?post=24479"},{"taxonomy":"product_tag","embeddable":true,"href":"https:\/\/mekulo.com\/dk\/wp-json\/wp\/v2\/product_tag?post=24479"}],"curies":[{"name":"wp","href":"https:\/\/api.w.org\/{rel}","templated":true}]}}