{"id":24457,"date":"2026-02-17T08:22:35","date_gmt":"2026-02-17T06:22:35","guid":{"rendered":"https:\/\/mekulo.com\/dk\/produkt\/solcelledrevet-dyreafviser\/"},"modified":"2026-02-17T09:04:09","modified_gmt":"2026-02-17T07:04:09","slug":"solcelledrevet-dyreafviser","status":"publish","type":"product","link":"https:\/\/mekulo.com\/dk\/produkt\/solcelledrevet-dyreafviser\/","title":{"rendered":"Solcelledrevet dyreafviser"},"content":{"rendered":"<p style=\"text-align: center\" data-start=\"0\" data-end=\"54\"><strong data-start=\"0\" data-end=\"54\">Holder u\u00f8nskede dyr v\u00e6k ved hj\u00e6lp af lyd og lys. \ud83d\udc26<\/strong><\/p>\n<p data-start=\"0\" data-end=\"54\"><img fetchpriority=\"high\" decoding=\"async\" class=\"size-full wp-image-25057 aligncenter\" src=\"https:\/\/mekulo.com\/template\/wp-content\/uploads\/sites\/6\/2026\/02\/99741422-4e61-47db-9b74-88a77f97de7f.jpg\" alt=\"\" width=\"960\" height=\"960\" \/><\/p>\n<h2 style=\"text-align: center\" data-start=\"246\" data-end=\"267\"><strong>Vigtigste fordele \u2600\ufe0f<\/strong><\/h2>\n<p data-start=\"271\" data-end=\"322\">\u2600\ufe0f Solcelledrevet &#8211; Ingen ekstern str\u00f8m kr\u00e6ves.<\/p>\n<p data-start=\"325\" data-end=\"374\">\ud83c\udf27\ufe0f Regnt\u00e6t (IP55) &#8211; Fungerer i al slags vejr.<\/p>\n<p data-start=\"377\" data-end=\"424\">\ud83d\udd0a H\u00f8j alarm (129 dB) &#8211; St\u00e6rkt afskr\u00e6kkende.<\/p>\n<p data-start=\"427\" data-end=\"480\">\ud83d\udc26 Afviser fugle og dyr &#8211; Beskytter dit rum.<\/p>\n<p data-start=\"483\" data-end=\"533\">\u23f1\ufe0f Timer-tilstande &#8211; Fleksible dag\/nat-indstillinger.<\/p>\n<p data-start=\"536\" data-end=\"573\">\ud83d\udd0c Ingen ledninger &#8211; Nem installation.<\/p>\n<p data-start=\"576\" data-end=\"623\">\ud83d\udd0b Indbygget batteri &#8211; Lagrer solenergi.<\/p>\n<p data-start=\"626\" data-end=\"672\">\ud83c\udf31 Milj\u00f8venlig &#8211; Energibesparende l\u00f8sning.<\/p>\n<p data-start=\"626\" data-end=\"672\"><img decoding=\"async\" class=\"size-full wp-image-25058 aligncenter\" src=\"https:\/\/mekulo.com\/template\/wp-content\/uploads\/sites\/6\/2026\/02\/Sa0a172815f9e4b85808ea16a6756d178h.jpg\" alt=\"\" width=\"1000\" height=\"1000\" \/><\/p>\n<h2 style=\"text-align: center\" data-start=\"679\" data-end=\"697\"><strong>S\u00e5dan bruges det \ud83d\udccc<\/strong><\/h2>\n<ol data-start=\"699\" data-end=\"930\">\n<li data-start=\"699\" data-end=\"750\">\n<p data-start=\"702\" data-end=\"750\">Placer enheden udend\u00f8rs p\u00e5 et solrigt sted.<\/p>\n<\/li>\n<li data-start=\"751\" data-end=\"791\">\n<p data-start=\"754\" data-end=\"791\">V\u00e6lg den \u00f8nskede driftstilstand.<\/p>\n<\/li>\n<li data-start=\"792\" data-end=\"841\">\n<p data-start=\"795\" data-end=\"841\">Lad solpanelet oplade batteriet.<\/p>\n<\/li>\n<li data-start=\"842\" data-end=\"930\">\n<p data-start=\"845\" data-end=\"930\">Enheden udl\u00f8ser automatisk lyd og lys baseret p\u00e5 de valgte indstillinger.<\/p>\n<\/li>\n<\/ol>\n<h2 style=\"text-align: center\" data-start=\"937\" data-end=\"960\"><strong>Produktdetaljer \ud83d\udccf<\/strong><\/h2>\n<ul data-start=\"962\" data-end=\"1327\">\n<li data-start=\"1006\" data-end=\"1065\">\n<p data-start=\"1008\" data-end=\"1065\">Str\u00f8mforsyning: 5V \/ 80mA monokrystallinsk solpanel<\/p>\n<\/li>\n<li data-start=\"1066\" data-end=\"1105\">\n<p data-start=\"1068\" data-end=\"1105\">Opladningsmetode: Solopladning<\/p>\n<\/li>\n<li data-start=\"1106\" data-end=\"1163\">\n<p data-start=\"1108\" data-end=\"1163\">Batteri: Indbygget litiumbatteri (3,7V \/ 400mAh)<\/p>\n<\/li>\n<li data-start=\"1164\" data-end=\"1203\">\n<p data-start=\"1166\" data-end=\"1203\">Alarmlydniveau: 129 decibel<\/p>\n<\/li>\n<li data-start=\"1204\" data-end=\"1235\">\n<p data-start=\"1206\" data-end=\"1235\">Vandt\u00e6t klassificering: IP55<\/p>\n<\/li>\n<li data-start=\"1236\" data-end=\"1327\">\n<p data-start=\"1238\" data-end=\"1327\">Velegnet til: Haver, frugtplantager, landbrugsjord, gr\u00e6sgange, byggepladser, lagerbygninger<\/p>\n<\/li>\n<\/ul>\n<p data-start=\"1329\" data-end=\"1349\">Sort version:<\/p>\n<ul data-start=\"1350\" data-end=\"1469\">\n<li data-start=\"1350\" data-end=\"1392\">\n<p data-start=\"1352\" data-end=\"1392\">T\u00e6nder automatisk i l\u00f8bet af dagen<\/p>\n<\/li>\n<li data-start=\"1393\" data-end=\"1431\">\n<p data-start=\"1395\" data-end=\"1431\">Flere lyde i et 3-minutters loop<\/p>\n<\/li>\n<li data-start=\"1432\" data-end=\"1469\">\n<p data-start=\"1434\" data-end=\"1469\">Slukker automatisk om natten<\/p>\n<\/li>\n<\/ul>\n<p data-start=\"1471\" data-end=\"1495\">R\u00f8d version:<\/p>\n<ul data-start=\"1496\" data-end=\"1677\">\n<li data-start=\"1496\" data-end=\"1542\">\n<p data-start=\"1498\" data-end=\"1542\">Niveau 1: 10-minutters loop (24-timers interval)<\/p>\n<\/li>\n<li data-start=\"1543\" data-end=\"1589\">\n<p data-start=\"1545\" data-end=\"1589\">Niveau 2: 20-minutters loop (24-timers interval)<\/p>\n<\/li>\n<li data-start=\"1590\" data-end=\"1633\">\n<p data-start=\"1592\" data-end=\"1633\">Niveau 3: Nattilstand, 10-minutters interval<\/p>\n<\/li>\n<li data-start=\"1634\" data-end=\"1677\">\n<p data-start=\"1636\" data-end=\"1677\">Niveau 4: Nattilstand, 20-minutters interval<\/p>\n<\/li>\n<\/ul>\n<h2 style=\"text-align: center\" data-start=\"1684\" data-end=\"1708\"><strong>Pakken indeholder \ud83d\udce6<\/strong><\/h2>\n<ul data-start=\"1710\" data-end=\"1801\">\n<li style=\"list-style-type: none\">\n<ul data-start=\"1710\" data-end=\"1801\">\n<li data-start=\"1710\" data-end=\"1730\">\n<p data-start=\"1712\" data-end=\"1730\">1x solcelledrevet dyreafskr\u00e6kker<\/p>\n<\/li>\n<li data-start=\"1710\" data-end=\"1730\">\n<p data-start=\"1712\" data-end=\"1730\">2x skruer<\/p>\n<\/li>\n<li data-start=\"1710\" data-end=\"1730\">\n<p data-start=\"1712\" data-end=\"1730\">2x plastv\u00e6gankre (stik)<\/p>\n<\/li>\n<li data-start=\"1731\" data-end=\"1775\">\n<p data-start=\"1733\" data-end=\"1775\">1x instruktionsmanual.<\/p>\n<\/li>\n<\/ul>\n<\/li>\n<\/ul>\n<p>&lt;\/ul<\/p>\n","protected":false},"excerpt":{"rendered":"<p>\ud83d\udc17Denne solcelledrevne dyreafskr\u00e6kker hj\u00e6lper med at beskytte din have, g\u00e5rd eller ejendom. Den udsender h\u00f8je lyde og blinkende lys for at skr\u00e6mme fugle og dyr v\u00e6k.<br \/>\n\ud83c\udfe1Ingen ledninger eller elektricitet er n\u00f8dvendig. En sikker og milj\u00f8venlig m\u00e5de at beskytte dine udend\u00f8rsarealer p\u00e5.<br \/>\n<span style=\"font-size: 16px;font-style: normal;font-weight: 400\">\ud83c\udf1e<\/span>Enkel, solcelledrevet beskyttelse af dine udend\u00f8rsarealer.<\/p>\n","protected":false},"featured_media":24453,"comment_status":"open","ping_status":"closed","template":"","meta":{"site-sidebar-layout":"default","site-content-layout":"","ast-site-content-layout":"default","site-content-style":"default","site-sidebar-style":"default","ast-global-header-display":"","ast-banner-title-visibility":"","ast-main-header-display":"","ast-hfb-above-header-display":"","ast-hfb-below-header-display":"","ast-hfb-mobile-header-display":"","site-post-title":"","ast-breadcrumbs-content":"","ast-featured-img":"","footer-sml-layout":"","ast-disable-related-posts":"","theme-transparent-header-meta":"default","adv-header-id-meta":"","stick-header-meta":"","header-above-stick-meta":"","header-main-stick-meta":"","header-below-stick-meta":"","astra-migrate-meta-layouts":"set","ast-page-background-enabled":"default","ast-page-background-meta":{"desktop":{"background-color":"var(--ast-global-color-5)","background-image":"","background-repeat":"repeat","background-position":"center center","background-size":"auto","background-attachment":"scroll","background-type":"","background-media":"","overlay-type":"","overlay-color":"","overlay-opacity":"","overlay-gradient":""},"tablet":{"background-color":"","background-image":"","background-repeat":"repeat","background-position":"center center","background-size":"auto","background-attachment":"scroll","background-type":"","background-media":"","overlay-type":"","overlay-color":"","overlay-opacity":"","overlay-gradient":""},"mobile":{"background-color":"","background-image":"","background-repeat":"repeat","background-position":"center center","background-size":"auto","background-attachment":"scroll","background-type":"","background-media":"","overlay-type":"","overlay-color":"","overlay-opacity":"","overlay-gradient":""}},"ast-content-background-meta":{"desktop":{"background-color":"var(--ast-global-color-4)","background-image":"","background-repeat":"repeat","background-position":"center center","background-size":"auto","background-attachment":"scroll","background-type":"","background-media":"","overlay-type":"","overlay-color":"","overlay-opacity":"","overlay-gradient":""},"tablet":{"background-color":"var(--ast-global-color-4)","background-image":"","background-repeat":"repeat","background-position":"center center","background-size":"auto","background-attachment":"scroll","background-type":"","background-media":"","overlay-type":"","overlay-color":"","overlay-opacity":"","overlay-gradient":""},"mobile":{"background-color":"var(--ast-global-color-4)","background-image":"","background-repeat":"repeat","background-position":"center center","background-size":"auto","background-attachment":"scroll","background-type":"","background-media":"","overlay-type":"","overlay-color":"","overlay-opacity":"","overlay-gradient":""}}},"product_brand":[],"product_cat":[168],"product_tag":[],"class_list":{"0":"post-24457","1":"product","2":"type-product","3":"status-publish","4":"has-post-thumbnail","6":"product_cat-husholdningsartikler","7":"pa_59924_97sdw0a9-1-stk","8":"pa_59924_97sdw0a9-2-stk","9":"pa_59924_97sdw0a9-3-stk","10":"pa_59924_glqcdwd7-roed","11":"pa_59924_glqcdwd7-sort","12":"desktop-align-left","13":"tablet-align-left","14":"mobile-align-left","16":"first","17":"instock","18":"shipping-taxable","19":"purchasable","20":"product-type-variable","21":"has-default-attributes"},"yoast_head":"<!-- This site is optimized with the Yoast SEO plugin v27.4 - https:\/\/yoast.com\/product\/yoast-seo-wordpress\/ -->\n<title>Solcelledrevet dyreafviser - Mekulo DK<\/title>\n<meta name=\"robots\" content=\"index, follow, max-snippet:-1, max-image-preview:large, max-video-preview:-1\" \/>\n<link rel=\"canonical\" href=\"https:\/\/mekulo.com\/dk\/produkt\/solcelledrevet-dyreafviser\/\" \/>\n<meta property=\"og:locale\" content=\"fi_FI\" \/>\n<meta property=\"og:type\" content=\"article\" \/>\n<meta property=\"og:title\" content=\"Solcelledrevet dyreafviser - Mekulo DK\" \/>\n<meta property=\"og:description\" content=\"\ud83d\udc17Denne solcelledrevne dyreafskr\u00e6kker hj\u00e6lper med at beskytte din have, g\u00e5rd eller ejendom. Den udsender h\u00f8je lyde og blinkende lys for at skr\u00e6mme fugle og dyr v\u00e6k. \ud83c\udfe1Ingen ledninger eller elektricitet er n\u00f8dvendig. En sikker og milj\u00f8venlig m\u00e5de at beskytte dine udend\u00f8rsarealer p\u00e5. \ud83c\udf1eEnkel, solcelledrevet beskyttelse af dine udend\u00f8rsarealer.\" \/>\n<meta property=\"og:url\" content=\"https:\/\/mekulo.com\/dk\/produkt\/solcelledrevet-dyreafviser\/\" \/>\n<meta property=\"og:site_name\" content=\"Mekulo DK\" \/>\n<meta property=\"article:modified_time\" content=\"2026-02-17T07:04:09+00:00\" \/>\n<meta property=\"og:image\" content=\"https:\/\/mekulo.com\/dk\/wp-content\/uploads\/sites\/12\/2026\/02\/jiiwtsc-1.jpg\" \/>\n\t<meta property=\"og:image:width\" content=\"1000\" \/>\n\t<meta property=\"og:image:height\" content=\"1000\" \/>\n\t<meta property=\"og:image:type\" content=\"image\/jpeg\" \/>\n<meta name=\"twitter:card\" content=\"summary_large_image\" \/>\n<meta name=\"twitter:label1\" content=\"Arvioitu lukuaika\" \/>\n\t<meta name=\"twitter:data1\" content=\"2 minuuttia\" \/>\n<script type=\"application\/ld+json\" class=\"yoast-schema-graph\">{\"@context\":\"https:\\\/\\\/schema.org\",\"@graph\":[{\"@type\":\"WebPage\",\"@id\":\"https:\\\/\\\/mekulo.com\\\/dk\\\/produkt\\\/solcelledrevet-dyreafviser\\\/\",\"url\":\"https:\\\/\\\/mekulo.com\\\/dk\\\/produkt\\\/solcelledrevet-dyreafviser\\\/\",\"name\":\"Solcelledrevet dyreafviser - Mekulo DK\",\"isPartOf\":{\"@id\":\"https:\\\/\\\/mekulo.com\\\/dk\\\/#website\"},\"primaryImageOfPage\":{\"@id\":\"https:\\\/\\\/mekulo.com\\\/dk\\\/produkt\\\/solcelledrevet-dyreafviser\\\/#primaryimage\"},\"image\":{\"@id\":\"https:\\\/\\\/mekulo.com\\\/dk\\\/produkt\\\/solcelledrevet-dyreafviser\\\/#primaryimage\"},\"thumbnailUrl\":\"https:\\\/\\\/mekulo.com\\\/dk\\\/wp-content\\\/uploads\\\/sites\\\/12\\\/2026\\\/02\\\/jiiwtsc-1.jpg\",\"datePublished\":\"2026-02-17T06:22:35+00:00\",\"dateModified\":\"2026-02-17T07:04:09+00:00\",\"breadcrumb\":{\"@id\":\"https:\\\/\\\/mekulo.com\\\/dk\\\/produkt\\\/solcelledrevet-dyreafviser\\\/#breadcrumb\"},\"inLanguage\":\"fi\",\"potentialAction\":[{\"@type\":\"ReadAction\",\"target\":[\"https:\\\/\\\/mekulo.com\\\/dk\\\/produkt\\\/solcelledrevet-dyreafviser\\\/\"]}]},{\"@type\":\"ImageObject\",\"inLanguage\":\"fi\",\"@id\":\"https:\\\/\\\/mekulo.com\\\/dk\\\/produkt\\\/solcelledrevet-dyreafviser\\\/#primaryimage\",\"url\":\"https:\\\/\\\/mekulo.com\\\/dk\\\/wp-content\\\/uploads\\\/sites\\\/12\\\/2026\\\/02\\\/jiiwtsc-1.jpg\",\"contentUrl\":\"https:\\\/\\\/mekulo.com\\\/dk\\\/wp-content\\\/uploads\\\/sites\\\/12\\\/2026\\\/02\\\/jiiwtsc-1.jpg\",\"width\":1000,\"height\":1000},{\"@type\":\"BreadcrumbList\",\"@id\":\"https:\\\/\\\/mekulo.com\\\/dk\\\/produkt\\\/solcelledrevet-dyreafviser\\\/#breadcrumb\",\"itemListElement\":[{\"@type\":\"ListItem\",\"position\":1,\"name\":\"Home\",\"item\":\"https:\\\/\\\/mekulo.com\\\/dk\\\/\"},{\"@type\":\"ListItem\",\"position\":2,\"name\":\"Butik\",\"item\":\"https:\\\/\\\/mekulo.com\\\/dk\\\/butik\\\/\"},{\"@type\":\"ListItem\",\"position\":3,\"name\":\"Solcelledrevet dyreafviser\"}]},{\"@type\":\"WebSite\",\"@id\":\"https:\\\/\\\/mekulo.com\\\/dk\\\/#website\",\"url\":\"https:\\\/\\\/mekulo.com\\\/dk\\\/\",\"name\":\"Mekulo DK\",\"description\":\"\",\"publisher\":{\"@id\":\"https:\\\/\\\/mekulo.com\\\/dk\\\/#organization\"},\"potentialAction\":[{\"@type\":\"SearchAction\",\"target\":{\"@type\":\"EntryPoint\",\"urlTemplate\":\"https:\\\/\\\/mekulo.com\\\/dk\\\/?s={search_term_string}\"},\"query-input\":{\"@type\":\"PropertyValueSpecification\",\"valueRequired\":true,\"valueName\":\"search_term_string\"}}],\"inLanguage\":\"fi\"},{\"@type\":\"Organization\",\"@id\":\"https:\\\/\\\/mekulo.com\\\/dk\\\/#organization\",\"name\":\"Mekulo\",\"url\":\"https:\\\/\\\/mekulo.com\\\/dk\\\/\",\"logo\":{\"@type\":\"ImageObject\",\"inLanguage\":\"fi\",\"@id\":\"https:\\\/\\\/mekulo.com\\\/dk\\\/#\\\/schema\\\/logo\\\/image\\\/\",\"url\":\"https:\\\/\\\/mekulo.com\\\/dk\\\/wp-content\\\/uploads\\\/sites\\\/12\\\/2025\\\/12\\\/favicon_mekulo.png\",\"contentUrl\":\"https:\\\/\\\/mekulo.com\\\/dk\\\/wp-content\\\/uploads\\\/sites\\\/12\\\/2025\\\/12\\\/favicon_mekulo.png\",\"width\":50,\"height\":50,\"caption\":\"Mekulo\"},\"image\":{\"@id\":\"https:\\\/\\\/mekulo.com\\\/dk\\\/#\\\/schema\\\/logo\\\/image\\\/\"}}]}<\/script>\n<!-- \/ Yoast SEO plugin. -->","yoast_head_json":{"title":"Solcelledrevet dyreafviser - Mekulo DK","robots":{"index":"index","follow":"follow","max-snippet":"max-snippet:-1","max-image-preview":"max-image-preview:large","max-video-preview":"max-video-preview:-1"},"canonical":"https:\/\/mekulo.com\/dk\/produkt\/solcelledrevet-dyreafviser\/","og_locale":"fi_FI","og_type":"article","og_title":"Solcelledrevet dyreafviser - Mekulo DK","og_description":"\ud83d\udc17Denne solcelledrevne dyreafskr\u00e6kker hj\u00e6lper med at beskytte din have, g\u00e5rd eller ejendom. Den udsender h\u00f8je lyde og blinkende lys for at skr\u00e6mme fugle og dyr v\u00e6k. \ud83c\udfe1Ingen ledninger eller elektricitet er n\u00f8dvendig. En sikker og milj\u00f8venlig m\u00e5de at beskytte dine udend\u00f8rsarealer p\u00e5. \ud83c\udf1eEnkel, solcelledrevet beskyttelse af dine udend\u00f8rsarealer.","og_url":"https:\/\/mekulo.com\/dk\/produkt\/solcelledrevet-dyreafviser\/","og_site_name":"Mekulo DK","article_modified_time":"2026-02-17T07:04:09+00:00","og_image":[{"width":1000,"height":1000,"url":"https:\/\/mekulo.com\/dk\/wp-content\/uploads\/sites\/12\/2026\/02\/jiiwtsc-1.jpg","type":"image\/jpeg"}],"twitter_card":"summary_large_image","twitter_misc":{"Arvioitu lukuaika":"2 minuuttia"},"schema":{"@context":"https:\/\/schema.org","@graph":[{"@type":"WebPage","@id":"https:\/\/mekulo.com\/dk\/produkt\/solcelledrevet-dyreafviser\/","url":"https:\/\/mekulo.com\/dk\/produkt\/solcelledrevet-dyreafviser\/","name":"Solcelledrevet dyreafviser - Mekulo DK","isPartOf":{"@id":"https:\/\/mekulo.com\/dk\/#website"},"primaryImageOfPage":{"@id":"https:\/\/mekulo.com\/dk\/produkt\/solcelledrevet-dyreafviser\/#primaryimage"},"image":{"@id":"https:\/\/mekulo.com\/dk\/produkt\/solcelledrevet-dyreafviser\/#primaryimage"},"thumbnailUrl":"https:\/\/mekulo.com\/dk\/wp-content\/uploads\/sites\/12\/2026\/02\/jiiwtsc-1.jpg","datePublished":"2026-02-17T06:22:35+00:00","dateModified":"2026-02-17T07:04:09+00:00","breadcrumb":{"@id":"https:\/\/mekulo.com\/dk\/produkt\/solcelledrevet-dyreafviser\/#breadcrumb"},"inLanguage":"fi","potentialAction":[{"@type":"ReadAction","target":["https:\/\/mekulo.com\/dk\/produkt\/solcelledrevet-dyreafviser\/"]}]},{"@type":"ImageObject","inLanguage":"fi","@id":"https:\/\/mekulo.com\/dk\/produkt\/solcelledrevet-dyreafviser\/#primaryimage","url":"https:\/\/mekulo.com\/dk\/wp-content\/uploads\/sites\/12\/2026\/02\/jiiwtsc-1.jpg","contentUrl":"https:\/\/mekulo.com\/dk\/wp-content\/uploads\/sites\/12\/2026\/02\/jiiwtsc-1.jpg","width":1000,"height":1000},{"@type":"BreadcrumbList","@id":"https:\/\/mekulo.com\/dk\/produkt\/solcelledrevet-dyreafviser\/#breadcrumb","itemListElement":[{"@type":"ListItem","position":1,"name":"Home","item":"https:\/\/mekulo.com\/dk\/"},{"@type":"ListItem","position":2,"name":"Butik","item":"https:\/\/mekulo.com\/dk\/butik\/"},{"@type":"ListItem","position":3,"name":"Solcelledrevet dyreafviser"}]},{"@type":"WebSite","@id":"https:\/\/mekulo.com\/dk\/#website","url":"https:\/\/mekulo.com\/dk\/","name":"Mekulo DK","description":"","publisher":{"@id":"https:\/\/mekulo.com\/dk\/#organization"},"potentialAction":[{"@type":"SearchAction","target":{"@type":"EntryPoint","urlTemplate":"https:\/\/mekulo.com\/dk\/?s={search_term_string}"},"query-input":{"@type":"PropertyValueSpecification","valueRequired":true,"valueName":"search_term_string"}}],"inLanguage":"fi"},{"@type":"Organization","@id":"https:\/\/mekulo.com\/dk\/#organization","name":"Mekulo","url":"https:\/\/mekulo.com\/dk\/","logo":{"@type":"ImageObject","inLanguage":"fi","@id":"https:\/\/mekulo.com\/dk\/#\/schema\/logo\/image\/","url":"https:\/\/mekulo.com\/dk\/wp-content\/uploads\/sites\/12\/2025\/12\/favicon_mekulo.png","contentUrl":"https:\/\/mekulo.com\/dk\/wp-content\/uploads\/sites\/12\/2025\/12\/favicon_mekulo.png","width":50,"height":50,"caption":"Mekulo"},"image":{"@id":"https:\/\/mekulo.com\/dk\/#\/schema\/logo\/image\/"}}]}},"_links":{"self":[{"href":"https:\/\/mekulo.com\/dk\/wp-json\/wp\/v2\/product\/24457","targetHints":{"allow":["GET"]}}],"collection":[{"href":"https:\/\/mekulo.com\/dk\/wp-json\/wp\/v2\/product"}],"about":[{"href":"https:\/\/mekulo.com\/dk\/wp-json\/wp\/v2\/types\/product"}],"replies":[{"embeddable":true,"href":"https:\/\/mekulo.com\/dk\/wp-json\/wp\/v2\/comments?post=24457"}],"wp:featuredmedia":[{"embeddable":true,"href":"https:\/\/mekulo.com\/dk\/wp-json\/wp\/v2\/media\/24453"}],"wp:attachment":[{"href":"https:\/\/mekulo.com\/dk\/wp-json\/wp\/v2\/media?parent=24457"}],"wp:term":[{"taxonomy":"product_brand","embeddable":true,"href":"https:\/\/mekulo.com\/dk\/wp-json\/wp\/v2\/product_brand?post=24457"},{"taxonomy":"product_cat","embeddable":true,"href":"https:\/\/mekulo.com\/dk\/wp-json\/wp\/v2\/product_cat?post=24457"},{"taxonomy":"product_tag","embeddable":true,"href":"https:\/\/mekulo.com\/dk\/wp-json\/wp\/v2\/product_tag?post=24457"}],"curies":[{"name":"wp","href":"https:\/\/api.w.org\/{rel}","templated":true}]}}