{"id":24418,"date":"2026-02-17T08:19:02","date_gmt":"2026-02-17T06:19:02","guid":{"rendered":"https:\/\/mekulo.com\/dk\/produkt\/solbrilleholder-til-bilen\/"},"modified":"2026-02-17T08:19:33","modified_gmt":"2026-02-17T06:19:33","slug":"solbrilleholder-til-bilen","status":"publish","type":"product","link":"https:\/\/mekulo.com\/dk\/produkt\/solbrilleholder-til-bilen\/","title":{"rendered":"Solbrilleholder til bilen"},"content":{"rendered":"<p style=\"text-align: center\" data-start=\"29\" data-end=\"98\"><strong data-start=\"29\" data-end=\"98\">Hold dine solbriller sikre, ridsefri og altid inden for r\u00e6kkevidde. \ud83d\ude99<\/strong><\/p>\n<p data-start=\"29\" data-end=\"98\"><img fetchpriority=\"high\" decoding=\"async\" class=\"size-full wp-image-25023 aligncenter\" src=\"https:\/\/mekulo.com\/template\/wp-content\/uploads\/sites\/6\/2026\/02\/5_1_a6cd11fd-42ce-4a20-b5b8-e23c824a1beb.jpg\" alt=\"\" width=\"990\" height=\"990\" \/><\/p>\n<h2 style=\"text-align: center\" data-start=\"560\" data-end=\"579\"><strong>Hovedfordele \ud83d\udd76\ufe0f<\/strong><\/h2>\n<p data-start=\"580\" data-end=\"895\">\ud83d\udd76\ufe0f Beskytter dine briller &#8211; Forhindrer ridser og skader.<\/p>\n<p data-start=\"580\" data-end=\"895\">\ud83d\ude97 Sikrere k\u00f8rsel &#8211; Ingen distraktioner, mens du s\u00f8ger.<\/p>\n<p data-start=\"580\" data-end=\"895\">\ud83d\udd12 Dobbelt klemmegreb &#8211; Holder brillerne sikkert.<\/p>\n<p data-start=\"580\" data-end=\"895\">\ud83d\udc4c Adgang med \u00e9n h\u00e5nd &#8211; Hurtig og nem brug.<\/p>\n<p data-start=\"580\" data-end=\"895\">\ud83d\udccf Kompakt design &#8211; hindrer ikke udsynet.<\/p>\n<p data-start=\"580\" data-end=\"895\">\u2728 Stilfuldt look &#8211; passer ind i bilens interi\u00f8r.<\/p>\n<p data-start=\"580\" data-end=\"895\"><img decoding=\"async\" class=\"size-full wp-image-25027 aligncenter\" src=\"https:\/\/mekulo.com\/template\/wp-content\/uploads\/sites\/6\/2026\/02\/S009709e3d3de4cdfaade06b96a4fc542q.webp\" alt=\"\" width=\"1600\" height=\"1600\" \/><\/p>\n<h2 style=\"text-align: center\" data-start=\"902\" data-end=\"918\"><strong>S\u00e5dan Bruges \ud83d\udccc<\/strong><\/h2>\n<ol data-start=\"919\" data-end=\"1053\">\n<li data-start=\"919\" data-end=\"952\">\n<p data-start=\"922\" data-end=\"952\">\u00c5bn klemmen p\u00e5 holderen.<\/p>\n<\/li>\n<li data-start=\"953\" data-end=\"992\">\n<p data-start=\"956\" data-end=\"992\">S\u00e6t den fast p\u00e5 bilens solsk\u00e6rm.<\/p>\n<\/li>\n<li data-start=\"993\" data-end=\"1021\">\n<p data-start=\"996\" data-end=\"1021\">S\u00e6t dine solbriller i.<\/p>\n<\/li>\n<li data-start=\"1022\" data-end=\"1053\">\n<p data-start=\"1025\" data-end=\"1053\">Fjern dem nemt, n\u00e5r du har brug for dem.<\/p>\n<\/li>\n<\/ol>\n<h2 style=\"text-align: center\" data-start=\"1060\" data-end=\"1081\"><strong>Produktdetaljer \ud83d\udccf<\/strong><\/h2>\n<ul data-start=\"1082\" data-end=\"1215\">\n<li data-start=\"1082\" data-end=\"1107\">\n<p data-start=\"1084\" data-end=\"1107\">Materiale: ABS + Metal<\/p>\n<\/li>\n<li data-start=\"1108\" data-end=\"1131\">\n<p data-start=\"1110\" data-end=\"1131\">St\u00f8rrelse: 18 x 8 x 4 cm<\/p>\n<\/li>\n<li data-start=\"1132\" data-end=\"1177\">\n<p data-start=\"1134\" data-end=\"1177\">Montering: Clip-on (kr\u00e6ver ikke v\u00e6rkt\u00f8j)<\/p>\n<\/li>\n<li data-start=\"1178\" data-end=\"1215\">\n<p data-start=\"1180\" data-end=\"1215\">Kompatibilitet: Passer til de fleste k\u00f8ret\u00f8jer<\/p>\n<\/li>\n<\/ul>\n<h2 style=\"text-align: center\" data-start=\"1222\" data-end=\"1244\"><strong>Pakken Indeholder \ud83d\udce6<\/strong><\/h2>\n<ul data-start=\"1245\" data-end=\"1274\">\n<li data-start=\"1245\" data-end=\"1274\">\n<p data-start=\"1247\" data-end=\"1274\">1, 2x bilsolbrilleholder.<\/p>\n<\/li>\n<\/ul>\n","protected":false},"excerpt":{"rendered":"<p>\ud83d\ude98Stop med at spilde tid p\u00e5 at lede efter dine briller, mens du k\u00f8rer. Denne solbrilleholder til bilen klipses sikkert fast p\u00e5 solsk\u00e6rmen og holder dine briller p\u00e6nt opbevaret.<br \/>\n\ud83d\udd76\ufe0fA smart opgradering til sikrere og mere organiseret k\u00f8rsel. Det dobbelte klemmedesign forhindrer, at du glider eller falder.<br \/>\n\u2728Du kan nemt f\u00e5 adgang til dine briller med \u00e9n h\u00e5nd. K\u00f8r komfortabelt med dine solbriller altid beskyttet og klar.<\/p>\n","protected":false},"featured_media":24414,"comment_status":"open","ping_status":"closed","template":"","meta":{"site-sidebar-layout":"default","site-content-layout":"","ast-site-content-layout":"default","site-content-style":"default","site-sidebar-style":"default","ast-global-header-display":"","ast-banner-title-visibility":"","ast-main-header-display":"","ast-hfb-above-header-display":"","ast-hfb-below-header-display":"","ast-hfb-mobile-header-display":"","site-post-title":"","ast-breadcrumbs-content":"","ast-featured-img":"","footer-sml-layout":"","theme-transparent-header-meta":"default","adv-header-id-meta":"","stick-header-meta":"","header-above-stick-meta":"","header-main-stick-meta":"","header-below-stick-meta":"","astra-migrate-meta-layouts":"set","ast-page-background-enabled":"default","ast-page-background-meta":{"desktop":{"background-color":"var(--ast-global-color-5)","background-image":"","background-repeat":"repeat","background-position":"center center","background-size":"auto","background-attachment":"scroll","background-type":"","background-media":"","overlay-type":"","overlay-color":"","overlay-opacity":"","overlay-gradient":""},"tablet":{"background-color":"","background-image":"","background-repeat":"repeat","background-position":"center center","background-size":"auto","background-attachment":"scroll","background-type":"","background-media":"","overlay-type":"","overlay-color":"","overlay-opacity":"","overlay-gradient":""},"mobile":{"background-color":"","background-image":"","background-repeat":"repeat","background-position":"center center","background-size":"auto","background-attachment":"scroll","background-type":"","background-media":"","overlay-type":"","overlay-color":"","overlay-opacity":"","overlay-gradient":""}},"ast-content-background-meta":{"desktop":{"background-color":"var(--ast-global-color-4)","background-image":"","background-repeat":"repeat","background-position":"center center","background-size":"auto","background-attachment":"scroll","background-type":"","background-media":"","overlay-type":"","overlay-color":"","overlay-opacity":"","overlay-gradient":""},"tablet":{"background-color":"var(--ast-global-color-4)","background-image":"","background-repeat":"repeat","background-position":"center center","background-size":"auto","background-attachment":"scroll","background-type":"","background-media":"","overlay-type":"","overlay-color":"","overlay-opacity":"","overlay-gradient":""},"mobile":{"background-color":"var(--ast-global-color-4)","background-image":"","background-repeat":"repeat","background-position":"center center","background-size":"auto","background-attachment":"scroll","background-type":"","background-media":"","overlay-type":"","overlay-color":"","overlay-opacity":"","overlay-gradient":""}}},"product_brand":[],"product_cat":[161],"product_tag":[],"class_list":{"0":"post-24418","1":"product","2":"type-product","3":"status-publish","4":"has-post-thumbnail","6":"product_cat-bilprodukter","7":"pa_59250_nqxi80md-soelv-roseguld","8":"pa_59250_nqxi80md-soelv-sort","9":"pa_59250_nqxi80md-sort-rosa-guld","10":"pa_59250_nqxi80md-sort-soelv","11":"pa_59250_ttg5hwku-1-stk","12":"pa_59250_ttg5hwku-2-stk","13":"desktop-align-left","14":"tablet-align-left","15":"mobile-align-left","17":"first","18":"instock","19":"shipping-taxable","20":"purchasable","21":"product-type-variable","22":"has-default-attributes"},"yoast_head":"<!-- This site is optimized with the Yoast SEO plugin v26.6 - https:\/\/yoast.com\/wordpress\/plugins\/seo\/ -->\n<title>Solbrilleholder til bilen - Mekulo DK<\/title>\n<meta name=\"robots\" content=\"index, follow, max-snippet:-1, max-image-preview:large, max-video-preview:-1\" \/>\n<link rel=\"canonical\" href=\"https:\/\/mekulo.com\/dk\/produkt\/solbrilleholder-til-bilen\/\" \/>\n<meta property=\"og:locale\" content=\"da_DK\" \/>\n<meta property=\"og:type\" content=\"article\" \/>\n<meta property=\"og:title\" content=\"Solbrilleholder til bilen - Mekulo DK\" \/>\n<meta property=\"og:description\" content=\"\ud83d\ude98Stop med at spilde tid p\u00e5 at lede efter dine briller, mens du k\u00f8rer. Denne solbrilleholder til bilen klipses sikkert fast p\u00e5 solsk\u00e6rmen og holder dine briller p\u00e6nt opbevaret. \ud83d\udd76\ufe0fA smart opgradering til sikrere og mere organiseret k\u00f8rsel. Det dobbelte klemmedesign forhindrer, at du glider eller falder. \u2728Du kan nemt f\u00e5 adgang til dine briller med \u00e9n h\u00e5nd. K\u00f8r komfortabelt med dine solbriller altid beskyttet og klar.\" \/>\n<meta property=\"og:url\" content=\"https:\/\/mekulo.com\/dk\/produkt\/solbrilleholder-til-bilen\/\" \/>\n<meta property=\"og:site_name\" content=\"Mekulo DK\" \/>\n<meta property=\"article:modified_time\" content=\"2026-02-17T06:19:33+00:00\" \/>\n<meta property=\"og:image\" content=\"https:\/\/mekulo.com\/dk\/wp-content\/uploads\/sites\/12\/2026\/02\/47i2xe2-1.jpg\" \/>\n\t<meta property=\"og:image:width\" content=\"990\" \/>\n\t<meta property=\"og:image:height\" content=\"990\" \/>\n\t<meta property=\"og:image:type\" content=\"image\/jpeg\" \/>\n<meta name=\"twitter:card\" content=\"summary_large_image\" \/>\n<meta name=\"twitter:label1\" content=\"Estimeret l\u00e6setid\" \/>\n\t<meta name=\"twitter:data1\" content=\"2 minutter\" \/>\n<script type=\"application\/ld+json\" class=\"yoast-schema-graph\">{\"@context\":\"https:\/\/schema.org\",\"@graph\":[{\"@type\":\"WebPage\",\"@id\":\"https:\/\/mekulo.com\/dk\/produkt\/solbrilleholder-til-bilen\/\",\"url\":\"https:\/\/mekulo.com\/dk\/produkt\/solbrilleholder-til-bilen\/\",\"name\":\"Solbrilleholder til bilen - Mekulo DK\",\"isPartOf\":{\"@id\":\"https:\/\/mekulo.com\/dk\/#website\"},\"primaryImageOfPage\":{\"@id\":\"https:\/\/mekulo.com\/dk\/produkt\/solbrilleholder-til-bilen\/#primaryimage\"},\"image\":{\"@id\":\"https:\/\/mekulo.com\/dk\/produkt\/solbrilleholder-til-bilen\/#primaryimage\"},\"thumbnailUrl\":\"https:\/\/mekulo.com\/dk\/wp-content\/uploads\/sites\/12\/2026\/02\/47i2xe2-1.jpg\",\"datePublished\":\"2026-02-17T06:19:02+00:00\",\"dateModified\":\"2026-02-17T06:19:33+00:00\",\"breadcrumb\":{\"@id\":\"https:\/\/mekulo.com\/dk\/produkt\/solbrilleholder-til-bilen\/#breadcrumb\"},\"inLanguage\":\"da-DK\",\"potentialAction\":[{\"@type\":\"ReadAction\",\"target\":[\"https:\/\/mekulo.com\/dk\/produkt\/solbrilleholder-til-bilen\/\"]}]},{\"@type\":\"ImageObject\",\"inLanguage\":\"da-DK\",\"@id\":\"https:\/\/mekulo.com\/dk\/produkt\/solbrilleholder-til-bilen\/#primaryimage\",\"url\":\"https:\/\/mekulo.com\/dk\/wp-content\/uploads\/sites\/12\/2026\/02\/47i2xe2-1.jpg\",\"contentUrl\":\"https:\/\/mekulo.com\/dk\/wp-content\/uploads\/sites\/12\/2026\/02\/47i2xe2-1.jpg\",\"width\":990,\"height\":990},{\"@type\":\"BreadcrumbList\",\"@id\":\"https:\/\/mekulo.com\/dk\/produkt\/solbrilleholder-til-bilen\/#breadcrumb\",\"itemListElement\":[{\"@type\":\"ListItem\",\"position\":1,\"name\":\"Home\",\"item\":\"https:\/\/mekulo.com\/dk\/\"},{\"@type\":\"ListItem\",\"position\":2,\"name\":\"Butik\",\"item\":\"https:\/\/mekulo.com\/dk\/butik\/\"},{\"@type\":\"ListItem\",\"position\":3,\"name\":\"Solbrilleholder til bilen\"}]},{\"@type\":\"WebSite\",\"@id\":\"https:\/\/mekulo.com\/dk\/#website\",\"url\":\"https:\/\/mekulo.com\/dk\/\",\"name\":\"Mekulo DK\",\"description\":\"\",\"publisher\":{\"@id\":\"https:\/\/mekulo.com\/dk\/#organization\"},\"potentialAction\":[{\"@type\":\"SearchAction\",\"target\":{\"@type\":\"EntryPoint\",\"urlTemplate\":\"https:\/\/mekulo.com\/dk\/?s={search_term_string}\"},\"query-input\":{\"@type\":\"PropertyValueSpecification\",\"valueRequired\":true,\"valueName\":\"search_term_string\"}}],\"inLanguage\":\"da-DK\"},{\"@type\":\"Organization\",\"@id\":\"https:\/\/mekulo.com\/dk\/#organization\",\"name\":\"Mekulo\",\"url\":\"https:\/\/mekulo.com\/dk\/\",\"logo\":{\"@type\":\"ImageObject\",\"inLanguage\":\"da-DK\",\"@id\":\"https:\/\/mekulo.com\/dk\/#\/schema\/logo\/image\/\",\"url\":\"https:\/\/mekulo.com\/dk\/wp-content\/uploads\/sites\/12\/2025\/12\/favicon_mekulo.png\",\"contentUrl\":\"https:\/\/mekulo.com\/dk\/wp-content\/uploads\/sites\/12\/2025\/12\/favicon_mekulo.png\",\"width\":50,\"height\":50,\"caption\":\"Mekulo\"},\"image\":{\"@id\":\"https:\/\/mekulo.com\/dk\/#\/schema\/logo\/image\/\"}}]}<\/script>\n<!-- \/ Yoast SEO plugin. -->","yoast_head_json":{"title":"Solbrilleholder til bilen - Mekulo DK","robots":{"index":"index","follow":"follow","max-snippet":"max-snippet:-1","max-image-preview":"max-image-preview:large","max-video-preview":"max-video-preview:-1"},"canonical":"https:\/\/mekulo.com\/dk\/produkt\/solbrilleholder-til-bilen\/","og_locale":"da_DK","og_type":"article","og_title":"Solbrilleholder til bilen - Mekulo DK","og_description":"\ud83d\ude98Stop med at spilde tid p\u00e5 at lede efter dine briller, mens du k\u00f8rer. Denne solbrilleholder til bilen klipses sikkert fast p\u00e5 solsk\u00e6rmen og holder dine briller p\u00e6nt opbevaret. \ud83d\udd76\ufe0fA smart opgradering til sikrere og mere organiseret k\u00f8rsel. Det dobbelte klemmedesign forhindrer, at du glider eller falder. \u2728Du kan nemt f\u00e5 adgang til dine briller med \u00e9n h\u00e5nd. K\u00f8r komfortabelt med dine solbriller altid beskyttet og klar.","og_url":"https:\/\/mekulo.com\/dk\/produkt\/solbrilleholder-til-bilen\/","og_site_name":"Mekulo DK","article_modified_time":"2026-02-17T06:19:33+00:00","og_image":[{"width":990,"height":990,"url":"https:\/\/mekulo.com\/dk\/wp-content\/uploads\/sites\/12\/2026\/02\/47i2xe2-1.jpg","type":"image\/jpeg"}],"twitter_card":"summary_large_image","twitter_misc":{"Estimeret l\u00e6setid":"2 minutter"},"schema":{"@context":"https:\/\/schema.org","@graph":[{"@type":"WebPage","@id":"https:\/\/mekulo.com\/dk\/produkt\/solbrilleholder-til-bilen\/","url":"https:\/\/mekulo.com\/dk\/produkt\/solbrilleholder-til-bilen\/","name":"Solbrilleholder til bilen - Mekulo DK","isPartOf":{"@id":"https:\/\/mekulo.com\/dk\/#website"},"primaryImageOfPage":{"@id":"https:\/\/mekulo.com\/dk\/produkt\/solbrilleholder-til-bilen\/#primaryimage"},"image":{"@id":"https:\/\/mekulo.com\/dk\/produkt\/solbrilleholder-til-bilen\/#primaryimage"},"thumbnailUrl":"https:\/\/mekulo.com\/dk\/wp-content\/uploads\/sites\/12\/2026\/02\/47i2xe2-1.jpg","datePublished":"2026-02-17T06:19:02+00:00","dateModified":"2026-02-17T06:19:33+00:00","breadcrumb":{"@id":"https:\/\/mekulo.com\/dk\/produkt\/solbrilleholder-til-bilen\/#breadcrumb"},"inLanguage":"da-DK","potentialAction":[{"@type":"ReadAction","target":["https:\/\/mekulo.com\/dk\/produkt\/solbrilleholder-til-bilen\/"]}]},{"@type":"ImageObject","inLanguage":"da-DK","@id":"https:\/\/mekulo.com\/dk\/produkt\/solbrilleholder-til-bilen\/#primaryimage","url":"https:\/\/mekulo.com\/dk\/wp-content\/uploads\/sites\/12\/2026\/02\/47i2xe2-1.jpg","contentUrl":"https:\/\/mekulo.com\/dk\/wp-content\/uploads\/sites\/12\/2026\/02\/47i2xe2-1.jpg","width":990,"height":990},{"@type":"BreadcrumbList","@id":"https:\/\/mekulo.com\/dk\/produkt\/solbrilleholder-til-bilen\/#breadcrumb","itemListElement":[{"@type":"ListItem","position":1,"name":"Home","item":"https:\/\/mekulo.com\/dk\/"},{"@type":"ListItem","position":2,"name":"Butik","item":"https:\/\/mekulo.com\/dk\/butik\/"},{"@type":"ListItem","position":3,"name":"Solbrilleholder til bilen"}]},{"@type":"WebSite","@id":"https:\/\/mekulo.com\/dk\/#website","url":"https:\/\/mekulo.com\/dk\/","name":"Mekulo DK","description":"","publisher":{"@id":"https:\/\/mekulo.com\/dk\/#organization"},"potentialAction":[{"@type":"SearchAction","target":{"@type":"EntryPoint","urlTemplate":"https:\/\/mekulo.com\/dk\/?s={search_term_string}"},"query-input":{"@type":"PropertyValueSpecification","valueRequired":true,"valueName":"search_term_string"}}],"inLanguage":"da-DK"},{"@type":"Organization","@id":"https:\/\/mekulo.com\/dk\/#organization","name":"Mekulo","url":"https:\/\/mekulo.com\/dk\/","logo":{"@type":"ImageObject","inLanguage":"da-DK","@id":"https:\/\/mekulo.com\/dk\/#\/schema\/logo\/image\/","url":"https:\/\/mekulo.com\/dk\/wp-content\/uploads\/sites\/12\/2025\/12\/favicon_mekulo.png","contentUrl":"https:\/\/mekulo.com\/dk\/wp-content\/uploads\/sites\/12\/2025\/12\/favicon_mekulo.png","width":50,"height":50,"caption":"Mekulo"},"image":{"@id":"https:\/\/mekulo.com\/dk\/#\/schema\/logo\/image\/"}}]}},"_links":{"self":[{"href":"https:\/\/mekulo.com\/dk\/wp-json\/wp\/v2\/product\/24418","targetHints":{"allow":["GET"]}}],"collection":[{"href":"https:\/\/mekulo.com\/dk\/wp-json\/wp\/v2\/product"}],"about":[{"href":"https:\/\/mekulo.com\/dk\/wp-json\/wp\/v2\/types\/product"}],"replies":[{"embeddable":true,"href":"https:\/\/mekulo.com\/dk\/wp-json\/wp\/v2\/comments?post=24418"}],"wp:featuredmedia":[{"embeddable":true,"href":"https:\/\/mekulo.com\/dk\/wp-json\/wp\/v2\/media\/24414"}],"wp:attachment":[{"href":"https:\/\/mekulo.com\/dk\/wp-json\/wp\/v2\/media?parent=24418"}],"wp:term":[{"taxonomy":"product_brand","embeddable":true,"href":"https:\/\/mekulo.com\/dk\/wp-json\/wp\/v2\/product_brand?post=24418"},{"taxonomy":"product_cat","embeddable":true,"href":"https:\/\/mekulo.com\/dk\/wp-json\/wp\/v2\/product_cat?post=24418"},{"taxonomy":"product_tag","embeddable":true,"href":"https:\/\/mekulo.com\/dk\/wp-json\/wp\/v2\/product_tag?post=24418"}],"curies":[{"name":"wp","href":"https:\/\/api.w.org\/{rel}","templated":true}]}}