{"id":24136,"date":"2026-02-12T20:35:54","date_gmt":"2026-02-12T18:35:54","guid":{"rendered":"https:\/\/mekulo.com\/dk\/produkt\/runde-zirkonia-oereringe\/"},"modified":"2026-03-02T12:33:00","modified_gmt":"2026-03-02T10:33:00","slug":"runde-zirkonia-oereringe","status":"publish","type":"product","link":"https:\/\/mekulo.com\/dk\/produkt\/runde-zirkonia-oereringe\/","title":{"rendered":"Runde zirkonia-\u00f8reringe"},"content":{"rendered":"<p style=\"text-align: center\" data-start=\"29\" data-end=\"78\"><strong data-start=\"29\" data-end=\"78\">Tilf\u00f8j \u00f8jeblikkelig gnist og elegance til ethvert look. \ud83d\udc57<\/strong><\/p>\n<p data-start=\"29\" data-end=\"78\"><img fetchpriority=\"high\" decoding=\"async\" class=\" wp-image-24917 aligncenter\" src=\"https:\/\/mekulo.com\/template\/wp-content\/uploads\/sites\/6\/2026\/02\/12217-ezgif.com-video-to-webp-converter.webp\" alt=\"\" width=\"550\" height=\"550\" \/><\/p>\n<h2 style=\"text-align: center\" data-start=\"584\" data-end=\"603\"><strong>Hovedfordele \u2728<\/strong><\/h2>\n<p data-start=\"604\" data-end=\"839\">\u2728 Str\u00e5lende glans &#8211; Diamantlignende gnistre.<\/p>\n<p data-start=\"604\" data-end=\"839\">\ud83d\udc57 Elegant og moderne &#8211; Matcher ethvert outfit.<\/p>\n<p data-start=\"604\" data-end=\"839\">\ud83e\udeb6 Letv\u00e6gt &#8211; Komfortabel til lang brug.<\/p>\n<p data-start=\"604\" data-end=\"839\">\ud83c\udf3f Nikkelfri &#8211; Sk\u00e5nsom mod f\u00f8lsom hud.<\/p>\n<p data-start=\"604\" data-end=\"839\">\ud83c\udf81 Perfekt gave &#8211; Stilfuld og tidl\u00f8s.<\/p>\n<p data-start=\"604\" data-end=\"839\"><img decoding=\"async\" class=\"size-full wp-image-24920 aligncenter\" src=\"https:\/\/mekulo.com\/template\/wp-content\/uploads\/sites\/6\/2026\/02\/spp_20250425173835_13fdd53653ce45edb02121e86c7d2117_d3396fd4-5719-43d0-98db-d54ee8039728.webp\" alt=\"\" width=\"800\" height=\"800\" \/><\/p>\n<h2 style=\"text-align: center\" data-start=\"846\" data-end=\"862\"><strong>Anvendelse \ud83d\udccc<\/strong><\/h2>\n<ol data-start=\"863\" data-end=\"1009\">\n<li data-start=\"863\" data-end=\"906\">\n<p data-start=\"866\" data-end=\"906\">S\u00e6t \u00f8reringene i de gennemborede \u00f8rer.<\/p>\n<\/li>\n<li data-start=\"907\" data-end=\"938\">\n<p data-start=\"910\" data-end=\"938\">S\u00e6t forsigtigt bagsiden fast.<\/p>\n<\/li>\n<li data-start=\"939\" data-end=\"980\">\n<p data-start=\"942\" data-end=\"980\">Brug dem dagligt eller ved s\u00e6rlige lejligheder.<\/p>\n<\/li>\n<li data-start=\"981\" data-end=\"1009\">\n<p data-start=\"984\" data-end=\"1009\">Opbevar dem sikkert efter brug.<\/p>\n<\/li>\n<\/ol>\n<h2 style=\"text-align: center\" data-start=\"1016\" data-end=\"1037\"><strong>Produktdetaljer \ud83d\udccf<\/strong><\/h2>\n<ul data-start=\"1038\" data-end=\"1189\">\n<li data-start=\"1063\" data-end=\"1082\">\n<p data-start=\"1065\" data-end=\"1082\">Diameter: 32 mm<\/p>\n<\/li>\n<li data-start=\"1083\" data-end=\"1127\">\n<p data-start=\"1085\" data-end=\"1127\">Materiale: Nikkelfri legering af h\u00f8j kvalitet<\/p>\n<\/li>\n<li data-start=\"1128\" data-end=\"1158\">\n<p data-start=\"1130\" data-end=\"1158\">Steiner: Funklende zirkonia<\/p>\n<\/li>\n<li data-start=\"1159\" data-end=\"1189\">\n<p data-start=\"1161\" data-end=\"1189\">V\u00e6gt: Letv\u00e6gtsdesign<\/p>\n<\/li>\n<li data-start=\"1159\" data-end=\"1189\">St\u00f8rrelse: 4 x 4 cm<\/li>\n<\/ul>\n<h2 style=\"text-align: center\" data-start=\"1196\" data-end=\"1218\"><strong>Pakken Indeholder \ud83d\udce6<\/strong><\/h2>\n<ul data-start=\"1219\" data-end=\"1258\">\n<li data-start=\"1219\" data-end=\"1258\">\n<p data-start=\"1221\" data-end=\"1258\">1x par runde zirkonia-\u00f8reringe.<\/p>\n<\/li>\n<\/ul>\n","protected":false},"excerpt":{"rendered":"<p>\ud83c\udf80Disse runde zirkonia\u00f8reringe kombinerer en klassisk form med en moderne, minimalistisk stil.<br \/>\n<span style=\"font-size: 16px;font-style: normal;font-weight: 400\">\u2728<\/span>Perfekte til hverdagsbrug eller s\u00e6rlige lejligheder, de giver en raffineret glans, der ubesv\u00e6ret l\u00f8fter dit outfit. Deres slanke finish g\u00f8r dem ideelle til arbejde, afslappede udflugter eller aftenarrangementer.<br \/>\n\ud83d\udc69Letv\u00e6gtskonstruktion sikrer behagelig brug hele dagen. Et enkelt tilbeh\u00f8r. En fantastisk effekt.<\/p>\n","protected":false},"featured_media":24132,"comment_status":"open","ping_status":"closed","template":"","meta":{"site-sidebar-layout":"default","site-content-layout":"","ast-site-content-layout":"default","site-content-style":"default","site-sidebar-style":"default","ast-global-header-display":"","ast-banner-title-visibility":"","ast-main-header-display":"","ast-hfb-above-header-display":"","ast-hfb-below-header-display":"","ast-hfb-mobile-header-display":"","site-post-title":"","ast-breadcrumbs-content":"","ast-featured-img":"","footer-sml-layout":"","ast-disable-related-posts":"","theme-transparent-header-meta":"default","adv-header-id-meta":"","stick-header-meta":"","header-above-stick-meta":"","header-main-stick-meta":"","header-below-stick-meta":"","astra-migrate-meta-layouts":"set","ast-page-background-enabled":"default","ast-page-background-meta":{"desktop":{"background-color":"var(--ast-global-color-5)","background-image":"","background-repeat":"repeat","background-position":"center center","background-size":"auto","background-attachment":"scroll","background-type":"","background-media":"","overlay-type":"","overlay-color":"","overlay-opacity":"","overlay-gradient":""},"tablet":{"background-color":"","background-image":"","background-repeat":"repeat","background-position":"center center","background-size":"auto","background-attachment":"scroll","background-type":"","background-media":"","overlay-type":"","overlay-color":"","overlay-opacity":"","overlay-gradient":""},"mobile":{"background-color":"","background-image":"","background-repeat":"repeat","background-position":"center center","background-size":"auto","background-attachment":"scroll","background-type":"","background-media":"","overlay-type":"","overlay-color":"","overlay-opacity":"","overlay-gradient":""}},"ast-content-background-meta":{"desktop":{"background-color":"var(--ast-global-color-4)","background-image":"","background-repeat":"repeat","background-position":"center center","background-size":"auto","background-attachment":"scroll","background-type":"","background-media":"","overlay-type":"","overlay-color":"","overlay-opacity":"","overlay-gradient":""},"tablet":{"background-color":"var(--ast-global-color-4)","background-image":"","background-repeat":"repeat","background-position":"center center","background-size":"auto","background-attachment":"scroll","background-type":"","background-media":"","overlay-type":"","overlay-color":"","overlay-opacity":"","overlay-gradient":""},"mobile":{"background-color":"var(--ast-global-color-4)","background-image":"","background-repeat":"repeat","background-position":"center center","background-size":"auto","background-attachment":"scroll","background-type":"","background-media":"","overlay-type":"","overlay-color":"","overlay-opacity":"","overlay-gradient":""}}},"product_brand":[],"product_cat":[165,162],"product_tag":[],"class_list":{"0":"post-24136","1":"product","2":"type-product","3":"status-publish","4":"has-post-thumbnail","6":"product_cat-fodtoej-tilbehoer","7":"product_cat-skoenheds-og-hygiejneprodukter","8":"pa_59160_04se0725-guld","9":"pa_59160_04se0725-soelv","10":"desktop-align-left","11":"tablet-align-left","12":"mobile-align-left","14":"first","15":"instock","16":"shipping-taxable","17":"purchasable","18":"product-type-variable"},"yoast_head":"<!-- This site is optimized with the Yoast SEO plugin v27.4 - https:\/\/yoast.com\/product\/yoast-seo-wordpress\/ -->\n<title>Runde zirkonia-\u00f8reringe - Mekulo DK<\/title>\n<meta name=\"robots\" content=\"index, follow, max-snippet:-1, max-image-preview:large, max-video-preview:-1\" \/>\n<link rel=\"canonical\" href=\"https:\/\/mekulo.com\/dk\/produkt\/runde-zirkonia-oereringe\/\" \/>\n<meta property=\"og:locale\" content=\"da_DK\" \/>\n<meta property=\"og:type\" content=\"article\" \/>\n<meta property=\"og:title\" content=\"Runde zirkonia-\u00f8reringe - Mekulo DK\" \/>\n<meta property=\"og:description\" content=\"\ud83c\udf80Disse runde zirkonia\u00f8reringe kombinerer en klassisk form med en moderne, minimalistisk stil. \u2728Perfekte til hverdagsbrug eller s\u00e6rlige lejligheder, de giver en raffineret glans, der ubesv\u00e6ret l\u00f8fter dit outfit. Deres slanke finish g\u00f8r dem ideelle til arbejde, afslappede udflugter eller aftenarrangementer. \ud83d\udc69Letv\u00e6gtskonstruktion sikrer behagelig brug hele dagen. Et enkelt tilbeh\u00f8r. En fantastisk effekt.\" \/>\n<meta property=\"og:url\" content=\"https:\/\/mekulo.com\/dk\/produkt\/runde-zirkonia-oereringe\/\" \/>\n<meta property=\"og:site_name\" content=\"Mekulo DK\" \/>\n<meta property=\"article:modified_time\" content=\"2026-03-02T10:33:00+00:00\" \/>\n<meta property=\"og:image\" content=\"https:\/\/mekulo.com\/dk\/wp-content\/uploads\/sites\/12\/2026\/02\/yci6geu-1.webp\" \/>\n\t<meta property=\"og:image:width\" content=\"800\" \/>\n\t<meta property=\"og:image:height\" content=\"800\" \/>\n\t<meta property=\"og:image:type\" content=\"image\/webp\" \/>\n<meta name=\"twitter:card\" content=\"summary_large_image\" \/>\n<meta name=\"twitter:label1\" content=\"Estimeret l\u00e6setid\" \/>\n\t<meta name=\"twitter:data1\" content=\"2 minutter\" \/>\n<script type=\"application\/ld+json\" class=\"yoast-schema-graph\">{\"@context\":\"https:\\\/\\\/schema.org\",\"@graph\":[{\"@type\":\"WebPage\",\"@id\":\"https:\\\/\\\/mekulo.com\\\/dk\\\/produkt\\\/runde-zirkonia-oereringe\\\/\",\"url\":\"https:\\\/\\\/mekulo.com\\\/dk\\\/produkt\\\/runde-zirkonia-oereringe\\\/\",\"name\":\"Runde zirkonia-\u00f8reringe - Mekulo DK\",\"isPartOf\":{\"@id\":\"https:\\\/\\\/mekulo.com\\\/dk\\\/#website\"},\"primaryImageOfPage\":{\"@id\":\"https:\\\/\\\/mekulo.com\\\/dk\\\/produkt\\\/runde-zirkonia-oereringe\\\/#primaryimage\"},\"image\":{\"@id\":\"https:\\\/\\\/mekulo.com\\\/dk\\\/produkt\\\/runde-zirkonia-oereringe\\\/#primaryimage\"},\"thumbnailUrl\":\"https:\\\/\\\/mekulo.com\\\/dk\\\/wp-content\\\/uploads\\\/sites\\\/12\\\/2026\\\/02\\\/yci6geu-1.webp\",\"datePublished\":\"2026-02-12T18:35:54+00:00\",\"dateModified\":\"2026-03-02T10:33:00+00:00\",\"breadcrumb\":{\"@id\":\"https:\\\/\\\/mekulo.com\\\/dk\\\/produkt\\\/runde-zirkonia-oereringe\\\/#breadcrumb\"},\"inLanguage\":\"da-DK\",\"potentialAction\":[{\"@type\":\"ReadAction\",\"target\":[\"https:\\\/\\\/mekulo.com\\\/dk\\\/produkt\\\/runde-zirkonia-oereringe\\\/\"]}]},{\"@type\":\"ImageObject\",\"inLanguage\":\"da-DK\",\"@id\":\"https:\\\/\\\/mekulo.com\\\/dk\\\/produkt\\\/runde-zirkonia-oereringe\\\/#primaryimage\",\"url\":\"https:\\\/\\\/mekulo.com\\\/dk\\\/wp-content\\\/uploads\\\/sites\\\/12\\\/2026\\\/02\\\/yci6geu-1.webp\",\"contentUrl\":\"https:\\\/\\\/mekulo.com\\\/dk\\\/wp-content\\\/uploads\\\/sites\\\/12\\\/2026\\\/02\\\/yci6geu-1.webp\",\"width\":800,\"height\":800},{\"@type\":\"BreadcrumbList\",\"@id\":\"https:\\\/\\\/mekulo.com\\\/dk\\\/produkt\\\/runde-zirkonia-oereringe\\\/#breadcrumb\",\"itemListElement\":[{\"@type\":\"ListItem\",\"position\":1,\"name\":\"Home\",\"item\":\"https:\\\/\\\/mekulo.com\\\/dk\\\/\"},{\"@type\":\"ListItem\",\"position\":2,\"name\":\"Butik\",\"item\":\"https:\\\/\\\/mekulo.com\\\/dk\\\/butik\\\/\"},{\"@type\":\"ListItem\",\"position\":3,\"name\":\"Runde zirkonia-\u00f8reringe\"}]},{\"@type\":\"WebSite\",\"@id\":\"https:\\\/\\\/mekulo.com\\\/dk\\\/#website\",\"url\":\"https:\\\/\\\/mekulo.com\\\/dk\\\/\",\"name\":\"Mekulo DK\",\"description\":\"\",\"publisher\":{\"@id\":\"https:\\\/\\\/mekulo.com\\\/dk\\\/#organization\"},\"potentialAction\":[{\"@type\":\"SearchAction\",\"target\":{\"@type\":\"EntryPoint\",\"urlTemplate\":\"https:\\\/\\\/mekulo.com\\\/dk\\\/?s={search_term_string}\"},\"query-input\":{\"@type\":\"PropertyValueSpecification\",\"valueRequired\":true,\"valueName\":\"search_term_string\"}}],\"inLanguage\":\"da-DK\"},{\"@type\":\"Organization\",\"@id\":\"https:\\\/\\\/mekulo.com\\\/dk\\\/#organization\",\"name\":\"Mekulo\",\"url\":\"https:\\\/\\\/mekulo.com\\\/dk\\\/\",\"logo\":{\"@type\":\"ImageObject\",\"inLanguage\":\"da-DK\",\"@id\":\"https:\\\/\\\/mekulo.com\\\/dk\\\/#\\\/schema\\\/logo\\\/image\\\/\",\"url\":\"https:\\\/\\\/mekulo.com\\\/dk\\\/wp-content\\\/uploads\\\/sites\\\/12\\\/2025\\\/12\\\/favicon_mekulo.png\",\"contentUrl\":\"https:\\\/\\\/mekulo.com\\\/dk\\\/wp-content\\\/uploads\\\/sites\\\/12\\\/2025\\\/12\\\/favicon_mekulo.png\",\"width\":50,\"height\":50,\"caption\":\"Mekulo\"},\"image\":{\"@id\":\"https:\\\/\\\/mekulo.com\\\/dk\\\/#\\\/schema\\\/logo\\\/image\\\/\"}}]}<\/script>\n<!-- \/ Yoast SEO plugin. -->","yoast_head_json":{"title":"Runde zirkonia-\u00f8reringe - Mekulo DK","robots":{"index":"index","follow":"follow","max-snippet":"max-snippet:-1","max-image-preview":"max-image-preview:large","max-video-preview":"max-video-preview:-1"},"canonical":"https:\/\/mekulo.com\/dk\/produkt\/runde-zirkonia-oereringe\/","og_locale":"da_DK","og_type":"article","og_title":"Runde zirkonia-\u00f8reringe - Mekulo DK","og_description":"\ud83c\udf80Disse runde zirkonia\u00f8reringe kombinerer en klassisk form med en moderne, minimalistisk stil. \u2728Perfekte til hverdagsbrug eller s\u00e6rlige lejligheder, de giver en raffineret glans, der ubesv\u00e6ret l\u00f8fter dit outfit. Deres slanke finish g\u00f8r dem ideelle til arbejde, afslappede udflugter eller aftenarrangementer. \ud83d\udc69Letv\u00e6gtskonstruktion sikrer behagelig brug hele dagen. Et enkelt tilbeh\u00f8r. En fantastisk effekt.","og_url":"https:\/\/mekulo.com\/dk\/produkt\/runde-zirkonia-oereringe\/","og_site_name":"Mekulo DK","article_modified_time":"2026-03-02T10:33:00+00:00","og_image":[{"width":800,"height":800,"url":"https:\/\/mekulo.com\/dk\/wp-content\/uploads\/sites\/12\/2026\/02\/yci6geu-1.webp","type":"image\/webp"}],"twitter_card":"summary_large_image","twitter_misc":{"Estimeret l\u00e6setid":"2 minutter"},"schema":{"@context":"https:\/\/schema.org","@graph":[{"@type":"WebPage","@id":"https:\/\/mekulo.com\/dk\/produkt\/runde-zirkonia-oereringe\/","url":"https:\/\/mekulo.com\/dk\/produkt\/runde-zirkonia-oereringe\/","name":"Runde zirkonia-\u00f8reringe - Mekulo DK","isPartOf":{"@id":"https:\/\/mekulo.com\/dk\/#website"},"primaryImageOfPage":{"@id":"https:\/\/mekulo.com\/dk\/produkt\/runde-zirkonia-oereringe\/#primaryimage"},"image":{"@id":"https:\/\/mekulo.com\/dk\/produkt\/runde-zirkonia-oereringe\/#primaryimage"},"thumbnailUrl":"https:\/\/mekulo.com\/dk\/wp-content\/uploads\/sites\/12\/2026\/02\/yci6geu-1.webp","datePublished":"2026-02-12T18:35:54+00:00","dateModified":"2026-03-02T10:33:00+00:00","breadcrumb":{"@id":"https:\/\/mekulo.com\/dk\/produkt\/runde-zirkonia-oereringe\/#breadcrumb"},"inLanguage":"da-DK","potentialAction":[{"@type":"ReadAction","target":["https:\/\/mekulo.com\/dk\/produkt\/runde-zirkonia-oereringe\/"]}]},{"@type":"ImageObject","inLanguage":"da-DK","@id":"https:\/\/mekulo.com\/dk\/produkt\/runde-zirkonia-oereringe\/#primaryimage","url":"https:\/\/mekulo.com\/dk\/wp-content\/uploads\/sites\/12\/2026\/02\/yci6geu-1.webp","contentUrl":"https:\/\/mekulo.com\/dk\/wp-content\/uploads\/sites\/12\/2026\/02\/yci6geu-1.webp","width":800,"height":800},{"@type":"BreadcrumbList","@id":"https:\/\/mekulo.com\/dk\/produkt\/runde-zirkonia-oereringe\/#breadcrumb","itemListElement":[{"@type":"ListItem","position":1,"name":"Home","item":"https:\/\/mekulo.com\/dk\/"},{"@type":"ListItem","position":2,"name":"Butik","item":"https:\/\/mekulo.com\/dk\/butik\/"},{"@type":"ListItem","position":3,"name":"Runde zirkonia-\u00f8reringe"}]},{"@type":"WebSite","@id":"https:\/\/mekulo.com\/dk\/#website","url":"https:\/\/mekulo.com\/dk\/","name":"Mekulo DK","description":"","publisher":{"@id":"https:\/\/mekulo.com\/dk\/#organization"},"potentialAction":[{"@type":"SearchAction","target":{"@type":"EntryPoint","urlTemplate":"https:\/\/mekulo.com\/dk\/?s={search_term_string}"},"query-input":{"@type":"PropertyValueSpecification","valueRequired":true,"valueName":"search_term_string"}}],"inLanguage":"da-DK"},{"@type":"Organization","@id":"https:\/\/mekulo.com\/dk\/#organization","name":"Mekulo","url":"https:\/\/mekulo.com\/dk\/","logo":{"@type":"ImageObject","inLanguage":"da-DK","@id":"https:\/\/mekulo.com\/dk\/#\/schema\/logo\/image\/","url":"https:\/\/mekulo.com\/dk\/wp-content\/uploads\/sites\/12\/2025\/12\/favicon_mekulo.png","contentUrl":"https:\/\/mekulo.com\/dk\/wp-content\/uploads\/sites\/12\/2025\/12\/favicon_mekulo.png","width":50,"height":50,"caption":"Mekulo"},"image":{"@id":"https:\/\/mekulo.com\/dk\/#\/schema\/logo\/image\/"}}]}},"_links":{"self":[{"href":"https:\/\/mekulo.com\/dk\/wp-json\/wp\/v2\/product\/24136","targetHints":{"allow":["GET"]}}],"collection":[{"href":"https:\/\/mekulo.com\/dk\/wp-json\/wp\/v2\/product"}],"about":[{"href":"https:\/\/mekulo.com\/dk\/wp-json\/wp\/v2\/types\/product"}],"replies":[{"embeddable":true,"href":"https:\/\/mekulo.com\/dk\/wp-json\/wp\/v2\/comments?post=24136"}],"wp:featuredmedia":[{"embeddable":true,"href":"https:\/\/mekulo.com\/dk\/wp-json\/wp\/v2\/media\/24132"}],"wp:attachment":[{"href":"https:\/\/mekulo.com\/dk\/wp-json\/wp\/v2\/media?parent=24136"}],"wp:term":[{"taxonomy":"product_brand","embeddable":true,"href":"https:\/\/mekulo.com\/dk\/wp-json\/wp\/v2\/product_brand?post=24136"},{"taxonomy":"product_cat","embeddable":true,"href":"https:\/\/mekulo.com\/dk\/wp-json\/wp\/v2\/product_cat?post=24136"},{"taxonomy":"product_tag","embeddable":true,"href":"https:\/\/mekulo.com\/dk\/wp-json\/wp\/v2\/product_tag?post=24136"}],"curies":[{"name":"wp","href":"https:\/\/api.w.org\/{rel}","templated":true}]}}