{"id":24034,"date":"2026-02-12T20:30:41","date_gmt":"2026-02-12T18:30:41","guid":{"rendered":"https:\/\/mekulo.com\/dk\/produkt\/ultrakomfortable-hjemmesko\/"},"modified":"2026-03-02T12:32:32","modified_gmt":"2026-03-02T10:32:32","slug":"ultrakomfortable-hjemmesko","status":"publish","type":"product","link":"https:\/\/mekulo.com\/dk\/produkt\/ultrakomfortable-hjemmesko\/","title":{"rendered":"Ultrakomfortable hjemmesko"},"content":{"rendered":"<p style=\"text-align: center\" data-start=\"32\" data-end=\"83\"><strong data-start=\"32\" data-end=\"83\">Hold Dine F\u00f8dder Varme, Behagelige Og Afslappede Hele Dagen. \ud83e\uddb6<\/strong><\/p>\n<p data-start=\"32\" data-end=\"83\"><img fetchpriority=\"high\" decoding=\"async\" class=\"size-full wp-image-24763 aligncenter\" src=\"https:\/\/mekulo.com\/template\/wp-content\/uploads\/sites\/6\/2026\/02\/6-8.jpeg\" alt=\"\" width=\"800\" height=\"800\" \/><\/p>\n<h2 style=\"text-align: center\" data-start=\"585\" data-end=\"604\">Hovedfordele \ud83d\udd25<\/h2>\n<p data-start=\"605\" data-end=\"920\">\ud83d\udd25 Varme hele dagen &#8211; Bl\u00f8dt plysfor holder p\u00e5 varmen.<\/p>\n<p data-start=\"605\" data-end=\"920\">\ud83e\uddf8 Ultrabl\u00f8dt indre &#8211; F\u00f8les blidt og hyggeligt.<\/p>\n<p data-start=\"605\" data-end=\"920\">\ud83e\uddb6 Fleksibelt design &#8211; Bev\u00e6ger sig naturligt med dine f\u00f8dder.<\/p>\n<p data-start=\"605\" data-end=\"920\">\ud83d\udee1\ufe0f Holdbar konstruktion &#8211; Bygget til daglig brug.<\/p>\n<p data-start=\"605\" data-end=\"920\">\ud83d\udeb6 Skridsikker s\u00e5l &#8211; Bedre greb og stabilitet.<\/p>\n<p data-start=\"605\" data-end=\"920\">\ud83e\uddfc Let at reng\u00f8re &#8211; Kan vaskes i maskine.<\/p>\n<p data-start=\"605\" data-end=\"920\"><img decoding=\"async\" class=\"size-full wp-image-24760 aligncenter\" src=\"https:\/\/mekulo.com\/template\/wp-content\/uploads\/sites\/6\/2026\/02\/6-7.jpeg\" alt=\"\" width=\"800\" height=\"800\" \/><\/p>\n<h2 style=\"text-align: center\" data-start=\"927\" data-end=\"943\">St\u00f8rrelsestabel \ud83d\udccf<\/h2>\n<table dir=\"ltr\" border=\"1\" cellspacing=\"0\" cellpadding=\"0\" data-sheets-root=\"1\" data-sheets-baot=\"1\">\n<colgroup>\n<col width=\"224\" \/>\n<col width=\"100\" \/><\/colgroup>\n<tbody>\n<tr>\n<td>Skost\u00f8rrelse<\/td>\n<td>Fodl\u00e6ngde<\/td>\n<\/tr>\n<tr>\n<td>34-35<\/td>\n<td>22.5<\/td>\n<\/tr>\n<tr>\n<td>36-37<\/td>\n<td>23.5<\/td>\n<\/tr>\n<tr>\n<td>38-39<\/td>\n<td>24.5<\/td>\n<\/tr>\n<tr>\n<td>40-41<\/td>\n<td>25.5<\/td>\n<\/tr>\n<tr>\n<td>42-43<\/td>\n<td>26.5<\/td>\n<\/tr>\n<tr>\n<td>44-45<\/td>\n<td>27.5<\/td>\n<\/tr>\n<tr>\n<td>46-47<\/td>\n<td>28.5<\/td>\n<\/tr>\n<\/tbody>\n<\/table>\n<h2 style=\"text-align: center\" data-start=\"1118\" data-end=\"1139\">Produktdetaljer \ud83d\udccc<\/h2>\n<ul data-start=\"1140\" data-end=\"1338\">\n<li data-start=\"1140\" data-end=\"1181\">\n<p data-start=\"1142\" data-end=\"1181\">Materiale: Overdel i bomuld + plysfor<\/p>\n<\/li>\n<li data-start=\"1182\" data-end=\"1222\">\n<p data-start=\"1184\" data-end=\"1222\">Inderfor: Fl\u00f8jl + tykt plys<\/p>\n<\/li>\n<li data-start=\"1223\" data-end=\"1263\">\n<p data-start=\"1225\" data-end=\"1263\">S\u00e5l: Tyk, struktureret skridsikker s\u00e5l<\/p>\n<\/li>\n<li data-start=\"1264\" data-end=\"1307\">\n<p data-start=\"1266\" data-end=\"1307\">Design: Helt lukket for ekstra varme<\/p>\n<\/li>\n<li data-start=\"1308\" data-end=\"1338\">\n<p data-start=\"1310\" data-end=\"1338\">Reng\u00f8ring: Kan vaskes i maskine<\/p>\n<\/li>\n<li data-start=\"1308\" data-end=\"1338\">St\u00f8rrelser: 36-37, 38-39, 40-41, 42-43, 44-45, 46-47<\/li>\n<\/ul>\n<h2 style=\"text-align: center\" data-start=\"1345\" data-end=\"1367\">Pakken Indeholder \ud83d\udce6<\/h2>\n<ul data-start=\"1368\" data-end=\"1410\">\n<li data-start=\"1368\" data-end=\"1410\">\n<p data-start=\"1370\" data-end=\"1410\">1x par ultrakomfortable hjemmesko.<\/p>\n<\/li>\n<\/ul>\n","protected":false},"excerpt":{"rendered":"<p>\ud83c\udfe0Disse ultrakomfortable hjemmesko er designet til at give dine f\u00f8dder maksimal komfort p\u00e5 kolde dage.<br \/>\n\ud83e\uddf8Det bl\u00f8de plysfor holder varmen inde, mens det fleksible design underst\u00f8tter naturlig bev\u00e6gelse.<br \/>\n\ud83d\udd25Det plys- og fl\u00f8jlsforede indre omslutter forsigtigt dine f\u00f8dder, s\u00e5 hvert skridt f\u00f8les bl\u00f8dt og beroligende. De er perfekte til afslapning derhjemme og holder dine f\u00f8dder lune p\u00e5 k\u00f8lige morgener og kolde aftener.<\/p>\n","protected":false},"featured_media":24030,"comment_status":"open","ping_status":"closed","template":"","meta":{"site-sidebar-layout":"default","site-content-layout":"","ast-site-content-layout":"default","site-content-style":"default","site-sidebar-style":"default","ast-global-header-display":"","ast-banner-title-visibility":"","ast-main-header-display":"","ast-hfb-above-header-display":"","ast-hfb-below-header-display":"","ast-hfb-mobile-header-display":"","site-post-title":"","ast-breadcrumbs-content":"","ast-featured-img":"","footer-sml-layout":"","theme-transparent-header-meta":"default","adv-header-id-meta":"","stick-header-meta":"","header-above-stick-meta":"","header-main-stick-meta":"","header-below-stick-meta":"","astra-migrate-meta-layouts":"set","ast-page-background-enabled":"default","ast-page-background-meta":{"desktop":{"background-color":"var(--ast-global-color-5)","background-image":"","background-repeat":"repeat","background-position":"center center","background-size":"auto","background-attachment":"scroll","background-type":"","background-media":"","overlay-type":"","overlay-color":"","overlay-opacity":"","overlay-gradient":""},"tablet":{"background-color":"","background-image":"","background-repeat":"repeat","background-position":"center center","background-size":"auto","background-attachment":"scroll","background-type":"","background-media":"","overlay-type":"","overlay-color":"","overlay-opacity":"","overlay-gradient":""},"mobile":{"background-color":"","background-image":"","background-repeat":"repeat","background-position":"center center","background-size":"auto","background-attachment":"scroll","background-type":"","background-media":"","overlay-type":"","overlay-color":"","overlay-opacity":"","overlay-gradient":""}},"ast-content-background-meta":{"desktop":{"background-color":"var(--ast-global-color-4)","background-image":"","background-repeat":"repeat","background-position":"center center","background-size":"auto","background-attachment":"scroll","background-type":"","background-media":"","overlay-type":"","overlay-color":"","overlay-opacity":"","overlay-gradient":""},"tablet":{"background-color":"var(--ast-global-color-4)","background-image":"","background-repeat":"repeat","background-position":"center center","background-size":"auto","background-attachment":"scroll","background-type":"","background-media":"","overlay-type":"","overlay-color":"","overlay-opacity":"","overlay-gradient":""},"mobile":{"background-color":"var(--ast-global-color-4)","background-image":"","background-repeat":"repeat","background-position":"center center","background-size":"auto","background-attachment":"scroll","background-type":"","background-media":"","overlay-type":"","overlay-color":"","overlay-opacity":"","overlay-gradient":""}}},"product_brand":[],"product_cat":[168],"product_tag":[],"class_list":{"0":"post-24034","1":"product","2":"type-product","3":"status-publish","4":"has-post-thumbnail","6":"product_cat-husholdningsartikler","7":"pa_59112_blenpmeu-blaa","8":"pa_59112_blenpmeu-graa","9":"pa_59112_blenpmeu-groen","10":"pa_59112_blenpmeu-kaffe","11":"pa_59112_blenpmeu-lyseroed","12":"pa_59112_blenpmeu-orange","13":"pa_59112_yz1lk762-36-37","14":"pa_59112_yz1lk762-38-39","15":"pa_59112_yz1lk762-40-41","16":"pa_59112_yz1lk762-42-43","17":"pa_59112_yz1lk762-44-45","18":"pa_59112_yz1lk762-46-47","19":"desktop-align-left","20":"tablet-align-left","21":"mobile-align-left","23":"first","24":"instock","25":"shipping-taxable","26":"purchasable","27":"product-type-variable","28":"has-default-attributes"},"yoast_head":"<!-- This site is optimized with the Yoast SEO plugin v26.6 - https:\/\/yoast.com\/wordpress\/plugins\/seo\/ -->\n<title>Ultrakomfortable hjemmesko - Mekulo DK<\/title>\n<meta name=\"robots\" content=\"index, follow, max-snippet:-1, max-image-preview:large, max-video-preview:-1\" \/>\n<link rel=\"canonical\" href=\"https:\/\/mekulo.com\/dk\/produkt\/ultrakomfortable-hjemmesko\/\" \/>\n<meta property=\"og:locale\" content=\"da_DK\" \/>\n<meta property=\"og:type\" content=\"article\" \/>\n<meta property=\"og:title\" content=\"Ultrakomfortable hjemmesko - Mekulo DK\" \/>\n<meta property=\"og:description\" content=\"\ud83c\udfe0Disse ultrakomfortable hjemmesko er designet til at give dine f\u00f8dder maksimal komfort p\u00e5 kolde dage. \ud83e\uddf8Det bl\u00f8de plysfor holder varmen inde, mens det fleksible design underst\u00f8tter naturlig bev\u00e6gelse. \ud83d\udd25Det plys- og fl\u00f8jlsforede indre omslutter forsigtigt dine f\u00f8dder, s\u00e5 hvert skridt f\u00f8les bl\u00f8dt og beroligende. De er perfekte til afslapning derhjemme og holder dine f\u00f8dder lune p\u00e5 k\u00f8lige morgener og kolde aftener.\" \/>\n<meta property=\"og:url\" content=\"https:\/\/mekulo.com\/dk\/produkt\/ultrakomfortable-hjemmesko\/\" \/>\n<meta property=\"og:site_name\" content=\"Mekulo DK\" \/>\n<meta property=\"article:modified_time\" content=\"2026-03-02T10:32:32+00:00\" \/>\n<meta property=\"og:image\" content=\"https:\/\/mekulo.com\/dk\/wp-content\/uploads\/sites\/12\/2026\/02\/h4beiru-1.jpeg\" \/>\n\t<meta property=\"og:image:width\" content=\"800\" \/>\n\t<meta property=\"og:image:height\" content=\"800\" \/>\n\t<meta property=\"og:image:type\" content=\"image\/jpeg\" \/>\n<meta name=\"twitter:card\" content=\"summary_large_image\" \/>\n<meta name=\"twitter:label1\" content=\"Estimeret l\u00e6setid\" \/>\n\t<meta name=\"twitter:data1\" content=\"2 minutter\" \/>\n<script type=\"application\/ld+json\" class=\"yoast-schema-graph\">{\"@context\":\"https:\/\/schema.org\",\"@graph\":[{\"@type\":\"WebPage\",\"@id\":\"https:\/\/mekulo.com\/dk\/produkt\/ultrakomfortable-hjemmesko\/\",\"url\":\"https:\/\/mekulo.com\/dk\/produkt\/ultrakomfortable-hjemmesko\/\",\"name\":\"Ultrakomfortable hjemmesko - Mekulo DK\",\"isPartOf\":{\"@id\":\"https:\/\/mekulo.com\/dk\/#website\"},\"primaryImageOfPage\":{\"@id\":\"https:\/\/mekulo.com\/dk\/produkt\/ultrakomfortable-hjemmesko\/#primaryimage\"},\"image\":{\"@id\":\"https:\/\/mekulo.com\/dk\/produkt\/ultrakomfortable-hjemmesko\/#primaryimage\"},\"thumbnailUrl\":\"https:\/\/mekulo.com\/dk\/wp-content\/uploads\/sites\/12\/2026\/02\/h4beiru-1.jpeg\",\"datePublished\":\"2026-02-12T18:30:41+00:00\",\"dateModified\":\"2026-03-02T10:32:32+00:00\",\"breadcrumb\":{\"@id\":\"https:\/\/mekulo.com\/dk\/produkt\/ultrakomfortable-hjemmesko\/#breadcrumb\"},\"inLanguage\":\"da-DK\",\"potentialAction\":[{\"@type\":\"ReadAction\",\"target\":[\"https:\/\/mekulo.com\/dk\/produkt\/ultrakomfortable-hjemmesko\/\"]}]},{\"@type\":\"ImageObject\",\"inLanguage\":\"da-DK\",\"@id\":\"https:\/\/mekulo.com\/dk\/produkt\/ultrakomfortable-hjemmesko\/#primaryimage\",\"url\":\"https:\/\/mekulo.com\/dk\/wp-content\/uploads\/sites\/12\/2026\/02\/h4beiru-1.jpeg\",\"contentUrl\":\"https:\/\/mekulo.com\/dk\/wp-content\/uploads\/sites\/12\/2026\/02\/h4beiru-1.jpeg\",\"width\":800,\"height\":800},{\"@type\":\"BreadcrumbList\",\"@id\":\"https:\/\/mekulo.com\/dk\/produkt\/ultrakomfortable-hjemmesko\/#breadcrumb\",\"itemListElement\":[{\"@type\":\"ListItem\",\"position\":1,\"name\":\"Home\",\"item\":\"https:\/\/mekulo.com\/dk\/\"},{\"@type\":\"ListItem\",\"position\":2,\"name\":\"Butik\",\"item\":\"https:\/\/mekulo.com\/dk\/butik\/\"},{\"@type\":\"ListItem\",\"position\":3,\"name\":\"Ultrakomfortable hjemmesko\"}]},{\"@type\":\"WebSite\",\"@id\":\"https:\/\/mekulo.com\/dk\/#website\",\"url\":\"https:\/\/mekulo.com\/dk\/\",\"name\":\"Mekulo DK\",\"description\":\"\",\"publisher\":{\"@id\":\"https:\/\/mekulo.com\/dk\/#organization\"},\"potentialAction\":[{\"@type\":\"SearchAction\",\"target\":{\"@type\":\"EntryPoint\",\"urlTemplate\":\"https:\/\/mekulo.com\/dk\/?s={search_term_string}\"},\"query-input\":{\"@type\":\"PropertyValueSpecification\",\"valueRequired\":true,\"valueName\":\"search_term_string\"}}],\"inLanguage\":\"da-DK\"},{\"@type\":\"Organization\",\"@id\":\"https:\/\/mekulo.com\/dk\/#organization\",\"name\":\"Mekulo\",\"url\":\"https:\/\/mekulo.com\/dk\/\",\"logo\":{\"@type\":\"ImageObject\",\"inLanguage\":\"da-DK\",\"@id\":\"https:\/\/mekulo.com\/dk\/#\/schema\/logo\/image\/\",\"url\":\"https:\/\/mekulo.com\/dk\/wp-content\/uploads\/sites\/12\/2025\/12\/favicon_mekulo.png\",\"contentUrl\":\"https:\/\/mekulo.com\/dk\/wp-content\/uploads\/sites\/12\/2025\/12\/favicon_mekulo.png\",\"width\":50,\"height\":50,\"caption\":\"Mekulo\"},\"image\":{\"@id\":\"https:\/\/mekulo.com\/dk\/#\/schema\/logo\/image\/\"}}]}<\/script>\n<!-- \/ Yoast SEO plugin. -->","yoast_head_json":{"title":"Ultrakomfortable hjemmesko - Mekulo DK","robots":{"index":"index","follow":"follow","max-snippet":"max-snippet:-1","max-image-preview":"max-image-preview:large","max-video-preview":"max-video-preview:-1"},"canonical":"https:\/\/mekulo.com\/dk\/produkt\/ultrakomfortable-hjemmesko\/","og_locale":"da_DK","og_type":"article","og_title":"Ultrakomfortable hjemmesko - Mekulo DK","og_description":"\ud83c\udfe0Disse ultrakomfortable hjemmesko er designet til at give dine f\u00f8dder maksimal komfort p\u00e5 kolde dage. \ud83e\uddf8Det bl\u00f8de plysfor holder varmen inde, mens det fleksible design underst\u00f8tter naturlig bev\u00e6gelse. \ud83d\udd25Det plys- og fl\u00f8jlsforede indre omslutter forsigtigt dine f\u00f8dder, s\u00e5 hvert skridt f\u00f8les bl\u00f8dt og beroligende. De er perfekte til afslapning derhjemme og holder dine f\u00f8dder lune p\u00e5 k\u00f8lige morgener og kolde aftener.","og_url":"https:\/\/mekulo.com\/dk\/produkt\/ultrakomfortable-hjemmesko\/","og_site_name":"Mekulo DK","article_modified_time":"2026-03-02T10:32:32+00:00","og_image":[{"width":800,"height":800,"url":"https:\/\/mekulo.com\/dk\/wp-content\/uploads\/sites\/12\/2026\/02\/h4beiru-1.jpeg","type":"image\/jpeg"}],"twitter_card":"summary_large_image","twitter_misc":{"Estimeret l\u00e6setid":"2 minutter"},"schema":{"@context":"https:\/\/schema.org","@graph":[{"@type":"WebPage","@id":"https:\/\/mekulo.com\/dk\/produkt\/ultrakomfortable-hjemmesko\/","url":"https:\/\/mekulo.com\/dk\/produkt\/ultrakomfortable-hjemmesko\/","name":"Ultrakomfortable hjemmesko - Mekulo DK","isPartOf":{"@id":"https:\/\/mekulo.com\/dk\/#website"},"primaryImageOfPage":{"@id":"https:\/\/mekulo.com\/dk\/produkt\/ultrakomfortable-hjemmesko\/#primaryimage"},"image":{"@id":"https:\/\/mekulo.com\/dk\/produkt\/ultrakomfortable-hjemmesko\/#primaryimage"},"thumbnailUrl":"https:\/\/mekulo.com\/dk\/wp-content\/uploads\/sites\/12\/2026\/02\/h4beiru-1.jpeg","datePublished":"2026-02-12T18:30:41+00:00","dateModified":"2026-03-02T10:32:32+00:00","breadcrumb":{"@id":"https:\/\/mekulo.com\/dk\/produkt\/ultrakomfortable-hjemmesko\/#breadcrumb"},"inLanguage":"da-DK","potentialAction":[{"@type":"ReadAction","target":["https:\/\/mekulo.com\/dk\/produkt\/ultrakomfortable-hjemmesko\/"]}]},{"@type":"ImageObject","inLanguage":"da-DK","@id":"https:\/\/mekulo.com\/dk\/produkt\/ultrakomfortable-hjemmesko\/#primaryimage","url":"https:\/\/mekulo.com\/dk\/wp-content\/uploads\/sites\/12\/2026\/02\/h4beiru-1.jpeg","contentUrl":"https:\/\/mekulo.com\/dk\/wp-content\/uploads\/sites\/12\/2026\/02\/h4beiru-1.jpeg","width":800,"height":800},{"@type":"BreadcrumbList","@id":"https:\/\/mekulo.com\/dk\/produkt\/ultrakomfortable-hjemmesko\/#breadcrumb","itemListElement":[{"@type":"ListItem","position":1,"name":"Home","item":"https:\/\/mekulo.com\/dk\/"},{"@type":"ListItem","position":2,"name":"Butik","item":"https:\/\/mekulo.com\/dk\/butik\/"},{"@type":"ListItem","position":3,"name":"Ultrakomfortable hjemmesko"}]},{"@type":"WebSite","@id":"https:\/\/mekulo.com\/dk\/#website","url":"https:\/\/mekulo.com\/dk\/","name":"Mekulo DK","description":"","publisher":{"@id":"https:\/\/mekulo.com\/dk\/#organization"},"potentialAction":[{"@type":"SearchAction","target":{"@type":"EntryPoint","urlTemplate":"https:\/\/mekulo.com\/dk\/?s={search_term_string}"},"query-input":{"@type":"PropertyValueSpecification","valueRequired":true,"valueName":"search_term_string"}}],"inLanguage":"da-DK"},{"@type":"Organization","@id":"https:\/\/mekulo.com\/dk\/#organization","name":"Mekulo","url":"https:\/\/mekulo.com\/dk\/","logo":{"@type":"ImageObject","inLanguage":"da-DK","@id":"https:\/\/mekulo.com\/dk\/#\/schema\/logo\/image\/","url":"https:\/\/mekulo.com\/dk\/wp-content\/uploads\/sites\/12\/2025\/12\/favicon_mekulo.png","contentUrl":"https:\/\/mekulo.com\/dk\/wp-content\/uploads\/sites\/12\/2025\/12\/favicon_mekulo.png","width":50,"height":50,"caption":"Mekulo"},"image":{"@id":"https:\/\/mekulo.com\/dk\/#\/schema\/logo\/image\/"}}]}},"_links":{"self":[{"href":"https:\/\/mekulo.com\/dk\/wp-json\/wp\/v2\/product\/24034","targetHints":{"allow":["GET"]}}],"collection":[{"href":"https:\/\/mekulo.com\/dk\/wp-json\/wp\/v2\/product"}],"about":[{"href":"https:\/\/mekulo.com\/dk\/wp-json\/wp\/v2\/types\/product"}],"replies":[{"embeddable":true,"href":"https:\/\/mekulo.com\/dk\/wp-json\/wp\/v2\/comments?post=24034"}],"wp:featuredmedia":[{"embeddable":true,"href":"https:\/\/mekulo.com\/dk\/wp-json\/wp\/v2\/media\/24030"}],"wp:attachment":[{"href":"https:\/\/mekulo.com\/dk\/wp-json\/wp\/v2\/media?parent=24034"}],"wp:term":[{"taxonomy":"product_brand","embeddable":true,"href":"https:\/\/mekulo.com\/dk\/wp-json\/wp\/v2\/product_brand?post=24034"},{"taxonomy":"product_cat","embeddable":true,"href":"https:\/\/mekulo.com\/dk\/wp-json\/wp\/v2\/product_cat?post=24034"},{"taxonomy":"product_tag","embeddable":true,"href":"https:\/\/mekulo.com\/dk\/wp-json\/wp\/v2\/product_tag?post=24034"}],"curies":[{"name":"wp","href":"https:\/\/api.w.org\/{rel}","templated":true}]}}