{"id":24020,"date":"2026-02-12T20:28:34","date_gmt":"2026-02-12T18:28:34","guid":{"rendered":"https:\/\/mekulo.com\/dk\/produkt\/praecisionsvaerktoej-til-sporing\/"},"modified":"2026-03-02T15:08:25","modified_gmt":"2026-03-02T13:08:25","slug":"praecisionsvaerktoej-til-sporing","status":"publish","type":"product","link":"https:\/\/mekulo.com\/dk\/produkt\/praecisionsvaerktoej-til-sporing\/","title":{"rendered":"Pr\u00e6cisionsv\u00e6rkt\u00f8j til sporing"},"content":{"rendered":"<p style=\"text-align: center\" data-start=\"27\" data-end=\"83\"><strong data-start=\"27\" data-end=\"83\">Skab Helt N\u00f8jagtige Linjer Og Buer P\u00e5 F\u00e5 Sekunder. \ud83d\udd8a\ufe0f<\/strong><\/p>\n<p data-start=\"27\" data-end=\"83\"><img fetchpriority=\"high\" decoding=\"async\" class=\"size-full wp-image-24891 aligncenter\" src=\"https:\/\/mekulo.com\/template\/wp-content\/uploads\/sites\/6\/2026\/02\/Sd4de2d72694f41b290f171fae17dca62D.jpg\" alt=\"\" width=\"800\" height=\"800\" \/><\/p>\n<h2 style=\"text-align: center\" data-start=\"614\" data-end=\"633\">Hovedfordele \ud83d\udccf<\/h2>\n<p data-start=\"634\" data-end=\"953\">\ud83d\udccf Alsidig justering &#8211; Skift form efter behov.<\/p>\n<p data-start=\"634\" data-end=\"953\">\ud83c\udfaf L\u00e5s med h\u00f8j pr\u00e6cision &#8211; Stabil og n\u00f8jagtig markering.<\/p>\n<p data-start=\"634\" data-end=\"953\">\ud83d\udee0\ufe0f Klar synlig skala &#8211; Nem at l\u00e6se og bruge.<\/p>\n<p data-start=\"634\" data-end=\"953\">\u2699\ufe0f Holdbar konstruktion &#8211; Fremstillet af aluminiumslegering.<\/p>\n<p data-start=\"634\" data-end=\"953\">\ud83e\uddf3 Kompakt &amp; b\u00e6rbar &#8211; Passer i lommen.<\/p>\n<p data-start=\"634\" data-end=\"953\">\ud83c\udfe0 Bred anvendelse &#8211; Ideel til mange projekter.<\/p>\n<p data-start=\"634\" data-end=\"953\"><img decoding=\"async\" class=\"size-full wp-image-24892 aligncenter\" src=\"https:\/\/mekulo.com\/template\/wp-content\/uploads\/sites\/6\/2026\/02\/S5a62f3507d894c30bca8653ce23f3241W.webp\" alt=\"\" width=\"800\" height=\"800\" \/><\/p>\n<h2 style=\"text-align: center\" data-start=\"960\" data-end=\"976\">S\u00e5dan Bruges \ud83d\udccc<\/h2>\n<ol data-start=\"977\" data-end=\"1132\">\n<li data-start=\"977\" data-end=\"1015\">\n<p data-start=\"980\" data-end=\"1015\">L\u00f8s blyantholderen og m\u00f8trikken.<\/p>\n<\/li>\n<li data-start=\"1016\" data-end=\"1059\">\n<p data-start=\"1019\" data-end=\"1059\">Juster v\u00e6rkt\u00f8jet til din \u00f8nskede form.<\/p>\n<\/li>\n<li data-start=\"1060\" data-end=\"1092\">\n<p data-start=\"1063\" data-end=\"1092\">L\u00e5s det fast i position.<\/p>\n<\/li>\n<li data-start=\"1093\" data-end=\"1132\">\n<p data-start=\"1096\" data-end=\"1132\">Marker linjer eller buer p\u00e5 overfladen.<\/p>\n<\/li>\n<\/ol>\n<h2 style=\"text-align: center\" data-start=\"1139\" data-end=\"1160\">Produktdetaljer \ud83d\udccf<\/h2>\n<ul data-start=\"1161\" data-end=\"1324\">\n<li data-start=\"1161\" data-end=\"1195\">\n<p data-start=\"1163\" data-end=\"1195\">Materiale: ABS + aluminiumslegering<\/p>\n<\/li>\n<li data-start=\"1196\" data-end=\"1234\">\n<p data-start=\"1198\" data-end=\"1234\">St\u00f8rrelse: 15,24 x 11 x 13 cm<\/p>\n<\/li>\n<li data-start=\"1235\" data-end=\"1251\">\n<p data-start=\"1237\" data-end=\"1251\">Farve: Sort<\/p>\n<\/li>\n<li data-start=\"1252\" data-end=\"1285\">\n<p data-start=\"1254\" data-end=\"1285\">Design: Justerbar &amp; l\u00e5sbar<\/p>\n<\/li>\n<li data-start=\"1286\" data-end=\"1324\">\n<p data-start=\"1288\" data-end=\"1324\">Brug: Linjer, buer, parallel markering<\/p>\n<\/li>\n<\/ul>\n<h2 style=\"text-align: center\" data-start=\"1331\" data-end=\"1353\">Pakken Indeholder \ud83d\udce6<\/h2>\n<ul data-start=\"1354\" data-end=\"1383\">\n<li data-start=\"1354\" data-end=\"1383\">\n<p data-start=\"1356\" data-end=\"1383\">1, 2x pr\u00e6cisionstracer tool<\/p>\n<\/li>\n<li data-start=\"1354\" data-end=\"1383\">6, 12x refills.<\/li>\n<\/ul>\n","protected":false},"excerpt":{"rendered":"<p><span style=\"font-size: 16px;font-style: normal;font-weight: 400\">\u270f\ufe0f<\/span>This Pr\u00e6cisionsv\u00e6rkt\u00f8jet er designet til fleksibel m\u00e6rkning og formgivning.<br \/>\n\ud83e\udeb5Det er nemt at justere og l\u00e5se det i forskellige positioner, s\u00e5 det passer til dine layoutbehov, uanset om du arbejder med tr\u00e6bearbejdning, flisebel\u00e6gning eller specialtilpasning.<br \/>\n\ud83d\udccfKompakt og let, det er det perfekte v\u00e6rkt\u00f8j til at have med overalt. Et must-have-v\u00e6rkt\u00f8j til n\u00f8jagtigt layout og rene resultater.<\/p>\n","protected":false},"featured_media":24016,"comment_status":"open","ping_status":"closed","template":"","meta":{"site-sidebar-layout":"default","site-content-layout":"","ast-site-content-layout":"default","site-content-style":"default","site-sidebar-style":"default","ast-global-header-display":"","ast-banner-title-visibility":"","ast-main-header-display":"","ast-hfb-above-header-display":"","ast-hfb-below-header-display":"","ast-hfb-mobile-header-display":"","site-post-title":"","ast-breadcrumbs-content":"","ast-featured-img":"","footer-sml-layout":"","ast-disable-related-posts":"","theme-transparent-header-meta":"default","adv-header-id-meta":"","stick-header-meta":"","header-above-stick-meta":"","header-main-stick-meta":"","header-below-stick-meta":"","astra-migrate-meta-layouts":"set","ast-page-background-enabled":"default","ast-page-background-meta":{"desktop":{"background-color":"var(--ast-global-color-5)","background-image":"","background-repeat":"repeat","background-position":"center center","background-size":"auto","background-attachment":"scroll","background-type":"","background-media":"","overlay-type":"","overlay-color":"","overlay-opacity":"","overlay-gradient":""},"tablet":{"background-color":"","background-image":"","background-repeat":"repeat","background-position":"center center","background-size":"auto","background-attachment":"scroll","background-type":"","background-media":"","overlay-type":"","overlay-color":"","overlay-opacity":"","overlay-gradient":""},"mobile":{"background-color":"","background-image":"","background-repeat":"repeat","background-position":"center center","background-size":"auto","background-attachment":"scroll","background-type":"","background-media":"","overlay-type":"","overlay-color":"","overlay-opacity":"","overlay-gradient":""}},"ast-content-background-meta":{"desktop":{"background-color":"var(--ast-global-color-4)","background-image":"","background-repeat":"repeat","background-position":"center center","background-size":"auto","background-attachment":"scroll","background-type":"","background-media":"","overlay-type":"","overlay-color":"","overlay-opacity":"","overlay-gradient":""},"tablet":{"background-color":"var(--ast-global-color-4)","background-image":"","background-repeat":"repeat","background-position":"center center","background-size":"auto","background-attachment":"scroll","background-type":"","background-media":"","overlay-type":"","overlay-color":"","overlay-opacity":"","overlay-gradient":""},"mobile":{"background-color":"var(--ast-global-color-4)","background-image":"","background-repeat":"repeat","background-position":"center center","background-size":"auto","background-attachment":"scroll","background-type":"","background-media":"","overlay-type":"","overlay-color":"","overlay-opacity":"","overlay-gradient":""}}},"product_brand":[],"product_cat":[171],"product_tag":[],"class_list":{"0":"post-24020","1":"product","2":"type-product","3":"status-publish","4":"has-post-thumbnail","6":"product_cat-vaerktoejer","7":"pa_59082_r6i8acda-1-stk","8":"pa_59082_r6i8acda-2-stk","9":"desktop-align-left","10":"tablet-align-left","11":"mobile-align-left","13":"first","14":"instock","15":"shipping-taxable","16":"purchasable","17":"product-type-variable"},"yoast_head":"<!-- This site is optimized with the Yoast SEO plugin v27.4 - https:\/\/yoast.com\/product\/yoast-seo-wordpress\/ -->\n<title>Pr\u00e6cisionsv\u00e6rkt\u00f8j til sporing - Mekulo DK<\/title>\n<meta name=\"robots\" content=\"index, follow, max-snippet:-1, max-image-preview:large, max-video-preview:-1\" \/>\n<link rel=\"canonical\" href=\"https:\/\/mekulo.com\/dk\/produkt\/praecisionsvaerktoej-til-sporing\/\" \/>\n<meta property=\"og:locale\" content=\"da_DK\" \/>\n<meta property=\"og:type\" content=\"article\" \/>\n<meta property=\"og:title\" content=\"Pr\u00e6cisionsv\u00e6rkt\u00f8j til sporing - Mekulo DK\" \/>\n<meta property=\"og:description\" content=\"\u270f\ufe0fThis Pr\u00e6cisionsv\u00e6rkt\u00f8jet er designet til fleksibel m\u00e6rkning og formgivning. \ud83e\udeb5Det er nemt at justere og l\u00e5se det i forskellige positioner, s\u00e5 det passer til dine layoutbehov, uanset om du arbejder med tr\u00e6bearbejdning, flisebel\u00e6gning eller specialtilpasning. \ud83d\udccfKompakt og let, det er det perfekte v\u00e6rkt\u00f8j til at have med overalt. Et must-have-v\u00e6rkt\u00f8j til n\u00f8jagtigt layout og rene resultater.\" \/>\n<meta property=\"og:url\" content=\"https:\/\/mekulo.com\/dk\/produkt\/praecisionsvaerktoej-til-sporing\/\" \/>\n<meta property=\"og:site_name\" content=\"Mekulo DK\" \/>\n<meta property=\"article:modified_time\" content=\"2026-03-02T13:08:25+00:00\" \/>\n<meta property=\"og:image\" content=\"https:\/\/mekulo.com\/dk\/wp-content\/uploads\/sites\/12\/2026\/02\/z37yk0h-1.jpg\" \/>\n\t<meta property=\"og:image:width\" content=\"800\" \/>\n\t<meta property=\"og:image:height\" content=\"800\" \/>\n\t<meta property=\"og:image:type\" content=\"image\/jpeg\" \/>\n<meta name=\"twitter:card\" content=\"summary_large_image\" \/>\n<meta name=\"twitter:label1\" content=\"Estimeret l\u00e6setid\" \/>\n\t<meta name=\"twitter:data1\" content=\"2 minutter\" \/>\n<script type=\"application\/ld+json\" class=\"yoast-schema-graph\">{\"@context\":\"https:\\\/\\\/schema.org\",\"@graph\":[{\"@type\":\"WebPage\",\"@id\":\"https:\\\/\\\/mekulo.com\\\/dk\\\/produkt\\\/praecisionsvaerktoej-til-sporing\\\/\",\"url\":\"https:\\\/\\\/mekulo.com\\\/dk\\\/produkt\\\/praecisionsvaerktoej-til-sporing\\\/\",\"name\":\"Pr\u00e6cisionsv\u00e6rkt\u00f8j til sporing - Mekulo DK\",\"isPartOf\":{\"@id\":\"https:\\\/\\\/mekulo.com\\\/dk\\\/#website\"},\"primaryImageOfPage\":{\"@id\":\"https:\\\/\\\/mekulo.com\\\/dk\\\/produkt\\\/praecisionsvaerktoej-til-sporing\\\/#primaryimage\"},\"image\":{\"@id\":\"https:\\\/\\\/mekulo.com\\\/dk\\\/produkt\\\/praecisionsvaerktoej-til-sporing\\\/#primaryimage\"},\"thumbnailUrl\":\"https:\\\/\\\/mekulo.com\\\/dk\\\/wp-content\\\/uploads\\\/sites\\\/12\\\/2026\\\/02\\\/z37yk0h-1.jpg\",\"datePublished\":\"2026-02-12T18:28:34+00:00\",\"dateModified\":\"2026-03-02T13:08:25+00:00\",\"breadcrumb\":{\"@id\":\"https:\\\/\\\/mekulo.com\\\/dk\\\/produkt\\\/praecisionsvaerktoej-til-sporing\\\/#breadcrumb\"},\"inLanguage\":\"da-DK\",\"potentialAction\":[{\"@type\":\"ReadAction\",\"target\":[\"https:\\\/\\\/mekulo.com\\\/dk\\\/produkt\\\/praecisionsvaerktoej-til-sporing\\\/\"]}]},{\"@type\":\"ImageObject\",\"inLanguage\":\"da-DK\",\"@id\":\"https:\\\/\\\/mekulo.com\\\/dk\\\/produkt\\\/praecisionsvaerktoej-til-sporing\\\/#primaryimage\",\"url\":\"https:\\\/\\\/mekulo.com\\\/dk\\\/wp-content\\\/uploads\\\/sites\\\/12\\\/2026\\\/02\\\/z37yk0h-1.jpg\",\"contentUrl\":\"https:\\\/\\\/mekulo.com\\\/dk\\\/wp-content\\\/uploads\\\/sites\\\/12\\\/2026\\\/02\\\/z37yk0h-1.jpg\",\"width\":800,\"height\":800},{\"@type\":\"BreadcrumbList\",\"@id\":\"https:\\\/\\\/mekulo.com\\\/dk\\\/produkt\\\/praecisionsvaerktoej-til-sporing\\\/#breadcrumb\",\"itemListElement\":[{\"@type\":\"ListItem\",\"position\":1,\"name\":\"Home\",\"item\":\"https:\\\/\\\/mekulo.com\\\/dk\\\/\"},{\"@type\":\"ListItem\",\"position\":2,\"name\":\"Butik\",\"item\":\"https:\\\/\\\/mekulo.com\\\/dk\\\/butik\\\/\"},{\"@type\":\"ListItem\",\"position\":3,\"name\":\"Pr\u00e6cisionsv\u00e6rkt\u00f8j til sporing\"}]},{\"@type\":\"WebSite\",\"@id\":\"https:\\\/\\\/mekulo.com\\\/dk\\\/#website\",\"url\":\"https:\\\/\\\/mekulo.com\\\/dk\\\/\",\"name\":\"Mekulo DK\",\"description\":\"\",\"publisher\":{\"@id\":\"https:\\\/\\\/mekulo.com\\\/dk\\\/#organization\"},\"potentialAction\":[{\"@type\":\"SearchAction\",\"target\":{\"@type\":\"EntryPoint\",\"urlTemplate\":\"https:\\\/\\\/mekulo.com\\\/dk\\\/?s={search_term_string}\"},\"query-input\":{\"@type\":\"PropertyValueSpecification\",\"valueRequired\":true,\"valueName\":\"search_term_string\"}}],\"inLanguage\":\"da-DK\"},{\"@type\":\"Organization\",\"@id\":\"https:\\\/\\\/mekulo.com\\\/dk\\\/#organization\",\"name\":\"Mekulo\",\"url\":\"https:\\\/\\\/mekulo.com\\\/dk\\\/\",\"logo\":{\"@type\":\"ImageObject\",\"inLanguage\":\"da-DK\",\"@id\":\"https:\\\/\\\/mekulo.com\\\/dk\\\/#\\\/schema\\\/logo\\\/image\\\/\",\"url\":\"https:\\\/\\\/mekulo.com\\\/dk\\\/wp-content\\\/uploads\\\/sites\\\/12\\\/2025\\\/12\\\/favicon_mekulo.png\",\"contentUrl\":\"https:\\\/\\\/mekulo.com\\\/dk\\\/wp-content\\\/uploads\\\/sites\\\/12\\\/2025\\\/12\\\/favicon_mekulo.png\",\"width\":50,\"height\":50,\"caption\":\"Mekulo\"},\"image\":{\"@id\":\"https:\\\/\\\/mekulo.com\\\/dk\\\/#\\\/schema\\\/logo\\\/image\\\/\"}}]}<\/script>\n<!-- \/ Yoast SEO plugin. -->","yoast_head_json":{"title":"Pr\u00e6cisionsv\u00e6rkt\u00f8j til sporing - Mekulo DK","robots":{"index":"index","follow":"follow","max-snippet":"max-snippet:-1","max-image-preview":"max-image-preview:large","max-video-preview":"max-video-preview:-1"},"canonical":"https:\/\/mekulo.com\/dk\/produkt\/praecisionsvaerktoej-til-sporing\/","og_locale":"da_DK","og_type":"article","og_title":"Pr\u00e6cisionsv\u00e6rkt\u00f8j til sporing - Mekulo DK","og_description":"\u270f\ufe0fThis Pr\u00e6cisionsv\u00e6rkt\u00f8jet er designet til fleksibel m\u00e6rkning og formgivning. \ud83e\udeb5Det er nemt at justere og l\u00e5se det i forskellige positioner, s\u00e5 det passer til dine layoutbehov, uanset om du arbejder med tr\u00e6bearbejdning, flisebel\u00e6gning eller specialtilpasning. \ud83d\udccfKompakt og let, det er det perfekte v\u00e6rkt\u00f8j til at have med overalt. Et must-have-v\u00e6rkt\u00f8j til n\u00f8jagtigt layout og rene resultater.","og_url":"https:\/\/mekulo.com\/dk\/produkt\/praecisionsvaerktoej-til-sporing\/","og_site_name":"Mekulo DK","article_modified_time":"2026-03-02T13:08:25+00:00","og_image":[{"width":800,"height":800,"url":"https:\/\/mekulo.com\/dk\/wp-content\/uploads\/sites\/12\/2026\/02\/z37yk0h-1.jpg","type":"image\/jpeg"}],"twitter_card":"summary_large_image","twitter_misc":{"Estimeret l\u00e6setid":"2 minutter"},"schema":{"@context":"https:\/\/schema.org","@graph":[{"@type":"WebPage","@id":"https:\/\/mekulo.com\/dk\/produkt\/praecisionsvaerktoej-til-sporing\/","url":"https:\/\/mekulo.com\/dk\/produkt\/praecisionsvaerktoej-til-sporing\/","name":"Pr\u00e6cisionsv\u00e6rkt\u00f8j til sporing - Mekulo DK","isPartOf":{"@id":"https:\/\/mekulo.com\/dk\/#website"},"primaryImageOfPage":{"@id":"https:\/\/mekulo.com\/dk\/produkt\/praecisionsvaerktoej-til-sporing\/#primaryimage"},"image":{"@id":"https:\/\/mekulo.com\/dk\/produkt\/praecisionsvaerktoej-til-sporing\/#primaryimage"},"thumbnailUrl":"https:\/\/mekulo.com\/dk\/wp-content\/uploads\/sites\/12\/2026\/02\/z37yk0h-1.jpg","datePublished":"2026-02-12T18:28:34+00:00","dateModified":"2026-03-02T13:08:25+00:00","breadcrumb":{"@id":"https:\/\/mekulo.com\/dk\/produkt\/praecisionsvaerktoej-til-sporing\/#breadcrumb"},"inLanguage":"da-DK","potentialAction":[{"@type":"ReadAction","target":["https:\/\/mekulo.com\/dk\/produkt\/praecisionsvaerktoej-til-sporing\/"]}]},{"@type":"ImageObject","inLanguage":"da-DK","@id":"https:\/\/mekulo.com\/dk\/produkt\/praecisionsvaerktoej-til-sporing\/#primaryimage","url":"https:\/\/mekulo.com\/dk\/wp-content\/uploads\/sites\/12\/2026\/02\/z37yk0h-1.jpg","contentUrl":"https:\/\/mekulo.com\/dk\/wp-content\/uploads\/sites\/12\/2026\/02\/z37yk0h-1.jpg","width":800,"height":800},{"@type":"BreadcrumbList","@id":"https:\/\/mekulo.com\/dk\/produkt\/praecisionsvaerktoej-til-sporing\/#breadcrumb","itemListElement":[{"@type":"ListItem","position":1,"name":"Home","item":"https:\/\/mekulo.com\/dk\/"},{"@type":"ListItem","position":2,"name":"Butik","item":"https:\/\/mekulo.com\/dk\/butik\/"},{"@type":"ListItem","position":3,"name":"Pr\u00e6cisionsv\u00e6rkt\u00f8j til sporing"}]},{"@type":"WebSite","@id":"https:\/\/mekulo.com\/dk\/#website","url":"https:\/\/mekulo.com\/dk\/","name":"Mekulo DK","description":"","publisher":{"@id":"https:\/\/mekulo.com\/dk\/#organization"},"potentialAction":[{"@type":"SearchAction","target":{"@type":"EntryPoint","urlTemplate":"https:\/\/mekulo.com\/dk\/?s={search_term_string}"},"query-input":{"@type":"PropertyValueSpecification","valueRequired":true,"valueName":"search_term_string"}}],"inLanguage":"da-DK"},{"@type":"Organization","@id":"https:\/\/mekulo.com\/dk\/#organization","name":"Mekulo","url":"https:\/\/mekulo.com\/dk\/","logo":{"@type":"ImageObject","inLanguage":"da-DK","@id":"https:\/\/mekulo.com\/dk\/#\/schema\/logo\/image\/","url":"https:\/\/mekulo.com\/dk\/wp-content\/uploads\/sites\/12\/2025\/12\/favicon_mekulo.png","contentUrl":"https:\/\/mekulo.com\/dk\/wp-content\/uploads\/sites\/12\/2025\/12\/favicon_mekulo.png","width":50,"height":50,"caption":"Mekulo"},"image":{"@id":"https:\/\/mekulo.com\/dk\/#\/schema\/logo\/image\/"}}]}},"_links":{"self":[{"href":"https:\/\/mekulo.com\/dk\/wp-json\/wp\/v2\/product\/24020","targetHints":{"allow":["GET"]}}],"collection":[{"href":"https:\/\/mekulo.com\/dk\/wp-json\/wp\/v2\/product"}],"about":[{"href":"https:\/\/mekulo.com\/dk\/wp-json\/wp\/v2\/types\/product"}],"replies":[{"embeddable":true,"href":"https:\/\/mekulo.com\/dk\/wp-json\/wp\/v2\/comments?post=24020"}],"wp:featuredmedia":[{"embeddable":true,"href":"https:\/\/mekulo.com\/dk\/wp-json\/wp\/v2\/media\/24016"}],"wp:attachment":[{"href":"https:\/\/mekulo.com\/dk\/wp-json\/wp\/v2\/media?parent=24020"}],"wp:term":[{"taxonomy":"product_brand","embeddable":true,"href":"https:\/\/mekulo.com\/dk\/wp-json\/wp\/v2\/product_brand?post=24020"},{"taxonomy":"product_cat","embeddable":true,"href":"https:\/\/mekulo.com\/dk\/wp-json\/wp\/v2\/product_cat?post=24020"},{"taxonomy":"product_tag","embeddable":true,"href":"https:\/\/mekulo.com\/dk\/wp-json\/wp\/v2\/product_tag?post=24020"}],"curies":[{"name":"wp","href":"https:\/\/api.w.org\/{rel}","templated":true}]}}