{"id":23890,"date":"2026-02-12T20:19:35","date_gmt":"2026-02-12T18:19:35","guid":{"rendered":"https:\/\/mekulo.com\/dk\/produkt\/stoejsvag-haarklipper-til-kaeledyr\/"},"modified":"2026-02-13T08:10:30","modified_gmt":"2026-02-13T06:10:30","slug":"stoejsvag-haarklipper-til-kaeledyr","status":"publish","type":"product","link":"https:\/\/mekulo.com\/dk\/produkt\/stoejsvag-haarklipper-til-kaeledyr\/","title":{"rendered":"St\u00f8jsvag h\u00e5rklipper til k\u00e6ledyr"},"content":{"rendered":"<p style=\"text-align: center\"><strong>Trim dit k\u00e6ledyr sikkert, stille og stressfrit. \ud83d\udc08<\/strong><\/p>\n<p><img fetchpriority=\"high\" decoding=\"async\" class=\"size-full wp-image-24615 aligncenter\" src=\"https:\/\/mekulo.com\/template\/wp-content\/uploads\/sites\/6\/2026\/02\/S38050a6298d141368f95887f35a8e7f9U.jpg_960x960q75.jpg_.jpg\" alt=\"\" width=\"960\" height=\"960\" \/><\/p>\n<h2 style=\"text-align: center\" data-start=\"539\" data-end=\"558\"><strong>Hovedfordele \ud83d\udc36<\/strong><\/h2>\n<p data-start=\"559\" data-end=\"1000\">\ud83d\udc36 St\u00f8jsvagt design &#8211; holder k\u00e6ledyr afslappede.<\/p>\n<p data-start=\"559\" data-end=\"1000\">\u2702\ufe0f Keramisk + titaniumblad &#8211; Glat og sikker klipning.<\/p>\n<p data-start=\"559\" data-end=\"1000\">\ud83d\udd0b USB genopladelig &#8211; Nem og praktisk opladning.<\/p>\n<p data-start=\"559\" data-end=\"1000\">\ud83e\uddfc Vaskbart sk\u00e6rehoved &#8211; Rent og hygiejnisk.<\/p>\n<p data-start=\"559\" data-end=\"1000\">\ud83d\udccf 4 styrekamme &#8211; Flere trimningsl\u00e6ngder.<\/p>\n<p data-start=\"559\" data-end=\"1000\">\ud83c\udfaf Mikrojusterbart blad &#8211; Bedre kontrol og pr\u00e6cision.<\/p>\n<p data-start=\"559\" data-end=\"1000\">\ud83d\udc3e K\u00e6ledyrssikker R-formet kant &#8211; Sk\u00e5nsom mod huden.<\/p>\n<p data-start=\"559\" data-end=\"1000\">\ud83d\udc15\u200d\ud83e\uddba Bred kompatibilitet &#8211; Til hunde, katte, kaniner &amp; mere.<\/p>\n<p data-start=\"559\" data-end=\"1000\"><img decoding=\"async\" class=\"size-full wp-image-24614 aligncenter\" src=\"https:\/\/mekulo.com\/template\/wp-content\/uploads\/sites\/6\/2026\/02\/Sc85ced15c2774c6db3f55a9a67c1b026G.jpg_960x960q75.jpg_.avif\" alt=\"\" width=\"960\" height=\"960\" \/><\/p>\n<h2 style=\"text-align: center\" data-start=\"1007\" data-end=\"1023\"><strong>S\u00e5dan Bruges \ud83d\udccc<\/strong><\/h2>\n<ol data-start=\"1024\" data-end=\"1221\">\n<li data-start=\"1024\" data-end=\"1062\">\n<p data-start=\"1027\" data-end=\"1062\">Lad klipperen helt op via USB.<\/p>\n<\/li>\n<li data-start=\"1063\" data-end=\"1103\">\n<p data-start=\"1066\" data-end=\"1103\">V\u00e6lg den \u00f8nskede kamtilbeh\u00f8r.<\/p>\n<\/li>\n<li data-start=\"1104\" data-end=\"1129\">\n<p data-start=\"1107\" data-end=\"1129\">T\u00e6nd klipperen.<\/p>\n<\/li>\n<li data-start=\"1130\" data-end=\"1172\">\n<p data-start=\"1133\" data-end=\"1172\">Trim forsigtigt langs h\u00e5rretningen.<\/p>\n<\/li>\n<li data-start=\"1173\" data-end=\"1221\">\n<p data-start=\"1176\" data-end=\"1221\">Fjern og reng\u00f8r sk\u00e6rehovedet efter brug.<\/p>\n<\/li>\n<\/ol>\n<h2 style=\"text-align: center\" data-start=\"1228\" data-end=\"1249\"><strong>Produktdetaljer \ud83d\udccf<\/strong><\/h2>\n<ul data-start=\"1250\" data-end=\"1529\">\n<li data-start=\"1250\" data-end=\"1288\">\n<p data-start=\"1252\" data-end=\"1288\">Bladmateriale: Keramik + Titanium<\/p>\n<\/li>\n<li data-start=\"1305\" data-end=\"1333\">\n<p data-start=\"1307\" data-end=\"1333\">Batterikapacitet: 600mAh<\/p>\n<\/li>\n<li data-start=\"1334\" data-end=\"1358\">\n<p data-start=\"1336\" data-end=\"1358\">Opladningsmetode: USB<\/p>\n<\/li>\n<li data-start=\"1359\" data-end=\"1398\">\n<p data-start=\"1361\" data-end=\"1398\">Batteritype: 18650 litiumbatteri<\/p>\n<\/li>\n<li data-start=\"1399\" data-end=\"1438\">\n<p data-start=\"1401\" data-end=\"1438\">Kamtilbeh\u00f8r: 3, 6, 9, 12 mm<\/p>\n<\/li>\n<li data-start=\"1439\" data-end=\"1479\">\n<p data-start=\"1441\" data-end=\"1479\">Justerbart sk\u00e6reomr\u00e5de: 0,8 &#8211; 2 mm<\/p>\n<\/li>\n<li data-start=\"1480\" data-end=\"1529\">\n<p data-start=\"1482\" data-end=\"1529\">Velegnet til: Hunde, katte, kaniner, sm\u00e5 k\u00e6ledyr<\/p>\n<\/li>\n<\/ul>\n<h2 style=\"text-align: center\" data-start=\"1536\" data-end=\"1558\"><strong>Pakken Indeholder \ud83d\udce6<\/strong><\/h2>\n<ul data-start=\"1559\" data-end=\"1583\">\n<li data-start=\"1559\" data-end=\"1583\">\n<p data-start=\"1561\" data-end=\"1583\">1x h\u00e5rtrimmer<\/p>\n<\/li>\n<li data-start=\"1559\" data-end=\"1583\">\n<p data-start=\"1561\" data-end=\"1583\">4x guidekamme<\/p>\n<\/li>\n<li data-start=\"1559\" data-end=\"1583\">\n<p data-start=\"1561\" data-end=\"1583\">1x reng\u00f8ringsb\u00f8rste<\/p>\n<\/li>\n<li data-start=\"1559\" data-end=\"1583\">\n<p data-start=\"1561\" data-end=\"1583\">1x USB-opladerkabel.<\/p>\n<\/li>\n<\/ul>\n","protected":false},"excerpt":{"rendered":"<p><span style=\"font-size: 16px;font-style: normal;font-weight: 400\">\ud83d\udc3e<\/span>Denne st\u00f8jsvage h\u00e5rklipper til k\u00e6ledyr hj\u00e6lper dig med at pleje dit k\u00e6ledyr derhjemme med lethed.<br \/>\n\u2702\ufe0fThe St\u00f8jsvag motor holder k\u00e6ledyrene rolige, mens det keramiske blad klipper j\u00e6vnt uden at tr\u00e6kke i h\u00e5ret.Den stille drift reducerer stress og frygt under h\u00e5rklipning. Den er perfekt til hurtige opfriskninger eller hele plejesessioner derhjemme.<br \/>\n\ud83d\udc15Nyd nem, stille og sikker pelspleje uden dyre salonbes\u00f8g.<\/p>\n","protected":false},"featured_media":23886,"comment_status":"open","ping_status":"closed","template":"","meta":{"site-sidebar-layout":"default","site-content-layout":"","ast-site-content-layout":"default","site-content-style":"default","site-sidebar-style":"default","ast-global-header-display":"","ast-banner-title-visibility":"","ast-main-header-display":"","ast-hfb-above-header-display":"","ast-hfb-below-header-display":"","ast-hfb-mobile-header-display":"","site-post-title":"","ast-breadcrumbs-content":"","ast-featured-img":"","footer-sml-layout":"","ast-disable-related-posts":"","theme-transparent-header-meta":"default","adv-header-id-meta":"","stick-header-meta":"","header-above-stick-meta":"","header-main-stick-meta":"","header-below-stick-meta":"","astra-migrate-meta-layouts":"set","ast-page-background-enabled":"default","ast-page-background-meta":{"desktop":{"background-color":"var(--ast-global-color-5)","background-image":"","background-repeat":"repeat","background-position":"center center","background-size":"auto","background-attachment":"scroll","background-type":"","background-media":"","overlay-type":"","overlay-color":"","overlay-opacity":"","overlay-gradient":""},"tablet":{"background-color":"","background-image":"","background-repeat":"repeat","background-position":"center center","background-size":"auto","background-attachment":"scroll","background-type":"","background-media":"","overlay-type":"","overlay-color":"","overlay-opacity":"","overlay-gradient":""},"mobile":{"background-color":"","background-image":"","background-repeat":"repeat","background-position":"center center","background-size":"auto","background-attachment":"scroll","background-type":"","background-media":"","overlay-type":"","overlay-color":"","overlay-opacity":"","overlay-gradient":""}},"ast-content-background-meta":{"desktop":{"background-color":"var(--ast-global-color-4)","background-image":"","background-repeat":"repeat","background-position":"center center","background-size":"auto","background-attachment":"scroll","background-type":"","background-media":"","overlay-type":"","overlay-color":"","overlay-opacity":"","overlay-gradient":""},"tablet":{"background-color":"var(--ast-global-color-4)","background-image":"","background-repeat":"repeat","background-position":"center center","background-size":"auto","background-attachment":"scroll","background-type":"","background-media":"","overlay-type":"","overlay-color":"","overlay-opacity":"","overlay-gradient":""},"mobile":{"background-color":"var(--ast-global-color-4)","background-image":"","background-repeat":"repeat","background-position":"center center","background-size":"auto","background-attachment":"scroll","background-type":"","background-media":"","overlay-type":"","overlay-color":"","overlay-opacity":"","overlay-gradient":""}}},"product_brand":[],"product_cat":[169],"product_tag":[],"class_list":{"0":"post-23890","1":"product","2":"type-product","3":"status-publish","4":"has-post-thumbnail","6":"product_cat-kaeledyrsprodukter","7":"desktop-align-left","8":"tablet-align-left","9":"mobile-align-left","11":"first","12":"instock","13":"shipping-taxable","14":"purchasable","15":"product-type-simple"},"yoast_head":"<!-- This site is optimized with the Yoast SEO plugin v27.4 - https:\/\/yoast.com\/product\/yoast-seo-wordpress\/ -->\n<title>St\u00f8jsvag h\u00e5rklipper til k\u00e6ledyr - Mekulo DK<\/title>\n<meta name=\"robots\" content=\"index, follow, max-snippet:-1, max-image-preview:large, max-video-preview:-1\" \/>\n<link rel=\"canonical\" href=\"https:\/\/mekulo.com\/dk\/produkt\/stoejsvag-haarklipper-til-kaeledyr\/\" \/>\n<meta property=\"og:locale\" content=\"da_DK\" \/>\n<meta property=\"og:type\" content=\"article\" \/>\n<meta property=\"og:title\" content=\"St\u00f8jsvag h\u00e5rklipper til k\u00e6ledyr - Mekulo DK\" \/>\n<meta property=\"og:description\" content=\"\ud83d\udc3eDenne st\u00f8jsvage h\u00e5rklipper til k\u00e6ledyr hj\u00e6lper dig med at pleje dit k\u00e6ledyr derhjemme med lethed. \u2702\ufe0fThe St\u00f8jsvag motor holder k\u00e6ledyrene rolige, mens det keramiske blad klipper j\u00e6vnt uden at tr\u00e6kke i h\u00e5ret.Den stille drift reducerer stress og frygt under h\u00e5rklipning. Den er perfekt til hurtige opfriskninger eller hele plejesessioner derhjemme. \ud83d\udc15Nyd nem, stille og sikker pelspleje uden dyre salonbes\u00f8g.\" \/>\n<meta property=\"og:url\" content=\"https:\/\/mekulo.com\/dk\/produkt\/stoejsvag-haarklipper-til-kaeledyr\/\" \/>\n<meta property=\"og:site_name\" content=\"Mekulo DK\" \/>\n<meta property=\"article:modified_time\" content=\"2026-02-13T06:10:30+00:00\" \/>\n<meta property=\"og:image\" content=\"https:\/\/mekulo.com\/dk\/wp-content\/uploads\/sites\/12\/2026\/02\/o491y65-1.jpg\" \/>\n\t<meta property=\"og:image:width\" content=\"960\" \/>\n\t<meta property=\"og:image:height\" content=\"960\" \/>\n\t<meta property=\"og:image:type\" content=\"image\/jpeg\" \/>\n<meta name=\"twitter:card\" content=\"summary_large_image\" \/>\n<meta name=\"twitter:label1\" content=\"Estimeret l\u00e6setid\" \/>\n\t<meta name=\"twitter:data1\" content=\"2 minutter\" \/>\n<script type=\"application\/ld+json\" class=\"yoast-schema-graph\">{\"@context\":\"https:\\\/\\\/schema.org\",\"@graph\":[{\"@type\":\"WebPage\",\"@id\":\"https:\\\/\\\/mekulo.com\\\/dk\\\/produkt\\\/stoejsvag-haarklipper-til-kaeledyr\\\/\",\"url\":\"https:\\\/\\\/mekulo.com\\\/dk\\\/produkt\\\/stoejsvag-haarklipper-til-kaeledyr\\\/\",\"name\":\"St\u00f8jsvag h\u00e5rklipper til k\u00e6ledyr - Mekulo DK\",\"isPartOf\":{\"@id\":\"https:\\\/\\\/mekulo.com\\\/dk\\\/#website\"},\"primaryImageOfPage\":{\"@id\":\"https:\\\/\\\/mekulo.com\\\/dk\\\/produkt\\\/stoejsvag-haarklipper-til-kaeledyr\\\/#primaryimage\"},\"image\":{\"@id\":\"https:\\\/\\\/mekulo.com\\\/dk\\\/produkt\\\/stoejsvag-haarklipper-til-kaeledyr\\\/#primaryimage\"},\"thumbnailUrl\":\"https:\\\/\\\/mekulo.com\\\/dk\\\/wp-content\\\/uploads\\\/sites\\\/12\\\/2026\\\/02\\\/o491y65-1.jpg\",\"datePublished\":\"2026-02-12T18:19:35+00:00\",\"dateModified\":\"2026-02-13T06:10:30+00:00\",\"breadcrumb\":{\"@id\":\"https:\\\/\\\/mekulo.com\\\/dk\\\/produkt\\\/stoejsvag-haarklipper-til-kaeledyr\\\/#breadcrumb\"},\"inLanguage\":\"da-DK\",\"potentialAction\":[{\"@type\":\"ReadAction\",\"target\":[\"https:\\\/\\\/mekulo.com\\\/dk\\\/produkt\\\/stoejsvag-haarklipper-til-kaeledyr\\\/\"]}]},{\"@type\":\"ImageObject\",\"inLanguage\":\"da-DK\",\"@id\":\"https:\\\/\\\/mekulo.com\\\/dk\\\/produkt\\\/stoejsvag-haarklipper-til-kaeledyr\\\/#primaryimage\",\"url\":\"https:\\\/\\\/mekulo.com\\\/dk\\\/wp-content\\\/uploads\\\/sites\\\/12\\\/2026\\\/02\\\/o491y65-1.jpg\",\"contentUrl\":\"https:\\\/\\\/mekulo.com\\\/dk\\\/wp-content\\\/uploads\\\/sites\\\/12\\\/2026\\\/02\\\/o491y65-1.jpg\",\"width\":960,\"height\":960},{\"@type\":\"BreadcrumbList\",\"@id\":\"https:\\\/\\\/mekulo.com\\\/dk\\\/produkt\\\/stoejsvag-haarklipper-til-kaeledyr\\\/#breadcrumb\",\"itemListElement\":[{\"@type\":\"ListItem\",\"position\":1,\"name\":\"Home\",\"item\":\"https:\\\/\\\/mekulo.com\\\/dk\\\/\"},{\"@type\":\"ListItem\",\"position\":2,\"name\":\"Butik\",\"item\":\"https:\\\/\\\/mekulo.com\\\/dk\\\/butik\\\/\"},{\"@type\":\"ListItem\",\"position\":3,\"name\":\"St\u00f8jsvag h\u00e5rklipper til k\u00e6ledyr\"}]},{\"@type\":\"WebSite\",\"@id\":\"https:\\\/\\\/mekulo.com\\\/dk\\\/#website\",\"url\":\"https:\\\/\\\/mekulo.com\\\/dk\\\/\",\"name\":\"Mekulo DK\",\"description\":\"\",\"publisher\":{\"@id\":\"https:\\\/\\\/mekulo.com\\\/dk\\\/#organization\"},\"potentialAction\":[{\"@type\":\"SearchAction\",\"target\":{\"@type\":\"EntryPoint\",\"urlTemplate\":\"https:\\\/\\\/mekulo.com\\\/dk\\\/?s={search_term_string}\"},\"query-input\":{\"@type\":\"PropertyValueSpecification\",\"valueRequired\":true,\"valueName\":\"search_term_string\"}}],\"inLanguage\":\"da-DK\"},{\"@type\":\"Organization\",\"@id\":\"https:\\\/\\\/mekulo.com\\\/dk\\\/#organization\",\"name\":\"Mekulo\",\"url\":\"https:\\\/\\\/mekulo.com\\\/dk\\\/\",\"logo\":{\"@type\":\"ImageObject\",\"inLanguage\":\"da-DK\",\"@id\":\"https:\\\/\\\/mekulo.com\\\/dk\\\/#\\\/schema\\\/logo\\\/image\\\/\",\"url\":\"https:\\\/\\\/mekulo.com\\\/dk\\\/wp-content\\\/uploads\\\/sites\\\/12\\\/2025\\\/12\\\/favicon_mekulo.png\",\"contentUrl\":\"https:\\\/\\\/mekulo.com\\\/dk\\\/wp-content\\\/uploads\\\/sites\\\/12\\\/2025\\\/12\\\/favicon_mekulo.png\",\"width\":50,\"height\":50,\"caption\":\"Mekulo\"},\"image\":{\"@id\":\"https:\\\/\\\/mekulo.com\\\/dk\\\/#\\\/schema\\\/logo\\\/image\\\/\"}}]}<\/script>\n<!-- \/ Yoast SEO plugin. -->","yoast_head_json":{"title":"St\u00f8jsvag h\u00e5rklipper til k\u00e6ledyr - Mekulo DK","robots":{"index":"index","follow":"follow","max-snippet":"max-snippet:-1","max-image-preview":"max-image-preview:large","max-video-preview":"max-video-preview:-1"},"canonical":"https:\/\/mekulo.com\/dk\/produkt\/stoejsvag-haarklipper-til-kaeledyr\/","og_locale":"da_DK","og_type":"article","og_title":"St\u00f8jsvag h\u00e5rklipper til k\u00e6ledyr - Mekulo DK","og_description":"\ud83d\udc3eDenne st\u00f8jsvage h\u00e5rklipper til k\u00e6ledyr hj\u00e6lper dig med at pleje dit k\u00e6ledyr derhjemme med lethed. \u2702\ufe0fThe St\u00f8jsvag motor holder k\u00e6ledyrene rolige, mens det keramiske blad klipper j\u00e6vnt uden at tr\u00e6kke i h\u00e5ret.Den stille drift reducerer stress og frygt under h\u00e5rklipning. Den er perfekt til hurtige opfriskninger eller hele plejesessioner derhjemme. \ud83d\udc15Nyd nem, stille og sikker pelspleje uden dyre salonbes\u00f8g.","og_url":"https:\/\/mekulo.com\/dk\/produkt\/stoejsvag-haarklipper-til-kaeledyr\/","og_site_name":"Mekulo DK","article_modified_time":"2026-02-13T06:10:30+00:00","og_image":[{"width":960,"height":960,"url":"https:\/\/mekulo.com\/dk\/wp-content\/uploads\/sites\/12\/2026\/02\/o491y65-1.jpg","type":"image\/jpeg"}],"twitter_card":"summary_large_image","twitter_misc":{"Estimeret l\u00e6setid":"2 minutter"},"schema":{"@context":"https:\/\/schema.org","@graph":[{"@type":"WebPage","@id":"https:\/\/mekulo.com\/dk\/produkt\/stoejsvag-haarklipper-til-kaeledyr\/","url":"https:\/\/mekulo.com\/dk\/produkt\/stoejsvag-haarklipper-til-kaeledyr\/","name":"St\u00f8jsvag h\u00e5rklipper til k\u00e6ledyr - Mekulo DK","isPartOf":{"@id":"https:\/\/mekulo.com\/dk\/#website"},"primaryImageOfPage":{"@id":"https:\/\/mekulo.com\/dk\/produkt\/stoejsvag-haarklipper-til-kaeledyr\/#primaryimage"},"image":{"@id":"https:\/\/mekulo.com\/dk\/produkt\/stoejsvag-haarklipper-til-kaeledyr\/#primaryimage"},"thumbnailUrl":"https:\/\/mekulo.com\/dk\/wp-content\/uploads\/sites\/12\/2026\/02\/o491y65-1.jpg","datePublished":"2026-02-12T18:19:35+00:00","dateModified":"2026-02-13T06:10:30+00:00","breadcrumb":{"@id":"https:\/\/mekulo.com\/dk\/produkt\/stoejsvag-haarklipper-til-kaeledyr\/#breadcrumb"},"inLanguage":"da-DK","potentialAction":[{"@type":"ReadAction","target":["https:\/\/mekulo.com\/dk\/produkt\/stoejsvag-haarklipper-til-kaeledyr\/"]}]},{"@type":"ImageObject","inLanguage":"da-DK","@id":"https:\/\/mekulo.com\/dk\/produkt\/stoejsvag-haarklipper-til-kaeledyr\/#primaryimage","url":"https:\/\/mekulo.com\/dk\/wp-content\/uploads\/sites\/12\/2026\/02\/o491y65-1.jpg","contentUrl":"https:\/\/mekulo.com\/dk\/wp-content\/uploads\/sites\/12\/2026\/02\/o491y65-1.jpg","width":960,"height":960},{"@type":"BreadcrumbList","@id":"https:\/\/mekulo.com\/dk\/produkt\/stoejsvag-haarklipper-til-kaeledyr\/#breadcrumb","itemListElement":[{"@type":"ListItem","position":1,"name":"Home","item":"https:\/\/mekulo.com\/dk\/"},{"@type":"ListItem","position":2,"name":"Butik","item":"https:\/\/mekulo.com\/dk\/butik\/"},{"@type":"ListItem","position":3,"name":"St\u00f8jsvag h\u00e5rklipper til k\u00e6ledyr"}]},{"@type":"WebSite","@id":"https:\/\/mekulo.com\/dk\/#website","url":"https:\/\/mekulo.com\/dk\/","name":"Mekulo DK","description":"","publisher":{"@id":"https:\/\/mekulo.com\/dk\/#organization"},"potentialAction":[{"@type":"SearchAction","target":{"@type":"EntryPoint","urlTemplate":"https:\/\/mekulo.com\/dk\/?s={search_term_string}"},"query-input":{"@type":"PropertyValueSpecification","valueRequired":true,"valueName":"search_term_string"}}],"inLanguage":"da-DK"},{"@type":"Organization","@id":"https:\/\/mekulo.com\/dk\/#organization","name":"Mekulo","url":"https:\/\/mekulo.com\/dk\/","logo":{"@type":"ImageObject","inLanguage":"da-DK","@id":"https:\/\/mekulo.com\/dk\/#\/schema\/logo\/image\/","url":"https:\/\/mekulo.com\/dk\/wp-content\/uploads\/sites\/12\/2025\/12\/favicon_mekulo.png","contentUrl":"https:\/\/mekulo.com\/dk\/wp-content\/uploads\/sites\/12\/2025\/12\/favicon_mekulo.png","width":50,"height":50,"caption":"Mekulo"},"image":{"@id":"https:\/\/mekulo.com\/dk\/#\/schema\/logo\/image\/"}}]}},"_links":{"self":[{"href":"https:\/\/mekulo.com\/dk\/wp-json\/wp\/v2\/product\/23890","targetHints":{"allow":["GET"]}}],"collection":[{"href":"https:\/\/mekulo.com\/dk\/wp-json\/wp\/v2\/product"}],"about":[{"href":"https:\/\/mekulo.com\/dk\/wp-json\/wp\/v2\/types\/product"}],"replies":[{"embeddable":true,"href":"https:\/\/mekulo.com\/dk\/wp-json\/wp\/v2\/comments?post=23890"}],"wp:featuredmedia":[{"embeddable":true,"href":"https:\/\/mekulo.com\/dk\/wp-json\/wp\/v2\/media\/23886"}],"wp:attachment":[{"href":"https:\/\/mekulo.com\/dk\/wp-json\/wp\/v2\/media?parent=23890"}],"wp:term":[{"taxonomy":"product_brand","embeddable":true,"href":"https:\/\/mekulo.com\/dk\/wp-json\/wp\/v2\/product_brand?post=23890"},{"taxonomy":"product_cat","embeddable":true,"href":"https:\/\/mekulo.com\/dk\/wp-json\/wp\/v2\/product_cat?post=23890"},{"taxonomy":"product_tag","embeddable":true,"href":"https:\/\/mekulo.com\/dk\/wp-json\/wp\/v2\/product_tag?post=23890"}],"curies":[{"name":"wp","href":"https:\/\/api.w.org\/{rel}","templated":true}]}}